{"id":150433,"date":"2026-04-15T16:35:47","date_gmt":"2026-04-15T16:35:47","guid":{"rendered":"https:\/\/rfiddepo.com\/?post_type=product&#038;p=150433"},"modified":"2026-04-15T18:27:41","modified_gmt":"2026-04-15T18:27:41","slug":"zebra-tc22r-rfid-el-terminali","status":"publish","type":"product","link":"https:\/\/rfiddepo.com\/en\/urunlerimiz\/zebra-tc22r-rfid-el-terminali\/","title":{"rendered":"Zebra TC22R RFID Handheld Terminal"},"content":{"rendered":"<table class=\"blueTable\">\n<tbody>\n<tr>\n<td>Feature<\/td>\n<td>Explanation<\/td>\n<\/tr>\n<tr>\n<td>RFID Performance<\/td>\n<td>1,300 labels per second<\/td>\n<\/tr>\n<tr>\n<td>Reading Range<\/td>\n<td>Up to 24 meters (80 ft)<\/td>\n<\/tr>\n<tr>\n<td>Operating System<\/td>\n<td>Android-based<\/td>\n<\/tr>\n<tr>\n<td>Connection<\/td>\n<td>Bluetooth 5.2, Wi-Fi 6 (802.11ax)<\/td>\n<\/tr>\n<tr>\n<td>Durability<\/td>\n<td>Can withstand a fall from a height of 1.5 meters<\/td>\n<\/tr>\n<tr>\n<td>Protection<\/td>\n<td>IP65 \u2013 Water and dust resistant<\/td>\n<\/tr>\n<tr>\n<td>Operating Temperature<\/td>\n<td>-10\u00b0F to +50\u00b0F<\/td>\n<\/tr>\n<tr>\n<td>Areas of Use<\/td>\n<td>Inventory management, point-of-sale (POS), asset tracking<\/td>\n<\/tr>\n<tr>\n<td>Brand<\/td>\n<td><a href=\"\/marka\/zebra\/\"><img decoding=\"async\" src=\"https:\/\/rfiddepoweb.workindigi.com\/wp-content\/uploads\/2024\/01\/zebra-e1549754053350-1.webp\" \/><\/a><\/td>\n<\/tr>\n<\/tbody>\n<\/table>\n<h2>Technical Specifications:<\/h2>\n<ul>\n<li><strong>RFID Performance:<\/strong> 1,300 labels per second<\/li>\n<li><strong>Reading Range:<\/strong> Up to 24 meters<\/li>\n<li><strong>Operating System:<\/strong> Android-based, with extensive application support<\/li>\n<li><strong>Connection:<\/strong> Support for Bluetooth 5.2 and Wi-Fi 6<\/li>\n<li><strong>Durability:<\/strong> Can withstand drops of up to 1.5 meters<\/li>\n<li><strong>Protection:<\/strong> IP65 water and dust protection<\/li>\n<li><strong>Operating Temperature<\/strong> -10\u00b0F to +50\u00b0F<\/li>\n<\/ul>\n<h2>Areas of Use:<\/h2>\n<ul>\n<li><strong>Inventory Management:<\/strong> Quick and accurate tracking of warehouse and store inventory<\/li>\n<li><strong>Point of Sale (POS):<\/strong> Product inspection and streamlined processing procedures<\/li>\n<li><strong>Asset Tracking:<\/strong> Real-time tracking of fixed assets and equipment<\/li>\n<\/ul>\n<p class=\" translation-block\"><strong>The Zebra TC22R Integrated Handheld RFID Reader<\/strong>, offered exclusively by rfiddepo.com<\/strong>, features a lightweight and ergonomic design that ensures maximum comfort during extended use. With its powerful RFID performance and advanced connectivity features, it delivers speed, accuracy, and efficiency to your business. Contact us for more information and a quote.<\/p>","protected":false},"excerpt":{"rendered":"<p data-start=\"2596\" data-end=\"2715\">The Zebra TC22R simplifies mobile data collection and inventory management with its lightweight design and powerful RFID performance.<\/p>\n<div class=\"datasheet\"><a href=\"\/wp-content\/uploads\/2026\/04\/tc22r_en.pdf\" target=\"_blank\" class=\"datasheet-btn\" rel=\"noopener\"><br \/>\n\ud83d\udcc4 Datasheet<br \/>\n<\/a><\/div>","protected":false},"featured_media":150453,"comment_status":"closed","ping_status":"closed","template":"","meta":{"_monsterinsights_skip_tracking":false,"_monsterinsights_sitenote_active":false,"_monsterinsights_sitenote_note":"","_monsterinsights_sitenote_category":0},"product_brand":[250],"product_cat":[63],"product_tag":[197,193,194,195,196],"class_list":{"0":"post-150433","1":"product","2":"type-product","3":"status-publish","4":"has-post-thumbnail","6":"product_brand-zebra","7":"product_cat-rfid-el-terminali","8":"product_tag-android-el-terminali","9":"product_tag-rfid-el-terminali","10":"product_tag-rfid-mobil-okuyucu","11":"product_tag-rfid-mobil-reader","12":"product_tag-uhf-rfid-el-terminali","14":"first","15":"instock","16":"shipping-taxable","17":"purchasable","18":"product-type-simple"},"yoast_head":"<!-- This site is optimized with the Yoast SEO plugin v26.6 - https:\/\/yoast.com\/wordpress\/plugins\/seo\/ -->\n<title>Zebra TC22R RFID El Terminali - RFID Depo<\/title>\n<meta name=\"description\" content=\"Zebra TC22R RFID el terminali; 1300 etiket\/sn okuma h\u0131z\u0131, 24 metre menzil ve Android tabanl\u0131 yap\u0131s\u0131 ile envanter ve saha operasyonlar\u0131nda y\u00fcksek verimlilik sa\u011flar.\" \/>\n<meta name=\"robots\" content=\"index, follow, max-snippet:-1, max-image-preview:large, max-video-preview:-1\" \/>\n<link rel=\"canonical\" href=\"https:\/\/rfiddepo.com\/en\/urunlerimiz\/zebra-tc22r-rfid-el-terminali\/\" \/>\n<meta property=\"og:locale\" content=\"en_US\" \/>\n<meta property=\"og:type\" content=\"article\" \/>\n<meta property=\"og:title\" content=\"Zebra TC22R RFID El Terminali - RFID Depo\" \/>\n<meta property=\"og:description\" content=\"Zebra TC22R RFID el terminali; 1300 etiket\/sn okuma h\u0131z\u0131, 24 metre menzil ve Android tabanl\u0131 yap\u0131s\u0131 ile envanter ve saha operasyonlar\u0131nda y\u00fcksek verimlilik sa\u011flar.\" \/>\n<meta property=\"og:url\" content=\"https:\/\/rfiddepo.com\/en\/urunlerimiz\/zebra-tc22r-rfid-el-terminali\/\" \/>\n<meta property=\"og:site_name\" content=\"RFID Depo\" \/>\n<meta property=\"article:modified_time\" content=\"2026-04-15T18:27:41+00:00\" \/>\n<meta property=\"og:image\" content=\"https:\/\/rfiddepo.com\/wp-content\/uploads\/2026\/04\/tc22r-photography-website-front-left-top-facing-with-shadow-3x2-3600.jpg\" \/>\n\t<meta property=\"og:image:width\" content=\"1200\" \/>\n\t<meta property=\"og:image:height\" content=\"800\" \/>\n\t<meta property=\"og:image:type\" content=\"image\/jpeg\" \/>\n<meta name=\"twitter:card\" content=\"summary_large_image\" \/>\n<meta name=\"twitter:label1\" content=\"Est. reading time\" \/>\n\t<meta name=\"twitter:data1\" content=\"2 minutes\" \/>\n<script type=\"application\/ld+json\" class=\"yoast-schema-graph\">{\"@context\":\"https:\/\/schema.org\",\"@graph\":[{\"@type\":\"WebPage\",\"@id\":\"https:\/\/rfiddepo.com\/en\/urunlerimiz\/zebra-tc22r-rfid-el-terminali\/\",\"url\":\"https:\/\/rfiddepo.com\/en\/urunlerimiz\/zebra-tc22r-rfid-el-terminali\/\",\"name\":\"Zebra TC22R RFID El Terminali - RFID Depo\",\"isPartOf\":{\"@id\":\"https:\/\/rfiddepo.com\/en\/#website\"},\"primaryImageOfPage\":{\"@id\":\"https:\/\/rfiddepo.com\/en\/urunlerimiz\/zebra-tc22r-rfid-el-terminali\/#primaryimage\"},\"image\":{\"@id\":\"https:\/\/rfiddepo.com\/en\/urunlerimiz\/zebra-tc22r-rfid-el-terminali\/#primaryimage\"},\"thumbnailUrl\":\"https:\/\/rfiddepo.com\/wp-content\/uploads\/2026\/04\/tc22r-photography-website-front-left-top-facing-with-shadow-3x2-3600.jpg\",\"datePublished\":\"2026-04-15T16:35:47+00:00\",\"dateModified\":\"2026-04-15T18:27:41+00:00\",\"description\":\"Zebra TC22R RFID el terminali; 1300 etiket\/sn okuma h\u0131z\u0131, 24 metre menzil ve Android tabanl\u0131 yap\u0131s\u0131 ile envanter ve saha operasyonlar\u0131nda y\u00fcksek verimlilik sa\u011flar.\",\"breadcrumb\":{\"@id\":\"https:\/\/rfiddepo.com\/en\/urunlerimiz\/zebra-tc22r-rfid-el-terminali\/#breadcrumb\"},\"inLanguage\":\"en-US\",\"potentialAction\":[{\"@type\":\"ReadAction\",\"target\":[\"https:\/\/rfiddepo.com\/en\/urunlerimiz\/zebra-tc22r-rfid-el-terminali\/\"]}]},{\"@type\":\"ImageObject\",\"inLanguage\":\"en-US\",\"@id\":\"https:\/\/rfiddepo.com\/en\/urunlerimiz\/zebra-tc22r-rfid-el-terminali\/#primaryimage\",\"url\":\"https:\/\/rfiddepo.com\/wp-content\/uploads\/2026\/04\/tc22r-photography-website-front-left-top-facing-with-shadow-3x2-3600.jpg\",\"contentUrl\":\"https:\/\/rfiddepo.com\/wp-content\/uploads\/2026\/04\/tc22r-photography-website-front-left-top-facing-with-shadow-3x2-3600.jpg\",\"width\":1200,\"height\":800},{\"@type\":\"BreadcrumbList\",\"@id\":\"https:\/\/rfiddepo.com\/en\/urunlerimiz\/zebra-tc22r-rfid-el-terminali\/#breadcrumb\",\"itemListElement\":[{\"@type\":\"ListItem\",\"position\":1,\"name\":\"Anasayfa\",\"item\":\"https:\/\/rfiddepo.com\/en\/\"},{\"@type\":\"ListItem\",\"position\":2,\"name\":\"Urunler\",\"item\":\"https:\/\/rfiddepo.com\/urunler\/\"},{\"@type\":\"ListItem\",\"position\":3,\"name\":\"Zebra TC22R RFID El Terminali\"}]},{\"@type\":\"WebSite\",\"@id\":\"https:\/\/rfiddepo.com\/en\/#website\",\"url\":\"https:\/\/rfiddepo.com\/en\/\",\"name\":\"RFID Depo\",\"description\":\"\",\"publisher\":{\"@id\":\"https:\/\/rfiddepo.com\/en\/#organization\"},\"potentialAction\":[{\"@type\":\"SearchAction\",\"target\":{\"@type\":\"EntryPoint\",\"urlTemplate\":\"https:\/\/rfiddepo.com\/en\/?s={search_term_string}\"},\"query-input\":{\"@type\":\"PropertyValueSpecification\",\"valueRequired\":true,\"valueName\":\"search_term_string\"}}],\"inLanguage\":\"en-US\"},{\"@type\":\"Organization\",\"@id\":\"https:\/\/rfiddepo.com\/en\/#organization\",\"name\":\"%%sitename%%\",\"url\":\"https:\/\/rfiddepo.com\/en\/\",\"logo\":{\"@type\":\"ImageObject\",\"inLanguage\":\"en-US\",\"@id\":\"https:\/\/rfiddepo.com\/en\/#\/schema\/logo\/image\/\",\"url\":\"https:\/\/rfiddepo.com\/wp-content\/uploads\/2025\/09\/rfiddepo-logo.png\",\"contentUrl\":\"https:\/\/rfiddepo.com\/wp-content\/uploads\/2025\/09\/rfiddepo-logo.png\",\"width\":500,\"height\":106,\"caption\":\"%%sitename%%\"},\"image\":{\"@id\":\"https:\/\/rfiddepo.com\/en\/#\/schema\/logo\/image\/\"}}]}<\/script>\n<!-- \/ Yoast SEO plugin. -->","yoast_head_json":{"title":"Zebra TC22R RFID El Terminali - RFID Depo","description":"Zebra TC22R RFID el terminali; 1300 etiket\/sn okuma h\u0131z\u0131, 24 metre menzil ve Android tabanl\u0131 yap\u0131s\u0131 ile envanter ve saha operasyonlar\u0131nda y\u00fcksek verimlilik sa\u011flar.","robots":{"index":"index","follow":"follow","max-snippet":"max-snippet:-1","max-image-preview":"max-image-preview:large","max-video-preview":"max-video-preview:-1"},"canonical":"https:\/\/rfiddepo.com\/en\/urunlerimiz\/zebra-tc22r-rfid-el-terminali\/","og_locale":"en_US","og_type":"article","og_title":"Zebra TC22R RFID El Terminali - RFID Depo","og_description":"Zebra TC22R RFID el terminali; 1300 etiket\/sn okuma h\u0131z\u0131, 24 metre menzil ve Android tabanl\u0131 yap\u0131s\u0131 ile envanter ve saha operasyonlar\u0131nda y\u00fcksek verimlilik sa\u011flar.","og_url":"https:\/\/rfiddepo.com\/en\/urunlerimiz\/zebra-tc22r-rfid-el-terminali\/","og_site_name":"RFID Depo","article_modified_time":"2026-04-15T18:27:41+00:00","og_image":[{"width":1200,"height":800,"url":"https:\/\/rfiddepo.com\/wp-content\/uploads\/2026\/04\/tc22r-photography-website-front-left-top-facing-with-shadow-3x2-3600.jpg","type":"image\/jpeg"}],"twitter_card":"summary_large_image","twitter_misc":{"Est. reading time":"2 minutes"},"schema":{"@context":"https:\/\/schema.org","@graph":[{"@type":"WebPage","@id":"https:\/\/rfiddepo.com\/en\/urunlerimiz\/zebra-tc22r-rfid-el-terminali\/","url":"https:\/\/rfiddepo.com\/en\/urunlerimiz\/zebra-tc22r-rfid-el-terminali\/","name":"Zebra TC22R RFID El Terminali - RFID Depo","isPartOf":{"@id":"https:\/\/rfiddepo.com\/en\/#website"},"primaryImageOfPage":{"@id":"https:\/\/rfiddepo.com\/en\/urunlerimiz\/zebra-tc22r-rfid-el-terminali\/#primaryimage"},"image":{"@id":"https:\/\/rfiddepo.com\/en\/urunlerimiz\/zebra-tc22r-rfid-el-terminali\/#primaryimage"},"thumbnailUrl":"https:\/\/rfiddepo.com\/wp-content\/uploads\/2026\/04\/tc22r-photography-website-front-left-top-facing-with-shadow-3x2-3600.jpg","datePublished":"2026-04-15T16:35:47+00:00","dateModified":"2026-04-15T18:27:41+00:00","description":"Zebra TC22R RFID el terminali; 1300 etiket\/sn okuma h\u0131z\u0131, 24 metre menzil ve Android tabanl\u0131 yap\u0131s\u0131 ile envanter ve saha operasyonlar\u0131nda y\u00fcksek verimlilik sa\u011flar.","breadcrumb":{"@id":"https:\/\/rfiddepo.com\/en\/urunlerimiz\/zebra-tc22r-rfid-el-terminali\/#breadcrumb"},"inLanguage":"en-US","potentialAction":[{"@type":"ReadAction","target":["https:\/\/rfiddepo.com\/en\/urunlerimiz\/zebra-tc22r-rfid-el-terminali\/"]}]},{"@type":"ImageObject","inLanguage":"en-US","@id":"https:\/\/rfiddepo.com\/en\/urunlerimiz\/zebra-tc22r-rfid-el-terminali\/#primaryimage","url":"https:\/\/rfiddepo.com\/wp-content\/uploads\/2026\/04\/tc22r-photography-website-front-left-top-facing-with-shadow-3x2-3600.jpg","contentUrl":"https:\/\/rfiddepo.com\/wp-content\/uploads\/2026\/04\/tc22r-photography-website-front-left-top-facing-with-shadow-3x2-3600.jpg","width":1200,"height":800},{"@type":"BreadcrumbList","@id":"https:\/\/rfiddepo.com\/en\/urunlerimiz\/zebra-tc22r-rfid-el-terminali\/#breadcrumb","itemListElement":[{"@type":"ListItem","position":1,"name":"Anasayfa","item":"https:\/\/rfiddepo.com\/en\/"},{"@type":"ListItem","position":2,"name":"Urunler","item":"https:\/\/rfiddepo.com\/urunler\/"},{"@type":"ListItem","position":3,"name":"Zebra TC22R RFID El Terminali"}]},{"@type":"WebSite","@id":"https:\/\/rfiddepo.com\/en\/#website","url":"https:\/\/rfiddepo.com\/en\/","name":"RFID Depo","description":"","publisher":{"@id":"https:\/\/rfiddepo.com\/en\/#organization"},"potentialAction":[{"@type":"SearchAction","target":{"@type":"EntryPoint","urlTemplate":"https:\/\/rfiddepo.com\/en\/?s={search_term_string}"},"query-input":{"@type":"PropertyValueSpecification","valueRequired":true,"valueName":"search_term_string"}}],"inLanguage":"en-US"},{"@type":"Organization","@id":"https:\/\/rfiddepo.com\/en\/#organization","name":"%%sitename%%","url":"https:\/\/rfiddepo.com\/en\/","logo":{"@type":"ImageObject","inLanguage":"en-US","@id":"https:\/\/rfiddepo.com\/en\/#\/schema\/logo\/image\/","url":"https:\/\/rfiddepo.com\/wp-content\/uploads\/2025\/09\/rfiddepo-logo.png","contentUrl":"https:\/\/rfiddepo.com\/wp-content\/uploads\/2025\/09\/rfiddepo-logo.png","width":500,"height":106,"caption":"%%sitename%%"},"image":{"@id":"https:\/\/rfiddepo.com\/en\/#\/schema\/logo\/image\/"}}]}},"_links":{"self":[{"href":"https:\/\/rfiddepo.com\/en\/wp-json\/wp\/v2\/product\/150433","targetHints":{"allow":["GET"]}}],"collection":[{"href":"https:\/\/rfiddepo.com\/en\/wp-json\/wp\/v2\/product"}],"about":[{"href":"https:\/\/rfiddepo.com\/en\/wp-json\/wp\/v2\/types\/product"}],"replies":[{"embeddable":true,"href":"https:\/\/rfiddepo.com\/en\/wp-json\/wp\/v2\/comments?post=150433"}],"wp:featuredmedia":[{"embeddable":true,"href":"https:\/\/rfiddepo.com\/en\/wp-json\/wp\/v2\/media\/150453"}],"wp:attachment":[{"href":"https:\/\/rfiddepo.com\/en\/wp-json\/wp\/v2\/media?parent=150433"}],"wp:term":[{"taxonomy":"product_brand","embeddable":true,"href":"https:\/\/rfiddepo.com\/en\/wp-json\/wp\/v2\/product_brand?post=150433"},{"taxonomy":"product_cat","embeddable":true,"href":"https:\/\/rfiddepo.com\/en\/wp-json\/wp\/v2\/product_cat?post=150433"},{"taxonomy":"product_tag","embeddable":true,"href":"https:\/\/rfiddepo.com\/en\/wp-json\/wp\/v2\/product_tag?post=150433"}],"curies":[{"name":"wp","href":"https:\/\/api.w.org\/{rel}","templated":true}]}}