{"id":150421,"date":"2026-04-15T16:16:35","date_gmt":"2026-04-15T16:16:35","guid":{"rendered":"https:\/\/rfiddepo.com\/?post_type=product&#038;p=150421"},"modified":"2026-04-15T16:21:06","modified_gmt":"2026-04-15T16:21:06","slug":"sato-cl4nx-plus-rfid-yazici","status":"publish","type":"product","link":"https:\/\/rfiddepo.com\/en\/urunlerimiz\/sato-cl4nx-plus-rfid-yazici\/","title":{"rendered":"Sato CL4NX Plus RFID Printer"},"content":{"rendered":"<table class=\"blueTable\">\n<tbody>\n<tr>\n<td><strong>Product Name<\/strong><\/td>\n<td>SATO CL4NX Plus Industrial Barcode Printer<\/td>\n<\/tr>\n<tr>\n<td><strong>Printing Technology<\/strong><\/td>\n<td>Direct Thermal \/ Thermal Transfer<\/td>\n<\/tr>\n<tr>\n<td><strong>Print Width<\/strong><\/td>\n<td>104 mm (4.09&#8243;)<\/td>\n<\/tr>\n<tr>\n<td><strong>Resolution<\/strong><\/td>\n<td>203, 305, 609 dpi<\/td>\n<\/tr>\n<tr>\n<td><strong>Print Speed<\/strong><\/td>\n<td>\n<div class=\"spec-content\">\n6 ips (152 mm\/s) \u2013 14 ips (355 mm\/s)\n<\/div>\n<\/td>\n<\/tr>\n<tr>\n<td><strong>Screen<\/strong><\/td>\n<td>3.5-inch full-color TFT LCD screen<\/td>\n<\/tr>\n<tr>\n<td><strong>Aray\u00fczler<\/strong><\/td>\n<td>USB 2.0, Ethernet (IPv4\/v6), RS232C, IEEE1284, NFC, Harici I\/O<\/td>\n<\/tr>\n<tr>\n<td><strong>Memory<\/strong><\/td>\n<td>2 GB Flash ROM, 256 MB RAM<\/td>\n<\/tr>\n<tr>\n<td><strong>Dimensions (H x W x D)<\/strong><\/td>\n<td>271 x 457 x 321 mm<\/td>\n<\/tr>\n<tr>\n<td><strong>Features<\/strong><\/td>\n<td>Tool-free maintenance, micro-label mode, smart print head, preventive maintenance support<\/td>\n<\/tr>\n<tr>\n<td><strong>Areas of Use<\/strong><\/td>\n<td>Textiles, retail, warehousing, logistics, manufacturing, and asset tracking<\/td>\n<\/tr>\n<tr>\n<td><strong>Brand<\/strong><\/td>\n<td><a href=\"\/marka\/sato\/\"><img decoding=\"async\" src=\"https:\/\/rfiddepoweb.workindigi.com\/wp-content\/uploads\/2024\/01\/logo-onsite.1697220238.svg\" \/><\/a><\/td>\n<\/tr>\n<\/tbody>\n<\/table>\n<h2 style=\"font-size: 25px;\">SATO CL4NX Plus Industrial Barcode Printer<\/h2>\n<p>The SATO CL4NX Plus industrial barcode printer combines high performance, ease of use, and advanced technologies to provide a robust labeling solution for businesses. With a wide range of resolution options from 203 dpi to 609 dpi and a print width of 104 mm, it adapts to a variety of applications. Thanks to its robust construction and user-friendly interface, it delivers uninterrupted and reliable performance in demanding industrial environments.<\/p>\n<h3 style=\"font-size: 25px;\">Key Features<\/h3>\n<ul>\n<li>Quick and easy servicing with tool-free maintenance<\/li>\n<li>High precision on small labels with micro-label mode<\/li>\n<li>Smart print head and preventive maintenance technology<\/li>\n<li>Easy integration with a wide range of connectivity options<\/li>\n<li>User-friendly operation with a full-color LCD screen<\/li>\n<\/ul>\n<h3 style=\"font-size: 25px;\">Industrial Barcode Printer<\/h3>\n<p>The SATO CL4NX Plus is a powerful industrial printer designed for high-volume printing needs. With its advanced data processing capabilities and high print speed, it ensures maximum efficiency in manufacturing, logistics, and warehouse operations. Its durable construction and smart maintenance features ensure long-lasting and uninterrupted operation.<\/p>","protected":false},"excerpt":{"rendered":"<p>SATO's CLNX Series has set a new and exciting industry standard for ease of use, intelligence, print quality, connectivity, data processing speed, user interface, and much more. Designed with the operator and productivity in mind, the CLNX is built with integrity and will exceed your expectations for today's printing technology.<\/p>\n<div class=\"datasheet\"><a href=\"\/wp-content\/uploads\/2026\/04\/ds-cl4nx-plus.pdf\" target=\"_blank\" class=\"datasheet-btn\" rel=\"noopener\"><br \/>\n\ud83d\udcc4 Datasheet<br \/>\n<\/a><\/div>","protected":false},"featured_media":147439,"comment_status":"closed","ping_status":"closed","template":"","meta":{"_monsterinsights_skip_tracking":false,"_monsterinsights_sitenote_active":false,"_monsterinsights_sitenote_note":"","_monsterinsights_sitenote_category":0},"product_brand":[258],"product_cat":[77],"product_tag":[251,259,252,253,260,222],"class_list":{"0":"post-150421","1":"product","2":"type-product","3":"status-publish","4":"has-post-thumbnail","6":"product_brand-sato","7":"product_cat-rfid-yazici-ve-kodlayicilar","8":"product_tag-rfid-kodlayici","9":"product_tag-rfid-sato-yazici","10":"product_tag-rfid-yazici","11":"product_tag-rfid-yazici-ve-kodlayici","12":"product_tag-sato-cl4nx-rfid-yazici-ve-kodlayici","13":"product_tag-sato-rfid-printer","15":"first","16":"instock","17":"shipping-taxable","18":"purchasable","19":"product-type-simple"},"yoast_head":"<!-- This site is optimized with the Yoast SEO plugin v26.6 - https:\/\/yoast.com\/wordpress\/plugins\/seo\/ -->\n<title>Sato CL4NX Plus RFID Yaz\u0131c\u0131 - RFID Depo<\/title>\n<meta name=\"description\" content=\"SATO CL4NX Plus barkod yaz\u0131c\u0131; y\u00fcksek \u00e7\u00f6z\u00fcn\u00fcrl\u00fck, h\u0131zl\u0131 bask\u0131 ve geli\u015fmi\u015f bak\u0131m \u00f6zellikleri ile end\u00fcstriyel etiketleme s\u00fcre\u00e7lerinde maksimum verimlilik sa\u011flar.\" \/>\n<meta name=\"robots\" content=\"index, follow, max-snippet:-1, max-image-preview:large, max-video-preview:-1\" \/>\n<link rel=\"canonical\" href=\"https:\/\/rfiddepo.com\/en\/urunlerimiz\/sato-cl4nx-plus-rfid-yazici\/\" \/>\n<meta property=\"og:locale\" content=\"en_US\" \/>\n<meta property=\"og:type\" content=\"article\" \/>\n<meta property=\"og:title\" content=\"Sato CL4NX Plus RFID Yaz\u0131c\u0131 - RFID Depo\" \/>\n<meta property=\"og:description\" content=\"SATO CL4NX Plus barkod yaz\u0131c\u0131; y\u00fcksek \u00e7\u00f6z\u00fcn\u00fcrl\u00fck, h\u0131zl\u0131 bask\u0131 ve geli\u015fmi\u015f bak\u0131m \u00f6zellikleri ile end\u00fcstriyel etiketleme s\u00fcre\u00e7lerinde maksimum verimlilik sa\u011flar.\" \/>\n<meta property=\"og:url\" content=\"https:\/\/rfiddepo.com\/en\/urunlerimiz\/sato-cl4nx-plus-rfid-yazici\/\" \/>\n<meta property=\"og:site_name\" content=\"RFID Depo\" \/>\n<meta property=\"article:modified_time\" content=\"2026-04-15T16:21:06+00:00\" \/>\n<meta property=\"og:image\" content=\"https:\/\/rfiddepo.com\/wp-content\/uploads\/2025\/09\/sato-cl4nx-rfid-yazici.jpg\" \/>\n\t<meta property=\"og:image:width\" content=\"700\" \/>\n\t<meta property=\"og:image:height\" content=\"660\" \/>\n\t<meta property=\"og:image:type\" content=\"image\/jpeg\" \/>\n<meta name=\"twitter:card\" content=\"summary_large_image\" \/>\n<meta name=\"twitter:label1\" content=\"Est. reading time\" \/>\n\t<meta name=\"twitter:data1\" content=\"2 minutes\" \/>\n<script type=\"application\/ld+json\" class=\"yoast-schema-graph\">{\"@context\":\"https:\/\/schema.org\",\"@graph\":[{\"@type\":\"WebPage\",\"@id\":\"https:\/\/rfiddepo.com\/en\/urunlerimiz\/sato-cl4nx-plus-rfid-yazici\/\",\"url\":\"https:\/\/rfiddepo.com\/en\/urunlerimiz\/sato-cl4nx-plus-rfid-yazici\/\",\"name\":\"Sato CL4NX Plus RFID Yaz\u0131c\u0131 - RFID Depo\",\"isPartOf\":{\"@id\":\"https:\/\/rfiddepo.com\/en\/#website\"},\"primaryImageOfPage\":{\"@id\":\"https:\/\/rfiddepo.com\/en\/urunlerimiz\/sato-cl4nx-plus-rfid-yazici\/#primaryimage\"},\"image\":{\"@id\":\"https:\/\/rfiddepo.com\/en\/urunlerimiz\/sato-cl4nx-plus-rfid-yazici\/#primaryimage\"},\"thumbnailUrl\":\"https:\/\/rfiddepo.com\/wp-content\/uploads\/2025\/09\/sato-cl4nx-rfid-yazici.jpg\",\"datePublished\":\"2026-04-15T16:16:35+00:00\",\"dateModified\":\"2026-04-15T16:21:06+00:00\",\"description\":\"SATO CL4NX Plus barkod yaz\u0131c\u0131; y\u00fcksek \u00e7\u00f6z\u00fcn\u00fcrl\u00fck, h\u0131zl\u0131 bask\u0131 ve geli\u015fmi\u015f bak\u0131m \u00f6zellikleri ile end\u00fcstriyel etiketleme s\u00fcre\u00e7lerinde maksimum verimlilik sa\u011flar.\",\"breadcrumb\":{\"@id\":\"https:\/\/rfiddepo.com\/en\/urunlerimiz\/sato-cl4nx-plus-rfid-yazici\/#breadcrumb\"},\"inLanguage\":\"en-US\",\"potentialAction\":[{\"@type\":\"ReadAction\",\"target\":[\"https:\/\/rfiddepo.com\/en\/urunlerimiz\/sato-cl4nx-plus-rfid-yazici\/\"]}]},{\"@type\":\"ImageObject\",\"inLanguage\":\"en-US\",\"@id\":\"https:\/\/rfiddepo.com\/en\/urunlerimiz\/sato-cl4nx-plus-rfid-yazici\/#primaryimage\",\"url\":\"https:\/\/rfiddepo.com\/wp-content\/uploads\/2025\/09\/sato-cl4nx-rfid-yazici.jpg\",\"contentUrl\":\"https:\/\/rfiddepo.com\/wp-content\/uploads\/2025\/09\/sato-cl4nx-rfid-yazici.jpg\",\"width\":700,\"height\":660},{\"@type\":\"BreadcrumbList\",\"@id\":\"https:\/\/rfiddepo.com\/en\/urunlerimiz\/sato-cl4nx-plus-rfid-yazici\/#breadcrumb\",\"itemListElement\":[{\"@type\":\"ListItem\",\"position\":1,\"name\":\"Anasayfa\",\"item\":\"https:\/\/rfiddepo.com\/en\/\"},{\"@type\":\"ListItem\",\"position\":2,\"name\":\"Urunler\",\"item\":\"https:\/\/rfiddepo.com\/urunler\/\"},{\"@type\":\"ListItem\",\"position\":3,\"name\":\"Sato CL4NX Plus RFID Yaz\u0131c\u0131\"}]},{\"@type\":\"WebSite\",\"@id\":\"https:\/\/rfiddepo.com\/en\/#website\",\"url\":\"https:\/\/rfiddepo.com\/en\/\",\"name\":\"RFID Depo\",\"description\":\"\",\"publisher\":{\"@id\":\"https:\/\/rfiddepo.com\/en\/#organization\"},\"potentialAction\":[{\"@type\":\"SearchAction\",\"target\":{\"@type\":\"EntryPoint\",\"urlTemplate\":\"https:\/\/rfiddepo.com\/en\/?s={search_term_string}\"},\"query-input\":{\"@type\":\"PropertyValueSpecification\",\"valueRequired\":true,\"valueName\":\"search_term_string\"}}],\"inLanguage\":\"en-US\"},{\"@type\":\"Organization\",\"@id\":\"https:\/\/rfiddepo.com\/en\/#organization\",\"name\":\"%%sitename%%\",\"url\":\"https:\/\/rfiddepo.com\/en\/\",\"logo\":{\"@type\":\"ImageObject\",\"inLanguage\":\"en-US\",\"@id\":\"https:\/\/rfiddepo.com\/en\/#\/schema\/logo\/image\/\",\"url\":\"https:\/\/rfiddepo.com\/wp-content\/uploads\/2025\/09\/rfiddepo-logo.png\",\"contentUrl\":\"https:\/\/rfiddepo.com\/wp-content\/uploads\/2025\/09\/rfiddepo-logo.png\",\"width\":500,\"height\":106,\"caption\":\"%%sitename%%\"},\"image\":{\"@id\":\"https:\/\/rfiddepo.com\/en\/#\/schema\/logo\/image\/\"}}]}<\/script>\n<!-- \/ Yoast SEO plugin. -->","yoast_head_json":{"title":"Sato CL4NX Plus RFID Yaz\u0131c\u0131 - RFID Depo","description":"SATO CL4NX Plus barkod yaz\u0131c\u0131; y\u00fcksek \u00e7\u00f6z\u00fcn\u00fcrl\u00fck, h\u0131zl\u0131 bask\u0131 ve geli\u015fmi\u015f bak\u0131m \u00f6zellikleri ile end\u00fcstriyel etiketleme s\u00fcre\u00e7lerinde maksimum verimlilik sa\u011flar.","robots":{"index":"index","follow":"follow","max-snippet":"max-snippet:-1","max-image-preview":"max-image-preview:large","max-video-preview":"max-video-preview:-1"},"canonical":"https:\/\/rfiddepo.com\/en\/urunlerimiz\/sato-cl4nx-plus-rfid-yazici\/","og_locale":"en_US","og_type":"article","og_title":"Sato CL4NX Plus RFID Yaz\u0131c\u0131 - RFID Depo","og_description":"SATO CL4NX Plus barkod yaz\u0131c\u0131; y\u00fcksek \u00e7\u00f6z\u00fcn\u00fcrl\u00fck, h\u0131zl\u0131 bask\u0131 ve geli\u015fmi\u015f bak\u0131m \u00f6zellikleri ile end\u00fcstriyel etiketleme s\u00fcre\u00e7lerinde maksimum verimlilik sa\u011flar.","og_url":"https:\/\/rfiddepo.com\/en\/urunlerimiz\/sato-cl4nx-plus-rfid-yazici\/","og_site_name":"RFID Depo","article_modified_time":"2026-04-15T16:21:06+00:00","og_image":[{"width":700,"height":660,"url":"https:\/\/rfiddepo.com\/wp-content\/uploads\/2025\/09\/sato-cl4nx-rfid-yazici.jpg","type":"image\/jpeg"}],"twitter_card":"summary_large_image","twitter_misc":{"Est. reading time":"2 minutes"},"schema":{"@context":"https:\/\/schema.org","@graph":[{"@type":"WebPage","@id":"https:\/\/rfiddepo.com\/en\/urunlerimiz\/sato-cl4nx-plus-rfid-yazici\/","url":"https:\/\/rfiddepo.com\/en\/urunlerimiz\/sato-cl4nx-plus-rfid-yazici\/","name":"Sato CL4NX Plus RFID Yaz\u0131c\u0131 - RFID Depo","isPartOf":{"@id":"https:\/\/rfiddepo.com\/en\/#website"},"primaryImageOfPage":{"@id":"https:\/\/rfiddepo.com\/en\/urunlerimiz\/sato-cl4nx-plus-rfid-yazici\/#primaryimage"},"image":{"@id":"https:\/\/rfiddepo.com\/en\/urunlerimiz\/sato-cl4nx-plus-rfid-yazici\/#primaryimage"},"thumbnailUrl":"https:\/\/rfiddepo.com\/wp-content\/uploads\/2025\/09\/sato-cl4nx-rfid-yazici.jpg","datePublished":"2026-04-15T16:16:35+00:00","dateModified":"2026-04-15T16:21:06+00:00","description":"SATO CL4NX Plus barkod yaz\u0131c\u0131; y\u00fcksek \u00e7\u00f6z\u00fcn\u00fcrl\u00fck, h\u0131zl\u0131 bask\u0131 ve geli\u015fmi\u015f bak\u0131m \u00f6zellikleri ile end\u00fcstriyel etiketleme s\u00fcre\u00e7lerinde maksimum verimlilik sa\u011flar.","breadcrumb":{"@id":"https:\/\/rfiddepo.com\/en\/urunlerimiz\/sato-cl4nx-plus-rfid-yazici\/#breadcrumb"},"inLanguage":"en-US","potentialAction":[{"@type":"ReadAction","target":["https:\/\/rfiddepo.com\/en\/urunlerimiz\/sato-cl4nx-plus-rfid-yazici\/"]}]},{"@type":"ImageObject","inLanguage":"en-US","@id":"https:\/\/rfiddepo.com\/en\/urunlerimiz\/sato-cl4nx-plus-rfid-yazici\/#primaryimage","url":"https:\/\/rfiddepo.com\/wp-content\/uploads\/2025\/09\/sato-cl4nx-rfid-yazici.jpg","contentUrl":"https:\/\/rfiddepo.com\/wp-content\/uploads\/2025\/09\/sato-cl4nx-rfid-yazici.jpg","width":700,"height":660},{"@type":"BreadcrumbList","@id":"https:\/\/rfiddepo.com\/en\/urunlerimiz\/sato-cl4nx-plus-rfid-yazici\/#breadcrumb","itemListElement":[{"@type":"ListItem","position":1,"name":"Anasayfa","item":"https:\/\/rfiddepo.com\/en\/"},{"@type":"ListItem","position":2,"name":"Urunler","item":"https:\/\/rfiddepo.com\/urunler\/"},{"@type":"ListItem","position":3,"name":"Sato CL4NX Plus RFID Yaz\u0131c\u0131"}]},{"@type":"WebSite","@id":"https:\/\/rfiddepo.com\/en\/#website","url":"https:\/\/rfiddepo.com\/en\/","name":"RFID Depo","description":"","publisher":{"@id":"https:\/\/rfiddepo.com\/en\/#organization"},"potentialAction":[{"@type":"SearchAction","target":{"@type":"EntryPoint","urlTemplate":"https:\/\/rfiddepo.com\/en\/?s={search_term_string}"},"query-input":{"@type":"PropertyValueSpecification","valueRequired":true,"valueName":"search_term_string"}}],"inLanguage":"en-US"},{"@type":"Organization","@id":"https:\/\/rfiddepo.com\/en\/#organization","name":"%%sitename%%","url":"https:\/\/rfiddepo.com\/en\/","logo":{"@type":"ImageObject","inLanguage":"en-US","@id":"https:\/\/rfiddepo.com\/en\/#\/schema\/logo\/image\/","url":"https:\/\/rfiddepo.com\/wp-content\/uploads\/2025\/09\/rfiddepo-logo.png","contentUrl":"https:\/\/rfiddepo.com\/wp-content\/uploads\/2025\/09\/rfiddepo-logo.png","width":500,"height":106,"caption":"%%sitename%%"},"image":{"@id":"https:\/\/rfiddepo.com\/en\/#\/schema\/logo\/image\/"}}]}},"_links":{"self":[{"href":"https:\/\/rfiddepo.com\/en\/wp-json\/wp\/v2\/product\/150421","targetHints":{"allow":["GET"]}}],"collection":[{"href":"https:\/\/rfiddepo.com\/en\/wp-json\/wp\/v2\/product"}],"about":[{"href":"https:\/\/rfiddepo.com\/en\/wp-json\/wp\/v2\/types\/product"}],"replies":[{"embeddable":true,"href":"https:\/\/rfiddepo.com\/en\/wp-json\/wp\/v2\/comments?post=150421"}],"wp:featuredmedia":[{"embeddable":true,"href":"https:\/\/rfiddepo.com\/en\/wp-json\/wp\/v2\/media\/147439"}],"wp:attachment":[{"href":"https:\/\/rfiddepo.com\/en\/wp-json\/wp\/v2\/media?parent=150421"}],"wp:term":[{"taxonomy":"product_brand","embeddable":true,"href":"https:\/\/rfiddepo.com\/en\/wp-json\/wp\/v2\/product_brand?post=150421"},{"taxonomy":"product_cat","embeddable":true,"href":"https:\/\/rfiddepo.com\/en\/wp-json\/wp\/v2\/product_cat?post=150421"},{"taxonomy":"product_tag","embeddable":true,"href":"https:\/\/rfiddepo.com\/en\/wp-json\/wp\/v2\/product_tag?post=150421"}],"curies":[{"name":"wp","href":"https:\/\/api.w.org\/{rel}","templated":true}]}}