{"id":150096,"date":"2025-11-14T08:52:39","date_gmt":"2025-11-14T08:52:39","guid":{"rendered":"https:\/\/rfiddepo.com\/?post_type=product&#038;p=150096"},"modified":"2025-12-15T07:49:32","modified_gmt":"2025-12-15T07:49:32","slug":"windshield-tp-dna","status":"publish","type":"product","link":"https:\/\/rfiddepo.com\/en\/urunlerimiz\/windshield-tp-dna\/","title":{"rendered":"Siva Iot Windshield TP DNA"},"content":{"rendered":"<table class=\"blueTable\">\n<tbody>\n<tr>\n<td><strong>Product Name<\/strong><\/td>\n<td>Windshield TP DNA<\/td>\n<\/tr>\n<tr>\n<td><strong>Building Type<\/strong><\/td>\n<td>UHF windshield label, tamper-proof and encrypted<\/td>\n<\/tr>\n<tr>\n<td><strong>Features<\/strong><\/td>\n<td>Non-removable, tamper-proof, encrypted, customizable print<\/td>\n<\/tr>\n<tr>\n<td><strong>Industrial Compatibility<\/strong><\/td>\n<td>Traffic Management<\/td>\n<\/tr>\n<tr>\n<td><strong>Brand<\/strong><\/td>\n<td><a href=\"\/marka\/siva-iot\/\"><img decoding=\"async\" src=\"http:\/\/www.rfiddepo.com\/wp-content\/uploads\/2022\/12\/Logo-1200x630-1-300x158.jpg\" alt=\"\" width=\"300\" height=\"158\" class=\"alignnone size-medium wp-image-148932\" srcset=\"https:\/\/rfiddepo.com\/wp-content\/uploads\/2022\/12\/Logo-1200x630-1-300x158.jpg 300w, https:\/\/rfiddepo.com\/wp-content\/uploads\/2022\/12\/Logo-1200x630-1-1024x538.jpg 1024w, https:\/\/rfiddepo.com\/wp-content\/uploads\/2022\/12\/Logo-1200x630-1-768x403.jpg 768w, https:\/\/rfiddepo.com\/wp-content\/uploads\/2022\/12\/Logo-1200x630-1-600x315.jpg 600w, https:\/\/rfiddepo.com\/wp-content\/uploads\/2022\/12\/Logo-1200x630-1.jpg 1200w\" sizes=\"(max-width: 300px) 100vw, 300px\" \/><\/a><\/td>\n<\/tr>\n<\/tbody>\n<\/table>\n<h3>Product Features:<\/h3>\n<ul>\n<li>Tamper-proof<\/li>\n<li>Impossible to move, cannot be transferred without compromising its integrity<\/li>\n<li>Fraud protection with encryption<\/li>\n<li>Customizable printing<\/li>\n<\/ul>\n<h3>Areas of Use:<\/h3>\n<ul>\n<li>Traffic and vehicle management<\/li>\n<li>National transition and OGS projects<\/li>\n<\/ul>","protected":false},"excerpt":{"rendered":"<p class=\" translation-block\"><strong>Windshield TP DNA<\/strong> is an <strong>advanced UHF tag for vehicle windshields<\/strong> that provides fraud prevention with <strong>tamper-proof security and encryption features<\/strong>. It is impossible to remove and all printing options are customizable. It is ideal for national OGS and toll projects.<\/p>\n<p><a href=\"https:\/\/rfiddepo.com\/wp-content\/uploads\/2025\/11\/SIVA_VOYAGER_Windshield_TP_DNA.pdf\" target=\"_blank\" class=\"datasheet-btn\" rel=\"noopener\">\ud83d\udcc4 Datasheet<br \/>\n<\/a><\/p>","protected":false},"featured_media":150098,"comment_status":"open","ping_status":"closed","template":"","meta":{"_monsterinsights_skip_tracking":false,"_monsterinsights_sitenote_active":false,"_monsterinsights_sitenote_note":"","_monsterinsights_sitenote_category":0},"product_brand":[422],"product_cat":[28],"product_tag":[],"class_list":{"0":"post-150096","1":"product","2":"type-product","3":"status-publish","4":"has-post-thumbnail","6":"product_brand-siva-iot","7":"product_cat-uhf-rfid-etiketler","9":"first","10":"instock","11":"shipping-taxable","12":"product-type-simple"},"yoast_head":"<!-- This site is optimized with the Yoast SEO plugin v26.6 - https:\/\/yoast.com\/wordpress\/plugins\/seo\/ -->\n<title>Siva Iot Windshield TP DNA - RFID Depo<\/title>\n<meta name=\"description\" content=\"Windshield TP DNA, ara\u00e7 \u00f6n cam\u0131 i\u00e7in tamper-proof ve \u015fifrelemeli UHF etikettir. Ulusal ge\u00e7i\u015f projelerinde g\u00fcvenli kullan\u0131m ve \u00f6zelle\u015ftirilebilir bask\u0131 sa\u011flar.\" \/>\n<meta name=\"robots\" content=\"index, follow, max-snippet:-1, max-image-preview:large, max-video-preview:-1\" \/>\n<link rel=\"canonical\" href=\"https:\/\/rfiddepo.com\/en\/urunlerimiz\/windshield-tp-dna\/\" \/>\n<meta property=\"og:locale\" content=\"en_US\" \/>\n<meta property=\"og:type\" content=\"article\" \/>\n<meta property=\"og:title\" content=\"Siva Iot Windshield TP DNA - RFID Depo\" \/>\n<meta property=\"og:description\" content=\"Windshield TP DNA, ara\u00e7 \u00f6n cam\u0131 i\u00e7in tamper-proof ve \u015fifrelemeli UHF etikettir. Ulusal ge\u00e7i\u015f projelerinde g\u00fcvenli kullan\u0131m ve \u00f6zelle\u015ftirilebilir bask\u0131 sa\u011flar.\" \/>\n<meta property=\"og:url\" content=\"https:\/\/rfiddepo.com\/en\/urunlerimiz\/windshield-tp-dna\/\" \/>\n<meta property=\"og:site_name\" content=\"RFID Depo\" \/>\n<meta property=\"article:modified_time\" content=\"2025-12-15T07:49:32+00:00\" \/>\n<meta property=\"og:image\" content=\"https:\/\/rfiddepo.com\/wp-content\/uploads\/2025\/11\/imgpsh_fullsize_anim-scaled.jpg\" \/>\n\t<meta property=\"og:image:width\" content=\"2560\" \/>\n\t<meta property=\"og:image:height\" content=\"2560\" \/>\n\t<meta property=\"og:image:type\" content=\"image\/jpeg\" \/>\n<meta name=\"twitter:card\" content=\"summary_large_image\" \/>\n<meta name=\"twitter:label1\" content=\"Est. reading time\" \/>\n\t<meta name=\"twitter:data1\" content=\"1 minute\" \/>\n<script type=\"application\/ld+json\" class=\"yoast-schema-graph\">{\"@context\":\"https:\/\/schema.org\",\"@graph\":[{\"@type\":\"WebPage\",\"@id\":\"https:\/\/rfiddepo.com\/en\/urunlerimiz\/windshield-tp-dna\/\",\"url\":\"https:\/\/rfiddepo.com\/en\/urunlerimiz\/windshield-tp-dna\/\",\"name\":\"Siva Iot Windshield TP DNA - RFID Depo\",\"isPartOf\":{\"@id\":\"https:\/\/rfiddepo.com\/en\/#website\"},\"primaryImageOfPage\":{\"@id\":\"https:\/\/rfiddepo.com\/en\/urunlerimiz\/windshield-tp-dna\/#primaryimage\"},\"image\":{\"@id\":\"https:\/\/rfiddepo.com\/en\/urunlerimiz\/windshield-tp-dna\/#primaryimage\"},\"thumbnailUrl\":\"https:\/\/rfiddepo.com\/wp-content\/uploads\/2025\/11\/imgpsh_fullsize_anim-scaled.jpg\",\"datePublished\":\"2025-11-14T08:52:39+00:00\",\"dateModified\":\"2025-12-15T07:49:32+00:00\",\"description\":\"Windshield TP DNA, ara\u00e7 \u00f6n cam\u0131 i\u00e7in tamper-proof ve \u015fifrelemeli UHF etikettir. Ulusal ge\u00e7i\u015f projelerinde g\u00fcvenli kullan\u0131m ve \u00f6zelle\u015ftirilebilir bask\u0131 sa\u011flar.\",\"breadcrumb\":{\"@id\":\"https:\/\/rfiddepo.com\/en\/urunlerimiz\/windshield-tp-dna\/#breadcrumb\"},\"inLanguage\":\"en-US\",\"potentialAction\":[{\"@type\":\"ReadAction\",\"target\":[\"https:\/\/rfiddepo.com\/en\/urunlerimiz\/windshield-tp-dna\/\"]}]},{\"@type\":\"ImageObject\",\"inLanguage\":\"en-US\",\"@id\":\"https:\/\/rfiddepo.com\/en\/urunlerimiz\/windshield-tp-dna\/#primaryimage\",\"url\":\"https:\/\/rfiddepo.com\/wp-content\/uploads\/2025\/11\/imgpsh_fullsize_anim-scaled.jpg\",\"contentUrl\":\"https:\/\/rfiddepo.com\/wp-content\/uploads\/2025\/11\/imgpsh_fullsize_anim-scaled.jpg\",\"width\":2560,\"height\":2560},{\"@type\":\"BreadcrumbList\",\"@id\":\"https:\/\/rfiddepo.com\/en\/urunlerimiz\/windshield-tp-dna\/#breadcrumb\",\"itemListElement\":[{\"@type\":\"ListItem\",\"position\":1,\"name\":\"Anasayfa\",\"item\":\"https:\/\/rfiddepo.com\/en\/\"},{\"@type\":\"ListItem\",\"position\":2,\"name\":\"Urunler\",\"item\":\"https:\/\/rfiddepo.com\/urunler\/\"},{\"@type\":\"ListItem\",\"position\":3,\"name\":\"Siva Iot Windshield TP DNA\"}]},{\"@type\":\"WebSite\",\"@id\":\"https:\/\/rfiddepo.com\/en\/#website\",\"url\":\"https:\/\/rfiddepo.com\/en\/\",\"name\":\"RFID Depo\",\"description\":\"\",\"publisher\":{\"@id\":\"https:\/\/rfiddepo.com\/en\/#organization\"},\"potentialAction\":[{\"@type\":\"SearchAction\",\"target\":{\"@type\":\"EntryPoint\",\"urlTemplate\":\"https:\/\/rfiddepo.com\/en\/?s={search_term_string}\"},\"query-input\":{\"@type\":\"PropertyValueSpecification\",\"valueRequired\":true,\"valueName\":\"search_term_string\"}}],\"inLanguage\":\"en-US\"},{\"@type\":\"Organization\",\"@id\":\"https:\/\/rfiddepo.com\/en\/#organization\",\"name\":\"%%sitename%%\",\"url\":\"https:\/\/rfiddepo.com\/en\/\",\"logo\":{\"@type\":\"ImageObject\",\"inLanguage\":\"en-US\",\"@id\":\"https:\/\/rfiddepo.com\/en\/#\/schema\/logo\/image\/\",\"url\":\"https:\/\/rfiddepo.com\/wp-content\/uploads\/2025\/09\/rfiddepo-logo.png\",\"contentUrl\":\"https:\/\/rfiddepo.com\/wp-content\/uploads\/2025\/09\/rfiddepo-logo.png\",\"width\":500,\"height\":106,\"caption\":\"%%sitename%%\"},\"image\":{\"@id\":\"https:\/\/rfiddepo.com\/en\/#\/schema\/logo\/image\/\"}}]}<\/script>\n<!-- \/ Yoast SEO plugin. -->","yoast_head_json":{"title":"Siva Iot Windshield TP DNA - RFID Depo","description":"Windshield TP DNA, ara\u00e7 \u00f6n cam\u0131 i\u00e7in tamper-proof ve \u015fifrelemeli UHF etikettir. Ulusal ge\u00e7i\u015f projelerinde g\u00fcvenli kullan\u0131m ve \u00f6zelle\u015ftirilebilir bask\u0131 sa\u011flar.","robots":{"index":"index","follow":"follow","max-snippet":"max-snippet:-1","max-image-preview":"max-image-preview:large","max-video-preview":"max-video-preview:-1"},"canonical":"https:\/\/rfiddepo.com\/en\/urunlerimiz\/windshield-tp-dna\/","og_locale":"en_US","og_type":"article","og_title":"Siva Iot Windshield TP DNA - RFID Depo","og_description":"Windshield TP DNA, ara\u00e7 \u00f6n cam\u0131 i\u00e7in tamper-proof ve \u015fifrelemeli UHF etikettir. Ulusal ge\u00e7i\u015f projelerinde g\u00fcvenli kullan\u0131m ve \u00f6zelle\u015ftirilebilir bask\u0131 sa\u011flar.","og_url":"https:\/\/rfiddepo.com\/en\/urunlerimiz\/windshield-tp-dna\/","og_site_name":"RFID Depo","article_modified_time":"2025-12-15T07:49:32+00:00","og_image":[{"width":2560,"height":2560,"url":"https:\/\/rfiddepo.com\/wp-content\/uploads\/2025\/11\/imgpsh_fullsize_anim-scaled.jpg","type":"image\/jpeg"}],"twitter_card":"summary_large_image","twitter_misc":{"Est. reading time":"1 minute"},"schema":{"@context":"https:\/\/schema.org","@graph":[{"@type":"WebPage","@id":"https:\/\/rfiddepo.com\/en\/urunlerimiz\/windshield-tp-dna\/","url":"https:\/\/rfiddepo.com\/en\/urunlerimiz\/windshield-tp-dna\/","name":"Siva Iot Windshield TP DNA - RFID Depo","isPartOf":{"@id":"https:\/\/rfiddepo.com\/en\/#website"},"primaryImageOfPage":{"@id":"https:\/\/rfiddepo.com\/en\/urunlerimiz\/windshield-tp-dna\/#primaryimage"},"image":{"@id":"https:\/\/rfiddepo.com\/en\/urunlerimiz\/windshield-tp-dna\/#primaryimage"},"thumbnailUrl":"https:\/\/rfiddepo.com\/wp-content\/uploads\/2025\/11\/imgpsh_fullsize_anim-scaled.jpg","datePublished":"2025-11-14T08:52:39+00:00","dateModified":"2025-12-15T07:49:32+00:00","description":"Windshield TP DNA, ara\u00e7 \u00f6n cam\u0131 i\u00e7in tamper-proof ve \u015fifrelemeli UHF etikettir. Ulusal ge\u00e7i\u015f projelerinde g\u00fcvenli kullan\u0131m ve \u00f6zelle\u015ftirilebilir bask\u0131 sa\u011flar.","breadcrumb":{"@id":"https:\/\/rfiddepo.com\/en\/urunlerimiz\/windshield-tp-dna\/#breadcrumb"},"inLanguage":"en-US","potentialAction":[{"@type":"ReadAction","target":["https:\/\/rfiddepo.com\/en\/urunlerimiz\/windshield-tp-dna\/"]}]},{"@type":"ImageObject","inLanguage":"en-US","@id":"https:\/\/rfiddepo.com\/en\/urunlerimiz\/windshield-tp-dna\/#primaryimage","url":"https:\/\/rfiddepo.com\/wp-content\/uploads\/2025\/11\/imgpsh_fullsize_anim-scaled.jpg","contentUrl":"https:\/\/rfiddepo.com\/wp-content\/uploads\/2025\/11\/imgpsh_fullsize_anim-scaled.jpg","width":2560,"height":2560},{"@type":"BreadcrumbList","@id":"https:\/\/rfiddepo.com\/en\/urunlerimiz\/windshield-tp-dna\/#breadcrumb","itemListElement":[{"@type":"ListItem","position":1,"name":"Anasayfa","item":"https:\/\/rfiddepo.com\/en\/"},{"@type":"ListItem","position":2,"name":"Urunler","item":"https:\/\/rfiddepo.com\/urunler\/"},{"@type":"ListItem","position":3,"name":"Siva Iot Windshield TP DNA"}]},{"@type":"WebSite","@id":"https:\/\/rfiddepo.com\/en\/#website","url":"https:\/\/rfiddepo.com\/en\/","name":"RFID Depo","description":"","publisher":{"@id":"https:\/\/rfiddepo.com\/en\/#organization"},"potentialAction":[{"@type":"SearchAction","target":{"@type":"EntryPoint","urlTemplate":"https:\/\/rfiddepo.com\/en\/?s={search_term_string}"},"query-input":{"@type":"PropertyValueSpecification","valueRequired":true,"valueName":"search_term_string"}}],"inLanguage":"en-US"},{"@type":"Organization","@id":"https:\/\/rfiddepo.com\/en\/#organization","name":"%%sitename%%","url":"https:\/\/rfiddepo.com\/en\/","logo":{"@type":"ImageObject","inLanguage":"en-US","@id":"https:\/\/rfiddepo.com\/en\/#\/schema\/logo\/image\/","url":"https:\/\/rfiddepo.com\/wp-content\/uploads\/2025\/09\/rfiddepo-logo.png","contentUrl":"https:\/\/rfiddepo.com\/wp-content\/uploads\/2025\/09\/rfiddepo-logo.png","width":500,"height":106,"caption":"%%sitename%%"},"image":{"@id":"https:\/\/rfiddepo.com\/en\/#\/schema\/logo\/image\/"}}]}},"_links":{"self":[{"href":"https:\/\/rfiddepo.com\/en\/wp-json\/wp\/v2\/product\/150096","targetHints":{"allow":["GET"]}}],"collection":[{"href":"https:\/\/rfiddepo.com\/en\/wp-json\/wp\/v2\/product"}],"about":[{"href":"https:\/\/rfiddepo.com\/en\/wp-json\/wp\/v2\/types\/product"}],"replies":[{"embeddable":true,"href":"https:\/\/rfiddepo.com\/en\/wp-json\/wp\/v2\/comments?post=150096"}],"wp:featuredmedia":[{"embeddable":true,"href":"https:\/\/rfiddepo.com\/en\/wp-json\/wp\/v2\/media\/150098"}],"wp:attachment":[{"href":"https:\/\/rfiddepo.com\/en\/wp-json\/wp\/v2\/media?parent=150096"}],"wp:term":[{"taxonomy":"product_brand","embeddable":true,"href":"https:\/\/rfiddepo.com\/en\/wp-json\/wp\/v2\/product_brand?post=150096"},{"taxonomy":"product_cat","embeddable":true,"href":"https:\/\/rfiddepo.com\/en\/wp-json\/wp\/v2\/product_cat?post=150096"},{"taxonomy":"product_tag","embeddable":true,"href":"https:\/\/rfiddepo.com\/en\/wp-json\/wp\/v2\/product_tag?post=150096"}],"curies":[{"name":"wp","href":"https:\/\/api.w.org\/{rel}","templated":true}]}}