{"id":150072,"date":"2025-11-14T08:04:39","date_gmt":"2025-11-14T08:04:39","guid":{"rendered":"https:\/\/rfiddepo.com\/?post_type=product&#038;p=150072"},"modified":"2025-12-15T07:37:24","modified_gmt":"2025-12-15T07:37:24","slug":"aerial-micro-2714","status":"publish","type":"product","link":"https:\/\/rfiddepo.com\/en\/urunlerimiz\/aerial-micro-2714\/","title":{"rendered":"Siva Iot Aerial Micro 2714"},"content":{"rendered":"<table class=\"blueTable\">\n<tbody>\n<tr>\n<td><strong>Product Name<\/strong><\/td>\n<td>Aerial Micro 2714<\/td>\n<\/tr>\n<tr>\n<td><strong>Building Type<\/strong><\/td>\n<td>Compact, single-use, water-resistant UHF tag<\/td>\n<\/tr>\n<tr>\n<td><strong>Features<\/strong><\/td>\n<td>Water-resistant, compact size, disposable<\/td>\n<\/tr>\n<tr>\n<td><strong>Industrial Compatibility<\/strong><\/td>\n<td>Supply Chain &amp; Logistics<\/td>\n<\/tr>\n<tr>\n<td><strong>Brand<\/strong><\/td>\n<td><a href=\"\/marka\/siva-iot\/\"><img decoding=\"async\" src=\"http:\/\/www.rfiddepo.com\/wp-content\/uploads\/2022\/12\/Logo-1200x630-1-300x158.jpg\" alt=\"\" width=\"300\" height=\"158\" class=\"alignnone size-medium wp-image-148932\" srcset=\"https:\/\/rfiddepo.com\/wp-content\/uploads\/2022\/12\/Logo-1200x630-1-300x158.jpg 300w, https:\/\/rfiddepo.com\/wp-content\/uploads\/2022\/12\/Logo-1200x630-1-1024x538.jpg 1024w, https:\/\/rfiddepo.com\/wp-content\/uploads\/2022\/12\/Logo-1200x630-1-768x403.jpg 768w, https:\/\/rfiddepo.com\/wp-content\/uploads\/2022\/12\/Logo-1200x630-1-600x315.jpg 600w, https:\/\/rfiddepo.com\/wp-content\/uploads\/2022\/12\/Logo-1200x630-1.jpg 1200w\" sizes=\"(max-width: 300px) 100vw, 300px\" \/><\/a><\/td>\n<\/tr>\n<\/tbody>\n<\/table>\n<h3>Product Features:<\/h3>\n<ul>\n<li>Water-resistant construction<\/li>\n<li>Compact size<\/li>\n<li>Single use<\/li>\n<\/ul>\n<h3>Areas of Use:<\/h3>\n<ul>\n<li>Supply chain and logistics management<\/li>\n<li>Product tracking in confined spaces<\/li>\n<\/ul>","protected":false},"excerpt":{"rendered":"<p class=\" translation-block\"><strong>Aerial Micro 2714<\/strong> is a <strong>compact, single-use, water-resistant UHF tag<\/strong> solution. It delivers excellent performance in applications with limited labeling space.<\/p>\n<p><a href=\"https:\/\/rfiddepo.com\/wp-content\/uploads\/2025\/11\/SIVA_UNI_Aerial_Micro_2714.pdf\" target=\"_blank\" class=\"datasheet-btn\" rel=\"noopener\">\ud83d\udcc4 Datasheet<br \/>\n<\/a><\/p>","protected":false},"featured_media":150074,"comment_status":"open","ping_status":"closed","template":"","meta":{"_monsterinsights_skip_tracking":false,"_monsterinsights_sitenote_active":false,"_monsterinsights_sitenote_note":"","_monsterinsights_sitenote_category":0},"product_brand":[422],"product_cat":[73,28],"product_tag":[],"class_list":{"0":"post-150072","1":"product","2":"type-product","3":"status-publish","4":"has-post-thumbnail","6":"product_brand-siva-iot","7":"product_cat-demirbas-rfid-tagleri","8":"product_cat-uhf-rfid-etiketler","10":"first","11":"instock","12":"shipping-taxable","13":"product-type-simple"},"yoast_head":"<!-- This site is optimized with the Yoast SEO plugin v26.6 - https:\/\/yoast.com\/wordpress\/plugins\/seo\/ -->\n<title>Siva Iot Aerial Micro 2714 - RFID Depo<\/title>\n<meta name=\"description\" content=\"Aerial Micro 2714, kompakt boyutlu ve suya dayan\u0131kl\u0131 tek kullan\u0131ml\u0131k UHF etikettir. S\u0131n\u0131rl\u0131 alanlarda tedarik zinciri ve lojistik uygulamalar\u0131na uygundur.\" \/>\n<meta name=\"robots\" content=\"index, follow, max-snippet:-1, max-image-preview:large, max-video-preview:-1\" \/>\n<link rel=\"canonical\" href=\"https:\/\/rfiddepo.com\/en\/urunlerimiz\/aerial-micro-2714\/\" \/>\n<meta property=\"og:locale\" content=\"en_US\" \/>\n<meta property=\"og:type\" content=\"article\" \/>\n<meta property=\"og:title\" content=\"Siva Iot Aerial Micro 2714 - RFID Depo\" \/>\n<meta property=\"og:description\" content=\"Aerial Micro 2714, kompakt boyutlu ve suya dayan\u0131kl\u0131 tek kullan\u0131ml\u0131k UHF etikettir. S\u0131n\u0131rl\u0131 alanlarda tedarik zinciri ve lojistik uygulamalar\u0131na uygundur.\" \/>\n<meta property=\"og:url\" content=\"https:\/\/rfiddepo.com\/en\/urunlerimiz\/aerial-micro-2714\/\" \/>\n<meta property=\"og:site_name\" content=\"RFID Depo\" \/>\n<meta property=\"article:modified_time\" content=\"2025-12-15T07:37:24+00:00\" \/>\n<meta property=\"og:image\" content=\"https:\/\/rfiddepo.com\/wp-content\/uploads\/2025\/11\/Aerialmicro.jpg\" \/>\n\t<meta property=\"og:image:width\" content=\"311\" \/>\n\t<meta property=\"og:image:height\" content=\"227\" \/>\n\t<meta property=\"og:image:type\" content=\"image\/jpeg\" \/>\n<meta name=\"twitter:card\" content=\"summary_large_image\" \/>\n<meta name=\"twitter:label1\" content=\"Est. reading time\" \/>\n\t<meta name=\"twitter:data1\" content=\"1 minute\" \/>\n<script type=\"application\/ld+json\" class=\"yoast-schema-graph\">{\"@context\":\"https:\/\/schema.org\",\"@graph\":[{\"@type\":\"WebPage\",\"@id\":\"https:\/\/rfiddepo.com\/en\/urunlerimiz\/aerial-micro-2714\/\",\"url\":\"https:\/\/rfiddepo.com\/en\/urunlerimiz\/aerial-micro-2714\/\",\"name\":\"Siva Iot Aerial Micro 2714 - RFID Depo\",\"isPartOf\":{\"@id\":\"https:\/\/rfiddepo.com\/en\/#website\"},\"primaryImageOfPage\":{\"@id\":\"https:\/\/rfiddepo.com\/en\/urunlerimiz\/aerial-micro-2714\/#primaryimage\"},\"image\":{\"@id\":\"https:\/\/rfiddepo.com\/en\/urunlerimiz\/aerial-micro-2714\/#primaryimage\"},\"thumbnailUrl\":\"https:\/\/rfiddepo.com\/wp-content\/uploads\/2025\/11\/Aerialmicro.jpg\",\"datePublished\":\"2025-11-14T08:04:39+00:00\",\"dateModified\":\"2025-12-15T07:37:24+00:00\",\"description\":\"Aerial Micro 2714, kompakt boyutlu ve suya dayan\u0131kl\u0131 tek kullan\u0131ml\u0131k UHF etikettir. S\u0131n\u0131rl\u0131 alanlarda tedarik zinciri ve lojistik uygulamalar\u0131na uygundur.\",\"breadcrumb\":{\"@id\":\"https:\/\/rfiddepo.com\/en\/urunlerimiz\/aerial-micro-2714\/#breadcrumb\"},\"inLanguage\":\"en-US\",\"potentialAction\":[{\"@type\":\"ReadAction\",\"target\":[\"https:\/\/rfiddepo.com\/en\/urunlerimiz\/aerial-micro-2714\/\"]}]},{\"@type\":\"ImageObject\",\"inLanguage\":\"en-US\",\"@id\":\"https:\/\/rfiddepo.com\/en\/urunlerimiz\/aerial-micro-2714\/#primaryimage\",\"url\":\"https:\/\/rfiddepo.com\/wp-content\/uploads\/2025\/11\/Aerialmicro.jpg\",\"contentUrl\":\"https:\/\/rfiddepo.com\/wp-content\/uploads\/2025\/11\/Aerialmicro.jpg\",\"width\":311,\"height\":227},{\"@type\":\"BreadcrumbList\",\"@id\":\"https:\/\/rfiddepo.com\/en\/urunlerimiz\/aerial-micro-2714\/#breadcrumb\",\"itemListElement\":[{\"@type\":\"ListItem\",\"position\":1,\"name\":\"Anasayfa\",\"item\":\"https:\/\/rfiddepo.com\/en\/\"},{\"@type\":\"ListItem\",\"position\":2,\"name\":\"Urunler\",\"item\":\"https:\/\/rfiddepo.com\/urunler\/\"},{\"@type\":\"ListItem\",\"position\":3,\"name\":\"Siva Iot Aerial Micro 2714\"}]},{\"@type\":\"WebSite\",\"@id\":\"https:\/\/rfiddepo.com\/en\/#website\",\"url\":\"https:\/\/rfiddepo.com\/en\/\",\"name\":\"RFID Depo\",\"description\":\"\",\"publisher\":{\"@id\":\"https:\/\/rfiddepo.com\/en\/#organization\"},\"potentialAction\":[{\"@type\":\"SearchAction\",\"target\":{\"@type\":\"EntryPoint\",\"urlTemplate\":\"https:\/\/rfiddepo.com\/en\/?s={search_term_string}\"},\"query-input\":{\"@type\":\"PropertyValueSpecification\",\"valueRequired\":true,\"valueName\":\"search_term_string\"}}],\"inLanguage\":\"en-US\"},{\"@type\":\"Organization\",\"@id\":\"https:\/\/rfiddepo.com\/en\/#organization\",\"name\":\"%%sitename%%\",\"url\":\"https:\/\/rfiddepo.com\/en\/\",\"logo\":{\"@type\":\"ImageObject\",\"inLanguage\":\"en-US\",\"@id\":\"https:\/\/rfiddepo.com\/en\/#\/schema\/logo\/image\/\",\"url\":\"https:\/\/rfiddepo.com\/wp-content\/uploads\/2025\/09\/rfiddepo-logo.png\",\"contentUrl\":\"https:\/\/rfiddepo.com\/wp-content\/uploads\/2025\/09\/rfiddepo-logo.png\",\"width\":500,\"height\":106,\"caption\":\"%%sitename%%\"},\"image\":{\"@id\":\"https:\/\/rfiddepo.com\/en\/#\/schema\/logo\/image\/\"}}]}<\/script>\n<!-- \/ Yoast SEO plugin. -->","yoast_head_json":{"title":"Siva Iot Aerial Micro 2714 - RFID Depo","description":"Aerial Micro 2714, kompakt boyutlu ve suya dayan\u0131kl\u0131 tek kullan\u0131ml\u0131k UHF etikettir. S\u0131n\u0131rl\u0131 alanlarda tedarik zinciri ve lojistik uygulamalar\u0131na uygundur.","robots":{"index":"index","follow":"follow","max-snippet":"max-snippet:-1","max-image-preview":"max-image-preview:large","max-video-preview":"max-video-preview:-1"},"canonical":"https:\/\/rfiddepo.com\/en\/urunlerimiz\/aerial-micro-2714\/","og_locale":"en_US","og_type":"article","og_title":"Siva Iot Aerial Micro 2714 - RFID Depo","og_description":"Aerial Micro 2714, kompakt boyutlu ve suya dayan\u0131kl\u0131 tek kullan\u0131ml\u0131k UHF etikettir. S\u0131n\u0131rl\u0131 alanlarda tedarik zinciri ve lojistik uygulamalar\u0131na uygundur.","og_url":"https:\/\/rfiddepo.com\/en\/urunlerimiz\/aerial-micro-2714\/","og_site_name":"RFID Depo","article_modified_time":"2025-12-15T07:37:24+00:00","og_image":[{"width":311,"height":227,"url":"https:\/\/rfiddepo.com\/wp-content\/uploads\/2025\/11\/Aerialmicro.jpg","type":"image\/jpeg"}],"twitter_card":"summary_large_image","twitter_misc":{"Est. reading time":"1 minute"},"schema":{"@context":"https:\/\/schema.org","@graph":[{"@type":"WebPage","@id":"https:\/\/rfiddepo.com\/en\/urunlerimiz\/aerial-micro-2714\/","url":"https:\/\/rfiddepo.com\/en\/urunlerimiz\/aerial-micro-2714\/","name":"Siva Iot Aerial Micro 2714 - RFID Depo","isPartOf":{"@id":"https:\/\/rfiddepo.com\/en\/#website"},"primaryImageOfPage":{"@id":"https:\/\/rfiddepo.com\/en\/urunlerimiz\/aerial-micro-2714\/#primaryimage"},"image":{"@id":"https:\/\/rfiddepo.com\/en\/urunlerimiz\/aerial-micro-2714\/#primaryimage"},"thumbnailUrl":"https:\/\/rfiddepo.com\/wp-content\/uploads\/2025\/11\/Aerialmicro.jpg","datePublished":"2025-11-14T08:04:39+00:00","dateModified":"2025-12-15T07:37:24+00:00","description":"Aerial Micro 2714, kompakt boyutlu ve suya dayan\u0131kl\u0131 tek kullan\u0131ml\u0131k UHF etikettir. S\u0131n\u0131rl\u0131 alanlarda tedarik zinciri ve lojistik uygulamalar\u0131na uygundur.","breadcrumb":{"@id":"https:\/\/rfiddepo.com\/en\/urunlerimiz\/aerial-micro-2714\/#breadcrumb"},"inLanguage":"en-US","potentialAction":[{"@type":"ReadAction","target":["https:\/\/rfiddepo.com\/en\/urunlerimiz\/aerial-micro-2714\/"]}]},{"@type":"ImageObject","inLanguage":"en-US","@id":"https:\/\/rfiddepo.com\/en\/urunlerimiz\/aerial-micro-2714\/#primaryimage","url":"https:\/\/rfiddepo.com\/wp-content\/uploads\/2025\/11\/Aerialmicro.jpg","contentUrl":"https:\/\/rfiddepo.com\/wp-content\/uploads\/2025\/11\/Aerialmicro.jpg","width":311,"height":227},{"@type":"BreadcrumbList","@id":"https:\/\/rfiddepo.com\/en\/urunlerimiz\/aerial-micro-2714\/#breadcrumb","itemListElement":[{"@type":"ListItem","position":1,"name":"Anasayfa","item":"https:\/\/rfiddepo.com\/en\/"},{"@type":"ListItem","position":2,"name":"Urunler","item":"https:\/\/rfiddepo.com\/urunler\/"},{"@type":"ListItem","position":3,"name":"Siva Iot Aerial Micro 2714"}]},{"@type":"WebSite","@id":"https:\/\/rfiddepo.com\/en\/#website","url":"https:\/\/rfiddepo.com\/en\/","name":"RFID Depo","description":"","publisher":{"@id":"https:\/\/rfiddepo.com\/en\/#organization"},"potentialAction":[{"@type":"SearchAction","target":{"@type":"EntryPoint","urlTemplate":"https:\/\/rfiddepo.com\/en\/?s={search_term_string}"},"query-input":{"@type":"PropertyValueSpecification","valueRequired":true,"valueName":"search_term_string"}}],"inLanguage":"en-US"},{"@type":"Organization","@id":"https:\/\/rfiddepo.com\/en\/#organization","name":"%%sitename%%","url":"https:\/\/rfiddepo.com\/en\/","logo":{"@type":"ImageObject","inLanguage":"en-US","@id":"https:\/\/rfiddepo.com\/en\/#\/schema\/logo\/image\/","url":"https:\/\/rfiddepo.com\/wp-content\/uploads\/2025\/09\/rfiddepo-logo.png","contentUrl":"https:\/\/rfiddepo.com\/wp-content\/uploads\/2025\/09\/rfiddepo-logo.png","width":500,"height":106,"caption":"%%sitename%%"},"image":{"@id":"https:\/\/rfiddepo.com\/en\/#\/schema\/logo\/image\/"}}]}},"_links":{"self":[{"href":"https:\/\/rfiddepo.com\/en\/wp-json\/wp\/v2\/product\/150072","targetHints":{"allow":["GET"]}}],"collection":[{"href":"https:\/\/rfiddepo.com\/en\/wp-json\/wp\/v2\/product"}],"about":[{"href":"https:\/\/rfiddepo.com\/en\/wp-json\/wp\/v2\/types\/product"}],"replies":[{"embeddable":true,"href":"https:\/\/rfiddepo.com\/en\/wp-json\/wp\/v2\/comments?post=150072"}],"wp:featuredmedia":[{"embeddable":true,"href":"https:\/\/rfiddepo.com\/en\/wp-json\/wp\/v2\/media\/150074"}],"wp:attachment":[{"href":"https:\/\/rfiddepo.com\/en\/wp-json\/wp\/v2\/media?parent=150072"}],"wp:term":[{"taxonomy":"product_brand","embeddable":true,"href":"https:\/\/rfiddepo.com\/en\/wp-json\/wp\/v2\/product_brand?post=150072"},{"taxonomy":"product_cat","embeddable":true,"href":"https:\/\/rfiddepo.com\/en\/wp-json\/wp\/v2\/product_cat?post=150072"},{"taxonomy":"product_tag","embeddable":true,"href":"https:\/\/rfiddepo.com\/en\/wp-json\/wp\/v2\/product_tag?post=150072"}],"curies":[{"name":"wp","href":"https:\/\/api.w.org\/{rel}","templated":true}]}}