{"id":150018,"date":"2025-11-13T08:01:44","date_gmt":"2025-11-13T08:01:44","guid":{"rendered":"https:\/\/rfiddepo.com\/?post_type=product&#038;p=150018"},"modified":"2025-12-15T07:47:02","modified_gmt":"2025-12-15T07:47:02","slug":"jewellery-eyewear-label","status":"publish","type":"product","link":"https:\/\/rfiddepo.com\/en\/urunlerimiz\/jewellery-eyewear-label\/","title":{"rendered":"Siva Iot Jewellery\/Eyewear Label"},"content":{"rendered":"<table class=\"blueTable\">\n<tbody>\n<tr>\n<td><strong>Product Name<\/strong><\/td>\n<td>Jewellery\/Eyewear Label<\/td>\n<\/tr>\n<tr>\n<td><strong>Building Type<\/strong><\/td>\n<td>Printer-compatible, low-cost UHF tag<\/td>\n<\/tr>\n<tr>\n<td><strong>Chip<\/strong><\/td>\n<td>Impinj M830 (128 bit EPC)<\/td>\n<\/tr>\n<tr>\n<td><strong>Features<\/strong><\/td>\n<td>Printer compatible, high performance, cost-effective<\/td>\n<\/tr>\n<tr>\n<td><strong>Industrial Compatibility<\/strong><\/td>\n<td>Retail (Jewelry and Eyewear Labeling)<\/td>\n<\/tr>\n<tr>\n<td><strong>Brand<\/strong><\/td>\n<td><a href=\"\/marka\/siva-iot\/\"><img decoding=\"async\" src=\"http:\/\/www.rfiddepo.com\/wp-content\/uploads\/2022\/12\/Logo-1200x630-1-300x158.jpg\" alt=\"\" width=\"300\" height=\"158\" class=\"alignnone size-medium wp-image-148932\" srcset=\"https:\/\/rfiddepo.com\/wp-content\/uploads\/2022\/12\/Logo-1200x630-1-300x158.jpg 300w, https:\/\/rfiddepo.com\/wp-content\/uploads\/2022\/12\/Logo-1200x630-1-1024x538.jpg 1024w, https:\/\/rfiddepo.com\/wp-content\/uploads\/2022\/12\/Logo-1200x630-1-768x403.jpg 768w, https:\/\/rfiddepo.com\/wp-content\/uploads\/2022\/12\/Logo-1200x630-1-600x315.jpg 600w, https:\/\/rfiddepo.com\/wp-content\/uploads\/2022\/12\/Logo-1200x630-1.jpg 1200w\" sizes=\"(max-width: 300px) 100vw, 300px\" \/><\/a><\/td>\n<\/tr>\n<\/tbody>\n<\/table>\n<h3>Product Features:<\/h3>\n<ul>\n<li>Field printing and coding compatibility with desktop UHF printers<\/li>\n<li>High performance with the Impinj M830 chip supporting 128-bit EPC<\/li>\n<li>Low-cost construction and high ROI (return on investment)<\/li>\n<\/ul>\n<h3>Areas of Use:<\/h3>\n<ul>\n<li>Retail sector<\/li>\n<li>Labeling of products such as jewelry, watches, and eyeglasses<\/li>\n<\/ul>","protected":false},"excerpt":{"rendered":"<p class=\" translation-block\"><strong>Jewelry\/Eyewear Label<\/strong>, a <strong>low-cost, printer-compatible UHF label<\/strong> designed for <strong>jewelry and eyewear labeling<\/strong> applications. Printing and encoding can be easily done on-site with desktop UHF printers. It delivers high performance thanks to the latest <strong>Impinj M830 chip<\/strong> and provides cost advantages through process improvements.<\/p>\n<p><a href=\"https:\/\/rfiddepo.com\/wp-content\/uploads\/2025\/11\/SIVA_Jewellery_Tag_M830.pdf\" target=\"_blank\" class=\"datasheet-btn\" rel=\"noopener\">\ud83d\udcc4 Datasheet<br \/>\n<\/a><\/p>","protected":false},"featured_media":150020,"comment_status":"open","ping_status":"closed","template":"","meta":{"_monsterinsights_skip_tracking":false,"_monsterinsights_sitenote_active":false,"_monsterinsights_sitenote_note":"","_monsterinsights_sitenote_category":0},"product_brand":[422],"product_cat":[67],"product_tag":[],"class_list":{"0":"post-150018","1":"product","2":"type-product","3":"status-publish","4":"has-post-thumbnail","6":"product_brand-siva-iot","7":"product_cat-rfid-kuyum-etiketleri","9":"first","10":"instock","11":"shipping-taxable","12":"product-type-simple"},"yoast_head":"<!-- This site is optimized with the Yoast SEO plugin v26.6 - https:\/\/yoast.com\/wordpress\/plugins\/seo\/ -->\n<title>Siva Iot Jewellery\/Eyewear Label - RFID Depo<\/title>\n<meta name=\"description\" content=\"Jewellery\/Eyewear Label, tak\u0131 ve g\u00f6zl\u00fckler i\u00e7in yaz\u0131c\u0131 uyumlu, d\u00fc\u015f\u00fck maliyetli UHF etikettir. Impinj M830 \u00e7ipiyle y\u00fcksek performans ve kolay kodlama sunar.\" \/>\n<meta name=\"robots\" content=\"index, follow, max-snippet:-1, max-image-preview:large, max-video-preview:-1\" \/>\n<link rel=\"canonical\" href=\"https:\/\/rfiddepo.com\/en\/urunlerimiz\/jewellery-eyewear-label\/\" \/>\n<meta property=\"og:locale\" content=\"en_US\" \/>\n<meta property=\"og:type\" content=\"article\" \/>\n<meta property=\"og:title\" content=\"Siva Iot Jewellery\/Eyewear Label - RFID Depo\" \/>\n<meta property=\"og:description\" content=\"Jewellery\/Eyewear Label, tak\u0131 ve g\u00f6zl\u00fckler i\u00e7in yaz\u0131c\u0131 uyumlu, d\u00fc\u015f\u00fck maliyetli UHF etikettir. Impinj M830 \u00e7ipiyle y\u00fcksek performans ve kolay kodlama sunar.\" \/>\n<meta property=\"og:url\" content=\"https:\/\/rfiddepo.com\/en\/urunlerimiz\/jewellery-eyewear-label\/\" \/>\n<meta property=\"og:site_name\" content=\"RFID Depo\" \/>\n<meta property=\"article:modified_time\" content=\"2025-12-15T07:47:02+00:00\" \/>\n<meta property=\"og:image\" content=\"https:\/\/rfiddepo.com\/wp-content\/uploads\/2025\/11\/JewelleryEyewearlabel.png\" \/>\n\t<meta property=\"og:image:width\" content=\"544\" \/>\n\t<meta property=\"og:image:height\" content=\"369\" \/>\n\t<meta property=\"og:image:type\" content=\"image\/png\" \/>\n<meta name=\"twitter:card\" content=\"summary_large_image\" \/>\n<meta name=\"twitter:label1\" content=\"Est. reading time\" \/>\n\t<meta name=\"twitter:data1\" content=\"1 minute\" \/>\n<script type=\"application\/ld+json\" class=\"yoast-schema-graph\">{\"@context\":\"https:\/\/schema.org\",\"@graph\":[{\"@type\":\"WebPage\",\"@id\":\"https:\/\/rfiddepo.com\/en\/urunlerimiz\/jewellery-eyewear-label\/\",\"url\":\"https:\/\/rfiddepo.com\/en\/urunlerimiz\/jewellery-eyewear-label\/\",\"name\":\"Siva Iot Jewellery\/Eyewear Label - RFID Depo\",\"isPartOf\":{\"@id\":\"https:\/\/rfiddepo.com\/en\/#website\"},\"primaryImageOfPage\":{\"@id\":\"https:\/\/rfiddepo.com\/en\/urunlerimiz\/jewellery-eyewear-label\/#primaryimage\"},\"image\":{\"@id\":\"https:\/\/rfiddepo.com\/en\/urunlerimiz\/jewellery-eyewear-label\/#primaryimage\"},\"thumbnailUrl\":\"https:\/\/rfiddepo.com\/wp-content\/uploads\/2025\/11\/JewelleryEyewearlabel.png\",\"datePublished\":\"2025-11-13T08:01:44+00:00\",\"dateModified\":\"2025-12-15T07:47:02+00:00\",\"description\":\"Jewellery\/Eyewear Label, tak\u0131 ve g\u00f6zl\u00fckler i\u00e7in yaz\u0131c\u0131 uyumlu, d\u00fc\u015f\u00fck maliyetli UHF etikettir. Impinj M830 \u00e7ipiyle y\u00fcksek performans ve kolay kodlama sunar.\",\"breadcrumb\":{\"@id\":\"https:\/\/rfiddepo.com\/en\/urunlerimiz\/jewellery-eyewear-label\/#breadcrumb\"},\"inLanguage\":\"en-US\",\"potentialAction\":[{\"@type\":\"ReadAction\",\"target\":[\"https:\/\/rfiddepo.com\/en\/urunlerimiz\/jewellery-eyewear-label\/\"]}]},{\"@type\":\"ImageObject\",\"inLanguage\":\"en-US\",\"@id\":\"https:\/\/rfiddepo.com\/en\/urunlerimiz\/jewellery-eyewear-label\/#primaryimage\",\"url\":\"https:\/\/rfiddepo.com\/wp-content\/uploads\/2025\/11\/JewelleryEyewearlabel.png\",\"contentUrl\":\"https:\/\/rfiddepo.com\/wp-content\/uploads\/2025\/11\/JewelleryEyewearlabel.png\",\"width\":544,\"height\":369},{\"@type\":\"BreadcrumbList\",\"@id\":\"https:\/\/rfiddepo.com\/en\/urunlerimiz\/jewellery-eyewear-label\/#breadcrumb\",\"itemListElement\":[{\"@type\":\"ListItem\",\"position\":1,\"name\":\"Anasayfa\",\"item\":\"https:\/\/rfiddepo.com\/en\/\"},{\"@type\":\"ListItem\",\"position\":2,\"name\":\"Urunler\",\"item\":\"https:\/\/rfiddepo.com\/urunler\/\"},{\"@type\":\"ListItem\",\"position\":3,\"name\":\"Siva Iot Jewellery\/Eyewear Label\"}]},{\"@type\":\"WebSite\",\"@id\":\"https:\/\/rfiddepo.com\/en\/#website\",\"url\":\"https:\/\/rfiddepo.com\/en\/\",\"name\":\"RFID Depo\",\"description\":\"\",\"publisher\":{\"@id\":\"https:\/\/rfiddepo.com\/en\/#organization\"},\"potentialAction\":[{\"@type\":\"SearchAction\",\"target\":{\"@type\":\"EntryPoint\",\"urlTemplate\":\"https:\/\/rfiddepo.com\/en\/?s={search_term_string}\"},\"query-input\":{\"@type\":\"PropertyValueSpecification\",\"valueRequired\":true,\"valueName\":\"search_term_string\"}}],\"inLanguage\":\"en-US\"},{\"@type\":\"Organization\",\"@id\":\"https:\/\/rfiddepo.com\/en\/#organization\",\"name\":\"%%sitename%%\",\"url\":\"https:\/\/rfiddepo.com\/en\/\",\"logo\":{\"@type\":\"ImageObject\",\"inLanguage\":\"en-US\",\"@id\":\"https:\/\/rfiddepo.com\/en\/#\/schema\/logo\/image\/\",\"url\":\"https:\/\/rfiddepo.com\/wp-content\/uploads\/2025\/09\/rfiddepo-logo.png\",\"contentUrl\":\"https:\/\/rfiddepo.com\/wp-content\/uploads\/2025\/09\/rfiddepo-logo.png\",\"width\":500,\"height\":106,\"caption\":\"%%sitename%%\"},\"image\":{\"@id\":\"https:\/\/rfiddepo.com\/en\/#\/schema\/logo\/image\/\"}}]}<\/script>\n<!-- \/ Yoast SEO plugin. -->","yoast_head_json":{"title":"Siva Iot Jewellery\/Eyewear Label - RFID Depo","description":"Jewellery\/Eyewear Label, tak\u0131 ve g\u00f6zl\u00fckler i\u00e7in yaz\u0131c\u0131 uyumlu, d\u00fc\u015f\u00fck maliyetli UHF etikettir. Impinj M830 \u00e7ipiyle y\u00fcksek performans ve kolay kodlama sunar.","robots":{"index":"index","follow":"follow","max-snippet":"max-snippet:-1","max-image-preview":"max-image-preview:large","max-video-preview":"max-video-preview:-1"},"canonical":"https:\/\/rfiddepo.com\/en\/urunlerimiz\/jewellery-eyewear-label\/","og_locale":"en_US","og_type":"article","og_title":"Siva Iot Jewellery\/Eyewear Label - RFID Depo","og_description":"Jewellery\/Eyewear Label, tak\u0131 ve g\u00f6zl\u00fckler i\u00e7in yaz\u0131c\u0131 uyumlu, d\u00fc\u015f\u00fck maliyetli UHF etikettir. Impinj M830 \u00e7ipiyle y\u00fcksek performans ve kolay kodlama sunar.","og_url":"https:\/\/rfiddepo.com\/en\/urunlerimiz\/jewellery-eyewear-label\/","og_site_name":"RFID Depo","article_modified_time":"2025-12-15T07:47:02+00:00","og_image":[{"width":544,"height":369,"url":"https:\/\/rfiddepo.com\/wp-content\/uploads\/2025\/11\/JewelleryEyewearlabel.png","type":"image\/png"}],"twitter_card":"summary_large_image","twitter_misc":{"Est. reading time":"1 minute"},"schema":{"@context":"https:\/\/schema.org","@graph":[{"@type":"WebPage","@id":"https:\/\/rfiddepo.com\/en\/urunlerimiz\/jewellery-eyewear-label\/","url":"https:\/\/rfiddepo.com\/en\/urunlerimiz\/jewellery-eyewear-label\/","name":"Siva Iot Jewellery\/Eyewear Label - RFID Depo","isPartOf":{"@id":"https:\/\/rfiddepo.com\/en\/#website"},"primaryImageOfPage":{"@id":"https:\/\/rfiddepo.com\/en\/urunlerimiz\/jewellery-eyewear-label\/#primaryimage"},"image":{"@id":"https:\/\/rfiddepo.com\/en\/urunlerimiz\/jewellery-eyewear-label\/#primaryimage"},"thumbnailUrl":"https:\/\/rfiddepo.com\/wp-content\/uploads\/2025\/11\/JewelleryEyewearlabel.png","datePublished":"2025-11-13T08:01:44+00:00","dateModified":"2025-12-15T07:47:02+00:00","description":"Jewellery\/Eyewear Label, tak\u0131 ve g\u00f6zl\u00fckler i\u00e7in yaz\u0131c\u0131 uyumlu, d\u00fc\u015f\u00fck maliyetli UHF etikettir. Impinj M830 \u00e7ipiyle y\u00fcksek performans ve kolay kodlama sunar.","breadcrumb":{"@id":"https:\/\/rfiddepo.com\/en\/urunlerimiz\/jewellery-eyewear-label\/#breadcrumb"},"inLanguage":"en-US","potentialAction":[{"@type":"ReadAction","target":["https:\/\/rfiddepo.com\/en\/urunlerimiz\/jewellery-eyewear-label\/"]}]},{"@type":"ImageObject","inLanguage":"en-US","@id":"https:\/\/rfiddepo.com\/en\/urunlerimiz\/jewellery-eyewear-label\/#primaryimage","url":"https:\/\/rfiddepo.com\/wp-content\/uploads\/2025\/11\/JewelleryEyewearlabel.png","contentUrl":"https:\/\/rfiddepo.com\/wp-content\/uploads\/2025\/11\/JewelleryEyewearlabel.png","width":544,"height":369},{"@type":"BreadcrumbList","@id":"https:\/\/rfiddepo.com\/en\/urunlerimiz\/jewellery-eyewear-label\/#breadcrumb","itemListElement":[{"@type":"ListItem","position":1,"name":"Anasayfa","item":"https:\/\/rfiddepo.com\/en\/"},{"@type":"ListItem","position":2,"name":"Urunler","item":"https:\/\/rfiddepo.com\/urunler\/"},{"@type":"ListItem","position":3,"name":"Siva Iot Jewellery\/Eyewear Label"}]},{"@type":"WebSite","@id":"https:\/\/rfiddepo.com\/en\/#website","url":"https:\/\/rfiddepo.com\/en\/","name":"RFID Depo","description":"","publisher":{"@id":"https:\/\/rfiddepo.com\/en\/#organization"},"potentialAction":[{"@type":"SearchAction","target":{"@type":"EntryPoint","urlTemplate":"https:\/\/rfiddepo.com\/en\/?s={search_term_string}"},"query-input":{"@type":"PropertyValueSpecification","valueRequired":true,"valueName":"search_term_string"}}],"inLanguage":"en-US"},{"@type":"Organization","@id":"https:\/\/rfiddepo.com\/en\/#organization","name":"%%sitename%%","url":"https:\/\/rfiddepo.com\/en\/","logo":{"@type":"ImageObject","inLanguage":"en-US","@id":"https:\/\/rfiddepo.com\/en\/#\/schema\/logo\/image\/","url":"https:\/\/rfiddepo.com\/wp-content\/uploads\/2025\/09\/rfiddepo-logo.png","contentUrl":"https:\/\/rfiddepo.com\/wp-content\/uploads\/2025\/09\/rfiddepo-logo.png","width":500,"height":106,"caption":"%%sitename%%"},"image":{"@id":"https:\/\/rfiddepo.com\/en\/#\/schema\/logo\/image\/"}}]}},"_links":{"self":[{"href":"https:\/\/rfiddepo.com\/en\/wp-json\/wp\/v2\/product\/150018","targetHints":{"allow":["GET"]}}],"collection":[{"href":"https:\/\/rfiddepo.com\/en\/wp-json\/wp\/v2\/product"}],"about":[{"href":"https:\/\/rfiddepo.com\/en\/wp-json\/wp\/v2\/types\/product"}],"replies":[{"embeddable":true,"href":"https:\/\/rfiddepo.com\/en\/wp-json\/wp\/v2\/comments?post=150018"}],"wp:featuredmedia":[{"embeddable":true,"href":"https:\/\/rfiddepo.com\/en\/wp-json\/wp\/v2\/media\/150020"}],"wp:attachment":[{"href":"https:\/\/rfiddepo.com\/en\/wp-json\/wp\/v2\/media?parent=150018"}],"wp:term":[{"taxonomy":"product_brand","embeddable":true,"href":"https:\/\/rfiddepo.com\/en\/wp-json\/wp\/v2\/product_brand?post=150018"},{"taxonomy":"product_cat","embeddable":true,"href":"https:\/\/rfiddepo.com\/en\/wp-json\/wp\/v2\/product_cat?post=150018"},{"taxonomy":"product_tag","embeddable":true,"href":"https:\/\/rfiddepo.com\/en\/wp-json\/wp\/v2\/product_tag?post=150018"}],"curies":[{"name":"wp","href":"https:\/\/api.w.org\/{rel}","templated":true}]}}