{"id":149985,"date":"2025-11-12T10:13:26","date_gmt":"2025-11-12T10:13:26","guid":{"rendered":"https:\/\/rfiddepo.com\/?post_type=product&#038;p=149985"},"modified":"2025-12-15T07:22:45","modified_gmt":"2025-12-15T07:22:45","slug":"rhino-ht-63","status":"publish","type":"product","link":"https:\/\/rfiddepo.com\/en\/urunlerimiz\/rhino-ht-63\/","title":{"rendered":"Siva Iot Rhino HT-63"},"content":{"rendered":"<table class=\"blueTable\">\n<tbody>\n<tr>\n<td><strong>Product Name<\/strong><\/td>\n<td>HT-63 ETSI\/FCC<\/td>\n<\/tr>\n<tr>\n<td><strong>Building Type<\/strong><\/td>\n<td>PCB UHF Hard Tag<\/td>\n<\/tr>\n<tr>\n<td><strong>Surface Compatibility<\/strong><\/td>\n<td>Metal surfaces<\/td>\n<\/tr>\n<tr>\n<td><strong>Features<\/strong><\/td>\n<td>Small size, shatterproof in impacts, optional adhesive back surface<\/td>\n<\/tr>\n<tr>\n<td><strong>Industrial Compatibility<\/strong><\/td>\n<td>Industrial production, IT &amp; Electronics<\/td>\n<\/tr>\n<tr>\n<td><strong>Brand<\/strong><\/td>\n<td><a href=\"\/marka\/siva-iot\/\"><img decoding=\"async\" src=\"http:\/\/www.rfiddepo.com\/wp-content\/uploads\/2022\/12\/Logo-1200x630-1-300x158.jpg\" alt=\"\" width=\"300\" height=\"158\" class=\"alignnone size-medium wp-image-148932\" srcset=\"https:\/\/rfiddepo.com\/wp-content\/uploads\/2022\/12\/Logo-1200x630-1-300x158.jpg 300w, https:\/\/rfiddepo.com\/wp-content\/uploads\/2022\/12\/Logo-1200x630-1-1024x538.jpg 1024w, https:\/\/rfiddepo.com\/wp-content\/uploads\/2022\/12\/Logo-1200x630-1-768x403.jpg 768w, https:\/\/rfiddepo.com\/wp-content\/uploads\/2022\/12\/Logo-1200x630-1-600x315.jpg 600w, https:\/\/rfiddepo.com\/wp-content\/uploads\/2022\/12\/Logo-1200x630-1.jpg 1200w\" sizes=\"(max-width: 300px) 100vw, 300px\" \/><\/a><\/td>\n<\/tr>\n<\/tbody>\n<\/table>\n<h3>Product Features:<\/h3>\n<ul>\n<li>Small size<\/li>\n<li>Unbreakable in strong impacts<\/li>\n<li>Optional adhesive backing<\/li>\n<\/ul>\n<h3>Areas of Use:<\/h3>\n<ul>\n<li>Industrial production<\/li>\n<li>IT and electronic asset tracking<\/li>\n<li>Tracking of metal-surfaced devices and equipment<\/li>\n<\/ul>","protected":false},"excerpt":{"rendered":"<p class=\" translation-block\"><strong>HT-63<\/strong> is the <strong>smallest PCB UHF hard tag for metal surfaces<\/strong>. It is designed to be shatterproof in strong impacts and withstand high temperature cycles, but it has no resistance to steam or chemicals. It can be mounted to devices with screws and has an optional adhesive backing.<\/p>\n<div class=\"datasheet\"><a href=\"https:\/\/rfiddepo.com\/wp-content\/uploads\/2025\/11\/SIVA_Rhino_HT_63.pdf\" target=\"_blank\" class=\"datasheet-btn\" rel=\"noopener\"><br \/>\n\ud83d\udcc4 Datasheet<br \/>\n<\/a><\/div>","protected":false},"featured_media":149984,"comment_status":"open","ping_status":"closed","template":"","meta":{"_monsterinsights_skip_tracking":false,"_monsterinsights_sitenote_active":false,"_monsterinsights_sitenote_note":"","_monsterinsights_sitenote_category":0},"product_brand":[422],"product_cat":[73,75,72],"product_tag":[],"class_list":{"0":"post-149985","1":"product","2":"type-product","3":"status-publish","4":"has-post-thumbnail","6":"product_brand-siva-iot","7":"product_cat-demirbas-rfid-tagleri","8":"product_cat-metal-ustu-rfid-tagler-rfid-tagler","9":"product_cat-rfid-tagler","11":"first","12":"instock","13":"shipping-taxable","14":"product-type-simple"},"yoast_head":"<!-- This site is optimized with the Yoast SEO plugin v26.6 - https:\/\/yoast.com\/wordpress\/plugins\/seo\/ -->\n<title>Siva Iot Rhino HT-63 - RFID Depo<\/title>\n<meta name=\"description\" content=\"HT-63, metal y\u00fczeyler i\u00e7in k\u00fc\u00e7\u00fck PCB UHF hard tag\u2019dir. G\u00fc\u00e7l\u00fc \u00e7arpmalara dayan\u0131kl\u0131 ve opsiyonel yap\u0131\u015fkan arka y\u00fczeye sahiptir.\" \/>\n<meta name=\"robots\" content=\"index, follow, max-snippet:-1, max-image-preview:large, max-video-preview:-1\" \/>\n<link rel=\"canonical\" href=\"https:\/\/rfiddepo.com\/en\/urunlerimiz\/rhino-ht-63\/\" \/>\n<meta property=\"og:locale\" content=\"en_US\" \/>\n<meta property=\"og:type\" content=\"article\" \/>\n<meta property=\"og:title\" content=\"Siva Iot Rhino HT-63 - RFID Depo\" \/>\n<meta property=\"og:description\" content=\"HT-63, metal y\u00fczeyler i\u00e7in k\u00fc\u00e7\u00fck PCB UHF hard tag\u2019dir. G\u00fc\u00e7l\u00fc \u00e7arpmalara dayan\u0131kl\u0131 ve opsiyonel yap\u0131\u015fkan arka y\u00fczeye sahiptir.\" \/>\n<meta property=\"og:url\" content=\"https:\/\/rfiddepo.com\/en\/urunlerimiz\/rhino-ht-63\/\" \/>\n<meta property=\"og:site_name\" content=\"RFID Depo\" \/>\n<meta property=\"article:modified_time\" content=\"2025-12-15T07:22:45+00:00\" \/>\n<meta property=\"og:image\" content=\"https:\/\/rfiddepo.com\/wp-content\/uploads\/2025\/11\/HT104.png\" \/>\n\t<meta property=\"og:image:width\" content=\"544\" \/>\n\t<meta property=\"og:image:height\" content=\"369\" \/>\n\t<meta property=\"og:image:type\" content=\"image\/png\" \/>\n<meta name=\"twitter:card\" content=\"summary_large_image\" \/>\n<meta name=\"twitter:label1\" content=\"Est. reading time\" \/>\n\t<meta name=\"twitter:data1\" content=\"1 minute\" \/>\n<script type=\"application\/ld+json\" class=\"yoast-schema-graph\">{\"@context\":\"https:\/\/schema.org\",\"@graph\":[{\"@type\":\"WebPage\",\"@id\":\"https:\/\/rfiddepo.com\/en\/urunlerimiz\/rhino-ht-63\/\",\"url\":\"https:\/\/rfiddepo.com\/en\/urunlerimiz\/rhino-ht-63\/\",\"name\":\"Siva Iot Rhino HT-63 - RFID Depo\",\"isPartOf\":{\"@id\":\"https:\/\/rfiddepo.com\/en\/#website\"},\"primaryImageOfPage\":{\"@id\":\"https:\/\/rfiddepo.com\/en\/urunlerimiz\/rhino-ht-63\/#primaryimage\"},\"image\":{\"@id\":\"https:\/\/rfiddepo.com\/en\/urunlerimiz\/rhino-ht-63\/#primaryimage\"},\"thumbnailUrl\":\"https:\/\/rfiddepo.com\/wp-content\/uploads\/2025\/11\/HT104.png\",\"datePublished\":\"2025-11-12T10:13:26+00:00\",\"dateModified\":\"2025-12-15T07:22:45+00:00\",\"description\":\"HT-63, metal y\u00fczeyler i\u00e7in k\u00fc\u00e7\u00fck PCB UHF hard tag\u2019dir. G\u00fc\u00e7l\u00fc \u00e7arpmalara dayan\u0131kl\u0131 ve opsiyonel yap\u0131\u015fkan arka y\u00fczeye sahiptir.\",\"breadcrumb\":{\"@id\":\"https:\/\/rfiddepo.com\/en\/urunlerimiz\/rhino-ht-63\/#breadcrumb\"},\"inLanguage\":\"en-US\",\"potentialAction\":[{\"@type\":\"ReadAction\",\"target\":[\"https:\/\/rfiddepo.com\/en\/urunlerimiz\/rhino-ht-63\/\"]}]},{\"@type\":\"ImageObject\",\"inLanguage\":\"en-US\",\"@id\":\"https:\/\/rfiddepo.com\/en\/urunlerimiz\/rhino-ht-63\/#primaryimage\",\"url\":\"https:\/\/rfiddepo.com\/wp-content\/uploads\/2025\/11\/HT104.png\",\"contentUrl\":\"https:\/\/rfiddepo.com\/wp-content\/uploads\/2025\/11\/HT104.png\",\"width\":544,\"height\":369},{\"@type\":\"BreadcrumbList\",\"@id\":\"https:\/\/rfiddepo.com\/en\/urunlerimiz\/rhino-ht-63\/#breadcrumb\",\"itemListElement\":[{\"@type\":\"ListItem\",\"position\":1,\"name\":\"Anasayfa\",\"item\":\"https:\/\/rfiddepo.com\/en\/\"},{\"@type\":\"ListItem\",\"position\":2,\"name\":\"Urunler\",\"item\":\"https:\/\/rfiddepo.com\/urunler\/\"},{\"@type\":\"ListItem\",\"position\":3,\"name\":\"Siva Iot Rhino HT-63\"}]},{\"@type\":\"WebSite\",\"@id\":\"https:\/\/rfiddepo.com\/en\/#website\",\"url\":\"https:\/\/rfiddepo.com\/en\/\",\"name\":\"RFID Depo\",\"description\":\"\",\"publisher\":{\"@id\":\"https:\/\/rfiddepo.com\/en\/#organization\"},\"potentialAction\":[{\"@type\":\"SearchAction\",\"target\":{\"@type\":\"EntryPoint\",\"urlTemplate\":\"https:\/\/rfiddepo.com\/en\/?s={search_term_string}\"},\"query-input\":{\"@type\":\"PropertyValueSpecification\",\"valueRequired\":true,\"valueName\":\"search_term_string\"}}],\"inLanguage\":\"en-US\"},{\"@type\":\"Organization\",\"@id\":\"https:\/\/rfiddepo.com\/en\/#organization\",\"name\":\"%%sitename%%\",\"url\":\"https:\/\/rfiddepo.com\/en\/\",\"logo\":{\"@type\":\"ImageObject\",\"inLanguage\":\"en-US\",\"@id\":\"https:\/\/rfiddepo.com\/en\/#\/schema\/logo\/image\/\",\"url\":\"https:\/\/rfiddepo.com\/wp-content\/uploads\/2025\/09\/rfiddepo-logo.png\",\"contentUrl\":\"https:\/\/rfiddepo.com\/wp-content\/uploads\/2025\/09\/rfiddepo-logo.png\",\"width\":500,\"height\":106,\"caption\":\"%%sitename%%\"},\"image\":{\"@id\":\"https:\/\/rfiddepo.com\/en\/#\/schema\/logo\/image\/\"}}]}<\/script>\n<!-- \/ Yoast SEO plugin. -->","yoast_head_json":{"title":"Siva Iot Rhino HT-63 - RFID Depo","description":"HT-63, metal y\u00fczeyler i\u00e7in k\u00fc\u00e7\u00fck PCB UHF hard tag\u2019dir. G\u00fc\u00e7l\u00fc \u00e7arpmalara dayan\u0131kl\u0131 ve opsiyonel yap\u0131\u015fkan arka y\u00fczeye sahiptir.","robots":{"index":"index","follow":"follow","max-snippet":"max-snippet:-1","max-image-preview":"max-image-preview:large","max-video-preview":"max-video-preview:-1"},"canonical":"https:\/\/rfiddepo.com\/en\/urunlerimiz\/rhino-ht-63\/","og_locale":"en_US","og_type":"article","og_title":"Siva Iot Rhino HT-63 - RFID Depo","og_description":"HT-63, metal y\u00fczeyler i\u00e7in k\u00fc\u00e7\u00fck PCB UHF hard tag\u2019dir. G\u00fc\u00e7l\u00fc \u00e7arpmalara dayan\u0131kl\u0131 ve opsiyonel yap\u0131\u015fkan arka y\u00fczeye sahiptir.","og_url":"https:\/\/rfiddepo.com\/en\/urunlerimiz\/rhino-ht-63\/","og_site_name":"RFID Depo","article_modified_time":"2025-12-15T07:22:45+00:00","og_image":[{"width":544,"height":369,"url":"https:\/\/rfiddepo.com\/wp-content\/uploads\/2025\/11\/HT104.png","type":"image\/png"}],"twitter_card":"summary_large_image","twitter_misc":{"Est. reading time":"1 minute"},"schema":{"@context":"https:\/\/schema.org","@graph":[{"@type":"WebPage","@id":"https:\/\/rfiddepo.com\/en\/urunlerimiz\/rhino-ht-63\/","url":"https:\/\/rfiddepo.com\/en\/urunlerimiz\/rhino-ht-63\/","name":"Siva Iot Rhino HT-63 - RFID Depo","isPartOf":{"@id":"https:\/\/rfiddepo.com\/en\/#website"},"primaryImageOfPage":{"@id":"https:\/\/rfiddepo.com\/en\/urunlerimiz\/rhino-ht-63\/#primaryimage"},"image":{"@id":"https:\/\/rfiddepo.com\/en\/urunlerimiz\/rhino-ht-63\/#primaryimage"},"thumbnailUrl":"https:\/\/rfiddepo.com\/wp-content\/uploads\/2025\/11\/HT104.png","datePublished":"2025-11-12T10:13:26+00:00","dateModified":"2025-12-15T07:22:45+00:00","description":"HT-63, metal y\u00fczeyler i\u00e7in k\u00fc\u00e7\u00fck PCB UHF hard tag\u2019dir. G\u00fc\u00e7l\u00fc \u00e7arpmalara dayan\u0131kl\u0131 ve opsiyonel yap\u0131\u015fkan arka y\u00fczeye sahiptir.","breadcrumb":{"@id":"https:\/\/rfiddepo.com\/en\/urunlerimiz\/rhino-ht-63\/#breadcrumb"},"inLanguage":"en-US","potentialAction":[{"@type":"ReadAction","target":["https:\/\/rfiddepo.com\/en\/urunlerimiz\/rhino-ht-63\/"]}]},{"@type":"ImageObject","inLanguage":"en-US","@id":"https:\/\/rfiddepo.com\/en\/urunlerimiz\/rhino-ht-63\/#primaryimage","url":"https:\/\/rfiddepo.com\/wp-content\/uploads\/2025\/11\/HT104.png","contentUrl":"https:\/\/rfiddepo.com\/wp-content\/uploads\/2025\/11\/HT104.png","width":544,"height":369},{"@type":"BreadcrumbList","@id":"https:\/\/rfiddepo.com\/en\/urunlerimiz\/rhino-ht-63\/#breadcrumb","itemListElement":[{"@type":"ListItem","position":1,"name":"Anasayfa","item":"https:\/\/rfiddepo.com\/en\/"},{"@type":"ListItem","position":2,"name":"Urunler","item":"https:\/\/rfiddepo.com\/urunler\/"},{"@type":"ListItem","position":3,"name":"Siva Iot Rhino HT-63"}]},{"@type":"WebSite","@id":"https:\/\/rfiddepo.com\/en\/#website","url":"https:\/\/rfiddepo.com\/en\/","name":"RFID Depo","description":"","publisher":{"@id":"https:\/\/rfiddepo.com\/en\/#organization"},"potentialAction":[{"@type":"SearchAction","target":{"@type":"EntryPoint","urlTemplate":"https:\/\/rfiddepo.com\/en\/?s={search_term_string}"},"query-input":{"@type":"PropertyValueSpecification","valueRequired":true,"valueName":"search_term_string"}}],"inLanguage":"en-US"},{"@type":"Organization","@id":"https:\/\/rfiddepo.com\/en\/#organization","name":"%%sitename%%","url":"https:\/\/rfiddepo.com\/en\/","logo":{"@type":"ImageObject","inLanguage":"en-US","@id":"https:\/\/rfiddepo.com\/en\/#\/schema\/logo\/image\/","url":"https:\/\/rfiddepo.com\/wp-content\/uploads\/2025\/09\/rfiddepo-logo.png","contentUrl":"https:\/\/rfiddepo.com\/wp-content\/uploads\/2025\/09\/rfiddepo-logo.png","width":500,"height":106,"caption":"%%sitename%%"},"image":{"@id":"https:\/\/rfiddepo.com\/en\/#\/schema\/logo\/image\/"}}]}},"_links":{"self":[{"href":"https:\/\/rfiddepo.com\/en\/wp-json\/wp\/v2\/product\/149985","targetHints":{"allow":["GET"]}}],"collection":[{"href":"https:\/\/rfiddepo.com\/en\/wp-json\/wp\/v2\/product"}],"about":[{"href":"https:\/\/rfiddepo.com\/en\/wp-json\/wp\/v2\/types\/product"}],"replies":[{"embeddable":true,"href":"https:\/\/rfiddepo.com\/en\/wp-json\/wp\/v2\/comments?post=149985"}],"wp:featuredmedia":[{"embeddable":true,"href":"https:\/\/rfiddepo.com\/en\/wp-json\/wp\/v2\/media\/149984"}],"wp:attachment":[{"href":"https:\/\/rfiddepo.com\/en\/wp-json\/wp\/v2\/media?parent=149985"}],"wp:term":[{"taxonomy":"product_brand","embeddable":true,"href":"https:\/\/rfiddepo.com\/en\/wp-json\/wp\/v2\/product_brand?post=149985"},{"taxonomy":"product_cat","embeddable":true,"href":"https:\/\/rfiddepo.com\/en\/wp-json\/wp\/v2\/product_cat?post=149985"},{"taxonomy":"product_tag","embeddable":true,"href":"https:\/\/rfiddepo.com\/en\/wp-json\/wp\/v2\/product_tag?post=149985"}],"curies":[{"name":"wp","href":"https:\/\/api.w.org\/{rel}","templated":true}]}}