{"id":149940,"date":"2025-11-11T14:17:04","date_gmt":"2025-11-11T14:17:04","guid":{"rendered":"https:\/\/rfiddepo.com\/?post_type=product&#038;p=149940"},"modified":"2025-12-15T07:13:29","modified_gmt":"2025-12-15T07:13:29","slug":"rd-rhino-ht-5050-vda","status":"publish","type":"product","link":"https:\/\/rfiddepo.com\/en\/urunlerimiz\/rd-rhino-ht-5050-vda\/","title":{"rendered":"Siva Iot RD-Rhino HT 5050 VDA"},"content":{"rendered":"<table class=\"blueTable\">\n<tbody>\n<tr>\n<td><strong>Product Name<\/strong><\/td>\n<td>HT 5050 VDA Global<\/td>\n<\/tr>\n<tr>\n<td><strong>Building Type<\/strong><\/td>\n<td>VDA compliant, Rugged UHF Hard Tag<\/td>\n<\/tr>\n<tr>\n<td><strong>Surface Compatibility<\/strong><\/td>\n<td>Metal surfaces<\/td>\n<\/tr>\n<tr>\n<td><strong>Features<\/strong><\/td>\n<td>Globally frequency-compatible, laser-processable, optional adhesive backing<\/td>\n<\/tr>\n<tr>\n<td><strong>Industrial Compatibility<\/strong><\/td>\n<td>VDA (Automotive Industry Standard)<\/td>\n<\/tr>\n<tr>\n<td><strong>Brand<\/strong><\/td>\n<td><a href=\"\/marka\/siva-iot\/\"><img decoding=\"async\" src=\"http:\/\/www.rfiddepo.com\/wp-content\/uploads\/2022\/12\/Logo-1200x630-1-300x158.jpg\" alt=\"\" width=\"300\" height=\"158\" class=\"alignnone size-medium wp-image-148932\" srcset=\"https:\/\/rfiddepo.com\/wp-content\/uploads\/2022\/12\/Logo-1200x630-1-300x158.jpg 300w, https:\/\/rfiddepo.com\/wp-content\/uploads\/2022\/12\/Logo-1200x630-1-1024x538.jpg 1024w, https:\/\/rfiddepo.com\/wp-content\/uploads\/2022\/12\/Logo-1200x630-1-768x403.jpg 768w, https:\/\/rfiddepo.com\/wp-content\/uploads\/2022\/12\/Logo-1200x630-1-600x315.jpg 600w, https:\/\/rfiddepo.com\/wp-content\/uploads\/2022\/12\/Logo-1200x630-1.jpg 1200w\" sizes=\"(max-width: 300px) 100vw, 300px\" \/><\/a><\/td>\n<\/tr>\n<\/tbody>\n<\/table>\n<p>&nbsp;<\/p>\n<h3>Product Features:<\/h3>\n<ul>\n<li>Full compliance with VDA standards<\/li>\n<li>Rugged UHF hard tag structure<\/li>\n<li>Global frequency compatibility (Global Tuning)<\/li>\n<li>High performance on metal surfaces<\/li>\n<li>Resistant to heavy riveting with brass inserts<\/li>\n<li>Laser-processable surface<\/li>\n<li>Optional adhesive backing<\/li>\n<\/ul>\n<h3>Areas of Use:<\/h3>\n<ul>\n<li>Logistics and supply chain management<\/li>\n<li>Production and industrial process tracking<\/li>\n<li>Automotive industry<\/li>\n<\/ul>","protected":false},"excerpt":{"rendered":"<p class=\" translation-block\"><strong>HT 5050 VDA Global<\/strong> is a <strong>VDA-compliant, durable UHF hard tag specifically designed for the automotive industry<\/strong>. Its global frequency compatibility allows it to be used worldwide. It delivers superior performance on metal surfaces and is resistant to heavy riveting conditions thanks to its brass inserts. It also features a laser-engravable surface and an optional adhesive backing.<\/p>\n<div class=\"datasheet\"><a href=\"https:\/\/rfiddepo.com\/wp-content\/uploads\/2025\/11\/SIVA_Rhino_HT_5050_VDA.pdf\" target=\"_blank\" class=\"datasheet-btn\" rel=\"noopener\"><br \/>\n\ud83d\udcc4 Datasheet<br \/>\n<\/a><\/div>","protected":false},"featured_media":149943,"comment_status":"open","ping_status":"closed","template":"","meta":{"_monsterinsights_skip_tracking":false,"_monsterinsights_sitenote_active":false,"_monsterinsights_sitenote_note":"","_monsterinsights_sitenote_category":0},"product_brand":[422],"product_cat":[75],"product_tag":[],"class_list":{"0":"post-149940","1":"product","2":"type-product","3":"status-publish","4":"has-post-thumbnail","6":"product_brand-siva-iot","7":"product_cat-metal-ustu-rfid-tagler-rfid-tagler","9":"first","10":"instock","11":"shipping-taxable","12":"product-type-simple"},"yoast_head":"<!-- This site is optimized with the Yoast SEO plugin v26.6 - https:\/\/yoast.com\/wordpress\/plugins\/seo\/ -->\n<title>Siva Iot RD-Rhino HT 5050 VDA - RFID Depo<\/title>\n<meta name=\"description\" content=\"HT 5050 VDA Global, otomotiv sekt\u00f6r\u00fc i\u00e7in VDA uyumlu, k\u00fcresel frekans destekli dayan\u0131kl\u0131 UHF hard tag\u2019dir. Metal y\u00fczeylerde y\u00fcksek performans sa\u011flar.\" \/>\n<meta name=\"robots\" content=\"index, follow, max-snippet:-1, max-image-preview:large, max-video-preview:-1\" \/>\n<link rel=\"canonical\" href=\"https:\/\/rfiddepo.com\/en\/urunlerimiz\/rd-rhino-ht-5050-vda\/\" \/>\n<meta property=\"og:locale\" content=\"en_US\" \/>\n<meta property=\"og:type\" content=\"article\" \/>\n<meta property=\"og:title\" content=\"Siva Iot RD-Rhino HT 5050 VDA - RFID Depo\" \/>\n<meta property=\"og:description\" content=\"HT 5050 VDA Global, otomotiv sekt\u00f6r\u00fc i\u00e7in VDA uyumlu, k\u00fcresel frekans destekli dayan\u0131kl\u0131 UHF hard tag\u2019dir. Metal y\u00fczeylerde y\u00fcksek performans sa\u011flar.\" \/>\n<meta property=\"og:url\" content=\"https:\/\/rfiddepo.com\/en\/urunlerimiz\/rd-rhino-ht-5050-vda\/\" \/>\n<meta property=\"og:site_name\" content=\"RFID Depo\" \/>\n<meta property=\"article:modified_time\" content=\"2025-12-15T07:13:29+00:00\" \/>\n<meta property=\"og:image\" content=\"https:\/\/rfiddepo.com\/wp-content\/uploads\/2025\/11\/HT5050vda.jpg\" \/>\n\t<meta property=\"og:image:width\" content=\"398\" \/>\n\t<meta property=\"og:image:height\" content=\"276\" \/>\n\t<meta property=\"og:image:type\" content=\"image\/jpeg\" \/>\n<meta name=\"twitter:card\" content=\"summary_large_image\" \/>\n<meta name=\"twitter:label1\" content=\"Est. reading time\" \/>\n\t<meta name=\"twitter:data1\" content=\"1 minute\" \/>\n<script type=\"application\/ld+json\" class=\"yoast-schema-graph\">{\"@context\":\"https:\/\/schema.org\",\"@graph\":[{\"@type\":\"WebPage\",\"@id\":\"https:\/\/rfiddepo.com\/en\/urunlerimiz\/rd-rhino-ht-5050-vda\/\",\"url\":\"https:\/\/rfiddepo.com\/en\/urunlerimiz\/rd-rhino-ht-5050-vda\/\",\"name\":\"Siva Iot RD-Rhino HT 5050 VDA - RFID Depo\",\"isPartOf\":{\"@id\":\"https:\/\/rfiddepo.com\/en\/#website\"},\"primaryImageOfPage\":{\"@id\":\"https:\/\/rfiddepo.com\/en\/urunlerimiz\/rd-rhino-ht-5050-vda\/#primaryimage\"},\"image\":{\"@id\":\"https:\/\/rfiddepo.com\/en\/urunlerimiz\/rd-rhino-ht-5050-vda\/#primaryimage\"},\"thumbnailUrl\":\"https:\/\/rfiddepo.com\/wp-content\/uploads\/2025\/11\/HT5050vda.jpg\",\"datePublished\":\"2025-11-11T14:17:04+00:00\",\"dateModified\":\"2025-12-15T07:13:29+00:00\",\"description\":\"HT 5050 VDA Global, otomotiv sekt\u00f6r\u00fc i\u00e7in VDA uyumlu, k\u00fcresel frekans destekli dayan\u0131kl\u0131 UHF hard tag\u2019dir. Metal y\u00fczeylerde y\u00fcksek performans sa\u011flar.\",\"breadcrumb\":{\"@id\":\"https:\/\/rfiddepo.com\/en\/urunlerimiz\/rd-rhino-ht-5050-vda\/#breadcrumb\"},\"inLanguage\":\"en-US\",\"potentialAction\":[{\"@type\":\"ReadAction\",\"target\":[\"https:\/\/rfiddepo.com\/en\/urunlerimiz\/rd-rhino-ht-5050-vda\/\"]}]},{\"@type\":\"ImageObject\",\"inLanguage\":\"en-US\",\"@id\":\"https:\/\/rfiddepo.com\/en\/urunlerimiz\/rd-rhino-ht-5050-vda\/#primaryimage\",\"url\":\"https:\/\/rfiddepo.com\/wp-content\/uploads\/2025\/11\/HT5050vda.jpg\",\"contentUrl\":\"https:\/\/rfiddepo.com\/wp-content\/uploads\/2025\/11\/HT5050vda.jpg\",\"width\":398,\"height\":276},{\"@type\":\"BreadcrumbList\",\"@id\":\"https:\/\/rfiddepo.com\/en\/urunlerimiz\/rd-rhino-ht-5050-vda\/#breadcrumb\",\"itemListElement\":[{\"@type\":\"ListItem\",\"position\":1,\"name\":\"Anasayfa\",\"item\":\"https:\/\/rfiddepo.com\/en\/\"},{\"@type\":\"ListItem\",\"position\":2,\"name\":\"Urunler\",\"item\":\"https:\/\/rfiddepo.com\/urunler\/\"},{\"@type\":\"ListItem\",\"position\":3,\"name\":\"Siva Iot RD-Rhino HT 5050 VDA\"}]},{\"@type\":\"WebSite\",\"@id\":\"https:\/\/rfiddepo.com\/en\/#website\",\"url\":\"https:\/\/rfiddepo.com\/en\/\",\"name\":\"RFID Depo\",\"description\":\"\",\"publisher\":{\"@id\":\"https:\/\/rfiddepo.com\/en\/#organization\"},\"potentialAction\":[{\"@type\":\"SearchAction\",\"target\":{\"@type\":\"EntryPoint\",\"urlTemplate\":\"https:\/\/rfiddepo.com\/en\/?s={search_term_string}\"},\"query-input\":{\"@type\":\"PropertyValueSpecification\",\"valueRequired\":true,\"valueName\":\"search_term_string\"}}],\"inLanguage\":\"en-US\"},{\"@type\":\"Organization\",\"@id\":\"https:\/\/rfiddepo.com\/en\/#organization\",\"name\":\"%%sitename%%\",\"url\":\"https:\/\/rfiddepo.com\/en\/\",\"logo\":{\"@type\":\"ImageObject\",\"inLanguage\":\"en-US\",\"@id\":\"https:\/\/rfiddepo.com\/en\/#\/schema\/logo\/image\/\",\"url\":\"https:\/\/rfiddepo.com\/wp-content\/uploads\/2025\/09\/rfiddepo-logo.png\",\"contentUrl\":\"https:\/\/rfiddepo.com\/wp-content\/uploads\/2025\/09\/rfiddepo-logo.png\",\"width\":500,\"height\":106,\"caption\":\"%%sitename%%\"},\"image\":{\"@id\":\"https:\/\/rfiddepo.com\/en\/#\/schema\/logo\/image\/\"}}]}<\/script>\n<!-- \/ Yoast SEO plugin. -->","yoast_head_json":{"title":"Siva Iot RD-Rhino HT 5050 VDA - RFID Depo","description":"HT 5050 VDA Global, otomotiv sekt\u00f6r\u00fc i\u00e7in VDA uyumlu, k\u00fcresel frekans destekli dayan\u0131kl\u0131 UHF hard tag\u2019dir. Metal y\u00fczeylerde y\u00fcksek performans sa\u011flar.","robots":{"index":"index","follow":"follow","max-snippet":"max-snippet:-1","max-image-preview":"max-image-preview:large","max-video-preview":"max-video-preview:-1"},"canonical":"https:\/\/rfiddepo.com\/en\/urunlerimiz\/rd-rhino-ht-5050-vda\/","og_locale":"en_US","og_type":"article","og_title":"Siva Iot RD-Rhino HT 5050 VDA - RFID Depo","og_description":"HT 5050 VDA Global, otomotiv sekt\u00f6r\u00fc i\u00e7in VDA uyumlu, k\u00fcresel frekans destekli dayan\u0131kl\u0131 UHF hard tag\u2019dir. Metal y\u00fczeylerde y\u00fcksek performans sa\u011flar.","og_url":"https:\/\/rfiddepo.com\/en\/urunlerimiz\/rd-rhino-ht-5050-vda\/","og_site_name":"RFID Depo","article_modified_time":"2025-12-15T07:13:29+00:00","og_image":[{"width":398,"height":276,"url":"https:\/\/rfiddepo.com\/wp-content\/uploads\/2025\/11\/HT5050vda.jpg","type":"image\/jpeg"}],"twitter_card":"summary_large_image","twitter_misc":{"Est. reading time":"1 minute"},"schema":{"@context":"https:\/\/schema.org","@graph":[{"@type":"WebPage","@id":"https:\/\/rfiddepo.com\/en\/urunlerimiz\/rd-rhino-ht-5050-vda\/","url":"https:\/\/rfiddepo.com\/en\/urunlerimiz\/rd-rhino-ht-5050-vda\/","name":"Siva Iot RD-Rhino HT 5050 VDA - RFID Depo","isPartOf":{"@id":"https:\/\/rfiddepo.com\/en\/#website"},"primaryImageOfPage":{"@id":"https:\/\/rfiddepo.com\/en\/urunlerimiz\/rd-rhino-ht-5050-vda\/#primaryimage"},"image":{"@id":"https:\/\/rfiddepo.com\/en\/urunlerimiz\/rd-rhino-ht-5050-vda\/#primaryimage"},"thumbnailUrl":"https:\/\/rfiddepo.com\/wp-content\/uploads\/2025\/11\/HT5050vda.jpg","datePublished":"2025-11-11T14:17:04+00:00","dateModified":"2025-12-15T07:13:29+00:00","description":"HT 5050 VDA Global, otomotiv sekt\u00f6r\u00fc i\u00e7in VDA uyumlu, k\u00fcresel frekans destekli dayan\u0131kl\u0131 UHF hard tag\u2019dir. Metal y\u00fczeylerde y\u00fcksek performans sa\u011flar.","breadcrumb":{"@id":"https:\/\/rfiddepo.com\/en\/urunlerimiz\/rd-rhino-ht-5050-vda\/#breadcrumb"},"inLanguage":"en-US","potentialAction":[{"@type":"ReadAction","target":["https:\/\/rfiddepo.com\/en\/urunlerimiz\/rd-rhino-ht-5050-vda\/"]}]},{"@type":"ImageObject","inLanguage":"en-US","@id":"https:\/\/rfiddepo.com\/en\/urunlerimiz\/rd-rhino-ht-5050-vda\/#primaryimage","url":"https:\/\/rfiddepo.com\/wp-content\/uploads\/2025\/11\/HT5050vda.jpg","contentUrl":"https:\/\/rfiddepo.com\/wp-content\/uploads\/2025\/11\/HT5050vda.jpg","width":398,"height":276},{"@type":"BreadcrumbList","@id":"https:\/\/rfiddepo.com\/en\/urunlerimiz\/rd-rhino-ht-5050-vda\/#breadcrumb","itemListElement":[{"@type":"ListItem","position":1,"name":"Anasayfa","item":"https:\/\/rfiddepo.com\/en\/"},{"@type":"ListItem","position":2,"name":"Urunler","item":"https:\/\/rfiddepo.com\/urunler\/"},{"@type":"ListItem","position":3,"name":"Siva Iot RD-Rhino HT 5050 VDA"}]},{"@type":"WebSite","@id":"https:\/\/rfiddepo.com\/en\/#website","url":"https:\/\/rfiddepo.com\/en\/","name":"RFID Depo","description":"","publisher":{"@id":"https:\/\/rfiddepo.com\/en\/#organization"},"potentialAction":[{"@type":"SearchAction","target":{"@type":"EntryPoint","urlTemplate":"https:\/\/rfiddepo.com\/en\/?s={search_term_string}"},"query-input":{"@type":"PropertyValueSpecification","valueRequired":true,"valueName":"search_term_string"}}],"inLanguage":"en-US"},{"@type":"Organization","@id":"https:\/\/rfiddepo.com\/en\/#organization","name":"%%sitename%%","url":"https:\/\/rfiddepo.com\/en\/","logo":{"@type":"ImageObject","inLanguage":"en-US","@id":"https:\/\/rfiddepo.com\/en\/#\/schema\/logo\/image\/","url":"https:\/\/rfiddepo.com\/wp-content\/uploads\/2025\/09\/rfiddepo-logo.png","contentUrl":"https:\/\/rfiddepo.com\/wp-content\/uploads\/2025\/09\/rfiddepo-logo.png","width":500,"height":106,"caption":"%%sitename%%"},"image":{"@id":"https:\/\/rfiddepo.com\/en\/#\/schema\/logo\/image\/"}}]}},"_links":{"self":[{"href":"https:\/\/rfiddepo.com\/en\/wp-json\/wp\/v2\/product\/149940","targetHints":{"allow":["GET"]}}],"collection":[{"href":"https:\/\/rfiddepo.com\/en\/wp-json\/wp\/v2\/product"}],"about":[{"href":"https:\/\/rfiddepo.com\/en\/wp-json\/wp\/v2\/types\/product"}],"replies":[{"embeddable":true,"href":"https:\/\/rfiddepo.com\/en\/wp-json\/wp\/v2\/comments?post=149940"}],"wp:featuredmedia":[{"embeddable":true,"href":"https:\/\/rfiddepo.com\/en\/wp-json\/wp\/v2\/media\/149943"}],"wp:attachment":[{"href":"https:\/\/rfiddepo.com\/en\/wp-json\/wp\/v2\/media?parent=149940"}],"wp:term":[{"taxonomy":"product_brand","embeddable":true,"href":"https:\/\/rfiddepo.com\/en\/wp-json\/wp\/v2\/product_brand?post=149940"},{"taxonomy":"product_cat","embeddable":true,"href":"https:\/\/rfiddepo.com\/en\/wp-json\/wp\/v2\/product_cat?post=149940"},{"taxonomy":"product_tag","embeddable":true,"href":"https:\/\/rfiddepo.com\/en\/wp-json\/wp\/v2\/product_tag?post=149940"}],"curies":[{"name":"wp","href":"https:\/\/api.w.org\/{rel}","templated":true}]}}