{"id":149936,"date":"2025-11-11T13:37:36","date_gmt":"2025-11-11T13:37:36","guid":{"rendered":"https:\/\/rfiddepo.com\/?post_type=product&#038;p=149936"},"modified":"2025-12-15T07:11:45","modified_gmt":"2025-12-15T07:11:45","slug":"rd-rhino-ht-11025m-magnets-global","status":"publish","type":"product","link":"https:\/\/rfiddepo.com\/en\/urunlerimiz\/rd-rhino-ht-11025m-magnets-global\/","title":{"rendered":"Siva Iot RD-Rhino HT 11025M (Magnets) Global"},"content":{"rendered":"<table class=\"blueTable\">\n<tbody>\n<tr>\n<td><strong>Product Name<\/strong><\/td>\n<td>RD-Rhino HT 11025M (Magnets) Global<\/td>\n<\/tr>\n<tr>\n<td><strong>Building Type<\/strong><\/td>\n<td>Rugged UHF Hard Tag<\/td>\n<\/tr>\n<tr>\n<td><strong>Montaj Tipi<\/strong><\/td>\n<td>Adhesion to metal surfaces with embedded magnets<\/td>\n<\/tr>\n<tr>\n<td><strong>Surface Compatibility<\/strong><\/td>\n<td>Metal surfaces<\/td>\n<\/tr>\n<tr>\n<td><strong>Features<\/strong><\/td>\n<td>Globally frequency-compatible, laser-processable, reusable<\/td>\n<\/tr>\n<tr>\n<td><strong>Brand<\/strong><\/td>\n<td><a href=\"\/marka\/siva-iot\/\"><img decoding=\"async\" src=\"http:\/\/www.rfiddepo.com\/wp-content\/uploads\/2022\/12\/Logo-1200x630-1-300x158.jpg\" alt=\"\" width=\"300\" height=\"158\" class=\"alignnone size-medium wp-image-148932\" srcset=\"https:\/\/rfiddepo.com\/wp-content\/uploads\/2022\/12\/Logo-1200x630-1-300x158.jpg 300w, https:\/\/rfiddepo.com\/wp-content\/uploads\/2022\/12\/Logo-1200x630-1-1024x538.jpg 1024w, https:\/\/rfiddepo.com\/wp-content\/uploads\/2022\/12\/Logo-1200x630-1-768x403.jpg 768w, https:\/\/rfiddepo.com\/wp-content\/uploads\/2022\/12\/Logo-1200x630-1-600x315.jpg 600w, https:\/\/rfiddepo.com\/wp-content\/uploads\/2022\/12\/Logo-1200x630-1.jpg 1200w\" sizes=\"(max-width: 300px) 100vw, 300px\" \/><\/a><\/td>\n<\/tr>\n<\/tbody>\n<\/table>\n<p>&nbsp;<\/p>\n<h3>Product Features:<\/h3>\n<ul>\n<li>Robust and durable construction (Rugged Design)<\/li>\n<li>Global frequency compatibility (Global Tuning)<\/li>\n<li>Integrated magnets that provide strong adhesion to metal surfaces<\/li>\n<li>Easy relocation and reuse<\/li>\n<li>Laser-processable surface<\/li>\n<\/ul>\n<h3>Areas of Use:<\/h3>\n<ul>\n<li>Logistics and supply chain management<\/li>\n<li>Production and industrial process tracking<\/li>\n<li>Automotive industry<\/li>\n<\/ul>","protected":false},"excerpt":{"rendered":"<p class=\" translation-block\"><strong>RD-Rhino HT 11025M (Magnets) Global<\/strong> is a <strong>magnetic, durable UHF hard tag optimized for metal surfaces<\/strong>. With global frequency compatibility, this tag is an excellent solution for applications requiring relocation or reuse. It also offers long-term use in industrial environments with its laser-engravable surface.<\/p>\n<div class=\"datasheet\"><a href=\"https:\/\/rfiddepo.com\/wp-content\/uploads\/2025\/11\/SIVA_Rhino_HT_11025M.pdf\" target=\"_blank\" class=\"datasheet-btn\" rel=\"noopener\"><br \/>\n\ud83d\udcc4 Datasheet<br \/>\n<\/a><\/div>","protected":false},"featured_media":149938,"comment_status":"open","ping_status":"closed","template":"","meta":{"_monsterinsights_skip_tracking":false,"_monsterinsights_sitenote_active":false,"_monsterinsights_sitenote_note":"","_monsterinsights_sitenote_category":0},"product_brand":[422],"product_cat":[75],"product_tag":[],"class_list":{"0":"post-149936","1":"product","2":"type-product","3":"status-publish","4":"has-post-thumbnail","6":"product_brand-siva-iot","7":"product_cat-metal-ustu-rfid-tagler-rfid-tagler","9":"first","10":"instock","11":"shipping-taxable","12":"product-type-simple"},"yoast_head":"<!-- This site is optimized with the Yoast SEO plugin v26.6 - https:\/\/yoast.com\/wordpress\/plugins\/seo\/ -->\n<title>Siva Iot RD-Rhino HT 11025M (Magnets) Global - RFID Depo<\/title>\n<meta name=\"description\" content=\"RD-Rhino HT 11025M, m\u0131knat\u0131sl\u0131, k\u00fcresel frekans uyumlu dayan\u0131kl\u0131 UHF hard tag\u2019dir. Metal y\u00fczeylerde yeniden konumland\u0131r\u0131labilir ve lazerle i\u015flenebilir.\" \/>\n<meta name=\"robots\" content=\"index, follow, max-snippet:-1, max-image-preview:large, max-video-preview:-1\" \/>\n<link rel=\"canonical\" href=\"https:\/\/rfiddepo.com\/en\/urunlerimiz\/rd-rhino-ht-11025m-magnets-global\/\" \/>\n<meta property=\"og:locale\" content=\"en_US\" \/>\n<meta property=\"og:type\" content=\"article\" \/>\n<meta property=\"og:title\" content=\"Siva Iot RD-Rhino HT 11025M (Magnets) Global - RFID Depo\" \/>\n<meta property=\"og:description\" content=\"RD-Rhino HT 11025M, m\u0131knat\u0131sl\u0131, k\u00fcresel frekans uyumlu dayan\u0131kl\u0131 UHF hard tag\u2019dir. Metal y\u00fczeylerde yeniden konumland\u0131r\u0131labilir ve lazerle i\u015flenebilir.\" \/>\n<meta property=\"og:url\" content=\"https:\/\/rfiddepo.com\/en\/urunlerimiz\/rd-rhino-ht-11025m-magnets-global\/\" \/>\n<meta property=\"og:site_name\" content=\"RFID Depo\" \/>\n<meta property=\"article:modified_time\" content=\"2025-12-15T07:11:45+00:00\" \/>\n<meta property=\"og:image\" content=\"https:\/\/rfiddepo.com\/wp-content\/uploads\/2025\/11\/HT11025.jpg\" \/>\n\t<meta property=\"og:image:width\" content=\"400\" \/>\n\t<meta property=\"og:image:height\" content=\"291\" \/>\n\t<meta property=\"og:image:type\" content=\"image\/jpeg\" \/>\n<meta name=\"twitter:card\" content=\"summary_large_image\" \/>\n<meta name=\"twitter:label1\" content=\"Est. reading time\" \/>\n\t<meta name=\"twitter:data1\" content=\"1 minute\" \/>\n<script type=\"application\/ld+json\" class=\"yoast-schema-graph\">{\"@context\":\"https:\/\/schema.org\",\"@graph\":[{\"@type\":\"WebPage\",\"@id\":\"https:\/\/rfiddepo.com\/en\/urunlerimiz\/rd-rhino-ht-11025m-magnets-global\/\",\"url\":\"https:\/\/rfiddepo.com\/en\/urunlerimiz\/rd-rhino-ht-11025m-magnets-global\/\",\"name\":\"Siva Iot RD-Rhino HT 11025M (Magnets) Global - RFID Depo\",\"isPartOf\":{\"@id\":\"https:\/\/rfiddepo.com\/en\/#website\"},\"primaryImageOfPage\":{\"@id\":\"https:\/\/rfiddepo.com\/en\/urunlerimiz\/rd-rhino-ht-11025m-magnets-global\/#primaryimage\"},\"image\":{\"@id\":\"https:\/\/rfiddepo.com\/en\/urunlerimiz\/rd-rhino-ht-11025m-magnets-global\/#primaryimage\"},\"thumbnailUrl\":\"https:\/\/rfiddepo.com\/wp-content\/uploads\/2025\/11\/HT11025.jpg\",\"datePublished\":\"2025-11-11T13:37:36+00:00\",\"dateModified\":\"2025-12-15T07:11:45+00:00\",\"description\":\"RD-Rhino HT 11025M, m\u0131knat\u0131sl\u0131, k\u00fcresel frekans uyumlu dayan\u0131kl\u0131 UHF hard tag\u2019dir. Metal y\u00fczeylerde yeniden konumland\u0131r\u0131labilir ve lazerle i\u015flenebilir.\",\"breadcrumb\":{\"@id\":\"https:\/\/rfiddepo.com\/en\/urunlerimiz\/rd-rhino-ht-11025m-magnets-global\/#breadcrumb\"},\"inLanguage\":\"en-US\",\"potentialAction\":[{\"@type\":\"ReadAction\",\"target\":[\"https:\/\/rfiddepo.com\/en\/urunlerimiz\/rd-rhino-ht-11025m-magnets-global\/\"]}]},{\"@type\":\"ImageObject\",\"inLanguage\":\"en-US\",\"@id\":\"https:\/\/rfiddepo.com\/en\/urunlerimiz\/rd-rhino-ht-11025m-magnets-global\/#primaryimage\",\"url\":\"https:\/\/rfiddepo.com\/wp-content\/uploads\/2025\/11\/HT11025.jpg\",\"contentUrl\":\"https:\/\/rfiddepo.com\/wp-content\/uploads\/2025\/11\/HT11025.jpg\",\"width\":400,\"height\":291},{\"@type\":\"BreadcrumbList\",\"@id\":\"https:\/\/rfiddepo.com\/en\/urunlerimiz\/rd-rhino-ht-11025m-magnets-global\/#breadcrumb\",\"itemListElement\":[{\"@type\":\"ListItem\",\"position\":1,\"name\":\"Anasayfa\",\"item\":\"https:\/\/rfiddepo.com\/en\/\"},{\"@type\":\"ListItem\",\"position\":2,\"name\":\"Urunler\",\"item\":\"https:\/\/rfiddepo.com\/urunler\/\"},{\"@type\":\"ListItem\",\"position\":3,\"name\":\"Siva Iot RD-Rhino HT 11025M (Magnets) Global\"}]},{\"@type\":\"WebSite\",\"@id\":\"https:\/\/rfiddepo.com\/en\/#website\",\"url\":\"https:\/\/rfiddepo.com\/en\/\",\"name\":\"RFID Depo\",\"description\":\"\",\"publisher\":{\"@id\":\"https:\/\/rfiddepo.com\/en\/#organization\"},\"potentialAction\":[{\"@type\":\"SearchAction\",\"target\":{\"@type\":\"EntryPoint\",\"urlTemplate\":\"https:\/\/rfiddepo.com\/en\/?s={search_term_string}\"},\"query-input\":{\"@type\":\"PropertyValueSpecification\",\"valueRequired\":true,\"valueName\":\"search_term_string\"}}],\"inLanguage\":\"en-US\"},{\"@type\":\"Organization\",\"@id\":\"https:\/\/rfiddepo.com\/en\/#organization\",\"name\":\"%%sitename%%\",\"url\":\"https:\/\/rfiddepo.com\/en\/\",\"logo\":{\"@type\":\"ImageObject\",\"inLanguage\":\"en-US\",\"@id\":\"https:\/\/rfiddepo.com\/en\/#\/schema\/logo\/image\/\",\"url\":\"https:\/\/rfiddepo.com\/wp-content\/uploads\/2025\/09\/rfiddepo-logo.png\",\"contentUrl\":\"https:\/\/rfiddepo.com\/wp-content\/uploads\/2025\/09\/rfiddepo-logo.png\",\"width\":500,\"height\":106,\"caption\":\"%%sitename%%\"},\"image\":{\"@id\":\"https:\/\/rfiddepo.com\/en\/#\/schema\/logo\/image\/\"}}]}<\/script>\n<!-- \/ Yoast SEO plugin. -->","yoast_head_json":{"title":"Siva Iot RD-Rhino HT 11025M (Magnets) Global - RFID Depo","description":"RD-Rhino HT 11025M, m\u0131knat\u0131sl\u0131, k\u00fcresel frekans uyumlu dayan\u0131kl\u0131 UHF hard tag\u2019dir. Metal y\u00fczeylerde yeniden konumland\u0131r\u0131labilir ve lazerle i\u015flenebilir.","robots":{"index":"index","follow":"follow","max-snippet":"max-snippet:-1","max-image-preview":"max-image-preview:large","max-video-preview":"max-video-preview:-1"},"canonical":"https:\/\/rfiddepo.com\/en\/urunlerimiz\/rd-rhino-ht-11025m-magnets-global\/","og_locale":"en_US","og_type":"article","og_title":"Siva Iot RD-Rhino HT 11025M (Magnets) Global - RFID Depo","og_description":"RD-Rhino HT 11025M, m\u0131knat\u0131sl\u0131, k\u00fcresel frekans uyumlu dayan\u0131kl\u0131 UHF hard tag\u2019dir. Metal y\u00fczeylerde yeniden konumland\u0131r\u0131labilir ve lazerle i\u015flenebilir.","og_url":"https:\/\/rfiddepo.com\/en\/urunlerimiz\/rd-rhino-ht-11025m-magnets-global\/","og_site_name":"RFID Depo","article_modified_time":"2025-12-15T07:11:45+00:00","og_image":[{"width":400,"height":291,"url":"https:\/\/rfiddepo.com\/wp-content\/uploads\/2025\/11\/HT11025.jpg","type":"image\/jpeg"}],"twitter_card":"summary_large_image","twitter_misc":{"Est. reading time":"1 minute"},"schema":{"@context":"https:\/\/schema.org","@graph":[{"@type":"WebPage","@id":"https:\/\/rfiddepo.com\/en\/urunlerimiz\/rd-rhino-ht-11025m-magnets-global\/","url":"https:\/\/rfiddepo.com\/en\/urunlerimiz\/rd-rhino-ht-11025m-magnets-global\/","name":"Siva Iot RD-Rhino HT 11025M (Magnets) Global - RFID Depo","isPartOf":{"@id":"https:\/\/rfiddepo.com\/en\/#website"},"primaryImageOfPage":{"@id":"https:\/\/rfiddepo.com\/en\/urunlerimiz\/rd-rhino-ht-11025m-magnets-global\/#primaryimage"},"image":{"@id":"https:\/\/rfiddepo.com\/en\/urunlerimiz\/rd-rhino-ht-11025m-magnets-global\/#primaryimage"},"thumbnailUrl":"https:\/\/rfiddepo.com\/wp-content\/uploads\/2025\/11\/HT11025.jpg","datePublished":"2025-11-11T13:37:36+00:00","dateModified":"2025-12-15T07:11:45+00:00","description":"RD-Rhino HT 11025M, m\u0131knat\u0131sl\u0131, k\u00fcresel frekans uyumlu dayan\u0131kl\u0131 UHF hard tag\u2019dir. Metal y\u00fczeylerde yeniden konumland\u0131r\u0131labilir ve lazerle i\u015flenebilir.","breadcrumb":{"@id":"https:\/\/rfiddepo.com\/en\/urunlerimiz\/rd-rhino-ht-11025m-magnets-global\/#breadcrumb"},"inLanguage":"en-US","potentialAction":[{"@type":"ReadAction","target":["https:\/\/rfiddepo.com\/en\/urunlerimiz\/rd-rhino-ht-11025m-magnets-global\/"]}]},{"@type":"ImageObject","inLanguage":"en-US","@id":"https:\/\/rfiddepo.com\/en\/urunlerimiz\/rd-rhino-ht-11025m-magnets-global\/#primaryimage","url":"https:\/\/rfiddepo.com\/wp-content\/uploads\/2025\/11\/HT11025.jpg","contentUrl":"https:\/\/rfiddepo.com\/wp-content\/uploads\/2025\/11\/HT11025.jpg","width":400,"height":291},{"@type":"BreadcrumbList","@id":"https:\/\/rfiddepo.com\/en\/urunlerimiz\/rd-rhino-ht-11025m-magnets-global\/#breadcrumb","itemListElement":[{"@type":"ListItem","position":1,"name":"Anasayfa","item":"https:\/\/rfiddepo.com\/en\/"},{"@type":"ListItem","position":2,"name":"Urunler","item":"https:\/\/rfiddepo.com\/urunler\/"},{"@type":"ListItem","position":3,"name":"Siva Iot RD-Rhino HT 11025M (Magnets) Global"}]},{"@type":"WebSite","@id":"https:\/\/rfiddepo.com\/en\/#website","url":"https:\/\/rfiddepo.com\/en\/","name":"RFID Depo","description":"","publisher":{"@id":"https:\/\/rfiddepo.com\/en\/#organization"},"potentialAction":[{"@type":"SearchAction","target":{"@type":"EntryPoint","urlTemplate":"https:\/\/rfiddepo.com\/en\/?s={search_term_string}"},"query-input":{"@type":"PropertyValueSpecification","valueRequired":true,"valueName":"search_term_string"}}],"inLanguage":"en-US"},{"@type":"Organization","@id":"https:\/\/rfiddepo.com\/en\/#organization","name":"%%sitename%%","url":"https:\/\/rfiddepo.com\/en\/","logo":{"@type":"ImageObject","inLanguage":"en-US","@id":"https:\/\/rfiddepo.com\/en\/#\/schema\/logo\/image\/","url":"https:\/\/rfiddepo.com\/wp-content\/uploads\/2025\/09\/rfiddepo-logo.png","contentUrl":"https:\/\/rfiddepo.com\/wp-content\/uploads\/2025\/09\/rfiddepo-logo.png","width":500,"height":106,"caption":"%%sitename%%"},"image":{"@id":"https:\/\/rfiddepo.com\/en\/#\/schema\/logo\/image\/"}}]}},"_links":{"self":[{"href":"https:\/\/rfiddepo.com\/en\/wp-json\/wp\/v2\/product\/149936","targetHints":{"allow":["GET"]}}],"collection":[{"href":"https:\/\/rfiddepo.com\/en\/wp-json\/wp\/v2\/product"}],"about":[{"href":"https:\/\/rfiddepo.com\/en\/wp-json\/wp\/v2\/types\/product"}],"replies":[{"embeddable":true,"href":"https:\/\/rfiddepo.com\/en\/wp-json\/wp\/v2\/comments?post=149936"}],"wp:featuredmedia":[{"embeddable":true,"href":"https:\/\/rfiddepo.com\/en\/wp-json\/wp\/v2\/media\/149938"}],"wp:attachment":[{"href":"https:\/\/rfiddepo.com\/en\/wp-json\/wp\/v2\/media?parent=149936"}],"wp:term":[{"taxonomy":"product_brand","embeddable":true,"href":"https:\/\/rfiddepo.com\/en\/wp-json\/wp\/v2\/product_brand?post=149936"},{"taxonomy":"product_cat","embeddable":true,"href":"https:\/\/rfiddepo.com\/en\/wp-json\/wp\/v2\/product_cat?post=149936"},{"taxonomy":"product_tag","embeddable":true,"href":"https:\/\/rfiddepo.com\/en\/wp-json\/wp\/v2\/product_tag?post=149936"}],"curies":[{"name":"wp","href":"https:\/\/api.w.org\/{rel}","templated":true}]}}