{"id":149928,"date":"2025-11-11T13:12:00","date_gmt":"2025-11-11T13:12:00","guid":{"rendered":"https:\/\/rfiddepo.com\/?post_type=product&#038;p=149928"},"modified":"2025-12-15T07:01:43","modified_gmt":"2025-12-15T07:01:43","slug":"rhino-ht-3915-etsi-fcc","status":"publish","type":"product","link":"https:\/\/rfiddepo.com\/en\/urunlerimiz\/rhino-ht-3915-etsi-fcc\/","title":{"rendered":"Siva Iot Rhino HT 3915 ETSI \/ FCC"},"content":{"rendered":"<table class=\"blueTable\">\n<tbody>\n<tr>\n<td><strong>Product Name<\/strong><\/td>\n<td>HT 3915 ETSI \/ FCC<\/td>\n<\/tr>\n<tr>\n<td><strong>Industries<\/strong><\/td>\n<td>IT Asset Management, Automotive, Logistics, and Supply Chain<\/td>\n<\/tr>\n<tr>\n<td><strong>Surface Compatibility<\/strong><\/td>\n<td>Metal and non-metal surfaces<\/td>\n<\/tr>\n<tr>\n<td><strong>Installation Options<\/strong><\/td>\n<td>Self-adhesive or with cable ties<\/td>\n<\/tr>\n<tr>\n<td><strong>Feature<\/strong><\/td>\n<td>Compact form factor, high durability, metal-compatible design<\/td>\n<\/tr>\n<tr>\n<td><strong>Brand<\/strong><\/td>\n<td><a href=\"\/marka\/siva-iot\/\"><img decoding=\"async\" src=\"http:\/\/www.rfiddepo.com\/wp-content\/uploads\/2022\/12\/Logo-1200x630-1-300x158.jpg\" alt=\"\" width=\"300\" height=\"158\" class=\"alignnone size-medium wp-image-148932\" srcset=\"https:\/\/rfiddepo.com\/wp-content\/uploads\/2022\/12\/Logo-1200x630-1-300x158.jpg 300w, https:\/\/rfiddepo.com\/wp-content\/uploads\/2022\/12\/Logo-1200x630-1-1024x538.jpg 1024w, https:\/\/rfiddepo.com\/wp-content\/uploads\/2022\/12\/Logo-1200x630-1-768x403.jpg 768w, https:\/\/rfiddepo.com\/wp-content\/uploads\/2022\/12\/Logo-1200x630-1-600x315.jpg 600w, https:\/\/rfiddepo.com\/wp-content\/uploads\/2022\/12\/Logo-1200x630-1.jpg 1200w\" sizes=\"(max-width: 300px) 100vw, 300px\" \/><\/a><\/td>\n<\/tr>\n<\/tbody>\n<\/table>\n<p>&nbsp;<\/p>\n<h3>Product Features:<\/h3>\n<ul>\n<li>Compact design<\/li>\n<li>Self-adhesive<\/li>\n<li>Cable tie mounting option<\/li>\n<li>Optimized for metal surfaces<\/li>\n<li>Can also be used on non-metallic surfaces<\/li>\n<li>High-durability hard tag<\/li>\n<\/ul>\n<h3>Areas of Use:<\/h3>\n<ul>\n<li>IT asset management<\/li>\n<li>Automotive industry<\/li>\n<li>Logistics and supply chain<\/li>\n<\/ul>","protected":false},"excerpt":{"rendered":"<p class=\" translation-block\"><strong>HT 3915<\/strong> is a small-sized UHF tag designed specifically for <strong>IT asset management<\/strong>. It is self-adhesive by default and can also be mounted with a <strong>cable tie<\/strong>. It is optimized for metal surfaces but also works efficiently on non-metallic objects.<\/p>\n<div class=\"datasheet\"><a href=\"https:\/\/rfiddepo.com\/wp-content\/uploads\/2025\/11\/SIVA_Rhino_HT_3915.pdf\" target=\"_blank\" class=\"datasheet-btn\" rel=\"noopener\"><br \/>\n\ud83d\udcc4 Datasheet<br \/>\n<\/a><\/div>","protected":false},"featured_media":149929,"comment_status":"open","ping_status":"closed","template":"","meta":{"_monsterinsights_skip_tracking":false,"_monsterinsights_sitenote_active":false,"_monsterinsights_sitenote_note":"","_monsterinsights_sitenote_category":0},"product_brand":[422],"product_cat":[73,75],"product_tag":[],"class_list":{"0":"post-149928","1":"product","2":"type-product","3":"status-publish","4":"has-post-thumbnail","6":"product_brand-siva-iot","7":"product_cat-demirbas-rfid-tagleri","8":"product_cat-metal-ustu-rfid-tagler-rfid-tagler","10":"first","11":"instock","12":"shipping-taxable","13":"product-type-simple"},"yoast_head":"<!-- This site is optimized with the Yoast SEO plugin v26.6 - https:\/\/yoast.com\/wordpress\/plugins\/seo\/ -->\n<title>Siva Iot Rhino HT 3915 ETSI \/ FCC - RFID Depo<\/title>\n<meta name=\"description\" content=\"HT 3915 ETSI \/ FCC, metal y\u00fczeyler i\u00e7in optimize edilmi\u015f kompakt UHF etikettir. IT varl\u0131k y\u00f6netimi i\u00e7in idealdir, kendinden yap\u0131\u015fkanl\u0131 ve dayan\u0131kl\u0131 yap\u0131ya sahiptir.\" \/>\n<meta name=\"robots\" content=\"index, follow, max-snippet:-1, max-image-preview:large, max-video-preview:-1\" \/>\n<link rel=\"canonical\" href=\"https:\/\/rfiddepo.com\/en\/urunlerimiz\/rhino-ht-3915-etsi-fcc\/\" \/>\n<meta property=\"og:locale\" content=\"en_US\" \/>\n<meta property=\"og:type\" content=\"article\" \/>\n<meta property=\"og:title\" content=\"Siva Iot Rhino HT 3915 ETSI \/ FCC - RFID Depo\" \/>\n<meta property=\"og:description\" content=\"HT 3915 ETSI \/ FCC, metal y\u00fczeyler i\u00e7in optimize edilmi\u015f kompakt UHF etikettir. IT varl\u0131k y\u00f6netimi i\u00e7in idealdir, kendinden yap\u0131\u015fkanl\u0131 ve dayan\u0131kl\u0131 yap\u0131ya sahiptir.\" \/>\n<meta property=\"og:url\" content=\"https:\/\/rfiddepo.com\/en\/urunlerimiz\/rhino-ht-3915-etsi-fcc\/\" \/>\n<meta property=\"og:site_name\" content=\"RFID Depo\" \/>\n<meta property=\"article:modified_time\" content=\"2025-12-15T07:01:43+00:00\" \/>\n<meta property=\"og:image\" content=\"https:\/\/rfiddepo.com\/wp-content\/uploads\/2025\/11\/3915ht-scaled.jpg\" \/>\n\t<meta property=\"og:image:width\" content=\"2560\" \/>\n\t<meta property=\"og:image:height\" content=\"2560\" \/>\n\t<meta property=\"og:image:type\" content=\"image\/jpeg\" \/>\n<meta name=\"twitter:card\" content=\"summary_large_image\" \/>\n<meta name=\"twitter:label1\" content=\"Est. reading time\" \/>\n\t<meta name=\"twitter:data1\" content=\"1 minute\" \/>\n<script type=\"application\/ld+json\" class=\"yoast-schema-graph\">{\"@context\":\"https:\/\/schema.org\",\"@graph\":[{\"@type\":\"WebPage\",\"@id\":\"https:\/\/rfiddepo.com\/en\/urunlerimiz\/rhino-ht-3915-etsi-fcc\/\",\"url\":\"https:\/\/rfiddepo.com\/en\/urunlerimiz\/rhino-ht-3915-etsi-fcc\/\",\"name\":\"Siva Iot Rhino HT 3915 ETSI \/ FCC - RFID Depo\",\"isPartOf\":{\"@id\":\"https:\/\/rfiddepo.com\/en\/#website\"},\"primaryImageOfPage\":{\"@id\":\"https:\/\/rfiddepo.com\/en\/urunlerimiz\/rhino-ht-3915-etsi-fcc\/#primaryimage\"},\"image\":{\"@id\":\"https:\/\/rfiddepo.com\/en\/urunlerimiz\/rhino-ht-3915-etsi-fcc\/#primaryimage\"},\"thumbnailUrl\":\"https:\/\/rfiddepo.com\/wp-content\/uploads\/2025\/11\/3915ht-scaled.jpg\",\"datePublished\":\"2025-11-11T13:12:00+00:00\",\"dateModified\":\"2025-12-15T07:01:43+00:00\",\"description\":\"HT 3915 ETSI \/ FCC, metal y\u00fczeyler i\u00e7in optimize edilmi\u015f kompakt UHF etikettir. IT varl\u0131k y\u00f6netimi i\u00e7in idealdir, kendinden yap\u0131\u015fkanl\u0131 ve dayan\u0131kl\u0131 yap\u0131ya sahiptir.\",\"breadcrumb\":{\"@id\":\"https:\/\/rfiddepo.com\/en\/urunlerimiz\/rhino-ht-3915-etsi-fcc\/#breadcrumb\"},\"inLanguage\":\"en-US\",\"potentialAction\":[{\"@type\":\"ReadAction\",\"target\":[\"https:\/\/rfiddepo.com\/en\/urunlerimiz\/rhino-ht-3915-etsi-fcc\/\"]}]},{\"@type\":\"ImageObject\",\"inLanguage\":\"en-US\",\"@id\":\"https:\/\/rfiddepo.com\/en\/urunlerimiz\/rhino-ht-3915-etsi-fcc\/#primaryimage\",\"url\":\"https:\/\/rfiddepo.com\/wp-content\/uploads\/2025\/11\/3915ht-scaled.jpg\",\"contentUrl\":\"https:\/\/rfiddepo.com\/wp-content\/uploads\/2025\/11\/3915ht-scaled.jpg\",\"width\":2560,\"height\":2560},{\"@type\":\"BreadcrumbList\",\"@id\":\"https:\/\/rfiddepo.com\/en\/urunlerimiz\/rhino-ht-3915-etsi-fcc\/#breadcrumb\",\"itemListElement\":[{\"@type\":\"ListItem\",\"position\":1,\"name\":\"Anasayfa\",\"item\":\"https:\/\/rfiddepo.com\/en\/\"},{\"@type\":\"ListItem\",\"position\":2,\"name\":\"Urunler\",\"item\":\"https:\/\/rfiddepo.com\/urunler\/\"},{\"@type\":\"ListItem\",\"position\":3,\"name\":\"Siva Iot Rhino HT 3915 ETSI \/ FCC\"}]},{\"@type\":\"WebSite\",\"@id\":\"https:\/\/rfiddepo.com\/en\/#website\",\"url\":\"https:\/\/rfiddepo.com\/en\/\",\"name\":\"RFID Depo\",\"description\":\"\",\"publisher\":{\"@id\":\"https:\/\/rfiddepo.com\/en\/#organization\"},\"potentialAction\":[{\"@type\":\"SearchAction\",\"target\":{\"@type\":\"EntryPoint\",\"urlTemplate\":\"https:\/\/rfiddepo.com\/en\/?s={search_term_string}\"},\"query-input\":{\"@type\":\"PropertyValueSpecification\",\"valueRequired\":true,\"valueName\":\"search_term_string\"}}],\"inLanguage\":\"en-US\"},{\"@type\":\"Organization\",\"@id\":\"https:\/\/rfiddepo.com\/en\/#organization\",\"name\":\"%%sitename%%\",\"url\":\"https:\/\/rfiddepo.com\/en\/\",\"logo\":{\"@type\":\"ImageObject\",\"inLanguage\":\"en-US\",\"@id\":\"https:\/\/rfiddepo.com\/en\/#\/schema\/logo\/image\/\",\"url\":\"https:\/\/rfiddepo.com\/wp-content\/uploads\/2025\/09\/rfiddepo-logo.png\",\"contentUrl\":\"https:\/\/rfiddepo.com\/wp-content\/uploads\/2025\/09\/rfiddepo-logo.png\",\"width\":500,\"height\":106,\"caption\":\"%%sitename%%\"},\"image\":{\"@id\":\"https:\/\/rfiddepo.com\/en\/#\/schema\/logo\/image\/\"}}]}<\/script>\n<!-- \/ Yoast SEO plugin. -->","yoast_head_json":{"title":"Siva Iot Rhino HT 3915 ETSI \/ FCC - RFID Depo","description":"HT 3915 ETSI \/ FCC, metal y\u00fczeyler i\u00e7in optimize edilmi\u015f kompakt UHF etikettir. IT varl\u0131k y\u00f6netimi i\u00e7in idealdir, kendinden yap\u0131\u015fkanl\u0131 ve dayan\u0131kl\u0131 yap\u0131ya sahiptir.","robots":{"index":"index","follow":"follow","max-snippet":"max-snippet:-1","max-image-preview":"max-image-preview:large","max-video-preview":"max-video-preview:-1"},"canonical":"https:\/\/rfiddepo.com\/en\/urunlerimiz\/rhino-ht-3915-etsi-fcc\/","og_locale":"en_US","og_type":"article","og_title":"Siva Iot Rhino HT 3915 ETSI \/ FCC - RFID Depo","og_description":"HT 3915 ETSI \/ FCC, metal y\u00fczeyler i\u00e7in optimize edilmi\u015f kompakt UHF etikettir. IT varl\u0131k y\u00f6netimi i\u00e7in idealdir, kendinden yap\u0131\u015fkanl\u0131 ve dayan\u0131kl\u0131 yap\u0131ya sahiptir.","og_url":"https:\/\/rfiddepo.com\/en\/urunlerimiz\/rhino-ht-3915-etsi-fcc\/","og_site_name":"RFID Depo","article_modified_time":"2025-12-15T07:01:43+00:00","og_image":[{"width":2560,"height":2560,"url":"https:\/\/rfiddepo.com\/wp-content\/uploads\/2025\/11\/3915ht-scaled.jpg","type":"image\/jpeg"}],"twitter_card":"summary_large_image","twitter_misc":{"Est. reading time":"1 minute"},"schema":{"@context":"https:\/\/schema.org","@graph":[{"@type":"WebPage","@id":"https:\/\/rfiddepo.com\/en\/urunlerimiz\/rhino-ht-3915-etsi-fcc\/","url":"https:\/\/rfiddepo.com\/en\/urunlerimiz\/rhino-ht-3915-etsi-fcc\/","name":"Siva Iot Rhino HT 3915 ETSI \/ FCC - RFID Depo","isPartOf":{"@id":"https:\/\/rfiddepo.com\/en\/#website"},"primaryImageOfPage":{"@id":"https:\/\/rfiddepo.com\/en\/urunlerimiz\/rhino-ht-3915-etsi-fcc\/#primaryimage"},"image":{"@id":"https:\/\/rfiddepo.com\/en\/urunlerimiz\/rhino-ht-3915-etsi-fcc\/#primaryimage"},"thumbnailUrl":"https:\/\/rfiddepo.com\/wp-content\/uploads\/2025\/11\/3915ht-scaled.jpg","datePublished":"2025-11-11T13:12:00+00:00","dateModified":"2025-12-15T07:01:43+00:00","description":"HT 3915 ETSI \/ FCC, metal y\u00fczeyler i\u00e7in optimize edilmi\u015f kompakt UHF etikettir. IT varl\u0131k y\u00f6netimi i\u00e7in idealdir, kendinden yap\u0131\u015fkanl\u0131 ve dayan\u0131kl\u0131 yap\u0131ya sahiptir.","breadcrumb":{"@id":"https:\/\/rfiddepo.com\/en\/urunlerimiz\/rhino-ht-3915-etsi-fcc\/#breadcrumb"},"inLanguage":"en-US","potentialAction":[{"@type":"ReadAction","target":["https:\/\/rfiddepo.com\/en\/urunlerimiz\/rhino-ht-3915-etsi-fcc\/"]}]},{"@type":"ImageObject","inLanguage":"en-US","@id":"https:\/\/rfiddepo.com\/en\/urunlerimiz\/rhino-ht-3915-etsi-fcc\/#primaryimage","url":"https:\/\/rfiddepo.com\/wp-content\/uploads\/2025\/11\/3915ht-scaled.jpg","contentUrl":"https:\/\/rfiddepo.com\/wp-content\/uploads\/2025\/11\/3915ht-scaled.jpg","width":2560,"height":2560},{"@type":"BreadcrumbList","@id":"https:\/\/rfiddepo.com\/en\/urunlerimiz\/rhino-ht-3915-etsi-fcc\/#breadcrumb","itemListElement":[{"@type":"ListItem","position":1,"name":"Anasayfa","item":"https:\/\/rfiddepo.com\/en\/"},{"@type":"ListItem","position":2,"name":"Urunler","item":"https:\/\/rfiddepo.com\/urunler\/"},{"@type":"ListItem","position":3,"name":"Siva Iot Rhino HT 3915 ETSI \/ FCC"}]},{"@type":"WebSite","@id":"https:\/\/rfiddepo.com\/en\/#website","url":"https:\/\/rfiddepo.com\/en\/","name":"RFID Depo","description":"","publisher":{"@id":"https:\/\/rfiddepo.com\/en\/#organization"},"potentialAction":[{"@type":"SearchAction","target":{"@type":"EntryPoint","urlTemplate":"https:\/\/rfiddepo.com\/en\/?s={search_term_string}"},"query-input":{"@type":"PropertyValueSpecification","valueRequired":true,"valueName":"search_term_string"}}],"inLanguage":"en-US"},{"@type":"Organization","@id":"https:\/\/rfiddepo.com\/en\/#organization","name":"%%sitename%%","url":"https:\/\/rfiddepo.com\/en\/","logo":{"@type":"ImageObject","inLanguage":"en-US","@id":"https:\/\/rfiddepo.com\/en\/#\/schema\/logo\/image\/","url":"https:\/\/rfiddepo.com\/wp-content\/uploads\/2025\/09\/rfiddepo-logo.png","contentUrl":"https:\/\/rfiddepo.com\/wp-content\/uploads\/2025\/09\/rfiddepo-logo.png","width":500,"height":106,"caption":"%%sitename%%"},"image":{"@id":"https:\/\/rfiddepo.com\/en\/#\/schema\/logo\/image\/"}}]}},"_links":{"self":[{"href":"https:\/\/rfiddepo.com\/en\/wp-json\/wp\/v2\/product\/149928","targetHints":{"allow":["GET"]}}],"collection":[{"href":"https:\/\/rfiddepo.com\/en\/wp-json\/wp\/v2\/product"}],"about":[{"href":"https:\/\/rfiddepo.com\/en\/wp-json\/wp\/v2\/types\/product"}],"replies":[{"embeddable":true,"href":"https:\/\/rfiddepo.com\/en\/wp-json\/wp\/v2\/comments?post=149928"}],"wp:featuredmedia":[{"embeddable":true,"href":"https:\/\/rfiddepo.com\/en\/wp-json\/wp\/v2\/media\/149929"}],"wp:attachment":[{"href":"https:\/\/rfiddepo.com\/en\/wp-json\/wp\/v2\/media?parent=149928"}],"wp:term":[{"taxonomy":"product_brand","embeddable":true,"href":"https:\/\/rfiddepo.com\/en\/wp-json\/wp\/v2\/product_brand?post=149928"},{"taxonomy":"product_cat","embeddable":true,"href":"https:\/\/rfiddepo.com\/en\/wp-json\/wp\/v2\/product_cat?post=149928"},{"taxonomy":"product_tag","embeddable":true,"href":"https:\/\/rfiddepo.com\/en\/wp-json\/wp\/v2\/product_tag?post=149928"}],"curies":[{"name":"wp","href":"https:\/\/api.w.org\/{rel}","templated":true}]}}