{"id":149221,"date":"2025-10-16T14:20:45","date_gmt":"2025-10-16T14:20:45","guid":{"rendered":"https:\/\/rfiddepo.com\/?post_type=product&#038;p=149221"},"modified":"2025-10-20T11:15:11","modified_gmt":"2025-10-20T11:15:11","slug":"keonn-advansplitter-8-rfid-power-splitter","status":"publish","type":"product","link":"https:\/\/rfiddepo.com\/en\/urunlerimiz\/keonn-advansplitter-8-rfid-power-splitter\/","title":{"rendered":"Keonn AdvanSplitter-8 RFID Power Splitter"},"content":{"rendered":"<table class=\"blueTable\">\n<tbody>\n<tr>\n<td><strong>Product Name<\/strong><\/td>\n<td>Keonn AdvanSplitter-8<\/td>\n<\/tr>\n<tr>\n<td><strong>Number of Ports<\/strong><\/td>\n<td>8<\/td>\n<\/tr>\n<tr>\n<td><strong>RF Frequency<\/strong><\/td>\n<td>860 \u2013 950 MHz<\/td>\n<\/tr>\n<tr>\n<td><strong>RF Connectors<\/strong><\/td>\n<td>1 input + 8 outputs SMA female<\/td>\n<\/tr>\n<tr>\n<td><strong>Weight<\/strong><\/td>\n<td>330 g (with case), 103 g (without case)<\/td>\n<\/tr>\n<tr>\n<td><strong>Dimensions<\/strong><\/td>\n<td>162\u00d7145\u00d725 mm (with case), 162\u00d7137\u00d714 mm (without case)<\/td>\n<\/tr>\n<tr>\n<td><strong>Operating Temperature<\/strong><\/td>\n<td>-30\u00b0C ~ +55\u00b0C<\/td>\n<\/tr>\n<tr>\n<td><strong>Brand<\/strong><\/td>\n<td><a href=\"https:\/\/rfiddepo.com\/marka\/keonn\/\"><img decoding=\"async\" src=\"https:\/\/rfiddepo.com\/wp-content\/uploads\/2025\/10\/Adsiz-tasarim-29-300x214.png\" width=\"100\" \/><\/a><\/td>\n<\/tr>\n<\/tbody>\n<\/table>\n<h3>Product Features:<\/h3>\n<ul>\n<li>It can feed eight antennas simultaneously, thus scanning an area much faster than multiplexers.<\/li>\n<li>New antenna combinations can be created by combining different Keonn antennas to provide longer reading distances and narrower beam widths.<\/li>\n<li>Low insertion loss: typically 1.1 dB (over a 9 dB split)<\/li>\n<li>It maintains its performance even if one or some of the ports are empty.<\/li>\n<li>Fast and easy connection<\/li>\n<\/ul>\n<h3>Technical Specifications:<\/h3>\n<ul>\n<li><strong>RF Frequency<\/strong> 860 \u2013 950 MHz<\/li>\n<li><strong>Number of Ports:<\/strong> 8<\/li>\n<li><strong>Insertion Loss:<\/strong> 1.1 dB (typ.), 1.4 dB (max.)<\/li>\n<li><strong>Input Return Loss:<\/strong> 14 dB (typ.), 11 dB (min.)<\/li>\n<li><strong>Output Return Loss:<\/strong> 16 dB (typ.), 15 dB (min.)<\/li>\n<li><strong>Maximum Input Power Isolation:<\/strong> 24 dB (typ.), 20 dB (min.)<\/li>\n<li><strong>Phase Unbalance:<\/strong> &lt; 1\u00b0<\/li>\n<li><strong>Amplitude Unbalance:<\/strong> 0.3 dB<\/li>\n<li><strong>Maximum Input Power:<\/strong> 33 dBm<\/li>\n<li><strong>RF Connectors:<\/strong> 1 input + 8 outputs SMA 50 ohm female<\/li>\n<li><strong>Weight<\/strong> 330 g (with case), 103 g (without case)<\/li>\n<li><strong>Dimensions<\/strong> 162\u00d7145\u00d725 mm (with case), 162\u00d7137\u00d714 mm (without case)<\/li>\n<li><strong>Operating Temperature<\/strong> -30\u00b0C ~ +55\u00b0C<\/li>\n<li><strong>Storage Temperature:<\/strong> -40\u00b0C ~ +85\u00b0C<\/li>\n<li><strong>EU Directives:<\/strong> RoHS compliant<\/li>\n<\/ul>\n<h3>Areas of Use:<\/h3>\n<ul>\n<li>Smart shelves<\/li>\n<li>RFID applications requiring high-speed scanning<\/li>\n<li>RFID applications requiring long reading distances<\/li>\n<li>RFID applications requiring a narrower beam width<\/li>\n<\/ul>","protected":false},"excerpt":{"rendered":"<p><strong>AdvanSplitter-8<\/strong>, is a high-performance 8-port power splitter designed for RFID UHF applications. It is ideal for systems where reading speed is critical and tag location is not a determining factor.<\/p>\n<div class=\"datasheet\"><a href=\"\/wp-content\/uploads\/2025\/10\/Keonn-AdvanSplitter-8-Data-sheet.pdf\" target=\"_blank\" class=\"datasheet-btn\" rel=\"noopener\"><br \/>\n\ud83d\udcc4 Datasheet<br \/>\n<\/a><\/div>","protected":false},"featured_media":149223,"comment_status":"closed","ping_status":"closed","template":"","meta":{"_monsterinsights_skip_tracking":false,"_monsterinsights_sitenote_active":false,"_monsterinsights_sitenote_note":"","_monsterinsights_sitenote_category":0},"product_brand":[186],"product_cat":[720],"product_tag":[],"class_list":{"0":"post-149221","1":"product","2":"type-product","3":"status-publish","4":"has-post-thumbnail","6":"product_brand-keonn","7":"product_cat-rfid-splitter","9":"first","10":"instock","11":"shipping-taxable","12":"purchasable","13":"product-type-simple"},"yoast_head":"<!-- This site is optimized with the Yoast SEO plugin v26.6 - https:\/\/yoast.com\/wordpress\/plugins\/seo\/ -->\n<title>Keonn AdvanSplitter-8 RFID Power Splitter - RFID Depo<\/title>\n<meta name=\"description\" content=\"Keonn AdvanSplitter-8, RFID UHF uygulamalar\u0131 i\u00e7in y\u00fcksek performansl\u0131 8 portlu g\u00fc\u00e7 splitter\u2019d\u0131r. H\u0131zl\u0131 tarama ve dar \u0131\u015f\u0131n geni\u015fli\u011fi sa\u011flar.\" \/>\n<meta name=\"robots\" content=\"index, follow, max-snippet:-1, max-image-preview:large, max-video-preview:-1\" \/>\n<link rel=\"canonical\" href=\"https:\/\/rfiddepo.com\/en\/urunlerimiz\/keonn-advansplitter-8-rfid-power-splitter\/\" \/>\n<meta property=\"og:locale\" content=\"en_US\" \/>\n<meta property=\"og:type\" content=\"article\" \/>\n<meta property=\"og:title\" content=\"Keonn AdvanSplitter-8 RFID Power Splitter - RFID Depo\" \/>\n<meta property=\"og:description\" content=\"Keonn AdvanSplitter-8, RFID UHF uygulamalar\u0131 i\u00e7in y\u00fcksek performansl\u0131 8 portlu g\u00fc\u00e7 splitter\u2019d\u0131r. H\u0131zl\u0131 tarama ve dar \u0131\u015f\u0131n geni\u015fli\u011fi sa\u011flar.\" \/>\n<meta property=\"og:url\" content=\"https:\/\/rfiddepo.com\/en\/urunlerimiz\/keonn-advansplitter-8-rfid-power-splitter\/\" \/>\n<meta property=\"og:site_name\" content=\"RFID Depo\" \/>\n<meta property=\"article:modified_time\" content=\"2025-10-20T11:15:11+00:00\" \/>\n<meta property=\"og:image\" content=\"https:\/\/rfiddepo.com\/wp-content\/uploads\/2025\/10\/AdvanSplitter8-RFID-splitter.jpg\" \/>\n\t<meta property=\"og:image:width\" content=\"1500\" \/>\n\t<meta property=\"og:image:height\" content=\"1500\" \/>\n\t<meta property=\"og:image:type\" content=\"image\/jpeg\" \/>\n<meta name=\"twitter:card\" content=\"summary_large_image\" \/>\n<meta name=\"twitter:label1\" content=\"Est. reading time\" \/>\n\t<meta name=\"twitter:data1\" content=\"2 minutes\" \/>\n<script type=\"application\/ld+json\" class=\"yoast-schema-graph\">{\"@context\":\"https:\/\/schema.org\",\"@graph\":[{\"@type\":\"WebPage\",\"@id\":\"https:\/\/rfiddepo.com\/en\/urunlerimiz\/keonn-advansplitter-8-rfid-power-splitter\/\",\"url\":\"https:\/\/rfiddepo.com\/en\/urunlerimiz\/keonn-advansplitter-8-rfid-power-splitter\/\",\"name\":\"Keonn AdvanSplitter-8 RFID Power Splitter - RFID Depo\",\"isPartOf\":{\"@id\":\"https:\/\/rfiddepo.com\/en\/#website\"},\"primaryImageOfPage\":{\"@id\":\"https:\/\/rfiddepo.com\/en\/urunlerimiz\/keonn-advansplitter-8-rfid-power-splitter\/#primaryimage\"},\"image\":{\"@id\":\"https:\/\/rfiddepo.com\/en\/urunlerimiz\/keonn-advansplitter-8-rfid-power-splitter\/#primaryimage\"},\"thumbnailUrl\":\"https:\/\/rfiddepo.com\/wp-content\/uploads\/2025\/10\/AdvanSplitter8-RFID-splitter.jpg\",\"datePublished\":\"2025-10-16T14:20:45+00:00\",\"dateModified\":\"2025-10-20T11:15:11+00:00\",\"description\":\"Keonn AdvanSplitter-8, RFID UHF uygulamalar\u0131 i\u00e7in y\u00fcksek performansl\u0131 8 portlu g\u00fc\u00e7 splitter\u2019d\u0131r. H\u0131zl\u0131 tarama ve dar \u0131\u015f\u0131n geni\u015fli\u011fi sa\u011flar.\",\"breadcrumb\":{\"@id\":\"https:\/\/rfiddepo.com\/en\/urunlerimiz\/keonn-advansplitter-8-rfid-power-splitter\/#breadcrumb\"},\"inLanguage\":\"en-US\",\"potentialAction\":[{\"@type\":\"ReadAction\",\"target\":[\"https:\/\/rfiddepo.com\/en\/urunlerimiz\/keonn-advansplitter-8-rfid-power-splitter\/\"]}]},{\"@type\":\"ImageObject\",\"inLanguage\":\"en-US\",\"@id\":\"https:\/\/rfiddepo.com\/en\/urunlerimiz\/keonn-advansplitter-8-rfid-power-splitter\/#primaryimage\",\"url\":\"https:\/\/rfiddepo.com\/wp-content\/uploads\/2025\/10\/AdvanSplitter8-RFID-splitter.jpg\",\"contentUrl\":\"https:\/\/rfiddepo.com\/wp-content\/uploads\/2025\/10\/AdvanSplitter8-RFID-splitter.jpg\",\"width\":1500,\"height\":1500},{\"@type\":\"BreadcrumbList\",\"@id\":\"https:\/\/rfiddepo.com\/en\/urunlerimiz\/keonn-advansplitter-8-rfid-power-splitter\/#breadcrumb\",\"itemListElement\":[{\"@type\":\"ListItem\",\"position\":1,\"name\":\"Anasayfa\",\"item\":\"https:\/\/rfiddepo.com\/en\/\"},{\"@type\":\"ListItem\",\"position\":2,\"name\":\"Urunler\",\"item\":\"https:\/\/rfiddepo.com\/urunler\/\"},{\"@type\":\"ListItem\",\"position\":3,\"name\":\"Keonn AdvanSplitter-8 RFID Power Splitter\"}]},{\"@type\":\"WebSite\",\"@id\":\"https:\/\/rfiddepo.com\/en\/#website\",\"url\":\"https:\/\/rfiddepo.com\/en\/\",\"name\":\"RFID Depo\",\"description\":\"\",\"publisher\":{\"@id\":\"https:\/\/rfiddepo.com\/en\/#organization\"},\"potentialAction\":[{\"@type\":\"SearchAction\",\"target\":{\"@type\":\"EntryPoint\",\"urlTemplate\":\"https:\/\/rfiddepo.com\/en\/?s={search_term_string}\"},\"query-input\":{\"@type\":\"PropertyValueSpecification\",\"valueRequired\":true,\"valueName\":\"search_term_string\"}}],\"inLanguage\":\"en-US\"},{\"@type\":\"Organization\",\"@id\":\"https:\/\/rfiddepo.com\/en\/#organization\",\"name\":\"%%sitename%%\",\"url\":\"https:\/\/rfiddepo.com\/en\/\",\"logo\":{\"@type\":\"ImageObject\",\"inLanguage\":\"en-US\",\"@id\":\"https:\/\/rfiddepo.com\/en\/#\/schema\/logo\/image\/\",\"url\":\"https:\/\/rfiddepo.com\/wp-content\/uploads\/2025\/09\/rfiddepo-logo.png\",\"contentUrl\":\"https:\/\/rfiddepo.com\/wp-content\/uploads\/2025\/09\/rfiddepo-logo.png\",\"width\":500,\"height\":106,\"caption\":\"%%sitename%%\"},\"image\":{\"@id\":\"https:\/\/rfiddepo.com\/en\/#\/schema\/logo\/image\/\"}}]}<\/script>\n<!-- \/ Yoast SEO plugin. -->","yoast_head_json":{"title":"Keonn AdvanSplitter-8 RFID Power Splitter - RFID Depo","description":"Keonn AdvanSplitter-8, RFID UHF uygulamalar\u0131 i\u00e7in y\u00fcksek performansl\u0131 8 portlu g\u00fc\u00e7 splitter\u2019d\u0131r. H\u0131zl\u0131 tarama ve dar \u0131\u015f\u0131n geni\u015fli\u011fi sa\u011flar.","robots":{"index":"index","follow":"follow","max-snippet":"max-snippet:-1","max-image-preview":"max-image-preview:large","max-video-preview":"max-video-preview:-1"},"canonical":"https:\/\/rfiddepo.com\/en\/urunlerimiz\/keonn-advansplitter-8-rfid-power-splitter\/","og_locale":"en_US","og_type":"article","og_title":"Keonn AdvanSplitter-8 RFID Power Splitter - RFID Depo","og_description":"Keonn AdvanSplitter-8, RFID UHF uygulamalar\u0131 i\u00e7in y\u00fcksek performansl\u0131 8 portlu g\u00fc\u00e7 splitter\u2019d\u0131r. H\u0131zl\u0131 tarama ve dar \u0131\u015f\u0131n geni\u015fli\u011fi sa\u011flar.","og_url":"https:\/\/rfiddepo.com\/en\/urunlerimiz\/keonn-advansplitter-8-rfid-power-splitter\/","og_site_name":"RFID Depo","article_modified_time":"2025-10-20T11:15:11+00:00","og_image":[{"width":1500,"height":1500,"url":"https:\/\/rfiddepo.com\/wp-content\/uploads\/2025\/10\/AdvanSplitter8-RFID-splitter.jpg","type":"image\/jpeg"}],"twitter_card":"summary_large_image","twitter_misc":{"Est. reading time":"2 minutes"},"schema":{"@context":"https:\/\/schema.org","@graph":[{"@type":"WebPage","@id":"https:\/\/rfiddepo.com\/en\/urunlerimiz\/keonn-advansplitter-8-rfid-power-splitter\/","url":"https:\/\/rfiddepo.com\/en\/urunlerimiz\/keonn-advansplitter-8-rfid-power-splitter\/","name":"Keonn AdvanSplitter-8 RFID Power Splitter - RFID Depo","isPartOf":{"@id":"https:\/\/rfiddepo.com\/en\/#website"},"primaryImageOfPage":{"@id":"https:\/\/rfiddepo.com\/en\/urunlerimiz\/keonn-advansplitter-8-rfid-power-splitter\/#primaryimage"},"image":{"@id":"https:\/\/rfiddepo.com\/en\/urunlerimiz\/keonn-advansplitter-8-rfid-power-splitter\/#primaryimage"},"thumbnailUrl":"https:\/\/rfiddepo.com\/wp-content\/uploads\/2025\/10\/AdvanSplitter8-RFID-splitter.jpg","datePublished":"2025-10-16T14:20:45+00:00","dateModified":"2025-10-20T11:15:11+00:00","description":"Keonn AdvanSplitter-8, RFID UHF uygulamalar\u0131 i\u00e7in y\u00fcksek performansl\u0131 8 portlu g\u00fc\u00e7 splitter\u2019d\u0131r. H\u0131zl\u0131 tarama ve dar \u0131\u015f\u0131n geni\u015fli\u011fi sa\u011flar.","breadcrumb":{"@id":"https:\/\/rfiddepo.com\/en\/urunlerimiz\/keonn-advansplitter-8-rfid-power-splitter\/#breadcrumb"},"inLanguage":"en-US","potentialAction":[{"@type":"ReadAction","target":["https:\/\/rfiddepo.com\/en\/urunlerimiz\/keonn-advansplitter-8-rfid-power-splitter\/"]}]},{"@type":"ImageObject","inLanguage":"en-US","@id":"https:\/\/rfiddepo.com\/en\/urunlerimiz\/keonn-advansplitter-8-rfid-power-splitter\/#primaryimage","url":"https:\/\/rfiddepo.com\/wp-content\/uploads\/2025\/10\/AdvanSplitter8-RFID-splitter.jpg","contentUrl":"https:\/\/rfiddepo.com\/wp-content\/uploads\/2025\/10\/AdvanSplitter8-RFID-splitter.jpg","width":1500,"height":1500},{"@type":"BreadcrumbList","@id":"https:\/\/rfiddepo.com\/en\/urunlerimiz\/keonn-advansplitter-8-rfid-power-splitter\/#breadcrumb","itemListElement":[{"@type":"ListItem","position":1,"name":"Anasayfa","item":"https:\/\/rfiddepo.com\/en\/"},{"@type":"ListItem","position":2,"name":"Urunler","item":"https:\/\/rfiddepo.com\/urunler\/"},{"@type":"ListItem","position":3,"name":"Keonn AdvanSplitter-8 RFID Power Splitter"}]},{"@type":"WebSite","@id":"https:\/\/rfiddepo.com\/en\/#website","url":"https:\/\/rfiddepo.com\/en\/","name":"RFID Depo","description":"","publisher":{"@id":"https:\/\/rfiddepo.com\/en\/#organization"},"potentialAction":[{"@type":"SearchAction","target":{"@type":"EntryPoint","urlTemplate":"https:\/\/rfiddepo.com\/en\/?s={search_term_string}"},"query-input":{"@type":"PropertyValueSpecification","valueRequired":true,"valueName":"search_term_string"}}],"inLanguage":"en-US"},{"@type":"Organization","@id":"https:\/\/rfiddepo.com\/en\/#organization","name":"%%sitename%%","url":"https:\/\/rfiddepo.com\/en\/","logo":{"@type":"ImageObject","inLanguage":"en-US","@id":"https:\/\/rfiddepo.com\/en\/#\/schema\/logo\/image\/","url":"https:\/\/rfiddepo.com\/wp-content\/uploads\/2025\/09\/rfiddepo-logo.png","contentUrl":"https:\/\/rfiddepo.com\/wp-content\/uploads\/2025\/09\/rfiddepo-logo.png","width":500,"height":106,"caption":"%%sitename%%"},"image":{"@id":"https:\/\/rfiddepo.com\/en\/#\/schema\/logo\/image\/"}}]}},"_links":{"self":[{"href":"https:\/\/rfiddepo.com\/en\/wp-json\/wp\/v2\/product\/149221","targetHints":{"allow":["GET"]}}],"collection":[{"href":"https:\/\/rfiddepo.com\/en\/wp-json\/wp\/v2\/product"}],"about":[{"href":"https:\/\/rfiddepo.com\/en\/wp-json\/wp\/v2\/types\/product"}],"replies":[{"embeddable":true,"href":"https:\/\/rfiddepo.com\/en\/wp-json\/wp\/v2\/comments?post=149221"}],"wp:featuredmedia":[{"embeddable":true,"href":"https:\/\/rfiddepo.com\/en\/wp-json\/wp\/v2\/media\/149223"}],"wp:attachment":[{"href":"https:\/\/rfiddepo.com\/en\/wp-json\/wp\/v2\/media?parent=149221"}],"wp:term":[{"taxonomy":"product_brand","embeddable":true,"href":"https:\/\/rfiddepo.com\/en\/wp-json\/wp\/v2\/product_brand?post=149221"},{"taxonomy":"product_cat","embeddable":true,"href":"https:\/\/rfiddepo.com\/en\/wp-json\/wp\/v2\/product_cat?post=149221"},{"taxonomy":"product_tag","embeddable":true,"href":"https:\/\/rfiddepo.com\/en\/wp-json\/wp\/v2\/product_tag?post=149221"}],"curies":[{"name":"wp","href":"https:\/\/api.w.org\/{rel}","templated":true}]}}