{"id":149208,"date":"2025-10-16T13:52:20","date_gmt":"2025-10-16T13:52:20","guid":{"rendered":"https:\/\/rfiddepo.com\/?post_type=product&#038;p=149208"},"modified":"2025-10-20T11:15:32","modified_gmt":"2025-10-20T11:15:32","slug":"keonn-advanmux-16-rfid-multiplexer","status":"publish","type":"product","link":"https:\/\/rfiddepo.com\/en\/urunlerimiz\/keonn-advanmux-16-rfid-multiplexer\/","title":{"rendered":"Keonn AdvanMux-16 RFID Multiplexer"},"content":{"rendered":"<table class=\"blueTable\">\n<tbody>\n<tr>\n<td><strong>Product Name<\/strong><\/td>\n<td>Keonn AdvanMux-16 RFID Multiplexer<\/td>\n<\/tr>\n<tr>\n<td><strong>Number of Ports<\/strong><\/td>\n<td>16<\/td>\n<\/tr>\n<tr>\n<td><strong>RF Frequency<\/strong><\/td>\n<td>860 \u2013 950 MHz<\/td>\n<\/tr>\n<tr>\n<td><strong>RF Connectors<\/strong><\/td>\n<td>1 giri\u015f + 16 \u00e7\u0131k\u0131\u015f SMA di\u015fi<\/td>\n<\/tr>\n<tr>\n<td><strong>Power Source<\/strong><\/td>\n<td>5 V DC (Pin 4 or 5) or 5-48 V DC<\/td>\n<\/tr>\n<tr>\n<td><strong>Dimensions \/ Weight<\/strong><\/td>\n<td>144\u00d774\u00d723 mm \/ 175 g (with case)<\/td>\n<\/tr>\n<tr>\n<td><strong>Operating Temperature<\/strong><\/td>\n<td>-30\u00b0C ~ +55\u00b0C<\/td>\n<\/tr>\n<tr>\n<td><strong>Brand<\/strong><\/td>\n<td><a href=\"https:\/\/rfiddepo.com\/marka\/keonn\/\"><img decoding=\"async\" src=\"https:\/\/rfiddepo.com\/wp-content\/uploads\/2025\/10\/Adsiz-tasarim-29-300x214.png\" width=\"100\" \/><\/a><\/td>\n<\/tr>\n<\/tbody>\n<\/table>\n<h3>Technical Specifications:<\/h3>\n<ul>\n<li><strong>RF Frequency<\/strong> 860 \u2013 950 MHz<\/li>\n<li><strong>Number of Ports:<\/strong> 16<\/li>\n<li><strong>Insertion Loss:<\/strong> &lt;1.4 dB (typ. 1.2 dB)<\/li>\n<li><strong>Insulation:<\/strong> &gt;35 dB<\/li>\n<li><strong>Return Loss:<\/strong> &gt;19.5 dB (typ. 22 dB)<\/li>\n<li><strong>Maximum Input Power:<\/strong> 33 dBm<\/li>\n<li><strong>Switching Duration:<\/strong> &lt;15 \u00b5s<\/li>\n<li><strong>RF Connectors:<\/strong> 1 giri\u015f + 16 \u00e7\u0131k\u0131\u015f SMA 50 ohm di\u015fi<\/li>\n<li><strong>Control \/ Power Connection:<\/strong> 2 x RJ45<\/li>\n<li><strong>Power Source:<\/strong> 5 V DC (Pin 4 or 5) or 5-48 V DC<\/li>\n<li><strong>Current Consumption:<\/strong> &lt;12 mA<\/li>\n<li><strong>Digital Inputs:<\/strong> 0V\/5V TTL \/ 3V TTL or open collector<\/li>\n<li><strong>ESD Protection:<\/strong> RF portlar\u0131 &gt;2 kV, veri portlar\u0131 &gt;8 kV<\/li>\n<li><strong>Dimensions<\/strong> 144\u00d774\u00d723 mm (with case), 137\u00d775\u00d717 mm (without case)<\/li>\n<li><strong>Weight<\/strong> 175 g (with case), 107 g (without case)<\/li>\n<li><strong>Operating Temperature<\/strong> -30\u00b0C ~ +55\u00b0C<\/li>\n<li><strong>Storage Temperature:<\/strong> -35\u00b0C ~ +85\u00b0C<\/li>\n<\/ul>\n<h3>Areas of Use:<\/h3>\n<ul>\n<li>Applications requiring more than 16 antennas in RFID systems<\/li>\n<li>Smart shelving and cabinet systems<\/li>\n<li>Smart surfaces<\/li>\n<li>RFID portals and tunnels<\/li>\n<li>General RFID applications<\/li>\n<\/ul>","protected":false},"excerpt":{"rendered":"<p><strong>Keonn AdvanMux-16<\/strong>is a high-performance 16-port RFID multiplexer. It increases the number of antennas that can be connected to each reader port by 16 times and is compatible with most RFID reader models. It can be connected directly via an Ethernet cable to the AdvanReader-100 and 150. Using multiple levels of AdvanMux-16, up to 1024 antennas can be connected to the same reader.<\/p>\n<div class=\"datasheet\"><a href=\"\/wp-content\/uploads\/2025\/10\/Keonn-AdvanMux-16-Data-sheet.pdf\" target=\"_blank\" class=\"datasheet-btn\" rel=\"noopener\"><br \/>\n\ud83d\udcc4 Datasheet<br \/>\n<\/a><\/div>","protected":false},"featured_media":149210,"comment_status":"closed","ping_status":"closed","template":"","meta":{"_monsterinsights_skip_tracking":false,"_monsterinsights_sitenote_active":false,"_monsterinsights_sitenote_note":"","_monsterinsights_sitenote_category":0},"product_brand":[186],"product_cat":[718],"product_tag":[],"class_list":{"0":"post-149208","1":"product","2":"type-product","3":"status-publish","4":"has-post-thumbnail","6":"product_brand-keonn","7":"product_cat-rfid-coklayicilar","9":"first","10":"instock","11":"shipping-taxable","12":"purchasable","13":"product-type-simple"},"yoast_head":"<!-- This site is optimized with the Yoast SEO plugin v26.6 - https:\/\/yoast.com\/wordpress\/plugins\/seo\/ -->\n<title>Keonn AdvanMux-16 RFID Multiplexer - RFID Depo<\/title>\n<meta name=\"description\" content=\"Keonn AdvanMux-8, 8 portlu y\u00fcksek performansl\u0131 RFID multiplexer\u2019d\u0131r. Anten say\u0131s\u0131n\u0131 art\u0131r\u0131r, \u00e7o\u011fu okuyucu ile uyumludur ve kolay kontrol imk\u00e2n\u0131 sunar.\" \/>\n<meta name=\"robots\" content=\"index, follow, max-snippet:-1, max-image-preview:large, max-video-preview:-1\" \/>\n<link rel=\"canonical\" href=\"https:\/\/rfiddepo.com\/en\/urunlerimiz\/keonn-advanmux-16-rfid-multiplexer\/\" \/>\n<meta property=\"og:locale\" content=\"en_US\" \/>\n<meta property=\"og:type\" content=\"article\" \/>\n<meta property=\"og:title\" content=\"Keonn AdvanMux-16 RFID Multiplexer - RFID Depo\" \/>\n<meta property=\"og:description\" content=\"Keonn AdvanMux-8, 8 portlu y\u00fcksek performansl\u0131 RFID multiplexer\u2019d\u0131r. Anten say\u0131s\u0131n\u0131 art\u0131r\u0131r, \u00e7o\u011fu okuyucu ile uyumludur ve kolay kontrol imk\u00e2n\u0131 sunar.\" \/>\n<meta property=\"og:url\" content=\"https:\/\/rfiddepo.com\/en\/urunlerimiz\/keonn-advanmux-16-rfid-multiplexer\/\" \/>\n<meta property=\"og:site_name\" content=\"RFID Depo\" \/>\n<meta property=\"article:modified_time\" content=\"2025-10-20T11:15:32+00:00\" \/>\n<meta property=\"og:image\" content=\"https:\/\/rfiddepo.com\/wp-content\/uploads\/2025\/10\/AdvanMux-16-enclosure-scaled-1.jpg\" \/>\n\t<meta property=\"og:image:width\" content=\"1920\" \/>\n\t<meta property=\"og:image:height\" content=\"1920\" \/>\n\t<meta property=\"og:image:type\" content=\"image\/jpeg\" \/>\n<meta name=\"twitter:card\" content=\"summary_large_image\" \/>\n<meta name=\"twitter:label1\" content=\"Est. reading time\" \/>\n\t<meta name=\"twitter:data1\" content=\"2 minutes\" \/>\n<script type=\"application\/ld+json\" class=\"yoast-schema-graph\">{\"@context\":\"https:\/\/schema.org\",\"@graph\":[{\"@type\":\"WebPage\",\"@id\":\"https:\/\/rfiddepo.com\/en\/urunlerimiz\/keonn-advanmux-16-rfid-multiplexer\/\",\"url\":\"https:\/\/rfiddepo.com\/en\/urunlerimiz\/keonn-advanmux-16-rfid-multiplexer\/\",\"name\":\"Keonn AdvanMux-16 RFID Multiplexer - RFID Depo\",\"isPartOf\":{\"@id\":\"https:\/\/rfiddepo.com\/en\/#website\"},\"primaryImageOfPage\":{\"@id\":\"https:\/\/rfiddepo.com\/en\/urunlerimiz\/keonn-advanmux-16-rfid-multiplexer\/#primaryimage\"},\"image\":{\"@id\":\"https:\/\/rfiddepo.com\/en\/urunlerimiz\/keonn-advanmux-16-rfid-multiplexer\/#primaryimage\"},\"thumbnailUrl\":\"https:\/\/rfiddepo.com\/wp-content\/uploads\/2025\/10\/AdvanMux-16-enclosure-scaled-1.jpg\",\"datePublished\":\"2025-10-16T13:52:20+00:00\",\"dateModified\":\"2025-10-20T11:15:32+00:00\",\"description\":\"Keonn AdvanMux-8, 8 portlu y\u00fcksek performansl\u0131 RFID multiplexer\u2019d\u0131r. Anten say\u0131s\u0131n\u0131 art\u0131r\u0131r, \u00e7o\u011fu okuyucu ile uyumludur ve kolay kontrol imk\u00e2n\u0131 sunar.\",\"breadcrumb\":{\"@id\":\"https:\/\/rfiddepo.com\/en\/urunlerimiz\/keonn-advanmux-16-rfid-multiplexer\/#breadcrumb\"},\"inLanguage\":\"en-US\",\"potentialAction\":[{\"@type\":\"ReadAction\",\"target\":[\"https:\/\/rfiddepo.com\/en\/urunlerimiz\/keonn-advanmux-16-rfid-multiplexer\/\"]}]},{\"@type\":\"ImageObject\",\"inLanguage\":\"en-US\",\"@id\":\"https:\/\/rfiddepo.com\/en\/urunlerimiz\/keonn-advanmux-16-rfid-multiplexer\/#primaryimage\",\"url\":\"https:\/\/rfiddepo.com\/wp-content\/uploads\/2025\/10\/AdvanMux-16-enclosure-scaled-1.jpg\",\"contentUrl\":\"https:\/\/rfiddepo.com\/wp-content\/uploads\/2025\/10\/AdvanMux-16-enclosure-scaled-1.jpg\",\"width\":1920,\"height\":1920},{\"@type\":\"BreadcrumbList\",\"@id\":\"https:\/\/rfiddepo.com\/en\/urunlerimiz\/keonn-advanmux-16-rfid-multiplexer\/#breadcrumb\",\"itemListElement\":[{\"@type\":\"ListItem\",\"position\":1,\"name\":\"Anasayfa\",\"item\":\"https:\/\/rfiddepo.com\/en\/\"},{\"@type\":\"ListItem\",\"position\":2,\"name\":\"Urunler\",\"item\":\"https:\/\/rfiddepo.com\/urunler\/\"},{\"@type\":\"ListItem\",\"position\":3,\"name\":\"Keonn AdvanMux-16 RFID Multiplexer\"}]},{\"@type\":\"WebSite\",\"@id\":\"https:\/\/rfiddepo.com\/en\/#website\",\"url\":\"https:\/\/rfiddepo.com\/en\/\",\"name\":\"RFID Depo\",\"description\":\"\",\"publisher\":{\"@id\":\"https:\/\/rfiddepo.com\/en\/#organization\"},\"potentialAction\":[{\"@type\":\"SearchAction\",\"target\":{\"@type\":\"EntryPoint\",\"urlTemplate\":\"https:\/\/rfiddepo.com\/en\/?s={search_term_string}\"},\"query-input\":{\"@type\":\"PropertyValueSpecification\",\"valueRequired\":true,\"valueName\":\"search_term_string\"}}],\"inLanguage\":\"en-US\"},{\"@type\":\"Organization\",\"@id\":\"https:\/\/rfiddepo.com\/en\/#organization\",\"name\":\"%%sitename%%\",\"url\":\"https:\/\/rfiddepo.com\/en\/\",\"logo\":{\"@type\":\"ImageObject\",\"inLanguage\":\"en-US\",\"@id\":\"https:\/\/rfiddepo.com\/en\/#\/schema\/logo\/image\/\",\"url\":\"https:\/\/rfiddepo.com\/wp-content\/uploads\/2025\/09\/rfiddepo-logo.png\",\"contentUrl\":\"https:\/\/rfiddepo.com\/wp-content\/uploads\/2025\/09\/rfiddepo-logo.png\",\"width\":500,\"height\":106,\"caption\":\"%%sitename%%\"},\"image\":{\"@id\":\"https:\/\/rfiddepo.com\/en\/#\/schema\/logo\/image\/\"}}]}<\/script>\n<!-- \/ Yoast SEO plugin. -->","yoast_head_json":{"title":"Keonn AdvanMux-16 RFID Multiplexer - RFID Depo","description":"Keonn AdvanMux-8, 8 portlu y\u00fcksek performansl\u0131 RFID multiplexer\u2019d\u0131r. Anten say\u0131s\u0131n\u0131 art\u0131r\u0131r, \u00e7o\u011fu okuyucu ile uyumludur ve kolay kontrol imk\u00e2n\u0131 sunar.","robots":{"index":"index","follow":"follow","max-snippet":"max-snippet:-1","max-image-preview":"max-image-preview:large","max-video-preview":"max-video-preview:-1"},"canonical":"https:\/\/rfiddepo.com\/en\/urunlerimiz\/keonn-advanmux-16-rfid-multiplexer\/","og_locale":"en_US","og_type":"article","og_title":"Keonn AdvanMux-16 RFID Multiplexer - RFID Depo","og_description":"Keonn AdvanMux-8, 8 portlu y\u00fcksek performansl\u0131 RFID multiplexer\u2019d\u0131r. Anten say\u0131s\u0131n\u0131 art\u0131r\u0131r, \u00e7o\u011fu okuyucu ile uyumludur ve kolay kontrol imk\u00e2n\u0131 sunar.","og_url":"https:\/\/rfiddepo.com\/en\/urunlerimiz\/keonn-advanmux-16-rfid-multiplexer\/","og_site_name":"RFID Depo","article_modified_time":"2025-10-20T11:15:32+00:00","og_image":[{"width":1920,"height":1920,"url":"https:\/\/rfiddepo.com\/wp-content\/uploads\/2025\/10\/AdvanMux-16-enclosure-scaled-1.jpg","type":"image\/jpeg"}],"twitter_card":"summary_large_image","twitter_misc":{"Est. reading time":"2 minutes"},"schema":{"@context":"https:\/\/schema.org","@graph":[{"@type":"WebPage","@id":"https:\/\/rfiddepo.com\/en\/urunlerimiz\/keonn-advanmux-16-rfid-multiplexer\/","url":"https:\/\/rfiddepo.com\/en\/urunlerimiz\/keonn-advanmux-16-rfid-multiplexer\/","name":"Keonn AdvanMux-16 RFID Multiplexer - RFID Depo","isPartOf":{"@id":"https:\/\/rfiddepo.com\/en\/#website"},"primaryImageOfPage":{"@id":"https:\/\/rfiddepo.com\/en\/urunlerimiz\/keonn-advanmux-16-rfid-multiplexer\/#primaryimage"},"image":{"@id":"https:\/\/rfiddepo.com\/en\/urunlerimiz\/keonn-advanmux-16-rfid-multiplexer\/#primaryimage"},"thumbnailUrl":"https:\/\/rfiddepo.com\/wp-content\/uploads\/2025\/10\/AdvanMux-16-enclosure-scaled-1.jpg","datePublished":"2025-10-16T13:52:20+00:00","dateModified":"2025-10-20T11:15:32+00:00","description":"Keonn AdvanMux-8, 8 portlu y\u00fcksek performansl\u0131 RFID multiplexer\u2019d\u0131r. Anten say\u0131s\u0131n\u0131 art\u0131r\u0131r, \u00e7o\u011fu okuyucu ile uyumludur ve kolay kontrol imk\u00e2n\u0131 sunar.","breadcrumb":{"@id":"https:\/\/rfiddepo.com\/en\/urunlerimiz\/keonn-advanmux-16-rfid-multiplexer\/#breadcrumb"},"inLanguage":"en-US","potentialAction":[{"@type":"ReadAction","target":["https:\/\/rfiddepo.com\/en\/urunlerimiz\/keonn-advanmux-16-rfid-multiplexer\/"]}]},{"@type":"ImageObject","inLanguage":"en-US","@id":"https:\/\/rfiddepo.com\/en\/urunlerimiz\/keonn-advanmux-16-rfid-multiplexer\/#primaryimage","url":"https:\/\/rfiddepo.com\/wp-content\/uploads\/2025\/10\/AdvanMux-16-enclosure-scaled-1.jpg","contentUrl":"https:\/\/rfiddepo.com\/wp-content\/uploads\/2025\/10\/AdvanMux-16-enclosure-scaled-1.jpg","width":1920,"height":1920},{"@type":"BreadcrumbList","@id":"https:\/\/rfiddepo.com\/en\/urunlerimiz\/keonn-advanmux-16-rfid-multiplexer\/#breadcrumb","itemListElement":[{"@type":"ListItem","position":1,"name":"Anasayfa","item":"https:\/\/rfiddepo.com\/en\/"},{"@type":"ListItem","position":2,"name":"Urunler","item":"https:\/\/rfiddepo.com\/urunler\/"},{"@type":"ListItem","position":3,"name":"Keonn AdvanMux-16 RFID Multiplexer"}]},{"@type":"WebSite","@id":"https:\/\/rfiddepo.com\/en\/#website","url":"https:\/\/rfiddepo.com\/en\/","name":"RFID Depo","description":"","publisher":{"@id":"https:\/\/rfiddepo.com\/en\/#organization"},"potentialAction":[{"@type":"SearchAction","target":{"@type":"EntryPoint","urlTemplate":"https:\/\/rfiddepo.com\/en\/?s={search_term_string}"},"query-input":{"@type":"PropertyValueSpecification","valueRequired":true,"valueName":"search_term_string"}}],"inLanguage":"en-US"},{"@type":"Organization","@id":"https:\/\/rfiddepo.com\/en\/#organization","name":"%%sitename%%","url":"https:\/\/rfiddepo.com\/en\/","logo":{"@type":"ImageObject","inLanguage":"en-US","@id":"https:\/\/rfiddepo.com\/en\/#\/schema\/logo\/image\/","url":"https:\/\/rfiddepo.com\/wp-content\/uploads\/2025\/09\/rfiddepo-logo.png","contentUrl":"https:\/\/rfiddepo.com\/wp-content\/uploads\/2025\/09\/rfiddepo-logo.png","width":500,"height":106,"caption":"%%sitename%%"},"image":{"@id":"https:\/\/rfiddepo.com\/en\/#\/schema\/logo\/image\/"}}]}},"_links":{"self":[{"href":"https:\/\/rfiddepo.com\/en\/wp-json\/wp\/v2\/product\/149208","targetHints":{"allow":["GET"]}}],"collection":[{"href":"https:\/\/rfiddepo.com\/en\/wp-json\/wp\/v2\/product"}],"about":[{"href":"https:\/\/rfiddepo.com\/en\/wp-json\/wp\/v2\/types\/product"}],"replies":[{"embeddable":true,"href":"https:\/\/rfiddepo.com\/en\/wp-json\/wp\/v2\/comments?post=149208"}],"wp:featuredmedia":[{"embeddable":true,"href":"https:\/\/rfiddepo.com\/en\/wp-json\/wp\/v2\/media\/149210"}],"wp:attachment":[{"href":"https:\/\/rfiddepo.com\/en\/wp-json\/wp\/v2\/media?parent=149208"}],"wp:term":[{"taxonomy":"product_brand","embeddable":true,"href":"https:\/\/rfiddepo.com\/en\/wp-json\/wp\/v2\/product_brand?post=149208"},{"taxonomy":"product_cat","embeddable":true,"href":"https:\/\/rfiddepo.com\/en\/wp-json\/wp\/v2\/product_cat?post=149208"},{"taxonomy":"product_tag","embeddable":true,"href":"https:\/\/rfiddepo.com\/en\/wp-json\/wp\/v2\/product_tag?post=149208"}],"curies":[{"name":"wp","href":"https:\/\/api.w.org\/{rel}","templated":true}]}}