{"id":149193,"date":"2025-10-16T12:54:24","date_gmt":"2025-10-16T12:54:24","guid":{"rendered":"https:\/\/rfiddepo.com\/?post_type=product&#038;p=149193"},"modified":"2025-10-20T11:16:35","modified_gmt":"2025-10-20T11:16:35","slug":"keonn-advanreader-160-uhf-rfid-reader","status":"publish","type":"product","link":"https:\/\/rfiddepo.com\/en\/urunlerimiz\/keonn-advanreader-160-uhf-rfid-reader\/","title":{"rendered":"Keonn AdvanReader-160 UHF RFID Reader"},"content":{"rendered":"<table class=\"blueTable\">\n<tbody>\n<tr>\n<td><strong>Product Name<\/strong><\/td>\n<td>Keonn AdvanReader-160 UHF RFID Reader<\/td>\n<\/tr>\n<tr>\n<td><strong>Number of Ports<\/strong><\/td>\n<td>4 port (31.5 dBm)<\/td>\n<\/tr>\n<tr>\n<td><strong>Operating System<\/strong><\/td>\n<td>Linux (Debian-based, open source)<\/td>\n<\/tr>\n<tr>\n<td><strong>Processor<\/strong><\/td>\n<td>ARM Cortex A-8 1 GHz<\/td>\n<\/tr>\n<tr>\n<td><strong>Connection Types<\/strong><\/td>\n<td>Ethernet, USB mini\/micro, USB Host, PoE<\/td>\n<\/tr>\n<tr>\n<td><strong>RF Protocol<\/strong><\/td>\n<td>EPCglobal UHF Class 1 Gen2 \/ ISO 18000-6C<\/td>\n<\/tr>\n<tr>\n<td><strong>Reading Speed<\/strong><\/td>\n<td>400 labels per second<\/td>\n<\/tr>\n<tr>\n<td><strong>Operating Temperature<\/strong><\/td>\n<td>-20\u00b0C ~ +40\u00b0C<\/td>\n<\/tr>\n<tr>\n<td><strong>Dimensions \/ Weight<\/strong><\/td>\n<td>219.8 \u00d7 137 \u00d7 19.2 mm \/ 280 g (without case) \u2014 214 \u00d7 142.5 \u00d7 28.2 mm \/ 620 g (with case)<\/td>\n<\/tr>\n<tr>\n<td><strong>Power Source<\/strong><\/td>\n<td>11\u201324 V DC veya PoE (IEEE 802.3af \/ at)<\/td>\n<\/tr>\n<tr>\n<td><strong>Brand<\/strong><\/td>\n<td><a href=\"https:\/\/rfiddepo.com\/marka\/keonn\/\"><img decoding=\"async\" src=\"https:\/\/rfiddepo.com\/wp-content\/uploads\/2025\/10\/Adsiz-tasarim-29-300x214.png\" width=\"100\" \/><\/a><\/td>\n<\/tr>\n<\/tbody>\n<\/table>\n<h3>Technical Specifications:<\/h3>\n<ul>\n<li><strong>Number of Ports:<\/strong> 4 port (31.5 dBm)<\/li>\n<li><strong>Operating System:<\/strong> Open source Linux (Debian-based)<\/li>\n<li><strong>Processor:<\/strong> ARM Cortex A-8, 1 GHz<\/li>\n<li><strong>Memory:<\/strong> 512 MB RAM \/ 4 GB ROM<\/li>\n<li><strong>RFID Protocol:<\/strong> EPCglobal UHF Class 1 Gen2 \/ ISO 18000-6C<\/li>\n<li><strong>RF Power:<\/strong> 5\u201331.5 dBm (in 0.5 dBm<\/li>\n<li><strong>Maximum Reading Speed:<\/strong> 400 labels per second<\/li>\n<li><strong>Connections<\/strong> Ethernet, USB mini\/micro (HID), USB Host, PoE<\/li>\n<li><strong>Entrances\/Exits:<\/strong> 2 digital\/analog inputs, 2 additional digital inputs, 8 digital outputs, 4 Direct LEDs, 4 GPOs, 1 relay output<\/li>\n<li><strong>Speaker:<\/strong> 8 ohm \/ 2 W<\/li>\n<li><strong>On-board indicators:<\/strong> LEDs, buzzers, power and temperature sensors<\/li>\n<li><strong>Operating Temperature<\/strong> -20\u00b0C ~ +40\u00b0C<\/li>\n<li><strong>Storage Temperature:<\/strong> -30\u00b0C ~ +60\u00b0C<\/li>\n<li><strong>Humidity:<\/strong> 20% \u2013 85% (non-condensing)<\/li>\n<li><strong>Power Consumption:<\/strong> Idle &lt;3 W \/ Max. 14 W (@31.5 dBm)<\/li>\n<\/ul>\n<h3>Areas of Use:<\/h3>\n<ul>\n<li>Smart shelving and display systems<\/li>\n<li>RFID portals and tunnels<\/li>\n<li>Point-of-sale systems<\/li>\n<li>Loss prevention systems<\/li>\n<li>Industrial production and logistics<\/li>\n<li>Warehouse management and monitoring<\/li>\n<li>Event, ticketing, and identity verification systems<\/li>\n<li>Smart surface and embedded system applications<\/li>\n<\/ul>","protected":false},"excerpt":{"rendered":"<p><strong>Keonn AdvanReader-160<\/strong>is a high-power (31.5 dBm), four-port, high-performance UHF RFID reader. Thanks to its built-in microcomputer and open-source Linux operating system, it can operate independently without the need for an external computer. A single unit can control up to 1024 antennas via Keonn multiplexers. Its compact design, PoE support, and versatile input\/output options make it ideal for industrial and retail applications.<\/p>\n<div class=\"datasheet\"><a href=\"\/wp-content\/uploads\/2025\/10\/Keonn-AdvanReader-160-Data-sheet.pdf\" target=\"_blank\" class=\"datasheet-btn\" rel=\"noopener\"><br \/>\n\ud83d\udcc4 Datasheet<br \/>\n<\/a><\/div>","protected":false},"featured_media":149195,"comment_status":"closed","ping_status":"closed","template":"","meta":{"_monsterinsights_skip_tracking":false,"_monsterinsights_sitenote_active":false,"_monsterinsights_sitenote_note":"","_monsterinsights_sitenote_category":0},"product_brand":[186],"product_cat":[71],"product_tag":[114],"class_list":{"0":"post-149193","1":"product","2":"type-product","3":"status-publish","4":"has-post-thumbnail","6":"product_brand-keonn","7":"product_cat-rfid-sabit-okuyucular","8":"product_tag-rfid-okuyucu","10":"first","11":"instock","12":"shipping-taxable","13":"purchasable","14":"product-type-simple"},"yoast_head":"<!-- This site is optimized with the Yoast SEO plugin v26.6 - https:\/\/yoast.com\/wordpress\/plugins\/seo\/ -->\n<title>Keonn AdvanReader-160 UHF RFID Reader - RFID Depo<\/title>\n<meta name=\"description\" content=\"Keonn AdvanReader-160, 4 portlu y\u00fcksek g\u00fc\u00e7l\u00fc UHF RFID okuyucudur. PoE ve Linux deste\u011fiyle ba\u011f\u0131ms\u0131z \u00e7al\u0131\u015fabilir, 1024 anten kontrol\u00fc sa\u011flar.\" \/>\n<meta name=\"robots\" content=\"index, follow, max-snippet:-1, max-image-preview:large, max-video-preview:-1\" \/>\n<link rel=\"canonical\" href=\"https:\/\/rfiddepo.com\/en\/urunlerimiz\/keonn-advanreader-160-uhf-rfid-reader\/\" \/>\n<meta property=\"og:locale\" content=\"en_US\" \/>\n<meta property=\"og:type\" content=\"article\" \/>\n<meta property=\"og:title\" content=\"Keonn AdvanReader-160 UHF RFID Reader - RFID Depo\" \/>\n<meta property=\"og:description\" content=\"Keonn AdvanReader-160, 4 portlu y\u00fcksek g\u00fc\u00e7l\u00fc UHF RFID okuyucudur. PoE ve Linux deste\u011fiyle ba\u011f\u0131ms\u0131z \u00e7al\u0131\u015fabilir, 1024 anten kontrol\u00fc sa\u011flar.\" \/>\n<meta property=\"og:url\" content=\"https:\/\/rfiddepo.com\/en\/urunlerimiz\/keonn-advanreader-160-uhf-rfid-reader\/\" \/>\n<meta property=\"og:site_name\" content=\"RFID Depo\" \/>\n<meta property=\"article:modified_time\" content=\"2025-10-20T11:16:35+00:00\" \/>\n<meta property=\"og:image\" content=\"https:\/\/rfiddepo.com\/wp-content\/uploads\/2025\/10\/AdvanReader-160-image.jpg\" \/>\n\t<meta property=\"og:image:width\" content=\"2000\" \/>\n\t<meta property=\"og:image:height\" content=\"1500\" \/>\n\t<meta property=\"og:image:type\" content=\"image\/jpeg\" \/>\n<meta name=\"twitter:card\" content=\"summary_large_image\" \/>\n<meta name=\"twitter:label1\" content=\"Est. reading time\" \/>\n\t<meta name=\"twitter:data1\" content=\"2 minutes\" \/>\n<script type=\"application\/ld+json\" class=\"yoast-schema-graph\">{\"@context\":\"https:\/\/schema.org\",\"@graph\":[{\"@type\":\"WebPage\",\"@id\":\"https:\/\/rfiddepo.com\/en\/urunlerimiz\/keonn-advanreader-160-uhf-rfid-reader\/\",\"url\":\"https:\/\/rfiddepo.com\/en\/urunlerimiz\/keonn-advanreader-160-uhf-rfid-reader\/\",\"name\":\"Keonn AdvanReader-160 UHF RFID Reader - RFID Depo\",\"isPartOf\":{\"@id\":\"https:\/\/rfiddepo.com\/en\/#website\"},\"primaryImageOfPage\":{\"@id\":\"https:\/\/rfiddepo.com\/en\/urunlerimiz\/keonn-advanreader-160-uhf-rfid-reader\/#primaryimage\"},\"image\":{\"@id\":\"https:\/\/rfiddepo.com\/en\/urunlerimiz\/keonn-advanreader-160-uhf-rfid-reader\/#primaryimage\"},\"thumbnailUrl\":\"https:\/\/rfiddepo.com\/wp-content\/uploads\/2025\/10\/AdvanReader-160-image.jpg\",\"datePublished\":\"2025-10-16T12:54:24+00:00\",\"dateModified\":\"2025-10-20T11:16:35+00:00\",\"description\":\"Keonn AdvanReader-160, 4 portlu y\u00fcksek g\u00fc\u00e7l\u00fc UHF RFID okuyucudur. PoE ve Linux deste\u011fiyle ba\u011f\u0131ms\u0131z \u00e7al\u0131\u015fabilir, 1024 anten kontrol\u00fc sa\u011flar.\",\"breadcrumb\":{\"@id\":\"https:\/\/rfiddepo.com\/en\/urunlerimiz\/keonn-advanreader-160-uhf-rfid-reader\/#breadcrumb\"},\"inLanguage\":\"en-US\",\"potentialAction\":[{\"@type\":\"ReadAction\",\"target\":[\"https:\/\/rfiddepo.com\/en\/urunlerimiz\/keonn-advanreader-160-uhf-rfid-reader\/\"]}]},{\"@type\":\"ImageObject\",\"inLanguage\":\"en-US\",\"@id\":\"https:\/\/rfiddepo.com\/en\/urunlerimiz\/keonn-advanreader-160-uhf-rfid-reader\/#primaryimage\",\"url\":\"https:\/\/rfiddepo.com\/wp-content\/uploads\/2025\/10\/AdvanReader-160-image.jpg\",\"contentUrl\":\"https:\/\/rfiddepo.com\/wp-content\/uploads\/2025\/10\/AdvanReader-160-image.jpg\",\"width\":2000,\"height\":1500},{\"@type\":\"BreadcrumbList\",\"@id\":\"https:\/\/rfiddepo.com\/en\/urunlerimiz\/keonn-advanreader-160-uhf-rfid-reader\/#breadcrumb\",\"itemListElement\":[{\"@type\":\"ListItem\",\"position\":1,\"name\":\"Anasayfa\",\"item\":\"https:\/\/rfiddepo.com\/en\/\"},{\"@type\":\"ListItem\",\"position\":2,\"name\":\"Urunler\",\"item\":\"https:\/\/rfiddepo.com\/urunler\/\"},{\"@type\":\"ListItem\",\"position\":3,\"name\":\"Keonn AdvanReader-160 UHF RFID Reader\"}]},{\"@type\":\"WebSite\",\"@id\":\"https:\/\/rfiddepo.com\/en\/#website\",\"url\":\"https:\/\/rfiddepo.com\/en\/\",\"name\":\"RFID Depo\",\"description\":\"\",\"publisher\":{\"@id\":\"https:\/\/rfiddepo.com\/en\/#organization\"},\"potentialAction\":[{\"@type\":\"SearchAction\",\"target\":{\"@type\":\"EntryPoint\",\"urlTemplate\":\"https:\/\/rfiddepo.com\/en\/?s={search_term_string}\"},\"query-input\":{\"@type\":\"PropertyValueSpecification\",\"valueRequired\":true,\"valueName\":\"search_term_string\"}}],\"inLanguage\":\"en-US\"},{\"@type\":\"Organization\",\"@id\":\"https:\/\/rfiddepo.com\/en\/#organization\",\"name\":\"%%sitename%%\",\"url\":\"https:\/\/rfiddepo.com\/en\/\",\"logo\":{\"@type\":\"ImageObject\",\"inLanguage\":\"en-US\",\"@id\":\"https:\/\/rfiddepo.com\/en\/#\/schema\/logo\/image\/\",\"url\":\"https:\/\/rfiddepo.com\/wp-content\/uploads\/2025\/09\/rfiddepo-logo.png\",\"contentUrl\":\"https:\/\/rfiddepo.com\/wp-content\/uploads\/2025\/09\/rfiddepo-logo.png\",\"width\":500,\"height\":106,\"caption\":\"%%sitename%%\"},\"image\":{\"@id\":\"https:\/\/rfiddepo.com\/en\/#\/schema\/logo\/image\/\"}}]}<\/script>\n<!-- \/ Yoast SEO plugin. -->","yoast_head_json":{"title":"Keonn AdvanReader-160 UHF RFID Reader - RFID Depo","description":"Keonn AdvanReader-160, 4 portlu y\u00fcksek g\u00fc\u00e7l\u00fc UHF RFID okuyucudur. PoE ve Linux deste\u011fiyle ba\u011f\u0131ms\u0131z \u00e7al\u0131\u015fabilir, 1024 anten kontrol\u00fc sa\u011flar.","robots":{"index":"index","follow":"follow","max-snippet":"max-snippet:-1","max-image-preview":"max-image-preview:large","max-video-preview":"max-video-preview:-1"},"canonical":"https:\/\/rfiddepo.com\/en\/urunlerimiz\/keonn-advanreader-160-uhf-rfid-reader\/","og_locale":"en_US","og_type":"article","og_title":"Keonn AdvanReader-160 UHF RFID Reader - RFID Depo","og_description":"Keonn AdvanReader-160, 4 portlu y\u00fcksek g\u00fc\u00e7l\u00fc UHF RFID okuyucudur. PoE ve Linux deste\u011fiyle ba\u011f\u0131ms\u0131z \u00e7al\u0131\u015fabilir, 1024 anten kontrol\u00fc sa\u011flar.","og_url":"https:\/\/rfiddepo.com\/en\/urunlerimiz\/keonn-advanreader-160-uhf-rfid-reader\/","og_site_name":"RFID Depo","article_modified_time":"2025-10-20T11:16:35+00:00","og_image":[{"width":2000,"height":1500,"url":"https:\/\/rfiddepo.com\/wp-content\/uploads\/2025\/10\/AdvanReader-160-image.jpg","type":"image\/jpeg"}],"twitter_card":"summary_large_image","twitter_misc":{"Est. reading time":"2 minutes"},"schema":{"@context":"https:\/\/schema.org","@graph":[{"@type":"WebPage","@id":"https:\/\/rfiddepo.com\/en\/urunlerimiz\/keonn-advanreader-160-uhf-rfid-reader\/","url":"https:\/\/rfiddepo.com\/en\/urunlerimiz\/keonn-advanreader-160-uhf-rfid-reader\/","name":"Keonn AdvanReader-160 UHF RFID Reader - RFID Depo","isPartOf":{"@id":"https:\/\/rfiddepo.com\/en\/#website"},"primaryImageOfPage":{"@id":"https:\/\/rfiddepo.com\/en\/urunlerimiz\/keonn-advanreader-160-uhf-rfid-reader\/#primaryimage"},"image":{"@id":"https:\/\/rfiddepo.com\/en\/urunlerimiz\/keonn-advanreader-160-uhf-rfid-reader\/#primaryimage"},"thumbnailUrl":"https:\/\/rfiddepo.com\/wp-content\/uploads\/2025\/10\/AdvanReader-160-image.jpg","datePublished":"2025-10-16T12:54:24+00:00","dateModified":"2025-10-20T11:16:35+00:00","description":"Keonn AdvanReader-160, 4 portlu y\u00fcksek g\u00fc\u00e7l\u00fc UHF RFID okuyucudur. PoE ve Linux deste\u011fiyle ba\u011f\u0131ms\u0131z \u00e7al\u0131\u015fabilir, 1024 anten kontrol\u00fc sa\u011flar.","breadcrumb":{"@id":"https:\/\/rfiddepo.com\/en\/urunlerimiz\/keonn-advanreader-160-uhf-rfid-reader\/#breadcrumb"},"inLanguage":"en-US","potentialAction":[{"@type":"ReadAction","target":["https:\/\/rfiddepo.com\/en\/urunlerimiz\/keonn-advanreader-160-uhf-rfid-reader\/"]}]},{"@type":"ImageObject","inLanguage":"en-US","@id":"https:\/\/rfiddepo.com\/en\/urunlerimiz\/keonn-advanreader-160-uhf-rfid-reader\/#primaryimage","url":"https:\/\/rfiddepo.com\/wp-content\/uploads\/2025\/10\/AdvanReader-160-image.jpg","contentUrl":"https:\/\/rfiddepo.com\/wp-content\/uploads\/2025\/10\/AdvanReader-160-image.jpg","width":2000,"height":1500},{"@type":"BreadcrumbList","@id":"https:\/\/rfiddepo.com\/en\/urunlerimiz\/keonn-advanreader-160-uhf-rfid-reader\/#breadcrumb","itemListElement":[{"@type":"ListItem","position":1,"name":"Anasayfa","item":"https:\/\/rfiddepo.com\/en\/"},{"@type":"ListItem","position":2,"name":"Urunler","item":"https:\/\/rfiddepo.com\/urunler\/"},{"@type":"ListItem","position":3,"name":"Keonn AdvanReader-160 UHF RFID Reader"}]},{"@type":"WebSite","@id":"https:\/\/rfiddepo.com\/en\/#website","url":"https:\/\/rfiddepo.com\/en\/","name":"RFID Depo","description":"","publisher":{"@id":"https:\/\/rfiddepo.com\/en\/#organization"},"potentialAction":[{"@type":"SearchAction","target":{"@type":"EntryPoint","urlTemplate":"https:\/\/rfiddepo.com\/en\/?s={search_term_string}"},"query-input":{"@type":"PropertyValueSpecification","valueRequired":true,"valueName":"search_term_string"}}],"inLanguage":"en-US"},{"@type":"Organization","@id":"https:\/\/rfiddepo.com\/en\/#organization","name":"%%sitename%%","url":"https:\/\/rfiddepo.com\/en\/","logo":{"@type":"ImageObject","inLanguage":"en-US","@id":"https:\/\/rfiddepo.com\/en\/#\/schema\/logo\/image\/","url":"https:\/\/rfiddepo.com\/wp-content\/uploads\/2025\/09\/rfiddepo-logo.png","contentUrl":"https:\/\/rfiddepo.com\/wp-content\/uploads\/2025\/09\/rfiddepo-logo.png","width":500,"height":106,"caption":"%%sitename%%"},"image":{"@id":"https:\/\/rfiddepo.com\/en\/#\/schema\/logo\/image\/"}}]}},"_links":{"self":[{"href":"https:\/\/rfiddepo.com\/en\/wp-json\/wp\/v2\/product\/149193","targetHints":{"allow":["GET"]}}],"collection":[{"href":"https:\/\/rfiddepo.com\/en\/wp-json\/wp\/v2\/product"}],"about":[{"href":"https:\/\/rfiddepo.com\/en\/wp-json\/wp\/v2\/types\/product"}],"replies":[{"embeddable":true,"href":"https:\/\/rfiddepo.com\/en\/wp-json\/wp\/v2\/comments?post=149193"}],"wp:featuredmedia":[{"embeddable":true,"href":"https:\/\/rfiddepo.com\/en\/wp-json\/wp\/v2\/media\/149195"}],"wp:attachment":[{"href":"https:\/\/rfiddepo.com\/en\/wp-json\/wp\/v2\/media?parent=149193"}],"wp:term":[{"taxonomy":"product_brand","embeddable":true,"href":"https:\/\/rfiddepo.com\/en\/wp-json\/wp\/v2\/product_brand?post=149193"},{"taxonomy":"product_cat","embeddable":true,"href":"https:\/\/rfiddepo.com\/en\/wp-json\/wp\/v2\/product_cat?post=149193"},{"taxonomy":"product_tag","embeddable":true,"href":"https:\/\/rfiddepo.com\/en\/wp-json\/wp\/v2\/product_tag?post=149193"}],"curies":[{"name":"wp","href":"https:\/\/api.w.org\/{rel}","templated":true}]}}