{"id":149189,"date":"2025-10-16T12:46:05","date_gmt":"2025-10-16T12:46:05","guid":{"rendered":"https:\/\/rfiddepo.com\/?post_type=product&#038;p=149189"},"modified":"2025-10-20T11:16:48","modified_gmt":"2025-10-20T11:16:48","slug":"keonn-advanreader-70-uhf-rfid-reader","status":"publish","type":"product","link":"https:\/\/rfiddepo.com\/en\/urunlerimiz\/keonn-advanreader-70-uhf-rfid-reader\/","title":{"rendered":"Keonn AdvanReader-70 UHF RFID Reader"},"content":{"rendered":"<table class=\"blueTable\">\n<tbody>\n<tr>\n<td><strong>Product Name<\/strong><\/td>\n<td>Keonn AdvanReader-70 UHF RFID Reader<\/td>\n<\/tr>\n<tr>\n<td><strong>Model Selection<\/strong><\/td>\n<td>1 Port (27 dBm) \/ 2 Port (30 dBm)<\/td>\n<\/tr>\n<tr>\n<td><strong>Operating System<\/strong><\/td>\n<td>Linux (Debian-based, open source)<\/td>\n<\/tr>\n<tr>\n<td><strong>Processor<\/strong><\/td>\n<td>ARM Cortex A-8 1GHz<\/td>\n<\/tr>\n<tr>\n<td><strong>Connection Types<\/strong><\/td>\n<td>Ethernet, USB (HID), PoE<\/td>\n<\/tr>\n<tr>\n<td><strong>RF Protocol<\/strong><\/td>\n<td>EPCglobal UHF Class 1 Gen2 \/ ISO 18000-6C<\/td>\n<\/tr>\n<tr>\n<td><strong>Reading Speed<\/strong><\/td>\n<td>50 etiket\/saniye<\/td>\n<\/tr>\n<tr>\n<td><strong>Operating Temperature<\/strong><\/td>\n<td>-20\u00b0C ~ +50\u00b0C<\/td>\n<\/tr>\n<tr>\n<td><strong>Dimensions \/ Weight<\/strong><\/td>\n<td>137\u00d7137\u00d724 mm \/ 180 g (without case) \u2014 143\u00d7143\u00d730 mm \/ 510 g (with case)<\/td>\n<\/tr>\n<tr>\n<td><strong>Power Source<\/strong><\/td>\n<td>24V DC veya PoE (IEEE 802.3af \/ at)<\/td>\n<\/tr>\n<tr>\n<td><strong>Brand<\/strong><\/td>\n<td><a href=\"https:\/\/rfiddepo.com\/marka\/keonn\/\"><img decoding=\"async\" src=\"https:\/\/rfiddepo.com\/wp-content\/uploads\/2025\/10\/Adsiz-tasarim-29-300x214.png\" width=\"100\" \/><\/a><\/td>\n<\/tr>\n<\/tbody>\n<\/table>\n<h3>Technical Specifications:<\/h3>\n<ul>\n<li><strong>Model Options:<\/strong> 1 port (27 dBm) veya 2 port (30 dBm)<\/li>\n<li><strong>Operating System:<\/strong> Open source Linux (Debian-based)<\/li>\n<li><strong>Processor:<\/strong> ARM Cortex A-8, 1 GHz<\/li>\n<li><strong>Memory:<\/strong> 512 MB RAM \/ 4 GB ROM<\/li>\n<li><strong>RFID Protocol:<\/strong> EPCglobal UHF Class 1 Gen2 \/ ISO 18000-6C<\/li>\n<li><strong>Reading Speed:<\/strong> Up to 50 labels per second:<\/li>\n<li><strong>Output Power:<\/strong> 0\u201327 dBm or 0\u201330 dBm (adjustable)<\/li>\n<li><strong>Connections<\/strong> Ethernet, USB (HID), PoE support<\/li>\n<li><strong>Entrances\/Exits:<\/strong> 5 digital outputs, 2 digital\/analog inputs, 1 relay output<\/li>\n<li><strong>Speaker:<\/strong> 8 ohms \/ 2 W (external connection)<\/li>\n<li><strong>LED Indicators:<\/strong> Power, RF Tx, RF Rx, Status, HID indicators<\/li>\n<li><strong>Dimensions<\/strong> 137\u00d7137\u00d724 mm \/ 143\u00d7143\u00d730 mm (with housing)<\/li>\n<li><strong>Weight<\/strong> 180 g \/ 510 g (with container)<\/li>\n<li><strong>Operating Temperature<\/strong> -20\u00b0C ~ +50\u00b0C<\/li>\n<li><strong>Power Source:<\/strong> 24V DC veya PoE (IEEE 802.3af \/ at)<\/li>\n<\/ul>\n<h3>Areas of Use:<\/h3>\n<ul>\n<li>Smart shelving and display systems<\/li>\n<li>RFID portals and tunnels<\/li>\n<li>Point-of-sale systems<\/li>\n<li>Loss prevention systems<\/li>\n<li>Smart surface applications<\/li>\n<li>Industrial production and logistics<\/li>\n<li>Warehouse management and monitoring<\/li>\n<li>Event, ticketing, and identity verification systems<\/li>\n<\/ul>","protected":false},"excerpt":{"rendered":"<p><strong>Keonn AdvanReader-70<\/strong>is a high-performance UHF RFID reader equipped with an internal microcomputer and open-source Linux operating system. It comes in 1-port (27 dBm) and 2-port (30 dBm) models. It can operate independently without the need for an external computer, reducing installation and maintenance costs. Its compact design, PoE support, and wide range of connectivity options make it suitable for use in many RFID applications.<\/p>\n<div class=\"datasheet\"><a href=\"\/wp-content\/uploads\/2025\/10\/Keonn-AdvanReader-70-Data-sheet.pdf\" target=\"_blank\" class=\"datasheet-btn\" rel=\"noopener\"><br \/>\n\ud83d\udcc4 Datasheet<br \/>\n<\/a><\/div>","protected":false},"featured_media":149191,"comment_status":"closed","ping_status":"closed","template":"","meta":{"_monsterinsights_skip_tracking":false,"_monsterinsights_sitenote_active":false,"_monsterinsights_sitenote_note":"","_monsterinsights_sitenote_category":0},"product_brand":[186],"product_cat":[71],"product_tag":[114],"class_list":{"0":"post-149189","1":"product","2":"type-product","3":"status-publish","4":"has-post-thumbnail","6":"product_brand-keonn","7":"product_cat-rfid-sabit-okuyucular","8":"product_tag-rfid-okuyucu","10":"first","11":"instock","12":"shipping-taxable","13":"purchasable","14":"product-type-simple"},"yoast_head":"<!-- This site is optimized with the Yoast SEO plugin v26.6 - https:\/\/yoast.com\/wordpress\/plugins\/seo\/ -->\n<title>Keonn AdvanReader-70 UHF RFID Reader - RFID Depo<\/title>\n<meta name=\"description\" content=\"Keonn AdvanReader-70, Linux tabanl\u0131 1 veya 2 portlu UHF RFID okuyucudur. Kompakt tasar\u0131m\u0131 ve PoE deste\u011fiyle ak\u0131ll\u0131 raf ve portal uygulamalar\u0131 i\u00e7in idealdir.\" \/>\n<meta name=\"robots\" content=\"index, follow, max-snippet:-1, max-image-preview:large, max-video-preview:-1\" \/>\n<link rel=\"canonical\" href=\"https:\/\/rfiddepo.com\/en\/urunlerimiz\/keonn-advanreader-70-uhf-rfid-reader\/\" \/>\n<meta property=\"og:locale\" content=\"en_US\" \/>\n<meta property=\"og:type\" content=\"article\" \/>\n<meta property=\"og:title\" content=\"Keonn AdvanReader-70 UHF RFID Reader - RFID Depo\" \/>\n<meta property=\"og:description\" content=\"Keonn AdvanReader-70, Linux tabanl\u0131 1 veya 2 portlu UHF RFID okuyucudur. Kompakt tasar\u0131m\u0131 ve PoE deste\u011fiyle ak\u0131ll\u0131 raf ve portal uygulamalar\u0131 i\u00e7in idealdir.\" \/>\n<meta property=\"og:url\" content=\"https:\/\/rfiddepo.com\/en\/urunlerimiz\/keonn-advanreader-70-uhf-rfid-reader\/\" \/>\n<meta property=\"og:site_name\" content=\"RFID Depo\" \/>\n<meta property=\"article:modified_time\" content=\"2025-10-20T11:16:48+00:00\" \/>\n<meta property=\"og:image\" content=\"https:\/\/rfiddepo.com\/wp-content\/uploads\/2025\/10\/ADRD-70-M2.jpg\" \/>\n\t<meta property=\"og:image:width\" content=\"1500\" \/>\n\t<meta property=\"og:image:height\" content=\"1500\" \/>\n\t<meta property=\"og:image:type\" content=\"image\/jpeg\" \/>\n<meta name=\"twitter:card\" content=\"summary_large_image\" \/>\n<meta name=\"twitter:label1\" content=\"Est. reading time\" \/>\n\t<meta name=\"twitter:data1\" content=\"2 minutes\" \/>\n<script type=\"application\/ld+json\" class=\"yoast-schema-graph\">{\"@context\":\"https:\/\/schema.org\",\"@graph\":[{\"@type\":\"WebPage\",\"@id\":\"https:\/\/rfiddepo.com\/en\/urunlerimiz\/keonn-advanreader-70-uhf-rfid-reader\/\",\"url\":\"https:\/\/rfiddepo.com\/en\/urunlerimiz\/keonn-advanreader-70-uhf-rfid-reader\/\",\"name\":\"Keonn AdvanReader-70 UHF RFID Reader - RFID Depo\",\"isPartOf\":{\"@id\":\"https:\/\/rfiddepo.com\/en\/#website\"},\"primaryImageOfPage\":{\"@id\":\"https:\/\/rfiddepo.com\/en\/urunlerimiz\/keonn-advanreader-70-uhf-rfid-reader\/#primaryimage\"},\"image\":{\"@id\":\"https:\/\/rfiddepo.com\/en\/urunlerimiz\/keonn-advanreader-70-uhf-rfid-reader\/#primaryimage\"},\"thumbnailUrl\":\"https:\/\/rfiddepo.com\/wp-content\/uploads\/2025\/10\/ADRD-70-M2.jpg\",\"datePublished\":\"2025-10-16T12:46:05+00:00\",\"dateModified\":\"2025-10-20T11:16:48+00:00\",\"description\":\"Keonn AdvanReader-70, Linux tabanl\u0131 1 veya 2 portlu UHF RFID okuyucudur. Kompakt tasar\u0131m\u0131 ve PoE deste\u011fiyle ak\u0131ll\u0131 raf ve portal uygulamalar\u0131 i\u00e7in idealdir.\",\"breadcrumb\":{\"@id\":\"https:\/\/rfiddepo.com\/en\/urunlerimiz\/keonn-advanreader-70-uhf-rfid-reader\/#breadcrumb\"},\"inLanguage\":\"en-US\",\"potentialAction\":[{\"@type\":\"ReadAction\",\"target\":[\"https:\/\/rfiddepo.com\/en\/urunlerimiz\/keonn-advanreader-70-uhf-rfid-reader\/\"]}]},{\"@type\":\"ImageObject\",\"inLanguage\":\"en-US\",\"@id\":\"https:\/\/rfiddepo.com\/en\/urunlerimiz\/keonn-advanreader-70-uhf-rfid-reader\/#primaryimage\",\"url\":\"https:\/\/rfiddepo.com\/wp-content\/uploads\/2025\/10\/ADRD-70-M2.jpg\",\"contentUrl\":\"https:\/\/rfiddepo.com\/wp-content\/uploads\/2025\/10\/ADRD-70-M2.jpg\",\"width\":1500,\"height\":1500},{\"@type\":\"BreadcrumbList\",\"@id\":\"https:\/\/rfiddepo.com\/en\/urunlerimiz\/keonn-advanreader-70-uhf-rfid-reader\/#breadcrumb\",\"itemListElement\":[{\"@type\":\"ListItem\",\"position\":1,\"name\":\"Anasayfa\",\"item\":\"https:\/\/rfiddepo.com\/en\/\"},{\"@type\":\"ListItem\",\"position\":2,\"name\":\"Urunler\",\"item\":\"https:\/\/rfiddepo.com\/urunler\/\"},{\"@type\":\"ListItem\",\"position\":3,\"name\":\"Keonn AdvanReader-70 UHF RFID Reader\"}]},{\"@type\":\"WebSite\",\"@id\":\"https:\/\/rfiddepo.com\/en\/#website\",\"url\":\"https:\/\/rfiddepo.com\/en\/\",\"name\":\"RFID Depo\",\"description\":\"\",\"publisher\":{\"@id\":\"https:\/\/rfiddepo.com\/en\/#organization\"},\"potentialAction\":[{\"@type\":\"SearchAction\",\"target\":{\"@type\":\"EntryPoint\",\"urlTemplate\":\"https:\/\/rfiddepo.com\/en\/?s={search_term_string}\"},\"query-input\":{\"@type\":\"PropertyValueSpecification\",\"valueRequired\":true,\"valueName\":\"search_term_string\"}}],\"inLanguage\":\"en-US\"},{\"@type\":\"Organization\",\"@id\":\"https:\/\/rfiddepo.com\/en\/#organization\",\"name\":\"%%sitename%%\",\"url\":\"https:\/\/rfiddepo.com\/en\/\",\"logo\":{\"@type\":\"ImageObject\",\"inLanguage\":\"en-US\",\"@id\":\"https:\/\/rfiddepo.com\/en\/#\/schema\/logo\/image\/\",\"url\":\"https:\/\/rfiddepo.com\/wp-content\/uploads\/2025\/09\/rfiddepo-logo.png\",\"contentUrl\":\"https:\/\/rfiddepo.com\/wp-content\/uploads\/2025\/09\/rfiddepo-logo.png\",\"width\":500,\"height\":106,\"caption\":\"%%sitename%%\"},\"image\":{\"@id\":\"https:\/\/rfiddepo.com\/en\/#\/schema\/logo\/image\/\"}}]}<\/script>\n<!-- \/ Yoast SEO plugin. -->","yoast_head_json":{"title":"Keonn AdvanReader-70 UHF RFID Reader - RFID Depo","description":"Keonn AdvanReader-70, Linux tabanl\u0131 1 veya 2 portlu UHF RFID okuyucudur. Kompakt tasar\u0131m\u0131 ve PoE deste\u011fiyle ak\u0131ll\u0131 raf ve portal uygulamalar\u0131 i\u00e7in idealdir.","robots":{"index":"index","follow":"follow","max-snippet":"max-snippet:-1","max-image-preview":"max-image-preview:large","max-video-preview":"max-video-preview:-1"},"canonical":"https:\/\/rfiddepo.com\/en\/urunlerimiz\/keonn-advanreader-70-uhf-rfid-reader\/","og_locale":"en_US","og_type":"article","og_title":"Keonn AdvanReader-70 UHF RFID Reader - RFID Depo","og_description":"Keonn AdvanReader-70, Linux tabanl\u0131 1 veya 2 portlu UHF RFID okuyucudur. Kompakt tasar\u0131m\u0131 ve PoE deste\u011fiyle ak\u0131ll\u0131 raf ve portal uygulamalar\u0131 i\u00e7in idealdir.","og_url":"https:\/\/rfiddepo.com\/en\/urunlerimiz\/keonn-advanreader-70-uhf-rfid-reader\/","og_site_name":"RFID Depo","article_modified_time":"2025-10-20T11:16:48+00:00","og_image":[{"width":1500,"height":1500,"url":"https:\/\/rfiddepo.com\/wp-content\/uploads\/2025\/10\/ADRD-70-M2.jpg","type":"image\/jpeg"}],"twitter_card":"summary_large_image","twitter_misc":{"Est. reading time":"2 minutes"},"schema":{"@context":"https:\/\/schema.org","@graph":[{"@type":"WebPage","@id":"https:\/\/rfiddepo.com\/en\/urunlerimiz\/keonn-advanreader-70-uhf-rfid-reader\/","url":"https:\/\/rfiddepo.com\/en\/urunlerimiz\/keonn-advanreader-70-uhf-rfid-reader\/","name":"Keonn AdvanReader-70 UHF RFID Reader - RFID Depo","isPartOf":{"@id":"https:\/\/rfiddepo.com\/en\/#website"},"primaryImageOfPage":{"@id":"https:\/\/rfiddepo.com\/en\/urunlerimiz\/keonn-advanreader-70-uhf-rfid-reader\/#primaryimage"},"image":{"@id":"https:\/\/rfiddepo.com\/en\/urunlerimiz\/keonn-advanreader-70-uhf-rfid-reader\/#primaryimage"},"thumbnailUrl":"https:\/\/rfiddepo.com\/wp-content\/uploads\/2025\/10\/ADRD-70-M2.jpg","datePublished":"2025-10-16T12:46:05+00:00","dateModified":"2025-10-20T11:16:48+00:00","description":"Keonn AdvanReader-70, Linux tabanl\u0131 1 veya 2 portlu UHF RFID okuyucudur. Kompakt tasar\u0131m\u0131 ve PoE deste\u011fiyle ak\u0131ll\u0131 raf ve portal uygulamalar\u0131 i\u00e7in idealdir.","breadcrumb":{"@id":"https:\/\/rfiddepo.com\/en\/urunlerimiz\/keonn-advanreader-70-uhf-rfid-reader\/#breadcrumb"},"inLanguage":"en-US","potentialAction":[{"@type":"ReadAction","target":["https:\/\/rfiddepo.com\/en\/urunlerimiz\/keonn-advanreader-70-uhf-rfid-reader\/"]}]},{"@type":"ImageObject","inLanguage":"en-US","@id":"https:\/\/rfiddepo.com\/en\/urunlerimiz\/keonn-advanreader-70-uhf-rfid-reader\/#primaryimage","url":"https:\/\/rfiddepo.com\/wp-content\/uploads\/2025\/10\/ADRD-70-M2.jpg","contentUrl":"https:\/\/rfiddepo.com\/wp-content\/uploads\/2025\/10\/ADRD-70-M2.jpg","width":1500,"height":1500},{"@type":"BreadcrumbList","@id":"https:\/\/rfiddepo.com\/en\/urunlerimiz\/keonn-advanreader-70-uhf-rfid-reader\/#breadcrumb","itemListElement":[{"@type":"ListItem","position":1,"name":"Anasayfa","item":"https:\/\/rfiddepo.com\/en\/"},{"@type":"ListItem","position":2,"name":"Urunler","item":"https:\/\/rfiddepo.com\/urunler\/"},{"@type":"ListItem","position":3,"name":"Keonn AdvanReader-70 UHF RFID Reader"}]},{"@type":"WebSite","@id":"https:\/\/rfiddepo.com\/en\/#website","url":"https:\/\/rfiddepo.com\/en\/","name":"RFID Depo","description":"","publisher":{"@id":"https:\/\/rfiddepo.com\/en\/#organization"},"potentialAction":[{"@type":"SearchAction","target":{"@type":"EntryPoint","urlTemplate":"https:\/\/rfiddepo.com\/en\/?s={search_term_string}"},"query-input":{"@type":"PropertyValueSpecification","valueRequired":true,"valueName":"search_term_string"}}],"inLanguage":"en-US"},{"@type":"Organization","@id":"https:\/\/rfiddepo.com\/en\/#organization","name":"%%sitename%%","url":"https:\/\/rfiddepo.com\/en\/","logo":{"@type":"ImageObject","inLanguage":"en-US","@id":"https:\/\/rfiddepo.com\/en\/#\/schema\/logo\/image\/","url":"https:\/\/rfiddepo.com\/wp-content\/uploads\/2025\/09\/rfiddepo-logo.png","contentUrl":"https:\/\/rfiddepo.com\/wp-content\/uploads\/2025\/09\/rfiddepo-logo.png","width":500,"height":106,"caption":"%%sitename%%"},"image":{"@id":"https:\/\/rfiddepo.com\/en\/#\/schema\/logo\/image\/"}}]}},"_links":{"self":[{"href":"https:\/\/rfiddepo.com\/en\/wp-json\/wp\/v2\/product\/149189","targetHints":{"allow":["GET"]}}],"collection":[{"href":"https:\/\/rfiddepo.com\/en\/wp-json\/wp\/v2\/product"}],"about":[{"href":"https:\/\/rfiddepo.com\/en\/wp-json\/wp\/v2\/types\/product"}],"replies":[{"embeddable":true,"href":"https:\/\/rfiddepo.com\/en\/wp-json\/wp\/v2\/comments?post=149189"}],"wp:featuredmedia":[{"embeddable":true,"href":"https:\/\/rfiddepo.com\/en\/wp-json\/wp\/v2\/media\/149191"}],"wp:attachment":[{"href":"https:\/\/rfiddepo.com\/en\/wp-json\/wp\/v2\/media?parent=149189"}],"wp:term":[{"taxonomy":"product_brand","embeddable":true,"href":"https:\/\/rfiddepo.com\/en\/wp-json\/wp\/v2\/product_brand?post=149189"},{"taxonomy":"product_cat","embeddable":true,"href":"https:\/\/rfiddepo.com\/en\/wp-json\/wp\/v2\/product_cat?post=149189"},{"taxonomy":"product_tag","embeddable":true,"href":"https:\/\/rfiddepo.com\/en\/wp-json\/wp\/v2\/product_tag?post=149189"}],"curies":[{"name":"wp","href":"https:\/\/api.w.org\/{rel}","templated":true}]}}