{"id":149174,"date":"2025-10-16T11:59:55","date_gmt":"2025-10-16T11:59:55","guid":{"rendered":"https:\/\/rfiddepo.com\/?post_type=product&#038;p=149174"},"modified":"2025-10-20T11:17:13","modified_gmt":"2025-10-20T11:17:13","slug":"chainway-ant-rc09-9dbi-panel-anten","status":"publish","type":"product","link":"https:\/\/rfiddepo.com\/en\/urunlerimiz\/chainway-ant-rc09-9dbi-panel-anten\/","title":{"rendered":"Chainway Ant-RC09 9dBi Panel Antenna"},"content":{"rendered":"<table class=\"blueTable\">\n<tbody>\n<tr>\n<td><strong>Product Name<\/strong><\/td>\n<td>Chainway Ant-RC09 9dBi Panel Antenna<\/td>\n<\/tr>\n<tr>\n<td><strong>Frequency Range<\/strong><\/td>\n<td>865\u2013868 MHz \/ 902\u2013928 MHz<\/td>\n<\/tr>\n<tr>\n<td><strong>Profit<\/strong><\/td>\n<td>9dBi<\/td>\n<\/tr>\n<tr>\n<td><strong>Polarization<\/strong><\/td>\n<td>RHCP<\/td>\n<\/tr>\n<tr>\n<td><strong>3dB Beamwidth<\/strong><\/td>\n<td>60\u00b0 (H) \/ 55\u00b0 (E)<\/td>\n<\/tr>\n<tr>\n<td><strong>Connection Type<\/strong><\/td>\n<td>N-Type Di\u015fi<\/td>\n<\/tr>\n<tr>\n<td><strong>Dimensions \/ Weight<\/strong><\/td>\n<td>255 \u00d7 255 \u00d7 30 mm \/ 1.27 kg<\/td>\n<\/tr>\n<tr>\n<td><strong>Protection Class<\/strong><\/td>\n<td>IP67<\/td>\n<\/tr>\n<tr>\n<td><strong>Material<\/strong><\/td>\n<td>ABS + Aluminum<\/td>\n<\/tr>\n<tr>\n<td><strong>Brand<\/strong><\/td>\n<td><a href=\"\/marka\/chainway\/\"><img decoding=\"async\" src=\"\/wp-content\/uploads\/2025\/10\/8136a595-23d5-418e-b357-629e67e48982.png\" \/><\/a><\/td>\n<\/tr>\n<\/tbody>\n<\/table>\n<h3>Technical Specifications:<\/h3>\n<ul>\n<li><strong>Frequency Range:<\/strong> 865\u2013868 MHz \/ 902\u2013928 MHz<\/li>\n<li><strong>Polarization Type:<\/strong> RHCP (Right-Hand Circular Polarization)<\/li>\n<li><strong>Profit:<\/strong> 9dBi<\/li>\n<li><strong>3dB Beamwidth (H\/E):<\/strong> 60\u00b0 \/ 55\u00b0<\/li>\n<li><strong>VSWR:<\/strong> \u2264 1.3<\/li>\n<li><strong>Front-to-Rear Ratio:<\/strong> \u2265 17dB<\/li>\n<li><strong>Input Impedance:<\/strong> 50\u03a9<\/li>\n<li><strong>Maximum Input Power:<\/strong> 20W<\/li>\n<li><strong>Lightning Protection:<\/strong> DC Grounded<\/li>\n<li><strong>Connection Type:<\/strong> N-Type Di\u015fi<\/li>\n<li><strong>Dimensions (HxWxD):<\/strong> 255 \u00d7 255 \u00d7 30 mm<\/li>\n<li><strong>Weight<\/strong> 1.27 kg (with mounting bracket)<\/li>\n<li><strong>Material:<\/strong> ABS + Aluminum<\/li>\n<li><strong>Color:<\/strong> Bright white<\/li>\n<li><strong>Protection Class:<\/strong> IP67<\/li>\n<li><strong>Operating Temperature<\/strong> -40\u00b0C ~ +60\u00b0C<\/li>\n<li><strong>Assembly:<\/strong> Pole or wall mounting (\u03c630\u2013\u03c650 mm supported)<\/li>\n<li><strong>Wind Resistance:<\/strong> 60 m\/s<\/li>\n<\/ul>\n<h3>Areas of Use:<\/h3>\n<ul>\n<li>Logistics and warehouse management<\/li>\n<li>Transportation and access control systems<\/li>\n<li>Retail and inventory tracking<\/li>\n<li>Health and pharmaceutical management<\/li>\n<li>Energy and finance sector applications<\/li>\n<li>Ticketing and livestock industry<\/li>\n<\/ul>","protected":false},"excerpt":{"rendered":"<p><strong>Chainway Ant-RC09<\/strong>, is a powerful RFID panel antenna with 9dBi gain, high data security, and IP67 protection rating. It delivers superior performance in long-range and multi-tag reading applications thanks to its fast read\/write capability. Its lightweight and portable design, easy installation, and environmental durability make it an ideal solution for logistics, warehousing, retail, transportation, healthcare, energy, and livestock industries.<\/p>\n<div class=\"datasheet\"><a href=\"\/wp-content\/uploads\/2025\/10\/9dBi-Ant-RC09-255-EN.pdf\" target=\"_blank\" class=\"datasheet-btn\" rel=\"noopener\"><br \/>\n\ud83d\udcc4 Datasheet<br \/>\n<\/a><\/div>","protected":false},"featured_media":149176,"comment_status":"closed","ping_status":"closed","template":"","meta":{"_monsterinsights_skip_tracking":false,"_monsterinsights_sitenote_active":false,"_monsterinsights_sitenote_note":"","_monsterinsights_sitenote_category":0},"product_brand":[475],"product_cat":[34],"product_tag":[112,159],"class_list":{"0":"post-149174","1":"product","2":"type-product","3":"status-publish","4":"has-post-thumbnail","6":"product_brand-chainway","7":"product_cat-rfid-antenler","8":"product_tag-rfid-anten","9":"product_tag-uhf-rfid-anten","11":"first","12":"instock","13":"shipping-taxable","14":"purchasable","15":"product-type-simple"},"yoast_head":"<!-- This site is optimized with the Yoast SEO plugin v26.6 - https:\/\/yoast.com\/wordpress\/plugins\/seo\/ -->\n<title>Chainway Ant-RC09 9dBi Panel Anten - RFID Depo<\/title>\n<meta name=\"description\" content=\"Chainway Ant-RC09, 9dBi kazan\u00e7l\u0131, IP67 korumal\u0131 RFID panel antendir. Uzun mesafe, h\u0131zl\u0131 okuma ve \u00e7oklu etiket performans\u0131yla end\u00fcstriyel kullan\u0131ma uygundur.\" \/>\n<meta name=\"robots\" content=\"index, follow, max-snippet:-1, max-image-preview:large, max-video-preview:-1\" \/>\n<link rel=\"canonical\" href=\"https:\/\/rfiddepo.com\/en\/urunlerimiz\/chainway-ant-rc09-9dbi-panel-anten\/\" \/>\n<meta property=\"og:locale\" content=\"en_US\" \/>\n<meta property=\"og:type\" content=\"article\" \/>\n<meta property=\"og:title\" content=\"Chainway Ant-RC09 9dBi Panel Anten - RFID Depo\" \/>\n<meta property=\"og:description\" content=\"Chainway Ant-RC09, 9dBi kazan\u00e7l\u0131, IP67 korumal\u0131 RFID panel antendir. Uzun mesafe, h\u0131zl\u0131 okuma ve \u00e7oklu etiket performans\u0131yla end\u00fcstriyel kullan\u0131ma uygundur.\" \/>\n<meta property=\"og:url\" content=\"https:\/\/rfiddepo.com\/en\/urunlerimiz\/chainway-ant-rc09-9dbi-panel-anten\/\" \/>\n<meta property=\"og:site_name\" content=\"RFID Depo\" \/>\n<meta property=\"article:modified_time\" content=\"2025-10-20T11:17:13+00:00\" \/>\n<meta property=\"og:image\" content=\"https:\/\/rfiddepo.com\/wp-content\/uploads\/2025\/10\/0aaccd6f-9545-4c8c-854c-c64c54da1647.jpg\" \/>\n\t<meta property=\"og:image:width\" content=\"730\" \/>\n\t<meta property=\"og:image:height\" content=\"730\" \/>\n\t<meta property=\"og:image:type\" content=\"image\/jpeg\" \/>\n<meta name=\"twitter:card\" content=\"summary_large_image\" \/>\n<meta name=\"twitter:label1\" content=\"Est. reading time\" \/>\n\t<meta name=\"twitter:data1\" content=\"2 minutes\" \/>\n<script type=\"application\/ld+json\" class=\"yoast-schema-graph\">{\"@context\":\"https:\/\/schema.org\",\"@graph\":[{\"@type\":\"WebPage\",\"@id\":\"https:\/\/rfiddepo.com\/en\/urunlerimiz\/chainway-ant-rc09-9dbi-panel-anten\/\",\"url\":\"https:\/\/rfiddepo.com\/en\/urunlerimiz\/chainway-ant-rc09-9dbi-panel-anten\/\",\"name\":\"Chainway Ant-RC09 9dBi Panel Anten - RFID Depo\",\"isPartOf\":{\"@id\":\"https:\/\/rfiddepo.com\/en\/#website\"},\"primaryImageOfPage\":{\"@id\":\"https:\/\/rfiddepo.com\/en\/urunlerimiz\/chainway-ant-rc09-9dbi-panel-anten\/#primaryimage\"},\"image\":{\"@id\":\"https:\/\/rfiddepo.com\/en\/urunlerimiz\/chainway-ant-rc09-9dbi-panel-anten\/#primaryimage\"},\"thumbnailUrl\":\"https:\/\/rfiddepo.com\/wp-content\/uploads\/2025\/10\/0aaccd6f-9545-4c8c-854c-c64c54da1647.jpg\",\"datePublished\":\"2025-10-16T11:59:55+00:00\",\"dateModified\":\"2025-10-20T11:17:13+00:00\",\"description\":\"Chainway Ant-RC09, 9dBi kazan\u00e7l\u0131, IP67 korumal\u0131 RFID panel antendir. Uzun mesafe, h\u0131zl\u0131 okuma ve \u00e7oklu etiket performans\u0131yla end\u00fcstriyel kullan\u0131ma uygundur.\",\"breadcrumb\":{\"@id\":\"https:\/\/rfiddepo.com\/en\/urunlerimiz\/chainway-ant-rc09-9dbi-panel-anten\/#breadcrumb\"},\"inLanguage\":\"en-US\",\"potentialAction\":[{\"@type\":\"ReadAction\",\"target\":[\"https:\/\/rfiddepo.com\/en\/urunlerimiz\/chainway-ant-rc09-9dbi-panel-anten\/\"]}]},{\"@type\":\"ImageObject\",\"inLanguage\":\"en-US\",\"@id\":\"https:\/\/rfiddepo.com\/en\/urunlerimiz\/chainway-ant-rc09-9dbi-panel-anten\/#primaryimage\",\"url\":\"https:\/\/rfiddepo.com\/wp-content\/uploads\/2025\/10\/0aaccd6f-9545-4c8c-854c-c64c54da1647.jpg\",\"contentUrl\":\"https:\/\/rfiddepo.com\/wp-content\/uploads\/2025\/10\/0aaccd6f-9545-4c8c-854c-c64c54da1647.jpg\",\"width\":730,\"height\":730},{\"@type\":\"BreadcrumbList\",\"@id\":\"https:\/\/rfiddepo.com\/en\/urunlerimiz\/chainway-ant-rc09-9dbi-panel-anten\/#breadcrumb\",\"itemListElement\":[{\"@type\":\"ListItem\",\"position\":1,\"name\":\"Anasayfa\",\"item\":\"https:\/\/rfiddepo.com\/en\/\"},{\"@type\":\"ListItem\",\"position\":2,\"name\":\"Urunler\",\"item\":\"https:\/\/rfiddepo.com\/urunler\/\"},{\"@type\":\"ListItem\",\"position\":3,\"name\":\"Chainway Ant-RC09 9dBi Panel Anten\"}]},{\"@type\":\"WebSite\",\"@id\":\"https:\/\/rfiddepo.com\/en\/#website\",\"url\":\"https:\/\/rfiddepo.com\/en\/\",\"name\":\"RFID Depo\",\"description\":\"\",\"publisher\":{\"@id\":\"https:\/\/rfiddepo.com\/en\/#organization\"},\"potentialAction\":[{\"@type\":\"SearchAction\",\"target\":{\"@type\":\"EntryPoint\",\"urlTemplate\":\"https:\/\/rfiddepo.com\/en\/?s={search_term_string}\"},\"query-input\":{\"@type\":\"PropertyValueSpecification\",\"valueRequired\":true,\"valueName\":\"search_term_string\"}}],\"inLanguage\":\"en-US\"},{\"@type\":\"Organization\",\"@id\":\"https:\/\/rfiddepo.com\/en\/#organization\",\"name\":\"%%sitename%%\",\"url\":\"https:\/\/rfiddepo.com\/en\/\",\"logo\":{\"@type\":\"ImageObject\",\"inLanguage\":\"en-US\",\"@id\":\"https:\/\/rfiddepo.com\/en\/#\/schema\/logo\/image\/\",\"url\":\"https:\/\/rfiddepo.com\/wp-content\/uploads\/2025\/09\/rfiddepo-logo.png\",\"contentUrl\":\"https:\/\/rfiddepo.com\/wp-content\/uploads\/2025\/09\/rfiddepo-logo.png\",\"width\":500,\"height\":106,\"caption\":\"%%sitename%%\"},\"image\":{\"@id\":\"https:\/\/rfiddepo.com\/en\/#\/schema\/logo\/image\/\"}}]}<\/script>\n<!-- \/ Yoast SEO plugin. -->","yoast_head_json":{"title":"Chainway Ant-RC09 9dBi Panel Anten - RFID Depo","description":"Chainway Ant-RC09, 9dBi kazan\u00e7l\u0131, IP67 korumal\u0131 RFID panel antendir. Uzun mesafe, h\u0131zl\u0131 okuma ve \u00e7oklu etiket performans\u0131yla end\u00fcstriyel kullan\u0131ma uygundur.","robots":{"index":"index","follow":"follow","max-snippet":"max-snippet:-1","max-image-preview":"max-image-preview:large","max-video-preview":"max-video-preview:-1"},"canonical":"https:\/\/rfiddepo.com\/en\/urunlerimiz\/chainway-ant-rc09-9dbi-panel-anten\/","og_locale":"en_US","og_type":"article","og_title":"Chainway Ant-RC09 9dBi Panel Anten - RFID Depo","og_description":"Chainway Ant-RC09, 9dBi kazan\u00e7l\u0131, IP67 korumal\u0131 RFID panel antendir. Uzun mesafe, h\u0131zl\u0131 okuma ve \u00e7oklu etiket performans\u0131yla end\u00fcstriyel kullan\u0131ma uygundur.","og_url":"https:\/\/rfiddepo.com\/en\/urunlerimiz\/chainway-ant-rc09-9dbi-panel-anten\/","og_site_name":"RFID Depo","article_modified_time":"2025-10-20T11:17:13+00:00","og_image":[{"width":730,"height":730,"url":"https:\/\/rfiddepo.com\/wp-content\/uploads\/2025\/10\/0aaccd6f-9545-4c8c-854c-c64c54da1647.jpg","type":"image\/jpeg"}],"twitter_card":"summary_large_image","twitter_misc":{"Est. reading time":"2 minutes"},"schema":{"@context":"https:\/\/schema.org","@graph":[{"@type":"WebPage","@id":"https:\/\/rfiddepo.com\/en\/urunlerimiz\/chainway-ant-rc09-9dbi-panel-anten\/","url":"https:\/\/rfiddepo.com\/en\/urunlerimiz\/chainway-ant-rc09-9dbi-panel-anten\/","name":"Chainway Ant-RC09 9dBi Panel Anten - RFID Depo","isPartOf":{"@id":"https:\/\/rfiddepo.com\/en\/#website"},"primaryImageOfPage":{"@id":"https:\/\/rfiddepo.com\/en\/urunlerimiz\/chainway-ant-rc09-9dbi-panel-anten\/#primaryimage"},"image":{"@id":"https:\/\/rfiddepo.com\/en\/urunlerimiz\/chainway-ant-rc09-9dbi-panel-anten\/#primaryimage"},"thumbnailUrl":"https:\/\/rfiddepo.com\/wp-content\/uploads\/2025\/10\/0aaccd6f-9545-4c8c-854c-c64c54da1647.jpg","datePublished":"2025-10-16T11:59:55+00:00","dateModified":"2025-10-20T11:17:13+00:00","description":"Chainway Ant-RC09, 9dBi kazan\u00e7l\u0131, IP67 korumal\u0131 RFID panel antendir. Uzun mesafe, h\u0131zl\u0131 okuma ve \u00e7oklu etiket performans\u0131yla end\u00fcstriyel kullan\u0131ma uygundur.","breadcrumb":{"@id":"https:\/\/rfiddepo.com\/en\/urunlerimiz\/chainway-ant-rc09-9dbi-panel-anten\/#breadcrumb"},"inLanguage":"en-US","potentialAction":[{"@type":"ReadAction","target":["https:\/\/rfiddepo.com\/en\/urunlerimiz\/chainway-ant-rc09-9dbi-panel-anten\/"]}]},{"@type":"ImageObject","inLanguage":"en-US","@id":"https:\/\/rfiddepo.com\/en\/urunlerimiz\/chainway-ant-rc09-9dbi-panel-anten\/#primaryimage","url":"https:\/\/rfiddepo.com\/wp-content\/uploads\/2025\/10\/0aaccd6f-9545-4c8c-854c-c64c54da1647.jpg","contentUrl":"https:\/\/rfiddepo.com\/wp-content\/uploads\/2025\/10\/0aaccd6f-9545-4c8c-854c-c64c54da1647.jpg","width":730,"height":730},{"@type":"BreadcrumbList","@id":"https:\/\/rfiddepo.com\/en\/urunlerimiz\/chainway-ant-rc09-9dbi-panel-anten\/#breadcrumb","itemListElement":[{"@type":"ListItem","position":1,"name":"Anasayfa","item":"https:\/\/rfiddepo.com\/en\/"},{"@type":"ListItem","position":2,"name":"Urunler","item":"https:\/\/rfiddepo.com\/urunler\/"},{"@type":"ListItem","position":3,"name":"Chainway Ant-RC09 9dBi Panel Anten"}]},{"@type":"WebSite","@id":"https:\/\/rfiddepo.com\/en\/#website","url":"https:\/\/rfiddepo.com\/en\/","name":"RFID Depo","description":"","publisher":{"@id":"https:\/\/rfiddepo.com\/en\/#organization"},"potentialAction":[{"@type":"SearchAction","target":{"@type":"EntryPoint","urlTemplate":"https:\/\/rfiddepo.com\/en\/?s={search_term_string}"},"query-input":{"@type":"PropertyValueSpecification","valueRequired":true,"valueName":"search_term_string"}}],"inLanguage":"en-US"},{"@type":"Organization","@id":"https:\/\/rfiddepo.com\/en\/#organization","name":"%%sitename%%","url":"https:\/\/rfiddepo.com\/en\/","logo":{"@type":"ImageObject","inLanguage":"en-US","@id":"https:\/\/rfiddepo.com\/en\/#\/schema\/logo\/image\/","url":"https:\/\/rfiddepo.com\/wp-content\/uploads\/2025\/09\/rfiddepo-logo.png","contentUrl":"https:\/\/rfiddepo.com\/wp-content\/uploads\/2025\/09\/rfiddepo-logo.png","width":500,"height":106,"caption":"%%sitename%%"},"image":{"@id":"https:\/\/rfiddepo.com\/en\/#\/schema\/logo\/image\/"}}]}},"_links":{"self":[{"href":"https:\/\/rfiddepo.com\/en\/wp-json\/wp\/v2\/product\/149174","targetHints":{"allow":["GET"]}}],"collection":[{"href":"https:\/\/rfiddepo.com\/en\/wp-json\/wp\/v2\/product"}],"about":[{"href":"https:\/\/rfiddepo.com\/en\/wp-json\/wp\/v2\/types\/product"}],"replies":[{"embeddable":true,"href":"https:\/\/rfiddepo.com\/en\/wp-json\/wp\/v2\/comments?post=149174"}],"wp:featuredmedia":[{"embeddable":true,"href":"https:\/\/rfiddepo.com\/en\/wp-json\/wp\/v2\/media\/149176"}],"wp:attachment":[{"href":"https:\/\/rfiddepo.com\/en\/wp-json\/wp\/v2\/media?parent=149174"}],"wp:term":[{"taxonomy":"product_brand","embeddable":true,"href":"https:\/\/rfiddepo.com\/en\/wp-json\/wp\/v2\/product_brand?post=149174"},{"taxonomy":"product_cat","embeddable":true,"href":"https:\/\/rfiddepo.com\/en\/wp-json\/wp\/v2\/product_cat?post=149174"},{"taxonomy":"product_tag","embeddable":true,"href":"https:\/\/rfiddepo.com\/en\/wp-json\/wp\/v2\/product_tag?post=149174"}],"curies":[{"name":"wp","href":"https:\/\/api.w.org\/{rel}","templated":true}]}}