{"id":149145,"date":"2025-10-16T09:28:46","date_gmt":"2025-10-16T09:28:46","guid":{"rendered":"https:\/\/rfiddepo.com\/?post_type=product&#038;p=149145"},"modified":"2025-10-20T11:19:56","modified_gmt":"2025-10-20T11:19:56","slug":"chainway-r3-uhf-rfid-desktop-reader","status":"publish","type":"product","link":"https:\/\/rfiddepo.com\/en\/urunlerimiz\/chainway-r3-uhf-rfid-desktop-reader\/","title":{"rendered":"Chainway R3 UHF RFID Desktop Reader"},"content":{"rendered":"<table class=\"blueTable\">\n<tbody>\n<tr>\n<td><strong>Product Name<\/strong><\/td>\n<td>Chainway R3 Desktop RFID Reader<\/td>\n<\/tr>\n<tr>\n<td><strong>RFID Engine<\/strong><\/td>\n<td>Impinj E Series (Gen2X Supported)<\/td>\n<\/tr>\n<tr>\n<td><strong>Reading Range<\/strong><\/td>\n<td>&gt;100 cm<\/td>\n<\/tr>\n<tr>\n<td><strong>Protocol<\/strong><\/td>\n<td>EPC C1 GEN2 \/ ISO18000-6C<\/td>\n<\/tr>\n<tr>\n<td><strong>Frequency<\/strong><\/td>\n<td>865-868 \/ 902-928 \/ 920-925 MHz<\/td>\n<\/tr>\n<tr>\n<td><strong>Output Power<\/strong><\/td>\n<td>1-30 dBm<\/td>\n<\/tr>\n<tr>\n<td><strong>Multi-Tag<\/strong><\/td>\n<td>100+ tags (5s)<\/td>\n<\/tr>\n<tr>\n<td><strong>Connections<\/strong><\/td>\n<td>USB Type-C, Bluetooth 4.0 BLE<\/td>\n<\/tr>\n<tr>\n<td><strong>LED \/ Indicators<\/strong><\/td>\n<td>Power, IT status, Scan<\/td>\n<\/tr>\n<tr>\n<td><strong>Dimensions \/ Weight<\/strong><\/td>\n<td>318 \u00d7 318 \u00d7 20 mm \/ 1133 g<\/td>\n<\/tr>\n<tr>\n<td><strong>Durability<\/strong><\/td>\n<td>IP65<\/td>\n<\/tr>\n<tr>\n<td><strong>Brand<\/strong><\/td>\n<td><a href=\"\/marka\/chainway\/\"><img decoding=\"async\" src=\"\/wp-content\/uploads\/2025\/10\/8136a595-23d5-418e-b357-629e67e48982.png\" \/><\/a><\/td>\n<\/tr>\n<\/tbody>\n<\/table>\n<h3>Technical Specifications:<\/h3>\n<ul>\n<li><strong>RFID Engine:<\/strong> Impinj E Series (Gen2X Supported)<\/li>\n<li><strong>Reading Range:<\/strong> &gt;100 cm (Impinj M750 tag)<\/li>\n<li><strong>Protocol:<\/strong> EPC C1 GEN2 \/ ISO18000-6C<\/li>\n<li><strong>Frequency:<\/strong> 865-868 \/ 902-928 \/ 920-925 MHz (customizable)<\/li>\n<li><strong>Output Power:<\/strong> 1-30 dBm, 1 dBm ad\u0131ml\u0131<\/li>\n<li><strong>Multi-Tag:<\/strong> 100+ etiket (5 saniyede)<\/li>\n<li><strong>Connections<\/strong> USB Type-C, Bluetooth 4.0 BLE<\/li>\n<li><strong>LED \/ Indicators:<\/strong> Power, Bluetooth connection status, Scan<\/li>\n<li><strong>Dimensions \/ Weight:<\/strong> 318 \u00d7 318 \u00d7 20 mm \/ 1133 g<\/li>\n<li><strong>Durability:<\/strong> IP65<\/li>\n<li><strong>Operating Temperature:<\/strong> -20\u00b0C ~ +50\u00b0C<\/li>\n<li><strong>Storage Temperature:<\/strong> -40\u00b0C ~ +70\u00b0C<\/li>\n<\/ul>\n<h3>Areas of Use:<\/h3>\n<ul>\n<li>Retail collection and sales points<\/li>\n<li>Logistics and warehouse management<\/li>\n<li>Identity verification and access control<\/li>\n<li>Smart parking and security systems<\/li>\n<li>Production process control and anti-counterfeiting<\/li>\n<\/ul>","protected":false},"excerpt":{"rendered":"<p><strong>Chainway R3<\/strong>, is a short-range UHF RFID reader developed for desktop use. It provides fast and reliable data collection with its powerful RFID engine supported by Impinj Gen2X. It is compatible with Windows, Android, and iOS devices via Bluetooth or USB Type-C connection. It is ideal for applications such as retail, logistics, identity verification, smart parking, and manufacturing processes.<\/p>\n<div class=\"datasheet\"><a href=\"\/wp-content\/uploads\/2025\/10\/R3-EN.pdf\" target=\"_blank\" class=\"datasheet-btn\" rel=\"noopener\"><br \/>\n\ud83d\udcc4 Datasheet<br \/>\n<\/a><\/div>","protected":false},"featured_media":149148,"comment_status":"closed","ping_status":"closed","template":"","meta":{"_monsterinsights_skip_tracking":false,"_monsterinsights_sitenote_active":false,"_monsterinsights_sitenote_note":"","_monsterinsights_sitenote_category":0},"product_brand":[475],"product_cat":[71],"product_tag":[240,241,242,115,201],"class_list":{"0":"post-149145","1":"product","2":"type-product","3":"status-publish","4":"has-post-thumbnail","6":"product_brand-chainway","7":"product_cat-rfid-sabit-okuyucular","8":"product_tag-honeywell-rfid-reader","9":"product_tag-if2b-rfid-reader","10":"product_tag-intermec-rfid-reader","11":"product_tag-rfid-reader","12":"product_tag-rfid-sabit-okuyucu","14":"first","15":"instock","16":"shipping-taxable","17":"purchasable","18":"product-type-simple"},"yoast_head":"<!-- This site is optimized with the Yoast SEO plugin v26.6 - https:\/\/yoast.com\/wordpress\/plugins\/seo\/ -->\n<title>Chainway R3 UHF RFID Desktop Reader - RFID Depo<\/title>\n<meta name=\"description\" content=\"Chainway R3 masa\u00fcst\u00fc RFID okuyucu; 100cm+ okuma menzili, USB\/Bluetooth, k\u0131sa menzil h\u0131zl\u0131 veri toplama, perakende ve lojistik i\u00e7in ideal.\" \/>\n<meta name=\"robots\" content=\"index, follow, max-snippet:-1, max-image-preview:large, max-video-preview:-1\" \/>\n<link rel=\"canonical\" href=\"https:\/\/rfiddepo.com\/en\/urunlerimiz\/chainway-r3-uhf-rfid-desktop-reader\/\" \/>\n<meta property=\"og:locale\" content=\"en_US\" \/>\n<meta property=\"og:type\" content=\"article\" \/>\n<meta property=\"og:title\" content=\"Chainway R3 UHF RFID Desktop Reader - RFID Depo\" \/>\n<meta property=\"og:description\" content=\"Chainway R3 masa\u00fcst\u00fc RFID okuyucu; 100cm+ okuma menzili, USB\/Bluetooth, k\u0131sa menzil h\u0131zl\u0131 veri toplama, perakende ve lojistik i\u00e7in ideal.\" \/>\n<meta property=\"og:url\" content=\"https:\/\/rfiddepo.com\/en\/urunlerimiz\/chainway-r3-uhf-rfid-desktop-reader\/\" \/>\n<meta property=\"og:site_name\" content=\"RFID Depo\" \/>\n<meta property=\"article:modified_time\" content=\"2025-10-20T11:19:56+00:00\" \/>\n<meta property=\"og:image\" content=\"https:\/\/rfiddepo.com\/wp-content\/uploads\/2025\/10\/6a0180cd-11aa-4106-9138-f110404cce5d.jpg\" \/>\n\t<meta property=\"og:image:width\" content=\"690\" \/>\n\t<meta property=\"og:image:height\" content=\"690\" \/>\n\t<meta property=\"og:image:type\" content=\"image\/jpeg\" \/>\n<meta name=\"twitter:card\" content=\"summary_large_image\" \/>\n<meta name=\"twitter:label1\" content=\"Est. reading time\" \/>\n\t<meta name=\"twitter:data1\" content=\"2 minutes\" \/>\n<script type=\"application\/ld+json\" class=\"yoast-schema-graph\">{\"@context\":\"https:\/\/schema.org\",\"@graph\":[{\"@type\":\"WebPage\",\"@id\":\"https:\/\/rfiddepo.com\/en\/urunlerimiz\/chainway-r3-uhf-rfid-desktop-reader\/\",\"url\":\"https:\/\/rfiddepo.com\/en\/urunlerimiz\/chainway-r3-uhf-rfid-desktop-reader\/\",\"name\":\"Chainway R3 UHF RFID Desktop Reader - RFID Depo\",\"isPartOf\":{\"@id\":\"https:\/\/rfiddepo.com\/en\/#website\"},\"primaryImageOfPage\":{\"@id\":\"https:\/\/rfiddepo.com\/en\/urunlerimiz\/chainway-r3-uhf-rfid-desktop-reader\/#primaryimage\"},\"image\":{\"@id\":\"https:\/\/rfiddepo.com\/en\/urunlerimiz\/chainway-r3-uhf-rfid-desktop-reader\/#primaryimage\"},\"thumbnailUrl\":\"https:\/\/rfiddepo.com\/wp-content\/uploads\/2025\/10\/6a0180cd-11aa-4106-9138-f110404cce5d.jpg\",\"datePublished\":\"2025-10-16T09:28:46+00:00\",\"dateModified\":\"2025-10-20T11:19:56+00:00\",\"description\":\"Chainway R3 masa\u00fcst\u00fc RFID okuyucu; 100cm+ okuma menzili, USB\/Bluetooth, k\u0131sa menzil h\u0131zl\u0131 veri toplama, perakende ve lojistik i\u00e7in ideal.\",\"breadcrumb\":{\"@id\":\"https:\/\/rfiddepo.com\/en\/urunlerimiz\/chainway-r3-uhf-rfid-desktop-reader\/#breadcrumb\"},\"inLanguage\":\"en-US\",\"potentialAction\":[{\"@type\":\"ReadAction\",\"target\":[\"https:\/\/rfiddepo.com\/en\/urunlerimiz\/chainway-r3-uhf-rfid-desktop-reader\/\"]}]},{\"@type\":\"ImageObject\",\"inLanguage\":\"en-US\",\"@id\":\"https:\/\/rfiddepo.com\/en\/urunlerimiz\/chainway-r3-uhf-rfid-desktop-reader\/#primaryimage\",\"url\":\"https:\/\/rfiddepo.com\/wp-content\/uploads\/2025\/10\/6a0180cd-11aa-4106-9138-f110404cce5d.jpg\",\"contentUrl\":\"https:\/\/rfiddepo.com\/wp-content\/uploads\/2025\/10\/6a0180cd-11aa-4106-9138-f110404cce5d.jpg\",\"width\":690,\"height\":690},{\"@type\":\"BreadcrumbList\",\"@id\":\"https:\/\/rfiddepo.com\/en\/urunlerimiz\/chainway-r3-uhf-rfid-desktop-reader\/#breadcrumb\",\"itemListElement\":[{\"@type\":\"ListItem\",\"position\":1,\"name\":\"Anasayfa\",\"item\":\"https:\/\/rfiddepo.com\/en\/\"},{\"@type\":\"ListItem\",\"position\":2,\"name\":\"Urunler\",\"item\":\"https:\/\/rfiddepo.com\/urunler\/\"},{\"@type\":\"ListItem\",\"position\":3,\"name\":\"Chainway R3 UHF RFID Desktop Reader\"}]},{\"@type\":\"WebSite\",\"@id\":\"https:\/\/rfiddepo.com\/en\/#website\",\"url\":\"https:\/\/rfiddepo.com\/en\/\",\"name\":\"RFID Depo\",\"description\":\"\",\"publisher\":{\"@id\":\"https:\/\/rfiddepo.com\/en\/#organization\"},\"potentialAction\":[{\"@type\":\"SearchAction\",\"target\":{\"@type\":\"EntryPoint\",\"urlTemplate\":\"https:\/\/rfiddepo.com\/en\/?s={search_term_string}\"},\"query-input\":{\"@type\":\"PropertyValueSpecification\",\"valueRequired\":true,\"valueName\":\"search_term_string\"}}],\"inLanguage\":\"en-US\"},{\"@type\":\"Organization\",\"@id\":\"https:\/\/rfiddepo.com\/en\/#organization\",\"name\":\"%%sitename%%\",\"url\":\"https:\/\/rfiddepo.com\/en\/\",\"logo\":{\"@type\":\"ImageObject\",\"inLanguage\":\"en-US\",\"@id\":\"https:\/\/rfiddepo.com\/en\/#\/schema\/logo\/image\/\",\"url\":\"https:\/\/rfiddepo.com\/wp-content\/uploads\/2025\/09\/rfiddepo-logo.png\",\"contentUrl\":\"https:\/\/rfiddepo.com\/wp-content\/uploads\/2025\/09\/rfiddepo-logo.png\",\"width\":500,\"height\":106,\"caption\":\"%%sitename%%\"},\"image\":{\"@id\":\"https:\/\/rfiddepo.com\/en\/#\/schema\/logo\/image\/\"}}]}<\/script>\n<!-- \/ Yoast SEO plugin. -->","yoast_head_json":{"title":"Chainway R3 UHF RFID Desktop Reader - RFID Depo","description":"Chainway R3 masa\u00fcst\u00fc RFID okuyucu; 100cm+ okuma menzili, USB\/Bluetooth, k\u0131sa menzil h\u0131zl\u0131 veri toplama, perakende ve lojistik i\u00e7in ideal.","robots":{"index":"index","follow":"follow","max-snippet":"max-snippet:-1","max-image-preview":"max-image-preview:large","max-video-preview":"max-video-preview:-1"},"canonical":"https:\/\/rfiddepo.com\/en\/urunlerimiz\/chainway-r3-uhf-rfid-desktop-reader\/","og_locale":"en_US","og_type":"article","og_title":"Chainway R3 UHF RFID Desktop Reader - RFID Depo","og_description":"Chainway R3 masa\u00fcst\u00fc RFID okuyucu; 100cm+ okuma menzili, USB\/Bluetooth, k\u0131sa menzil h\u0131zl\u0131 veri toplama, perakende ve lojistik i\u00e7in ideal.","og_url":"https:\/\/rfiddepo.com\/en\/urunlerimiz\/chainway-r3-uhf-rfid-desktop-reader\/","og_site_name":"RFID Depo","article_modified_time":"2025-10-20T11:19:56+00:00","og_image":[{"width":690,"height":690,"url":"https:\/\/rfiddepo.com\/wp-content\/uploads\/2025\/10\/6a0180cd-11aa-4106-9138-f110404cce5d.jpg","type":"image\/jpeg"}],"twitter_card":"summary_large_image","twitter_misc":{"Est. reading time":"2 minutes"},"schema":{"@context":"https:\/\/schema.org","@graph":[{"@type":"WebPage","@id":"https:\/\/rfiddepo.com\/en\/urunlerimiz\/chainway-r3-uhf-rfid-desktop-reader\/","url":"https:\/\/rfiddepo.com\/en\/urunlerimiz\/chainway-r3-uhf-rfid-desktop-reader\/","name":"Chainway R3 UHF RFID Desktop Reader - RFID Depo","isPartOf":{"@id":"https:\/\/rfiddepo.com\/en\/#website"},"primaryImageOfPage":{"@id":"https:\/\/rfiddepo.com\/en\/urunlerimiz\/chainway-r3-uhf-rfid-desktop-reader\/#primaryimage"},"image":{"@id":"https:\/\/rfiddepo.com\/en\/urunlerimiz\/chainway-r3-uhf-rfid-desktop-reader\/#primaryimage"},"thumbnailUrl":"https:\/\/rfiddepo.com\/wp-content\/uploads\/2025\/10\/6a0180cd-11aa-4106-9138-f110404cce5d.jpg","datePublished":"2025-10-16T09:28:46+00:00","dateModified":"2025-10-20T11:19:56+00:00","description":"Chainway R3 masa\u00fcst\u00fc RFID okuyucu; 100cm+ okuma menzili, USB\/Bluetooth, k\u0131sa menzil h\u0131zl\u0131 veri toplama, perakende ve lojistik i\u00e7in ideal.","breadcrumb":{"@id":"https:\/\/rfiddepo.com\/en\/urunlerimiz\/chainway-r3-uhf-rfid-desktop-reader\/#breadcrumb"},"inLanguage":"en-US","potentialAction":[{"@type":"ReadAction","target":["https:\/\/rfiddepo.com\/en\/urunlerimiz\/chainway-r3-uhf-rfid-desktop-reader\/"]}]},{"@type":"ImageObject","inLanguage":"en-US","@id":"https:\/\/rfiddepo.com\/en\/urunlerimiz\/chainway-r3-uhf-rfid-desktop-reader\/#primaryimage","url":"https:\/\/rfiddepo.com\/wp-content\/uploads\/2025\/10\/6a0180cd-11aa-4106-9138-f110404cce5d.jpg","contentUrl":"https:\/\/rfiddepo.com\/wp-content\/uploads\/2025\/10\/6a0180cd-11aa-4106-9138-f110404cce5d.jpg","width":690,"height":690},{"@type":"BreadcrumbList","@id":"https:\/\/rfiddepo.com\/en\/urunlerimiz\/chainway-r3-uhf-rfid-desktop-reader\/#breadcrumb","itemListElement":[{"@type":"ListItem","position":1,"name":"Anasayfa","item":"https:\/\/rfiddepo.com\/en\/"},{"@type":"ListItem","position":2,"name":"Urunler","item":"https:\/\/rfiddepo.com\/urunler\/"},{"@type":"ListItem","position":3,"name":"Chainway R3 UHF RFID Desktop Reader"}]},{"@type":"WebSite","@id":"https:\/\/rfiddepo.com\/en\/#website","url":"https:\/\/rfiddepo.com\/en\/","name":"RFID Depo","description":"","publisher":{"@id":"https:\/\/rfiddepo.com\/en\/#organization"},"potentialAction":[{"@type":"SearchAction","target":{"@type":"EntryPoint","urlTemplate":"https:\/\/rfiddepo.com\/en\/?s={search_term_string}"},"query-input":{"@type":"PropertyValueSpecification","valueRequired":true,"valueName":"search_term_string"}}],"inLanguage":"en-US"},{"@type":"Organization","@id":"https:\/\/rfiddepo.com\/en\/#organization","name":"%%sitename%%","url":"https:\/\/rfiddepo.com\/en\/","logo":{"@type":"ImageObject","inLanguage":"en-US","@id":"https:\/\/rfiddepo.com\/en\/#\/schema\/logo\/image\/","url":"https:\/\/rfiddepo.com\/wp-content\/uploads\/2025\/09\/rfiddepo-logo.png","contentUrl":"https:\/\/rfiddepo.com\/wp-content\/uploads\/2025\/09\/rfiddepo-logo.png","width":500,"height":106,"caption":"%%sitename%%"},"image":{"@id":"https:\/\/rfiddepo.com\/en\/#\/schema\/logo\/image\/"}}]}},"_links":{"self":[{"href":"https:\/\/rfiddepo.com\/en\/wp-json\/wp\/v2\/product\/149145","targetHints":{"allow":["GET"]}}],"collection":[{"href":"https:\/\/rfiddepo.com\/en\/wp-json\/wp\/v2\/product"}],"about":[{"href":"https:\/\/rfiddepo.com\/en\/wp-json\/wp\/v2\/types\/product"}],"replies":[{"embeddable":true,"href":"https:\/\/rfiddepo.com\/en\/wp-json\/wp\/v2\/comments?post=149145"}],"wp:featuredmedia":[{"embeddable":true,"href":"https:\/\/rfiddepo.com\/en\/wp-json\/wp\/v2\/media\/149148"}],"wp:attachment":[{"href":"https:\/\/rfiddepo.com\/en\/wp-json\/wp\/v2\/media?parent=149145"}],"wp:term":[{"taxonomy":"product_brand","embeddable":true,"href":"https:\/\/rfiddepo.com\/en\/wp-json\/wp\/v2\/product_brand?post=149145"},{"taxonomy":"product_cat","embeddable":true,"href":"https:\/\/rfiddepo.com\/en\/wp-json\/wp\/v2\/product_cat?post=149145"},{"taxonomy":"product_tag","embeddable":true,"href":"https:\/\/rfiddepo.com\/en\/wp-json\/wp\/v2\/product_tag?post=149145"}],"curies":[{"name":"wp","href":"https:\/\/api.w.org\/{rel}","templated":true}]}}