{"id":149137,"date":"2025-10-16T08:51:59","date_gmt":"2025-10-16T08:51:59","guid":{"rendered":"https:\/\/rfiddepo.com\/?post_type=product&#038;p=149137"},"modified":"2025-10-20T11:20:07","modified_gmt":"2025-10-20T11:20:07","slug":"chainway-r5-giyilebilir-el-terminali","status":"publish","type":"product","link":"https:\/\/rfiddepo.com\/en\/urunlerimiz\/chainway-r5-giyilebilir-el-terminali\/","title":{"rendered":"Chainway R5 Wearable Handheld Terminal"},"content":{"rendered":"<table class=\"blueTable\">\n<tbody>\n<tr>\n<td><strong>Product Name<\/strong><\/td>\n<td>Chainway R5 Wearable RFID Reader<\/td>\n<\/tr>\n<tr>\n<td><strong>RFID Engine<\/strong><\/td>\n<td>Impinj E Series (Gen2X Supported)<\/td>\n<\/tr>\n<tr>\n<td><strong>Reading Range<\/strong><\/td>\n<td>11-14 m<\/td>\n<\/tr>\n<tr>\n<td><strong>Protocol<\/strong><\/td>\n<td>EPC C1 GEN2 \/ ISO18000-6C<\/td>\n<\/tr>\n<tr>\n<td><strong>Antenna<\/strong><\/td>\n<td>Circular Polarized Antenna<\/td>\n<\/tr>\n<tr>\n<td><strong>Battery<\/strong><\/td>\n<td>2000 mAh, removable<\/td>\n<\/tr>\n<tr>\n<td><strong>Connections<\/strong><\/td>\n<td>Bluetooth 5.0 BLE, USB Type-C<\/td>\n<\/tr>\n<tr>\n<td><strong>LED \/ Indicators<\/strong><\/td>\n<td>Charge, battery, Bluetooth status<\/td>\n<\/tr>\n<tr>\n<td><strong>Dimensions \/ Weight<\/strong><\/td>\n<td>108 \u00d7 78 \u00d7 18 mm \/ 200 g<\/td>\n<\/tr>\n<tr>\n<td><strong>Durability<\/strong><\/td>\n<td>1.5 m drop, IP65 protection<\/td>\n<\/tr>\n<tr>\n<td><strong>Optional Accessories<\/strong><\/td>\n<td>Wristband, bracelet, neck strap, charging port<\/td>\n<\/tr>\n<tr>\n<td><strong>Brand<\/strong><\/td>\n<td><a href=\"\/marka\/chainway\/\"><img decoding=\"async\" src=\"http:\/\/www.test.rfiddepo.com\/wp-content\/uploads\/2025\/10\/8136a595-23d5-418e-b357-629e67e48982.png\" \/><\/a><\/td>\n<\/tr>\n<\/tbody>\n<\/table>\n<h3>Technical Specifications:<\/h3>\n<ul>\n<li><strong>RFID Engine:<\/strong> Impinj E Series (Gen2X Supported)<\/li>\n<li><strong>Reading Range:<\/strong> 11-14 m (etiket tipine g\u00f6re de\u011fi\u015fir)<\/li>\n<li><strong>Protocol:<\/strong> EPC C1 GEN2 \/ ISO18000-6C<\/li>\n<li><strong>Antenna:<\/strong> Circular Polarized Antenna<\/li>\n<li><strong>Battery:<\/strong> 2000 mAh, removable, 2-hour charge<\/li>\n<li><strong>Connections<\/strong> Bluetooth 5.0 BLE, USB Type-C<\/li>\n<li><strong>LED \/ Indicators:<\/strong> Charge, battery, Bluetooth status<\/li>\n<li><strong>Dimensions \/ Weight:<\/strong> 108 \u00d7 78 \u00d7 18 mm \/ 200 g<\/li>\n<li><strong>Durability:<\/strong> 1.5 m drop, IP65 protection<\/li>\n<li><strong>Operating Temperature:<\/strong> -20\u00b0C ~ +50\u00b0C<\/li>\n<li><strong>Storage Temperature:<\/strong> -40\u00b0C ~ +70\u00b0C<\/li>\n<\/ul>\n<h3>Areas of Use:<\/h3>\n<ul>\n<li>Warehouse and Inventory Management<\/li>\n<li>Asset Tracking<\/li>\n<li>Energy Audit<\/li>\n<li>Retail and Sales Points<\/li>\n<li>Field operations and mobile data collection<\/li>\n<\/ul>","protected":false},"excerpt":{"rendered":"<p><strong>Chainway R5<\/strong>, is a new generation portable and wearable UHF RFID reader. Thanks to its powerful UHF module supported by Impinj Gen2X, it has a reading range of up to 14m. Data can be transferred to Android\/iOS devices via Bluetooth connection, and integration is possible with SDK. It offers flexible and efficient use in applications such as warehousing, asset management, energy monitoring, and retail.<\/p>\n<p><a href=\"\/wp-content\/uploads\/2025\/10\/r5-en.pdf\" target=\"_blank\" class=\"datasheet-btn\" rel=\"noopener\"><br \/>\n\ud83d\udcc4 Datasheet<br \/>\n<\/a><\/p>","protected":false},"featured_media":149139,"comment_status":"closed","ping_status":"closed","template":"","meta":{"_monsterinsights_skip_tracking":false,"_monsterinsights_sitenote_active":false,"_monsterinsights_sitenote_note":"","_monsterinsights_sitenote_category":0},"product_brand":[475],"product_cat":[63],"product_tag":[197,193,194,195,196],"class_list":{"0":"post-149137","1":"product","2":"type-product","3":"status-publish","4":"has-post-thumbnail","6":"product_brand-chainway","7":"product_cat-rfid-el-terminali","8":"product_tag-android-el-terminali","9":"product_tag-rfid-el-terminali","10":"product_tag-rfid-mobil-okuyucu","11":"product_tag-rfid-mobil-reader","12":"product_tag-uhf-rfid-el-terminali","14":"first","15":"instock","16":"shipping-taxable","17":"purchasable","18":"product-type-simple"},"yoast_head":"<!-- This site is optimized with the Yoast SEO plugin v26.6 - https:\/\/yoast.com\/wordpress\/plugins\/seo\/ -->\n<title>Chainway R5 Giyilebilir El Terminali - RFID Depo<\/title>\n<meta name=\"description\" content=\"Chainway R5 giyilebilir RFID okuyucu; 14 m okuma menzili, 2000 mAh pil, Bluetooth 5.0, depolama ve saha operasyonlar\u0131 i\u00e7in ideal.\" \/>\n<meta name=\"robots\" content=\"index, follow, max-snippet:-1, max-image-preview:large, max-video-preview:-1\" \/>\n<link rel=\"canonical\" href=\"https:\/\/rfiddepo.com\/en\/urunlerimiz\/chainway-r5-giyilebilir-el-terminali\/\" \/>\n<meta property=\"og:locale\" content=\"en_US\" \/>\n<meta property=\"og:type\" content=\"article\" \/>\n<meta property=\"og:title\" content=\"Chainway R5 Giyilebilir El Terminali - RFID Depo\" \/>\n<meta property=\"og:description\" content=\"Chainway R5 giyilebilir RFID okuyucu; 14 m okuma menzili, 2000 mAh pil, Bluetooth 5.0, depolama ve saha operasyonlar\u0131 i\u00e7in ideal.\" \/>\n<meta property=\"og:url\" content=\"https:\/\/rfiddepo.com\/en\/urunlerimiz\/chainway-r5-giyilebilir-el-terminali\/\" \/>\n<meta property=\"og:site_name\" content=\"RFID Depo\" \/>\n<meta property=\"article:modified_time\" content=\"2025-10-20T11:20:07+00:00\" \/>\n<meta property=\"og:image\" content=\"https:\/\/rfiddepo.com\/wp-content\/uploads\/2025\/10\/2dcb2f27-6b0e-4a60-a795-bad2bd0efe5a.jpg\" \/>\n\t<meta property=\"og:image:width\" content=\"623\" \/>\n\t<meta property=\"og:image:height\" content=\"623\" \/>\n\t<meta property=\"og:image:type\" content=\"image\/jpeg\" \/>\n<meta name=\"twitter:card\" content=\"summary_large_image\" \/>\n<meta name=\"twitter:label1\" content=\"Est. reading time\" \/>\n\t<meta name=\"twitter:data1\" content=\"2 minutes\" \/>\n<script type=\"application\/ld+json\" class=\"yoast-schema-graph\">{\"@context\":\"https:\/\/schema.org\",\"@graph\":[{\"@type\":\"WebPage\",\"@id\":\"https:\/\/rfiddepo.com\/en\/urunlerimiz\/chainway-r5-giyilebilir-el-terminali\/\",\"url\":\"https:\/\/rfiddepo.com\/en\/urunlerimiz\/chainway-r5-giyilebilir-el-terminali\/\",\"name\":\"Chainway R5 Giyilebilir El Terminali - RFID Depo\",\"isPartOf\":{\"@id\":\"https:\/\/rfiddepo.com\/en\/#website\"},\"primaryImageOfPage\":{\"@id\":\"https:\/\/rfiddepo.com\/en\/urunlerimiz\/chainway-r5-giyilebilir-el-terminali\/#primaryimage\"},\"image\":{\"@id\":\"https:\/\/rfiddepo.com\/en\/urunlerimiz\/chainway-r5-giyilebilir-el-terminali\/#primaryimage\"},\"thumbnailUrl\":\"https:\/\/rfiddepo.com\/wp-content\/uploads\/2025\/10\/2dcb2f27-6b0e-4a60-a795-bad2bd0efe5a.jpg\",\"datePublished\":\"2025-10-16T08:51:59+00:00\",\"dateModified\":\"2025-10-20T11:20:07+00:00\",\"description\":\"Chainway R5 giyilebilir RFID okuyucu; 14 m okuma menzili, 2000 mAh pil, Bluetooth 5.0, depolama ve saha operasyonlar\u0131 i\u00e7in ideal.\",\"breadcrumb\":{\"@id\":\"https:\/\/rfiddepo.com\/en\/urunlerimiz\/chainway-r5-giyilebilir-el-terminali\/#breadcrumb\"},\"inLanguage\":\"en-US\",\"potentialAction\":[{\"@type\":\"ReadAction\",\"target\":[\"https:\/\/rfiddepo.com\/en\/urunlerimiz\/chainway-r5-giyilebilir-el-terminali\/\"]}]},{\"@type\":\"ImageObject\",\"inLanguage\":\"en-US\",\"@id\":\"https:\/\/rfiddepo.com\/en\/urunlerimiz\/chainway-r5-giyilebilir-el-terminali\/#primaryimage\",\"url\":\"https:\/\/rfiddepo.com\/wp-content\/uploads\/2025\/10\/2dcb2f27-6b0e-4a60-a795-bad2bd0efe5a.jpg\",\"contentUrl\":\"https:\/\/rfiddepo.com\/wp-content\/uploads\/2025\/10\/2dcb2f27-6b0e-4a60-a795-bad2bd0efe5a.jpg\",\"width\":623,\"height\":623},{\"@type\":\"BreadcrumbList\",\"@id\":\"https:\/\/rfiddepo.com\/en\/urunlerimiz\/chainway-r5-giyilebilir-el-terminali\/#breadcrumb\",\"itemListElement\":[{\"@type\":\"ListItem\",\"position\":1,\"name\":\"Anasayfa\",\"item\":\"https:\/\/rfiddepo.com\/en\/\"},{\"@type\":\"ListItem\",\"position\":2,\"name\":\"Urunler\",\"item\":\"https:\/\/rfiddepo.com\/urunler\/\"},{\"@type\":\"ListItem\",\"position\":3,\"name\":\"Chainway R5 Giyilebilir El Terminali\"}]},{\"@type\":\"WebSite\",\"@id\":\"https:\/\/rfiddepo.com\/en\/#website\",\"url\":\"https:\/\/rfiddepo.com\/en\/\",\"name\":\"RFID Depo\",\"description\":\"\",\"publisher\":{\"@id\":\"https:\/\/rfiddepo.com\/en\/#organization\"},\"potentialAction\":[{\"@type\":\"SearchAction\",\"target\":{\"@type\":\"EntryPoint\",\"urlTemplate\":\"https:\/\/rfiddepo.com\/en\/?s={search_term_string}\"},\"query-input\":{\"@type\":\"PropertyValueSpecification\",\"valueRequired\":true,\"valueName\":\"search_term_string\"}}],\"inLanguage\":\"en-US\"},{\"@type\":\"Organization\",\"@id\":\"https:\/\/rfiddepo.com\/en\/#organization\",\"name\":\"%%sitename%%\",\"url\":\"https:\/\/rfiddepo.com\/en\/\",\"logo\":{\"@type\":\"ImageObject\",\"inLanguage\":\"en-US\",\"@id\":\"https:\/\/rfiddepo.com\/en\/#\/schema\/logo\/image\/\",\"url\":\"https:\/\/rfiddepo.com\/wp-content\/uploads\/2025\/09\/rfiddepo-logo.png\",\"contentUrl\":\"https:\/\/rfiddepo.com\/wp-content\/uploads\/2025\/09\/rfiddepo-logo.png\",\"width\":500,\"height\":106,\"caption\":\"%%sitename%%\"},\"image\":{\"@id\":\"https:\/\/rfiddepo.com\/en\/#\/schema\/logo\/image\/\"}}]}<\/script>\n<!-- \/ Yoast SEO plugin. -->","yoast_head_json":{"title":"Chainway R5 Giyilebilir El Terminali - RFID Depo","description":"Chainway R5 giyilebilir RFID okuyucu; 14 m okuma menzili, 2000 mAh pil, Bluetooth 5.0, depolama ve saha operasyonlar\u0131 i\u00e7in ideal.","robots":{"index":"index","follow":"follow","max-snippet":"max-snippet:-1","max-image-preview":"max-image-preview:large","max-video-preview":"max-video-preview:-1"},"canonical":"https:\/\/rfiddepo.com\/en\/urunlerimiz\/chainway-r5-giyilebilir-el-terminali\/","og_locale":"en_US","og_type":"article","og_title":"Chainway R5 Giyilebilir El Terminali - RFID Depo","og_description":"Chainway R5 giyilebilir RFID okuyucu; 14 m okuma menzili, 2000 mAh pil, Bluetooth 5.0, depolama ve saha operasyonlar\u0131 i\u00e7in ideal.","og_url":"https:\/\/rfiddepo.com\/en\/urunlerimiz\/chainway-r5-giyilebilir-el-terminali\/","og_site_name":"RFID Depo","article_modified_time":"2025-10-20T11:20:07+00:00","og_image":[{"width":623,"height":623,"url":"https:\/\/rfiddepo.com\/wp-content\/uploads\/2025\/10\/2dcb2f27-6b0e-4a60-a795-bad2bd0efe5a.jpg","type":"image\/jpeg"}],"twitter_card":"summary_large_image","twitter_misc":{"Est. reading time":"2 minutes"},"schema":{"@context":"https:\/\/schema.org","@graph":[{"@type":"WebPage","@id":"https:\/\/rfiddepo.com\/en\/urunlerimiz\/chainway-r5-giyilebilir-el-terminali\/","url":"https:\/\/rfiddepo.com\/en\/urunlerimiz\/chainway-r5-giyilebilir-el-terminali\/","name":"Chainway R5 Giyilebilir El Terminali - RFID Depo","isPartOf":{"@id":"https:\/\/rfiddepo.com\/en\/#website"},"primaryImageOfPage":{"@id":"https:\/\/rfiddepo.com\/en\/urunlerimiz\/chainway-r5-giyilebilir-el-terminali\/#primaryimage"},"image":{"@id":"https:\/\/rfiddepo.com\/en\/urunlerimiz\/chainway-r5-giyilebilir-el-terminali\/#primaryimage"},"thumbnailUrl":"https:\/\/rfiddepo.com\/wp-content\/uploads\/2025\/10\/2dcb2f27-6b0e-4a60-a795-bad2bd0efe5a.jpg","datePublished":"2025-10-16T08:51:59+00:00","dateModified":"2025-10-20T11:20:07+00:00","description":"Chainway R5 giyilebilir RFID okuyucu; 14 m okuma menzili, 2000 mAh pil, Bluetooth 5.0, depolama ve saha operasyonlar\u0131 i\u00e7in ideal.","breadcrumb":{"@id":"https:\/\/rfiddepo.com\/en\/urunlerimiz\/chainway-r5-giyilebilir-el-terminali\/#breadcrumb"},"inLanguage":"en-US","potentialAction":[{"@type":"ReadAction","target":["https:\/\/rfiddepo.com\/en\/urunlerimiz\/chainway-r5-giyilebilir-el-terminali\/"]}]},{"@type":"ImageObject","inLanguage":"en-US","@id":"https:\/\/rfiddepo.com\/en\/urunlerimiz\/chainway-r5-giyilebilir-el-terminali\/#primaryimage","url":"https:\/\/rfiddepo.com\/wp-content\/uploads\/2025\/10\/2dcb2f27-6b0e-4a60-a795-bad2bd0efe5a.jpg","contentUrl":"https:\/\/rfiddepo.com\/wp-content\/uploads\/2025\/10\/2dcb2f27-6b0e-4a60-a795-bad2bd0efe5a.jpg","width":623,"height":623},{"@type":"BreadcrumbList","@id":"https:\/\/rfiddepo.com\/en\/urunlerimiz\/chainway-r5-giyilebilir-el-terminali\/#breadcrumb","itemListElement":[{"@type":"ListItem","position":1,"name":"Anasayfa","item":"https:\/\/rfiddepo.com\/en\/"},{"@type":"ListItem","position":2,"name":"Urunler","item":"https:\/\/rfiddepo.com\/urunler\/"},{"@type":"ListItem","position":3,"name":"Chainway R5 Giyilebilir El Terminali"}]},{"@type":"WebSite","@id":"https:\/\/rfiddepo.com\/en\/#website","url":"https:\/\/rfiddepo.com\/en\/","name":"RFID Depo","description":"","publisher":{"@id":"https:\/\/rfiddepo.com\/en\/#organization"},"potentialAction":[{"@type":"SearchAction","target":{"@type":"EntryPoint","urlTemplate":"https:\/\/rfiddepo.com\/en\/?s={search_term_string}"},"query-input":{"@type":"PropertyValueSpecification","valueRequired":true,"valueName":"search_term_string"}}],"inLanguage":"en-US"},{"@type":"Organization","@id":"https:\/\/rfiddepo.com\/en\/#organization","name":"%%sitename%%","url":"https:\/\/rfiddepo.com\/en\/","logo":{"@type":"ImageObject","inLanguage":"en-US","@id":"https:\/\/rfiddepo.com\/en\/#\/schema\/logo\/image\/","url":"https:\/\/rfiddepo.com\/wp-content\/uploads\/2025\/09\/rfiddepo-logo.png","contentUrl":"https:\/\/rfiddepo.com\/wp-content\/uploads\/2025\/09\/rfiddepo-logo.png","width":500,"height":106,"caption":"%%sitename%%"},"image":{"@id":"https:\/\/rfiddepo.com\/en\/#\/schema\/logo\/image\/"}}]}},"_links":{"self":[{"href":"https:\/\/rfiddepo.com\/en\/wp-json\/wp\/v2\/product\/149137","targetHints":{"allow":["GET"]}}],"collection":[{"href":"https:\/\/rfiddepo.com\/en\/wp-json\/wp\/v2\/product"}],"about":[{"href":"https:\/\/rfiddepo.com\/en\/wp-json\/wp\/v2\/types\/product"}],"replies":[{"embeddable":true,"href":"https:\/\/rfiddepo.com\/en\/wp-json\/wp\/v2\/comments?post=149137"}],"wp:featuredmedia":[{"embeddable":true,"href":"https:\/\/rfiddepo.com\/en\/wp-json\/wp\/v2\/media\/149139"}],"wp:attachment":[{"href":"https:\/\/rfiddepo.com\/en\/wp-json\/wp\/v2\/media?parent=149137"}],"wp:term":[{"taxonomy":"product_brand","embeddable":true,"href":"https:\/\/rfiddepo.com\/en\/wp-json\/wp\/v2\/product_brand?post=149137"},{"taxonomy":"product_cat","embeddable":true,"href":"https:\/\/rfiddepo.com\/en\/wp-json\/wp\/v2\/product_cat?post=149137"},{"taxonomy":"product_tag","embeddable":true,"href":"https:\/\/rfiddepo.com\/en\/wp-json\/wp\/v2\/product_tag?post=149137"}],"curies":[{"name":"wp","href":"https:\/\/api.w.org\/{rel}","templated":true}]}}