{"id":149109,"date":"2025-10-16T07:14:11","date_gmt":"2025-10-16T07:14:11","guid":{"rendered":"https:\/\/rfiddepo.com\/?post_type=product&#038;p=149109"},"modified":"2025-10-20T11:21:05","modified_gmt":"2025-10-20T11:21:05","slug":"c71-uhf-rfid-el-terminali","status":"publish","type":"product","link":"https:\/\/rfiddepo.com\/en\/urunlerimiz\/c71-uhf-rfid-el-terminali\/","title":{"rendered":"C71 UHF RFID Terminal"},"content":{"rendered":"<table class=\"blueTable\">\n<tbody>\n<tr>\n<td><strong>Product Name<\/strong><\/td>\n<td>Chainway C71 Built-in RFID Reader<\/td>\n<\/tr>\n<tr>\n<td><strong>RFID Engine<\/strong><\/td>\n<td>Impinj E Series (Gen2X Supported)<\/td>\n<\/tr>\n<tr>\n<td><strong>Reading Range<\/strong><\/td>\n<td>3 \u2013 4 m<\/td>\n<\/tr>\n<tr>\n<td><strong>Protocol<\/strong><\/td>\n<td>EPC C1 GEN2 \/ ISO18000-6C<\/td>\n<\/tr>\n<tr>\n<td><strong>Operating System<\/strong><\/td>\n<td>Android 11 \/ 13<\/td>\n<\/tr>\n<tr>\n<td><strong>Processor<\/strong><\/td>\n<td>Octa-core 2.3 GHz<\/td>\n<\/tr>\n<tr>\n<td><strong>Memory<\/strong><\/td>\n<td>3GB + 32GB \/ 4GB + 64GB<\/td>\n<\/tr>\n<tr>\n<td><strong>Screen<\/strong><\/td>\n<td>5.2-inch IPS LTPS touchscreen display, Gorilla Glass<\/td>\n<\/tr>\n<tr>\n<td><strong>Battery<\/strong><\/td>\n<td>5000 mAh<\/td>\n<\/tr>\n<tr>\n<td><strong>Connections<\/strong><\/td>\n<td>USB-C, OTG, Wi-Fi, 4G, Bluetooth 5.0, GNSS<\/td>\n<\/tr>\n<tr>\n<td><strong>Durability<\/strong><\/td>\n<td>IP65\/IP67, 1.8 m drop resistance<\/td>\n<\/tr>\n<tr>\n<td><strong>Camera<\/strong><\/td>\n<td>Rear 13 MP, Front 5 MP optional<\/td>\n<\/tr>\n<tr>\n<td><strong>NFC<\/strong><\/td>\n<td>Optional<\/td>\n<\/tr>\n<tr>\n<td><strong>Brand<\/strong><\/td>\n<td><a href=\"\/marka\/chainway\/\"><img decoding=\"async\" src=\"http:\/\/www.test.rfiddepo.com\/wp-content\/uploads\/2025\/10\/8136a595-23d5-418e-b357-629e67e48982.png\" \/><\/a><\/td>\n<\/tr>\n<\/tbody>\n<\/table>\n<h3>Technical Specifications:<\/h3>\n<ul>\n<li><strong>RFID Engine:<\/strong> Impinj E Series (Gen2X Supported)<\/li>\n<li><strong>Reading Range:<\/strong> 3 \u2013 4 m<\/li>\n<li><strong>Protocol:<\/strong> EPC C1 GEN2 \/ ISO18000-6C<\/li>\n<li><strong>Antenna:<\/strong> Circularly Polarized Antenna<\/li>\n<li><strong>Barcode Scanner:<\/strong> 1D\/2D opsiyonel (Zebra \/ Honeywell)<\/li>\n<li><strong>Battery:<\/strong> 5000 mAh, Li-ion, \u00e7\u0131kar\u0131labilir, 12+ saat kullan\u0131m<\/li>\n<li><strong>Operating System:<\/strong> Android 11 \/ 13<\/li>\n<li><strong>CPU:<\/strong> Octa-core 2.3 GHz<\/li>\n<li><strong>Memory:<\/strong> 3GB + 32GB \/ 4GB + 64GB<\/li>\n<li><strong>Screen:<\/strong> 5.2-inch IPS LTPS touchscreen display, Gorilla Glass<\/li>\n<li><strong>Connections<\/strong> USB-C, OTG, Wi-Fi, 4G, Bluetooth 5.0, GNSS<\/li>\n<li><strong>Durability:<\/strong> IP65\/IP67, 1.8 m d\u00fc\u015fme direnci, \u00b115 KV ESD<\/li>\n<li><strong>Camera:<\/strong> Rear 13 MP autofocus, flash; Front 5 MP (optional)<\/li>\n<li><strong>NFC:<\/strong> Opsiyonel, 13.56 MHz, ISO14443A\/B, ISO15693<\/li>\n<\/ul>\n<h3>Areas of Use:<\/h3>\n<ul>\n<li><strong>Logistics &amp; Cargo:<\/strong> Package and product tracking, field data collection<\/li>\n<li><strong>Warehouse &amp; Inventory:<\/strong> Shelf and warehouse management<\/li>\n<li><strong>Retail:<\/strong> Product inventory and stock control<\/li>\n<li><strong>Health &amp; Finance:<\/strong> Asset and equipment management<\/li>\n<li><strong>Transportation &amp; Logistics:<\/strong> Fast and secure data collection<\/li>\n<\/ul>","protected":false},"excerpt":{"rendered":"<p><strong>Chainway C71<\/strong>, is a lightweight and portable Android-based UHF RFID reader. It offers high speed and stable performance with an octa-core CPU. It provides a reading range of up to 4 m with its built-in UHF module and supports Impinj Gen2X. With optional barcode scanning and NFC, it is ideal for use in retail, logistics, warehousing, healthcare, finance, and transportation sectors.<\/p>\n<p><a href=\"\/wp-content\/uploads\/2025\/10\/C71-Internal-UHF-EN.pdf\" target=\"_blank\" class=\"datasheet-btn\" rel=\"noopener\"><br \/>\n\ud83d\udcc4 Datasheet<br \/>\n<\/a><\/p>","protected":false},"featured_media":149117,"comment_status":"closed","ping_status":"closed","template":"","meta":{"_monsterinsights_skip_tracking":false,"_monsterinsights_sitenote_active":false,"_monsterinsights_sitenote_note":"","_monsterinsights_sitenote_category":0},"product_brand":[475],"product_cat":[63],"product_tag":[197,193,194,195,196],"class_list":{"0":"post-149109","1":"product","2":"type-product","3":"status-publish","4":"has-post-thumbnail","6":"product_brand-chainway","7":"product_cat-rfid-el-terminali","8":"product_tag-android-el-terminali","9":"product_tag-rfid-el-terminali","10":"product_tag-rfid-mobil-okuyucu","11":"product_tag-rfid-mobil-reader","12":"product_tag-uhf-rfid-el-terminali","14":"first","15":"instock","16":"shipping-taxable","17":"purchasable","18":"product-type-simple"},"yoast_head":"<!-- This site is optimized with the Yoast SEO plugin v26.6 - https:\/\/yoast.com\/wordpress\/plugins\/seo\/ -->\n<title>C71 UHF RFID El Terminali - RFID Depo<\/title>\n<meta name=\"description\" content=\"Chainway C71, kompakt UHF RFID okuyucu; 4 m okuma menzili, Android 11\/13, 5.2&quot; ekran, 5000 mAh pil, opsiyonel NFC\/barkod ile t\u00fcm sekt\u00f6rler i\u00e7in ideal.\" \/>\n<meta name=\"robots\" content=\"index, follow, max-snippet:-1, max-image-preview:large, max-video-preview:-1\" \/>\n<link rel=\"canonical\" href=\"https:\/\/rfiddepo.com\/en\/urunlerimiz\/c71-uhf-rfid-el-terminali\/\" \/>\n<meta property=\"og:locale\" content=\"en_US\" \/>\n<meta property=\"og:type\" content=\"article\" \/>\n<meta property=\"og:title\" content=\"C71 UHF RFID El Terminali - RFID Depo\" \/>\n<meta property=\"og:description\" content=\"Chainway C71, kompakt UHF RFID okuyucu; 4 m okuma menzili, Android 11\/13, 5.2&quot; ekran, 5000 mAh pil, opsiyonel NFC\/barkod ile t\u00fcm sekt\u00f6rler i\u00e7in ideal.\" \/>\n<meta property=\"og:url\" content=\"https:\/\/rfiddepo.com\/en\/urunlerimiz\/c71-uhf-rfid-el-terminali\/\" \/>\n<meta property=\"og:site_name\" content=\"RFID Depo\" \/>\n<meta property=\"article:modified_time\" content=\"2025-10-20T11:21:05+00:00\" \/>\n<meta property=\"og:image\" content=\"https:\/\/rfiddepo.com\/wp-content\/uploads\/2025\/10\/f3ab4124-8d47-41f3-bdb5-6dcd689285fb.jpg\" \/>\n\t<meta property=\"og:image:width\" content=\"625\" \/>\n\t<meta property=\"og:image:height\" content=\"625\" \/>\n\t<meta property=\"og:image:type\" content=\"image\/jpeg\" \/>\n<meta name=\"twitter:card\" content=\"summary_large_image\" \/>\n<meta name=\"twitter:label1\" content=\"Est. reading time\" \/>\n\t<meta name=\"twitter:data1\" content=\"2 minutes\" \/>\n<script type=\"application\/ld+json\" class=\"yoast-schema-graph\">{\"@context\":\"https:\/\/schema.org\",\"@graph\":[{\"@type\":\"WebPage\",\"@id\":\"https:\/\/rfiddepo.com\/en\/urunlerimiz\/c71-uhf-rfid-el-terminali\/\",\"url\":\"https:\/\/rfiddepo.com\/en\/urunlerimiz\/c71-uhf-rfid-el-terminali\/\",\"name\":\"C71 UHF RFID El Terminali - RFID Depo\",\"isPartOf\":{\"@id\":\"https:\/\/rfiddepo.com\/en\/#website\"},\"primaryImageOfPage\":{\"@id\":\"https:\/\/rfiddepo.com\/en\/urunlerimiz\/c71-uhf-rfid-el-terminali\/#primaryimage\"},\"image\":{\"@id\":\"https:\/\/rfiddepo.com\/en\/urunlerimiz\/c71-uhf-rfid-el-terminali\/#primaryimage\"},\"thumbnailUrl\":\"https:\/\/rfiddepo.com\/wp-content\/uploads\/2025\/10\/f3ab4124-8d47-41f3-bdb5-6dcd689285fb.jpg\",\"datePublished\":\"2025-10-16T07:14:11+00:00\",\"dateModified\":\"2025-10-20T11:21:05+00:00\",\"description\":\"Chainway C71, kompakt UHF RFID okuyucu; 4 m okuma menzili, Android 11\/13, 5.2\\\" ekran, 5000 mAh pil, opsiyonel NFC\/barkod ile t\u00fcm sekt\u00f6rler i\u00e7in ideal.\",\"breadcrumb\":{\"@id\":\"https:\/\/rfiddepo.com\/en\/urunlerimiz\/c71-uhf-rfid-el-terminali\/#breadcrumb\"},\"inLanguage\":\"en-US\",\"potentialAction\":[{\"@type\":\"ReadAction\",\"target\":[\"https:\/\/rfiddepo.com\/en\/urunlerimiz\/c71-uhf-rfid-el-terminali\/\"]}]},{\"@type\":\"ImageObject\",\"inLanguage\":\"en-US\",\"@id\":\"https:\/\/rfiddepo.com\/en\/urunlerimiz\/c71-uhf-rfid-el-terminali\/#primaryimage\",\"url\":\"https:\/\/rfiddepo.com\/wp-content\/uploads\/2025\/10\/f3ab4124-8d47-41f3-bdb5-6dcd689285fb.jpg\",\"contentUrl\":\"https:\/\/rfiddepo.com\/wp-content\/uploads\/2025\/10\/f3ab4124-8d47-41f3-bdb5-6dcd689285fb.jpg\",\"width\":625,\"height\":625},{\"@type\":\"BreadcrumbList\",\"@id\":\"https:\/\/rfiddepo.com\/en\/urunlerimiz\/c71-uhf-rfid-el-terminali\/#breadcrumb\",\"itemListElement\":[{\"@type\":\"ListItem\",\"position\":1,\"name\":\"Anasayfa\",\"item\":\"https:\/\/rfiddepo.com\/en\/\"},{\"@type\":\"ListItem\",\"position\":2,\"name\":\"Urunler\",\"item\":\"https:\/\/rfiddepo.com\/urunler\/\"},{\"@type\":\"ListItem\",\"position\":3,\"name\":\"C71 UHF RFID El Terminali\"}]},{\"@type\":\"WebSite\",\"@id\":\"https:\/\/rfiddepo.com\/en\/#website\",\"url\":\"https:\/\/rfiddepo.com\/en\/\",\"name\":\"RFID Depo\",\"description\":\"\",\"publisher\":{\"@id\":\"https:\/\/rfiddepo.com\/en\/#organization\"},\"potentialAction\":[{\"@type\":\"SearchAction\",\"target\":{\"@type\":\"EntryPoint\",\"urlTemplate\":\"https:\/\/rfiddepo.com\/en\/?s={search_term_string}\"},\"query-input\":{\"@type\":\"PropertyValueSpecification\",\"valueRequired\":true,\"valueName\":\"search_term_string\"}}],\"inLanguage\":\"en-US\"},{\"@type\":\"Organization\",\"@id\":\"https:\/\/rfiddepo.com\/en\/#organization\",\"name\":\"%%sitename%%\",\"url\":\"https:\/\/rfiddepo.com\/en\/\",\"logo\":{\"@type\":\"ImageObject\",\"inLanguage\":\"en-US\",\"@id\":\"https:\/\/rfiddepo.com\/en\/#\/schema\/logo\/image\/\",\"url\":\"https:\/\/rfiddepo.com\/wp-content\/uploads\/2025\/09\/rfiddepo-logo.png\",\"contentUrl\":\"https:\/\/rfiddepo.com\/wp-content\/uploads\/2025\/09\/rfiddepo-logo.png\",\"width\":500,\"height\":106,\"caption\":\"%%sitename%%\"},\"image\":{\"@id\":\"https:\/\/rfiddepo.com\/en\/#\/schema\/logo\/image\/\"}}]}<\/script>\n<!-- \/ Yoast SEO plugin. -->","yoast_head_json":{"title":"C71 UHF RFID El Terminali - RFID Depo","description":"Chainway C71, kompakt UHF RFID okuyucu; 4 m okuma menzili, Android 11\/13, 5.2\" ekran, 5000 mAh pil, opsiyonel NFC\/barkod ile t\u00fcm sekt\u00f6rler i\u00e7in ideal.","robots":{"index":"index","follow":"follow","max-snippet":"max-snippet:-1","max-image-preview":"max-image-preview:large","max-video-preview":"max-video-preview:-1"},"canonical":"https:\/\/rfiddepo.com\/en\/urunlerimiz\/c71-uhf-rfid-el-terminali\/","og_locale":"en_US","og_type":"article","og_title":"C71 UHF RFID El Terminali - RFID Depo","og_description":"Chainway C71, kompakt UHF RFID okuyucu; 4 m okuma menzili, Android 11\/13, 5.2\" ekran, 5000 mAh pil, opsiyonel NFC\/barkod ile t\u00fcm sekt\u00f6rler i\u00e7in ideal.","og_url":"https:\/\/rfiddepo.com\/en\/urunlerimiz\/c71-uhf-rfid-el-terminali\/","og_site_name":"RFID Depo","article_modified_time":"2025-10-20T11:21:05+00:00","og_image":[{"width":625,"height":625,"url":"https:\/\/rfiddepo.com\/wp-content\/uploads\/2025\/10\/f3ab4124-8d47-41f3-bdb5-6dcd689285fb.jpg","type":"image\/jpeg"}],"twitter_card":"summary_large_image","twitter_misc":{"Est. reading time":"2 minutes"},"schema":{"@context":"https:\/\/schema.org","@graph":[{"@type":"WebPage","@id":"https:\/\/rfiddepo.com\/en\/urunlerimiz\/c71-uhf-rfid-el-terminali\/","url":"https:\/\/rfiddepo.com\/en\/urunlerimiz\/c71-uhf-rfid-el-terminali\/","name":"C71 UHF RFID El Terminali - RFID Depo","isPartOf":{"@id":"https:\/\/rfiddepo.com\/en\/#website"},"primaryImageOfPage":{"@id":"https:\/\/rfiddepo.com\/en\/urunlerimiz\/c71-uhf-rfid-el-terminali\/#primaryimage"},"image":{"@id":"https:\/\/rfiddepo.com\/en\/urunlerimiz\/c71-uhf-rfid-el-terminali\/#primaryimage"},"thumbnailUrl":"https:\/\/rfiddepo.com\/wp-content\/uploads\/2025\/10\/f3ab4124-8d47-41f3-bdb5-6dcd689285fb.jpg","datePublished":"2025-10-16T07:14:11+00:00","dateModified":"2025-10-20T11:21:05+00:00","description":"Chainway C71, kompakt UHF RFID okuyucu; 4 m okuma menzili, Android 11\/13, 5.2\" ekran, 5000 mAh pil, opsiyonel NFC\/barkod ile t\u00fcm sekt\u00f6rler i\u00e7in ideal.","breadcrumb":{"@id":"https:\/\/rfiddepo.com\/en\/urunlerimiz\/c71-uhf-rfid-el-terminali\/#breadcrumb"},"inLanguage":"en-US","potentialAction":[{"@type":"ReadAction","target":["https:\/\/rfiddepo.com\/en\/urunlerimiz\/c71-uhf-rfid-el-terminali\/"]}]},{"@type":"ImageObject","inLanguage":"en-US","@id":"https:\/\/rfiddepo.com\/en\/urunlerimiz\/c71-uhf-rfid-el-terminali\/#primaryimage","url":"https:\/\/rfiddepo.com\/wp-content\/uploads\/2025\/10\/f3ab4124-8d47-41f3-bdb5-6dcd689285fb.jpg","contentUrl":"https:\/\/rfiddepo.com\/wp-content\/uploads\/2025\/10\/f3ab4124-8d47-41f3-bdb5-6dcd689285fb.jpg","width":625,"height":625},{"@type":"BreadcrumbList","@id":"https:\/\/rfiddepo.com\/en\/urunlerimiz\/c71-uhf-rfid-el-terminali\/#breadcrumb","itemListElement":[{"@type":"ListItem","position":1,"name":"Anasayfa","item":"https:\/\/rfiddepo.com\/en\/"},{"@type":"ListItem","position":2,"name":"Urunler","item":"https:\/\/rfiddepo.com\/urunler\/"},{"@type":"ListItem","position":3,"name":"C71 UHF RFID El Terminali"}]},{"@type":"WebSite","@id":"https:\/\/rfiddepo.com\/en\/#website","url":"https:\/\/rfiddepo.com\/en\/","name":"RFID Depo","description":"","publisher":{"@id":"https:\/\/rfiddepo.com\/en\/#organization"},"potentialAction":[{"@type":"SearchAction","target":{"@type":"EntryPoint","urlTemplate":"https:\/\/rfiddepo.com\/en\/?s={search_term_string}"},"query-input":{"@type":"PropertyValueSpecification","valueRequired":true,"valueName":"search_term_string"}}],"inLanguage":"en-US"},{"@type":"Organization","@id":"https:\/\/rfiddepo.com\/en\/#organization","name":"%%sitename%%","url":"https:\/\/rfiddepo.com\/en\/","logo":{"@type":"ImageObject","inLanguage":"en-US","@id":"https:\/\/rfiddepo.com\/en\/#\/schema\/logo\/image\/","url":"https:\/\/rfiddepo.com\/wp-content\/uploads\/2025\/09\/rfiddepo-logo.png","contentUrl":"https:\/\/rfiddepo.com\/wp-content\/uploads\/2025\/09\/rfiddepo-logo.png","width":500,"height":106,"caption":"%%sitename%%"},"image":{"@id":"https:\/\/rfiddepo.com\/en\/#\/schema\/logo\/image\/"}}]}},"_links":{"self":[{"href":"https:\/\/rfiddepo.com\/en\/wp-json\/wp\/v2\/product\/149109","targetHints":{"allow":["GET"]}}],"collection":[{"href":"https:\/\/rfiddepo.com\/en\/wp-json\/wp\/v2\/product"}],"about":[{"href":"https:\/\/rfiddepo.com\/en\/wp-json\/wp\/v2\/types\/product"}],"replies":[{"embeddable":true,"href":"https:\/\/rfiddepo.com\/en\/wp-json\/wp\/v2\/comments?post=149109"}],"wp:featuredmedia":[{"embeddable":true,"href":"https:\/\/rfiddepo.com\/en\/wp-json\/wp\/v2\/media\/149117"}],"wp:attachment":[{"href":"https:\/\/rfiddepo.com\/en\/wp-json\/wp\/v2\/media?parent=149109"}],"wp:term":[{"taxonomy":"product_brand","embeddable":true,"href":"https:\/\/rfiddepo.com\/en\/wp-json\/wp\/v2\/product_brand?post=149109"},{"taxonomy":"product_cat","embeddable":true,"href":"https:\/\/rfiddepo.com\/en\/wp-json\/wp\/v2\/product_cat?post=149109"},{"taxonomy":"product_tag","embeddable":true,"href":"https:\/\/rfiddepo.com\/en\/wp-json\/wp\/v2\/product_tag?post=149109"}],"curies":[{"name":"wp","href":"https:\/\/api.w.org\/{rel}","templated":true}]}}