{"id":149102,"date":"2025-10-16T06:50:59","date_gmt":"2025-10-16T06:50:59","guid":{"rendered":"https:\/\/rfiddepo.com\/?post_type=product&#038;p=149102"},"modified":"2025-10-20T11:21:14","modified_gmt":"2025-10-20T11:21:14","slug":"sr160-uhf-rfid-el-terminali","status":"publish","type":"product","link":"https:\/\/rfiddepo.com\/en\/urunlerimiz\/sr160-uhf-rfid-el-terminali\/","title":{"rendered":"SR160 UHF RFID Terminal"},"content":{"rendered":"<table class=\"blueTable\">\n<tbody>\n<tr>\n<td><strong>Product Name<\/strong><\/td>\n<td>Chainway SR160 UHF RFID Reader<\/td>\n<\/tr>\n<tr>\n<td><strong>RFID Engine<\/strong><\/td>\n<td>Impinj E Series (Gen2X Supported)<\/td>\n<\/tr>\n<tr>\n<td><strong>Reading Range<\/strong><\/td>\n<td>7\u2013100 cm (30 cm recommended)<\/td>\n<\/tr>\n<tr>\n<td><strong>Reading Power<\/strong><\/td>\n<td>1 \u2013 25 dBm (\u00b11 dBm accuracy)<\/td>\n<\/tr>\n<tr>\n<td><strong>Reading Protocol<\/strong><\/td>\n<td>EPCglobal C1G2 \/ ISO18000-6C<\/td>\n<\/tr>\n<tr>\n<td><strong>Antenna Type<\/strong><\/td>\n<td>Circularly Polarized Antenna<\/td>\n<\/tr>\n<tr>\n<td><strong>Barcode Scanner<\/strong><\/td>\n<td>1D \/ 2D (PDF417, Datamatrix, QR Kod vb.)<\/td>\n<\/tr>\n<tr>\n<td><strong>Connections<\/strong><\/td>\n<td>Bluetooth 5.0 (BLE), USB, RJ45 (wired version)<\/td>\n<\/tr>\n<tr>\n<td><strong>Battery<\/strong><\/td>\n<td>2600mAh (wireless version)<\/td>\n<\/tr>\n<tr>\n<td><strong>Material<\/strong><\/td>\n<td>Durable plastic body<\/td>\n<\/tr>\n<tr>\n<td><strong>Dimensions<\/strong><\/td>\n<td>154.0 \u00d7 87.8 \u00d7 65.0 mm<\/td>\n<\/tr>\n<tr>\n<td><strong>Operating Temperature<\/strong><\/td>\n<td>-20\u00b0C ~ +50\u00b0C<\/td>\n<\/tr>\n<tr>\n<td><strong>Storage Temperature<\/strong><\/td>\n<td>-40\u00b0C ~ +70\u00b0C<\/td>\n<\/tr>\n<tr>\n<td><strong>Moisture Resistance<\/strong><\/td>\n<td>%5 ~ %95 (yo\u011fu\u015fmas\u0131z)<\/td>\n<\/tr>\n<tr>\n<td><strong>Fall Resistance<\/strong><\/td>\n<td>Withstands a fall onto a 1.5 m concrete floor<\/td>\n<\/tr>\n<tr>\n<td><strong>Brand<\/strong><\/td>\n<td><a href=\"\/marka\/chainway\/\"><img decoding=\"async\" src=\"http:\/\/www.test.rfiddepo.com\/wp-content\/uploads\/2025\/10\/8136a595-23d5-418e-b357-629e67e48982.png\" \/><\/a><\/td>\n<\/tr>\n<\/tbody>\n<\/table>\n<h3>Technical Specifications:<\/h3>\n<ul>\n<li><strong>RFID Engine:<\/strong> Impinj E Series (Gen2X Supported)<\/li>\n<li><strong>Reading Range:<\/strong> 7\u2013100 cm (30 cm recommended)<\/li>\n<li><strong>Reading Power:<\/strong> 1 \u2013 25 dBm (\u00b11 dBm accuracy)<\/li>\n<li><strong>Protocol:<\/strong> EPCglobal C1G2 \/ ISO18000-6C<\/li>\n<li><strong>Antenna:<\/strong> Circularly Polarized Antenna<\/li>\n<li><strong>Barcode Scanner:<\/strong> 1D \/ 2D (PDF417, Datamatrix, QR Kod vb.)<\/li>\n<li><strong>Battery:<\/strong> 2600mAh (wireless version)<\/li>\n<li><strong>Connection:<\/strong> Bluetooth 5.0 (BLE), USB, RJ45 (wired version)<\/li>\n<li><strong>Material:<\/strong> Plastic body<\/li>\n<li><strong>Dimensions<\/strong> 154 \u00d7 87.8 \u00d7 65 mm<\/li>\n<li><strong>Operating Temperature<\/strong> -20\u00b0C ~ +50\u00b0C<\/li>\n<li><strong>Storage Temperature:<\/strong> -40\u00b0C ~ +70\u00b0C<\/li>\n<li><strong>Nem Dayan\u0131m\u0131:<\/strong> %5 ~ %95 (yo\u011fu\u015fmas\u0131z)<\/li>\n<li><strong>Fall Resistance:<\/strong> 1.5 m<\/li>\n<\/ul>\n<h3>Areas of Use:<\/h3>\n<ul>\n<li><strong>Storage and Logistics:<\/strong> Product tracking, inventory management, entry-exit control<\/li>\n<li><strong>Retail:<\/strong> Inventory control, in-store rapid product identification<\/li>\n<li><strong>Production:<\/strong> Part and material tracking, production line management<\/li>\n<li><strong>Health and Medicines:<\/strong> Medical equipment and medication tracking<\/li>\n<li><strong>Public and Security:<\/strong> Identity verification, field data collection<\/li>\n<\/ul>","protected":false},"excerpt":{"rendered":"<p><strong>Chainway SR160<\/strong>, is a compact scanner that combines powerful UHF RFID and 1D\/2D barcode performance. It is equipped with Impinj E Series chips and supports Impinj Gen2X for fast and accurate reading. With an adjustable reading distance of 7\u2013100 cm, it enables efficient data collection in the storage, logistics, retail, and manufacturing sectors.<br \/>\n<a href=\"\/wp-content\/uploads\/2025\/10\/SR160-EN.pdf\" target=\"_blank\" class=\"datasheet-btn\" rel=\"noopener\"><br \/>\n\ud83d\udcc4 Datasheet<br \/>\n<\/a><\/p>","protected":false},"featured_media":149104,"comment_status":"closed","ping_status":"closed","template":"","meta":{"_monsterinsights_skip_tracking":false,"_monsterinsights_sitenote_active":false,"_monsterinsights_sitenote_note":"","_monsterinsights_sitenote_category":0},"product_brand":[475],"product_cat":[63],"product_tag":[197,193,194,195,196],"class_list":{"0":"post-149102","1":"product","2":"type-product","3":"status-publish","4":"has-post-thumbnail","6":"product_brand-chainway","7":"product_cat-rfid-el-terminali","8":"product_tag-android-el-terminali","9":"product_tag-rfid-el-terminali","10":"product_tag-rfid-mobil-okuyucu","11":"product_tag-rfid-mobil-reader","12":"product_tag-uhf-rfid-el-terminali","14":"first","15":"instock","16":"shipping-taxable","17":"purchasable","18":"product-type-simple"},"yoast_head":"<!-- This site is optimized with the Yoast SEO plugin v26.6 - https:\/\/yoast.com\/wordpress\/plugins\/seo\/ -->\n<title>SR160 UHF RFID El Terminali - RFID Depo<\/title>\n<meta name=\"description\" content=\"Chainway SR160, UHF RFID ve 1D\/2D barkod deste\u011fi, 7\u2013100 cm okuma mesafesi ve sa\u011flam tasar\u0131m\u0131yla lojistik, depo ve \u00fcretim i\u00e7in ideal taray\u0131c\u0131d\u0131r.\" \/>\n<meta name=\"robots\" content=\"index, follow, max-snippet:-1, max-image-preview:large, max-video-preview:-1\" \/>\n<link rel=\"canonical\" href=\"https:\/\/rfiddepo.com\/en\/urunlerimiz\/sr160-uhf-rfid-el-terminali\/\" \/>\n<meta property=\"og:locale\" content=\"en_US\" \/>\n<meta property=\"og:type\" content=\"article\" \/>\n<meta property=\"og:title\" content=\"SR160 UHF RFID El Terminali - RFID Depo\" \/>\n<meta property=\"og:description\" content=\"Chainway SR160, UHF RFID ve 1D\/2D barkod deste\u011fi, 7\u2013100 cm okuma mesafesi ve sa\u011flam tasar\u0131m\u0131yla lojistik, depo ve \u00fcretim i\u00e7in ideal taray\u0131c\u0131d\u0131r.\" \/>\n<meta property=\"og:url\" content=\"https:\/\/rfiddepo.com\/en\/urunlerimiz\/sr160-uhf-rfid-el-terminali\/\" \/>\n<meta property=\"og:site_name\" content=\"RFID Depo\" \/>\n<meta property=\"article:modified_time\" content=\"2025-10-20T11:21:14+00:00\" \/>\n<meta property=\"og:image\" content=\"https:\/\/rfiddepo.com\/wp-content\/uploads\/2025\/10\/0a96d7bd-826d-4bf1-8788-d00fdf396406.jpg\" \/>\n\t<meta property=\"og:image:width\" content=\"622\" \/>\n\t<meta property=\"og:image:height\" content=\"622\" \/>\n\t<meta property=\"og:image:type\" content=\"image\/jpeg\" \/>\n<meta name=\"twitter:card\" content=\"summary_large_image\" \/>\n<meta name=\"twitter:label1\" content=\"Est. reading time\" \/>\n\t<meta name=\"twitter:data1\" content=\"2 minutes\" \/>\n<script type=\"application\/ld+json\" class=\"yoast-schema-graph\">{\"@context\":\"https:\/\/schema.org\",\"@graph\":[{\"@type\":\"WebPage\",\"@id\":\"https:\/\/rfiddepo.com\/en\/urunlerimiz\/sr160-uhf-rfid-el-terminali\/\",\"url\":\"https:\/\/rfiddepo.com\/en\/urunlerimiz\/sr160-uhf-rfid-el-terminali\/\",\"name\":\"SR160 UHF RFID El Terminali - RFID Depo\",\"isPartOf\":{\"@id\":\"https:\/\/rfiddepo.com\/en\/#website\"},\"primaryImageOfPage\":{\"@id\":\"https:\/\/rfiddepo.com\/en\/urunlerimiz\/sr160-uhf-rfid-el-terminali\/#primaryimage\"},\"image\":{\"@id\":\"https:\/\/rfiddepo.com\/en\/urunlerimiz\/sr160-uhf-rfid-el-terminali\/#primaryimage\"},\"thumbnailUrl\":\"https:\/\/rfiddepo.com\/wp-content\/uploads\/2025\/10\/0a96d7bd-826d-4bf1-8788-d00fdf396406.jpg\",\"datePublished\":\"2025-10-16T06:50:59+00:00\",\"dateModified\":\"2025-10-20T11:21:14+00:00\",\"description\":\"Chainway SR160, UHF RFID ve 1D\/2D barkod deste\u011fi, 7\u2013100 cm okuma mesafesi ve sa\u011flam tasar\u0131m\u0131yla lojistik, depo ve \u00fcretim i\u00e7in ideal taray\u0131c\u0131d\u0131r.\",\"breadcrumb\":{\"@id\":\"https:\/\/rfiddepo.com\/en\/urunlerimiz\/sr160-uhf-rfid-el-terminali\/#breadcrumb\"},\"inLanguage\":\"en-US\",\"potentialAction\":[{\"@type\":\"ReadAction\",\"target\":[\"https:\/\/rfiddepo.com\/en\/urunlerimiz\/sr160-uhf-rfid-el-terminali\/\"]}]},{\"@type\":\"ImageObject\",\"inLanguage\":\"en-US\",\"@id\":\"https:\/\/rfiddepo.com\/en\/urunlerimiz\/sr160-uhf-rfid-el-terminali\/#primaryimage\",\"url\":\"https:\/\/rfiddepo.com\/wp-content\/uploads\/2025\/10\/0a96d7bd-826d-4bf1-8788-d00fdf396406.jpg\",\"contentUrl\":\"https:\/\/rfiddepo.com\/wp-content\/uploads\/2025\/10\/0a96d7bd-826d-4bf1-8788-d00fdf396406.jpg\",\"width\":622,\"height\":622},{\"@type\":\"BreadcrumbList\",\"@id\":\"https:\/\/rfiddepo.com\/en\/urunlerimiz\/sr160-uhf-rfid-el-terminali\/#breadcrumb\",\"itemListElement\":[{\"@type\":\"ListItem\",\"position\":1,\"name\":\"Anasayfa\",\"item\":\"https:\/\/rfiddepo.com\/en\/\"},{\"@type\":\"ListItem\",\"position\":2,\"name\":\"Urunler\",\"item\":\"https:\/\/rfiddepo.com\/urunler\/\"},{\"@type\":\"ListItem\",\"position\":3,\"name\":\"SR160 UHF RFID El Terminali\"}]},{\"@type\":\"WebSite\",\"@id\":\"https:\/\/rfiddepo.com\/en\/#website\",\"url\":\"https:\/\/rfiddepo.com\/en\/\",\"name\":\"RFID Depo\",\"description\":\"\",\"publisher\":{\"@id\":\"https:\/\/rfiddepo.com\/en\/#organization\"},\"potentialAction\":[{\"@type\":\"SearchAction\",\"target\":{\"@type\":\"EntryPoint\",\"urlTemplate\":\"https:\/\/rfiddepo.com\/en\/?s={search_term_string}\"},\"query-input\":{\"@type\":\"PropertyValueSpecification\",\"valueRequired\":true,\"valueName\":\"search_term_string\"}}],\"inLanguage\":\"en-US\"},{\"@type\":\"Organization\",\"@id\":\"https:\/\/rfiddepo.com\/en\/#organization\",\"name\":\"%%sitename%%\",\"url\":\"https:\/\/rfiddepo.com\/en\/\",\"logo\":{\"@type\":\"ImageObject\",\"inLanguage\":\"en-US\",\"@id\":\"https:\/\/rfiddepo.com\/en\/#\/schema\/logo\/image\/\",\"url\":\"https:\/\/rfiddepo.com\/wp-content\/uploads\/2025\/09\/rfiddepo-logo.png\",\"contentUrl\":\"https:\/\/rfiddepo.com\/wp-content\/uploads\/2025\/09\/rfiddepo-logo.png\",\"width\":500,\"height\":106,\"caption\":\"%%sitename%%\"},\"image\":{\"@id\":\"https:\/\/rfiddepo.com\/en\/#\/schema\/logo\/image\/\"}}]}<\/script>\n<!-- \/ Yoast SEO plugin. -->","yoast_head_json":{"title":"SR160 UHF RFID El Terminali - RFID Depo","description":"Chainway SR160, UHF RFID ve 1D\/2D barkod deste\u011fi, 7\u2013100 cm okuma mesafesi ve sa\u011flam tasar\u0131m\u0131yla lojistik, depo ve \u00fcretim i\u00e7in ideal taray\u0131c\u0131d\u0131r.","robots":{"index":"index","follow":"follow","max-snippet":"max-snippet:-1","max-image-preview":"max-image-preview:large","max-video-preview":"max-video-preview:-1"},"canonical":"https:\/\/rfiddepo.com\/en\/urunlerimiz\/sr160-uhf-rfid-el-terminali\/","og_locale":"en_US","og_type":"article","og_title":"SR160 UHF RFID El Terminali - RFID Depo","og_description":"Chainway SR160, UHF RFID ve 1D\/2D barkod deste\u011fi, 7\u2013100 cm okuma mesafesi ve sa\u011flam tasar\u0131m\u0131yla lojistik, depo ve \u00fcretim i\u00e7in ideal taray\u0131c\u0131d\u0131r.","og_url":"https:\/\/rfiddepo.com\/en\/urunlerimiz\/sr160-uhf-rfid-el-terminali\/","og_site_name":"RFID Depo","article_modified_time":"2025-10-20T11:21:14+00:00","og_image":[{"width":622,"height":622,"url":"https:\/\/rfiddepo.com\/wp-content\/uploads\/2025\/10\/0a96d7bd-826d-4bf1-8788-d00fdf396406.jpg","type":"image\/jpeg"}],"twitter_card":"summary_large_image","twitter_misc":{"Est. reading time":"2 minutes"},"schema":{"@context":"https:\/\/schema.org","@graph":[{"@type":"WebPage","@id":"https:\/\/rfiddepo.com\/en\/urunlerimiz\/sr160-uhf-rfid-el-terminali\/","url":"https:\/\/rfiddepo.com\/en\/urunlerimiz\/sr160-uhf-rfid-el-terminali\/","name":"SR160 UHF RFID El Terminali - RFID Depo","isPartOf":{"@id":"https:\/\/rfiddepo.com\/en\/#website"},"primaryImageOfPage":{"@id":"https:\/\/rfiddepo.com\/en\/urunlerimiz\/sr160-uhf-rfid-el-terminali\/#primaryimage"},"image":{"@id":"https:\/\/rfiddepo.com\/en\/urunlerimiz\/sr160-uhf-rfid-el-terminali\/#primaryimage"},"thumbnailUrl":"https:\/\/rfiddepo.com\/wp-content\/uploads\/2025\/10\/0a96d7bd-826d-4bf1-8788-d00fdf396406.jpg","datePublished":"2025-10-16T06:50:59+00:00","dateModified":"2025-10-20T11:21:14+00:00","description":"Chainway SR160, UHF RFID ve 1D\/2D barkod deste\u011fi, 7\u2013100 cm okuma mesafesi ve sa\u011flam tasar\u0131m\u0131yla lojistik, depo ve \u00fcretim i\u00e7in ideal taray\u0131c\u0131d\u0131r.","breadcrumb":{"@id":"https:\/\/rfiddepo.com\/en\/urunlerimiz\/sr160-uhf-rfid-el-terminali\/#breadcrumb"},"inLanguage":"en-US","potentialAction":[{"@type":"ReadAction","target":["https:\/\/rfiddepo.com\/en\/urunlerimiz\/sr160-uhf-rfid-el-terminali\/"]}]},{"@type":"ImageObject","inLanguage":"en-US","@id":"https:\/\/rfiddepo.com\/en\/urunlerimiz\/sr160-uhf-rfid-el-terminali\/#primaryimage","url":"https:\/\/rfiddepo.com\/wp-content\/uploads\/2025\/10\/0a96d7bd-826d-4bf1-8788-d00fdf396406.jpg","contentUrl":"https:\/\/rfiddepo.com\/wp-content\/uploads\/2025\/10\/0a96d7bd-826d-4bf1-8788-d00fdf396406.jpg","width":622,"height":622},{"@type":"BreadcrumbList","@id":"https:\/\/rfiddepo.com\/en\/urunlerimiz\/sr160-uhf-rfid-el-terminali\/#breadcrumb","itemListElement":[{"@type":"ListItem","position":1,"name":"Anasayfa","item":"https:\/\/rfiddepo.com\/en\/"},{"@type":"ListItem","position":2,"name":"Urunler","item":"https:\/\/rfiddepo.com\/urunler\/"},{"@type":"ListItem","position":3,"name":"SR160 UHF RFID El Terminali"}]},{"@type":"WebSite","@id":"https:\/\/rfiddepo.com\/en\/#website","url":"https:\/\/rfiddepo.com\/en\/","name":"RFID Depo","description":"","publisher":{"@id":"https:\/\/rfiddepo.com\/en\/#organization"},"potentialAction":[{"@type":"SearchAction","target":{"@type":"EntryPoint","urlTemplate":"https:\/\/rfiddepo.com\/en\/?s={search_term_string}"},"query-input":{"@type":"PropertyValueSpecification","valueRequired":true,"valueName":"search_term_string"}}],"inLanguage":"en-US"},{"@type":"Organization","@id":"https:\/\/rfiddepo.com\/en\/#organization","name":"%%sitename%%","url":"https:\/\/rfiddepo.com\/en\/","logo":{"@type":"ImageObject","inLanguage":"en-US","@id":"https:\/\/rfiddepo.com\/en\/#\/schema\/logo\/image\/","url":"https:\/\/rfiddepo.com\/wp-content\/uploads\/2025\/09\/rfiddepo-logo.png","contentUrl":"https:\/\/rfiddepo.com\/wp-content\/uploads\/2025\/09\/rfiddepo-logo.png","width":500,"height":106,"caption":"%%sitename%%"},"image":{"@id":"https:\/\/rfiddepo.com\/en\/#\/schema\/logo\/image\/"}}]}},"_links":{"self":[{"href":"https:\/\/rfiddepo.com\/en\/wp-json\/wp\/v2\/product\/149102","targetHints":{"allow":["GET"]}}],"collection":[{"href":"https:\/\/rfiddepo.com\/en\/wp-json\/wp\/v2\/product"}],"about":[{"href":"https:\/\/rfiddepo.com\/en\/wp-json\/wp\/v2\/types\/product"}],"replies":[{"embeddable":true,"href":"https:\/\/rfiddepo.com\/en\/wp-json\/wp\/v2\/comments?post=149102"}],"wp:featuredmedia":[{"embeddable":true,"href":"https:\/\/rfiddepo.com\/en\/wp-json\/wp\/v2\/media\/149104"}],"wp:attachment":[{"href":"https:\/\/rfiddepo.com\/en\/wp-json\/wp\/v2\/media?parent=149102"}],"wp:term":[{"taxonomy":"product_brand","embeddable":true,"href":"https:\/\/rfiddepo.com\/en\/wp-json\/wp\/v2\/product_brand?post=149102"},{"taxonomy":"product_cat","embeddable":true,"href":"https:\/\/rfiddepo.com\/en\/wp-json\/wp\/v2\/product_cat?post=149102"},{"taxonomy":"product_tag","embeddable":true,"href":"https:\/\/rfiddepo.com\/en\/wp-json\/wp\/v2\/product_tag?post=149102"}],"curies":[{"name":"wp","href":"https:\/\/api.w.org\/{rel}","templated":true}]}}