{"id":147497,"date":"2020-05-03T22:45:55","date_gmt":"2020-05-03T22:45:55","guid":{"rendered":"http:\/\/www.test.rfiddepo.com\/?post_type=product&#038;p=147497"},"modified":"2025-10-14T17:26:28","modified_gmt":"2025-10-14T17:26:28","slug":"intermec-if2b-rfid-reader","status":"publish","type":"product","link":"https:\/\/rfiddepo.com\/en\/urunlerimiz\/intermec-if2b-rfid-reader\/","title":{"rendered":"INTERMEC IF2B RFID Reader"},"content":{"rendered":"<table class=\"blueTable\">\n<tbody>\n<tr>\n<td><strong>Product Name<\/strong><\/td>\n<td>INTERMEC IF2B RFID Reader<\/td>\n<\/tr>\n<tr>\n<td><strong>Protocol<\/strong><\/td>\n<td>EPC global UHF Class 1 Gen2, ISO 18000-6C)<\/td>\n<\/tr>\n<tr>\n<td><strong>Antennas<\/strong><\/td>\n<td>\u00a0It is configured with 4 antennas.<\/td>\n<\/tr>\n<tr>\n<td><strong>Maximum detection sensitivity<\/strong><\/td>\n<td>\u00a0-82 dB<\/td>\n<\/tr>\n<tr>\n<td><strong>RF Transmission power<\/strong><\/td>\n<td>\u00a01\u00a0to 30 dBm, configurable in 1 dB steps<br \/>\n(calibrated above 9 dBm)<\/td>\n<\/tr>\n<tr>\n<td><strong>Application Interface<\/strong><\/td>\n<td>EPCglobal LLRP<br \/>\nHoneywell Advanced RFID Extensions (ARX)<br \/>\nHoneywell Basic Reader Interface (BRI)<br \/>\nHoneywell Developer Library (IDL) resource<br \/>\nkit for BRI (Java, C# .NET)<\/td>\n<\/tr>\n<tr>\n<td><strong>Environmental protection<\/strong><\/td>\n<td>IP53<\/td>\n<\/tr>\n<tr>\n<td><strong>Dimensions<\/strong><\/td>\n<td>18.85 cm L x 16.31 cm W x 4.32 D<\/td>\n<\/tr>\n<tr>\n<td><strong>Weight<\/strong><\/td>\n<td>1.00 kg<\/td>\n<\/tr>\n<tr>\n<td><strong>Power supply options<\/strong><\/td>\n<td>PoE (802.3at compliant) DC power input<br \/>\n(12 VDC +\/-5%, 30W), sealed\/locking connection.<br \/>\nRequires optional Honeywell 100\/240 VAC converter<\/td>\n<\/tr>\n<tr>\n<td><strong>GPIO<\/strong><\/td>\n<td>Four input (0 to 40 VDC) and four\u00a0output (0 to 48 VDC, 0.25 amp) circuits, powered via PoE or DC input (500 mA, 12 VDC)<\/td>\n<\/tr>\n<tr>\n<td><strong>Operating Temperature<\/strong><\/td>\n<td>-20\u00b0 to +55\u00b0 C<\/td>\n<\/tr>\n<tr>\n<td><strong>USB<\/strong><\/td>\n<td>10\/100 BaseT Ethernet RS-232, USB<br \/>\nfor configuration<\/td>\n<\/tr>\n<tr>\n<td><strong>Brand<\/strong><\/td>\n<td><a href=\"\/marka\/honeywell\/\"><img decoding=\"async\" src=\"http:\/\/www.test.rfiddepo.com\/wp-content\/uploads\/2025\/10\/Honeywell_logo.svg-300x53.png\" alt=\"\" width=\"300\" height=\"53\" class=\"alignnone size-medium wp-image-148171\" srcset=\"https:\/\/rfiddepo.com\/wp-content\/uploads\/2025\/10\/Honeywell_logo.svg-300x53.png 300w, https:\/\/rfiddepo.com\/wp-content\/uploads\/2025\/10\/Honeywell_logo.svg-1024x182.png 1024w, https:\/\/rfiddepo.com\/wp-content\/uploads\/2025\/10\/Honeywell_logo.svg-768x136.png 768w, https:\/\/rfiddepo.com\/wp-content\/uploads\/2025\/10\/Honeywell_logo.svg-1536x272.png 1536w, https:\/\/rfiddepo.com\/wp-content\/uploads\/2025\/10\/Honeywell_logo.svg-2048x363.png 2048w, https:\/\/rfiddepo.com\/wp-content\/uploads\/2025\/10\/Honeywell_logo.svg-600x106.png 600w\" sizes=\"(max-width: 300px) 100vw, 300px\" \/><\/a><\/td>\n<\/tr>\n<\/tbody>\n<\/table>\n<h3>Key Features<\/h3>\n<ul>\n<li>High-performance fixed RFID reader<\/li>\n<li>Ideal for RFID warehouse management and product solutions<\/li>\n<li>Fast and accurate data reading<\/li>\n<li>Reliable and durable construction<\/li>\n<\/ul>\n<h3>RFID Readers and Solutions<\/h3>\n<p>The reliable and durable Intermec IF2B RFID Reader plays a critical role in RFID systems, delivering high performance, especially in applications such as warehouse and product management. With its ability to effectively read RFID data, it provides a reliable solution for inventory and product tracking processes.<\/p>","protected":false},"excerpt":{"rendered":"<p>The Intermec IF2B RFID Reader is a fixed reader that delivers high performance in RFID technology. It can be used effectively in warehouse management and product tracking solutions. This reader facilitates inventory management and tracking by quickly and accurately reading RFID data. It stands out for its reliability and performance, and is an effective part of RFID systems.<\/p>\n<div class=\"datasheet\"><a href=\"\/wp-content\/uploads\/2025\/09\/mod-intermec-if2-rfid-readers-honeywell-readers-datasheet-1.pdf\" target=\"_blank\" class=\"datasheet-btn\" rel=\"noopener\"><br \/>\n\ud83d\udcc4 Datasheet<br \/>\n<\/a><\/div>","protected":false},"featured_media":147460,"comment_status":"closed","ping_status":"closed","template":"","meta":{"_monsterinsights_skip_tracking":false,"_monsterinsights_sitenote_active":false,"_monsterinsights_sitenote_note":"","_monsterinsights_sitenote_category":0},"product_brand":[261],"product_cat":[71],"product_tag":[240,241,242,115,201],"class_list":{"0":"post-147497","1":"product","2":"type-product","3":"status-publish","4":"has-post-thumbnail","6":"product_brand-honeywell","7":"product_cat-rfid-sabit-okuyucular","8":"product_tag-honeywell-rfid-reader","9":"product_tag-if2b-rfid-reader","10":"product_tag-intermec-rfid-reader","11":"product_tag-rfid-reader","12":"product_tag-rfid-sabit-okuyucu","14":"first","15":"instock","16":"shipping-taxable","17":"purchasable","18":"product-type-simple"},"yoast_head":"<!-- This site is optimized with the Yoast SEO plugin v26.6 - https:\/\/yoast.com\/wordpress\/plugins\/seo\/ -->\n<title>INTERMEC IF2B RFID Reader - RFID Depo<\/title>\n<meta name=\"description\" content=\"Intermec IF2B RFID Reader, y\u00fcksek performansli sabit okuyucu olarak RFID depo ve \u00fcr\u00fcn \u00e7\u00f6z\u00fcmlerinde g\u00fcvenilir bir se\u00e7enektir.\" \/>\n<meta name=\"robots\" content=\"index, follow, max-snippet:-1, max-image-preview:large, max-video-preview:-1\" \/>\n<link rel=\"canonical\" href=\"https:\/\/rfiddepo.com\/en\/urunlerimiz\/intermec-if2b-rfid-reader\/\" \/>\n<meta property=\"og:locale\" content=\"en_US\" \/>\n<meta property=\"og:type\" content=\"article\" \/>\n<meta property=\"og:title\" content=\"INTERMEC IF2B RFID Reader - RFID Depo\" \/>\n<meta property=\"og:description\" content=\"Intermec IF2B RFID Reader, y\u00fcksek performansli sabit okuyucu olarak RFID depo ve \u00fcr\u00fcn \u00e7\u00f6z\u00fcmlerinde g\u00fcvenilir bir se\u00e7enektir.\" \/>\n<meta property=\"og:url\" content=\"https:\/\/rfiddepo.com\/en\/urunlerimiz\/intermec-if2b-rfid-reader\/\" \/>\n<meta property=\"og:site_name\" content=\"RFID Depo\" \/>\n<meta property=\"article:modified_time\" content=\"2025-10-14T17:26:28+00:00\" \/>\n<meta property=\"og:image\" content=\"https:\/\/rfiddepo.com\/wp-content\/uploads\/2025\/09\/intermec-if2b-rfid-okuyucu-rfiddepo1.jpg\" \/>\n\t<meta property=\"og:image:width\" content=\"700\" \/>\n\t<meta property=\"og:image:height\" content=\"660\" \/>\n\t<meta property=\"og:image:type\" content=\"image\/jpeg\" \/>\n<meta name=\"twitter:card\" content=\"summary_large_image\" \/>\n<meta name=\"twitter:label1\" content=\"Est. reading time\" \/>\n\t<meta name=\"twitter:data1\" content=\"1 minute\" \/>\n<script type=\"application\/ld+json\" class=\"yoast-schema-graph\">{\"@context\":\"https:\/\/schema.org\",\"@graph\":[{\"@type\":\"WebPage\",\"@id\":\"https:\/\/rfiddepo.com\/en\/urunlerimiz\/intermec-if2b-rfid-reader\/\",\"url\":\"https:\/\/rfiddepo.com\/en\/urunlerimiz\/intermec-if2b-rfid-reader\/\",\"name\":\"INTERMEC IF2B RFID Reader - RFID Depo\",\"isPartOf\":{\"@id\":\"https:\/\/rfiddepo.com\/en\/#website\"},\"primaryImageOfPage\":{\"@id\":\"https:\/\/rfiddepo.com\/en\/urunlerimiz\/intermec-if2b-rfid-reader\/#primaryimage\"},\"image\":{\"@id\":\"https:\/\/rfiddepo.com\/en\/urunlerimiz\/intermec-if2b-rfid-reader\/#primaryimage\"},\"thumbnailUrl\":\"https:\/\/rfiddepo.com\/wp-content\/uploads\/2025\/09\/intermec-if2b-rfid-okuyucu-rfiddepo1.jpg\",\"datePublished\":\"2020-05-03T22:45:55+00:00\",\"dateModified\":\"2025-10-14T17:26:28+00:00\",\"description\":\"Intermec IF2B RFID Reader, y\u00fcksek performansli sabit okuyucu olarak RFID depo ve \u00fcr\u00fcn \u00e7\u00f6z\u00fcmlerinde g\u00fcvenilir bir se\u00e7enektir.\",\"breadcrumb\":{\"@id\":\"https:\/\/rfiddepo.com\/en\/urunlerimiz\/intermec-if2b-rfid-reader\/#breadcrumb\"},\"inLanguage\":\"en-US\",\"potentialAction\":[{\"@type\":\"ReadAction\",\"target\":[\"https:\/\/rfiddepo.com\/en\/urunlerimiz\/intermec-if2b-rfid-reader\/\"]}]},{\"@type\":\"ImageObject\",\"inLanguage\":\"en-US\",\"@id\":\"https:\/\/rfiddepo.com\/en\/urunlerimiz\/intermec-if2b-rfid-reader\/#primaryimage\",\"url\":\"https:\/\/rfiddepo.com\/wp-content\/uploads\/2025\/09\/intermec-if2b-rfid-okuyucu-rfiddepo1.jpg\",\"contentUrl\":\"https:\/\/rfiddepo.com\/wp-content\/uploads\/2025\/09\/intermec-if2b-rfid-okuyucu-rfiddepo1.jpg\",\"width\":700,\"height\":660},{\"@type\":\"BreadcrumbList\",\"@id\":\"https:\/\/rfiddepo.com\/en\/urunlerimiz\/intermec-if2b-rfid-reader\/#breadcrumb\",\"itemListElement\":[{\"@type\":\"ListItem\",\"position\":1,\"name\":\"Anasayfa\",\"item\":\"https:\/\/rfiddepo.com\/en\/\"},{\"@type\":\"ListItem\",\"position\":2,\"name\":\"Urunler\",\"item\":\"https:\/\/rfiddepo.com\/urunler\/\"},{\"@type\":\"ListItem\",\"position\":3,\"name\":\"INTERMEC IF2B RFID Reader\"}]},{\"@type\":\"WebSite\",\"@id\":\"https:\/\/rfiddepo.com\/en\/#website\",\"url\":\"https:\/\/rfiddepo.com\/en\/\",\"name\":\"RFID Depo\",\"description\":\"\",\"publisher\":{\"@id\":\"https:\/\/rfiddepo.com\/en\/#organization\"},\"potentialAction\":[{\"@type\":\"SearchAction\",\"target\":{\"@type\":\"EntryPoint\",\"urlTemplate\":\"https:\/\/rfiddepo.com\/en\/?s={search_term_string}\"},\"query-input\":{\"@type\":\"PropertyValueSpecification\",\"valueRequired\":true,\"valueName\":\"search_term_string\"}}],\"inLanguage\":\"en-US\"},{\"@type\":\"Organization\",\"@id\":\"https:\/\/rfiddepo.com\/en\/#organization\",\"name\":\"%%sitename%%\",\"url\":\"https:\/\/rfiddepo.com\/en\/\",\"logo\":{\"@type\":\"ImageObject\",\"inLanguage\":\"en-US\",\"@id\":\"https:\/\/rfiddepo.com\/en\/#\/schema\/logo\/image\/\",\"url\":\"https:\/\/rfiddepo.com\/wp-content\/uploads\/2025\/09\/rfiddepo-logo.png\",\"contentUrl\":\"https:\/\/rfiddepo.com\/wp-content\/uploads\/2025\/09\/rfiddepo-logo.png\",\"width\":500,\"height\":106,\"caption\":\"%%sitename%%\"},\"image\":{\"@id\":\"https:\/\/rfiddepo.com\/en\/#\/schema\/logo\/image\/\"}}]}<\/script>\n<!-- \/ Yoast SEO plugin. -->","yoast_head_json":{"title":"INTERMEC IF2B RFID Reader - RFID Depo","description":"Intermec IF2B RFID Reader, y\u00fcksek performansli sabit okuyucu olarak RFID depo ve \u00fcr\u00fcn \u00e7\u00f6z\u00fcmlerinde g\u00fcvenilir bir se\u00e7enektir.","robots":{"index":"index","follow":"follow","max-snippet":"max-snippet:-1","max-image-preview":"max-image-preview:large","max-video-preview":"max-video-preview:-1"},"canonical":"https:\/\/rfiddepo.com\/en\/urunlerimiz\/intermec-if2b-rfid-reader\/","og_locale":"en_US","og_type":"article","og_title":"INTERMEC IF2B RFID Reader - RFID Depo","og_description":"Intermec IF2B RFID Reader, y\u00fcksek performansli sabit okuyucu olarak RFID depo ve \u00fcr\u00fcn \u00e7\u00f6z\u00fcmlerinde g\u00fcvenilir bir se\u00e7enektir.","og_url":"https:\/\/rfiddepo.com\/en\/urunlerimiz\/intermec-if2b-rfid-reader\/","og_site_name":"RFID Depo","article_modified_time":"2025-10-14T17:26:28+00:00","og_image":[{"width":700,"height":660,"url":"https:\/\/rfiddepo.com\/wp-content\/uploads\/2025\/09\/intermec-if2b-rfid-okuyucu-rfiddepo1.jpg","type":"image\/jpeg"}],"twitter_card":"summary_large_image","twitter_misc":{"Est. reading time":"1 minute"},"schema":{"@context":"https:\/\/schema.org","@graph":[{"@type":"WebPage","@id":"https:\/\/rfiddepo.com\/en\/urunlerimiz\/intermec-if2b-rfid-reader\/","url":"https:\/\/rfiddepo.com\/en\/urunlerimiz\/intermec-if2b-rfid-reader\/","name":"INTERMEC IF2B RFID Reader - RFID Depo","isPartOf":{"@id":"https:\/\/rfiddepo.com\/en\/#website"},"primaryImageOfPage":{"@id":"https:\/\/rfiddepo.com\/en\/urunlerimiz\/intermec-if2b-rfid-reader\/#primaryimage"},"image":{"@id":"https:\/\/rfiddepo.com\/en\/urunlerimiz\/intermec-if2b-rfid-reader\/#primaryimage"},"thumbnailUrl":"https:\/\/rfiddepo.com\/wp-content\/uploads\/2025\/09\/intermec-if2b-rfid-okuyucu-rfiddepo1.jpg","datePublished":"2020-05-03T22:45:55+00:00","dateModified":"2025-10-14T17:26:28+00:00","description":"Intermec IF2B RFID Reader, y\u00fcksek performansli sabit okuyucu olarak RFID depo ve \u00fcr\u00fcn \u00e7\u00f6z\u00fcmlerinde g\u00fcvenilir bir se\u00e7enektir.","breadcrumb":{"@id":"https:\/\/rfiddepo.com\/en\/urunlerimiz\/intermec-if2b-rfid-reader\/#breadcrumb"},"inLanguage":"en-US","potentialAction":[{"@type":"ReadAction","target":["https:\/\/rfiddepo.com\/en\/urunlerimiz\/intermec-if2b-rfid-reader\/"]}]},{"@type":"ImageObject","inLanguage":"en-US","@id":"https:\/\/rfiddepo.com\/en\/urunlerimiz\/intermec-if2b-rfid-reader\/#primaryimage","url":"https:\/\/rfiddepo.com\/wp-content\/uploads\/2025\/09\/intermec-if2b-rfid-okuyucu-rfiddepo1.jpg","contentUrl":"https:\/\/rfiddepo.com\/wp-content\/uploads\/2025\/09\/intermec-if2b-rfid-okuyucu-rfiddepo1.jpg","width":700,"height":660},{"@type":"BreadcrumbList","@id":"https:\/\/rfiddepo.com\/en\/urunlerimiz\/intermec-if2b-rfid-reader\/#breadcrumb","itemListElement":[{"@type":"ListItem","position":1,"name":"Anasayfa","item":"https:\/\/rfiddepo.com\/en\/"},{"@type":"ListItem","position":2,"name":"Urunler","item":"https:\/\/rfiddepo.com\/urunler\/"},{"@type":"ListItem","position":3,"name":"INTERMEC IF2B RFID Reader"}]},{"@type":"WebSite","@id":"https:\/\/rfiddepo.com\/en\/#website","url":"https:\/\/rfiddepo.com\/en\/","name":"RFID Depo","description":"","publisher":{"@id":"https:\/\/rfiddepo.com\/en\/#organization"},"potentialAction":[{"@type":"SearchAction","target":{"@type":"EntryPoint","urlTemplate":"https:\/\/rfiddepo.com\/en\/?s={search_term_string}"},"query-input":{"@type":"PropertyValueSpecification","valueRequired":true,"valueName":"search_term_string"}}],"inLanguage":"en-US"},{"@type":"Organization","@id":"https:\/\/rfiddepo.com\/en\/#organization","name":"%%sitename%%","url":"https:\/\/rfiddepo.com\/en\/","logo":{"@type":"ImageObject","inLanguage":"en-US","@id":"https:\/\/rfiddepo.com\/en\/#\/schema\/logo\/image\/","url":"https:\/\/rfiddepo.com\/wp-content\/uploads\/2025\/09\/rfiddepo-logo.png","contentUrl":"https:\/\/rfiddepo.com\/wp-content\/uploads\/2025\/09\/rfiddepo-logo.png","width":500,"height":106,"caption":"%%sitename%%"},"image":{"@id":"https:\/\/rfiddepo.com\/en\/#\/schema\/logo\/image\/"}}]}},"_links":{"self":[{"href":"https:\/\/rfiddepo.com\/en\/wp-json\/wp\/v2\/product\/147497","targetHints":{"allow":["GET"]}}],"collection":[{"href":"https:\/\/rfiddepo.com\/en\/wp-json\/wp\/v2\/product"}],"about":[{"href":"https:\/\/rfiddepo.com\/en\/wp-json\/wp\/v2\/types\/product"}],"replies":[{"embeddable":true,"href":"https:\/\/rfiddepo.com\/en\/wp-json\/wp\/v2\/comments?post=147497"}],"wp:featuredmedia":[{"embeddable":true,"href":"https:\/\/rfiddepo.com\/en\/wp-json\/wp\/v2\/media\/147460"}],"wp:attachment":[{"href":"https:\/\/rfiddepo.com\/en\/wp-json\/wp\/v2\/media?parent=147497"}],"wp:term":[{"taxonomy":"product_brand","embeddable":true,"href":"https:\/\/rfiddepo.com\/en\/wp-json\/wp\/v2\/product_brand?post=147497"},{"taxonomy":"product_cat","embeddable":true,"href":"https:\/\/rfiddepo.com\/en\/wp-json\/wp\/v2\/product_cat?post=147497"},{"taxonomy":"product_tag","embeddable":true,"href":"https:\/\/rfiddepo.com\/en\/wp-json\/wp\/v2\/product_tag?post=147497"}],"curies":[{"name":"wp","href":"https:\/\/api.w.org\/{rel}","templated":true}]}}