{"id":147495,"date":"2020-05-03T22:52:52","date_gmt":"2020-05-03T22:52:52","guid":{"rendered":"http:\/\/www.test.rfiddepo.com\/?post_type=product&#038;p=147495"},"modified":"2025-10-14T17:29:57","modified_gmt":"2025-10-14T17:29:57","slug":"impinj-r220-rfid-okuyucu","status":"publish","type":"product","link":"https:\/\/rfiddepo.com\/en\/urunlerimiz\/impinj-r220-rfid-okuyucu\/","title":{"rendered":"IMPINJ R220 RFID Reader"},"content":{"rendered":"<p>&nbsp;<\/p>\n<table class=\"blueTable\">\n<tbody>\n<tr>\n<td><strong>Product Name<\/strong><\/td>\n<td>Impinj R220 UHF RFID Reader<\/td>\n<\/tr>\n<tr>\n<td><strong>Protocol<\/strong><\/td>\n<td>GS1\/EPCglobal UHF Class 1 Gen 2 (ISO 18000-6C)<\/td>\n<\/tr>\n<tr>\n<td><strong>Antennas<\/strong><\/td>\n<td>\u00a02 monostatic (RP TNC) antenna ports. Optimized for Impinj antennas.<\/td>\n<\/tr>\n<tr>\n<td><strong>Maximum detection sensitivity<\/strong><\/td>\n<td>\u00a0-82 dB<\/td>\n<\/tr>\n<tr>\n<td><strong>RF Transmission power<\/strong><\/td>\n<td>\u00a0+10.0 to +32.5 dBm (with external power supply)<\/td>\n<\/tr>\n<tr>\n<td><strong>Application Interface<\/strong><\/td>\n<td>\u00a0EPC global Low Level Reader Protocol (LLRP) v1.0.1, Speedway Revolution SDK &amp; EDK<\/td>\n<\/tr>\n<tr>\n<td><strong>Environmental protection<\/strong><\/td>\n<td>IP52<\/td>\n<\/tr>\n<tr>\n<td><strong>Dimensions (H x W x D)<\/strong><\/td>\n<td>\u00a019 x 17.5 x 3 cm<\/td>\n<\/tr>\n<tr>\n<td><strong>Weight<\/strong><\/td>\n<td>700g<\/td>\n<\/tr>\n<tr>\n<td><strong>Power supply options<\/strong><\/td>\n<td>Power over Ethernet (PoE) IEEE 802.3af, +24 VDC @ 800mA with external power supply (sold separately)<\/td>\n<\/tr>\n<tr>\n<td><strong>GPIO<\/strong><\/td>\n<td>4 inputs (3-30V) \/ 4 outputs, optically isolated, 0-30V<\/td>\n<\/tr>\n<tr>\n<td><strong>Network Ba\u011flant\u0131s\u0131<\/strong><\/td>\n<td>USB 1.1 Device (Type B) and Host (Type A) ports\u2022 USB Virtual COM Serial Port and USB drive support for internal applications<\/td>\n<\/tr>\n<tr>\n<td><strong>USB<\/strong><\/td>\n<td>USB 1.1 Device (Type B) and Host (Type A) ports \u2022 USB Virtual COM Serial Port and USB drive support for embedded applications\u201d<\/td>\n<\/tr>\n<tr>\n<td><strong>Brand<br \/>\n<\/strong><\/td>\n<td><a href=\"\/marka\/impinj\/\"><img decoding=\"async\" src=\"http:\/\/www.test.rfiddepo.com\/wp-content\/uploads\/2025\/10\/Impinj-logo-300x158.png\" alt=\"\" width=\"300\" height=\"158\" class=\"alignnone size-medium wp-image-148163\" srcset=\"https:\/\/rfiddepo.com\/wp-content\/uploads\/2025\/10\/Impinj-logo-300x158.png 300w, https:\/\/rfiddepo.com\/wp-content\/uploads\/2025\/10\/Impinj-logo.png 600w\" sizes=\"(max-width: 300px) 100vw, 300px\" \/><\/a><\/td>\n<\/tr>\n<\/tbody>\n<\/table>\n<h3>Key Features<\/h3>\n<ul>\n<li>Fixed structure and high performance<\/li>\n<li>Excellent data reading for RFID warehouse management and product tracking<\/li>\n<li>High accuracy and reliability<\/li>\n<li>Suitable for industrial and commercial applications<\/li>\n<\/ul>\n<h3>RFID Readers and Solutions<\/h3>\n<p>The Impinj R220 RFID Reader plays a critical role in RFID systems. It provides effective data reading and high performance in warehouse management and product tracking applications, offering a reliable solution for inventory and product management processes.<\/p>","protected":false},"excerpt":{"rendered":"<p>The Impinj R220 RFID Reader is a device that offers a fixed structure and high performance. It provides effective data reading in RFID warehouse management and product tracking solutions. This reader facilitates inventory management and product tracking by offering high accuracy and reliability in RFID systems. With its wide range of applications, the Impinj R220 is an ideal choice for various industrial and commercial solutions.<\/p>\n<div class=\"datasheet\"><a href=\"\/wp-content\/uploads\/2025\/09\/ProductBrief_Impinj_SpeedwayFamily-1.pdf\" target=\"_blank\" class=\"datasheet-btn\" rel=\"noopener\"><br \/>\n\ud83d\udcc4 Datasheet<br \/>\n<\/a><\/div>","protected":false},"featured_media":147557,"comment_status":"closed","ping_status":"closed","template":"","meta":{"_monsterinsights_skip_tracking":false,"_monsterinsights_sitenote_active":false,"_monsterinsights_sitenote_note":"","_monsterinsights_sitenote_category":0},"product_brand":[],"product_cat":[71],"product_tag":[238,233,234,235,115,201],"class_list":{"0":"post-147495","1":"product","2":"type-product","3":"status-publish","4":"has-post-thumbnail","6":"product_cat-rfid-sabit-okuyucular","7":"product_tag-impinj-r220-uhf-rfid-sabit-okuyucu","8":"product_tag-impinj-reader","9":"product_tag-impinj-rfid-reader","10":"product_tag-impinj-sabit-okuyucu","11":"product_tag-rfid-reader","12":"product_tag-rfid-sabit-okuyucu","14":"first","15":"instock","16":"shipping-taxable","17":"purchasable","18":"product-type-simple"},"yoast_head":"<!-- This site is optimized with the Yoast SEO plugin v26.6 - https:\/\/yoast.com\/wordpress\/plugins\/seo\/ -->\n<title>IMPINJ R220 RFID Okuyucu - RFID Depo<\/title>\n<meta name=\"description\" content=\"Impinj R220 RFID Okuyucu, sabit yapisiyla y\u00fcksek performans sunar. RFID depo y\u00f6netimi ve \u00fcr\u00fcn izleme \u00e7\u00f6z\u00fcmlerinde g\u00fcvenilir veri okuma saglar.\" \/>\n<meta name=\"robots\" content=\"index, follow, max-snippet:-1, max-image-preview:large, max-video-preview:-1\" \/>\n<link rel=\"canonical\" href=\"https:\/\/rfiddepo.com\/en\/urunlerimiz\/impinj-r220-rfid-okuyucu\/\" \/>\n<meta property=\"og:locale\" content=\"en_US\" \/>\n<meta property=\"og:type\" content=\"article\" \/>\n<meta property=\"og:title\" content=\"IMPINJ R220 RFID Okuyucu - RFID Depo\" \/>\n<meta property=\"og:description\" content=\"Impinj R220 RFID Okuyucu, sabit yapisiyla y\u00fcksek performans sunar. RFID depo y\u00f6netimi ve \u00fcr\u00fcn izleme \u00e7\u00f6z\u00fcmlerinde g\u00fcvenilir veri okuma saglar.\" \/>\n<meta property=\"og:url\" content=\"https:\/\/rfiddepo.com\/en\/urunlerimiz\/impinj-r220-rfid-okuyucu\/\" \/>\n<meta property=\"og:site_name\" content=\"RFID Depo\" \/>\n<meta property=\"article:modified_time\" content=\"2025-10-14T17:29:57+00:00\" \/>\n<meta property=\"og:image\" content=\"https:\/\/rfiddepo.com\/wp-content\/uploads\/2020\/05\/impinj-speedway-revolution-r220-uhf-rfid-okuyucu-2-port.webp\" \/>\n\t<meta property=\"og:image:width\" content=\"600\" \/>\n\t<meta property=\"og:image:height\" content=\"600\" \/>\n\t<meta property=\"og:image:type\" content=\"image\/webp\" \/>\n<meta name=\"twitter:card\" content=\"summary_large_image\" \/>\n<meta name=\"twitter:label1\" content=\"Est. reading time\" \/>\n\t<meta name=\"twitter:data1\" content=\"1 minute\" \/>\n<script type=\"application\/ld+json\" class=\"yoast-schema-graph\">{\"@context\":\"https:\/\/schema.org\",\"@graph\":[{\"@type\":\"WebPage\",\"@id\":\"https:\/\/rfiddepo.com\/en\/urunlerimiz\/impinj-r220-rfid-okuyucu\/\",\"url\":\"https:\/\/rfiddepo.com\/en\/urunlerimiz\/impinj-r220-rfid-okuyucu\/\",\"name\":\"IMPINJ R220 RFID Okuyucu - RFID Depo\",\"isPartOf\":{\"@id\":\"https:\/\/rfiddepo.com\/en\/#website\"},\"primaryImageOfPage\":{\"@id\":\"https:\/\/rfiddepo.com\/en\/urunlerimiz\/impinj-r220-rfid-okuyucu\/#primaryimage\"},\"image\":{\"@id\":\"https:\/\/rfiddepo.com\/en\/urunlerimiz\/impinj-r220-rfid-okuyucu\/#primaryimage\"},\"thumbnailUrl\":\"https:\/\/rfiddepo.com\/wp-content\/uploads\/2020\/05\/impinj-speedway-revolution-r220-uhf-rfid-okuyucu-2-port.webp\",\"datePublished\":\"2020-05-03T22:52:52+00:00\",\"dateModified\":\"2025-10-14T17:29:57+00:00\",\"description\":\"Impinj R220 RFID Okuyucu, sabit yapisiyla y\u00fcksek performans sunar. RFID depo y\u00f6netimi ve \u00fcr\u00fcn izleme \u00e7\u00f6z\u00fcmlerinde g\u00fcvenilir veri okuma saglar.\",\"breadcrumb\":{\"@id\":\"https:\/\/rfiddepo.com\/en\/urunlerimiz\/impinj-r220-rfid-okuyucu\/#breadcrumb\"},\"inLanguage\":\"en-US\",\"potentialAction\":[{\"@type\":\"ReadAction\",\"target\":[\"https:\/\/rfiddepo.com\/en\/urunlerimiz\/impinj-r220-rfid-okuyucu\/\"]}]},{\"@type\":\"ImageObject\",\"inLanguage\":\"en-US\",\"@id\":\"https:\/\/rfiddepo.com\/en\/urunlerimiz\/impinj-r220-rfid-okuyucu\/#primaryimage\",\"url\":\"https:\/\/rfiddepo.com\/wp-content\/uploads\/2020\/05\/impinj-speedway-revolution-r220-uhf-rfid-okuyucu-2-port.webp\",\"contentUrl\":\"https:\/\/rfiddepo.com\/wp-content\/uploads\/2020\/05\/impinj-speedway-revolution-r220-uhf-rfid-okuyucu-2-port.webp\",\"width\":600,\"height\":600},{\"@type\":\"BreadcrumbList\",\"@id\":\"https:\/\/rfiddepo.com\/en\/urunlerimiz\/impinj-r220-rfid-okuyucu\/#breadcrumb\",\"itemListElement\":[{\"@type\":\"ListItem\",\"position\":1,\"name\":\"Anasayfa\",\"item\":\"https:\/\/rfiddepo.com\/en\/\"},{\"@type\":\"ListItem\",\"position\":2,\"name\":\"Urunler\",\"item\":\"https:\/\/rfiddepo.com\/urunler\/\"},{\"@type\":\"ListItem\",\"position\":3,\"name\":\"IMPINJ R220 RFID Okuyucu\"}]},{\"@type\":\"WebSite\",\"@id\":\"https:\/\/rfiddepo.com\/en\/#website\",\"url\":\"https:\/\/rfiddepo.com\/en\/\",\"name\":\"RFID Depo\",\"description\":\"\",\"publisher\":{\"@id\":\"https:\/\/rfiddepo.com\/en\/#organization\"},\"potentialAction\":[{\"@type\":\"SearchAction\",\"target\":{\"@type\":\"EntryPoint\",\"urlTemplate\":\"https:\/\/rfiddepo.com\/en\/?s={search_term_string}\"},\"query-input\":{\"@type\":\"PropertyValueSpecification\",\"valueRequired\":true,\"valueName\":\"search_term_string\"}}],\"inLanguage\":\"en-US\"},{\"@type\":\"Organization\",\"@id\":\"https:\/\/rfiddepo.com\/en\/#organization\",\"name\":\"%%sitename%%\",\"url\":\"https:\/\/rfiddepo.com\/en\/\",\"logo\":{\"@type\":\"ImageObject\",\"inLanguage\":\"en-US\",\"@id\":\"https:\/\/rfiddepo.com\/en\/#\/schema\/logo\/image\/\",\"url\":\"https:\/\/rfiddepo.com\/wp-content\/uploads\/2025\/09\/rfiddepo-logo.png\",\"contentUrl\":\"https:\/\/rfiddepo.com\/wp-content\/uploads\/2025\/09\/rfiddepo-logo.png\",\"width\":500,\"height\":106,\"caption\":\"%%sitename%%\"},\"image\":{\"@id\":\"https:\/\/rfiddepo.com\/en\/#\/schema\/logo\/image\/\"}}]}<\/script>\n<!-- \/ Yoast SEO plugin. -->","yoast_head_json":{"title":"IMPINJ R220 RFID Okuyucu - RFID Depo","description":"Impinj R220 RFID Okuyucu, sabit yapisiyla y\u00fcksek performans sunar. RFID depo y\u00f6netimi ve \u00fcr\u00fcn izleme \u00e7\u00f6z\u00fcmlerinde g\u00fcvenilir veri okuma saglar.","robots":{"index":"index","follow":"follow","max-snippet":"max-snippet:-1","max-image-preview":"max-image-preview:large","max-video-preview":"max-video-preview:-1"},"canonical":"https:\/\/rfiddepo.com\/en\/urunlerimiz\/impinj-r220-rfid-okuyucu\/","og_locale":"en_US","og_type":"article","og_title":"IMPINJ R220 RFID Okuyucu - RFID Depo","og_description":"Impinj R220 RFID Okuyucu, sabit yapisiyla y\u00fcksek performans sunar. RFID depo y\u00f6netimi ve \u00fcr\u00fcn izleme \u00e7\u00f6z\u00fcmlerinde g\u00fcvenilir veri okuma saglar.","og_url":"https:\/\/rfiddepo.com\/en\/urunlerimiz\/impinj-r220-rfid-okuyucu\/","og_site_name":"RFID Depo","article_modified_time":"2025-10-14T17:29:57+00:00","og_image":[{"width":600,"height":600,"url":"https:\/\/rfiddepo.com\/wp-content\/uploads\/2020\/05\/impinj-speedway-revolution-r220-uhf-rfid-okuyucu-2-port.webp","type":"image\/webp"}],"twitter_card":"summary_large_image","twitter_misc":{"Est. reading time":"1 minute"},"schema":{"@context":"https:\/\/schema.org","@graph":[{"@type":"WebPage","@id":"https:\/\/rfiddepo.com\/en\/urunlerimiz\/impinj-r220-rfid-okuyucu\/","url":"https:\/\/rfiddepo.com\/en\/urunlerimiz\/impinj-r220-rfid-okuyucu\/","name":"IMPINJ R220 RFID Okuyucu - RFID Depo","isPartOf":{"@id":"https:\/\/rfiddepo.com\/en\/#website"},"primaryImageOfPage":{"@id":"https:\/\/rfiddepo.com\/en\/urunlerimiz\/impinj-r220-rfid-okuyucu\/#primaryimage"},"image":{"@id":"https:\/\/rfiddepo.com\/en\/urunlerimiz\/impinj-r220-rfid-okuyucu\/#primaryimage"},"thumbnailUrl":"https:\/\/rfiddepo.com\/wp-content\/uploads\/2020\/05\/impinj-speedway-revolution-r220-uhf-rfid-okuyucu-2-port.webp","datePublished":"2020-05-03T22:52:52+00:00","dateModified":"2025-10-14T17:29:57+00:00","description":"Impinj R220 RFID Okuyucu, sabit yapisiyla y\u00fcksek performans sunar. RFID depo y\u00f6netimi ve \u00fcr\u00fcn izleme \u00e7\u00f6z\u00fcmlerinde g\u00fcvenilir veri okuma saglar.","breadcrumb":{"@id":"https:\/\/rfiddepo.com\/en\/urunlerimiz\/impinj-r220-rfid-okuyucu\/#breadcrumb"},"inLanguage":"en-US","potentialAction":[{"@type":"ReadAction","target":["https:\/\/rfiddepo.com\/en\/urunlerimiz\/impinj-r220-rfid-okuyucu\/"]}]},{"@type":"ImageObject","inLanguage":"en-US","@id":"https:\/\/rfiddepo.com\/en\/urunlerimiz\/impinj-r220-rfid-okuyucu\/#primaryimage","url":"https:\/\/rfiddepo.com\/wp-content\/uploads\/2020\/05\/impinj-speedway-revolution-r220-uhf-rfid-okuyucu-2-port.webp","contentUrl":"https:\/\/rfiddepo.com\/wp-content\/uploads\/2020\/05\/impinj-speedway-revolution-r220-uhf-rfid-okuyucu-2-port.webp","width":600,"height":600},{"@type":"BreadcrumbList","@id":"https:\/\/rfiddepo.com\/en\/urunlerimiz\/impinj-r220-rfid-okuyucu\/#breadcrumb","itemListElement":[{"@type":"ListItem","position":1,"name":"Anasayfa","item":"https:\/\/rfiddepo.com\/en\/"},{"@type":"ListItem","position":2,"name":"Urunler","item":"https:\/\/rfiddepo.com\/urunler\/"},{"@type":"ListItem","position":3,"name":"IMPINJ R220 RFID Okuyucu"}]},{"@type":"WebSite","@id":"https:\/\/rfiddepo.com\/en\/#website","url":"https:\/\/rfiddepo.com\/en\/","name":"RFID Depo","description":"","publisher":{"@id":"https:\/\/rfiddepo.com\/en\/#organization"},"potentialAction":[{"@type":"SearchAction","target":{"@type":"EntryPoint","urlTemplate":"https:\/\/rfiddepo.com\/en\/?s={search_term_string}"},"query-input":{"@type":"PropertyValueSpecification","valueRequired":true,"valueName":"search_term_string"}}],"inLanguage":"en-US"},{"@type":"Organization","@id":"https:\/\/rfiddepo.com\/en\/#organization","name":"%%sitename%%","url":"https:\/\/rfiddepo.com\/en\/","logo":{"@type":"ImageObject","inLanguage":"en-US","@id":"https:\/\/rfiddepo.com\/en\/#\/schema\/logo\/image\/","url":"https:\/\/rfiddepo.com\/wp-content\/uploads\/2025\/09\/rfiddepo-logo.png","contentUrl":"https:\/\/rfiddepo.com\/wp-content\/uploads\/2025\/09\/rfiddepo-logo.png","width":500,"height":106,"caption":"%%sitename%%"},"image":{"@id":"https:\/\/rfiddepo.com\/en\/#\/schema\/logo\/image\/"}}]}},"_links":{"self":[{"href":"https:\/\/rfiddepo.com\/en\/wp-json\/wp\/v2\/product\/147495","targetHints":{"allow":["GET"]}}],"collection":[{"href":"https:\/\/rfiddepo.com\/en\/wp-json\/wp\/v2\/product"}],"about":[{"href":"https:\/\/rfiddepo.com\/en\/wp-json\/wp\/v2\/types\/product"}],"replies":[{"embeddable":true,"href":"https:\/\/rfiddepo.com\/en\/wp-json\/wp\/v2\/comments?post=147495"}],"wp:featuredmedia":[{"embeddable":true,"href":"https:\/\/rfiddepo.com\/en\/wp-json\/wp\/v2\/media\/147557"}],"wp:attachment":[{"href":"https:\/\/rfiddepo.com\/en\/wp-json\/wp\/v2\/media?parent=147495"}],"wp:term":[{"taxonomy":"product_brand","embeddable":true,"href":"https:\/\/rfiddepo.com\/en\/wp-json\/wp\/v2\/product_brand?post=147495"},{"taxonomy":"product_cat","embeddable":true,"href":"https:\/\/rfiddepo.com\/en\/wp-json\/wp\/v2\/product_cat?post=147495"},{"taxonomy":"product_tag","embeddable":true,"href":"https:\/\/rfiddepo.com\/en\/wp-json\/wp\/v2\/product_tag?post=147495"}],"curies":[{"name":"wp","href":"https:\/\/api.w.org\/{rel}","templated":true}]}}