{"id":147493,"date":"2020-05-03T23:03:10","date_gmt":"2020-05-03T23:03:10","guid":{"rendered":"http:\/\/www.test.rfiddepo.com\/?post_type=product&#038;p=147493"},"modified":"2025-10-14T17:29:36","modified_gmt":"2025-10-14T17:29:36","slug":"impinj-threshold-uhf-rfid-anten","status":"publish","type":"product","link":"https:\/\/rfiddepo.com\/en\/urunlerimiz\/impinj-threshold-uhf-rfid-anten\/","title":{"rendered":"Impinj Threshold UHF RFID Antenna"},"content":{"rendered":"<p>&nbsp;<\/p>\n<table class=\"blueTable\">\n<tbody>\n<tr>\n<td><strong>Product Name<\/strong><\/td>\n<td>Impinj Threshold UHF RFID Antenna<\/td>\n<\/tr>\n<tr>\n<td><strong>\u00c7al\u0131\u015fma Frekans\u0131(EU)<\/strong><\/td>\n<td>865 \u2013 868 MHz (ETSI EN )<\/td>\n<\/tr>\n<tr>\n<td><strong>Anten G\u00fcc\u00fc<\/strong><\/td>\n<td>5.0 dBi<\/td>\n<\/tr>\n<tr>\n<td><strong>Polarization<\/strong><\/td>\n<td>Linear<\/td>\n<\/tr>\n<tr>\n<td><strong>Reading Distance<\/strong><\/td>\n<td>\n<div class=\"spec-content\">\n<p>Up to 4m (Using far-field tags)<\/p>\n<\/div>\n<\/td>\n<\/tr>\n<tr>\n<td><strong>Operating Temperature<\/strong><\/td>\n<td>-20\u00b0C to +80\u00b0C<\/td>\n<\/tr>\n<tr>\n<td><strong>Size<\/strong><\/td>\n<td>46 x 9 x 2 cm<\/td>\n<\/tr>\n<tr>\n<td><strong>Weight<\/strong><\/td>\n<td>1 kg.<\/td>\n<\/tr>\n<tr>\n<td><strong>Connector<\/strong><\/td>\n<td>Sma<\/td>\n<\/tr>\n<tr>\n<td><strong>IP Rating<\/strong><\/td>\n<td>indoor and outdoor<\/td>\n<\/tr>\n<tr>\n<td><strong>Brand<br \/>\n<\/strong><\/td>\n<td><a href=\"\/marka\/impinj\/\"><img decoding=\"async\" src=\"http:\/\/www.test.rfiddepo.com\/wp-content\/uploads\/2025\/10\/Impinj-logo-300x158.png\" alt=\"\" width=\"300\" height=\"158\" class=\"alignnone size-medium wp-image-148163\" srcset=\"https:\/\/rfiddepo.com\/wp-content\/uploads\/2025\/10\/Impinj-logo-300x158.png 300w, https:\/\/rfiddepo.com\/wp-content\/uploads\/2025\/10\/Impinj-logo.png 600w\" sizes=\"(max-width: 300px) 100vw, 300px\" \/><\/a><\/td>\n<\/tr>\n<\/tbody>\n<\/table>\n<h2 style=\"font-size: 25px;\">Impinj Threshold UHF RFID Antenna<\/h2>\n<p>The Impinj Threshold UHF RFID Antenna is a linear-reading antenna that provides a powerful and linear reading zone. This antenna enhances the effectiveness of RFID systems by delivering consistent and continuous reading performance within the detection zone. The Threshold antenna delivers high performance, particularly in applications requiring linear reading, and maximizes data accuracy.<\/p>\n<h3 style=\"font-size: 25px;\">Key Features<\/h3>\n<ul>\n<li>Linear reading capacity with linear reading zone<\/li>\n<li>Powerful performance and consistent reading<\/li>\n<li>Continuous and reliable data collection<\/li>\n<li>High data accuracy in RFID systems<\/li>\n<\/ul>\n<h3 style=\"font-size: 25px;\">RFID Antenna Solutions<\/h3>\n<p>The Impinj Threshold UHF RFID Antenna is a solution designed to meet linear reading needs. It delivers high efficiency in RFID applications with its powerful performance and consistent reading range.<\/p>","protected":false},"excerpt":{"rendered":"<p>The threshold structure is an antenna capable of linear reading. It provides a consistent and continuous reading zone from start to finish because it is powerful in the detection zone and, due to its structure, performs linear reading.<\/p>\n<div class=\"datasheet\"><a href=\"\/wp-content\/uploads\/2025\/09\/Impinj-ProductBrief-Antenna-Threshold-110918.pdf\" target=\"_blank\" class=\"datasheet-btn\" rel=\"noopener\"><br \/>\n\ud83d\udcc4 Datasheet<br \/>\n<\/a><\/div>","protected":false},"featured_media":147550,"comment_status":"closed","ping_status":"closed","template":"","meta":{"_monsterinsights_skip_tracking":false,"_monsterinsights_sitenote_active":false,"_monsterinsights_sitenote_note":"","_monsterinsights_sitenote_category":0},"product_brand":[127],"product_cat":[34],"product_tag":[224,112,113,114,115,230,159],"class_list":{"0":"post-147493","1":"product","2":"type-product","3":"status-publish","4":"has-post-thumbnail","6":"product_brand-impinj","7":"product_cat-rfid-antenler","8":"product_tag-impinj-anten","9":"product_tag-rfid-anten","10":"product_tag-rfid-depo","11":"product_tag-rfid-okuyucu","12":"product_tag-rfid-reader","13":"product_tag-threshold-rfid-anten","14":"product_tag-uhf-rfid-anten","16":"first","17":"instock","18":"shipping-taxable","19":"purchasable","20":"product-type-simple"},"yoast_head":"<!-- This site is optimized with the Yoast SEO plugin v26.6 - https:\/\/yoast.com\/wordpress\/plugins\/seo\/ -->\n<title>Impinj Threshold UHF RFID Anten - RFID Depo<\/title>\n<meta name=\"description\" content=\"Impinj Threshold UHF RFID Anten, lineer okuma \u00f6zelligi ve g\u00fc\u00e7l\u00fc performansiyla tutarli ve s\u00fcrekli okuma b\u00f6lgesi saglar. Dogrusal tespit b\u00f6lgesi i\u00e7in idealdir.\" \/>\n<meta name=\"robots\" content=\"index, follow, max-snippet:-1, max-image-preview:large, max-video-preview:-1\" \/>\n<link rel=\"canonical\" href=\"https:\/\/rfiddepo.com\/en\/urunlerimiz\/impinj-threshold-uhf-rfid-anten\/\" \/>\n<meta property=\"og:locale\" content=\"en_US\" \/>\n<meta property=\"og:type\" content=\"article\" \/>\n<meta property=\"og:title\" content=\"Impinj Threshold UHF RFID Anten - RFID Depo\" \/>\n<meta property=\"og:description\" content=\"Impinj Threshold UHF RFID Anten, lineer okuma \u00f6zelligi ve g\u00fc\u00e7l\u00fc performansiyla tutarli ve s\u00fcrekli okuma b\u00f6lgesi saglar. Dogrusal tespit b\u00f6lgesi i\u00e7in idealdir.\" \/>\n<meta property=\"og:url\" content=\"https:\/\/rfiddepo.com\/en\/urunlerimiz\/impinj-threshold-uhf-rfid-anten\/\" \/>\n<meta property=\"og:site_name\" content=\"RFID Depo\" \/>\n<meta property=\"article:modified_time\" content=\"2025-10-14T17:29:36+00:00\" \/>\n<meta property=\"og:image\" content=\"https:\/\/rfiddepo.com\/wp-content\/uploads\/2020\/05\/xxl_RFIDAntennaImpinjThreshold.webp\" \/>\n\t<meta property=\"og:image:width\" content=\"520\" \/>\n\t<meta property=\"og:image:height\" content=\"520\" \/>\n\t<meta property=\"og:image:type\" content=\"image\/webp\" \/>\n<meta name=\"twitter:card\" content=\"summary_large_image\" \/>\n<meta name=\"twitter:label1\" content=\"Est. reading time\" \/>\n\t<meta name=\"twitter:data1\" content=\"1 minute\" \/>\n<script type=\"application\/ld+json\" class=\"yoast-schema-graph\">{\"@context\":\"https:\/\/schema.org\",\"@graph\":[{\"@type\":\"WebPage\",\"@id\":\"https:\/\/rfiddepo.com\/en\/urunlerimiz\/impinj-threshold-uhf-rfid-anten\/\",\"url\":\"https:\/\/rfiddepo.com\/en\/urunlerimiz\/impinj-threshold-uhf-rfid-anten\/\",\"name\":\"Impinj Threshold UHF RFID Anten - RFID Depo\",\"isPartOf\":{\"@id\":\"https:\/\/rfiddepo.com\/en\/#website\"},\"primaryImageOfPage\":{\"@id\":\"https:\/\/rfiddepo.com\/en\/urunlerimiz\/impinj-threshold-uhf-rfid-anten\/#primaryimage\"},\"image\":{\"@id\":\"https:\/\/rfiddepo.com\/en\/urunlerimiz\/impinj-threshold-uhf-rfid-anten\/#primaryimage\"},\"thumbnailUrl\":\"https:\/\/rfiddepo.com\/wp-content\/uploads\/2020\/05\/xxl_RFIDAntennaImpinjThreshold.webp\",\"datePublished\":\"2020-05-03T23:03:10+00:00\",\"dateModified\":\"2025-10-14T17:29:36+00:00\",\"description\":\"Impinj Threshold UHF RFID Anten, lineer okuma \u00f6zelligi ve g\u00fc\u00e7l\u00fc performansiyla tutarli ve s\u00fcrekli okuma b\u00f6lgesi saglar. Dogrusal tespit b\u00f6lgesi i\u00e7in idealdir.\",\"breadcrumb\":{\"@id\":\"https:\/\/rfiddepo.com\/en\/urunlerimiz\/impinj-threshold-uhf-rfid-anten\/#breadcrumb\"},\"inLanguage\":\"en-US\",\"potentialAction\":[{\"@type\":\"ReadAction\",\"target\":[\"https:\/\/rfiddepo.com\/en\/urunlerimiz\/impinj-threshold-uhf-rfid-anten\/\"]}]},{\"@type\":\"ImageObject\",\"inLanguage\":\"en-US\",\"@id\":\"https:\/\/rfiddepo.com\/en\/urunlerimiz\/impinj-threshold-uhf-rfid-anten\/#primaryimage\",\"url\":\"https:\/\/rfiddepo.com\/wp-content\/uploads\/2020\/05\/xxl_RFIDAntennaImpinjThreshold.webp\",\"contentUrl\":\"https:\/\/rfiddepo.com\/wp-content\/uploads\/2020\/05\/xxl_RFIDAntennaImpinjThreshold.webp\",\"width\":520,\"height\":520},{\"@type\":\"BreadcrumbList\",\"@id\":\"https:\/\/rfiddepo.com\/en\/urunlerimiz\/impinj-threshold-uhf-rfid-anten\/#breadcrumb\",\"itemListElement\":[{\"@type\":\"ListItem\",\"position\":1,\"name\":\"Anasayfa\",\"item\":\"https:\/\/rfiddepo.com\/en\/\"},{\"@type\":\"ListItem\",\"position\":2,\"name\":\"Urunler\",\"item\":\"https:\/\/rfiddepo.com\/urunler\/\"},{\"@type\":\"ListItem\",\"position\":3,\"name\":\"Impinj Threshold UHF RFID Anten\"}]},{\"@type\":\"WebSite\",\"@id\":\"https:\/\/rfiddepo.com\/en\/#website\",\"url\":\"https:\/\/rfiddepo.com\/en\/\",\"name\":\"RFID Depo\",\"description\":\"\",\"publisher\":{\"@id\":\"https:\/\/rfiddepo.com\/en\/#organization\"},\"potentialAction\":[{\"@type\":\"SearchAction\",\"target\":{\"@type\":\"EntryPoint\",\"urlTemplate\":\"https:\/\/rfiddepo.com\/en\/?s={search_term_string}\"},\"query-input\":{\"@type\":\"PropertyValueSpecification\",\"valueRequired\":true,\"valueName\":\"search_term_string\"}}],\"inLanguage\":\"en-US\"},{\"@type\":\"Organization\",\"@id\":\"https:\/\/rfiddepo.com\/en\/#organization\",\"name\":\"%%sitename%%\",\"url\":\"https:\/\/rfiddepo.com\/en\/\",\"logo\":{\"@type\":\"ImageObject\",\"inLanguage\":\"en-US\",\"@id\":\"https:\/\/rfiddepo.com\/en\/#\/schema\/logo\/image\/\",\"url\":\"https:\/\/rfiddepo.com\/wp-content\/uploads\/2025\/09\/rfiddepo-logo.png\",\"contentUrl\":\"https:\/\/rfiddepo.com\/wp-content\/uploads\/2025\/09\/rfiddepo-logo.png\",\"width\":500,\"height\":106,\"caption\":\"%%sitename%%\"},\"image\":{\"@id\":\"https:\/\/rfiddepo.com\/en\/#\/schema\/logo\/image\/\"}}]}<\/script>\n<!-- \/ Yoast SEO plugin. -->","yoast_head_json":{"title":"Impinj Threshold UHF RFID Anten - RFID Depo","description":"Impinj Threshold UHF RFID Anten, lineer okuma \u00f6zelligi ve g\u00fc\u00e7l\u00fc performansiyla tutarli ve s\u00fcrekli okuma b\u00f6lgesi saglar. Dogrusal tespit b\u00f6lgesi i\u00e7in idealdir.","robots":{"index":"index","follow":"follow","max-snippet":"max-snippet:-1","max-image-preview":"max-image-preview:large","max-video-preview":"max-video-preview:-1"},"canonical":"https:\/\/rfiddepo.com\/en\/urunlerimiz\/impinj-threshold-uhf-rfid-anten\/","og_locale":"en_US","og_type":"article","og_title":"Impinj Threshold UHF RFID Anten - RFID Depo","og_description":"Impinj Threshold UHF RFID Anten, lineer okuma \u00f6zelligi ve g\u00fc\u00e7l\u00fc performansiyla tutarli ve s\u00fcrekli okuma b\u00f6lgesi saglar. Dogrusal tespit b\u00f6lgesi i\u00e7in idealdir.","og_url":"https:\/\/rfiddepo.com\/en\/urunlerimiz\/impinj-threshold-uhf-rfid-anten\/","og_site_name":"RFID Depo","article_modified_time":"2025-10-14T17:29:36+00:00","og_image":[{"width":520,"height":520,"url":"https:\/\/rfiddepo.com\/wp-content\/uploads\/2020\/05\/xxl_RFIDAntennaImpinjThreshold.webp","type":"image\/webp"}],"twitter_card":"summary_large_image","twitter_misc":{"Est. reading time":"1 minute"},"schema":{"@context":"https:\/\/schema.org","@graph":[{"@type":"WebPage","@id":"https:\/\/rfiddepo.com\/en\/urunlerimiz\/impinj-threshold-uhf-rfid-anten\/","url":"https:\/\/rfiddepo.com\/en\/urunlerimiz\/impinj-threshold-uhf-rfid-anten\/","name":"Impinj Threshold UHF RFID Anten - RFID Depo","isPartOf":{"@id":"https:\/\/rfiddepo.com\/en\/#website"},"primaryImageOfPage":{"@id":"https:\/\/rfiddepo.com\/en\/urunlerimiz\/impinj-threshold-uhf-rfid-anten\/#primaryimage"},"image":{"@id":"https:\/\/rfiddepo.com\/en\/urunlerimiz\/impinj-threshold-uhf-rfid-anten\/#primaryimage"},"thumbnailUrl":"https:\/\/rfiddepo.com\/wp-content\/uploads\/2020\/05\/xxl_RFIDAntennaImpinjThreshold.webp","datePublished":"2020-05-03T23:03:10+00:00","dateModified":"2025-10-14T17:29:36+00:00","description":"Impinj Threshold UHF RFID Anten, lineer okuma \u00f6zelligi ve g\u00fc\u00e7l\u00fc performansiyla tutarli ve s\u00fcrekli okuma b\u00f6lgesi saglar. Dogrusal tespit b\u00f6lgesi i\u00e7in idealdir.","breadcrumb":{"@id":"https:\/\/rfiddepo.com\/en\/urunlerimiz\/impinj-threshold-uhf-rfid-anten\/#breadcrumb"},"inLanguage":"en-US","potentialAction":[{"@type":"ReadAction","target":["https:\/\/rfiddepo.com\/en\/urunlerimiz\/impinj-threshold-uhf-rfid-anten\/"]}]},{"@type":"ImageObject","inLanguage":"en-US","@id":"https:\/\/rfiddepo.com\/en\/urunlerimiz\/impinj-threshold-uhf-rfid-anten\/#primaryimage","url":"https:\/\/rfiddepo.com\/wp-content\/uploads\/2020\/05\/xxl_RFIDAntennaImpinjThreshold.webp","contentUrl":"https:\/\/rfiddepo.com\/wp-content\/uploads\/2020\/05\/xxl_RFIDAntennaImpinjThreshold.webp","width":520,"height":520},{"@type":"BreadcrumbList","@id":"https:\/\/rfiddepo.com\/en\/urunlerimiz\/impinj-threshold-uhf-rfid-anten\/#breadcrumb","itemListElement":[{"@type":"ListItem","position":1,"name":"Anasayfa","item":"https:\/\/rfiddepo.com\/en\/"},{"@type":"ListItem","position":2,"name":"Urunler","item":"https:\/\/rfiddepo.com\/urunler\/"},{"@type":"ListItem","position":3,"name":"Impinj Threshold UHF RFID Anten"}]},{"@type":"WebSite","@id":"https:\/\/rfiddepo.com\/en\/#website","url":"https:\/\/rfiddepo.com\/en\/","name":"RFID Depo","description":"","publisher":{"@id":"https:\/\/rfiddepo.com\/en\/#organization"},"potentialAction":[{"@type":"SearchAction","target":{"@type":"EntryPoint","urlTemplate":"https:\/\/rfiddepo.com\/en\/?s={search_term_string}"},"query-input":{"@type":"PropertyValueSpecification","valueRequired":true,"valueName":"search_term_string"}}],"inLanguage":"en-US"},{"@type":"Organization","@id":"https:\/\/rfiddepo.com\/en\/#organization","name":"%%sitename%%","url":"https:\/\/rfiddepo.com\/en\/","logo":{"@type":"ImageObject","inLanguage":"en-US","@id":"https:\/\/rfiddepo.com\/en\/#\/schema\/logo\/image\/","url":"https:\/\/rfiddepo.com\/wp-content\/uploads\/2025\/09\/rfiddepo-logo.png","contentUrl":"https:\/\/rfiddepo.com\/wp-content\/uploads\/2025\/09\/rfiddepo-logo.png","width":500,"height":106,"caption":"%%sitename%%"},"image":{"@id":"https:\/\/rfiddepo.com\/en\/#\/schema\/logo\/image\/"}}]}},"_links":{"self":[{"href":"https:\/\/rfiddepo.com\/en\/wp-json\/wp\/v2\/product\/147493","targetHints":{"allow":["GET"]}}],"collection":[{"href":"https:\/\/rfiddepo.com\/en\/wp-json\/wp\/v2\/product"}],"about":[{"href":"https:\/\/rfiddepo.com\/en\/wp-json\/wp\/v2\/types\/product"}],"replies":[{"embeddable":true,"href":"https:\/\/rfiddepo.com\/en\/wp-json\/wp\/v2\/comments?post=147493"}],"wp:featuredmedia":[{"embeddable":true,"href":"https:\/\/rfiddepo.com\/en\/wp-json\/wp\/v2\/media\/147550"}],"wp:attachment":[{"href":"https:\/\/rfiddepo.com\/en\/wp-json\/wp\/v2\/media?parent=147493"}],"wp:term":[{"taxonomy":"product_brand","embeddable":true,"href":"https:\/\/rfiddepo.com\/en\/wp-json\/wp\/v2\/product_brand?post=147493"},{"taxonomy":"product_cat","embeddable":true,"href":"https:\/\/rfiddepo.com\/en\/wp-json\/wp\/v2\/product_cat?post=147493"},{"taxonomy":"product_tag","embeddable":true,"href":"https:\/\/rfiddepo.com\/en\/wp-json\/wp\/v2\/product_tag?post=147493"}],"curies":[{"name":"wp","href":"https:\/\/api.w.org\/{rel}","templated":true}]}}