{"id":147485,"date":"2020-05-03T23:47:35","date_gmt":"2020-05-03T23:47:35","guid":{"rendered":"http:\/\/www.test.rfiddepo.com\/?post_type=product&#038;p=147485"},"modified":"2025-10-14T14:39:35","modified_gmt":"2025-10-14T14:39:35","slug":"zebra-fx7500-rfid-okuyucu","status":"publish","type":"product","link":"https:\/\/rfiddepo.com\/en\/urunlerimiz\/zebra-fx7500-rfid-okuyucu\/","title":{"rendered":"ZEBRA FX7500 RFID Reader"},"content":{"rendered":"<table class=\"blueTable\">\n<tbody>\n<tr>\n<td><strong>Product Name<\/strong><\/td>\n<td>Zebra FX7500 RFID Reader<\/td>\n<\/tr>\n<tr>\n<td><strong>Protocol<\/strong><\/td>\n<td>EPCglobal UHF Class 1 Gen2, ISO 18000-6C)<\/td>\n<\/tr>\n<tr>\n<td><strong>Antennas<\/strong><\/td>\n<td>\u00a0It is configured as a 2-port and 4-port antenna.<\/td>\n<\/tr>\n<tr>\n<td><strong>Maximum detection sensitivity<\/strong><\/td>\n<td>\u00a0-82 dB<\/td>\n<\/tr>\n<tr>\n<td><strong>RF Transmission power<\/strong><\/td>\n<td>\u00a0+10.0 to +31.5 dBm (with external power supply)<\/td>\n<\/tr>\n<tr>\n<td><strong>Application Interface<\/strong><\/td>\n<td>Host Applications \u2013 .NET, C and Java EMDK;<br \/>\nEmbedded Applications \u2013 C &amp; Java SDK<\/td>\n<\/tr>\n<tr>\n<td><strong>Environmental protection<\/strong><\/td>\n<td>IP52<\/td>\n<\/tr>\n<tr>\n<td><strong>Dimensions<\/strong><\/td>\n<td>\u00a019.56 cm L x 14.99 cm W x 4.32 cm D)<\/td>\n<\/tr>\n<tr>\n<td><strong>Weight<\/strong><\/td>\n<td>860g<\/td>\n<\/tr>\n<tr>\n<td><strong>Power supply options<\/strong><\/td>\n<td>10 dBm to +31.5 dBm (POE+, 12V ~ 48V External DC, Universal 24V DC Power Supply); +10 dBm to +30.0 dBm (POE)<\/td>\n<\/tr>\n<tr>\n<td><strong>GPIO<\/strong><\/td>\n<td>4 inputs (3-30V) \/ 4 outputs, optically isolated, 0-30V<\/td>\n<\/tr>\n<tr>\n<td><strong>Operating Temperature<\/strong><\/td>\n<td>-20\u00b0 to +55\u00b0 C<\/td>\n<\/tr>\n<tr>\n<td><strong>USB<\/strong><\/td>\n<td>10\/100 BaseT Ethernet (RJ45) w\/ POE support; USB Client (USB Type<br \/>\nB), USB Host Port (Type A)<\/td>\n<\/tr>\n<tr>\n<td><strong>Brand<br \/>\n<\/strong><\/td>\n<td><a href=\"\/marka\/zebra\/\"><img decoding=\"async\" src=\"https:\/\/rfiddepoweb.workindigi.com\/wp-content\/uploads\/2024\/01\/zebra-e1549754053350-1.webp\" \/><\/a><\/td>\n<\/tr>\n<\/tbody>\n<\/table>\n<h3>Key Features<\/h3>\n<ul>\n<li>High-performance data reading<\/li>\n<li>Effective in RFID warehouse management and product solutions<\/li>\n<li>Durable and reliable performance<\/li>\n<li>Optimizes inventory management and data flows<\/li>\n<\/ul>\n<h3>RFID Readers and Solutions<\/h3>\n<p>The Zebra FX7500 RFID Reader provides an effective data reading solution for RFID systems by offering high performance and durability. It ensures reliability and efficiency in warehouse management and product tracking applications.<\/p>","protected":false},"excerpt":{"rendered":"<p>The Zebra FX7500 RFID Reader stands out for its high-performance data reading capability and durability. It delivers effective performance in RFID warehouse management and product tracking solutions. With its powerful reading capacity, the FX7500 optimizes inventory management and data flows, offering a reliable solution across various application areas.<\/p>\n<div class=\"datasheet\"><a href=\"\/wp-content\/uploads\/2025\/09\/fx7500-spec-sheet-en-us.pdf\" target=\"_blank\" class=\"datasheet-btn\" rel=\"noopener\"><br \/>\n\ud83d\udcc4 Datasheet<br \/>\n<\/a><\/div>","protected":false},"featured_media":147526,"comment_status":"closed","ping_status":"closed","template":"","meta":{"_monsterinsights_skip_tracking":false,"_monsterinsights_sitenote_active":false,"_monsterinsights_sitenote_note":"","_monsterinsights_sitenote_category":0},"product_brand":[250],"product_cat":[71],"product_tag":[115,201,202,203,204,205],"class_list":{"0":"post-147485","1":"product","2":"type-product","3":"status-publish","4":"has-post-thumbnail","6":"product_brand-zebra","7":"product_cat-rfid-sabit-okuyucular","8":"product_tag-rfid-reader","9":"product_tag-rfid-sabit-okuyucu","10":"product_tag-zebra-fx7500-uhf-rfid-sabit-okuyucu","11":"product_tag-zebra-reader","12":"product_tag-zebra-rfid-reader","13":"product_tag-zebra-sabit-okuyucu","15":"first","16":"instock","17":"shipping-taxable","18":"purchasable","19":"product-type-simple"},"yoast_head":"<!-- This site is optimized with the Yoast SEO plugin v26.6 - https:\/\/yoast.com\/wordpress\/plugins\/seo\/ -->\n<title>ZEBRA FX7500 RFID Okuyucu - RFID Depo<\/title>\n<meta name=\"description\" content=\"Zebra FX7500 RFID Okuyucu, y\u00fcksek performans ve g\u00fcvenilir veri okuma saglar. RFID depo y\u00f6netimi ve \u00fcr\u00fcn \u00e7\u00f6z\u00fcmlerinde etkili ve dayanikli bir se\u00e7enektir.\" \/>\n<meta name=\"robots\" content=\"index, follow, max-snippet:-1, max-image-preview:large, max-video-preview:-1\" \/>\n<link rel=\"canonical\" href=\"https:\/\/rfiddepo.com\/en\/urunlerimiz\/zebra-fx7500-rfid-okuyucu\/\" \/>\n<meta property=\"og:locale\" content=\"en_US\" \/>\n<meta property=\"og:type\" content=\"article\" \/>\n<meta property=\"og:title\" content=\"ZEBRA FX7500 RFID Okuyucu - RFID Depo\" \/>\n<meta property=\"og:description\" content=\"Zebra FX7500 RFID Okuyucu, y\u00fcksek performans ve g\u00fcvenilir veri okuma saglar. RFID depo y\u00f6netimi ve \u00fcr\u00fcn \u00e7\u00f6z\u00fcmlerinde etkili ve dayanikli bir se\u00e7enektir.\" \/>\n<meta property=\"og:url\" content=\"https:\/\/rfiddepo.com\/en\/urunlerimiz\/zebra-fx7500-rfid-okuyucu\/\" \/>\n<meta property=\"og:site_name\" content=\"RFID Depo\" \/>\n<meta property=\"article:modified_time\" content=\"2025-10-14T14:39:35+00:00\" \/>\n<meta property=\"og:image\" content=\"https:\/\/rfiddepo.com\/wp-content\/uploads\/2020\/05\/fx7500-3x2-3600-scaled.jpg\" \/>\n\t<meta property=\"og:image:width\" content=\"2560\" \/>\n\t<meta property=\"og:image:height\" content=\"1707\" \/>\n\t<meta property=\"og:image:type\" content=\"image\/jpeg\" \/>\n<meta name=\"twitter:card\" content=\"summary_large_image\" \/>\n<meta name=\"twitter:label1\" content=\"Est. reading time\" \/>\n\t<meta name=\"twitter:data1\" content=\"1 minute\" \/>\n<script type=\"application\/ld+json\" class=\"yoast-schema-graph\">{\"@context\":\"https:\/\/schema.org\",\"@graph\":[{\"@type\":\"WebPage\",\"@id\":\"https:\/\/rfiddepo.com\/en\/urunlerimiz\/zebra-fx7500-rfid-okuyucu\/\",\"url\":\"https:\/\/rfiddepo.com\/en\/urunlerimiz\/zebra-fx7500-rfid-okuyucu\/\",\"name\":\"ZEBRA FX7500 RFID Okuyucu - RFID Depo\",\"isPartOf\":{\"@id\":\"https:\/\/rfiddepo.com\/en\/#website\"},\"primaryImageOfPage\":{\"@id\":\"https:\/\/rfiddepo.com\/en\/urunlerimiz\/zebra-fx7500-rfid-okuyucu\/#primaryimage\"},\"image\":{\"@id\":\"https:\/\/rfiddepo.com\/en\/urunlerimiz\/zebra-fx7500-rfid-okuyucu\/#primaryimage\"},\"thumbnailUrl\":\"https:\/\/rfiddepo.com\/wp-content\/uploads\/2020\/05\/fx7500-3x2-3600-scaled.jpg\",\"datePublished\":\"2020-05-03T23:47:35+00:00\",\"dateModified\":\"2025-10-14T14:39:35+00:00\",\"description\":\"Zebra FX7500 RFID Okuyucu, y\u00fcksek performans ve g\u00fcvenilir veri okuma saglar. RFID depo y\u00f6netimi ve \u00fcr\u00fcn \u00e7\u00f6z\u00fcmlerinde etkili ve dayanikli bir se\u00e7enektir.\",\"breadcrumb\":{\"@id\":\"https:\/\/rfiddepo.com\/en\/urunlerimiz\/zebra-fx7500-rfid-okuyucu\/#breadcrumb\"},\"inLanguage\":\"en-US\",\"potentialAction\":[{\"@type\":\"ReadAction\",\"target\":[\"https:\/\/rfiddepo.com\/en\/urunlerimiz\/zebra-fx7500-rfid-okuyucu\/\"]}]},{\"@type\":\"ImageObject\",\"inLanguage\":\"en-US\",\"@id\":\"https:\/\/rfiddepo.com\/en\/urunlerimiz\/zebra-fx7500-rfid-okuyucu\/#primaryimage\",\"url\":\"https:\/\/rfiddepo.com\/wp-content\/uploads\/2020\/05\/fx7500-3x2-3600-scaled.jpg\",\"contentUrl\":\"https:\/\/rfiddepo.com\/wp-content\/uploads\/2020\/05\/fx7500-3x2-3600-scaled.jpg\",\"width\":2560,\"height\":1707},{\"@type\":\"BreadcrumbList\",\"@id\":\"https:\/\/rfiddepo.com\/en\/urunlerimiz\/zebra-fx7500-rfid-okuyucu\/#breadcrumb\",\"itemListElement\":[{\"@type\":\"ListItem\",\"position\":1,\"name\":\"Anasayfa\",\"item\":\"https:\/\/rfiddepo.com\/en\/\"},{\"@type\":\"ListItem\",\"position\":2,\"name\":\"Urunler\",\"item\":\"https:\/\/rfiddepo.com\/urunler\/\"},{\"@type\":\"ListItem\",\"position\":3,\"name\":\"ZEBRA FX7500 RFID Okuyucu\"}]},{\"@type\":\"WebSite\",\"@id\":\"https:\/\/rfiddepo.com\/en\/#website\",\"url\":\"https:\/\/rfiddepo.com\/en\/\",\"name\":\"RFID Depo\",\"description\":\"\",\"publisher\":{\"@id\":\"https:\/\/rfiddepo.com\/en\/#organization\"},\"potentialAction\":[{\"@type\":\"SearchAction\",\"target\":{\"@type\":\"EntryPoint\",\"urlTemplate\":\"https:\/\/rfiddepo.com\/en\/?s={search_term_string}\"},\"query-input\":{\"@type\":\"PropertyValueSpecification\",\"valueRequired\":true,\"valueName\":\"search_term_string\"}}],\"inLanguage\":\"en-US\"},{\"@type\":\"Organization\",\"@id\":\"https:\/\/rfiddepo.com\/en\/#organization\",\"name\":\"%%sitename%%\",\"url\":\"https:\/\/rfiddepo.com\/en\/\",\"logo\":{\"@type\":\"ImageObject\",\"inLanguage\":\"en-US\",\"@id\":\"https:\/\/rfiddepo.com\/en\/#\/schema\/logo\/image\/\",\"url\":\"https:\/\/rfiddepo.com\/wp-content\/uploads\/2025\/09\/rfiddepo-logo.png\",\"contentUrl\":\"https:\/\/rfiddepo.com\/wp-content\/uploads\/2025\/09\/rfiddepo-logo.png\",\"width\":500,\"height\":106,\"caption\":\"%%sitename%%\"},\"image\":{\"@id\":\"https:\/\/rfiddepo.com\/en\/#\/schema\/logo\/image\/\"}}]}<\/script>\n<!-- \/ Yoast SEO plugin. -->","yoast_head_json":{"title":"ZEBRA FX7500 RFID Okuyucu - RFID Depo","description":"Zebra FX7500 RFID Okuyucu, y\u00fcksek performans ve g\u00fcvenilir veri okuma saglar. RFID depo y\u00f6netimi ve \u00fcr\u00fcn \u00e7\u00f6z\u00fcmlerinde etkili ve dayanikli bir se\u00e7enektir.","robots":{"index":"index","follow":"follow","max-snippet":"max-snippet:-1","max-image-preview":"max-image-preview:large","max-video-preview":"max-video-preview:-1"},"canonical":"https:\/\/rfiddepo.com\/en\/urunlerimiz\/zebra-fx7500-rfid-okuyucu\/","og_locale":"en_US","og_type":"article","og_title":"ZEBRA FX7500 RFID Okuyucu - RFID Depo","og_description":"Zebra FX7500 RFID Okuyucu, y\u00fcksek performans ve g\u00fcvenilir veri okuma saglar. RFID depo y\u00f6netimi ve \u00fcr\u00fcn \u00e7\u00f6z\u00fcmlerinde etkili ve dayanikli bir se\u00e7enektir.","og_url":"https:\/\/rfiddepo.com\/en\/urunlerimiz\/zebra-fx7500-rfid-okuyucu\/","og_site_name":"RFID Depo","article_modified_time":"2025-10-14T14:39:35+00:00","og_image":[{"width":2560,"height":1707,"url":"https:\/\/rfiddepo.com\/wp-content\/uploads\/2020\/05\/fx7500-3x2-3600-scaled.jpg","type":"image\/jpeg"}],"twitter_card":"summary_large_image","twitter_misc":{"Est. reading time":"1 minute"},"schema":{"@context":"https:\/\/schema.org","@graph":[{"@type":"WebPage","@id":"https:\/\/rfiddepo.com\/en\/urunlerimiz\/zebra-fx7500-rfid-okuyucu\/","url":"https:\/\/rfiddepo.com\/en\/urunlerimiz\/zebra-fx7500-rfid-okuyucu\/","name":"ZEBRA FX7500 RFID Okuyucu - RFID Depo","isPartOf":{"@id":"https:\/\/rfiddepo.com\/en\/#website"},"primaryImageOfPage":{"@id":"https:\/\/rfiddepo.com\/en\/urunlerimiz\/zebra-fx7500-rfid-okuyucu\/#primaryimage"},"image":{"@id":"https:\/\/rfiddepo.com\/en\/urunlerimiz\/zebra-fx7500-rfid-okuyucu\/#primaryimage"},"thumbnailUrl":"https:\/\/rfiddepo.com\/wp-content\/uploads\/2020\/05\/fx7500-3x2-3600-scaled.jpg","datePublished":"2020-05-03T23:47:35+00:00","dateModified":"2025-10-14T14:39:35+00:00","description":"Zebra FX7500 RFID Okuyucu, y\u00fcksek performans ve g\u00fcvenilir veri okuma saglar. RFID depo y\u00f6netimi ve \u00fcr\u00fcn \u00e7\u00f6z\u00fcmlerinde etkili ve dayanikli bir se\u00e7enektir.","breadcrumb":{"@id":"https:\/\/rfiddepo.com\/en\/urunlerimiz\/zebra-fx7500-rfid-okuyucu\/#breadcrumb"},"inLanguage":"en-US","potentialAction":[{"@type":"ReadAction","target":["https:\/\/rfiddepo.com\/en\/urunlerimiz\/zebra-fx7500-rfid-okuyucu\/"]}]},{"@type":"ImageObject","inLanguage":"en-US","@id":"https:\/\/rfiddepo.com\/en\/urunlerimiz\/zebra-fx7500-rfid-okuyucu\/#primaryimage","url":"https:\/\/rfiddepo.com\/wp-content\/uploads\/2020\/05\/fx7500-3x2-3600-scaled.jpg","contentUrl":"https:\/\/rfiddepo.com\/wp-content\/uploads\/2020\/05\/fx7500-3x2-3600-scaled.jpg","width":2560,"height":1707},{"@type":"BreadcrumbList","@id":"https:\/\/rfiddepo.com\/en\/urunlerimiz\/zebra-fx7500-rfid-okuyucu\/#breadcrumb","itemListElement":[{"@type":"ListItem","position":1,"name":"Anasayfa","item":"https:\/\/rfiddepo.com\/en\/"},{"@type":"ListItem","position":2,"name":"Urunler","item":"https:\/\/rfiddepo.com\/urunler\/"},{"@type":"ListItem","position":3,"name":"ZEBRA FX7500 RFID Okuyucu"}]},{"@type":"WebSite","@id":"https:\/\/rfiddepo.com\/en\/#website","url":"https:\/\/rfiddepo.com\/en\/","name":"RFID Depo","description":"","publisher":{"@id":"https:\/\/rfiddepo.com\/en\/#organization"},"potentialAction":[{"@type":"SearchAction","target":{"@type":"EntryPoint","urlTemplate":"https:\/\/rfiddepo.com\/en\/?s={search_term_string}"},"query-input":{"@type":"PropertyValueSpecification","valueRequired":true,"valueName":"search_term_string"}}],"inLanguage":"en-US"},{"@type":"Organization","@id":"https:\/\/rfiddepo.com\/en\/#organization","name":"%%sitename%%","url":"https:\/\/rfiddepo.com\/en\/","logo":{"@type":"ImageObject","inLanguage":"en-US","@id":"https:\/\/rfiddepo.com\/en\/#\/schema\/logo\/image\/","url":"https:\/\/rfiddepo.com\/wp-content\/uploads\/2025\/09\/rfiddepo-logo.png","contentUrl":"https:\/\/rfiddepo.com\/wp-content\/uploads\/2025\/09\/rfiddepo-logo.png","width":500,"height":106,"caption":"%%sitename%%"},"image":{"@id":"https:\/\/rfiddepo.com\/en\/#\/schema\/logo\/image\/"}}]}},"_links":{"self":[{"href":"https:\/\/rfiddepo.com\/en\/wp-json\/wp\/v2\/product\/147485","targetHints":{"allow":["GET"]}}],"collection":[{"href":"https:\/\/rfiddepo.com\/en\/wp-json\/wp\/v2\/product"}],"about":[{"href":"https:\/\/rfiddepo.com\/en\/wp-json\/wp\/v2\/types\/product"}],"replies":[{"embeddable":true,"href":"https:\/\/rfiddepo.com\/en\/wp-json\/wp\/v2\/comments?post=147485"}],"wp:featuredmedia":[{"embeddable":true,"href":"https:\/\/rfiddepo.com\/en\/wp-json\/wp\/v2\/media\/147526"}],"wp:attachment":[{"href":"https:\/\/rfiddepo.com\/en\/wp-json\/wp\/v2\/media?parent=147485"}],"wp:term":[{"taxonomy":"product_brand","embeddable":true,"href":"https:\/\/rfiddepo.com\/en\/wp-json\/wp\/v2\/product_brand?post=147485"},{"taxonomy":"product_cat","embeddable":true,"href":"https:\/\/rfiddepo.com\/en\/wp-json\/wp\/v2\/product_cat?post=147485"},{"taxonomy":"product_tag","embeddable":true,"href":"https:\/\/rfiddepo.com\/en\/wp-json\/wp\/v2\/product_tag?post=147485"}],"curies":[{"name":"wp","href":"https:\/\/api.w.org\/{rel}","templated":true}]}}