{"id":147484,"date":"2020-05-03T23:52:33","date_gmt":"2020-05-03T23:52:33","guid":{"rendered":"http:\/\/www.test.rfiddepo.com\/?post_type=product&#038;p=147484"},"modified":"2025-10-14T17:15:26","modified_gmt":"2025-10-14T17:15:26","slug":"nordic-id-merlin-uhf-rfid-el-terminali","status":"publish","type":"product","link":"https:\/\/rfiddepo.com\/en\/urunlerimiz\/nordic-id-merlin-uhf-rfid-el-terminali\/","title":{"rendered":"NORDIC ID MERLIN UHF RFID Handheld Terminal"},"content":{"rendered":"<table class=\"blueTable\">\n<tbody>\n<tr>\n<td><strong>Product Name<\/strong><\/td>\n<td>NORDIC ID MERLIN UHF RFID Handheld Terminal<\/td>\n<\/tr>\n<tr>\n<td><strong>Operating Frequency<\/strong><\/td>\n<td>ETSI 865.6\u2013867.6 MHz or FCC\/IC 902\u2013928 MHz-<\/td>\n<\/tr>\n<tr>\n<td><strong>Dimensions<\/strong><\/td>\n<td>250 x 105 x 175 mm<\/td>\n<\/tr>\n<tr>\n<td><strong>Weight<\/strong><\/td>\n<td>\u00a0750 g.<\/td>\n<\/tr>\n<tr>\n<td><strong>Taray\u0131c\u0131<\/strong><\/td>\n<td>\n<div class=\"spec-content\">\n<p>1D\/2D<\/p>\n<\/div>\n<\/td>\n<\/tr>\n<tr>\n<td><strong>RF Power<\/strong><\/td>\n<td>ERP +33 dBm (2W) (Only ETSI 865.6\u2013867.6 MHz)<\/td>\n<\/tr>\n<tr>\n<td><strong>Max. Okuma Mesafesi<\/strong><\/td>\n<td>7 m<\/td>\n<\/tr>\n<tr>\n<td><strong>Reading Speed<\/strong><\/td>\n<td>200 tags per second (peak up to 400 tags per second)<\/td>\n<\/tr>\n<tr>\n<td><strong>Operating System<\/strong><\/td>\n<td>\u00a0Microsoft\u00ae Windows\u00ae Embedded CE 6.0<\/td>\n<\/tr>\n<tr>\n<td><strong>Connection<\/strong><\/td>\n<td>IEEE 802.11 a\/b\/g\/n. Dual band WLAN, supports 2.4 GHz and 5 GHz networks,3G,Bluetooth 4.2,\u00a0USB 2.0 via micro USB connector<br \/>\nDesktop charger provides USB connectivity via micro USB connector<\/td>\n<\/tr>\n<tr>\n<td><strong>Memory\u00a0<\/strong><\/td>\n<td>256 MB DDR RAM<br \/>\n288 MB Flash (256 MB user accessible)<br \/>\nmicroSD card slot (SDHC compatible)<\/td>\n<\/tr>\n<tr>\n<td><strong>Battery<\/strong><\/td>\n<td>Rechargeable, removable Lithium-Ion battery pack 2600 mAh @ 7.26V<br \/>\n5200 mAh @ 7.26V with pistol grip<br \/>\nUp to 30 h in intensive use (standard battery-<\/td>\n<\/tr>\n<tr>\n<td><strong>Screen<\/strong><\/td>\n<td>3,5\u2033 QVGA touch screen, 240 x 320 pixels, 262k colours<br \/>\nAdjustable LED backlight, Daylight readable<\/td>\n<\/tr>\n<tr>\n<td><strong>IP S\u0131n\u0131f\u0131<\/strong><\/td>\n<td>IP54<\/td>\n<\/tr>\n<tr>\n<td><strong>Operating Temperature<\/strong><\/td>\n<td>Operating:-20\u00b0 to +55 \u00b0C<br \/>\nStorage: -20\u00b0 to +60 \u00b0C<br \/>\nCharging :0\u00b0 to +45 \u00b0C<\/td>\n<\/tr>\n<tr>\n<td><strong>Drop Test<\/strong><\/td>\n<td>1.6 m<\/td>\n<\/tr>\n<tr>\n<td><strong>Brand<br \/>\n<\/strong><\/td>\n<td><a href=\"\/marka\/nordic-id\/\"><img decoding=\"async\" src=\"http:\/\/www.test.rfiddepo.com\/wp-content\/uploads\/2025\/10\/Nordic_ID_Logo-700x157-1-300x67.png\" alt=\"\" width=\"300\" height=\"67\" class=\"alignnone size-medium wp-image-148167\" srcset=\"https:\/\/rfiddepo.com\/wp-content\/uploads\/2025\/10\/Nordic_ID_Logo-700x157-1-300x67.png 300w, https:\/\/rfiddepo.com\/wp-content\/uploads\/2025\/10\/Nordic_ID_Logo-700x157-1-600x135.png 600w, https:\/\/rfiddepo.com\/wp-content\/uploads\/2025\/10\/Nordic_ID_Logo-700x157-1.png 700w\" sizes=\"(max-width: 300px) 100vw, 300px\" \/><\/a><\/td>\n<\/tr>\n<\/tbody>\n<\/table>\n<h2 style=\"font-size: 25px;\">Nordic ID Merlin UHF RFID Handheld Terminal<\/h2>\n<p>The Nordic ID Merlin UHF RFID Handheld Terminal is the best in its class as a robust and high-performance device. With its future-oriented design, it offers an excellent solution for professional use. Ideal for various areas in manufacturing and commercial applications, this handheld terminal stands out for its quality and reliable performance. With its ability to operate all day on a single charge and its ergonomic design, it is easy to carry and provides superior functionality.<\/p>\n<h3 style=\"font-size: 25px;\">Key Features<\/h3>\n<ul>\n<li>High performance and durability<\/li>\n<li>Ergonomic design and long battery life<\/li>\n<li>Ideal for production and commercial applications<\/li>\n<li>Flexible design and communication options for different needs<\/li>\n<\/ul>\n<h3 style=\"font-size: 25px;\">Nordic ID Merlin Series<\/h3>\n<p>The Nordic ID Merlin UHF RFID Handheld Terminal is designed to meet the diverse needs of customers with its various models. The series includes: Nordic ID Merlin UHF RFID Cross Dipole, Nordic ID Merlin UHF RFID, Nordic ID Merlin HF RFID Blade, Nordic ID Merlin HF RFID, and Nordic ID Merlin. Each model adapts to various application areas with its flexible design and diverse communication options.<\/p>","protected":false},"excerpt":{"rendered":"<p>Nordic ID Merlin is the best in its class, a robust, high-performance RFID handheld terminal designed for the future and ideal for professional use. It is the perfect solution for various applications in manufacturing and commercial settings. It delivers quality and reliability and operates all day on a single charge. With its ergonomic design, it fits comfortably in your hand and is a valuable device with superior functionality. The Nordic ID Merlin series includes: Nordic ID Merlin UHF RFID Cross Dipole, Nordic ID Merlin UHF RFID, Nordic ID Merlin HF RFID Blade, Nordic ID Merlin HF RFID, and Nordic ID Merlin. To meet the diverse needs of our customers (such as communication options and organizations), all handheld terminals feature a flexible design.<\/p>\n<div class=\"datasheet\"><a href=\"\/wp-content\/uploads\/2025\/09\/nordic-id-merlin_datasheet_eu_v1017.pdf\" target=\"_blank\" class=\"datasheet-btn\" rel=\"noopener\"><br \/>\n\ud83d\udcc4 Datasheet<br \/>\n<\/a><\/div>","protected":false},"featured_media":147521,"comment_status":"closed","ping_status":"closed","template":"","meta":{"_monsterinsights_skip_tracking":false,"_monsterinsights_sitenote_active":false,"_monsterinsights_sitenote_note":"","_monsterinsights_sitenote_category":0},"product_brand":[249],"product_cat":[63],"product_tag":[189,199,191,192,193,194,195,196],"class_list":{"0":"post-147484","1":"product","2":"type-product","3":"status-publish","4":"has-post-thumbnail","6":"product_brand-nordic-id","7":"product_cat-rfid-el-terminali","8":"product_tag-nordic-id-el-terminali","9":"product_tag-nordic-id-merlin-uhf-okuyucu","10":"product_tag-nordic-rfid-el-terminali","11":"product_tag-nordicid","12":"product_tag-rfid-el-terminali","13":"product_tag-rfid-mobil-okuyucu","14":"product_tag-rfid-mobil-reader","15":"product_tag-uhf-rfid-el-terminali","17":"first","18":"instock","19":"shipping-taxable","20":"purchasable","21":"product-type-simple"},"yoast_head":"<!-- This site is optimized with the Yoast SEO plugin v26.6 - https:\/\/yoast.com\/wordpress\/plugins\/seo\/ -->\n<title>NORDIC ID MERLIN UHF RFID El Terminali - RFID Depo<\/title>\n<meta name=\"description\" content=\"Nordic ID Merlin UHF RFID El Terminali, y\u00fcksek performans, ergonomik tasarim ve uzun batarya \u00f6mr\u00fc sunar. \u00dcretim ve ticari uygulamalar i\u00e7in ideal \u00e7\u00f6z\u00fcmd\u00fcr.\" \/>\n<meta name=\"robots\" content=\"index, follow, max-snippet:-1, max-image-preview:large, max-video-preview:-1\" \/>\n<link rel=\"canonical\" href=\"https:\/\/rfiddepo.com\/en\/urunlerimiz\/nordic-id-merlin-uhf-rfid-el-terminali\/\" \/>\n<meta property=\"og:locale\" content=\"en_US\" \/>\n<meta property=\"og:type\" content=\"article\" \/>\n<meta property=\"og:title\" content=\"NORDIC ID MERLIN UHF RFID El Terminali - RFID Depo\" \/>\n<meta property=\"og:description\" content=\"Nordic ID Merlin UHF RFID El Terminali, y\u00fcksek performans, ergonomik tasarim ve uzun batarya \u00f6mr\u00fc sunar. \u00dcretim ve ticari uygulamalar i\u00e7in ideal \u00e7\u00f6z\u00fcmd\u00fcr.\" \/>\n<meta property=\"og:url\" content=\"https:\/\/rfiddepo.com\/en\/urunlerimiz\/nordic-id-merlin-uhf-rfid-el-terminali\/\" \/>\n<meta property=\"og:site_name\" content=\"RFID Depo\" \/>\n<meta property=\"article:modified_time\" content=\"2025-10-14T17:15:26+00:00\" \/>\n<meta property=\"og:image\" content=\"https:\/\/rfiddepo.com\/wp-content\/uploads\/2020\/05\/Nordic-ID-Medea-RFID-El-Terminali-Barkod.jpg\" \/>\n\t<meta property=\"og:image:width\" content=\"555\" \/>\n\t<meta property=\"og:image:height\" content=\"555\" \/>\n\t<meta property=\"og:image:type\" content=\"image\/jpeg\" \/>\n<meta name=\"twitter:card\" content=\"summary_large_image\" \/>\n<meta name=\"twitter:label1\" content=\"Est. reading time\" \/>\n\t<meta name=\"twitter:data1\" content=\"2 minutes\" \/>\n<script type=\"application\/ld+json\" class=\"yoast-schema-graph\">{\"@context\":\"https:\/\/schema.org\",\"@graph\":[{\"@type\":\"WebPage\",\"@id\":\"https:\/\/rfiddepo.com\/en\/urunlerimiz\/nordic-id-merlin-uhf-rfid-el-terminali\/\",\"url\":\"https:\/\/rfiddepo.com\/en\/urunlerimiz\/nordic-id-merlin-uhf-rfid-el-terminali\/\",\"name\":\"NORDIC ID MERLIN UHF RFID El Terminali - RFID Depo\",\"isPartOf\":{\"@id\":\"https:\/\/rfiddepo.com\/en\/#website\"},\"primaryImageOfPage\":{\"@id\":\"https:\/\/rfiddepo.com\/en\/urunlerimiz\/nordic-id-merlin-uhf-rfid-el-terminali\/#primaryimage\"},\"image\":{\"@id\":\"https:\/\/rfiddepo.com\/en\/urunlerimiz\/nordic-id-merlin-uhf-rfid-el-terminali\/#primaryimage\"},\"thumbnailUrl\":\"https:\/\/rfiddepo.com\/wp-content\/uploads\/2020\/05\/Nordic-ID-Medea-RFID-El-Terminali-Barkod.jpg\",\"datePublished\":\"2020-05-03T23:52:33+00:00\",\"dateModified\":\"2025-10-14T17:15:26+00:00\",\"description\":\"Nordic ID Merlin UHF RFID El Terminali, y\u00fcksek performans, ergonomik tasarim ve uzun batarya \u00f6mr\u00fc sunar. \u00dcretim ve ticari uygulamalar i\u00e7in ideal \u00e7\u00f6z\u00fcmd\u00fcr.\",\"breadcrumb\":{\"@id\":\"https:\/\/rfiddepo.com\/en\/urunlerimiz\/nordic-id-merlin-uhf-rfid-el-terminali\/#breadcrumb\"},\"inLanguage\":\"en-US\",\"potentialAction\":[{\"@type\":\"ReadAction\",\"target\":[\"https:\/\/rfiddepo.com\/en\/urunlerimiz\/nordic-id-merlin-uhf-rfid-el-terminali\/\"]}]},{\"@type\":\"ImageObject\",\"inLanguage\":\"en-US\",\"@id\":\"https:\/\/rfiddepo.com\/en\/urunlerimiz\/nordic-id-merlin-uhf-rfid-el-terminali\/#primaryimage\",\"url\":\"https:\/\/rfiddepo.com\/wp-content\/uploads\/2020\/05\/Nordic-ID-Medea-RFID-El-Terminali-Barkod.jpg\",\"contentUrl\":\"https:\/\/rfiddepo.com\/wp-content\/uploads\/2020\/05\/Nordic-ID-Medea-RFID-El-Terminali-Barkod.jpg\",\"width\":555,\"height\":555},{\"@type\":\"BreadcrumbList\",\"@id\":\"https:\/\/rfiddepo.com\/en\/urunlerimiz\/nordic-id-merlin-uhf-rfid-el-terminali\/#breadcrumb\",\"itemListElement\":[{\"@type\":\"ListItem\",\"position\":1,\"name\":\"Anasayfa\",\"item\":\"https:\/\/rfiddepo.com\/en\/\"},{\"@type\":\"ListItem\",\"position\":2,\"name\":\"Urunler\",\"item\":\"https:\/\/rfiddepo.com\/urunler\/\"},{\"@type\":\"ListItem\",\"position\":3,\"name\":\"NORDIC ID MERLIN UHF RFID El Terminali\"}]},{\"@type\":\"WebSite\",\"@id\":\"https:\/\/rfiddepo.com\/en\/#website\",\"url\":\"https:\/\/rfiddepo.com\/en\/\",\"name\":\"RFID Depo\",\"description\":\"\",\"publisher\":{\"@id\":\"https:\/\/rfiddepo.com\/en\/#organization\"},\"potentialAction\":[{\"@type\":\"SearchAction\",\"target\":{\"@type\":\"EntryPoint\",\"urlTemplate\":\"https:\/\/rfiddepo.com\/en\/?s={search_term_string}\"},\"query-input\":{\"@type\":\"PropertyValueSpecification\",\"valueRequired\":true,\"valueName\":\"search_term_string\"}}],\"inLanguage\":\"en-US\"},{\"@type\":\"Organization\",\"@id\":\"https:\/\/rfiddepo.com\/en\/#organization\",\"name\":\"%%sitename%%\",\"url\":\"https:\/\/rfiddepo.com\/en\/\",\"logo\":{\"@type\":\"ImageObject\",\"inLanguage\":\"en-US\",\"@id\":\"https:\/\/rfiddepo.com\/en\/#\/schema\/logo\/image\/\",\"url\":\"https:\/\/rfiddepo.com\/wp-content\/uploads\/2025\/09\/rfiddepo-logo.png\",\"contentUrl\":\"https:\/\/rfiddepo.com\/wp-content\/uploads\/2025\/09\/rfiddepo-logo.png\",\"width\":500,\"height\":106,\"caption\":\"%%sitename%%\"},\"image\":{\"@id\":\"https:\/\/rfiddepo.com\/en\/#\/schema\/logo\/image\/\"}}]}<\/script>\n<!-- \/ Yoast SEO plugin. -->","yoast_head_json":{"title":"NORDIC ID MERLIN UHF RFID El Terminali - RFID Depo","description":"Nordic ID Merlin UHF RFID El Terminali, y\u00fcksek performans, ergonomik tasarim ve uzun batarya \u00f6mr\u00fc sunar. \u00dcretim ve ticari uygulamalar i\u00e7in ideal \u00e7\u00f6z\u00fcmd\u00fcr.","robots":{"index":"index","follow":"follow","max-snippet":"max-snippet:-1","max-image-preview":"max-image-preview:large","max-video-preview":"max-video-preview:-1"},"canonical":"https:\/\/rfiddepo.com\/en\/urunlerimiz\/nordic-id-merlin-uhf-rfid-el-terminali\/","og_locale":"en_US","og_type":"article","og_title":"NORDIC ID MERLIN UHF RFID El Terminali - RFID Depo","og_description":"Nordic ID Merlin UHF RFID El Terminali, y\u00fcksek performans, ergonomik tasarim ve uzun batarya \u00f6mr\u00fc sunar. \u00dcretim ve ticari uygulamalar i\u00e7in ideal \u00e7\u00f6z\u00fcmd\u00fcr.","og_url":"https:\/\/rfiddepo.com\/en\/urunlerimiz\/nordic-id-merlin-uhf-rfid-el-terminali\/","og_site_name":"RFID Depo","article_modified_time":"2025-10-14T17:15:26+00:00","og_image":[{"width":555,"height":555,"url":"https:\/\/rfiddepo.com\/wp-content\/uploads\/2020\/05\/Nordic-ID-Medea-RFID-El-Terminali-Barkod.jpg","type":"image\/jpeg"}],"twitter_card":"summary_large_image","twitter_misc":{"Est. reading time":"2 minutes"},"schema":{"@context":"https:\/\/schema.org","@graph":[{"@type":"WebPage","@id":"https:\/\/rfiddepo.com\/en\/urunlerimiz\/nordic-id-merlin-uhf-rfid-el-terminali\/","url":"https:\/\/rfiddepo.com\/en\/urunlerimiz\/nordic-id-merlin-uhf-rfid-el-terminali\/","name":"NORDIC ID MERLIN UHF RFID El Terminali - RFID Depo","isPartOf":{"@id":"https:\/\/rfiddepo.com\/en\/#website"},"primaryImageOfPage":{"@id":"https:\/\/rfiddepo.com\/en\/urunlerimiz\/nordic-id-merlin-uhf-rfid-el-terminali\/#primaryimage"},"image":{"@id":"https:\/\/rfiddepo.com\/en\/urunlerimiz\/nordic-id-merlin-uhf-rfid-el-terminali\/#primaryimage"},"thumbnailUrl":"https:\/\/rfiddepo.com\/wp-content\/uploads\/2020\/05\/Nordic-ID-Medea-RFID-El-Terminali-Barkod.jpg","datePublished":"2020-05-03T23:52:33+00:00","dateModified":"2025-10-14T17:15:26+00:00","description":"Nordic ID Merlin UHF RFID El Terminali, y\u00fcksek performans, ergonomik tasarim ve uzun batarya \u00f6mr\u00fc sunar. \u00dcretim ve ticari uygulamalar i\u00e7in ideal \u00e7\u00f6z\u00fcmd\u00fcr.","breadcrumb":{"@id":"https:\/\/rfiddepo.com\/en\/urunlerimiz\/nordic-id-merlin-uhf-rfid-el-terminali\/#breadcrumb"},"inLanguage":"en-US","potentialAction":[{"@type":"ReadAction","target":["https:\/\/rfiddepo.com\/en\/urunlerimiz\/nordic-id-merlin-uhf-rfid-el-terminali\/"]}]},{"@type":"ImageObject","inLanguage":"en-US","@id":"https:\/\/rfiddepo.com\/en\/urunlerimiz\/nordic-id-merlin-uhf-rfid-el-terminali\/#primaryimage","url":"https:\/\/rfiddepo.com\/wp-content\/uploads\/2020\/05\/Nordic-ID-Medea-RFID-El-Terminali-Barkod.jpg","contentUrl":"https:\/\/rfiddepo.com\/wp-content\/uploads\/2020\/05\/Nordic-ID-Medea-RFID-El-Terminali-Barkod.jpg","width":555,"height":555},{"@type":"BreadcrumbList","@id":"https:\/\/rfiddepo.com\/en\/urunlerimiz\/nordic-id-merlin-uhf-rfid-el-terminali\/#breadcrumb","itemListElement":[{"@type":"ListItem","position":1,"name":"Anasayfa","item":"https:\/\/rfiddepo.com\/en\/"},{"@type":"ListItem","position":2,"name":"Urunler","item":"https:\/\/rfiddepo.com\/urunler\/"},{"@type":"ListItem","position":3,"name":"NORDIC ID MERLIN UHF RFID El Terminali"}]},{"@type":"WebSite","@id":"https:\/\/rfiddepo.com\/en\/#website","url":"https:\/\/rfiddepo.com\/en\/","name":"RFID Depo","description":"","publisher":{"@id":"https:\/\/rfiddepo.com\/en\/#organization"},"potentialAction":[{"@type":"SearchAction","target":{"@type":"EntryPoint","urlTemplate":"https:\/\/rfiddepo.com\/en\/?s={search_term_string}"},"query-input":{"@type":"PropertyValueSpecification","valueRequired":true,"valueName":"search_term_string"}}],"inLanguage":"en-US"},{"@type":"Organization","@id":"https:\/\/rfiddepo.com\/en\/#organization","name":"%%sitename%%","url":"https:\/\/rfiddepo.com\/en\/","logo":{"@type":"ImageObject","inLanguage":"en-US","@id":"https:\/\/rfiddepo.com\/en\/#\/schema\/logo\/image\/","url":"https:\/\/rfiddepo.com\/wp-content\/uploads\/2025\/09\/rfiddepo-logo.png","contentUrl":"https:\/\/rfiddepo.com\/wp-content\/uploads\/2025\/09\/rfiddepo-logo.png","width":500,"height":106,"caption":"%%sitename%%"},"image":{"@id":"https:\/\/rfiddepo.com\/en\/#\/schema\/logo\/image\/"}}]}},"_links":{"self":[{"href":"https:\/\/rfiddepo.com\/en\/wp-json\/wp\/v2\/product\/147484","targetHints":{"allow":["GET"]}}],"collection":[{"href":"https:\/\/rfiddepo.com\/en\/wp-json\/wp\/v2\/product"}],"about":[{"href":"https:\/\/rfiddepo.com\/en\/wp-json\/wp\/v2\/types\/product"}],"replies":[{"embeddable":true,"href":"https:\/\/rfiddepo.com\/en\/wp-json\/wp\/v2\/comments?post=147484"}],"wp:featuredmedia":[{"embeddable":true,"href":"https:\/\/rfiddepo.com\/en\/wp-json\/wp\/v2\/media\/147521"}],"wp:attachment":[{"href":"https:\/\/rfiddepo.com\/en\/wp-json\/wp\/v2\/media?parent=147484"}],"wp:term":[{"taxonomy":"product_brand","embeddable":true,"href":"https:\/\/rfiddepo.com\/en\/wp-json\/wp\/v2\/product_brand?post=147484"},{"taxonomy":"product_cat","embeddable":true,"href":"https:\/\/rfiddepo.com\/en\/wp-json\/wp\/v2\/product_cat?post=147484"},{"taxonomy":"product_tag","embeddable":true,"href":"https:\/\/rfiddepo.com\/en\/wp-json\/wp\/v2\/product_tag?post=147484"}],"curies":[{"name":"wp","href":"https:\/\/api.w.org\/{rel}","templated":true}]}}