{"id":147483,"date":"2020-05-03T23:56:37","date_gmt":"2020-05-03T23:56:37","guid":{"rendered":"http:\/\/www.test.rfiddepo.com\/?post_type=product&#038;p=147483"},"modified":"2025-10-14T17:16:49","modified_gmt":"2025-10-14T17:16:49","slug":"nordic-id-hh53-uhf-rfid-el-terminali","status":"publish","type":"product","link":"https:\/\/rfiddepo.com\/en\/urunlerimiz\/nordic-id-hh53-uhf-rfid-el-terminali\/","title":{"rendered":"NORDIC ID HH53 UHF RFID Handheld Terminal"},"content":{"rendered":"<table class=\"blueTable\">\n<tbody>\n<tr>\n<td><strong>Product Name<\/strong><\/td>\n<td>NORDIC ID HH53 UHF RFID Handheld Terminal<\/td>\n<\/tr>\n<tr>\n<td><strong>Operating Frequency<\/strong><\/td>\n<td>ETSI 865.6\u2013867.6 MHz or FCC\/IC 902\u2013928 MHz-<\/td>\n<\/tr>\n<tr>\n<td><strong>Dimensions<\/strong><\/td>\n<td>\u00a0(H) 196 x (W) 83\/91 x (D) 21\/135 mm<\/td>\n<\/tr>\n<tr>\n<td><strong>Weight<\/strong><\/td>\n<td>\u00a0550 g.<\/td>\n<\/tr>\n<tr>\n<td><strong>Taray\u0131c\u0131<\/strong><\/td>\n<td>\n<div class=\"spec-content\">\n<p>1D\/2D<\/p>\n<\/div>\n<\/td>\n<\/tr>\n<tr>\n<td><strong>RF Power<\/strong><\/td>\n<td>ERP 2W \/ EIRP 3.3W<\/td>\n<\/tr>\n<tr>\n<td><strong>Max. Okuma Mesafesi<\/strong><\/td>\n<td>Linear polarization mode 10 m, circular<br \/>\npolarization mode 6 m, proximity mode, read range down to 1 cm\/0.4 inch<\/td>\n<\/tr>\n<tr>\n<td><strong>Reading Speed<\/strong><\/td>\n<td>Up to 1000 tags per second<\/td>\n<\/tr>\n<tr>\n<td><strong>Operating System<\/strong><\/td>\n<td>\u00a0Android 6.0<\/td>\n<\/tr>\n<tr>\n<td><strong>Connection<\/strong><\/td>\n<td>IEEE 802.11 a\/b\/g\/n. Dual band WLAN, supports 2.4 GHz and 5 GHz networks,3G,Bluetooth 4.2,\u00a0USB 2.0 via micro USB connector<br \/>\nDesktop charger provides USB connectivity via micro USB connector<\/td>\n<\/tr>\n<tr>\n<td><strong>Memory\u00a0<\/strong><\/td>\n<td>1 GB RAM,8 GB Flash<\/td>\n<\/tr>\n<tr>\n<td><strong>Battery<\/strong><\/td>\n<td>Rechargeable, removable Lithium-Ion battery 7000 mAh, 3.7V<br \/>\nUp to 12h in intensive use,<\/td>\n<\/tr>\n<tr>\n<td><strong>Screen<\/strong><\/td>\n<td>4,3\u2033 WVGA capacitive touch screen, 800 x 480 pixels, 262k colors<br \/>\nAdjustable LED backlight, Daylight readable (Blanview), Gorilla glass 2<\/td>\n<\/tr>\n<tr>\n<td><strong>IP S\u0131n\u0131f\u0131<\/strong><\/td>\n<td>IP54<\/td>\n<\/tr>\n<tr>\n<td><strong>Operating Temperature<\/strong><\/td>\n<td>Operating:20\u00b0 to +55 \u00b0C<br \/>\nStorage: -20\u00b0 to +60 \u00b0C<br \/>\nCharging :0\u00b0 to +45 \u00b0C<\/td>\n<\/tr>\n<tr>\n<td><strong>Drop Test<\/strong><\/td>\n<td>1.2 m<\/td>\n<\/tr>\n<tr>\n<td><strong>Brand<br \/>\n<\/strong><\/td>\n<td><a href=\"\/marka\/nordic-id\/\"><img decoding=\"async\" src=\"http:\/\/www.test.rfiddepo.com\/wp-content\/uploads\/2025\/10\/Nordic_ID_Logo-700x157-1-300x67.png\" alt=\"\" width=\"300\" height=\"67\" class=\"alignnone size-medium wp-image-148167\" srcset=\"https:\/\/rfiddepo.com\/wp-content\/uploads\/2025\/10\/Nordic_ID_Logo-700x157-1-300x67.png 300w, https:\/\/rfiddepo.com\/wp-content\/uploads\/2025\/10\/Nordic_ID_Logo-700x157-1-600x135.png 600w, https:\/\/rfiddepo.com\/wp-content\/uploads\/2025\/10\/Nordic_ID_Logo-700x157-1.png 700w\" sizes=\"(max-width: 300px) 100vw, 300px\" \/><\/a><\/td>\n<\/tr>\n<\/tbody>\n<\/table>\n<h2>Nordic ID HH53 UHF RFID Handheld Terminal<\/h2>\n<p>The Nordic ID HH53 UHF RFID Handheld Terminal is a device designed for superior RFID performance. Thanks to its built-in adaptive Cross Dipole antenna, it optimizes short and long-range reads and maximizes inventory speed. It is an ideal solution for demanding tasks and situations where specific tags need to be located. The ergonomic pistol grip design and high-capacity battery ensure the device can be used comfortably for longer than a full workday.<\/p>\n<h3>Key Features<\/h3>\n<ul>\n<li>Superior performance with Adaptive Cross Dipole antenna<\/li>\n<li>Optimizes short and long-range readings<\/li>\n<li>Ergonomic pistol grip design<\/li>\n<li>Long-lasting use with a high-capacity battery<\/li>\n<\/ul>\n<h3>RFID Handheld Terminals and Solutions<\/h3>\n<p>The Nordic ID HH53 UHF RFID Handheld Terminal delivers high performance and reliability for demanding RFID tasks. With adaptive antenna features, ergonomic design, and long battery life, it makes inventory management and tag finding processes more efficient.<\/p>","protected":false},"excerpt":{"rendered":"<p>The Nordic ID UHF RFID Adaptive Cross Dipole One series is specifically designed for tasks requiring superior RFID performance. The built-in adaptive Cross Dipole antenna allows fine-tuning of reading for specific use cases\u2014such as finding a specific tag\u2014to maximize inventory speed or for short- or long-range reads. The ergonomic and balanced pistol grip and high-capacity battery allow you to comfortably operate the device for longer than a full workday.<\/p>\n<div class=\"datasheet\"><a href=\"\/wp-content\/uploads\/2025\/09\/nordic_id_hh53_datasheet.pdf\" target=\"_blank\" class=\"datasheet-btn\" rel=\"noopener\"><br \/>\n\ud83d\udcc4 Datasheet<br \/>\n<\/a><\/div>","protected":false},"featured_media":147518,"comment_status":"closed","ping_status":"closed","template":"","meta":{"_monsterinsights_skip_tracking":false,"_monsterinsights_sitenote_active":false,"_monsterinsights_sitenote_note":"","_monsterinsights_sitenote_category":0},"product_brand":[249],"product_cat":[63],"product_tag":[197,198,189,190,191,192,193,194,195,196],"class_list":{"0":"post-147483","1":"product","2":"type-product","3":"status-publish","4":"has-post-thumbnail","6":"product_brand-nordic-id","7":"product_cat-rfid-el-terminali","8":"product_tag-android-el-terminali","9":"product_tag-nordic-android-el-terminali","10":"product_tag-nordic-id-el-terminali","11":"product_tag-nordic-id-medea-uhf-okuyucu","12":"product_tag-nordic-rfid-el-terminali","13":"product_tag-nordicid","14":"product_tag-rfid-el-terminali","15":"product_tag-rfid-mobil-okuyucu","16":"product_tag-rfid-mobil-reader","17":"product_tag-uhf-rfid-el-terminali","19":"first","20":"instock","21":"shipping-taxable","22":"purchasable","23":"product-type-simple"},"yoast_head":"<!-- This site is optimized with the Yoast SEO plugin v26.6 - https:\/\/yoast.com\/wordpress\/plugins\/seo\/ -->\n<title>NORDIC ID HH53 UHF RFID El Terminali - RFID Depo<\/title>\n<meta name=\"description\" content=\"Nordic ID HH53 UHF RFID El Terminali, adaptif Cross Dipole anteni ile \u00fcst\u00fcn performans ve uzun menzil okumalari saglar. Ergonomik tasarimi ve y\u00fcksek kapasiteli pili ile t\u00fcm g\u00fcn rahat\u00e7a kullanilabilir.\" \/>\n<meta name=\"robots\" content=\"index, follow, max-snippet:-1, max-image-preview:large, max-video-preview:-1\" \/>\n<link rel=\"canonical\" href=\"https:\/\/rfiddepo.com\/en\/urunlerimiz\/nordic-id-hh53-uhf-rfid-el-terminali\/\" \/>\n<meta property=\"og:locale\" content=\"en_US\" \/>\n<meta property=\"og:type\" content=\"article\" \/>\n<meta property=\"og:title\" content=\"NORDIC ID HH53 UHF RFID El Terminali - RFID Depo\" \/>\n<meta property=\"og:description\" content=\"Nordic ID HH53 UHF RFID El Terminali, adaptif Cross Dipole anteni ile \u00fcst\u00fcn performans ve uzun menzil okumalari saglar. Ergonomik tasarimi ve y\u00fcksek kapasiteli pili ile t\u00fcm g\u00fcn rahat\u00e7a kullanilabilir.\" \/>\n<meta property=\"og:url\" content=\"https:\/\/rfiddepo.com\/en\/urunlerimiz\/nordic-id-hh53-uhf-rfid-el-terminali\/\" \/>\n<meta property=\"og:site_name\" content=\"RFID Depo\" \/>\n<meta property=\"article:modified_time\" content=\"2025-10-14T17:16:49+00:00\" \/>\n<meta property=\"og:image\" content=\"https:\/\/rfiddepo.com\/wp-content\/uploads\/2020\/05\/xxl_RFIDreaderNordicIDHH53ACD.webp\" \/>\n\t<meta property=\"og:image:width\" content=\"520\" \/>\n\t<meta property=\"og:image:height\" content=\"520\" \/>\n\t<meta property=\"og:image:type\" content=\"image\/webp\" \/>\n<meta name=\"twitter:card\" content=\"summary_large_image\" \/>\n<meta name=\"twitter:label1\" content=\"Est. reading time\" \/>\n\t<meta name=\"twitter:data1\" content=\"2 minutes\" \/>\n<script type=\"application\/ld+json\" class=\"yoast-schema-graph\">{\"@context\":\"https:\/\/schema.org\",\"@graph\":[{\"@type\":\"WebPage\",\"@id\":\"https:\/\/rfiddepo.com\/en\/urunlerimiz\/nordic-id-hh53-uhf-rfid-el-terminali\/\",\"url\":\"https:\/\/rfiddepo.com\/en\/urunlerimiz\/nordic-id-hh53-uhf-rfid-el-terminali\/\",\"name\":\"NORDIC ID HH53 UHF RFID El Terminali - RFID Depo\",\"isPartOf\":{\"@id\":\"https:\/\/rfiddepo.com\/en\/#website\"},\"primaryImageOfPage\":{\"@id\":\"https:\/\/rfiddepo.com\/en\/urunlerimiz\/nordic-id-hh53-uhf-rfid-el-terminali\/#primaryimage\"},\"image\":{\"@id\":\"https:\/\/rfiddepo.com\/en\/urunlerimiz\/nordic-id-hh53-uhf-rfid-el-terminali\/#primaryimage\"},\"thumbnailUrl\":\"https:\/\/rfiddepo.com\/wp-content\/uploads\/2020\/05\/xxl_RFIDreaderNordicIDHH53ACD.webp\",\"datePublished\":\"2020-05-03T23:56:37+00:00\",\"dateModified\":\"2025-10-14T17:16:49+00:00\",\"description\":\"Nordic ID HH53 UHF RFID El Terminali, adaptif Cross Dipole anteni ile \u00fcst\u00fcn performans ve uzun menzil okumalari saglar. Ergonomik tasarimi ve y\u00fcksek kapasiteli pili ile t\u00fcm g\u00fcn rahat\u00e7a kullanilabilir.\",\"breadcrumb\":{\"@id\":\"https:\/\/rfiddepo.com\/en\/urunlerimiz\/nordic-id-hh53-uhf-rfid-el-terminali\/#breadcrumb\"},\"inLanguage\":\"en-US\",\"potentialAction\":[{\"@type\":\"ReadAction\",\"target\":[\"https:\/\/rfiddepo.com\/en\/urunlerimiz\/nordic-id-hh53-uhf-rfid-el-terminali\/\"]}]},{\"@type\":\"ImageObject\",\"inLanguage\":\"en-US\",\"@id\":\"https:\/\/rfiddepo.com\/en\/urunlerimiz\/nordic-id-hh53-uhf-rfid-el-terminali\/#primaryimage\",\"url\":\"https:\/\/rfiddepo.com\/wp-content\/uploads\/2020\/05\/xxl_RFIDreaderNordicIDHH53ACD.webp\",\"contentUrl\":\"https:\/\/rfiddepo.com\/wp-content\/uploads\/2020\/05\/xxl_RFIDreaderNordicIDHH53ACD.webp\",\"width\":520,\"height\":520},{\"@type\":\"BreadcrumbList\",\"@id\":\"https:\/\/rfiddepo.com\/en\/urunlerimiz\/nordic-id-hh53-uhf-rfid-el-terminali\/#breadcrumb\",\"itemListElement\":[{\"@type\":\"ListItem\",\"position\":1,\"name\":\"Anasayfa\",\"item\":\"https:\/\/rfiddepo.com\/en\/\"},{\"@type\":\"ListItem\",\"position\":2,\"name\":\"Urunler\",\"item\":\"https:\/\/rfiddepo.com\/urunler\/\"},{\"@type\":\"ListItem\",\"position\":3,\"name\":\"NORDIC ID HH53 UHF RFID El Terminali\"}]},{\"@type\":\"WebSite\",\"@id\":\"https:\/\/rfiddepo.com\/en\/#website\",\"url\":\"https:\/\/rfiddepo.com\/en\/\",\"name\":\"RFID Depo\",\"description\":\"\",\"publisher\":{\"@id\":\"https:\/\/rfiddepo.com\/en\/#organization\"},\"potentialAction\":[{\"@type\":\"SearchAction\",\"target\":{\"@type\":\"EntryPoint\",\"urlTemplate\":\"https:\/\/rfiddepo.com\/en\/?s={search_term_string}\"},\"query-input\":{\"@type\":\"PropertyValueSpecification\",\"valueRequired\":true,\"valueName\":\"search_term_string\"}}],\"inLanguage\":\"en-US\"},{\"@type\":\"Organization\",\"@id\":\"https:\/\/rfiddepo.com\/en\/#organization\",\"name\":\"%%sitename%%\",\"url\":\"https:\/\/rfiddepo.com\/en\/\",\"logo\":{\"@type\":\"ImageObject\",\"inLanguage\":\"en-US\",\"@id\":\"https:\/\/rfiddepo.com\/en\/#\/schema\/logo\/image\/\",\"url\":\"https:\/\/rfiddepo.com\/wp-content\/uploads\/2025\/09\/rfiddepo-logo.png\",\"contentUrl\":\"https:\/\/rfiddepo.com\/wp-content\/uploads\/2025\/09\/rfiddepo-logo.png\",\"width\":500,\"height\":106,\"caption\":\"%%sitename%%\"},\"image\":{\"@id\":\"https:\/\/rfiddepo.com\/en\/#\/schema\/logo\/image\/\"}}]}<\/script>\n<!-- \/ Yoast SEO plugin. -->","yoast_head_json":{"title":"NORDIC ID HH53 UHF RFID El Terminali - RFID Depo","description":"Nordic ID HH53 UHF RFID El Terminali, adaptif Cross Dipole anteni ile \u00fcst\u00fcn performans ve uzun menzil okumalari saglar. Ergonomik tasarimi ve y\u00fcksek kapasiteli pili ile t\u00fcm g\u00fcn rahat\u00e7a kullanilabilir.","robots":{"index":"index","follow":"follow","max-snippet":"max-snippet:-1","max-image-preview":"max-image-preview:large","max-video-preview":"max-video-preview:-1"},"canonical":"https:\/\/rfiddepo.com\/en\/urunlerimiz\/nordic-id-hh53-uhf-rfid-el-terminali\/","og_locale":"en_US","og_type":"article","og_title":"NORDIC ID HH53 UHF RFID El Terminali - RFID Depo","og_description":"Nordic ID HH53 UHF RFID El Terminali, adaptif Cross Dipole anteni ile \u00fcst\u00fcn performans ve uzun menzil okumalari saglar. Ergonomik tasarimi ve y\u00fcksek kapasiteli pili ile t\u00fcm g\u00fcn rahat\u00e7a kullanilabilir.","og_url":"https:\/\/rfiddepo.com\/en\/urunlerimiz\/nordic-id-hh53-uhf-rfid-el-terminali\/","og_site_name":"RFID Depo","article_modified_time":"2025-10-14T17:16:49+00:00","og_image":[{"width":520,"height":520,"url":"https:\/\/rfiddepo.com\/wp-content\/uploads\/2020\/05\/xxl_RFIDreaderNordicIDHH53ACD.webp","type":"image\/webp"}],"twitter_card":"summary_large_image","twitter_misc":{"Est. reading time":"2 minutes"},"schema":{"@context":"https:\/\/schema.org","@graph":[{"@type":"WebPage","@id":"https:\/\/rfiddepo.com\/en\/urunlerimiz\/nordic-id-hh53-uhf-rfid-el-terminali\/","url":"https:\/\/rfiddepo.com\/en\/urunlerimiz\/nordic-id-hh53-uhf-rfid-el-terminali\/","name":"NORDIC ID HH53 UHF RFID El Terminali - RFID Depo","isPartOf":{"@id":"https:\/\/rfiddepo.com\/en\/#website"},"primaryImageOfPage":{"@id":"https:\/\/rfiddepo.com\/en\/urunlerimiz\/nordic-id-hh53-uhf-rfid-el-terminali\/#primaryimage"},"image":{"@id":"https:\/\/rfiddepo.com\/en\/urunlerimiz\/nordic-id-hh53-uhf-rfid-el-terminali\/#primaryimage"},"thumbnailUrl":"https:\/\/rfiddepo.com\/wp-content\/uploads\/2020\/05\/xxl_RFIDreaderNordicIDHH53ACD.webp","datePublished":"2020-05-03T23:56:37+00:00","dateModified":"2025-10-14T17:16:49+00:00","description":"Nordic ID HH53 UHF RFID El Terminali, adaptif Cross Dipole anteni ile \u00fcst\u00fcn performans ve uzun menzil okumalari saglar. Ergonomik tasarimi ve y\u00fcksek kapasiteli pili ile t\u00fcm g\u00fcn rahat\u00e7a kullanilabilir.","breadcrumb":{"@id":"https:\/\/rfiddepo.com\/en\/urunlerimiz\/nordic-id-hh53-uhf-rfid-el-terminali\/#breadcrumb"},"inLanguage":"en-US","potentialAction":[{"@type":"ReadAction","target":["https:\/\/rfiddepo.com\/en\/urunlerimiz\/nordic-id-hh53-uhf-rfid-el-terminali\/"]}]},{"@type":"ImageObject","inLanguage":"en-US","@id":"https:\/\/rfiddepo.com\/en\/urunlerimiz\/nordic-id-hh53-uhf-rfid-el-terminali\/#primaryimage","url":"https:\/\/rfiddepo.com\/wp-content\/uploads\/2020\/05\/xxl_RFIDreaderNordicIDHH53ACD.webp","contentUrl":"https:\/\/rfiddepo.com\/wp-content\/uploads\/2020\/05\/xxl_RFIDreaderNordicIDHH53ACD.webp","width":520,"height":520},{"@type":"BreadcrumbList","@id":"https:\/\/rfiddepo.com\/en\/urunlerimiz\/nordic-id-hh53-uhf-rfid-el-terminali\/#breadcrumb","itemListElement":[{"@type":"ListItem","position":1,"name":"Anasayfa","item":"https:\/\/rfiddepo.com\/en\/"},{"@type":"ListItem","position":2,"name":"Urunler","item":"https:\/\/rfiddepo.com\/urunler\/"},{"@type":"ListItem","position":3,"name":"NORDIC ID HH53 UHF RFID El Terminali"}]},{"@type":"WebSite","@id":"https:\/\/rfiddepo.com\/en\/#website","url":"https:\/\/rfiddepo.com\/en\/","name":"RFID Depo","description":"","publisher":{"@id":"https:\/\/rfiddepo.com\/en\/#organization"},"potentialAction":[{"@type":"SearchAction","target":{"@type":"EntryPoint","urlTemplate":"https:\/\/rfiddepo.com\/en\/?s={search_term_string}"},"query-input":{"@type":"PropertyValueSpecification","valueRequired":true,"valueName":"search_term_string"}}],"inLanguage":"en-US"},{"@type":"Organization","@id":"https:\/\/rfiddepo.com\/en\/#organization","name":"%%sitename%%","url":"https:\/\/rfiddepo.com\/en\/","logo":{"@type":"ImageObject","inLanguage":"en-US","@id":"https:\/\/rfiddepo.com\/en\/#\/schema\/logo\/image\/","url":"https:\/\/rfiddepo.com\/wp-content\/uploads\/2025\/09\/rfiddepo-logo.png","contentUrl":"https:\/\/rfiddepo.com\/wp-content\/uploads\/2025\/09\/rfiddepo-logo.png","width":500,"height":106,"caption":"%%sitename%%"},"image":{"@id":"https:\/\/rfiddepo.com\/en\/#\/schema\/logo\/image\/"}}]}},"_links":{"self":[{"href":"https:\/\/rfiddepo.com\/en\/wp-json\/wp\/v2\/product\/147483","targetHints":{"allow":["GET"]}}],"collection":[{"href":"https:\/\/rfiddepo.com\/en\/wp-json\/wp\/v2\/product"}],"about":[{"href":"https:\/\/rfiddepo.com\/en\/wp-json\/wp\/v2\/types\/product"}],"replies":[{"embeddable":true,"href":"https:\/\/rfiddepo.com\/en\/wp-json\/wp\/v2\/comments?post=147483"}],"wp:featuredmedia":[{"embeddable":true,"href":"https:\/\/rfiddepo.com\/en\/wp-json\/wp\/v2\/media\/147518"}],"wp:attachment":[{"href":"https:\/\/rfiddepo.com\/en\/wp-json\/wp\/v2\/media?parent=147483"}],"wp:term":[{"taxonomy":"product_brand","embeddable":true,"href":"https:\/\/rfiddepo.com\/en\/wp-json\/wp\/v2\/product_brand?post=147483"},{"taxonomy":"product_cat","embeddable":true,"href":"https:\/\/rfiddepo.com\/en\/wp-json\/wp\/v2\/product_cat?post=147483"},{"taxonomy":"product_tag","embeddable":true,"href":"https:\/\/rfiddepo.com\/en\/wp-json\/wp\/v2\/product_tag?post=147483"}],"curies":[{"name":"wp","href":"https:\/\/api.w.org\/{rel}","templated":true}]}}