{"id":147199,"date":"2025-09-26T07:12:32","date_gmt":"2025-09-26T07:12:32","guid":{"rendered":"http:\/\/www.test.rfiddepo.com\/?post_type=product&#038;p=147199"},"modified":"2025-10-20T11:21:37","modified_gmt":"2025-10-20T11:21:37","slug":"yikama-talimati-rfid-tag","status":"publish","type":"product","link":"https:\/\/rfiddepo.com\/en\/urunlerimiz\/yikama-talimati-rfid-tag\/","title":{"rendered":"Washing Instructions RFID Tag"},"content":{"rendered":"<table class=\"blueTable\">\n<tbody>\n<tr>\n<td><strong>Product Name<\/strong><\/td>\n<td>Washing Instructions RFID Tag<\/td>\n<\/tr>\n<tr>\n<td><strong>Operating Frequency<\/strong><\/td>\n<td>ETSI 865.6\u2013867.6 MHz or FCC\/IC 902\u2013928 MHz-<\/td>\n<\/tr>\n<tr>\n<td><strong>Dimensions<\/strong><\/td>\n<td>65\u00d740 mm - Custom sizes are available upon request.<\/td>\n<\/tr>\n<tr>\n<td><strong>Memory<\/strong><\/td>\n<td>\u00a096 Bits EPC, 64 Bits TID, 512 Bits User Memory<\/td>\n<\/tr>\n<tr>\n<td><strong>Reading Distance<\/strong><\/td>\n<td>\n<div class=\"spec-content\">\n<p>0-5m<\/p>\n<\/div>\n<\/td>\n<\/tr>\n<tr>\n<td><strong>Area of Use<\/strong><\/td>\n<td>Textiles<\/td>\n<\/tr>\n<tr>\n<td><strong>Chip<\/strong><\/td>\n<td>Impinj R6<\/td>\n<\/tr>\n<\/tbody>\n<\/table>\n<p>&nbsp;<\/p>\n<p data-start=\"0\" data-end=\"67\"><strong data-start=\"0\" data-end=\"65\">Washing Instructions RFID Tag: A Practical Solution for the Textile Industry<\/strong><\/p>\n<p data-start=\"69\" data-end=\"301\">The washing instruction RFID tag is a special UHF RFID tag designed to increase efficiency and ease of tracking in textile products. It typically contains an RFID inlay measuring 50\u00d730 mm and is sewn into the products for use.<\/p>\n<p data-start=\"303\" data-end=\"565\">These labels enable digital tracking of washing instructions for textile products, reducing the risk of misuse and damage. They are an ideal solution for improving inventory tracking, product management, and customer satisfaction in textile manufacturing and retail processes.<\/p>\n<p data-start=\"567\" data-end=\"800\">Thanks to RFID technology, products can be tracked in real time, inventory management is simplified, and your business's efficiency increases. The washing instruction RFID tag is a crucial tool in the textile industry due to its durable and reliable design.<\/p>","protected":false},"excerpt":{"rendered":"<p><span>It is a UHF RFID tag in the form of washing instructions. It generally contains a 50\u00d730 RFID inlay tag. This tag is also known as a textile tag. The washing instructions RFID tag is sewn into the products for use.<\/span><\/p>\n<p><a href=\"\/wp-content\/uploads\/2025\/10\/Yikama-Talimati-RFID-Tag.pdf\" target=\"_blank\" class=\"datasheet-btn\" rel=\"noopener\"><br \/>\n\ud83d\udcc4 Datasheet<br \/>\n<\/a><\/p>","protected":false},"featured_media":147200,"comment_status":"closed","ping_status":"closed","template":"","meta":{"_monsterinsights_skip_tracking":false,"_monsterinsights_sitenote_active":false,"_monsterinsights_sitenote_note":"","_monsterinsights_sitenote_category":0},"product_brand":[127],"product_cat":[74,72],"product_tag":[78,80,81,82,85,86,87],"class_list":{"0":"post-147199","1":"product","2":"type-product","3":"status-publish","4":"has-post-thumbnail","6":"product_brand-impinj","7":"product_cat-laundry-yikanabilir-rfid-tagler-rfid-tagler","8":"product_cat-rfid-tagler","9":"product_tag-etiket-uretimi","10":"product_tag-rfid-etiket","11":"product_tag-rfid-etiket-fiyati","12":"product_tag-rfid-etiket-tedarikcisi","13":"product_tag-uhf-etiket","14":"product_tag-uhf-rfid-etiket","15":"product_tag-uygun-fiyatli-etiket","17":"first","18":"instock","19":"shipping-taxable","20":"purchasable","21":"product-type-simple"},"yoast_head":"<!-- This site is optimized with the Yoast SEO plugin v26.6 - https:\/\/yoast.com\/wordpress\/plugins\/seo\/ -->\n<title>Y\u0131kama Talimat\u0131 RFID Tag - RFID Depo<\/title>\n<meta name=\"description\" content=\"Tekstil \u00fcretimi ve perakendesinde verimlili\u011fi art\u0131r\u0131n. Y\u0131kama talimat\u0131 RFID tag ile \u00fcr\u00fcnlerin do\u011fru kullan\u0131lmas\u0131n\u0131 sa\u011flay\u0131n, m\u00fc\u015fteri memnuniyetini y\u00fckseltin.\" \/>\n<meta name=\"robots\" content=\"index, follow, max-snippet:-1, max-image-preview:large, max-video-preview:-1\" \/>\n<link rel=\"canonical\" href=\"https:\/\/rfiddepo.com\/en\/urunlerimiz\/yikama-talimati-rfid-tag\/\" \/>\n<meta property=\"og:locale\" content=\"en_US\" \/>\n<meta property=\"og:type\" content=\"article\" \/>\n<meta property=\"og:title\" content=\"Y\u0131kama Talimat\u0131 RFID Tag - RFID Depo\" \/>\n<meta property=\"og:description\" content=\"Tekstil \u00fcretimi ve perakendesinde verimlili\u011fi art\u0131r\u0131n. Y\u0131kama talimat\u0131 RFID tag ile \u00fcr\u00fcnlerin do\u011fru kullan\u0131lmas\u0131n\u0131 sa\u011flay\u0131n, m\u00fc\u015fteri memnuniyetini y\u00fckseltin.\" \/>\n<meta property=\"og:url\" content=\"https:\/\/rfiddepo.com\/en\/urunlerimiz\/yikama-talimati-rfid-tag\/\" \/>\n<meta property=\"og:site_name\" content=\"RFID Depo\" \/>\n<meta property=\"article:modified_time\" content=\"2025-10-20T11:21:37+00:00\" \/>\n<meta property=\"og:image\" content=\"https:\/\/rfiddepo.com\/wp-content\/uploads\/2025\/09\/yikama-talimati-rfid-tag1.jpg\" \/>\n\t<meta property=\"og:image:width\" content=\"700\" \/>\n\t<meta property=\"og:image:height\" content=\"660\" \/>\n\t<meta property=\"og:image:type\" content=\"image\/jpeg\" \/>\n<meta name=\"twitter:card\" content=\"summary_large_image\" \/>\n<meta name=\"twitter:label1\" content=\"Est. reading time\" \/>\n\t<meta name=\"twitter:data1\" content=\"2 minutes\" \/>\n<script type=\"application\/ld+json\" class=\"yoast-schema-graph\">{\"@context\":\"https:\/\/schema.org\",\"@graph\":[{\"@type\":\"WebPage\",\"@id\":\"https:\/\/rfiddepo.com\/en\/urunlerimiz\/yikama-talimati-rfid-tag\/\",\"url\":\"https:\/\/rfiddepo.com\/en\/urunlerimiz\/yikama-talimati-rfid-tag\/\",\"name\":\"Y\u0131kama Talimat\u0131 RFID Tag - RFID Depo\",\"isPartOf\":{\"@id\":\"https:\/\/rfiddepo.com\/en\/#website\"},\"primaryImageOfPage\":{\"@id\":\"https:\/\/rfiddepo.com\/en\/urunlerimiz\/yikama-talimati-rfid-tag\/#primaryimage\"},\"image\":{\"@id\":\"https:\/\/rfiddepo.com\/en\/urunlerimiz\/yikama-talimati-rfid-tag\/#primaryimage\"},\"thumbnailUrl\":\"https:\/\/rfiddepo.com\/wp-content\/uploads\/2025\/09\/yikama-talimati-rfid-tag1.jpg\",\"datePublished\":\"2025-09-26T07:12:32+00:00\",\"dateModified\":\"2025-10-20T11:21:37+00:00\",\"description\":\"Tekstil \u00fcretimi ve perakendesinde verimlili\u011fi art\u0131r\u0131n. Y\u0131kama talimat\u0131 RFID tag ile \u00fcr\u00fcnlerin do\u011fru kullan\u0131lmas\u0131n\u0131 sa\u011flay\u0131n, m\u00fc\u015fteri memnuniyetini y\u00fckseltin.\",\"breadcrumb\":{\"@id\":\"https:\/\/rfiddepo.com\/en\/urunlerimiz\/yikama-talimati-rfid-tag\/#breadcrumb\"},\"inLanguage\":\"en-US\",\"potentialAction\":[{\"@type\":\"ReadAction\",\"target\":[\"https:\/\/rfiddepo.com\/en\/urunlerimiz\/yikama-talimati-rfid-tag\/\"]}]},{\"@type\":\"ImageObject\",\"inLanguage\":\"en-US\",\"@id\":\"https:\/\/rfiddepo.com\/en\/urunlerimiz\/yikama-talimati-rfid-tag\/#primaryimage\",\"url\":\"https:\/\/rfiddepo.com\/wp-content\/uploads\/2025\/09\/yikama-talimati-rfid-tag1.jpg\",\"contentUrl\":\"https:\/\/rfiddepo.com\/wp-content\/uploads\/2025\/09\/yikama-talimati-rfid-tag1.jpg\",\"width\":700,\"height\":660},{\"@type\":\"BreadcrumbList\",\"@id\":\"https:\/\/rfiddepo.com\/en\/urunlerimiz\/yikama-talimati-rfid-tag\/#breadcrumb\",\"itemListElement\":[{\"@type\":\"ListItem\",\"position\":1,\"name\":\"Anasayfa\",\"item\":\"https:\/\/rfiddepo.com\/en\/\"},{\"@type\":\"ListItem\",\"position\":2,\"name\":\"Urunler\",\"item\":\"https:\/\/rfiddepo.com\/urunler\/\"},{\"@type\":\"ListItem\",\"position\":3,\"name\":\"Y\u0131kama Talimat\u0131 RFID Tag\"}]},{\"@type\":\"WebSite\",\"@id\":\"https:\/\/rfiddepo.com\/en\/#website\",\"url\":\"https:\/\/rfiddepo.com\/en\/\",\"name\":\"RFID Depo\",\"description\":\"\",\"publisher\":{\"@id\":\"https:\/\/rfiddepo.com\/en\/#organization\"},\"potentialAction\":[{\"@type\":\"SearchAction\",\"target\":{\"@type\":\"EntryPoint\",\"urlTemplate\":\"https:\/\/rfiddepo.com\/en\/?s={search_term_string}\"},\"query-input\":{\"@type\":\"PropertyValueSpecification\",\"valueRequired\":true,\"valueName\":\"search_term_string\"}}],\"inLanguage\":\"en-US\"},{\"@type\":\"Organization\",\"@id\":\"https:\/\/rfiddepo.com\/en\/#organization\",\"name\":\"%%sitename%%\",\"url\":\"https:\/\/rfiddepo.com\/en\/\",\"logo\":{\"@type\":\"ImageObject\",\"inLanguage\":\"en-US\",\"@id\":\"https:\/\/rfiddepo.com\/en\/#\/schema\/logo\/image\/\",\"url\":\"https:\/\/rfiddepo.com\/wp-content\/uploads\/2025\/09\/rfiddepo-logo.png\",\"contentUrl\":\"https:\/\/rfiddepo.com\/wp-content\/uploads\/2025\/09\/rfiddepo-logo.png\",\"width\":500,\"height\":106,\"caption\":\"%%sitename%%\"},\"image\":{\"@id\":\"https:\/\/rfiddepo.com\/en\/#\/schema\/logo\/image\/\"}}]}<\/script>\n<!-- \/ Yoast SEO plugin. -->","yoast_head_json":{"title":"Y\u0131kama Talimat\u0131 RFID Tag - RFID Depo","description":"Tekstil \u00fcretimi ve perakendesinde verimlili\u011fi art\u0131r\u0131n. Y\u0131kama talimat\u0131 RFID tag ile \u00fcr\u00fcnlerin do\u011fru kullan\u0131lmas\u0131n\u0131 sa\u011flay\u0131n, m\u00fc\u015fteri memnuniyetini y\u00fckseltin.","robots":{"index":"index","follow":"follow","max-snippet":"max-snippet:-1","max-image-preview":"max-image-preview:large","max-video-preview":"max-video-preview:-1"},"canonical":"https:\/\/rfiddepo.com\/en\/urunlerimiz\/yikama-talimati-rfid-tag\/","og_locale":"en_US","og_type":"article","og_title":"Y\u0131kama Talimat\u0131 RFID Tag - RFID Depo","og_description":"Tekstil \u00fcretimi ve perakendesinde verimlili\u011fi art\u0131r\u0131n. Y\u0131kama talimat\u0131 RFID tag ile \u00fcr\u00fcnlerin do\u011fru kullan\u0131lmas\u0131n\u0131 sa\u011flay\u0131n, m\u00fc\u015fteri memnuniyetini y\u00fckseltin.","og_url":"https:\/\/rfiddepo.com\/en\/urunlerimiz\/yikama-talimati-rfid-tag\/","og_site_name":"RFID Depo","article_modified_time":"2025-10-20T11:21:37+00:00","og_image":[{"width":700,"height":660,"url":"https:\/\/rfiddepo.com\/wp-content\/uploads\/2025\/09\/yikama-talimati-rfid-tag1.jpg","type":"image\/jpeg"}],"twitter_card":"summary_large_image","twitter_misc":{"Est. reading time":"2 minutes"},"schema":{"@context":"https:\/\/schema.org","@graph":[{"@type":"WebPage","@id":"https:\/\/rfiddepo.com\/en\/urunlerimiz\/yikama-talimati-rfid-tag\/","url":"https:\/\/rfiddepo.com\/en\/urunlerimiz\/yikama-talimati-rfid-tag\/","name":"Y\u0131kama Talimat\u0131 RFID Tag - RFID Depo","isPartOf":{"@id":"https:\/\/rfiddepo.com\/en\/#website"},"primaryImageOfPage":{"@id":"https:\/\/rfiddepo.com\/en\/urunlerimiz\/yikama-talimati-rfid-tag\/#primaryimage"},"image":{"@id":"https:\/\/rfiddepo.com\/en\/urunlerimiz\/yikama-talimati-rfid-tag\/#primaryimage"},"thumbnailUrl":"https:\/\/rfiddepo.com\/wp-content\/uploads\/2025\/09\/yikama-talimati-rfid-tag1.jpg","datePublished":"2025-09-26T07:12:32+00:00","dateModified":"2025-10-20T11:21:37+00:00","description":"Tekstil \u00fcretimi ve perakendesinde verimlili\u011fi art\u0131r\u0131n. Y\u0131kama talimat\u0131 RFID tag ile \u00fcr\u00fcnlerin do\u011fru kullan\u0131lmas\u0131n\u0131 sa\u011flay\u0131n, m\u00fc\u015fteri memnuniyetini y\u00fckseltin.","breadcrumb":{"@id":"https:\/\/rfiddepo.com\/en\/urunlerimiz\/yikama-talimati-rfid-tag\/#breadcrumb"},"inLanguage":"en-US","potentialAction":[{"@type":"ReadAction","target":["https:\/\/rfiddepo.com\/en\/urunlerimiz\/yikama-talimati-rfid-tag\/"]}]},{"@type":"ImageObject","inLanguage":"en-US","@id":"https:\/\/rfiddepo.com\/en\/urunlerimiz\/yikama-talimati-rfid-tag\/#primaryimage","url":"https:\/\/rfiddepo.com\/wp-content\/uploads\/2025\/09\/yikama-talimati-rfid-tag1.jpg","contentUrl":"https:\/\/rfiddepo.com\/wp-content\/uploads\/2025\/09\/yikama-talimati-rfid-tag1.jpg","width":700,"height":660},{"@type":"BreadcrumbList","@id":"https:\/\/rfiddepo.com\/en\/urunlerimiz\/yikama-talimati-rfid-tag\/#breadcrumb","itemListElement":[{"@type":"ListItem","position":1,"name":"Anasayfa","item":"https:\/\/rfiddepo.com\/en\/"},{"@type":"ListItem","position":2,"name":"Urunler","item":"https:\/\/rfiddepo.com\/urunler\/"},{"@type":"ListItem","position":3,"name":"Y\u0131kama Talimat\u0131 RFID Tag"}]},{"@type":"WebSite","@id":"https:\/\/rfiddepo.com\/en\/#website","url":"https:\/\/rfiddepo.com\/en\/","name":"RFID Depo","description":"","publisher":{"@id":"https:\/\/rfiddepo.com\/en\/#organization"},"potentialAction":[{"@type":"SearchAction","target":{"@type":"EntryPoint","urlTemplate":"https:\/\/rfiddepo.com\/en\/?s={search_term_string}"},"query-input":{"@type":"PropertyValueSpecification","valueRequired":true,"valueName":"search_term_string"}}],"inLanguage":"en-US"},{"@type":"Organization","@id":"https:\/\/rfiddepo.com\/en\/#organization","name":"%%sitename%%","url":"https:\/\/rfiddepo.com\/en\/","logo":{"@type":"ImageObject","inLanguage":"en-US","@id":"https:\/\/rfiddepo.com\/en\/#\/schema\/logo\/image\/","url":"https:\/\/rfiddepo.com\/wp-content\/uploads\/2025\/09\/rfiddepo-logo.png","contentUrl":"https:\/\/rfiddepo.com\/wp-content\/uploads\/2025\/09\/rfiddepo-logo.png","width":500,"height":106,"caption":"%%sitename%%"},"image":{"@id":"https:\/\/rfiddepo.com\/en\/#\/schema\/logo\/image\/"}}]}},"_links":{"self":[{"href":"https:\/\/rfiddepo.com\/en\/wp-json\/wp\/v2\/product\/147199","targetHints":{"allow":["GET"]}}],"collection":[{"href":"https:\/\/rfiddepo.com\/en\/wp-json\/wp\/v2\/product"}],"about":[{"href":"https:\/\/rfiddepo.com\/en\/wp-json\/wp\/v2\/types\/product"}],"replies":[{"embeddable":true,"href":"https:\/\/rfiddepo.com\/en\/wp-json\/wp\/v2\/comments?post=147199"}],"wp:featuredmedia":[{"embeddable":true,"href":"https:\/\/rfiddepo.com\/en\/wp-json\/wp\/v2\/media\/147200"}],"wp:attachment":[{"href":"https:\/\/rfiddepo.com\/en\/wp-json\/wp\/v2\/media?parent=147199"}],"wp:term":[{"taxonomy":"product_brand","embeddable":true,"href":"https:\/\/rfiddepo.com\/en\/wp-json\/wp\/v2\/product_brand?post=147199"},{"taxonomy":"product_cat","embeddable":true,"href":"https:\/\/rfiddepo.com\/en\/wp-json\/wp\/v2\/product_cat?post=147199"},{"taxonomy":"product_tag","embeddable":true,"href":"https:\/\/rfiddepo.com\/en\/wp-json\/wp\/v2\/product_tag?post=147199"}],"curies":[{"name":"wp","href":"https:\/\/api.w.org\/{rel}","templated":true}]}}