{"id":147187,"date":"2025-09-26T06:02:27","date_gmt":"2025-09-26T06:02:27","guid":{"rendered":"http:\/\/www.test.rfiddepo.com\/?post_type=product&#038;p=147187"},"modified":"2025-10-20T11:21:50","modified_gmt":"2025-10-20T11:21:50","slug":"smartrac-miniweb-rfid-etiket","status":"publish","type":"product","link":"https:\/\/rfiddepo.com\/en\/urunlerimiz\/smartrac-miniweb-rfid-etiket\/","title":{"rendered":"SMARTRAC MiniWeb RFID Tag"},"content":{"rendered":"<table class=\"blueTable\">\n<tbody>\n<tr>\n<td><strong>Product Name<\/strong><\/td>\n<td>SMARTRAC MiniWeb RFID Tag<\/td>\n<\/tr>\n<tr>\n<td><strong>Operating Frequency<\/strong><\/td>\n<td>ETSI 865.6\u2013867.6 MHz or FCC\/IC 902\u2013928 MHz-<\/td>\n<\/tr>\n<tr>\n<td><strong>Dimensions<\/strong><\/td>\n<td>45X18<\/td>\n<\/tr>\n<tr>\n<td><strong>Memory<\/strong><\/td>\n<td>EPC: 128bits<br \/>\nUser: 32 bit<\/td>\n<\/tr>\n<tr>\n<td><strong>Reading Distance<\/strong><\/td>\n<td>\n<div class=\"spec-content\">\n<p>Fixed reader Read Range (m) :Up to 5.0<br \/>\nHandheld reader Read Range (m):Up to 3.0<\/p>\n<\/div>\n<\/td>\n<\/tr>\n<tr>\n<td><b>Area of use<\/b><\/td>\n<td>Textiles, Retail<\/td>\n<\/tr>\n<tr>\n<td><strong>IP Rating<\/strong><\/td>\n<td>\u2013<\/td>\n<\/tr>\n<tr>\n<td><strong>Operating Temperature<\/strong><\/td>\n<td>-40 \u00b0C to +85 \u00b0C<\/td>\n<\/tr>\n<tr>\n<td><strong>Chip<\/strong><\/td>\n<td>Impinj R6P,UCODE8<\/td>\n<\/tr>\n<tr>\n<td><strong>Brand<br \/>\n<\/strong><\/td>\n<td><a href=\"\/marka\/smartrac\/\"><img decoding=\"async\" src=\"https:\/\/rfiddepoweb.workindigi.com\/wp-content\/uploads\/2024\/01\/smartrac.webp\" \/><\/a><\/td>\n<\/tr>\n<\/tbody>\n<\/table>","protected":false},"excerpt":{"rendered":"<p>MiniWeb is a product of SmarTrac, a company operating in the textile sector, with embedded Impinj and NXP chips. Due to its small size, it has a shorter reading range compared to the Web product, but it is smaller in size. It can be read up to 3 meters with a handheld terminal.<\/p>\n<div class=\"datasheet\"><a href=\"\/wp-content\/uploads\/2025\/09\/0117_SMARTRAC_MINIWEB-UCODE8.pdf\" target=\"_blank\" class=\"datasheet-btn\" rel=\"noopener\"><br \/>\n\ud83d\udcc4 Datasheet<br \/>\n<\/a><a href=\"\/wp-content\/uploads\/2025\/09\/0030_SMARTRAC_MINIWEB-R6P.pdf\" target=\"_blank\" class=\"datasheet-btn\" rel=\"noopener\"><br \/>\n\ud83d\udcc4 Datasheet<br \/>\n<\/a><\/div>","protected":false},"featured_media":147188,"comment_status":"closed","ping_status":"closed","template":"","meta":{"_monsterinsights_skip_tracking":false,"_monsterinsights_sitenote_active":false,"_monsterinsights_sitenote_note":"","_monsterinsights_sitenote_category":0},"product_brand":[128],"product_cat":[37,68,28],"product_tag":[79,80,81,95,96,85,86,97],"class_list":{"0":"post-147187","1":"product","2":"type-product","3":"status-publish","4":"has-post-thumbnail","6":"product_brand-smartrac","7":"product_cat-rfid-etiketler","8":"product_cat-tekstil-rfid-etiketleri","9":"product_cat-uhf-rfid-etiketler","10":"product_tag-miniweb","11":"product_tag-rfid-etiket","12":"product_tag-rfid-etiket-fiyati","13":"product_tag-smartrac-miniweb","14":"product_tag-smartrac-miniweb-rfid-etiket","15":"product_tag-uhf-etiket","16":"product_tag-uhf-rfid-etiket","17":"product_tag-uygun-fiyatli-etiket-smartrac","19":"first","20":"instock","21":"shipping-taxable","22":"purchasable","23":"product-type-simple"},"yoast_head":"<!-- This site is optimized with the Yoast SEO plugin v26.6 - https:\/\/yoast.com\/wordpress\/plugins\/seo\/ -->\n<title>SMARTRAC MiniWeb RFID Etiket - RFID Depo<\/title>\n<meta name=\"description\" content=\"K\u00fc\u00e7\u00fck boyut, y\u00fcksek performans! SMARTRAC MiniWeb RFID Etiketi, tekstil etiketlemeye idealdir. Impinj\/NXP \u00e7ip ile 3 metreye kadar okuma sunar.\" \/>\n<meta name=\"robots\" content=\"index, follow, max-snippet:-1, max-image-preview:large, max-video-preview:-1\" \/>\n<link rel=\"canonical\" href=\"https:\/\/rfiddepo.com\/en\/urunlerimiz\/smartrac-miniweb-rfid-etiket\/\" \/>\n<meta property=\"og:locale\" content=\"en_US\" \/>\n<meta property=\"og:type\" content=\"article\" \/>\n<meta property=\"og:title\" content=\"SMARTRAC MiniWeb RFID Etiket - RFID Depo\" \/>\n<meta property=\"og:description\" content=\"K\u00fc\u00e7\u00fck boyut, y\u00fcksek performans! SMARTRAC MiniWeb RFID Etiketi, tekstil etiketlemeye idealdir. Impinj\/NXP \u00e7ip ile 3 metreye kadar okuma sunar.\" \/>\n<meta property=\"og:url\" content=\"https:\/\/rfiddepo.com\/en\/urunlerimiz\/smartrac-miniweb-rfid-etiket\/\" \/>\n<meta property=\"og:site_name\" content=\"RFID Depo\" \/>\n<meta property=\"article:modified_time\" content=\"2025-10-20T11:21:50+00:00\" \/>\n<meta property=\"og:image\" content=\"https:\/\/rfiddepo.com\/wp-content\/uploads\/2025\/09\/uc3.webp\" \/>\n\t<meta property=\"og:image:width\" content=\"520\" \/>\n\t<meta property=\"og:image:height\" content=\"520\" \/>\n\t<meta property=\"og:image:type\" content=\"image\/webp\" \/>\n<meta name=\"twitter:card\" content=\"summary_large_image\" \/>\n<meta name=\"twitter:label1\" content=\"Est. reading time\" \/>\n\t<meta name=\"twitter:data1\" content=\"1 minute\" \/>\n<script type=\"application\/ld+json\" class=\"yoast-schema-graph\">{\"@context\":\"https:\/\/schema.org\",\"@graph\":[{\"@type\":\"WebPage\",\"@id\":\"https:\/\/rfiddepo.com\/en\/urunlerimiz\/smartrac-miniweb-rfid-etiket\/\",\"url\":\"https:\/\/rfiddepo.com\/en\/urunlerimiz\/smartrac-miniweb-rfid-etiket\/\",\"name\":\"SMARTRAC MiniWeb RFID Etiket - RFID Depo\",\"isPartOf\":{\"@id\":\"https:\/\/rfiddepo.com\/en\/#website\"},\"primaryImageOfPage\":{\"@id\":\"https:\/\/rfiddepo.com\/en\/urunlerimiz\/smartrac-miniweb-rfid-etiket\/#primaryimage\"},\"image\":{\"@id\":\"https:\/\/rfiddepo.com\/en\/urunlerimiz\/smartrac-miniweb-rfid-etiket\/#primaryimage\"},\"thumbnailUrl\":\"https:\/\/rfiddepo.com\/wp-content\/uploads\/2025\/09\/uc3.webp\",\"datePublished\":\"2025-09-26T06:02:27+00:00\",\"dateModified\":\"2025-10-20T11:21:50+00:00\",\"description\":\"K\u00fc\u00e7\u00fck boyut, y\u00fcksek performans! SMARTRAC MiniWeb RFID Etiketi, tekstil etiketlemeye idealdir. Impinj\/NXP \u00e7ip ile 3 metreye kadar okuma sunar.\",\"breadcrumb\":{\"@id\":\"https:\/\/rfiddepo.com\/en\/urunlerimiz\/smartrac-miniweb-rfid-etiket\/#breadcrumb\"},\"inLanguage\":\"en-US\",\"potentialAction\":[{\"@type\":\"ReadAction\",\"target\":[\"https:\/\/rfiddepo.com\/en\/urunlerimiz\/smartrac-miniweb-rfid-etiket\/\"]}]},{\"@type\":\"ImageObject\",\"inLanguage\":\"en-US\",\"@id\":\"https:\/\/rfiddepo.com\/en\/urunlerimiz\/smartrac-miniweb-rfid-etiket\/#primaryimage\",\"url\":\"https:\/\/rfiddepo.com\/wp-content\/uploads\/2025\/09\/uc3.webp\",\"contentUrl\":\"https:\/\/rfiddepo.com\/wp-content\/uploads\/2025\/09\/uc3.webp\",\"width\":520,\"height\":520},{\"@type\":\"BreadcrumbList\",\"@id\":\"https:\/\/rfiddepo.com\/en\/urunlerimiz\/smartrac-miniweb-rfid-etiket\/#breadcrumb\",\"itemListElement\":[{\"@type\":\"ListItem\",\"position\":1,\"name\":\"Anasayfa\",\"item\":\"https:\/\/rfiddepo.com\/en\/\"},{\"@type\":\"ListItem\",\"position\":2,\"name\":\"Urunler\",\"item\":\"https:\/\/rfiddepo.com\/urunler\/\"},{\"@type\":\"ListItem\",\"position\":3,\"name\":\"SMARTRAC MiniWeb RFID Etiket\"}]},{\"@type\":\"WebSite\",\"@id\":\"https:\/\/rfiddepo.com\/en\/#website\",\"url\":\"https:\/\/rfiddepo.com\/en\/\",\"name\":\"RFID Depo\",\"description\":\"\",\"publisher\":{\"@id\":\"https:\/\/rfiddepo.com\/en\/#organization\"},\"potentialAction\":[{\"@type\":\"SearchAction\",\"target\":{\"@type\":\"EntryPoint\",\"urlTemplate\":\"https:\/\/rfiddepo.com\/en\/?s={search_term_string}\"},\"query-input\":{\"@type\":\"PropertyValueSpecification\",\"valueRequired\":true,\"valueName\":\"search_term_string\"}}],\"inLanguage\":\"en-US\"},{\"@type\":\"Organization\",\"@id\":\"https:\/\/rfiddepo.com\/en\/#organization\",\"name\":\"%%sitename%%\",\"url\":\"https:\/\/rfiddepo.com\/en\/\",\"logo\":{\"@type\":\"ImageObject\",\"inLanguage\":\"en-US\",\"@id\":\"https:\/\/rfiddepo.com\/en\/#\/schema\/logo\/image\/\",\"url\":\"https:\/\/rfiddepo.com\/wp-content\/uploads\/2025\/09\/rfiddepo-logo.png\",\"contentUrl\":\"https:\/\/rfiddepo.com\/wp-content\/uploads\/2025\/09\/rfiddepo-logo.png\",\"width\":500,\"height\":106,\"caption\":\"%%sitename%%\"},\"image\":{\"@id\":\"https:\/\/rfiddepo.com\/en\/#\/schema\/logo\/image\/\"}}]}<\/script>\n<!-- \/ Yoast SEO plugin. -->","yoast_head_json":{"title":"SMARTRAC MiniWeb RFID Etiket - RFID Depo","description":"K\u00fc\u00e7\u00fck boyut, y\u00fcksek performans! SMARTRAC MiniWeb RFID Etiketi, tekstil etiketlemeye idealdir. Impinj\/NXP \u00e7ip ile 3 metreye kadar okuma sunar.","robots":{"index":"index","follow":"follow","max-snippet":"max-snippet:-1","max-image-preview":"max-image-preview:large","max-video-preview":"max-video-preview:-1"},"canonical":"https:\/\/rfiddepo.com\/en\/urunlerimiz\/smartrac-miniweb-rfid-etiket\/","og_locale":"en_US","og_type":"article","og_title":"SMARTRAC MiniWeb RFID Etiket - RFID Depo","og_description":"K\u00fc\u00e7\u00fck boyut, y\u00fcksek performans! SMARTRAC MiniWeb RFID Etiketi, tekstil etiketlemeye idealdir. Impinj\/NXP \u00e7ip ile 3 metreye kadar okuma sunar.","og_url":"https:\/\/rfiddepo.com\/en\/urunlerimiz\/smartrac-miniweb-rfid-etiket\/","og_site_name":"RFID Depo","article_modified_time":"2025-10-20T11:21:50+00:00","og_image":[{"width":520,"height":520,"url":"https:\/\/rfiddepo.com\/wp-content\/uploads\/2025\/09\/uc3.webp","type":"image\/webp"}],"twitter_card":"summary_large_image","twitter_misc":{"Est. reading time":"1 minute"},"schema":{"@context":"https:\/\/schema.org","@graph":[{"@type":"WebPage","@id":"https:\/\/rfiddepo.com\/en\/urunlerimiz\/smartrac-miniweb-rfid-etiket\/","url":"https:\/\/rfiddepo.com\/en\/urunlerimiz\/smartrac-miniweb-rfid-etiket\/","name":"SMARTRAC MiniWeb RFID Etiket - RFID Depo","isPartOf":{"@id":"https:\/\/rfiddepo.com\/en\/#website"},"primaryImageOfPage":{"@id":"https:\/\/rfiddepo.com\/en\/urunlerimiz\/smartrac-miniweb-rfid-etiket\/#primaryimage"},"image":{"@id":"https:\/\/rfiddepo.com\/en\/urunlerimiz\/smartrac-miniweb-rfid-etiket\/#primaryimage"},"thumbnailUrl":"https:\/\/rfiddepo.com\/wp-content\/uploads\/2025\/09\/uc3.webp","datePublished":"2025-09-26T06:02:27+00:00","dateModified":"2025-10-20T11:21:50+00:00","description":"K\u00fc\u00e7\u00fck boyut, y\u00fcksek performans! SMARTRAC MiniWeb RFID Etiketi, tekstil etiketlemeye idealdir. Impinj\/NXP \u00e7ip ile 3 metreye kadar okuma sunar.","breadcrumb":{"@id":"https:\/\/rfiddepo.com\/en\/urunlerimiz\/smartrac-miniweb-rfid-etiket\/#breadcrumb"},"inLanguage":"en-US","potentialAction":[{"@type":"ReadAction","target":["https:\/\/rfiddepo.com\/en\/urunlerimiz\/smartrac-miniweb-rfid-etiket\/"]}]},{"@type":"ImageObject","inLanguage":"en-US","@id":"https:\/\/rfiddepo.com\/en\/urunlerimiz\/smartrac-miniweb-rfid-etiket\/#primaryimage","url":"https:\/\/rfiddepo.com\/wp-content\/uploads\/2025\/09\/uc3.webp","contentUrl":"https:\/\/rfiddepo.com\/wp-content\/uploads\/2025\/09\/uc3.webp","width":520,"height":520},{"@type":"BreadcrumbList","@id":"https:\/\/rfiddepo.com\/en\/urunlerimiz\/smartrac-miniweb-rfid-etiket\/#breadcrumb","itemListElement":[{"@type":"ListItem","position":1,"name":"Anasayfa","item":"https:\/\/rfiddepo.com\/en\/"},{"@type":"ListItem","position":2,"name":"Urunler","item":"https:\/\/rfiddepo.com\/urunler\/"},{"@type":"ListItem","position":3,"name":"SMARTRAC MiniWeb RFID Etiket"}]},{"@type":"WebSite","@id":"https:\/\/rfiddepo.com\/en\/#website","url":"https:\/\/rfiddepo.com\/en\/","name":"RFID Depo","description":"","publisher":{"@id":"https:\/\/rfiddepo.com\/en\/#organization"},"potentialAction":[{"@type":"SearchAction","target":{"@type":"EntryPoint","urlTemplate":"https:\/\/rfiddepo.com\/en\/?s={search_term_string}"},"query-input":{"@type":"PropertyValueSpecification","valueRequired":true,"valueName":"search_term_string"}}],"inLanguage":"en-US"},{"@type":"Organization","@id":"https:\/\/rfiddepo.com\/en\/#organization","name":"%%sitename%%","url":"https:\/\/rfiddepo.com\/en\/","logo":{"@type":"ImageObject","inLanguage":"en-US","@id":"https:\/\/rfiddepo.com\/en\/#\/schema\/logo\/image\/","url":"https:\/\/rfiddepo.com\/wp-content\/uploads\/2025\/09\/rfiddepo-logo.png","contentUrl":"https:\/\/rfiddepo.com\/wp-content\/uploads\/2025\/09\/rfiddepo-logo.png","width":500,"height":106,"caption":"%%sitename%%"},"image":{"@id":"https:\/\/rfiddepo.com\/en\/#\/schema\/logo\/image\/"}}]}},"_links":{"self":[{"href":"https:\/\/rfiddepo.com\/en\/wp-json\/wp\/v2\/product\/147187","targetHints":{"allow":["GET"]}}],"collection":[{"href":"https:\/\/rfiddepo.com\/en\/wp-json\/wp\/v2\/product"}],"about":[{"href":"https:\/\/rfiddepo.com\/en\/wp-json\/wp\/v2\/types\/product"}],"replies":[{"embeddable":true,"href":"https:\/\/rfiddepo.com\/en\/wp-json\/wp\/v2\/comments?post=147187"}],"wp:featuredmedia":[{"embeddable":true,"href":"https:\/\/rfiddepo.com\/en\/wp-json\/wp\/v2\/media\/147188"}],"wp:attachment":[{"href":"https:\/\/rfiddepo.com\/en\/wp-json\/wp\/v2\/media?parent=147187"}],"wp:term":[{"taxonomy":"product_brand","embeddable":true,"href":"https:\/\/rfiddepo.com\/en\/wp-json\/wp\/v2\/product_brand?post=147187"},{"taxonomy":"product_cat","embeddable":true,"href":"https:\/\/rfiddepo.com\/en\/wp-json\/wp\/v2\/product_cat?post=147187"},{"taxonomy":"product_tag","embeddable":true,"href":"https:\/\/rfiddepo.com\/en\/wp-json\/wp\/v2\/product_tag?post=147187"}],"curies":[{"name":"wp","href":"https:\/\/api.w.org\/{rel}","templated":true}]}}