{"id":147134,"date":"2025-09-25T12:41:46","date_gmt":"2025-09-25T12:41:46","guid":{"rendered":"http:\/\/www.test.rfiddepo.com\/?post_type=product&#038;p=147134"},"modified":"2025-10-20T11:22:06","modified_gmt":"2025-10-20T11:22:06","slug":"100-x-100-uhf-rfid-palet-etiketi","status":"publish","type":"product","link":"https:\/\/rfiddepo.com\/en\/urunlerimiz\/100-x-100-uhf-rfid-palet-etiketi\/","title":{"rendered":"100 x 100 UHF RFID Pallet Label"},"content":{"rendered":"<table class=\"blueTable\">\n<tbody>\n<tr>\n<td><strong>Product Name<\/strong><\/td>\n<td>100\u00d7100 UHF RFID Tags<\/td>\n<\/tr>\n<tr>\n<td><strong>Operating Frequency<\/strong><\/td>\n<td>ETSI 865.6\u2013867.6 MHz or FCC\/IC 902\u2013928 MHz-<\/td>\n<\/tr>\n<tr>\n<td><strong>Dimensions<\/strong><\/td>\n<td>100\u00d7100 mm<\/td>\n<\/tr>\n<tr>\n<td><strong>Memory<\/strong><\/td>\n<td>\u00a096 Bits EPC, 64 Bits TID, 512 Bits User Memory<\/td>\n<\/tr>\n<tr>\n<td><strong>Reading Distance<\/strong><\/td>\n<td>\n<div class=\"spec-content\">\n<p>0-5m<\/p>\n<\/div>\n<\/td>\n<\/tr>\n<tr>\n<td><strong>Area of Use<\/strong><\/td>\n<td>Areas such as logistics and warehouse applications.<\/td>\n<\/tr>\n<tr>\n<td><strong>Chip<\/strong><\/td>\n<td>Impinj M4E,M5, R6P<\/td>\n<\/tr>\n<tr>\n<td>Brand<\/td>\n<td><a href=\"\/marka\/rfiddepo\/\"><img decoding=\"async\" src=\"https:\/\/rfiddepo.com\/wp-content\/uploads\/2024\/01\/cropped-PNG-Copy.png\" \/><\/a><\/td>\n<\/tr>\n<\/tbody>\n<\/table>\n<p>&nbsp;<\/p>","protected":false},"excerpt":{"rendered":"<p>100\u00d7100 is an embedded UHF RFID tag with an Inpinh chip. It is commonly used in pallet and box RFID applications. As an RFID tag readable from long distances, it can be easily read from a distance of 4-5 meters.<\/p>\n<p><a href=\"\/wp-content\/uploads\/2025\/10\/100-x-100-UHF-RFID-Palet-Etiketi.pdf\" target=\"_blank\" class=\"datasheet-btn\" rel=\"noopener\"><br \/>\n\ud83d\udcc4 Datasheet<br \/>\n<\/a><\/p>","protected":false},"featured_media":147135,"comment_status":"closed","ping_status":"closed","template":"","meta":{"_monsterinsights_skip_tracking":false,"_monsterinsights_sitenote_active":false,"_monsterinsights_sitenote_note":"","_monsterinsights_sitenote_category":0},"product_brand":[127,129],"product_cat":[64,37,28],"product_tag":[89,78,80,81,82,86,91],"class_list":{"0":"post-147134","1":"product","2":"type-product","3":"status-publish","4":"has-post-thumbnail","6":"product_brand-impinj","7":"product_brand-rfiddepo","8":"product_cat-depo-rfid-etiketleri","9":"product_cat-rfid-etiketler","10":"product_cat-uhf-rfid-etiketler","11":"product_tag-100x100mm-uhf-etiket","12":"product_tag-etiket-uretimi","13":"product_tag-rfid-etiket","14":"product_tag-rfid-etiket-fiyati","15":"product_tag-rfid-etiket-tedarikcisi","16":"product_tag-uhf-rfid-etiket","17":"product_tag-uygun-fiyatli-etiket-rfid-palet-etiketi","19":"first","20":"instock","21":"shipping-taxable","22":"purchasable","23":"product-type-simple"},"yoast_head":"<!-- This site is optimized with the Yoast SEO plugin v26.6 - https:\/\/yoast.com\/wordpress\/plugins\/seo\/ -->\n<title>100 x 100 UHF RFID Palet Etiketi - RFID Depo<\/title>\n<meta name=\"description\" content=\"100x100 UHF RFID Palet Etiketi (Impinj \u00e7ipli), uzun mesafeli okumayla palet ve kolilerinizi an\u0131nda takip edin. Stok y\u00f6netiminizi optimize edin!\" \/>\n<meta name=\"robots\" content=\"index, follow, max-snippet:-1, max-image-preview:large, max-video-preview:-1\" \/>\n<link rel=\"canonical\" href=\"https:\/\/rfiddepo.com\/en\/urunlerimiz\/100-x-100-uhf-rfid-palet-etiketi\/\" \/>\n<meta property=\"og:locale\" content=\"en_US\" \/>\n<meta property=\"og:type\" content=\"article\" \/>\n<meta property=\"og:title\" content=\"100 x 100 UHF RFID Palet Etiketi - RFID Depo\" \/>\n<meta property=\"og:description\" content=\"100x100 UHF RFID Palet Etiketi (Impinj \u00e7ipli), uzun mesafeli okumayla palet ve kolilerinizi an\u0131nda takip edin. Stok y\u00f6netiminizi optimize edin!\" \/>\n<meta property=\"og:url\" content=\"https:\/\/rfiddepo.com\/en\/urunlerimiz\/100-x-100-uhf-rfid-palet-etiketi\/\" \/>\n<meta property=\"og:site_name\" content=\"RFID Depo\" \/>\n<meta property=\"article:modified_time\" content=\"2025-10-20T11:22:06+00:00\" \/>\n<meta property=\"og:image\" content=\"https:\/\/rfiddepo.com\/wp-content\/uploads\/2025\/09\/polyo-label.webp\" \/>\n\t<meta property=\"og:image:width\" content=\"800\" \/>\n\t<meta property=\"og:image:height\" content=\"799\" \/>\n\t<meta property=\"og:image:type\" content=\"image\/webp\" \/>\n<meta name=\"twitter:card\" content=\"summary_large_image\" \/>\n<meta name=\"twitter:label1\" content=\"Est. reading time\" \/>\n\t<meta name=\"twitter:data1\" content=\"1 minute\" \/>\n<script type=\"application\/ld+json\" class=\"yoast-schema-graph\">{\"@context\":\"https:\/\/schema.org\",\"@graph\":[{\"@type\":\"WebPage\",\"@id\":\"https:\/\/rfiddepo.com\/en\/urunlerimiz\/100-x-100-uhf-rfid-palet-etiketi\/\",\"url\":\"https:\/\/rfiddepo.com\/en\/urunlerimiz\/100-x-100-uhf-rfid-palet-etiketi\/\",\"name\":\"100 x 100 UHF RFID Palet Etiketi - RFID Depo\",\"isPartOf\":{\"@id\":\"https:\/\/rfiddepo.com\/en\/#website\"},\"primaryImageOfPage\":{\"@id\":\"https:\/\/rfiddepo.com\/en\/urunlerimiz\/100-x-100-uhf-rfid-palet-etiketi\/#primaryimage\"},\"image\":{\"@id\":\"https:\/\/rfiddepo.com\/en\/urunlerimiz\/100-x-100-uhf-rfid-palet-etiketi\/#primaryimage\"},\"thumbnailUrl\":\"https:\/\/rfiddepo.com\/wp-content\/uploads\/2025\/09\/polyo-label.webp\",\"datePublished\":\"2025-09-25T12:41:46+00:00\",\"dateModified\":\"2025-10-20T11:22:06+00:00\",\"description\":\"100x100 UHF RFID Palet Etiketi (Impinj \u00e7ipli), uzun mesafeli okumayla palet ve kolilerinizi an\u0131nda takip edin. Stok y\u00f6netiminizi optimize edin!\",\"breadcrumb\":{\"@id\":\"https:\/\/rfiddepo.com\/en\/urunlerimiz\/100-x-100-uhf-rfid-palet-etiketi\/#breadcrumb\"},\"inLanguage\":\"en-US\",\"potentialAction\":[{\"@type\":\"ReadAction\",\"target\":[\"https:\/\/rfiddepo.com\/en\/urunlerimiz\/100-x-100-uhf-rfid-palet-etiketi\/\"]}]},{\"@type\":\"ImageObject\",\"inLanguage\":\"en-US\",\"@id\":\"https:\/\/rfiddepo.com\/en\/urunlerimiz\/100-x-100-uhf-rfid-palet-etiketi\/#primaryimage\",\"url\":\"https:\/\/rfiddepo.com\/wp-content\/uploads\/2025\/09\/polyo-label.webp\",\"contentUrl\":\"https:\/\/rfiddepo.com\/wp-content\/uploads\/2025\/09\/polyo-label.webp\",\"width\":800,\"height\":799},{\"@type\":\"BreadcrumbList\",\"@id\":\"https:\/\/rfiddepo.com\/en\/urunlerimiz\/100-x-100-uhf-rfid-palet-etiketi\/#breadcrumb\",\"itemListElement\":[{\"@type\":\"ListItem\",\"position\":1,\"name\":\"Anasayfa\",\"item\":\"https:\/\/rfiddepo.com\/en\/\"},{\"@type\":\"ListItem\",\"position\":2,\"name\":\"Urunler\",\"item\":\"https:\/\/rfiddepo.com\/urunler\/\"},{\"@type\":\"ListItem\",\"position\":3,\"name\":\"100 x 100 UHF RFID Palet Etiketi\"}]},{\"@type\":\"WebSite\",\"@id\":\"https:\/\/rfiddepo.com\/en\/#website\",\"url\":\"https:\/\/rfiddepo.com\/en\/\",\"name\":\"RFID Depo\",\"description\":\"\",\"publisher\":{\"@id\":\"https:\/\/rfiddepo.com\/en\/#organization\"},\"potentialAction\":[{\"@type\":\"SearchAction\",\"target\":{\"@type\":\"EntryPoint\",\"urlTemplate\":\"https:\/\/rfiddepo.com\/en\/?s={search_term_string}\"},\"query-input\":{\"@type\":\"PropertyValueSpecification\",\"valueRequired\":true,\"valueName\":\"search_term_string\"}}],\"inLanguage\":\"en-US\"},{\"@type\":\"Organization\",\"@id\":\"https:\/\/rfiddepo.com\/en\/#organization\",\"name\":\"%%sitename%%\",\"url\":\"https:\/\/rfiddepo.com\/en\/\",\"logo\":{\"@type\":\"ImageObject\",\"inLanguage\":\"en-US\",\"@id\":\"https:\/\/rfiddepo.com\/en\/#\/schema\/logo\/image\/\",\"url\":\"https:\/\/rfiddepo.com\/wp-content\/uploads\/2025\/09\/rfiddepo-logo.png\",\"contentUrl\":\"https:\/\/rfiddepo.com\/wp-content\/uploads\/2025\/09\/rfiddepo-logo.png\",\"width\":500,\"height\":106,\"caption\":\"%%sitename%%\"},\"image\":{\"@id\":\"https:\/\/rfiddepo.com\/en\/#\/schema\/logo\/image\/\"}}]}<\/script>\n<!-- \/ Yoast SEO plugin. -->","yoast_head_json":{"title":"100 x 100 UHF RFID Palet Etiketi - RFID Depo","description":"100x100 UHF RFID Palet Etiketi (Impinj \u00e7ipli), uzun mesafeli okumayla palet ve kolilerinizi an\u0131nda takip edin. Stok y\u00f6netiminizi optimize edin!","robots":{"index":"index","follow":"follow","max-snippet":"max-snippet:-1","max-image-preview":"max-image-preview:large","max-video-preview":"max-video-preview:-1"},"canonical":"https:\/\/rfiddepo.com\/en\/urunlerimiz\/100-x-100-uhf-rfid-palet-etiketi\/","og_locale":"en_US","og_type":"article","og_title":"100 x 100 UHF RFID Palet Etiketi - RFID Depo","og_description":"100x100 UHF RFID Palet Etiketi (Impinj \u00e7ipli), uzun mesafeli okumayla palet ve kolilerinizi an\u0131nda takip edin. Stok y\u00f6netiminizi optimize edin!","og_url":"https:\/\/rfiddepo.com\/en\/urunlerimiz\/100-x-100-uhf-rfid-palet-etiketi\/","og_site_name":"RFID Depo","article_modified_time":"2025-10-20T11:22:06+00:00","og_image":[{"width":800,"height":799,"url":"https:\/\/rfiddepo.com\/wp-content\/uploads\/2025\/09\/polyo-label.webp","type":"image\/webp"}],"twitter_card":"summary_large_image","twitter_misc":{"Est. reading time":"1 minute"},"schema":{"@context":"https:\/\/schema.org","@graph":[{"@type":"WebPage","@id":"https:\/\/rfiddepo.com\/en\/urunlerimiz\/100-x-100-uhf-rfid-palet-etiketi\/","url":"https:\/\/rfiddepo.com\/en\/urunlerimiz\/100-x-100-uhf-rfid-palet-etiketi\/","name":"100 x 100 UHF RFID Palet Etiketi - RFID Depo","isPartOf":{"@id":"https:\/\/rfiddepo.com\/en\/#website"},"primaryImageOfPage":{"@id":"https:\/\/rfiddepo.com\/en\/urunlerimiz\/100-x-100-uhf-rfid-palet-etiketi\/#primaryimage"},"image":{"@id":"https:\/\/rfiddepo.com\/en\/urunlerimiz\/100-x-100-uhf-rfid-palet-etiketi\/#primaryimage"},"thumbnailUrl":"https:\/\/rfiddepo.com\/wp-content\/uploads\/2025\/09\/polyo-label.webp","datePublished":"2025-09-25T12:41:46+00:00","dateModified":"2025-10-20T11:22:06+00:00","description":"100x100 UHF RFID Palet Etiketi (Impinj \u00e7ipli), uzun mesafeli okumayla palet ve kolilerinizi an\u0131nda takip edin. Stok y\u00f6netiminizi optimize edin!","breadcrumb":{"@id":"https:\/\/rfiddepo.com\/en\/urunlerimiz\/100-x-100-uhf-rfid-palet-etiketi\/#breadcrumb"},"inLanguage":"en-US","potentialAction":[{"@type":"ReadAction","target":["https:\/\/rfiddepo.com\/en\/urunlerimiz\/100-x-100-uhf-rfid-palet-etiketi\/"]}]},{"@type":"ImageObject","inLanguage":"en-US","@id":"https:\/\/rfiddepo.com\/en\/urunlerimiz\/100-x-100-uhf-rfid-palet-etiketi\/#primaryimage","url":"https:\/\/rfiddepo.com\/wp-content\/uploads\/2025\/09\/polyo-label.webp","contentUrl":"https:\/\/rfiddepo.com\/wp-content\/uploads\/2025\/09\/polyo-label.webp","width":800,"height":799},{"@type":"BreadcrumbList","@id":"https:\/\/rfiddepo.com\/en\/urunlerimiz\/100-x-100-uhf-rfid-palet-etiketi\/#breadcrumb","itemListElement":[{"@type":"ListItem","position":1,"name":"Anasayfa","item":"https:\/\/rfiddepo.com\/en\/"},{"@type":"ListItem","position":2,"name":"Urunler","item":"https:\/\/rfiddepo.com\/urunler\/"},{"@type":"ListItem","position":3,"name":"100 x 100 UHF RFID Palet Etiketi"}]},{"@type":"WebSite","@id":"https:\/\/rfiddepo.com\/en\/#website","url":"https:\/\/rfiddepo.com\/en\/","name":"RFID Depo","description":"","publisher":{"@id":"https:\/\/rfiddepo.com\/en\/#organization"},"potentialAction":[{"@type":"SearchAction","target":{"@type":"EntryPoint","urlTemplate":"https:\/\/rfiddepo.com\/en\/?s={search_term_string}"},"query-input":{"@type":"PropertyValueSpecification","valueRequired":true,"valueName":"search_term_string"}}],"inLanguage":"en-US"},{"@type":"Organization","@id":"https:\/\/rfiddepo.com\/en\/#organization","name":"%%sitename%%","url":"https:\/\/rfiddepo.com\/en\/","logo":{"@type":"ImageObject","inLanguage":"en-US","@id":"https:\/\/rfiddepo.com\/en\/#\/schema\/logo\/image\/","url":"https:\/\/rfiddepo.com\/wp-content\/uploads\/2025\/09\/rfiddepo-logo.png","contentUrl":"https:\/\/rfiddepo.com\/wp-content\/uploads\/2025\/09\/rfiddepo-logo.png","width":500,"height":106,"caption":"%%sitename%%"},"image":{"@id":"https:\/\/rfiddepo.com\/en\/#\/schema\/logo\/image\/"}}]}},"_links":{"self":[{"href":"https:\/\/rfiddepo.com\/en\/wp-json\/wp\/v2\/product\/147134","targetHints":{"allow":["GET"]}}],"collection":[{"href":"https:\/\/rfiddepo.com\/en\/wp-json\/wp\/v2\/product"}],"about":[{"href":"https:\/\/rfiddepo.com\/en\/wp-json\/wp\/v2\/types\/product"}],"replies":[{"embeddable":true,"href":"https:\/\/rfiddepo.com\/en\/wp-json\/wp\/v2\/comments?post=147134"}],"wp:featuredmedia":[{"embeddable":true,"href":"https:\/\/rfiddepo.com\/en\/wp-json\/wp\/v2\/media\/147135"}],"wp:attachment":[{"href":"https:\/\/rfiddepo.com\/en\/wp-json\/wp\/v2\/media?parent=147134"}],"wp:term":[{"taxonomy":"product_brand","embeddable":true,"href":"https:\/\/rfiddepo.com\/en\/wp-json\/wp\/v2\/product_brand?post=147134"},{"taxonomy":"product_cat","embeddable":true,"href":"https:\/\/rfiddepo.com\/en\/wp-json\/wp\/v2\/product_cat?post=147134"},{"taxonomy":"product_tag","embeddable":true,"href":"https:\/\/rfiddepo.com\/en\/wp-json\/wp\/v2\/product_tag?post=147134"}],"curies":[{"name":"wp","href":"https:\/\/api.w.org\/{rel}","templated":true}]}}