{"id":147131,"date":"2025-09-25T12:01:23","date_gmt":"2025-09-25T12:01:23","guid":{"rendered":"http:\/\/www.test.rfiddepo.com\/?post_type=product&#038;p=147131"},"modified":"2025-10-22T09:24:13","modified_gmt":"2025-10-22T09:24:13","slug":"smartrac-dogbone-rfid-etiket","status":"publish","type":"product","link":"https:\/\/rfiddepo.com\/en\/urunlerimiz\/smartrac-dogbone-rfid-etiket\/","title":{"rendered":"SMARTRAC DOGBONE RFID Label"},"content":{"rendered":"<table class=\"blueTable\">\n<tbody>\n<tr>\n<td><strong>Product Name<\/strong><\/td>\n<td>SMARTRAC DOGBONE RFID Label<\/td>\n<\/tr>\n<tr>\n<td><strong>Operating Frequency<\/strong><\/td>\n<td>ETSI 865.6\u2013867.6 MHz or FCC\/IC 902\u2013928 MHz-<\/td>\n<\/tr>\n<tr>\n<td><strong>Dimensions<\/strong><\/td>\n<td>94\u00d724<\/td>\n<\/tr>\n<tr>\n<td><strong>Memory<\/strong><\/td>\n<td>EPC: 128bits<br \/>\nUser: 32 bit<\/td>\n<\/tr>\n<tr>\n<td><strong>Reading Distance<\/strong><\/td>\n<td>\n<div class=\"spec-content\">\n<p>Fixed reader Read Range (m) :Up to 10.0<br \/>\nHandheld reader Read Range (m):Up to 7.0<\/p>\n<\/div>\n<\/td>\n<\/tr>\n<tr>\n<td><b>Area of use<\/b><\/td>\n<td>Logistics, Retail<\/td>\n<\/tr>\n<tr>\n<td><strong>IP Rating<\/strong><\/td>\n<td>\u2013<\/td>\n<\/tr>\n<tr>\n<td><strong>Operating Temperature<\/strong><\/td>\n<td>10\u00b0 to +40\u00b0C<\/td>\n<\/tr>\n<tr>\n<td><strong>Chip<\/strong><\/td>\n<td>Impinj R6P<\/td>\n<\/tr>\n<tr>\n<td><strong>Brand<br \/>\n<\/strong><\/td>\n<td><a href=\"\/marka\/smartrac\/\"><img decoding=\"async\" src=\"https:\/\/rfiddepoweb.workindigi.com\/wp-content\/uploads\/2024\/01\/smartrac.webp\" \/><\/a><\/td>\n<\/tr>\n<\/tbody>\n<\/table>","protected":false},"excerpt":{"rendered":"<p>DOGBONE is a product of SmarTrac, featuring an embedded Impinj chip, used in equipment such as boxes, crates, etc. Due to its large size, it delivers excellent reading performance. It can be read up to 7 meters with a handheld terminal.<\/p>\n<div class=\"datasheet\"><a href=\"\/wp-content\/uploads\/2025\/10\/smartrac-dogbone-rfid-etiketi-datasheet.pdf\" target=\"_blank\" class=\"datasheet-btn\" rel=\"noopener\"><br \/>\n\ud83d\udcc4 Datasheet<br \/>\n<\/a><\/div>","protected":false},"featured_media":147139,"comment_status":"closed","ping_status":"closed","template":"","meta":{"_monsterinsights_skip_tracking":false,"_monsterinsights_sitenote_active":false,"_monsterinsights_sitenote_note":"","_monsterinsights_sitenote_category":0},"product_brand":[128],"product_cat":[37,28],"product_tag":[78,79,80,81,82,83,84,85,86,87],"class_list":{"0":"post-147131","1":"product","2":"type-product","3":"status-publish","4":"has-post-thumbnail","6":"product_brand-smartrac","7":"product_cat-rfid-etiketler","8":"product_cat-uhf-rfid-etiketler","9":"product_tag-etiket-uretimi","10":"product_tag-miniweb","11":"product_tag-rfid-etiket","12":"product_tag-rfid-etiket-fiyati","13":"product_tag-rfid-etiket-tedarikcisi","14":"product_tag-shortdipole","15":"product_tag-smartrac-shortdipole-rfid-etiket","16":"product_tag-uhf-etiket","17":"product_tag-uhf-rfid-etiket","18":"product_tag-uygun-fiyatli-etiket","20":"first","21":"instock","22":"shipping-taxable","23":"purchasable","24":"product-type-simple"},"yoast_head":"<!-- This site is optimized with the Yoast SEO plugin v26.6 - https:\/\/yoast.com\/wordpress\/plugins\/seo\/ -->\n<title>SMARTRAC DOGBONE RFID Etiket - RFID Depo<\/title>\n<meta name=\"description\" content=\"B\u00fcy\u00fck \u00fcr\u00fcn takibini kolayla\u015ft\u0131r\u0131n! SMARTRAC DOGBONE RFID Etiketi, Impinj \u00e7ip ile 7 metreye kadar okuma mesafesi sunar. Lojistik verimlili\u011finizi an\u0131nda art\u0131r\u0131n!\" \/>\n<meta name=\"robots\" content=\"index, follow, max-snippet:-1, max-image-preview:large, max-video-preview:-1\" \/>\n<link rel=\"canonical\" href=\"https:\/\/rfiddepo.com\/en\/urunlerimiz\/smartrac-dogbone-rfid-etiket\/\" \/>\n<meta property=\"og:locale\" content=\"en_US\" \/>\n<meta property=\"og:type\" content=\"article\" \/>\n<meta property=\"og:title\" content=\"SMARTRAC DOGBONE RFID Etiket - RFID Depo\" \/>\n<meta property=\"og:description\" content=\"B\u00fcy\u00fck \u00fcr\u00fcn takibini kolayla\u015ft\u0131r\u0131n! SMARTRAC DOGBONE RFID Etiketi, Impinj \u00e7ip ile 7 metreye kadar okuma mesafesi sunar. Lojistik verimlili\u011finizi an\u0131nda art\u0131r\u0131n!\" \/>\n<meta property=\"og:url\" content=\"https:\/\/rfiddepo.com\/en\/urunlerimiz\/smartrac-dogbone-rfid-etiket\/\" \/>\n<meta property=\"og:site_name\" content=\"RFID Depo\" \/>\n<meta property=\"article:modified_time\" content=\"2025-10-22T09:24:13+00:00\" \/>\n<meta property=\"og:image\" content=\"https:\/\/rfiddepo.com\/wp-content\/uploads\/2025\/09\/smartrac-dogbone-rfid-etiket1.jpg\" \/>\n\t<meta property=\"og:image:width\" content=\"700\" \/>\n\t<meta property=\"og:image:height\" content=\"660\" \/>\n\t<meta property=\"og:image:type\" content=\"image\/jpeg\" \/>\n<meta name=\"twitter:card\" content=\"summary_large_image\" \/>\n<meta name=\"twitter:label1\" content=\"Est. reading time\" \/>\n\t<meta name=\"twitter:data1\" content=\"1 minute\" \/>\n<script type=\"application\/ld+json\" class=\"yoast-schema-graph\">{\"@context\":\"https:\/\/schema.org\",\"@graph\":[{\"@type\":\"WebPage\",\"@id\":\"https:\/\/rfiddepo.com\/en\/urunlerimiz\/smartrac-dogbone-rfid-etiket\/\",\"url\":\"https:\/\/rfiddepo.com\/en\/urunlerimiz\/smartrac-dogbone-rfid-etiket\/\",\"name\":\"SMARTRAC DOGBONE RFID Etiket - RFID Depo\",\"isPartOf\":{\"@id\":\"https:\/\/rfiddepo.com\/en\/#website\"},\"primaryImageOfPage\":{\"@id\":\"https:\/\/rfiddepo.com\/en\/urunlerimiz\/smartrac-dogbone-rfid-etiket\/#primaryimage\"},\"image\":{\"@id\":\"https:\/\/rfiddepo.com\/en\/urunlerimiz\/smartrac-dogbone-rfid-etiket\/#primaryimage\"},\"thumbnailUrl\":\"https:\/\/rfiddepo.com\/wp-content\/uploads\/2025\/09\/smartrac-dogbone-rfid-etiket1.jpg\",\"datePublished\":\"2025-09-25T12:01:23+00:00\",\"dateModified\":\"2025-10-22T09:24:13+00:00\",\"description\":\"B\u00fcy\u00fck \u00fcr\u00fcn takibini kolayla\u015ft\u0131r\u0131n! SMARTRAC DOGBONE RFID Etiketi, Impinj \u00e7ip ile 7 metreye kadar okuma mesafesi sunar. Lojistik verimlili\u011finizi an\u0131nda art\u0131r\u0131n!\",\"breadcrumb\":{\"@id\":\"https:\/\/rfiddepo.com\/en\/urunlerimiz\/smartrac-dogbone-rfid-etiket\/#breadcrumb\"},\"inLanguage\":\"en-US\",\"potentialAction\":[{\"@type\":\"ReadAction\",\"target\":[\"https:\/\/rfiddepo.com\/en\/urunlerimiz\/smartrac-dogbone-rfid-etiket\/\"]}]},{\"@type\":\"ImageObject\",\"inLanguage\":\"en-US\",\"@id\":\"https:\/\/rfiddepo.com\/en\/urunlerimiz\/smartrac-dogbone-rfid-etiket\/#primaryimage\",\"url\":\"https:\/\/rfiddepo.com\/wp-content\/uploads\/2025\/09\/smartrac-dogbone-rfid-etiket1.jpg\",\"contentUrl\":\"https:\/\/rfiddepo.com\/wp-content\/uploads\/2025\/09\/smartrac-dogbone-rfid-etiket1.jpg\",\"width\":700,\"height\":660},{\"@type\":\"BreadcrumbList\",\"@id\":\"https:\/\/rfiddepo.com\/en\/urunlerimiz\/smartrac-dogbone-rfid-etiket\/#breadcrumb\",\"itemListElement\":[{\"@type\":\"ListItem\",\"position\":1,\"name\":\"Anasayfa\",\"item\":\"https:\/\/rfiddepo.com\/en\/\"},{\"@type\":\"ListItem\",\"position\":2,\"name\":\"Urunler\",\"item\":\"https:\/\/rfiddepo.com\/urunler\/\"},{\"@type\":\"ListItem\",\"position\":3,\"name\":\"SMARTRAC DOGBONE RFID Etiket\"}]},{\"@type\":\"WebSite\",\"@id\":\"https:\/\/rfiddepo.com\/en\/#website\",\"url\":\"https:\/\/rfiddepo.com\/en\/\",\"name\":\"RFID Depo\",\"description\":\"\",\"publisher\":{\"@id\":\"https:\/\/rfiddepo.com\/en\/#organization\"},\"potentialAction\":[{\"@type\":\"SearchAction\",\"target\":{\"@type\":\"EntryPoint\",\"urlTemplate\":\"https:\/\/rfiddepo.com\/en\/?s={search_term_string}\"},\"query-input\":{\"@type\":\"PropertyValueSpecification\",\"valueRequired\":true,\"valueName\":\"search_term_string\"}}],\"inLanguage\":\"en-US\"},{\"@type\":\"Organization\",\"@id\":\"https:\/\/rfiddepo.com\/en\/#organization\",\"name\":\"%%sitename%%\",\"url\":\"https:\/\/rfiddepo.com\/en\/\",\"logo\":{\"@type\":\"ImageObject\",\"inLanguage\":\"en-US\",\"@id\":\"https:\/\/rfiddepo.com\/en\/#\/schema\/logo\/image\/\",\"url\":\"https:\/\/rfiddepo.com\/wp-content\/uploads\/2025\/09\/rfiddepo-logo.png\",\"contentUrl\":\"https:\/\/rfiddepo.com\/wp-content\/uploads\/2025\/09\/rfiddepo-logo.png\",\"width\":500,\"height\":106,\"caption\":\"%%sitename%%\"},\"image\":{\"@id\":\"https:\/\/rfiddepo.com\/en\/#\/schema\/logo\/image\/\"}}]}<\/script>\n<!-- \/ Yoast SEO plugin. -->","yoast_head_json":{"title":"SMARTRAC DOGBONE RFID Etiket - RFID Depo","description":"B\u00fcy\u00fck \u00fcr\u00fcn takibini kolayla\u015ft\u0131r\u0131n! SMARTRAC DOGBONE RFID Etiketi, Impinj \u00e7ip ile 7 metreye kadar okuma mesafesi sunar. Lojistik verimlili\u011finizi an\u0131nda art\u0131r\u0131n!","robots":{"index":"index","follow":"follow","max-snippet":"max-snippet:-1","max-image-preview":"max-image-preview:large","max-video-preview":"max-video-preview:-1"},"canonical":"https:\/\/rfiddepo.com\/en\/urunlerimiz\/smartrac-dogbone-rfid-etiket\/","og_locale":"en_US","og_type":"article","og_title":"SMARTRAC DOGBONE RFID Etiket - RFID Depo","og_description":"B\u00fcy\u00fck \u00fcr\u00fcn takibini kolayla\u015ft\u0131r\u0131n! SMARTRAC DOGBONE RFID Etiketi, Impinj \u00e7ip ile 7 metreye kadar okuma mesafesi sunar. Lojistik verimlili\u011finizi an\u0131nda art\u0131r\u0131n!","og_url":"https:\/\/rfiddepo.com\/en\/urunlerimiz\/smartrac-dogbone-rfid-etiket\/","og_site_name":"RFID Depo","article_modified_time":"2025-10-22T09:24:13+00:00","og_image":[{"width":700,"height":660,"url":"https:\/\/rfiddepo.com\/wp-content\/uploads\/2025\/09\/smartrac-dogbone-rfid-etiket1.jpg","type":"image\/jpeg"}],"twitter_card":"summary_large_image","twitter_misc":{"Est. reading time":"1 minute"},"schema":{"@context":"https:\/\/schema.org","@graph":[{"@type":"WebPage","@id":"https:\/\/rfiddepo.com\/en\/urunlerimiz\/smartrac-dogbone-rfid-etiket\/","url":"https:\/\/rfiddepo.com\/en\/urunlerimiz\/smartrac-dogbone-rfid-etiket\/","name":"SMARTRAC DOGBONE RFID Etiket - RFID Depo","isPartOf":{"@id":"https:\/\/rfiddepo.com\/en\/#website"},"primaryImageOfPage":{"@id":"https:\/\/rfiddepo.com\/en\/urunlerimiz\/smartrac-dogbone-rfid-etiket\/#primaryimage"},"image":{"@id":"https:\/\/rfiddepo.com\/en\/urunlerimiz\/smartrac-dogbone-rfid-etiket\/#primaryimage"},"thumbnailUrl":"https:\/\/rfiddepo.com\/wp-content\/uploads\/2025\/09\/smartrac-dogbone-rfid-etiket1.jpg","datePublished":"2025-09-25T12:01:23+00:00","dateModified":"2025-10-22T09:24:13+00:00","description":"B\u00fcy\u00fck \u00fcr\u00fcn takibini kolayla\u015ft\u0131r\u0131n! SMARTRAC DOGBONE RFID Etiketi, Impinj \u00e7ip ile 7 metreye kadar okuma mesafesi sunar. Lojistik verimlili\u011finizi an\u0131nda art\u0131r\u0131n!","breadcrumb":{"@id":"https:\/\/rfiddepo.com\/en\/urunlerimiz\/smartrac-dogbone-rfid-etiket\/#breadcrumb"},"inLanguage":"en-US","potentialAction":[{"@type":"ReadAction","target":["https:\/\/rfiddepo.com\/en\/urunlerimiz\/smartrac-dogbone-rfid-etiket\/"]}]},{"@type":"ImageObject","inLanguage":"en-US","@id":"https:\/\/rfiddepo.com\/en\/urunlerimiz\/smartrac-dogbone-rfid-etiket\/#primaryimage","url":"https:\/\/rfiddepo.com\/wp-content\/uploads\/2025\/09\/smartrac-dogbone-rfid-etiket1.jpg","contentUrl":"https:\/\/rfiddepo.com\/wp-content\/uploads\/2025\/09\/smartrac-dogbone-rfid-etiket1.jpg","width":700,"height":660},{"@type":"BreadcrumbList","@id":"https:\/\/rfiddepo.com\/en\/urunlerimiz\/smartrac-dogbone-rfid-etiket\/#breadcrumb","itemListElement":[{"@type":"ListItem","position":1,"name":"Anasayfa","item":"https:\/\/rfiddepo.com\/en\/"},{"@type":"ListItem","position":2,"name":"Urunler","item":"https:\/\/rfiddepo.com\/urunler\/"},{"@type":"ListItem","position":3,"name":"SMARTRAC DOGBONE RFID Etiket"}]},{"@type":"WebSite","@id":"https:\/\/rfiddepo.com\/en\/#website","url":"https:\/\/rfiddepo.com\/en\/","name":"RFID Depo","description":"","publisher":{"@id":"https:\/\/rfiddepo.com\/en\/#organization"},"potentialAction":[{"@type":"SearchAction","target":{"@type":"EntryPoint","urlTemplate":"https:\/\/rfiddepo.com\/en\/?s={search_term_string}"},"query-input":{"@type":"PropertyValueSpecification","valueRequired":true,"valueName":"search_term_string"}}],"inLanguage":"en-US"},{"@type":"Organization","@id":"https:\/\/rfiddepo.com\/en\/#organization","name":"%%sitename%%","url":"https:\/\/rfiddepo.com\/en\/","logo":{"@type":"ImageObject","inLanguage":"en-US","@id":"https:\/\/rfiddepo.com\/en\/#\/schema\/logo\/image\/","url":"https:\/\/rfiddepo.com\/wp-content\/uploads\/2025\/09\/rfiddepo-logo.png","contentUrl":"https:\/\/rfiddepo.com\/wp-content\/uploads\/2025\/09\/rfiddepo-logo.png","width":500,"height":106,"caption":"%%sitename%%"},"image":{"@id":"https:\/\/rfiddepo.com\/en\/#\/schema\/logo\/image\/"}}]}},"_links":{"self":[{"href":"https:\/\/rfiddepo.com\/en\/wp-json\/wp\/v2\/product\/147131","targetHints":{"allow":["GET"]}}],"collection":[{"href":"https:\/\/rfiddepo.com\/en\/wp-json\/wp\/v2\/product"}],"about":[{"href":"https:\/\/rfiddepo.com\/en\/wp-json\/wp\/v2\/types\/product"}],"replies":[{"embeddable":true,"href":"https:\/\/rfiddepo.com\/en\/wp-json\/wp\/v2\/comments?post=147131"}],"wp:featuredmedia":[{"embeddable":true,"href":"https:\/\/rfiddepo.com\/en\/wp-json\/wp\/v2\/media\/147139"}],"wp:attachment":[{"href":"https:\/\/rfiddepo.com\/en\/wp-json\/wp\/v2\/media?parent=147131"}],"wp:term":[{"taxonomy":"product_brand","embeddable":true,"href":"https:\/\/rfiddepo.com\/en\/wp-json\/wp\/v2\/product_brand?post=147131"},{"taxonomy":"product_cat","embeddable":true,"href":"https:\/\/rfiddepo.com\/en\/wp-json\/wp\/v2\/product_cat?post=147131"},{"taxonomy":"product_tag","embeddable":true,"href":"https:\/\/rfiddepo.com\/en\/wp-json\/wp\/v2\/product_tag?post=147131"}],"curies":[{"name":"wp","href":"https:\/\/api.w.org\/{rel}","templated":true}]}}