{"id":11552,"date":"2024-03-15T14:05:37","date_gmt":"2024-03-15T14:05:37","guid":{"rendered":"http:\/\/www.test.rfiddepo.com\/?post_type=product&#038;p=11552"},"modified":"2025-10-20T11:22:34","modified_gmt":"2025-10-20T11:22:34","slug":"uhf-rfid-panel-anten9dbi","status":"publish","type":"product","link":"https:\/\/rfiddepo.com\/en\/urunlerimiz\/uhf-rfid-panel-anten9dbi\/","title":{"rendered":"UHF RFID Panel Antenna (9dBi)"},"content":{"rendered":"<table class=\"blueTable\">\n<tbody>\n<tr>\n<td>Profit<\/td>\n<td>9 dBi<\/td>\n<\/tr>\n<tr>\n<td>Frequency Range<\/td>\n<td>860\u2013960 MHz (UHF Global Band)<\/td>\n<\/tr>\n<tr>\n<td>Application Areas<\/td>\n<td>Textile tracking, automotive production lines, jewelry security systems, warehouse and inventory tracking<\/td>\n<\/tr>\n<tr>\n<td>Installation<\/td>\n<td>Easy installation on walls, poles, or shelving systems<\/td>\n<\/tr>\n<tr>\n<td>Durability<\/td>\n<td>IP-compliant outer casing<\/td>\n<\/tr>\n<tr>\n<td>Areas of Use Details<\/td>\n<td>Textiles: Product tracking, security, and inventory counting operations<br \/>\nAutomotive: Parts tracking and production process management<br \/>\nLogistics: Loading and unloading control and shipment accuracy<br \/>\nJewelry: High-security product tracking solutions<br \/>\nWarehouse Automation: Fast and error-free inventory control<\/td>\n<\/tr>\n<tr>\n<td>Brand<\/td>\n<td><a href=\"\/marka\/rfiddepo\/\"><img decoding=\"async\" src=\"https:\/\/rfiddepo.com\/wp-content\/uploads\/2024\/01\/cropped-PNG-Copy.png\" \/><\/a><\/td>\n<\/tr>\n<\/tbody>\n<\/table>\n<h3>Key Features:<\/h3>\n<ul>\n<li><strong>Profit:<\/strong> 9 dBi<\/li>\n<li><strong>Frequency Range:<\/strong> 860\u2013960 MHz (UHF Global Band)<\/li>\n<li><strong>Application Areas:<\/strong> Textile tracking, automotive production lines, jewelry security systems, warehouse and inventory tracking<\/li>\n<li><strong>Installation:<\/strong> Easy installation on walls, poles, or shelving systems<\/li>\n<li><strong>Durability:<\/strong> IP-compliant outer casing<\/li>\n<\/ul>\n<h3>Areas of Use:<\/h3>\n<ul>\n<li><strong>Textiles:<\/strong> Product tracking, security, and inventory management<\/li>\n<li><strong>Automotive:<\/strong> Part tracking and production process management<\/li>\n<li><strong>Logistics:<\/strong> Loading and unloading control and shipment accuracy<\/li>\n<li><strong>Jewelry:<\/strong> High-security product tracking solutions<\/li>\n<li><strong>Warehouse Automation:<\/strong> Fast and error-free inventory control<\/li>\n<\/ul>\n<p><strong>rfiddepo.com<\/strong> , The UHF RFID Panel Antenna (9 dBi), backed by our guarantee, takes your RFID infrastructure to a professional level. Buy now and experience powerful RFID performance!<\/p>","protected":false},"excerpt":{"rendered":"<p><strong>UHF RFID Panel Antenna (9 dBi)<\/strong>, Offers high efficiency in your RFID projects with a wide reading range and stable signal transmission. It is an ideal solution for secure and accurate data flow in various industries such as textiles, automotive, logistics, jewelry, and warehouse automation.<\/p>","protected":false},"featured_media":148076,"comment_status":"closed","ping_status":"closed","template":"","meta":{"_monsterinsights_skip_tracking":false,"_monsterinsights_sitenote_active":false,"_monsterinsights_sitenote_note":"","_monsterinsights_sitenote_category":0},"product_brand":[129],"product_cat":[34,28],"product_tag":[457,458,459],"class_list":{"0":"post-11552","1":"product","2":"type-product","3":"status-publish","4":"has-post-thumbnail","6":"product_brand-rfiddepo","7":"product_cat-rfid-antenler","8":"product_cat-uhf-rfid-etiketler","9":"product_tag-uhf-rfid","10":"product_tag-uhf-rfid-panel-anten","11":"product_tag-uhf-rfid-panel-anten9dbi","13":"first","14":"instock","15":"shipping-taxable","16":"purchasable","17":"product-type-simple"},"yoast_head":"<!-- This site is optimized with the Yoast SEO plugin v26.6 - https:\/\/yoast.com\/wordpress\/plugins\/seo\/ -->\n<title>UHF RFID Panel Anten(9Dbi) - RFID Depo<\/title>\n<meta name=\"description\" content=\"UHF RFID Panel Anten (9 dBi), tekstil, lojistik, otomotiv ve kuyumculuk sekt\u00f6rlerinde y\u00fcksek performansl\u0131 veri iletimi sa\u011flar. RFID \u00e7\u00f6z\u00fcmleri i\u00e7in rfiddepo.com\u2019da!\" \/>\n<meta name=\"robots\" content=\"index, follow, max-snippet:-1, max-image-preview:large, max-video-preview:-1\" \/>\n<link rel=\"canonical\" href=\"https:\/\/rfiddepo.com\/en\/urunlerimiz\/uhf-rfid-panel-anten9dbi\/\" \/>\n<meta property=\"og:locale\" content=\"en_US\" \/>\n<meta property=\"og:type\" content=\"article\" \/>\n<meta property=\"og:title\" content=\"UHF RFID Panel Anten(9Dbi) - RFID Depo\" \/>\n<meta property=\"og:description\" content=\"UHF RFID Panel Anten (9 dBi), tekstil, lojistik, otomotiv ve kuyumculuk sekt\u00f6rlerinde y\u00fcksek performansl\u0131 veri iletimi sa\u011flar. RFID \u00e7\u00f6z\u00fcmleri i\u00e7in rfiddepo.com\u2019da!\" \/>\n<meta property=\"og:url\" content=\"https:\/\/rfiddepo.com\/en\/urunlerimiz\/uhf-rfid-panel-anten9dbi\/\" \/>\n<meta property=\"og:site_name\" content=\"RFID Depo\" \/>\n<meta property=\"article:modified_time\" content=\"2025-10-20T11:22:34+00:00\" \/>\n<meta property=\"og:image\" content=\"https:\/\/rfiddepo.com\/wp-content\/uploads\/2025\/10\/29-5494-scaled-1.jpg\" \/>\n\t<meta property=\"og:image:width\" content=\"2560\" \/>\n\t<meta property=\"og:image:height\" content=\"2560\" \/>\n\t<meta property=\"og:image:type\" content=\"image\/jpeg\" \/>\n<meta name=\"twitter:card\" content=\"summary_large_image\" \/>\n<meta name=\"twitter:label1\" content=\"Est. reading time\" \/>\n\t<meta name=\"twitter:data1\" content=\"2 minutes\" \/>\n<script type=\"application\/ld+json\" class=\"yoast-schema-graph\">{\"@context\":\"https:\/\/schema.org\",\"@graph\":[{\"@type\":\"WebPage\",\"@id\":\"https:\/\/rfiddepo.com\/en\/urunlerimiz\/uhf-rfid-panel-anten9dbi\/\",\"url\":\"https:\/\/rfiddepo.com\/en\/urunlerimiz\/uhf-rfid-panel-anten9dbi\/\",\"name\":\"UHF RFID Panel Anten(9Dbi) - RFID Depo\",\"isPartOf\":{\"@id\":\"https:\/\/rfiddepo.com\/en\/#website\"},\"primaryImageOfPage\":{\"@id\":\"https:\/\/rfiddepo.com\/en\/urunlerimiz\/uhf-rfid-panel-anten9dbi\/#primaryimage\"},\"image\":{\"@id\":\"https:\/\/rfiddepo.com\/en\/urunlerimiz\/uhf-rfid-panel-anten9dbi\/#primaryimage\"},\"thumbnailUrl\":\"https:\/\/rfiddepo.com\/wp-content\/uploads\/2025\/10\/29-5494-scaled-1.jpg\",\"datePublished\":\"2024-03-15T14:05:37+00:00\",\"dateModified\":\"2025-10-20T11:22:34+00:00\",\"description\":\"UHF RFID Panel Anten (9 dBi), tekstil, lojistik, otomotiv ve kuyumculuk sekt\u00f6rlerinde y\u00fcksek performansl\u0131 veri iletimi sa\u011flar. RFID \u00e7\u00f6z\u00fcmleri i\u00e7in rfiddepo.com\u2019da!\",\"breadcrumb\":{\"@id\":\"https:\/\/rfiddepo.com\/en\/urunlerimiz\/uhf-rfid-panel-anten9dbi\/#breadcrumb\"},\"inLanguage\":\"en-US\",\"potentialAction\":[{\"@type\":\"ReadAction\",\"target\":[\"https:\/\/rfiddepo.com\/en\/urunlerimiz\/uhf-rfid-panel-anten9dbi\/\"]}]},{\"@type\":\"ImageObject\",\"inLanguage\":\"en-US\",\"@id\":\"https:\/\/rfiddepo.com\/en\/urunlerimiz\/uhf-rfid-panel-anten9dbi\/#primaryimage\",\"url\":\"https:\/\/rfiddepo.com\/wp-content\/uploads\/2025\/10\/29-5494-scaled-1.jpg\",\"contentUrl\":\"https:\/\/rfiddepo.com\/wp-content\/uploads\/2025\/10\/29-5494-scaled-1.jpg\",\"width\":2560,\"height\":2560},{\"@type\":\"BreadcrumbList\",\"@id\":\"https:\/\/rfiddepo.com\/en\/urunlerimiz\/uhf-rfid-panel-anten9dbi\/#breadcrumb\",\"itemListElement\":[{\"@type\":\"ListItem\",\"position\":1,\"name\":\"Anasayfa\",\"item\":\"https:\/\/rfiddepo.com\/en\/\"},{\"@type\":\"ListItem\",\"position\":2,\"name\":\"Urunler\",\"item\":\"https:\/\/rfiddepo.com\/urunler\/\"},{\"@type\":\"ListItem\",\"position\":3,\"name\":\"UHF RFID Panel Anten(9Dbi)\"}]},{\"@type\":\"WebSite\",\"@id\":\"https:\/\/rfiddepo.com\/en\/#website\",\"url\":\"https:\/\/rfiddepo.com\/en\/\",\"name\":\"RFID Depo\",\"description\":\"\",\"publisher\":{\"@id\":\"https:\/\/rfiddepo.com\/en\/#organization\"},\"potentialAction\":[{\"@type\":\"SearchAction\",\"target\":{\"@type\":\"EntryPoint\",\"urlTemplate\":\"https:\/\/rfiddepo.com\/en\/?s={search_term_string}\"},\"query-input\":{\"@type\":\"PropertyValueSpecification\",\"valueRequired\":true,\"valueName\":\"search_term_string\"}}],\"inLanguage\":\"en-US\"},{\"@type\":\"Organization\",\"@id\":\"https:\/\/rfiddepo.com\/en\/#organization\",\"name\":\"%%sitename%%\",\"url\":\"https:\/\/rfiddepo.com\/en\/\",\"logo\":{\"@type\":\"ImageObject\",\"inLanguage\":\"en-US\",\"@id\":\"https:\/\/rfiddepo.com\/en\/#\/schema\/logo\/image\/\",\"url\":\"https:\/\/rfiddepo.com\/wp-content\/uploads\/2025\/09\/rfiddepo-logo.png\",\"contentUrl\":\"https:\/\/rfiddepo.com\/wp-content\/uploads\/2025\/09\/rfiddepo-logo.png\",\"width\":500,\"height\":106,\"caption\":\"%%sitename%%\"},\"image\":{\"@id\":\"https:\/\/rfiddepo.com\/en\/#\/schema\/logo\/image\/\"}}]}<\/script>\n<!-- \/ Yoast SEO plugin. -->","yoast_head_json":{"title":"UHF RFID Panel Anten(9Dbi) - RFID Depo","description":"UHF RFID Panel Anten (9 dBi), tekstil, lojistik, otomotiv ve kuyumculuk sekt\u00f6rlerinde y\u00fcksek performansl\u0131 veri iletimi sa\u011flar. RFID \u00e7\u00f6z\u00fcmleri i\u00e7in rfiddepo.com\u2019da!","robots":{"index":"index","follow":"follow","max-snippet":"max-snippet:-1","max-image-preview":"max-image-preview:large","max-video-preview":"max-video-preview:-1"},"canonical":"https:\/\/rfiddepo.com\/en\/urunlerimiz\/uhf-rfid-panel-anten9dbi\/","og_locale":"en_US","og_type":"article","og_title":"UHF RFID Panel Anten(9Dbi) - RFID Depo","og_description":"UHF RFID Panel Anten (9 dBi), tekstil, lojistik, otomotiv ve kuyumculuk sekt\u00f6rlerinde y\u00fcksek performansl\u0131 veri iletimi sa\u011flar. RFID \u00e7\u00f6z\u00fcmleri i\u00e7in rfiddepo.com\u2019da!","og_url":"https:\/\/rfiddepo.com\/en\/urunlerimiz\/uhf-rfid-panel-anten9dbi\/","og_site_name":"RFID Depo","article_modified_time":"2025-10-20T11:22:34+00:00","og_image":[{"width":2560,"height":2560,"url":"https:\/\/rfiddepo.com\/wp-content\/uploads\/2025\/10\/29-5494-scaled-1.jpg","type":"image\/jpeg"}],"twitter_card":"summary_large_image","twitter_misc":{"Est. reading time":"2 minutes"},"schema":{"@context":"https:\/\/schema.org","@graph":[{"@type":"WebPage","@id":"https:\/\/rfiddepo.com\/en\/urunlerimiz\/uhf-rfid-panel-anten9dbi\/","url":"https:\/\/rfiddepo.com\/en\/urunlerimiz\/uhf-rfid-panel-anten9dbi\/","name":"UHF RFID Panel Anten(9Dbi) - RFID Depo","isPartOf":{"@id":"https:\/\/rfiddepo.com\/en\/#website"},"primaryImageOfPage":{"@id":"https:\/\/rfiddepo.com\/en\/urunlerimiz\/uhf-rfid-panel-anten9dbi\/#primaryimage"},"image":{"@id":"https:\/\/rfiddepo.com\/en\/urunlerimiz\/uhf-rfid-panel-anten9dbi\/#primaryimage"},"thumbnailUrl":"https:\/\/rfiddepo.com\/wp-content\/uploads\/2025\/10\/29-5494-scaled-1.jpg","datePublished":"2024-03-15T14:05:37+00:00","dateModified":"2025-10-20T11:22:34+00:00","description":"UHF RFID Panel Anten (9 dBi), tekstil, lojistik, otomotiv ve kuyumculuk sekt\u00f6rlerinde y\u00fcksek performansl\u0131 veri iletimi sa\u011flar. RFID \u00e7\u00f6z\u00fcmleri i\u00e7in rfiddepo.com\u2019da!","breadcrumb":{"@id":"https:\/\/rfiddepo.com\/en\/urunlerimiz\/uhf-rfid-panel-anten9dbi\/#breadcrumb"},"inLanguage":"en-US","potentialAction":[{"@type":"ReadAction","target":["https:\/\/rfiddepo.com\/en\/urunlerimiz\/uhf-rfid-panel-anten9dbi\/"]}]},{"@type":"ImageObject","inLanguage":"en-US","@id":"https:\/\/rfiddepo.com\/en\/urunlerimiz\/uhf-rfid-panel-anten9dbi\/#primaryimage","url":"https:\/\/rfiddepo.com\/wp-content\/uploads\/2025\/10\/29-5494-scaled-1.jpg","contentUrl":"https:\/\/rfiddepo.com\/wp-content\/uploads\/2025\/10\/29-5494-scaled-1.jpg","width":2560,"height":2560},{"@type":"BreadcrumbList","@id":"https:\/\/rfiddepo.com\/en\/urunlerimiz\/uhf-rfid-panel-anten9dbi\/#breadcrumb","itemListElement":[{"@type":"ListItem","position":1,"name":"Anasayfa","item":"https:\/\/rfiddepo.com\/en\/"},{"@type":"ListItem","position":2,"name":"Urunler","item":"https:\/\/rfiddepo.com\/urunler\/"},{"@type":"ListItem","position":3,"name":"UHF RFID Panel Anten(9Dbi)"}]},{"@type":"WebSite","@id":"https:\/\/rfiddepo.com\/en\/#website","url":"https:\/\/rfiddepo.com\/en\/","name":"RFID Depo","description":"","publisher":{"@id":"https:\/\/rfiddepo.com\/en\/#organization"},"potentialAction":[{"@type":"SearchAction","target":{"@type":"EntryPoint","urlTemplate":"https:\/\/rfiddepo.com\/en\/?s={search_term_string}"},"query-input":{"@type":"PropertyValueSpecification","valueRequired":true,"valueName":"search_term_string"}}],"inLanguage":"en-US"},{"@type":"Organization","@id":"https:\/\/rfiddepo.com\/en\/#organization","name":"%%sitename%%","url":"https:\/\/rfiddepo.com\/en\/","logo":{"@type":"ImageObject","inLanguage":"en-US","@id":"https:\/\/rfiddepo.com\/en\/#\/schema\/logo\/image\/","url":"https:\/\/rfiddepo.com\/wp-content\/uploads\/2025\/09\/rfiddepo-logo.png","contentUrl":"https:\/\/rfiddepo.com\/wp-content\/uploads\/2025\/09\/rfiddepo-logo.png","width":500,"height":106,"caption":"%%sitename%%"},"image":{"@id":"https:\/\/rfiddepo.com\/en\/#\/schema\/logo\/image\/"}}]}},"_links":{"self":[{"href":"https:\/\/rfiddepo.com\/en\/wp-json\/wp\/v2\/product\/11552","targetHints":{"allow":["GET"]}}],"collection":[{"href":"https:\/\/rfiddepo.com\/en\/wp-json\/wp\/v2\/product"}],"about":[{"href":"https:\/\/rfiddepo.com\/en\/wp-json\/wp\/v2\/types\/product"}],"replies":[{"embeddable":true,"href":"https:\/\/rfiddepo.com\/en\/wp-json\/wp\/v2\/comments?post=11552"}],"wp:featuredmedia":[{"embeddable":true,"href":"https:\/\/rfiddepo.com\/en\/wp-json\/wp\/v2\/media\/148076"}],"wp:attachment":[{"href":"https:\/\/rfiddepo.com\/en\/wp-json\/wp\/v2\/media?parent=11552"}],"wp:term":[{"taxonomy":"product_brand","embeddable":true,"href":"https:\/\/rfiddepo.com\/en\/wp-json\/wp\/v2\/product_brand?post=11552"},{"taxonomy":"product_cat","embeddable":true,"href":"https:\/\/rfiddepo.com\/en\/wp-json\/wp\/v2\/product_cat?post=11552"},{"taxonomy":"product_tag","embeddable":true,"href":"https:\/\/rfiddepo.com\/en\/wp-json\/wp\/v2\/product_tag?post=11552"}],"curies":[{"name":"wp","href":"https:\/\/api.w.org\/{rel}","templated":true}]}}