{"id":11545,"date":"2024-03-15T13:59:05","date_gmt":"2024-03-15T13:59:05","guid":{"rendered":"http:\/\/www.test.rfiddepo.com\/?post_type=product&#038;p=11545"},"modified":"2025-10-20T11:22:47","modified_gmt":"2025-10-20T11:22:47","slug":"uhf-rfid-karton-tekstil-etiketi","status":"publish","type":"product","link":"https:\/\/rfiddepo.com\/en\/urunlerimiz\/uhf-rfid-karton-tekstil-etiketi\/","title":{"rendered":"UHF RFID Cardboard Textile Label"},"content":{"rendered":"<p>&nbsp;<\/p>\n<table class=\"blueTable\">\n<tbody>\n<tr>\n<td>Frequency<\/td>\n<td>860\u2013960 MHz (UHF Global Band)<\/td>\n<\/tr>\n<tr>\n<td>Material<\/td>\n<td>Kraft paper, thermal or printed surface option<\/td>\n<\/tr>\n<tr>\n<td>Application<\/td>\n<td>Sewn, adhesive, or hanging use<\/td>\n<\/tr>\n<tr>\n<td>Reading Distance<\/td>\n<td>Up to 3-7 meters<\/td>\n<\/tr>\n<tr>\n<td>Printing and Coding<\/td>\n<td>Compatible with Zebra, Impinj, Avery Dennison, and other RFID printers<\/td>\n<\/tr>\n<tr>\n<td>Areas of Use<\/td>\n<td>Store Automation: Shelf tracking, product placement, and inventory management<br \/>\nProduction: Serial inspection before product shipment<br \/>\nLogistics: Bulk RFID reading of products inside packages<br \/>\nE-Commerce: Accurate product matching and order preparation<\/td>\n<\/tr>\n<tr>\n<td>Brand<\/td>\n<td><a href=\"\/marka\/rfiddepo\/\"><img decoding=\"async\" src=\"https:\/\/rfiddepo.com\/wp-content\/uploads\/2024\/01\/cropped-PNG-Copy.png\" \/><\/a><\/td>\n<\/tr>\n<\/tbody>\n<\/table>\n<h3>Key Features:<\/h3>\n<ul>\n<li><strong>Frequency:<\/strong> 860\u2013960 MHz (UHF Global Band)<\/li>\n<li><strong>Material:<\/strong> Kraft paper, thermal or printed surface option<\/li>\n<li><strong>Application:<\/strong> Sewn, adhesive, or hanging use<\/li>\n<li><strong>Reading Distance:<\/strong> Up to 3-7 meters<\/li>\n<li><strong>Printing and Coding:<\/strong> Compatible with Zebra, Impinj, Avery Dennison, and other RFID printers<\/li>\n<\/ul>\n<h3>Areas of Use:<\/h3>\n<ul>\n<li><strong>Store Automation:<\/strong> Shelf tracking, product placement, and inventory management<\/li>\n<li><strong>Production:<\/strong> Pre-shipment serial inspection of products<\/li>\n<li><strong>Logistics:<\/strong> Bulk RFID reading of products inside boxes<\/li>\n<li><strong>E-Commerce:<\/strong> Correct product matching and order preparation<\/li>\n<\/ul>\n<p><strong>rfiddepo.com<\/strong> provided by <strong>UHF RFID Cardboard Textile Label<\/strong>, offers textile companies fast, secure, and error-free tracking. Digitize your inventory with RFID and save time and money!<\/p>","protected":false},"excerpt":{"rendered":"<p><strong>UHF RFID Cardboard Textile Label<\/strong>, It is a lightweight and economical RFID solution designed specifically for the textile industry. It provides high-performance data transmission for the serial counting, tracking, and security of clothing, ready-to-wear, and textile products. These tags can be easily integrated into all processes, such as in-store inventory management, production line tracking, and warehouse control.<\/p>\n<p><a href=\"\/wp-content\/uploads\/2025\/10\/UHF-RFID-Karton-Tekstil-Etiketi.pdf\" target=\"_blank\" class=\"datasheet-btn\" rel=\"noopener\"><br \/>\n\ud83d\udcc4 Datasheet<br \/>\n<\/a><\/p>","protected":false},"featured_media":148082,"comment_status":"closed","ping_status":"closed","template":"","meta":{"_monsterinsights_skip_tracking":false,"_monsterinsights_sitenote_active":false,"_monsterinsights_sitenote_note":"","_monsterinsights_sitenote_category":0},"product_brand":[129],"product_cat":[37,68,28],"product_tag":[463,94,457,86,464,465],"class_list":{"0":"post-11545","1":"product","2":"type-product","3":"status-publish","4":"has-post-thumbnail","6":"product_brand-rfiddepo","7":"product_cat-rfid-etiketler","8":"product_cat-tekstil-rfid-etiketleri","9":"product_cat-uhf-rfid-etiketler","10":"product_tag-karton-tekstil-etiketi","11":"product_tag-tekstil-rfid-etiketi","12":"product_tag-uhf-rfid","13":"product_tag-uhf-rfid-etiket","14":"product_tag-uhf-rfid-etiketi","15":"product_tag-uhf-rfid-karton-tekstil-etiketi","17":"first","18":"instock","19":"shipping-taxable","20":"purchasable","21":"product-type-simple"},"yoast_head":"<!-- This site is optimized with the Yoast SEO plugin v26.6 - https:\/\/yoast.com\/wordpress\/plugins\/seo\/ -->\n<title>UHF RFID Karton Tekstil Etiketi - RFID Depo<\/title>\n<meta name=\"description\" content=\"UHF RFID karton tekstil etiketi, giyim ve tekstil \u00fcr\u00fcnlerinin say\u0131m\u0131, takibi ve g\u00fcvenli\u011fi i\u00e7in geli\u015ftirilmi\u015f hafif ve ekonomik RFID \u00e7\u00f6z\u00fcm\u00fcd\u00fcr. rfiddepo.com\u2019da!\" \/>\n<meta name=\"robots\" content=\"index, follow, max-snippet:-1, max-image-preview:large, max-video-preview:-1\" \/>\n<link rel=\"canonical\" href=\"https:\/\/rfiddepo.com\/en\/urunlerimiz\/uhf-rfid-karton-tekstil-etiketi\/\" \/>\n<meta property=\"og:locale\" content=\"en_US\" \/>\n<meta property=\"og:type\" content=\"article\" \/>\n<meta property=\"og:title\" content=\"UHF RFID Karton Tekstil Etiketi - RFID Depo\" \/>\n<meta property=\"og:description\" content=\"UHF RFID karton tekstil etiketi, giyim ve tekstil \u00fcr\u00fcnlerinin say\u0131m\u0131, takibi ve g\u00fcvenli\u011fi i\u00e7in geli\u015ftirilmi\u015f hafif ve ekonomik RFID \u00e7\u00f6z\u00fcm\u00fcd\u00fcr. rfiddepo.com\u2019da!\" \/>\n<meta property=\"og:url\" content=\"https:\/\/rfiddepo.com\/en\/urunlerimiz\/uhf-rfid-karton-tekstil-etiketi\/\" \/>\n<meta property=\"og:site_name\" content=\"RFID Depo\" \/>\n<meta property=\"article:modified_time\" content=\"2025-10-20T11:22:47+00:00\" \/>\n<meta property=\"og:image\" content=\"https:\/\/rfiddepo.com\/wp-content\/uploads\/2025\/10\/5243-scaled-1.jpg\" \/>\n\t<meta property=\"og:image:width\" content=\"2560\" \/>\n\t<meta property=\"og:image:height\" content=\"2560\" \/>\n\t<meta property=\"og:image:type\" content=\"image\/jpeg\" \/>\n<meta name=\"twitter:card\" content=\"summary_large_image\" \/>\n<meta name=\"twitter:label1\" content=\"Est. reading time\" \/>\n\t<meta name=\"twitter:data1\" content=\"2 minutes\" \/>\n<script type=\"application\/ld+json\" class=\"yoast-schema-graph\">{\"@context\":\"https:\/\/schema.org\",\"@graph\":[{\"@type\":\"WebPage\",\"@id\":\"https:\/\/rfiddepo.com\/en\/urunlerimiz\/uhf-rfid-karton-tekstil-etiketi\/\",\"url\":\"https:\/\/rfiddepo.com\/en\/urunlerimiz\/uhf-rfid-karton-tekstil-etiketi\/\",\"name\":\"UHF RFID Karton Tekstil Etiketi - RFID Depo\",\"isPartOf\":{\"@id\":\"https:\/\/rfiddepo.com\/en\/#website\"},\"primaryImageOfPage\":{\"@id\":\"https:\/\/rfiddepo.com\/en\/urunlerimiz\/uhf-rfid-karton-tekstil-etiketi\/#primaryimage\"},\"image\":{\"@id\":\"https:\/\/rfiddepo.com\/en\/urunlerimiz\/uhf-rfid-karton-tekstil-etiketi\/#primaryimage\"},\"thumbnailUrl\":\"https:\/\/rfiddepo.com\/wp-content\/uploads\/2025\/10\/5243-scaled-1.jpg\",\"datePublished\":\"2024-03-15T13:59:05+00:00\",\"dateModified\":\"2025-10-20T11:22:47+00:00\",\"description\":\"UHF RFID karton tekstil etiketi, giyim ve tekstil \u00fcr\u00fcnlerinin say\u0131m\u0131, takibi ve g\u00fcvenli\u011fi i\u00e7in geli\u015ftirilmi\u015f hafif ve ekonomik RFID \u00e7\u00f6z\u00fcm\u00fcd\u00fcr. rfiddepo.com\u2019da!\",\"breadcrumb\":{\"@id\":\"https:\/\/rfiddepo.com\/en\/urunlerimiz\/uhf-rfid-karton-tekstil-etiketi\/#breadcrumb\"},\"inLanguage\":\"en-US\",\"potentialAction\":[{\"@type\":\"ReadAction\",\"target\":[\"https:\/\/rfiddepo.com\/en\/urunlerimiz\/uhf-rfid-karton-tekstil-etiketi\/\"]}]},{\"@type\":\"ImageObject\",\"inLanguage\":\"en-US\",\"@id\":\"https:\/\/rfiddepo.com\/en\/urunlerimiz\/uhf-rfid-karton-tekstil-etiketi\/#primaryimage\",\"url\":\"https:\/\/rfiddepo.com\/wp-content\/uploads\/2025\/10\/5243-scaled-1.jpg\",\"contentUrl\":\"https:\/\/rfiddepo.com\/wp-content\/uploads\/2025\/10\/5243-scaled-1.jpg\",\"width\":2560,\"height\":2560},{\"@type\":\"BreadcrumbList\",\"@id\":\"https:\/\/rfiddepo.com\/en\/urunlerimiz\/uhf-rfid-karton-tekstil-etiketi\/#breadcrumb\",\"itemListElement\":[{\"@type\":\"ListItem\",\"position\":1,\"name\":\"Anasayfa\",\"item\":\"https:\/\/rfiddepo.com\/en\/\"},{\"@type\":\"ListItem\",\"position\":2,\"name\":\"Urunler\",\"item\":\"https:\/\/rfiddepo.com\/urunler\/\"},{\"@type\":\"ListItem\",\"position\":3,\"name\":\"UHF RFID Karton Tekstil Etiketi\"}]},{\"@type\":\"WebSite\",\"@id\":\"https:\/\/rfiddepo.com\/en\/#website\",\"url\":\"https:\/\/rfiddepo.com\/en\/\",\"name\":\"RFID Depo\",\"description\":\"\",\"publisher\":{\"@id\":\"https:\/\/rfiddepo.com\/en\/#organization\"},\"potentialAction\":[{\"@type\":\"SearchAction\",\"target\":{\"@type\":\"EntryPoint\",\"urlTemplate\":\"https:\/\/rfiddepo.com\/en\/?s={search_term_string}\"},\"query-input\":{\"@type\":\"PropertyValueSpecification\",\"valueRequired\":true,\"valueName\":\"search_term_string\"}}],\"inLanguage\":\"en-US\"},{\"@type\":\"Organization\",\"@id\":\"https:\/\/rfiddepo.com\/en\/#organization\",\"name\":\"%%sitename%%\",\"url\":\"https:\/\/rfiddepo.com\/en\/\",\"logo\":{\"@type\":\"ImageObject\",\"inLanguage\":\"en-US\",\"@id\":\"https:\/\/rfiddepo.com\/en\/#\/schema\/logo\/image\/\",\"url\":\"https:\/\/rfiddepo.com\/wp-content\/uploads\/2025\/09\/rfiddepo-logo.png\",\"contentUrl\":\"https:\/\/rfiddepo.com\/wp-content\/uploads\/2025\/09\/rfiddepo-logo.png\",\"width\":500,\"height\":106,\"caption\":\"%%sitename%%\"},\"image\":{\"@id\":\"https:\/\/rfiddepo.com\/en\/#\/schema\/logo\/image\/\"}}]}<\/script>\n<!-- \/ Yoast SEO plugin. -->","yoast_head_json":{"title":"UHF RFID Karton Tekstil Etiketi - RFID Depo","description":"UHF RFID karton tekstil etiketi, giyim ve tekstil \u00fcr\u00fcnlerinin say\u0131m\u0131, takibi ve g\u00fcvenli\u011fi i\u00e7in geli\u015ftirilmi\u015f hafif ve ekonomik RFID \u00e7\u00f6z\u00fcm\u00fcd\u00fcr. rfiddepo.com\u2019da!","robots":{"index":"index","follow":"follow","max-snippet":"max-snippet:-1","max-image-preview":"max-image-preview:large","max-video-preview":"max-video-preview:-1"},"canonical":"https:\/\/rfiddepo.com\/en\/urunlerimiz\/uhf-rfid-karton-tekstil-etiketi\/","og_locale":"en_US","og_type":"article","og_title":"UHF RFID Karton Tekstil Etiketi - RFID Depo","og_description":"UHF RFID karton tekstil etiketi, giyim ve tekstil \u00fcr\u00fcnlerinin say\u0131m\u0131, takibi ve g\u00fcvenli\u011fi i\u00e7in geli\u015ftirilmi\u015f hafif ve ekonomik RFID \u00e7\u00f6z\u00fcm\u00fcd\u00fcr. rfiddepo.com\u2019da!","og_url":"https:\/\/rfiddepo.com\/en\/urunlerimiz\/uhf-rfid-karton-tekstil-etiketi\/","og_site_name":"RFID Depo","article_modified_time":"2025-10-20T11:22:47+00:00","og_image":[{"width":2560,"height":2560,"url":"https:\/\/rfiddepo.com\/wp-content\/uploads\/2025\/10\/5243-scaled-1.jpg","type":"image\/jpeg"}],"twitter_card":"summary_large_image","twitter_misc":{"Est. reading time":"2 minutes"},"schema":{"@context":"https:\/\/schema.org","@graph":[{"@type":"WebPage","@id":"https:\/\/rfiddepo.com\/en\/urunlerimiz\/uhf-rfid-karton-tekstil-etiketi\/","url":"https:\/\/rfiddepo.com\/en\/urunlerimiz\/uhf-rfid-karton-tekstil-etiketi\/","name":"UHF RFID Karton Tekstil Etiketi - RFID Depo","isPartOf":{"@id":"https:\/\/rfiddepo.com\/en\/#website"},"primaryImageOfPage":{"@id":"https:\/\/rfiddepo.com\/en\/urunlerimiz\/uhf-rfid-karton-tekstil-etiketi\/#primaryimage"},"image":{"@id":"https:\/\/rfiddepo.com\/en\/urunlerimiz\/uhf-rfid-karton-tekstil-etiketi\/#primaryimage"},"thumbnailUrl":"https:\/\/rfiddepo.com\/wp-content\/uploads\/2025\/10\/5243-scaled-1.jpg","datePublished":"2024-03-15T13:59:05+00:00","dateModified":"2025-10-20T11:22:47+00:00","description":"UHF RFID karton tekstil etiketi, giyim ve tekstil \u00fcr\u00fcnlerinin say\u0131m\u0131, takibi ve g\u00fcvenli\u011fi i\u00e7in geli\u015ftirilmi\u015f hafif ve ekonomik RFID \u00e7\u00f6z\u00fcm\u00fcd\u00fcr. rfiddepo.com\u2019da!","breadcrumb":{"@id":"https:\/\/rfiddepo.com\/en\/urunlerimiz\/uhf-rfid-karton-tekstil-etiketi\/#breadcrumb"},"inLanguage":"en-US","potentialAction":[{"@type":"ReadAction","target":["https:\/\/rfiddepo.com\/en\/urunlerimiz\/uhf-rfid-karton-tekstil-etiketi\/"]}]},{"@type":"ImageObject","inLanguage":"en-US","@id":"https:\/\/rfiddepo.com\/en\/urunlerimiz\/uhf-rfid-karton-tekstil-etiketi\/#primaryimage","url":"https:\/\/rfiddepo.com\/wp-content\/uploads\/2025\/10\/5243-scaled-1.jpg","contentUrl":"https:\/\/rfiddepo.com\/wp-content\/uploads\/2025\/10\/5243-scaled-1.jpg","width":2560,"height":2560},{"@type":"BreadcrumbList","@id":"https:\/\/rfiddepo.com\/en\/urunlerimiz\/uhf-rfid-karton-tekstil-etiketi\/#breadcrumb","itemListElement":[{"@type":"ListItem","position":1,"name":"Anasayfa","item":"https:\/\/rfiddepo.com\/en\/"},{"@type":"ListItem","position":2,"name":"Urunler","item":"https:\/\/rfiddepo.com\/urunler\/"},{"@type":"ListItem","position":3,"name":"UHF RFID Karton Tekstil Etiketi"}]},{"@type":"WebSite","@id":"https:\/\/rfiddepo.com\/en\/#website","url":"https:\/\/rfiddepo.com\/en\/","name":"RFID Depo","description":"","publisher":{"@id":"https:\/\/rfiddepo.com\/en\/#organization"},"potentialAction":[{"@type":"SearchAction","target":{"@type":"EntryPoint","urlTemplate":"https:\/\/rfiddepo.com\/en\/?s={search_term_string}"},"query-input":{"@type":"PropertyValueSpecification","valueRequired":true,"valueName":"search_term_string"}}],"inLanguage":"en-US"},{"@type":"Organization","@id":"https:\/\/rfiddepo.com\/en\/#organization","name":"%%sitename%%","url":"https:\/\/rfiddepo.com\/en\/","logo":{"@type":"ImageObject","inLanguage":"en-US","@id":"https:\/\/rfiddepo.com\/en\/#\/schema\/logo\/image\/","url":"https:\/\/rfiddepo.com\/wp-content\/uploads\/2025\/09\/rfiddepo-logo.png","contentUrl":"https:\/\/rfiddepo.com\/wp-content\/uploads\/2025\/09\/rfiddepo-logo.png","width":500,"height":106,"caption":"%%sitename%%"},"image":{"@id":"https:\/\/rfiddepo.com\/en\/#\/schema\/logo\/image\/"}}]}},"_links":{"self":[{"href":"https:\/\/rfiddepo.com\/en\/wp-json\/wp\/v2\/product\/11545","targetHints":{"allow":["GET"]}}],"collection":[{"href":"https:\/\/rfiddepo.com\/en\/wp-json\/wp\/v2\/product"}],"about":[{"href":"https:\/\/rfiddepo.com\/en\/wp-json\/wp\/v2\/types\/product"}],"replies":[{"embeddable":true,"href":"https:\/\/rfiddepo.com\/en\/wp-json\/wp\/v2\/comments?post=11545"}],"wp:featuredmedia":[{"embeddable":true,"href":"https:\/\/rfiddepo.com\/en\/wp-json\/wp\/v2\/media\/148082"}],"wp:attachment":[{"href":"https:\/\/rfiddepo.com\/en\/wp-json\/wp\/v2\/media?parent=11545"}],"wp:term":[{"taxonomy":"product_brand","embeddable":true,"href":"https:\/\/rfiddepo.com\/en\/wp-json\/wp\/v2\/product_brand?post=11545"},{"taxonomy":"product_cat","embeddable":true,"href":"https:\/\/rfiddepo.com\/en\/wp-json\/wp\/v2\/product_cat?post=11545"},{"taxonomy":"product_tag","embeddable":true,"href":"https:\/\/rfiddepo.com\/en\/wp-json\/wp\/v2\/product_tag?post=11545"}],"curies":[{"name":"wp","href":"https:\/\/api.w.org\/{rel}","templated":true}]}}