{"id":11525,"date":"2024-03-15T13:33:10","date_gmt":"2024-03-15T13:33:10","guid":{"rendered":"http:\/\/www.test.rfiddepo.com\/?post_type=product&#038;p=11525"},"modified":"2025-10-20T11:25:55","modified_gmt":"2025-10-20T11:25:55","slug":"r1-uhf-rfid-desktop-kodlayici","status":"publish","type":"product","link":"https:\/\/rfiddepo.com\/en\/urunlerimiz\/r1-uhf-rfid-desktop-kodlayici\/","title":{"rendered":"R1 UHF RFID Desktop Encoder"},"content":{"rendered":"<table class=\"blueTable\" border=\"1\" cellpadding=\"5\" cellspacing=\"0\">\n<tbody>\n<tr>\n<td>Dimensions<\/td>\n<td>117 mm x 117 mm x 25 mm<\/td>\n<\/tr>\n<tr>\n<td>Weight<\/td>\n<td>170 g \/ 6.0 oz.<\/td>\n<\/tr>\n<tr>\n<td>Notification<\/td>\n<td>LED indicator, buzzer<\/td>\n<\/tr>\n<tr>\n<td>Interfaces<\/td>\n<td>USB Type-C<\/td>\n<\/tr>\n<tr>\n<td>Cable<\/td>\n<td>1.2 m<\/td>\n<\/tr>\n<tr>\n<td>Input Voltage<\/td>\n<td>DC3.5-5.25V<\/td>\n<\/tr>\n<tr>\n<td>UHF Power<\/td>\n<td>5W@25dBm<\/td>\n<\/tr>\n<tr>\n<td>HF Power<\/td>\n<td>2 W<\/td>\n<\/tr>\n<tr>\n<td>Standby Power<\/td>\n<td>0.4 W<\/td>\n<\/tr>\n<tr>\n<td>Operating Temp.<\/td>\n<td>-25 \u2103 to 65 \u2103<\/td>\n<\/tr>\n<tr>\n<td>Storage Temp.<\/td>\n<td>-40 \u2103 to 85 \u2103<\/td>\n<\/tr>\n<tr>\n<td>Humidity<\/td>\n<td>10% &#8211; 95%<\/td>\n<\/tr>\n<tr>\n<td>UHF Engine<\/td>\n<td>CM-3N module based on Impinj E310<\/td>\n<\/tr>\n<tr>\n<td>UHF Frequency<\/td>\n<td>865-868 MHz \/ 920-925 MHz \/ 902-928 MHz<\/td>\n<\/tr>\n<tr>\n<td>Impinj Gen2X<\/td>\n<td>Supported<\/td>\n<\/tr>\n<tr>\n<td>Protocol<\/td>\n<td>ISO18000-6C\/EPC C1G2<\/td>\n<\/tr>\n<tr>\n<td>Antenna<\/td>\n<td>Circular Polarized Antenna<\/td>\n<\/tr>\n<tr>\n<td>Output Power<\/td>\n<td>+5 dBm to +25 dBm adjustable<\/td>\n<\/tr>\n<tr>\n<td>Accuracy<\/td>\n<td>+\/-1dB<\/td>\n<\/tr>\n<tr>\n<td>Max Read Range (UHF)<\/td>\n<td>15 cm<\/td>\n<\/tr>\n<tr>\n<td>PSAM Protocol<\/td>\n<td>ISO7816 T=0, T=1<\/td>\n<\/tr>\n<tr>\n<td>PSAM Slots<\/td>\n<td>2 slots<\/td>\n<\/tr>\n<tr>\n<td>HF Frequency<\/td>\n<td>13.56 MHz<\/td>\n<\/tr>\n<tr>\n<td>HF Protocol<\/td>\n<td>ISO\/IEC 14443A, ISO\/IEC 14443B, ISO\/IEC 15693, ISO\/IEC 18000-3 mode 3\/EPC class-1 HF, JIS X 6319-4<\/td>\n<\/tr>\n<tr>\n<td>HF Range<\/td>\n<td>5 cm<\/td>\n<\/tr>\n<tr>\n<td>Brand<\/td>\n<td><a href=\"\/marka\/chainway\/\"><img decoding=\"async\" src=\"\/wp-content\/uploads\/2025\/10\/8136a595-23d5-418e-b357-629e67e48982.png\" \/><\/a><\/td>\n<\/tr>\n<\/tbody>\n<\/table>\n<p><b>rfidepo.com<\/b> R1 UHF RFID Desktop Encoder, offered with a warranty, <b>textiles, automotive, logistics, jewelry, and warehouse automation ,<\/b> It is a powerful and user-friendly solution designed to easily encode and read your RFID tags in critical sectors such as these. Its compact design ensures perfect adaptation to any working environment and accelerates your workflow with its high performance. Operating in the UHF frequency band, this encoder maximizes your efficiency in many areas, from inventory management to product tracking, with its wide reading range and fast data transfer. <b>rfidepo.com<\/b>, Take your operational processes to the next level with the R1 UHF RFID Desktop Encoder, available at [location].<\/p>","protected":false},"excerpt":{"rendered":"<p><b>rfidepo.com<\/b>,With the R1 UHF RFID Desktop Encoder <b>textiles, automotive, logistics, jewelry, and warehouse automation ,<\/b> Quickly and easily encode and read RFID tags in your processes. Optimize your workflow with its compact design and high performance.<\/p>\n<div class=\"datasheet\"><a href=\"\/wp-content\/uploads\/2025\/10\/R1-EN.pdf\" target=\"_blank\" class=\"datasheet-btn\" rel=\"noopener\"><br \/>\n\ud83d\udcc4 Datasheet<br \/>\n<\/a><\/div>","protected":false},"featured_media":148097,"comment_status":"closed","ping_status":"closed","template":"","meta":{"_monsterinsights_skip_tracking":false,"_monsterinsights_sitenote_active":false,"_monsterinsights_sitenote_note":"","_monsterinsights_sitenote_category":0},"product_brand":[475],"product_cat":[77],"product_tag":[312,313,314,315],"class_list":{"0":"post-11525","1":"product","2":"type-product","3":"status-publish","4":"has-post-thumbnail","6":"product_brand-chainway","7":"product_cat-rfid-yazici-ve-kodlayicilar","8":"product_tag-desktop-kodlayici","9":"product_tag-masaustu-kodlayici","10":"product_tag-uhf-rfid-desktop-kodlayici","11":"product_tag-uhf-rfid-masaustu-kodlayici","13":"first","14":"instock","15":"shipping-taxable","16":"purchasable","17":"product-type-simple"},"yoast_head":"<!-- This site is optimized with the Yoast SEO plugin v26.6 - https:\/\/yoast.com\/wordpress\/plugins\/seo\/ -->\n<title>R1 UHF RFID Desktop Kodlay\u0131c\u0131 - RFID Depo<\/title>\n<meta name=\"description\" content=\"rfidepo.com | R1 UHF RFID Masa\u00fcst\u00fc Kodlay\u0131c\u0131 ile tekstil, otomotiv, lojistik, kuyumculuk, depo otomasyonu sekt\u00f6rlerinde RFID etiketlerini h\u0131zl\u0131ca kodlay\u0131n ve okuyun. Verimlili\u011finizi art\u0131r\u0131n, i\u015fletmenizi g\u00fc\u00e7lendirin!\" \/>\n<meta name=\"robots\" content=\"index, follow, max-snippet:-1, max-image-preview:large, max-video-preview:-1\" \/>\n<link rel=\"canonical\" href=\"https:\/\/rfiddepo.com\/en\/urunlerimiz\/r1-uhf-rfid-desktop-kodlayici\/\" \/>\n<meta property=\"og:locale\" content=\"en_US\" \/>\n<meta property=\"og:type\" content=\"article\" \/>\n<meta property=\"og:title\" content=\"R1 UHF RFID Desktop Kodlay\u0131c\u0131 - RFID Depo\" \/>\n<meta property=\"og:description\" content=\"rfidepo.com | R1 UHF RFID Masa\u00fcst\u00fc Kodlay\u0131c\u0131 ile tekstil, otomotiv, lojistik, kuyumculuk, depo otomasyonu sekt\u00f6rlerinde RFID etiketlerini h\u0131zl\u0131ca kodlay\u0131n ve okuyun. Verimlili\u011finizi art\u0131r\u0131n, i\u015fletmenizi g\u00fc\u00e7lendirin!\" \/>\n<meta property=\"og:url\" content=\"https:\/\/rfiddepo.com\/en\/urunlerimiz\/r1-uhf-rfid-desktop-kodlayici\/\" \/>\n<meta property=\"og:site_name\" content=\"RFID Depo\" \/>\n<meta property=\"article:modified_time\" content=\"2025-10-20T11:25:55+00:00\" \/>\n<meta property=\"og:image\" content=\"https:\/\/rfiddepo.com\/wp-content\/uploads\/2025\/10\/25-5561-scaled-1.jpg\" \/>\n\t<meta property=\"og:image:width\" content=\"2560\" \/>\n\t<meta property=\"og:image:height\" content=\"2560\" \/>\n\t<meta property=\"og:image:type\" content=\"image\/jpeg\" \/>\n<meta name=\"twitter:card\" content=\"summary_large_image\" \/>\n<meta name=\"twitter:label1\" content=\"Est. reading time\" \/>\n\t<meta name=\"twitter:data1\" content=\"2 minutes\" \/>\n<script type=\"application\/ld+json\" class=\"yoast-schema-graph\">{\"@context\":\"https:\/\/schema.org\",\"@graph\":[{\"@type\":\"WebPage\",\"@id\":\"https:\/\/rfiddepo.com\/en\/urunlerimiz\/r1-uhf-rfid-desktop-kodlayici\/\",\"url\":\"https:\/\/rfiddepo.com\/en\/urunlerimiz\/r1-uhf-rfid-desktop-kodlayici\/\",\"name\":\"R1 UHF RFID Desktop Kodlay\u0131c\u0131 - RFID Depo\",\"isPartOf\":{\"@id\":\"https:\/\/rfiddepo.com\/en\/#website\"},\"primaryImageOfPage\":{\"@id\":\"https:\/\/rfiddepo.com\/en\/urunlerimiz\/r1-uhf-rfid-desktop-kodlayici\/#primaryimage\"},\"image\":{\"@id\":\"https:\/\/rfiddepo.com\/en\/urunlerimiz\/r1-uhf-rfid-desktop-kodlayici\/#primaryimage\"},\"thumbnailUrl\":\"https:\/\/rfiddepo.com\/wp-content\/uploads\/2025\/10\/25-5561-scaled-1.jpg\",\"datePublished\":\"2024-03-15T13:33:10+00:00\",\"dateModified\":\"2025-10-20T11:25:55+00:00\",\"description\":\"rfidepo.com | R1 UHF RFID Masa\u00fcst\u00fc Kodlay\u0131c\u0131 ile tekstil, otomotiv, lojistik, kuyumculuk, depo otomasyonu sekt\u00f6rlerinde RFID etiketlerini h\u0131zl\u0131ca kodlay\u0131n ve okuyun. Verimlili\u011finizi art\u0131r\u0131n, i\u015fletmenizi g\u00fc\u00e7lendirin!\",\"breadcrumb\":{\"@id\":\"https:\/\/rfiddepo.com\/en\/urunlerimiz\/r1-uhf-rfid-desktop-kodlayici\/#breadcrumb\"},\"inLanguage\":\"en-US\",\"potentialAction\":[{\"@type\":\"ReadAction\",\"target\":[\"https:\/\/rfiddepo.com\/en\/urunlerimiz\/r1-uhf-rfid-desktop-kodlayici\/\"]}]},{\"@type\":\"ImageObject\",\"inLanguage\":\"en-US\",\"@id\":\"https:\/\/rfiddepo.com\/en\/urunlerimiz\/r1-uhf-rfid-desktop-kodlayici\/#primaryimage\",\"url\":\"https:\/\/rfiddepo.com\/wp-content\/uploads\/2025\/10\/25-5561-scaled-1.jpg\",\"contentUrl\":\"https:\/\/rfiddepo.com\/wp-content\/uploads\/2025\/10\/25-5561-scaled-1.jpg\",\"width\":2560,\"height\":2560},{\"@type\":\"BreadcrumbList\",\"@id\":\"https:\/\/rfiddepo.com\/en\/urunlerimiz\/r1-uhf-rfid-desktop-kodlayici\/#breadcrumb\",\"itemListElement\":[{\"@type\":\"ListItem\",\"position\":1,\"name\":\"Anasayfa\",\"item\":\"https:\/\/rfiddepo.com\/en\/\"},{\"@type\":\"ListItem\",\"position\":2,\"name\":\"Urunler\",\"item\":\"https:\/\/rfiddepo.com\/urunler\/\"},{\"@type\":\"ListItem\",\"position\":3,\"name\":\"R1 UHF RFID Desktop Kodlay\u0131c\u0131\"}]},{\"@type\":\"WebSite\",\"@id\":\"https:\/\/rfiddepo.com\/en\/#website\",\"url\":\"https:\/\/rfiddepo.com\/en\/\",\"name\":\"RFID Depo\",\"description\":\"\",\"publisher\":{\"@id\":\"https:\/\/rfiddepo.com\/en\/#organization\"},\"potentialAction\":[{\"@type\":\"SearchAction\",\"target\":{\"@type\":\"EntryPoint\",\"urlTemplate\":\"https:\/\/rfiddepo.com\/en\/?s={search_term_string}\"},\"query-input\":{\"@type\":\"PropertyValueSpecification\",\"valueRequired\":true,\"valueName\":\"search_term_string\"}}],\"inLanguage\":\"en-US\"},{\"@type\":\"Organization\",\"@id\":\"https:\/\/rfiddepo.com\/en\/#organization\",\"name\":\"%%sitename%%\",\"url\":\"https:\/\/rfiddepo.com\/en\/\",\"logo\":{\"@type\":\"ImageObject\",\"inLanguage\":\"en-US\",\"@id\":\"https:\/\/rfiddepo.com\/en\/#\/schema\/logo\/image\/\",\"url\":\"https:\/\/rfiddepo.com\/wp-content\/uploads\/2025\/09\/rfiddepo-logo.png\",\"contentUrl\":\"https:\/\/rfiddepo.com\/wp-content\/uploads\/2025\/09\/rfiddepo-logo.png\",\"width\":500,\"height\":106,\"caption\":\"%%sitename%%\"},\"image\":{\"@id\":\"https:\/\/rfiddepo.com\/en\/#\/schema\/logo\/image\/\"}}]}<\/script>\n<!-- \/ Yoast SEO plugin. -->","yoast_head_json":{"title":"R1 UHF RFID Desktop Kodlay\u0131c\u0131 - RFID Depo","description":"rfidepo.com | R1 UHF RFID Masa\u00fcst\u00fc Kodlay\u0131c\u0131 ile tekstil, otomotiv, lojistik, kuyumculuk, depo otomasyonu sekt\u00f6rlerinde RFID etiketlerini h\u0131zl\u0131ca kodlay\u0131n ve okuyun. Verimlili\u011finizi art\u0131r\u0131n, i\u015fletmenizi g\u00fc\u00e7lendirin!","robots":{"index":"index","follow":"follow","max-snippet":"max-snippet:-1","max-image-preview":"max-image-preview:large","max-video-preview":"max-video-preview:-1"},"canonical":"https:\/\/rfiddepo.com\/en\/urunlerimiz\/r1-uhf-rfid-desktop-kodlayici\/","og_locale":"en_US","og_type":"article","og_title":"R1 UHF RFID Desktop Kodlay\u0131c\u0131 - RFID Depo","og_description":"rfidepo.com | R1 UHF RFID Masa\u00fcst\u00fc Kodlay\u0131c\u0131 ile tekstil, otomotiv, lojistik, kuyumculuk, depo otomasyonu sekt\u00f6rlerinde RFID etiketlerini h\u0131zl\u0131ca kodlay\u0131n ve okuyun. Verimlili\u011finizi art\u0131r\u0131n, i\u015fletmenizi g\u00fc\u00e7lendirin!","og_url":"https:\/\/rfiddepo.com\/en\/urunlerimiz\/r1-uhf-rfid-desktop-kodlayici\/","og_site_name":"RFID Depo","article_modified_time":"2025-10-20T11:25:55+00:00","og_image":[{"width":2560,"height":2560,"url":"https:\/\/rfiddepo.com\/wp-content\/uploads\/2025\/10\/25-5561-scaled-1.jpg","type":"image\/jpeg"}],"twitter_card":"summary_large_image","twitter_misc":{"Est. reading time":"2 minutes"},"schema":{"@context":"https:\/\/schema.org","@graph":[{"@type":"WebPage","@id":"https:\/\/rfiddepo.com\/en\/urunlerimiz\/r1-uhf-rfid-desktop-kodlayici\/","url":"https:\/\/rfiddepo.com\/en\/urunlerimiz\/r1-uhf-rfid-desktop-kodlayici\/","name":"R1 UHF RFID Desktop Kodlay\u0131c\u0131 - RFID Depo","isPartOf":{"@id":"https:\/\/rfiddepo.com\/en\/#website"},"primaryImageOfPage":{"@id":"https:\/\/rfiddepo.com\/en\/urunlerimiz\/r1-uhf-rfid-desktop-kodlayici\/#primaryimage"},"image":{"@id":"https:\/\/rfiddepo.com\/en\/urunlerimiz\/r1-uhf-rfid-desktop-kodlayici\/#primaryimage"},"thumbnailUrl":"https:\/\/rfiddepo.com\/wp-content\/uploads\/2025\/10\/25-5561-scaled-1.jpg","datePublished":"2024-03-15T13:33:10+00:00","dateModified":"2025-10-20T11:25:55+00:00","description":"rfidepo.com | R1 UHF RFID Masa\u00fcst\u00fc Kodlay\u0131c\u0131 ile tekstil, otomotiv, lojistik, kuyumculuk, depo otomasyonu sekt\u00f6rlerinde RFID etiketlerini h\u0131zl\u0131ca kodlay\u0131n ve okuyun. Verimlili\u011finizi art\u0131r\u0131n, i\u015fletmenizi g\u00fc\u00e7lendirin!","breadcrumb":{"@id":"https:\/\/rfiddepo.com\/en\/urunlerimiz\/r1-uhf-rfid-desktop-kodlayici\/#breadcrumb"},"inLanguage":"en-US","potentialAction":[{"@type":"ReadAction","target":["https:\/\/rfiddepo.com\/en\/urunlerimiz\/r1-uhf-rfid-desktop-kodlayici\/"]}]},{"@type":"ImageObject","inLanguage":"en-US","@id":"https:\/\/rfiddepo.com\/en\/urunlerimiz\/r1-uhf-rfid-desktop-kodlayici\/#primaryimage","url":"https:\/\/rfiddepo.com\/wp-content\/uploads\/2025\/10\/25-5561-scaled-1.jpg","contentUrl":"https:\/\/rfiddepo.com\/wp-content\/uploads\/2025\/10\/25-5561-scaled-1.jpg","width":2560,"height":2560},{"@type":"BreadcrumbList","@id":"https:\/\/rfiddepo.com\/en\/urunlerimiz\/r1-uhf-rfid-desktop-kodlayici\/#breadcrumb","itemListElement":[{"@type":"ListItem","position":1,"name":"Anasayfa","item":"https:\/\/rfiddepo.com\/en\/"},{"@type":"ListItem","position":2,"name":"Urunler","item":"https:\/\/rfiddepo.com\/urunler\/"},{"@type":"ListItem","position":3,"name":"R1 UHF RFID Desktop Kodlay\u0131c\u0131"}]},{"@type":"WebSite","@id":"https:\/\/rfiddepo.com\/en\/#website","url":"https:\/\/rfiddepo.com\/en\/","name":"RFID Depo","description":"","publisher":{"@id":"https:\/\/rfiddepo.com\/en\/#organization"},"potentialAction":[{"@type":"SearchAction","target":{"@type":"EntryPoint","urlTemplate":"https:\/\/rfiddepo.com\/en\/?s={search_term_string}"},"query-input":{"@type":"PropertyValueSpecification","valueRequired":true,"valueName":"search_term_string"}}],"inLanguage":"en-US"},{"@type":"Organization","@id":"https:\/\/rfiddepo.com\/en\/#organization","name":"%%sitename%%","url":"https:\/\/rfiddepo.com\/en\/","logo":{"@type":"ImageObject","inLanguage":"en-US","@id":"https:\/\/rfiddepo.com\/en\/#\/schema\/logo\/image\/","url":"https:\/\/rfiddepo.com\/wp-content\/uploads\/2025\/09\/rfiddepo-logo.png","contentUrl":"https:\/\/rfiddepo.com\/wp-content\/uploads\/2025\/09\/rfiddepo-logo.png","width":500,"height":106,"caption":"%%sitename%%"},"image":{"@id":"https:\/\/rfiddepo.com\/en\/#\/schema\/logo\/image\/"}}]}},"_links":{"self":[{"href":"https:\/\/rfiddepo.com\/en\/wp-json\/wp\/v2\/product\/11525","targetHints":{"allow":["GET"]}}],"collection":[{"href":"https:\/\/rfiddepo.com\/en\/wp-json\/wp\/v2\/product"}],"about":[{"href":"https:\/\/rfiddepo.com\/en\/wp-json\/wp\/v2\/types\/product"}],"replies":[{"embeddable":true,"href":"https:\/\/rfiddepo.com\/en\/wp-json\/wp\/v2\/comments?post=11525"}],"wp:featuredmedia":[{"embeddable":true,"href":"https:\/\/rfiddepo.com\/en\/wp-json\/wp\/v2\/media\/148097"}],"wp:attachment":[{"href":"https:\/\/rfiddepo.com\/en\/wp-json\/wp\/v2\/media?parent=11525"}],"wp:term":[{"taxonomy":"product_brand","embeddable":true,"href":"https:\/\/rfiddepo.com\/en\/wp-json\/wp\/v2\/product_brand?post=11525"},{"taxonomy":"product_cat","embeddable":true,"href":"https:\/\/rfiddepo.com\/en\/wp-json\/wp\/v2\/product_cat?post=11525"},{"taxonomy":"product_tag","embeddable":true,"href":"https:\/\/rfiddepo.com\/en\/wp-json\/wp\/v2\/product_tag?post=11525"}],"curies":[{"name":"wp","href":"https:\/\/api.w.org\/{rel}","templated":true}]}}