{"id":11515,"date":"2024-03-15T13:22:37","date_gmt":"2024-03-15T13:22:37","guid":{"rendered":"http:\/\/www.test.rfiddepo.com\/?post_type=product&#038;p=11515"},"modified":"2025-10-14T17:14:27","modified_gmt":"2025-10-14T17:14:27","slug":"omni-id-exo-800p-rigid","status":"publish","type":"product","link":"https:\/\/rfiddepo.com\/en\/urunlerimiz\/omni-id-exo-800p-rigid\/","title":{"rendered":"Omni Id Exo 800P Rigid"},"content":{"rendered":"<p>&nbsp;<\/p>\n<table class=\"blueTable\">\n<tbody>\n<tr>\n<td>Protocol<\/td>\n<td>EPC Class 1 Gen2<\/td>\n<\/tr>\n<tr>\n<td>Operating Frequency<\/td>\n<td>860\u2013940 MHz (GS)<\/td>\n<\/tr>\n<tr>\n<td>Chip<\/td>\n<td>Impinj Monza 4QT ya da Alien Higgs 3<\/td>\n<\/tr>\n<tr>\n<td>Memory<\/td>\n<td>EPC 96 bits, User 512 bits, TID 64 bits<\/td>\n<\/tr>\n<tr>\n<td>Maximum Reading Range<\/td>\n<td>8 meters for fixed readers, 4 meters for portable readers<\/td>\n<\/tr>\n<tr>\n<td>Applicable Surface Areas<\/td>\n<td>Manufactured for Metal Surfaces<\/td>\n<\/tr>\n<tr>\n<td>Dimensions<\/td>\n<td>110 x 25 x 12.85 mm<\/td>\n<\/tr>\n<tr>\n<td>Weight<\/td>\n<td>26 gram<\/td>\n<\/tr>\n<tr>\n<td>Operating Temperature<\/td>\n<td>\u201320 \u00b0C ila +85 \u00b0C<\/td>\n<\/tr>\n<tr>\n<td>Brand<\/td>\n<td><a href=\"\/marka\/omni-id\/\"><img decoding=\"async\" src=\"http:\/\/www.test.rfiddepo.com\/wp-content\/uploads\/2025\/10\/Omni-ID-300x107.png\" alt=\"\" width=\"300\" height=\"107\" class=\"alignnone size-medium wp-image-148169\" srcset=\"https:\/\/rfiddepo.com\/wp-content\/uploads\/2025\/10\/Omni-ID-300x107.png 300w, https:\/\/rfiddepo.com\/wp-content\/uploads\/2025\/10\/Omni-ID-600x215.png 600w, https:\/\/rfiddepo.com\/wp-content\/uploads\/2025\/10\/Omni-ID.png 732w\" sizes=\"(max-width: 300px) 100vw, 300px\" \/><\/a><\/td>\n<\/tr>\n<\/tbody>\n<\/table>\n<p><b>rfidepo.com<\/b>, among its leading solutions, the Omni-ID Exo 800P Rigid is designed for demanding environments. <b>warehouse automation<\/b> and <b>logistics<\/b> Designed to deliver superior performance in harsh environments, this durable, high-performance RFID tag is built to last. This rigid tag provides reliable read performance even on metal assets, ensuring unmatched accuracy and efficiency in your inventory tracking and asset management processes. With its construction that exhibits high resistance to outdoor conditions and heavy industrial use, it is ideal for tracking a wide range of assets, from pallets to containers. Reduce operational complexity with Omni-ID Exo 800P Rigid and <b>rfidepo.com<\/b> Boost your productivity with confidence.<\/p>","protected":false},"excerpt":{"rendered":"<p><b>rfidepo.com<\/b>, Omni-ID Exo 800P Rigid: Tough <b>warehouse automation<\/b> and <b>logistics<\/b> A durable RFID tag designed for harsh environments, providing superior readability even on metal surfaces. Enhance reliability and efficiency in your asset tracking.<\/p>\n<div class=\"datasheet\"><a href=\"\/wp-content\/uploads\/2025\/10\/omni-id-exo-800p.pdf\" target=\"_blank\" class=\"datasheet-btn\" rel=\"noopener\"><br \/>\n\ud83d\udcc4 Datasheet<br \/>\n<\/a><\/div>","protected":false},"featured_media":148105,"comment_status":"closed","ping_status":"closed","template":"","meta":{"_monsterinsights_skip_tracking":false,"_monsterinsights_sitenote_active":false,"_monsterinsights_sitenote_note":"","_monsterinsights_sitenote_category":0},"product_brand":[178],"product_cat":[73,37,72],"product_tag":[247,134,248],"class_list":{"0":"post-11515","1":"product","2":"type-product","3":"status-publish","4":"has-post-thumbnail","6":"product_brand-omni-id","7":"product_cat-demirbas-rfid-tagleri","8":"product_cat-rfid-etiketler","9":"product_cat-rfid-tagler","10":"product_tag-iq-800p-rfid-tag","11":"product_tag-omni-id","12":"product_tag-omni-id-800p","14":"first","15":"instock","16":"shipping-taxable","17":"purchasable","18":"product-type-simple"},"yoast_head":"<!-- This site is optimized with the Yoast SEO plugin v26.6 - https:\/\/yoast.com\/wordpress\/plugins\/seo\/ -->\n<title>Omni Id Exo 800P Rigid - RFID Depo<\/title>\n<meta name=\"description\" content=\"rfidepo.com | Omni-ID Exo 800P Rigid ile depo otomasyonu ve lojistik s\u00fcre\u00e7lerinizde verimliligi artirin. Zorlu kosullara dayanikli, metal \u00fczerinde bile \u00fcst\u00fcn performans sunan RFID etiketini kesfedin.\" \/>\n<meta name=\"robots\" content=\"index, follow, max-snippet:-1, max-image-preview:large, max-video-preview:-1\" \/>\n<link rel=\"canonical\" href=\"https:\/\/rfiddepo.com\/en\/urunlerimiz\/omni-id-exo-800p-rigid\/\" \/>\n<meta property=\"og:locale\" content=\"en_US\" \/>\n<meta property=\"og:type\" content=\"article\" \/>\n<meta property=\"og:title\" content=\"Omni Id Exo 800P Rigid - RFID Depo\" \/>\n<meta property=\"og:description\" content=\"rfidepo.com | Omni-ID Exo 800P Rigid ile depo otomasyonu ve lojistik s\u00fcre\u00e7lerinizde verimliligi artirin. Zorlu kosullara dayanikli, metal \u00fczerinde bile \u00fcst\u00fcn performans sunan RFID etiketini kesfedin.\" \/>\n<meta property=\"og:url\" content=\"https:\/\/rfiddepo.com\/en\/urunlerimiz\/omni-id-exo-800p-rigid\/\" \/>\n<meta property=\"og:site_name\" content=\"RFID Depo\" \/>\n<meta property=\"article:modified_time\" content=\"2025-10-14T17:14:27+00:00\" \/>\n<meta property=\"og:image\" content=\"https:\/\/rfiddepo.com\/wp-content\/uploads\/2025\/10\/43-5250-scaled-1.jpg\" \/>\n\t<meta property=\"og:image:width\" content=\"2560\" \/>\n\t<meta property=\"og:image:height\" content=\"2560\" \/>\n\t<meta property=\"og:image:type\" content=\"image\/jpeg\" \/>\n<meta name=\"twitter:card\" content=\"summary_large_image\" \/>\n<meta name=\"twitter:label1\" content=\"Est. reading time\" \/>\n\t<meta name=\"twitter:data1\" content=\"1 minute\" \/>\n<script type=\"application\/ld+json\" class=\"yoast-schema-graph\">{\"@context\":\"https:\/\/schema.org\",\"@graph\":[{\"@type\":\"WebPage\",\"@id\":\"https:\/\/rfiddepo.com\/en\/urunlerimiz\/omni-id-exo-800p-rigid\/\",\"url\":\"https:\/\/rfiddepo.com\/en\/urunlerimiz\/omni-id-exo-800p-rigid\/\",\"name\":\"Omni Id Exo 800P Rigid - RFID Depo\",\"isPartOf\":{\"@id\":\"https:\/\/rfiddepo.com\/en\/#website\"},\"primaryImageOfPage\":{\"@id\":\"https:\/\/rfiddepo.com\/en\/urunlerimiz\/omni-id-exo-800p-rigid\/#primaryimage\"},\"image\":{\"@id\":\"https:\/\/rfiddepo.com\/en\/urunlerimiz\/omni-id-exo-800p-rigid\/#primaryimage\"},\"thumbnailUrl\":\"https:\/\/rfiddepo.com\/wp-content\/uploads\/2025\/10\/43-5250-scaled-1.jpg\",\"datePublished\":\"2024-03-15T13:22:37+00:00\",\"dateModified\":\"2025-10-14T17:14:27+00:00\",\"description\":\"rfidepo.com | Omni-ID Exo 800P Rigid ile depo otomasyonu ve lojistik s\u00fcre\u00e7lerinizde verimliligi artirin. Zorlu kosullara dayanikli, metal \u00fczerinde bile \u00fcst\u00fcn performans sunan RFID etiketini kesfedin.\",\"breadcrumb\":{\"@id\":\"https:\/\/rfiddepo.com\/en\/urunlerimiz\/omni-id-exo-800p-rigid\/#breadcrumb\"},\"inLanguage\":\"en-US\",\"potentialAction\":[{\"@type\":\"ReadAction\",\"target\":[\"https:\/\/rfiddepo.com\/en\/urunlerimiz\/omni-id-exo-800p-rigid\/\"]}]},{\"@type\":\"ImageObject\",\"inLanguage\":\"en-US\",\"@id\":\"https:\/\/rfiddepo.com\/en\/urunlerimiz\/omni-id-exo-800p-rigid\/#primaryimage\",\"url\":\"https:\/\/rfiddepo.com\/wp-content\/uploads\/2025\/10\/43-5250-scaled-1.jpg\",\"contentUrl\":\"https:\/\/rfiddepo.com\/wp-content\/uploads\/2025\/10\/43-5250-scaled-1.jpg\",\"width\":2560,\"height\":2560},{\"@type\":\"BreadcrumbList\",\"@id\":\"https:\/\/rfiddepo.com\/en\/urunlerimiz\/omni-id-exo-800p-rigid\/#breadcrumb\",\"itemListElement\":[{\"@type\":\"ListItem\",\"position\":1,\"name\":\"Anasayfa\",\"item\":\"https:\/\/rfiddepo.com\/en\/\"},{\"@type\":\"ListItem\",\"position\":2,\"name\":\"Urunler\",\"item\":\"https:\/\/rfiddepo.com\/urunler\/\"},{\"@type\":\"ListItem\",\"position\":3,\"name\":\"Omni Id Exo 800P Rigid\"}]},{\"@type\":\"WebSite\",\"@id\":\"https:\/\/rfiddepo.com\/en\/#website\",\"url\":\"https:\/\/rfiddepo.com\/en\/\",\"name\":\"RFID Depo\",\"description\":\"\",\"publisher\":{\"@id\":\"https:\/\/rfiddepo.com\/en\/#organization\"},\"potentialAction\":[{\"@type\":\"SearchAction\",\"target\":{\"@type\":\"EntryPoint\",\"urlTemplate\":\"https:\/\/rfiddepo.com\/en\/?s={search_term_string}\"},\"query-input\":{\"@type\":\"PropertyValueSpecification\",\"valueRequired\":true,\"valueName\":\"search_term_string\"}}],\"inLanguage\":\"en-US\"},{\"@type\":\"Organization\",\"@id\":\"https:\/\/rfiddepo.com\/en\/#organization\",\"name\":\"%%sitename%%\",\"url\":\"https:\/\/rfiddepo.com\/en\/\",\"logo\":{\"@type\":\"ImageObject\",\"inLanguage\":\"en-US\",\"@id\":\"https:\/\/rfiddepo.com\/en\/#\/schema\/logo\/image\/\",\"url\":\"https:\/\/rfiddepo.com\/wp-content\/uploads\/2025\/09\/rfiddepo-logo.png\",\"contentUrl\":\"https:\/\/rfiddepo.com\/wp-content\/uploads\/2025\/09\/rfiddepo-logo.png\",\"width\":500,\"height\":106,\"caption\":\"%%sitename%%\"},\"image\":{\"@id\":\"https:\/\/rfiddepo.com\/en\/#\/schema\/logo\/image\/\"}}]}<\/script>\n<!-- \/ Yoast SEO plugin. -->","yoast_head_json":{"title":"Omni Id Exo 800P Rigid - RFID Depo","description":"rfidepo.com | Omni-ID Exo 800P Rigid ile depo otomasyonu ve lojistik s\u00fcre\u00e7lerinizde verimliligi artirin. Zorlu kosullara dayanikli, metal \u00fczerinde bile \u00fcst\u00fcn performans sunan RFID etiketini kesfedin.","robots":{"index":"index","follow":"follow","max-snippet":"max-snippet:-1","max-image-preview":"max-image-preview:large","max-video-preview":"max-video-preview:-1"},"canonical":"https:\/\/rfiddepo.com\/en\/urunlerimiz\/omni-id-exo-800p-rigid\/","og_locale":"en_US","og_type":"article","og_title":"Omni Id Exo 800P Rigid - RFID Depo","og_description":"rfidepo.com | Omni-ID Exo 800P Rigid ile depo otomasyonu ve lojistik s\u00fcre\u00e7lerinizde verimliligi artirin. Zorlu kosullara dayanikli, metal \u00fczerinde bile \u00fcst\u00fcn performans sunan RFID etiketini kesfedin.","og_url":"https:\/\/rfiddepo.com\/en\/urunlerimiz\/omni-id-exo-800p-rigid\/","og_site_name":"RFID Depo","article_modified_time":"2025-10-14T17:14:27+00:00","og_image":[{"width":2560,"height":2560,"url":"https:\/\/rfiddepo.com\/wp-content\/uploads\/2025\/10\/43-5250-scaled-1.jpg","type":"image\/jpeg"}],"twitter_card":"summary_large_image","twitter_misc":{"Est. reading time":"1 minute"},"schema":{"@context":"https:\/\/schema.org","@graph":[{"@type":"WebPage","@id":"https:\/\/rfiddepo.com\/en\/urunlerimiz\/omni-id-exo-800p-rigid\/","url":"https:\/\/rfiddepo.com\/en\/urunlerimiz\/omni-id-exo-800p-rigid\/","name":"Omni Id Exo 800P Rigid - RFID Depo","isPartOf":{"@id":"https:\/\/rfiddepo.com\/en\/#website"},"primaryImageOfPage":{"@id":"https:\/\/rfiddepo.com\/en\/urunlerimiz\/omni-id-exo-800p-rigid\/#primaryimage"},"image":{"@id":"https:\/\/rfiddepo.com\/en\/urunlerimiz\/omni-id-exo-800p-rigid\/#primaryimage"},"thumbnailUrl":"https:\/\/rfiddepo.com\/wp-content\/uploads\/2025\/10\/43-5250-scaled-1.jpg","datePublished":"2024-03-15T13:22:37+00:00","dateModified":"2025-10-14T17:14:27+00:00","description":"rfidepo.com | Omni-ID Exo 800P Rigid ile depo otomasyonu ve lojistik s\u00fcre\u00e7lerinizde verimliligi artirin. Zorlu kosullara dayanikli, metal \u00fczerinde bile \u00fcst\u00fcn performans sunan RFID etiketini kesfedin.","breadcrumb":{"@id":"https:\/\/rfiddepo.com\/en\/urunlerimiz\/omni-id-exo-800p-rigid\/#breadcrumb"},"inLanguage":"en-US","potentialAction":[{"@type":"ReadAction","target":["https:\/\/rfiddepo.com\/en\/urunlerimiz\/omni-id-exo-800p-rigid\/"]}]},{"@type":"ImageObject","inLanguage":"en-US","@id":"https:\/\/rfiddepo.com\/en\/urunlerimiz\/omni-id-exo-800p-rigid\/#primaryimage","url":"https:\/\/rfiddepo.com\/wp-content\/uploads\/2025\/10\/43-5250-scaled-1.jpg","contentUrl":"https:\/\/rfiddepo.com\/wp-content\/uploads\/2025\/10\/43-5250-scaled-1.jpg","width":2560,"height":2560},{"@type":"BreadcrumbList","@id":"https:\/\/rfiddepo.com\/en\/urunlerimiz\/omni-id-exo-800p-rigid\/#breadcrumb","itemListElement":[{"@type":"ListItem","position":1,"name":"Anasayfa","item":"https:\/\/rfiddepo.com\/en\/"},{"@type":"ListItem","position":2,"name":"Urunler","item":"https:\/\/rfiddepo.com\/urunler\/"},{"@type":"ListItem","position":3,"name":"Omni Id Exo 800P Rigid"}]},{"@type":"WebSite","@id":"https:\/\/rfiddepo.com\/en\/#website","url":"https:\/\/rfiddepo.com\/en\/","name":"RFID Depo","description":"","publisher":{"@id":"https:\/\/rfiddepo.com\/en\/#organization"},"potentialAction":[{"@type":"SearchAction","target":{"@type":"EntryPoint","urlTemplate":"https:\/\/rfiddepo.com\/en\/?s={search_term_string}"},"query-input":{"@type":"PropertyValueSpecification","valueRequired":true,"valueName":"search_term_string"}}],"inLanguage":"en-US"},{"@type":"Organization","@id":"https:\/\/rfiddepo.com\/en\/#organization","name":"%%sitename%%","url":"https:\/\/rfiddepo.com\/en\/","logo":{"@type":"ImageObject","inLanguage":"en-US","@id":"https:\/\/rfiddepo.com\/en\/#\/schema\/logo\/image\/","url":"https:\/\/rfiddepo.com\/wp-content\/uploads\/2025\/09\/rfiddepo-logo.png","contentUrl":"https:\/\/rfiddepo.com\/wp-content\/uploads\/2025\/09\/rfiddepo-logo.png","width":500,"height":106,"caption":"%%sitename%%"},"image":{"@id":"https:\/\/rfiddepo.com\/en\/#\/schema\/logo\/image\/"}}]}},"_links":{"self":[{"href":"https:\/\/rfiddepo.com\/en\/wp-json\/wp\/v2\/product\/11515","targetHints":{"allow":["GET"]}}],"collection":[{"href":"https:\/\/rfiddepo.com\/en\/wp-json\/wp\/v2\/product"}],"about":[{"href":"https:\/\/rfiddepo.com\/en\/wp-json\/wp\/v2\/types\/product"}],"replies":[{"embeddable":true,"href":"https:\/\/rfiddepo.com\/en\/wp-json\/wp\/v2\/comments?post=11515"}],"wp:featuredmedia":[{"embeddable":true,"href":"https:\/\/rfiddepo.com\/en\/wp-json\/wp\/v2\/media\/148105"}],"wp:attachment":[{"href":"https:\/\/rfiddepo.com\/en\/wp-json\/wp\/v2\/media?parent=11515"}],"wp:term":[{"taxonomy":"product_brand","embeddable":true,"href":"https:\/\/rfiddepo.com\/en\/wp-json\/wp\/v2\/product_brand?post=11515"},{"taxonomy":"product_cat","embeddable":true,"href":"https:\/\/rfiddepo.com\/en\/wp-json\/wp\/v2\/product_cat?post=11515"},{"taxonomy":"product_tag","embeddable":true,"href":"https:\/\/rfiddepo.com\/en\/wp-json\/wp\/v2\/product_tag?post=11515"}],"curies":[{"name":"wp","href":"https:\/\/api.w.org\/{rel}","templated":true}]}}