{"id":11508,"date":"2024-03-15T13:10:39","date_gmt":"2024-03-15T13:10:39","guid":{"rendered":"http:\/\/www.test.rfiddepo.com\/?post_type=product&#038;p=11508"},"modified":"2025-10-14T18:41:20","modified_gmt":"2025-10-14T18:41:20","slug":"dogbone-94x24mm-rfid-etiket","status":"publish","type":"product","link":"https:\/\/rfiddepo.com\/en\/urunlerimiz\/dogbone-94x24mm-rfid-etiket\/","title":{"rendered":"Dogbone 94x24mm RFID Tag"},"content":{"rendered":"<p>&nbsp;<\/p>\n<table class=\"blueTable\">\n<tbody>\n<tr>\n<td>Feature<\/td>\n<td>Explanation<\/td>\n<\/tr>\n<tr>\n<td>EPC and User Memory<\/td>\n<td>128-bit ve 128-bit<\/td>\n<\/tr>\n<tr>\n<td>Product Code<\/td>\n<td>3005527 \/ IL-602948<\/td>\n<\/tr>\n<tr>\n<td>Chip<\/td>\n<td>Axzon Magnus S3<\/td>\n<\/tr>\n<tr>\n<td>Mold Cutting Size<\/td>\n<td>94 x 24 mm \/ 3,82 x 1,06 in\u00e7<\/td>\n<\/tr>\n<tr>\n<td>Standard Step<\/td>\n<td>50 mm \/ 1,969 in\u00e7<\/td>\n<\/tr>\n<tr>\n<td>Network Bandwidth<\/td>\n<td>100 mm \/ 4 in\u00e7<\/td>\n<\/tr>\n<tr>\n<td>Core Size<\/td>\n<td>76 mm \/ 3 in\u00e7<\/td>\n<\/tr>\n<tr>\n<td>Operating Temperature<\/td>\n<td>-40 \u00b0C ila 85 \u00b0C \/ -40 \u00b0F ila 185 \u00b0F<\/td>\n<\/tr>\n<tr>\n<td>Brand<\/td>\n<td><a href=\"\/marka\/smartrac\/\"><img decoding=\"async\" src=\"https:\/\/rfiddepoweb.workindigi.com\/wp-content\/uploads\/2024\/01\/smartrac.webp\" \/><\/a><\/td>\n<\/tr>\n<\/tbody>\n<\/table>\n<h3>Technical Specifications:<\/h3>\n<ul>\n<li><strong>Dimension:<\/strong> 94mm x 24mm<\/li>\n<li><strong>Frequency:<\/strong> 860\u2013960 MHz (UHF)<\/li>\n<li><strong>Chip:<\/strong> Impinj Monza series (Monza R6, R6P, etc.)<\/li>\n<li><strong>Material:<\/strong> PET, paper, or special carrier options<\/li>\n<li><strong>Reading Distance:<\/strong> Up to 8-10 meters (depending on the reader)<\/li>\n<li><strong>Compatibility:<\/strong> Fully compatible with Zebra, Impinj, Confidex, and Avery Dennison systems<\/li>\n<\/ul>\n<h3>Application Areas:<\/h3>\n<ul>\n<li><strong>Textile Industry:<\/strong> Hanging product tracking, shipping, and inventory control<\/li>\n<li><strong>Automotive Industry:<\/strong> Part and production process tracking<\/li>\n<li><strong>Logistics Operations:<\/strong> Control of box, pallet, and product shipments using RFID<\/li>\n<li><strong>Jewelry:<\/strong> Secure labeling and inventory control of valuable products<\/li>\n<li><strong>Warehouse Automation:<\/strong> RFID-enabled fast and error-free warehouse management<\/li>\n<\/ul>\n<h3>Why Dogbone 94x24mm RFID Tag?<\/h3>\n<ul>\n<li>Can be easily applied to large surfaces<\/li>\n<li>High performance on non-metallic surfaces<\/li>\n<li>Long-range and accurate data reading<\/li>\n<li>Maximum efficiency in bulk product reading operations<\/li>\n<\/ul>\n<p><strong>Dogbone 94x24mm RFID Tag<\/strong>, is an ideal solution for enhancing the performance of your RFID systems and digitizing your operations. <strong>rfiddepo.com<\/strong> , order now with the best price and professional support!<\/p>","protected":false},"excerpt":{"rendered":"<p><strong>Dogbone 94x24mm RFID Tag<\/strong>, is a high-performance product developed with UHF RFID technology and has a wide range of applications. <strong>Textiles, automotive, logistics, jewelry<\/strong> and <strong>warehouse automation<\/strong> this label, widely used in industries such as these, is an excellent solution for inventory tracking, product security, and process optimization.<\/p>\n<div class=\"datasheet\"><a href=\"\/wp-content\/uploads\/2025\/10\/smartrac-dogbone-rfid-etiketi-datasheet.pdf\" target=\"_blank\" class=\"datasheet-btn\" rel=\"noopener\"><br \/>\n\ud83d\udcc4 Datasheet<br \/>\n<\/a><\/div>","protected":false},"featured_media":147139,"comment_status":"closed","ping_status":"closed","template":"","meta":{"_monsterinsights_skip_tracking":false,"_monsterinsights_sitenote_active":false,"_monsterinsights_sitenote_note":"","_monsterinsights_sitenote_category":0},"product_brand":[128],"product_cat":[72],"product_tag":[],"class_list":{"0":"post-11508","1":"product","2":"type-product","3":"status-publish","4":"has-post-thumbnail","6":"product_brand-smartrac","7":"product_cat-rfid-tagler","9":"first","10":"instock","11":"shipping-taxable","12":"purchasable","13":"product-type-simple"},"yoast_head":"<!-- This site is optimized with the Yoast SEO plugin v26.6 - https:\/\/yoast.com\/wordpress\/plugins\/seo\/ -->\n<title>Dogbone 94x24mm RFID Etiket - RFID Depo<\/title>\n<meta name=\"description\" content=\"Dogbone 94x24mm RFID etiket, tekstil, otomotiv, lojistik, kuyumculuk ve depo otomasyonu i\u00e7in ideal UHF RFID \u00e7\u00f6z\u00fcm\u00fcd\u00fcr. RFID takip sistemi i\u00e7in rfiddepo.com\u2019da!\" \/>\n<meta name=\"robots\" content=\"index, follow, max-snippet:-1, max-image-preview:large, max-video-preview:-1\" \/>\n<link rel=\"canonical\" href=\"https:\/\/rfiddepo.com\/en\/urunlerimiz\/dogbone-94x24mm-rfid-etiket\/\" \/>\n<meta property=\"og:locale\" content=\"en_US\" \/>\n<meta property=\"og:type\" content=\"article\" \/>\n<meta property=\"og:title\" content=\"Dogbone 94x24mm RFID Etiket - RFID Depo\" \/>\n<meta property=\"og:description\" content=\"Dogbone 94x24mm RFID etiket, tekstil, otomotiv, lojistik, kuyumculuk ve depo otomasyonu i\u00e7in ideal UHF RFID \u00e7\u00f6z\u00fcm\u00fcd\u00fcr. RFID takip sistemi i\u00e7in rfiddepo.com\u2019da!\" \/>\n<meta property=\"og:url\" content=\"https:\/\/rfiddepo.com\/en\/urunlerimiz\/dogbone-94x24mm-rfid-etiket\/\" \/>\n<meta property=\"og:site_name\" content=\"RFID Depo\" \/>\n<meta property=\"article:modified_time\" content=\"2025-10-14T18:41:20+00:00\" \/>\n<meta property=\"og:image\" content=\"https:\/\/rfiddepo.com\/wp-content\/uploads\/2025\/09\/smartrac-dogbone-rfid-etiket1.jpg\" \/>\n\t<meta property=\"og:image:width\" content=\"700\" \/>\n\t<meta property=\"og:image:height\" content=\"660\" \/>\n\t<meta property=\"og:image:type\" content=\"image\/jpeg\" \/>\n<meta name=\"twitter:card\" content=\"summary_large_image\" \/>\n<meta name=\"twitter:label1\" content=\"Est. reading time\" \/>\n\t<meta name=\"twitter:data1\" content=\"1 minute\" \/>\n<script type=\"application\/ld+json\" class=\"yoast-schema-graph\">{\"@context\":\"https:\/\/schema.org\",\"@graph\":[{\"@type\":\"WebPage\",\"@id\":\"https:\/\/rfiddepo.com\/en\/urunlerimiz\/dogbone-94x24mm-rfid-etiket\/\",\"url\":\"https:\/\/rfiddepo.com\/en\/urunlerimiz\/dogbone-94x24mm-rfid-etiket\/\",\"name\":\"Dogbone 94x24mm RFID Etiket - RFID Depo\",\"isPartOf\":{\"@id\":\"https:\/\/rfiddepo.com\/en\/#website\"},\"primaryImageOfPage\":{\"@id\":\"https:\/\/rfiddepo.com\/en\/urunlerimiz\/dogbone-94x24mm-rfid-etiket\/#primaryimage\"},\"image\":{\"@id\":\"https:\/\/rfiddepo.com\/en\/urunlerimiz\/dogbone-94x24mm-rfid-etiket\/#primaryimage\"},\"thumbnailUrl\":\"https:\/\/rfiddepo.com\/wp-content\/uploads\/2025\/09\/smartrac-dogbone-rfid-etiket1.jpg\",\"datePublished\":\"2024-03-15T13:10:39+00:00\",\"dateModified\":\"2025-10-14T18:41:20+00:00\",\"description\":\"Dogbone 94x24mm RFID etiket, tekstil, otomotiv, lojistik, kuyumculuk ve depo otomasyonu i\u00e7in ideal UHF RFID \u00e7\u00f6z\u00fcm\u00fcd\u00fcr. RFID takip sistemi i\u00e7in rfiddepo.com\u2019da!\",\"breadcrumb\":{\"@id\":\"https:\/\/rfiddepo.com\/en\/urunlerimiz\/dogbone-94x24mm-rfid-etiket\/#breadcrumb\"},\"inLanguage\":\"en-US\",\"potentialAction\":[{\"@type\":\"ReadAction\",\"target\":[\"https:\/\/rfiddepo.com\/en\/urunlerimiz\/dogbone-94x24mm-rfid-etiket\/\"]}]},{\"@type\":\"ImageObject\",\"inLanguage\":\"en-US\",\"@id\":\"https:\/\/rfiddepo.com\/en\/urunlerimiz\/dogbone-94x24mm-rfid-etiket\/#primaryimage\",\"url\":\"https:\/\/rfiddepo.com\/wp-content\/uploads\/2025\/09\/smartrac-dogbone-rfid-etiket1.jpg\",\"contentUrl\":\"https:\/\/rfiddepo.com\/wp-content\/uploads\/2025\/09\/smartrac-dogbone-rfid-etiket1.jpg\",\"width\":700,\"height\":660},{\"@type\":\"BreadcrumbList\",\"@id\":\"https:\/\/rfiddepo.com\/en\/urunlerimiz\/dogbone-94x24mm-rfid-etiket\/#breadcrumb\",\"itemListElement\":[{\"@type\":\"ListItem\",\"position\":1,\"name\":\"Anasayfa\",\"item\":\"https:\/\/rfiddepo.com\/en\/\"},{\"@type\":\"ListItem\",\"position\":2,\"name\":\"Urunler\",\"item\":\"https:\/\/rfiddepo.com\/urunler\/\"},{\"@type\":\"ListItem\",\"position\":3,\"name\":\"Dogbone 94x24mm RFID Etiket\"}]},{\"@type\":\"WebSite\",\"@id\":\"https:\/\/rfiddepo.com\/en\/#website\",\"url\":\"https:\/\/rfiddepo.com\/en\/\",\"name\":\"RFID Depo\",\"description\":\"\",\"publisher\":{\"@id\":\"https:\/\/rfiddepo.com\/en\/#organization\"},\"potentialAction\":[{\"@type\":\"SearchAction\",\"target\":{\"@type\":\"EntryPoint\",\"urlTemplate\":\"https:\/\/rfiddepo.com\/en\/?s={search_term_string}\"},\"query-input\":{\"@type\":\"PropertyValueSpecification\",\"valueRequired\":true,\"valueName\":\"search_term_string\"}}],\"inLanguage\":\"en-US\"},{\"@type\":\"Organization\",\"@id\":\"https:\/\/rfiddepo.com\/en\/#organization\",\"name\":\"%%sitename%%\",\"url\":\"https:\/\/rfiddepo.com\/en\/\",\"logo\":{\"@type\":\"ImageObject\",\"inLanguage\":\"en-US\",\"@id\":\"https:\/\/rfiddepo.com\/en\/#\/schema\/logo\/image\/\",\"url\":\"https:\/\/rfiddepo.com\/wp-content\/uploads\/2025\/09\/rfiddepo-logo.png\",\"contentUrl\":\"https:\/\/rfiddepo.com\/wp-content\/uploads\/2025\/09\/rfiddepo-logo.png\",\"width\":500,\"height\":106,\"caption\":\"%%sitename%%\"},\"image\":{\"@id\":\"https:\/\/rfiddepo.com\/en\/#\/schema\/logo\/image\/\"}}]}<\/script>\n<!-- \/ Yoast SEO plugin. -->","yoast_head_json":{"title":"Dogbone 94x24mm RFID Etiket - RFID Depo","description":"Dogbone 94x24mm RFID etiket, tekstil, otomotiv, lojistik, kuyumculuk ve depo otomasyonu i\u00e7in ideal UHF RFID \u00e7\u00f6z\u00fcm\u00fcd\u00fcr. RFID takip sistemi i\u00e7in rfiddepo.com\u2019da!","robots":{"index":"index","follow":"follow","max-snippet":"max-snippet:-1","max-image-preview":"max-image-preview:large","max-video-preview":"max-video-preview:-1"},"canonical":"https:\/\/rfiddepo.com\/en\/urunlerimiz\/dogbone-94x24mm-rfid-etiket\/","og_locale":"en_US","og_type":"article","og_title":"Dogbone 94x24mm RFID Etiket - RFID Depo","og_description":"Dogbone 94x24mm RFID etiket, tekstil, otomotiv, lojistik, kuyumculuk ve depo otomasyonu i\u00e7in ideal UHF RFID \u00e7\u00f6z\u00fcm\u00fcd\u00fcr. RFID takip sistemi i\u00e7in rfiddepo.com\u2019da!","og_url":"https:\/\/rfiddepo.com\/en\/urunlerimiz\/dogbone-94x24mm-rfid-etiket\/","og_site_name":"RFID Depo","article_modified_time":"2025-10-14T18:41:20+00:00","og_image":[{"width":700,"height":660,"url":"https:\/\/rfiddepo.com\/wp-content\/uploads\/2025\/09\/smartrac-dogbone-rfid-etiket1.jpg","type":"image\/jpeg"}],"twitter_card":"summary_large_image","twitter_misc":{"Est. reading time":"1 minute"},"schema":{"@context":"https:\/\/schema.org","@graph":[{"@type":"WebPage","@id":"https:\/\/rfiddepo.com\/en\/urunlerimiz\/dogbone-94x24mm-rfid-etiket\/","url":"https:\/\/rfiddepo.com\/en\/urunlerimiz\/dogbone-94x24mm-rfid-etiket\/","name":"Dogbone 94x24mm RFID Etiket - RFID Depo","isPartOf":{"@id":"https:\/\/rfiddepo.com\/en\/#website"},"primaryImageOfPage":{"@id":"https:\/\/rfiddepo.com\/en\/urunlerimiz\/dogbone-94x24mm-rfid-etiket\/#primaryimage"},"image":{"@id":"https:\/\/rfiddepo.com\/en\/urunlerimiz\/dogbone-94x24mm-rfid-etiket\/#primaryimage"},"thumbnailUrl":"https:\/\/rfiddepo.com\/wp-content\/uploads\/2025\/09\/smartrac-dogbone-rfid-etiket1.jpg","datePublished":"2024-03-15T13:10:39+00:00","dateModified":"2025-10-14T18:41:20+00:00","description":"Dogbone 94x24mm RFID etiket, tekstil, otomotiv, lojistik, kuyumculuk ve depo otomasyonu i\u00e7in ideal UHF RFID \u00e7\u00f6z\u00fcm\u00fcd\u00fcr. RFID takip sistemi i\u00e7in rfiddepo.com\u2019da!","breadcrumb":{"@id":"https:\/\/rfiddepo.com\/en\/urunlerimiz\/dogbone-94x24mm-rfid-etiket\/#breadcrumb"},"inLanguage":"en-US","potentialAction":[{"@type":"ReadAction","target":["https:\/\/rfiddepo.com\/en\/urunlerimiz\/dogbone-94x24mm-rfid-etiket\/"]}]},{"@type":"ImageObject","inLanguage":"en-US","@id":"https:\/\/rfiddepo.com\/en\/urunlerimiz\/dogbone-94x24mm-rfid-etiket\/#primaryimage","url":"https:\/\/rfiddepo.com\/wp-content\/uploads\/2025\/09\/smartrac-dogbone-rfid-etiket1.jpg","contentUrl":"https:\/\/rfiddepo.com\/wp-content\/uploads\/2025\/09\/smartrac-dogbone-rfid-etiket1.jpg","width":700,"height":660},{"@type":"BreadcrumbList","@id":"https:\/\/rfiddepo.com\/en\/urunlerimiz\/dogbone-94x24mm-rfid-etiket\/#breadcrumb","itemListElement":[{"@type":"ListItem","position":1,"name":"Anasayfa","item":"https:\/\/rfiddepo.com\/en\/"},{"@type":"ListItem","position":2,"name":"Urunler","item":"https:\/\/rfiddepo.com\/urunler\/"},{"@type":"ListItem","position":3,"name":"Dogbone 94x24mm RFID Etiket"}]},{"@type":"WebSite","@id":"https:\/\/rfiddepo.com\/en\/#website","url":"https:\/\/rfiddepo.com\/en\/","name":"RFID Depo","description":"","publisher":{"@id":"https:\/\/rfiddepo.com\/en\/#organization"},"potentialAction":[{"@type":"SearchAction","target":{"@type":"EntryPoint","urlTemplate":"https:\/\/rfiddepo.com\/en\/?s={search_term_string}"},"query-input":{"@type":"PropertyValueSpecification","valueRequired":true,"valueName":"search_term_string"}}],"inLanguage":"en-US"},{"@type":"Organization","@id":"https:\/\/rfiddepo.com\/en\/#organization","name":"%%sitename%%","url":"https:\/\/rfiddepo.com\/en\/","logo":{"@type":"ImageObject","inLanguage":"en-US","@id":"https:\/\/rfiddepo.com\/en\/#\/schema\/logo\/image\/","url":"https:\/\/rfiddepo.com\/wp-content\/uploads\/2025\/09\/rfiddepo-logo.png","contentUrl":"https:\/\/rfiddepo.com\/wp-content\/uploads\/2025\/09\/rfiddepo-logo.png","width":500,"height":106,"caption":"%%sitename%%"},"image":{"@id":"https:\/\/rfiddepo.com\/en\/#\/schema\/logo\/image\/"}}]}},"_links":{"self":[{"href":"https:\/\/rfiddepo.com\/en\/wp-json\/wp\/v2\/product\/11508","targetHints":{"allow":["GET"]}}],"collection":[{"href":"https:\/\/rfiddepo.com\/en\/wp-json\/wp\/v2\/product"}],"about":[{"href":"https:\/\/rfiddepo.com\/en\/wp-json\/wp\/v2\/types\/product"}],"replies":[{"embeddable":true,"href":"https:\/\/rfiddepo.com\/en\/wp-json\/wp\/v2\/comments?post=11508"}],"wp:featuredmedia":[{"embeddable":true,"href":"https:\/\/rfiddepo.com\/en\/wp-json\/wp\/v2\/media\/147139"}],"wp:attachment":[{"href":"https:\/\/rfiddepo.com\/en\/wp-json\/wp\/v2\/media?parent=11508"}],"wp:term":[{"taxonomy":"product_brand","embeddable":true,"href":"https:\/\/rfiddepo.com\/en\/wp-json\/wp\/v2\/product_brand?post=11508"},{"taxonomy":"product_cat","embeddable":true,"href":"https:\/\/rfiddepo.com\/en\/wp-json\/wp\/v2\/product_cat?post=11508"},{"taxonomy":"product_tag","embeddable":true,"href":"https:\/\/rfiddepo.com\/en\/wp-json\/wp\/v2\/product_tag?post=11508"}],"curies":[{"name":"wp","href":"https:\/\/api.w.org\/{rel}","templated":true}]}}