{"id":11504,"date":"2024-03-15T12:59:46","date_gmt":"2024-03-15T12:59:46","guid":{"rendered":"http:\/\/www.test.rfiddepo.com\/?post_type=product&#038;p=11504"},"modified":"2025-10-14T18:48:21","modified_gmt":"2025-10-14T18:48:21","slug":"chainway-ura4-uhf-rfid-reader","status":"publish","type":"product","link":"https:\/\/rfiddepo.com\/en\/urunlerimiz\/chainway-ura4-uhf-rfid-reader\/","title":{"rendered":"Chainway URA4 UHF RFID Reader"},"content":{"rendered":"<p>&nbsp;<\/p>\n<table class=\"blueTable\" border=\"1\" cellpadding=\"5\" cellspacing=\"0\">\n<tbody>\n<tr>\n<td>Feature<\/td>\n<td>Explanation<\/td>\n<\/tr>\n<tr>\n<td>Dimensions<\/td>\n<td>214 x 148 x 30 mm<\/td>\n<\/tr>\n<tr>\n<td>Weight<\/td>\n<td>1000 g (anten hari\u00e7)<\/td>\n<\/tr>\n<tr>\n<td>Material<\/td>\n<td>Aluminum alloy<\/td>\n<\/tr>\n<tr>\n<td>Expansion Slots<\/td>\n<td>1 Nano SIM, 1 TF kart<\/td>\n<\/tr>\n<tr>\n<td>Input Voltage<\/td>\n<td>DC 10-24V<\/td>\n<\/tr>\n<tr>\n<td>Standby Current<\/td>\n<td>&lt; 30 mA<\/td>\n<\/tr>\n<tr>\n<td>Connection Interfaces<\/td>\n<td>RS232, RJ45, 3xUSB2.0, Type-C, USB Host<\/td>\n<\/tr>\n<tr>\n<td>GPIO<\/td>\n<td>4 inputs, 4 outputs with opto-couplers<\/td>\n<\/tr>\n<tr>\n<td>Cooling<\/td>\n<td>Air cooling<\/td>\n<\/tr>\n<tr>\n<td>Graphical User Interface<\/td>\n<td>HDMI 720P<\/td>\n<\/tr>\n<tr>\n<td>Power Source<\/td>\n<td>DC 12V, POE (13W), POE+ (25.5W)<\/td>\n<\/tr>\n<tr>\n<td>Ethernet<\/td>\n<td>10\/100 Base-T (RJ45)<\/td>\n<\/tr>\n<tr>\n<td>WLAN<\/td>\n<td>802.11 a\/b\/g\/n\/ac, 2.4G\/5G \u00e7ift bant, IP v4\/v6<\/td>\n<\/tr>\n<tr>\n<td>WWAN<\/td>\n<td>2G\/3G\/4G (b\u00f6lgeye g\u00f6re farkl\u0131 bantlar)<\/td>\n<\/tr>\n<tr>\n<td>Bluetooth<\/td>\n<td>4.2\/4.1\/4.0\/3.0\/2.1+EDR<\/td>\n<\/tr>\n<tr>\n<td>Operating System<\/td>\n<td>Android 9.0<\/td>\n<\/tr>\n<tr>\n<td>CPU<\/td>\n<td>Qualcomm 1.8 GHz Octa-core<\/td>\n<\/tr>\n<tr>\n<td>RAM+ROM<\/td>\n<td>3 GB + 32 GB \/ 2 GB + 16 GB (opsiyonel)<\/td>\n<\/tr>\n<tr>\n<td>Operating Temperature<\/td>\n<td>-25 \u00b0C ila 65 \u00b0C<\/td>\n<\/tr>\n<tr>\n<td>Storage Temperature<\/td>\n<td>-40 \u00b0C ila 85 \u00b0C<\/td>\n<\/tr>\n<tr>\n<td>Humidity<\/td>\n<td>%10 &#8211; %95<\/td>\n<\/tr>\n<tr>\n<td>UHF RFID Mod\u00fcl\u00fc<\/td>\n<td>CM710-4 (Impinj E710)<\/td>\n<\/tr>\n<tr>\n<td>Frequency<\/td>\n<td>865-868 \/ 920-925 \/ 902-928 MHz<\/td>\n<\/tr>\n<tr>\n<td>Protocol<\/td>\n<td>EPC Class 1 Gen 2 \/ ISO18000-6C<\/td>\n<\/tr>\n<tr>\n<td>Antenna<\/td>\n<td>Supported by 6 dBic or 9 dBic<\/td>\n<\/tr>\n<tr>\n<td>Output Power<\/td>\n<td>1W (30dBm) \/ optional 2W (33dBm)<\/td>\n<\/tr>\n<tr>\n<td>Maximum Reading Speed<\/td>\n<td>900+ labels\/second<\/td>\n<\/tr>\n<tr>\n<td>Antenna Port<\/td>\n<td>4 kanal 50\u03a9 TNC<\/td>\n<\/tr>\n<tr>\n<td>Brand<\/td>\n<td><a href=\"\/marka\/chainway\/\"><img decoding=\"async\" src=\"\/wp-content\/uploads\/2025\/10\/8136a595-23d5-418e-b357-629e67e48982.png\" \/><\/a><\/td>\n<\/tr>\n<\/tbody>\n<\/table>\n<h2>Technical Specifications:<\/h2>\n<ul>\n<li><strong>Frequency Range:<\/strong> 860\u2013960 MHz (UHF)<\/li>\n<li><strong>Reading Distance:<\/strong> Maximum 10 meters<\/li>\n<li><strong>Connection:<\/strong> USB, RS232, Ethernet, and Wiegand interfaces<\/li>\n<li><strong>Durability:<\/strong> Dust and water resistant with IP65 protection rating<\/li>\n<li><strong>Dimensions<\/strong> Compact and lightweight design<\/li>\n<li><strong>Operating Temperature<\/strong> Between -20\u00b0C and +60\u00b0C<\/li>\n<\/ul>\n<h2>Areas of Use:<\/h2>\n<ul>\n<li><strong>Textiles:<\/strong> Serial tracking of products, in-store and warehouse management<\/li>\n<li><strong>Automotive:<\/strong> Tracking parts and components<\/li>\n<li><strong>Logistics:<\/strong> Fast and accurate tracking of boxes and pallets<\/li>\n<li><strong>Jewelry:<\/strong> Secure tracking of valuable goods<\/li>\n<li><strong>Warehouse Automation:<\/strong> Inventory control and entry-exit procedures<\/li>\n<\/ul>\n<p><strong>rfiddepo.com<\/strong> offered with its guarantee <strong>Chainway URA4 UHF RFID Reader<\/strong>, Enhance your RFID systems to increase your operational efficiency. Contact us for professional solutions!<\/p>","protected":false},"excerpt":{"rendered":"<p><strong>Chainway URA4 UHF RFID Reader<\/strong>, with advanced UHF RFID technology, it provides high-performance, reliable data collection and product tracking in the textile, automotive, logistics, jewelry, and warehouse automation industries. Its industrial-standard durable construction and easy integration features accelerate your field operations.<\/p>\n<div class=\"datasheet\"><a href=\"\/wp-content\/uploads\/2025\/10\/URA4-EN.pdf\" target=\"_blank\" class=\"datasheet-btn\" rel=\"noopener\"><br \/>\n\ud83d\udcc4 Datasheet<br \/>\n<\/a><\/div>","protected":false},"featured_media":148112,"comment_status":"closed","ping_status":"closed","template":"","meta":{"_monsterinsights_skip_tracking":false,"_monsterinsights_sitenote_active":false,"_monsterinsights_sitenote_note":"","_monsterinsights_sitenote_category":0},"product_brand":[475],"product_cat":[71],"product_tag":[240,241,242,115,201],"class_list":{"0":"post-11504","1":"product","2":"type-product","3":"status-publish","4":"has-post-thumbnail","6":"product_brand-chainway","7":"product_cat-rfid-sabit-okuyucular","8":"product_tag-honeywell-rfid-reader","9":"product_tag-if2b-rfid-reader","10":"product_tag-intermec-rfid-reader","11":"product_tag-rfid-reader","12":"product_tag-rfid-sabit-okuyucu","14":"first","15":"instock","16":"shipping-taxable","17":"purchasable","18":"product-type-simple"},"yoast_head":"<!-- This site is optimized with the Yoast SEO plugin v26.6 - https:\/\/yoast.com\/wordpress\/plugins\/seo\/ -->\n<title>Chainway URA4 UHF RFID Reader - RFID Depo<\/title>\n<meta name=\"description\" content=\"Chainway URA4 UHF RFID Reader, tekstil, otomotiv, lojistik, kuyumculuk ve depo otomasyonu sekt\u00f6rlerinde y\u00fcksek performansli, dayanikli RFID okuma \u00e7\u00f6z\u00fcm\u00fc sunar. rfiddepo.com\u2019da!\" \/>\n<meta name=\"robots\" content=\"index, follow, max-snippet:-1, max-image-preview:large, max-video-preview:-1\" \/>\n<link rel=\"canonical\" href=\"https:\/\/rfiddepo.com\/en\/urunlerimiz\/chainway-ura4-uhf-rfid-reader\/\" \/>\n<meta property=\"og:locale\" content=\"en_US\" \/>\n<meta property=\"og:type\" content=\"article\" \/>\n<meta property=\"og:title\" content=\"Chainway URA4 UHF RFID Reader - RFID Depo\" \/>\n<meta property=\"og:description\" content=\"Chainway URA4 UHF RFID Reader, tekstil, otomotiv, lojistik, kuyumculuk ve depo otomasyonu sekt\u00f6rlerinde y\u00fcksek performansli, dayanikli RFID okuma \u00e7\u00f6z\u00fcm\u00fc sunar. rfiddepo.com\u2019da!\" \/>\n<meta property=\"og:url\" content=\"https:\/\/rfiddepo.com\/en\/urunlerimiz\/chainway-ura4-uhf-rfid-reader\/\" \/>\n<meta property=\"og:site_name\" content=\"RFID Depo\" \/>\n<meta property=\"article:modified_time\" content=\"2025-10-14T18:48:21+00:00\" \/>\n<meta property=\"og:image\" content=\"https:\/\/rfiddepo.com\/wp-content\/uploads\/2025\/10\/30-5485-scaled-1.jpg\" \/>\n\t<meta property=\"og:image:width\" content=\"2560\" \/>\n\t<meta property=\"og:image:height\" content=\"2560\" \/>\n\t<meta property=\"og:image:type\" content=\"image\/jpeg\" \/>\n<meta name=\"twitter:card\" content=\"summary_large_image\" \/>\n<meta name=\"twitter:label1\" content=\"Est. reading time\" \/>\n\t<meta name=\"twitter:data1\" content=\"2 minutes\" \/>\n<script type=\"application\/ld+json\" class=\"yoast-schema-graph\">{\"@context\":\"https:\/\/schema.org\",\"@graph\":[{\"@type\":\"WebPage\",\"@id\":\"https:\/\/rfiddepo.com\/en\/urunlerimiz\/chainway-ura4-uhf-rfid-reader\/\",\"url\":\"https:\/\/rfiddepo.com\/en\/urunlerimiz\/chainway-ura4-uhf-rfid-reader\/\",\"name\":\"Chainway URA4 UHF RFID Reader - RFID Depo\",\"isPartOf\":{\"@id\":\"https:\/\/rfiddepo.com\/en\/#website\"},\"primaryImageOfPage\":{\"@id\":\"https:\/\/rfiddepo.com\/en\/urunlerimiz\/chainway-ura4-uhf-rfid-reader\/#primaryimage\"},\"image\":{\"@id\":\"https:\/\/rfiddepo.com\/en\/urunlerimiz\/chainway-ura4-uhf-rfid-reader\/#primaryimage\"},\"thumbnailUrl\":\"https:\/\/rfiddepo.com\/wp-content\/uploads\/2025\/10\/30-5485-scaled-1.jpg\",\"datePublished\":\"2024-03-15T12:59:46+00:00\",\"dateModified\":\"2025-10-14T18:48:21+00:00\",\"description\":\"Chainway URA4 UHF RFID Reader, tekstil, otomotiv, lojistik, kuyumculuk ve depo otomasyonu sekt\u00f6rlerinde y\u00fcksek performansli, dayanikli RFID okuma \u00e7\u00f6z\u00fcm\u00fc sunar. rfiddepo.com\u2019da!\",\"breadcrumb\":{\"@id\":\"https:\/\/rfiddepo.com\/en\/urunlerimiz\/chainway-ura4-uhf-rfid-reader\/#breadcrumb\"},\"inLanguage\":\"en-US\",\"potentialAction\":[{\"@type\":\"ReadAction\",\"target\":[\"https:\/\/rfiddepo.com\/en\/urunlerimiz\/chainway-ura4-uhf-rfid-reader\/\"]}]},{\"@type\":\"ImageObject\",\"inLanguage\":\"en-US\",\"@id\":\"https:\/\/rfiddepo.com\/en\/urunlerimiz\/chainway-ura4-uhf-rfid-reader\/#primaryimage\",\"url\":\"https:\/\/rfiddepo.com\/wp-content\/uploads\/2025\/10\/30-5485-scaled-1.jpg\",\"contentUrl\":\"https:\/\/rfiddepo.com\/wp-content\/uploads\/2025\/10\/30-5485-scaled-1.jpg\",\"width\":2560,\"height\":2560},{\"@type\":\"BreadcrumbList\",\"@id\":\"https:\/\/rfiddepo.com\/en\/urunlerimiz\/chainway-ura4-uhf-rfid-reader\/#breadcrumb\",\"itemListElement\":[{\"@type\":\"ListItem\",\"position\":1,\"name\":\"Anasayfa\",\"item\":\"https:\/\/rfiddepo.com\/en\/\"},{\"@type\":\"ListItem\",\"position\":2,\"name\":\"Urunler\",\"item\":\"https:\/\/rfiddepo.com\/urunler\/\"},{\"@type\":\"ListItem\",\"position\":3,\"name\":\"Chainway URA4 UHF RFID Reader\"}]},{\"@type\":\"WebSite\",\"@id\":\"https:\/\/rfiddepo.com\/en\/#website\",\"url\":\"https:\/\/rfiddepo.com\/en\/\",\"name\":\"RFID Depo\",\"description\":\"\",\"publisher\":{\"@id\":\"https:\/\/rfiddepo.com\/en\/#organization\"},\"potentialAction\":[{\"@type\":\"SearchAction\",\"target\":{\"@type\":\"EntryPoint\",\"urlTemplate\":\"https:\/\/rfiddepo.com\/en\/?s={search_term_string}\"},\"query-input\":{\"@type\":\"PropertyValueSpecification\",\"valueRequired\":true,\"valueName\":\"search_term_string\"}}],\"inLanguage\":\"en-US\"},{\"@type\":\"Organization\",\"@id\":\"https:\/\/rfiddepo.com\/en\/#organization\",\"name\":\"%%sitename%%\",\"url\":\"https:\/\/rfiddepo.com\/en\/\",\"logo\":{\"@type\":\"ImageObject\",\"inLanguage\":\"en-US\",\"@id\":\"https:\/\/rfiddepo.com\/en\/#\/schema\/logo\/image\/\",\"url\":\"https:\/\/rfiddepo.com\/wp-content\/uploads\/2025\/09\/rfiddepo-logo.png\",\"contentUrl\":\"https:\/\/rfiddepo.com\/wp-content\/uploads\/2025\/09\/rfiddepo-logo.png\",\"width\":500,\"height\":106,\"caption\":\"%%sitename%%\"},\"image\":{\"@id\":\"https:\/\/rfiddepo.com\/en\/#\/schema\/logo\/image\/\"}}]}<\/script>\n<!-- \/ Yoast SEO plugin. -->","yoast_head_json":{"title":"Chainway URA4 UHF RFID Reader - RFID Depo","description":"Chainway URA4 UHF RFID Reader, tekstil, otomotiv, lojistik, kuyumculuk ve depo otomasyonu sekt\u00f6rlerinde y\u00fcksek performansli, dayanikli RFID okuma \u00e7\u00f6z\u00fcm\u00fc sunar. rfiddepo.com\u2019da!","robots":{"index":"index","follow":"follow","max-snippet":"max-snippet:-1","max-image-preview":"max-image-preview:large","max-video-preview":"max-video-preview:-1"},"canonical":"https:\/\/rfiddepo.com\/en\/urunlerimiz\/chainway-ura4-uhf-rfid-reader\/","og_locale":"en_US","og_type":"article","og_title":"Chainway URA4 UHF RFID Reader - RFID Depo","og_description":"Chainway URA4 UHF RFID Reader, tekstil, otomotiv, lojistik, kuyumculuk ve depo otomasyonu sekt\u00f6rlerinde y\u00fcksek performansli, dayanikli RFID okuma \u00e7\u00f6z\u00fcm\u00fc sunar. rfiddepo.com\u2019da!","og_url":"https:\/\/rfiddepo.com\/en\/urunlerimiz\/chainway-ura4-uhf-rfid-reader\/","og_site_name":"RFID Depo","article_modified_time":"2025-10-14T18:48:21+00:00","og_image":[{"width":2560,"height":2560,"url":"https:\/\/rfiddepo.com\/wp-content\/uploads\/2025\/10\/30-5485-scaled-1.jpg","type":"image\/jpeg"}],"twitter_card":"summary_large_image","twitter_misc":{"Est. reading time":"2 minutes"},"schema":{"@context":"https:\/\/schema.org","@graph":[{"@type":"WebPage","@id":"https:\/\/rfiddepo.com\/en\/urunlerimiz\/chainway-ura4-uhf-rfid-reader\/","url":"https:\/\/rfiddepo.com\/en\/urunlerimiz\/chainway-ura4-uhf-rfid-reader\/","name":"Chainway URA4 UHF RFID Reader - RFID Depo","isPartOf":{"@id":"https:\/\/rfiddepo.com\/en\/#website"},"primaryImageOfPage":{"@id":"https:\/\/rfiddepo.com\/en\/urunlerimiz\/chainway-ura4-uhf-rfid-reader\/#primaryimage"},"image":{"@id":"https:\/\/rfiddepo.com\/en\/urunlerimiz\/chainway-ura4-uhf-rfid-reader\/#primaryimage"},"thumbnailUrl":"https:\/\/rfiddepo.com\/wp-content\/uploads\/2025\/10\/30-5485-scaled-1.jpg","datePublished":"2024-03-15T12:59:46+00:00","dateModified":"2025-10-14T18:48:21+00:00","description":"Chainway URA4 UHF RFID Reader, tekstil, otomotiv, lojistik, kuyumculuk ve depo otomasyonu sekt\u00f6rlerinde y\u00fcksek performansli, dayanikli RFID okuma \u00e7\u00f6z\u00fcm\u00fc sunar. rfiddepo.com\u2019da!","breadcrumb":{"@id":"https:\/\/rfiddepo.com\/en\/urunlerimiz\/chainway-ura4-uhf-rfid-reader\/#breadcrumb"},"inLanguage":"en-US","potentialAction":[{"@type":"ReadAction","target":["https:\/\/rfiddepo.com\/en\/urunlerimiz\/chainway-ura4-uhf-rfid-reader\/"]}]},{"@type":"ImageObject","inLanguage":"en-US","@id":"https:\/\/rfiddepo.com\/en\/urunlerimiz\/chainway-ura4-uhf-rfid-reader\/#primaryimage","url":"https:\/\/rfiddepo.com\/wp-content\/uploads\/2025\/10\/30-5485-scaled-1.jpg","contentUrl":"https:\/\/rfiddepo.com\/wp-content\/uploads\/2025\/10\/30-5485-scaled-1.jpg","width":2560,"height":2560},{"@type":"BreadcrumbList","@id":"https:\/\/rfiddepo.com\/en\/urunlerimiz\/chainway-ura4-uhf-rfid-reader\/#breadcrumb","itemListElement":[{"@type":"ListItem","position":1,"name":"Anasayfa","item":"https:\/\/rfiddepo.com\/en\/"},{"@type":"ListItem","position":2,"name":"Urunler","item":"https:\/\/rfiddepo.com\/urunler\/"},{"@type":"ListItem","position":3,"name":"Chainway URA4 UHF RFID Reader"}]},{"@type":"WebSite","@id":"https:\/\/rfiddepo.com\/en\/#website","url":"https:\/\/rfiddepo.com\/en\/","name":"RFID Depo","description":"","publisher":{"@id":"https:\/\/rfiddepo.com\/en\/#organization"},"potentialAction":[{"@type":"SearchAction","target":{"@type":"EntryPoint","urlTemplate":"https:\/\/rfiddepo.com\/en\/?s={search_term_string}"},"query-input":{"@type":"PropertyValueSpecification","valueRequired":true,"valueName":"search_term_string"}}],"inLanguage":"en-US"},{"@type":"Organization","@id":"https:\/\/rfiddepo.com\/en\/#organization","name":"%%sitename%%","url":"https:\/\/rfiddepo.com\/en\/","logo":{"@type":"ImageObject","inLanguage":"en-US","@id":"https:\/\/rfiddepo.com\/en\/#\/schema\/logo\/image\/","url":"https:\/\/rfiddepo.com\/wp-content\/uploads\/2025\/09\/rfiddepo-logo.png","contentUrl":"https:\/\/rfiddepo.com\/wp-content\/uploads\/2025\/09\/rfiddepo-logo.png","width":500,"height":106,"caption":"%%sitename%%"},"image":{"@id":"https:\/\/rfiddepo.com\/en\/#\/schema\/logo\/image\/"}}]}},"_links":{"self":[{"href":"https:\/\/rfiddepo.com\/en\/wp-json\/wp\/v2\/product\/11504","targetHints":{"allow":["GET"]}}],"collection":[{"href":"https:\/\/rfiddepo.com\/en\/wp-json\/wp\/v2\/product"}],"about":[{"href":"https:\/\/rfiddepo.com\/en\/wp-json\/wp\/v2\/types\/product"}],"replies":[{"embeddable":true,"href":"https:\/\/rfiddepo.com\/en\/wp-json\/wp\/v2\/comments?post=11504"}],"wp:featuredmedia":[{"embeddable":true,"href":"https:\/\/rfiddepo.com\/en\/wp-json\/wp\/v2\/media\/148112"}],"wp:attachment":[{"href":"https:\/\/rfiddepo.com\/en\/wp-json\/wp\/v2\/media?parent=11504"}],"wp:term":[{"taxonomy":"product_brand","embeddable":true,"href":"https:\/\/rfiddepo.com\/en\/wp-json\/wp\/v2\/product_brand?post=11504"},{"taxonomy":"product_cat","embeddable":true,"href":"https:\/\/rfiddepo.com\/en\/wp-json\/wp\/v2\/product_cat?post=11504"},{"taxonomy":"product_tag","embeddable":true,"href":"https:\/\/rfiddepo.com\/en\/wp-json\/wp\/v2\/product_tag?post=11504"}],"curies":[{"name":"wp","href":"https:\/\/api.w.org\/{rel}","templated":true}]}}