{"id":11488,"date":"2024-03-15T12:18:03","date_gmt":"2024-03-15T12:18:03","guid":{"rendered":"http:\/\/www.test.rfiddepo.com\/?post_type=product&#038;p=11488"},"modified":"2025-10-14T18:49:45","modified_gmt":"2025-10-14T18:49:45","slug":"c61-uhf-rfid-el-terminali","status":"publish","type":"product","link":"https:\/\/rfiddepo.com\/en\/urunlerimiz\/c61-uhf-rfid-el-terminali\/","title":{"rendered":"C61 UHF RFID Handheld Terminal"},"content":{"rendered":"<table class=\"blueTable\">\n<tbody>\n<tr>\n<td>Feature<\/td>\n<td>Explanation<\/td>\n<\/tr>\n<tr>\n<td>Frequency<\/td>\n<td>860\u2013960 MHz (UHF)<\/td>\n<\/tr>\n<tr>\n<td>Reading Distance<\/td>\n<td>6\u201310 meters<\/td>\n<\/tr>\n<tr>\n<td>Operating System<\/td>\n<td>Android tabanl\u0131, geni\u015f uygulama uyumlulu\u011fu<\/td>\n<\/tr>\n<tr>\n<td>Connection<\/td>\n<td>Wi-Fi, Bluetooth, USB<\/td>\n<\/tr>\n<tr>\n<td>Battery Capacity<\/td>\n<td>High-capacity battery for extended field use<\/td>\n<\/tr>\n<tr>\n<td>Durability<\/td>\n<td>IP65 \u2013 Water and dust resistant<\/td>\n<\/tr>\n<tr>\n<td>Areas of Use<\/td>\n<td>Textiles: Product tracking, store and warehouse inventory management<br \/>\nAutomotive: Parts and production line tracking<br \/>\nLogistics: Shipping and warehouse stock control<br \/>\nJewelry: Secure tracking of valuable items<br \/>\nWarehouse Automation: Digitizing operations with mobile RFID<\/td>\n<\/tr>\n<tr>\n<td>Brand<\/td>\n<td><a href=\"\/marka\/chainway\/\"><img decoding=\"async\" src=\"\/wp-content\/uploads\/2025\/10\/8136a595-23d5-418e-b357-629e67e48982.png\" \/><\/a><\/td>\n<\/tr>\n<\/tbody>\n<\/table>\n<h3>Technical Specifications:<\/h3>\n<ul>\n<li><strong>Frequency:<\/strong> 860\u2013960 MHz (UHF)<\/li>\n<li><strong>Reading Distance:<\/strong> 6\u201310 meters<\/li>\n<li><strong>Operating System:<\/strong> Android tabanl\u0131, geni\u015f uygulama uyumlulu\u011fu<\/li>\n<li><strong>Connection:<\/strong> Wi-Fi, Bluetooth, USB<\/li>\n<li><strong>Battery Capacity:<\/strong> High-capacity battery for extended field use<\/li>\n<li><strong>Durability:<\/strong> IP65 water and dust protection<\/li>\n<\/ul>\n<h3>Areas of Use:<\/h3>\n<ul>\n<li><strong>Textiles:<\/strong> Product tracking, store and warehouse inventory management<\/li>\n<li><strong>Automotive:<\/strong> Part and production line tracking<\/li>\n<li><strong>Logistics:<\/strong> Shipping and warehouse stock control<\/li>\n<li><strong>Jewelry:<\/strong> Secure tracking of valuable goods<\/li>\n<li><strong>Warehouse Automation:<\/strong> Digitalization of operations with mobile RFID<\/li>\n<\/ul>\n<p><strong>rfiddepo.com<\/strong> offered with its guarantee <strong>C61 UHF RFID Handheld Terminal<\/strong>, speeds up your business processes and ensures accuracy. Contact us for more information!<\/p>","protected":false},"excerpt":{"rendered":"<p><strong>C61 UHF RFID Handheld Terminal<\/strong>, with powerful UHF RFID reading capabilities and ease of mobile use <strong>, textiles, automotive, logistics, jewelry<\/strong> and <strong>warehouse automation<\/strong> , It enables fast and efficient inventory tracking in its areas. With its ergonomic design and durable construction, it delivers reliable performance in demanding field conditions.<\/p>\n<div class=\"datasheet\"><a href=\"\/wp-content\/uploads\/2025\/10\/C61-EN.pdf\" target=\"_blank\" class=\"datasheet-btn\" rel=\"noopener\"><br \/>\n\ud83d\udcc4 Datasheet<br \/>\n<\/a><\/div>","protected":false},"featured_media":148122,"comment_status":"closed","ping_status":"closed","template":"","meta":{"_monsterinsights_skip_tracking":false,"_monsterinsights_sitenote_active":false,"_monsterinsights_sitenote_note":"","_monsterinsights_sitenote_category":0},"product_brand":[475],"product_cat":[63],"product_tag":[197,198,189,190,191,192,193,194,195,196],"class_list":{"0":"post-11488","1":"product","2":"type-product","3":"status-publish","4":"has-post-thumbnail","6":"product_brand-chainway","7":"product_cat-rfid-el-terminali","8":"product_tag-android-el-terminali","9":"product_tag-nordic-android-el-terminali","10":"product_tag-nordic-id-el-terminali","11":"product_tag-nordic-id-medea-uhf-okuyucu","12":"product_tag-nordic-rfid-el-terminali","13":"product_tag-nordicid","14":"product_tag-rfid-el-terminali","15":"product_tag-rfid-mobil-okuyucu","16":"product_tag-rfid-mobil-reader","17":"product_tag-uhf-rfid-el-terminali","19":"first","20":"instock","21":"shipping-taxable","22":"purchasable","23":"product-type-simple"},"yoast_head":"<!-- This site is optimized with the Yoast SEO plugin v26.6 - https:\/\/yoast.com\/wordpress\/plugins\/seo\/ -->\n<title>C61 UHF RFID El Terminali - RFID Depo<\/title>\n<meta name=\"description\" content=\"C61 UHF RFID El Terminali, tekstil, otomotiv, lojistik, kuyumculuk ve depo otomasyonu sekt\u00f6rlerinde dayanikli, y\u00fcksek performansli mobil RFID okuma \u00e7\u00f6z\u00fcm\u00fc sunar. rfiddepo.com\u2019da!\" \/>\n<meta name=\"robots\" content=\"index, follow, max-snippet:-1, max-image-preview:large, max-video-preview:-1\" \/>\n<link rel=\"canonical\" href=\"https:\/\/rfiddepo.com\/en\/urunlerimiz\/c61-uhf-rfid-el-terminali\/\" \/>\n<meta property=\"og:locale\" content=\"en_US\" \/>\n<meta property=\"og:type\" content=\"article\" \/>\n<meta property=\"og:title\" content=\"C61 UHF RFID El Terminali - RFID Depo\" \/>\n<meta property=\"og:description\" content=\"C61 UHF RFID El Terminali, tekstil, otomotiv, lojistik, kuyumculuk ve depo otomasyonu sekt\u00f6rlerinde dayanikli, y\u00fcksek performansli mobil RFID okuma \u00e7\u00f6z\u00fcm\u00fc sunar. rfiddepo.com\u2019da!\" \/>\n<meta property=\"og:url\" content=\"https:\/\/rfiddepo.com\/en\/urunlerimiz\/c61-uhf-rfid-el-terminali\/\" \/>\n<meta property=\"og:site_name\" content=\"RFID Depo\" \/>\n<meta property=\"article:modified_time\" content=\"2025-10-14T18:49:45+00:00\" \/>\n<meta property=\"og:image\" content=\"https:\/\/rfiddepo.com\/wp-content\/uploads\/2025\/10\/26-5548-scaled-1.jpg\" \/>\n\t<meta property=\"og:image:width\" content=\"2560\" \/>\n\t<meta property=\"og:image:height\" content=\"2560\" \/>\n\t<meta property=\"og:image:type\" content=\"image\/jpeg\" \/>\n<meta name=\"twitter:card\" content=\"summary_large_image\" \/>\n<meta name=\"twitter:label1\" content=\"Est. reading time\" \/>\n\t<meta name=\"twitter:data1\" content=\"1 minute\" \/>\n<script type=\"application\/ld+json\" class=\"yoast-schema-graph\">{\"@context\":\"https:\/\/schema.org\",\"@graph\":[{\"@type\":\"WebPage\",\"@id\":\"https:\/\/rfiddepo.com\/en\/urunlerimiz\/c61-uhf-rfid-el-terminali\/\",\"url\":\"https:\/\/rfiddepo.com\/en\/urunlerimiz\/c61-uhf-rfid-el-terminali\/\",\"name\":\"C61 UHF RFID El Terminali - RFID Depo\",\"isPartOf\":{\"@id\":\"https:\/\/rfiddepo.com\/en\/#website\"},\"primaryImageOfPage\":{\"@id\":\"https:\/\/rfiddepo.com\/en\/urunlerimiz\/c61-uhf-rfid-el-terminali\/#primaryimage\"},\"image\":{\"@id\":\"https:\/\/rfiddepo.com\/en\/urunlerimiz\/c61-uhf-rfid-el-terminali\/#primaryimage\"},\"thumbnailUrl\":\"https:\/\/rfiddepo.com\/wp-content\/uploads\/2025\/10\/26-5548-scaled-1.jpg\",\"datePublished\":\"2024-03-15T12:18:03+00:00\",\"dateModified\":\"2025-10-14T18:49:45+00:00\",\"description\":\"C61 UHF RFID El Terminali, tekstil, otomotiv, lojistik, kuyumculuk ve depo otomasyonu sekt\u00f6rlerinde dayanikli, y\u00fcksek performansli mobil RFID okuma \u00e7\u00f6z\u00fcm\u00fc sunar. rfiddepo.com\u2019da!\",\"breadcrumb\":{\"@id\":\"https:\/\/rfiddepo.com\/en\/urunlerimiz\/c61-uhf-rfid-el-terminali\/#breadcrumb\"},\"inLanguage\":\"en-US\",\"potentialAction\":[{\"@type\":\"ReadAction\",\"target\":[\"https:\/\/rfiddepo.com\/en\/urunlerimiz\/c61-uhf-rfid-el-terminali\/\"]}]},{\"@type\":\"ImageObject\",\"inLanguage\":\"en-US\",\"@id\":\"https:\/\/rfiddepo.com\/en\/urunlerimiz\/c61-uhf-rfid-el-terminali\/#primaryimage\",\"url\":\"https:\/\/rfiddepo.com\/wp-content\/uploads\/2025\/10\/26-5548-scaled-1.jpg\",\"contentUrl\":\"https:\/\/rfiddepo.com\/wp-content\/uploads\/2025\/10\/26-5548-scaled-1.jpg\",\"width\":2560,\"height\":2560},{\"@type\":\"BreadcrumbList\",\"@id\":\"https:\/\/rfiddepo.com\/en\/urunlerimiz\/c61-uhf-rfid-el-terminali\/#breadcrumb\",\"itemListElement\":[{\"@type\":\"ListItem\",\"position\":1,\"name\":\"Anasayfa\",\"item\":\"https:\/\/rfiddepo.com\/en\/\"},{\"@type\":\"ListItem\",\"position\":2,\"name\":\"Urunler\",\"item\":\"https:\/\/rfiddepo.com\/urunler\/\"},{\"@type\":\"ListItem\",\"position\":3,\"name\":\"C61 UHF RFID El Terminali\"}]},{\"@type\":\"WebSite\",\"@id\":\"https:\/\/rfiddepo.com\/en\/#website\",\"url\":\"https:\/\/rfiddepo.com\/en\/\",\"name\":\"RFID Depo\",\"description\":\"\",\"publisher\":{\"@id\":\"https:\/\/rfiddepo.com\/en\/#organization\"},\"potentialAction\":[{\"@type\":\"SearchAction\",\"target\":{\"@type\":\"EntryPoint\",\"urlTemplate\":\"https:\/\/rfiddepo.com\/en\/?s={search_term_string}\"},\"query-input\":{\"@type\":\"PropertyValueSpecification\",\"valueRequired\":true,\"valueName\":\"search_term_string\"}}],\"inLanguage\":\"en-US\"},{\"@type\":\"Organization\",\"@id\":\"https:\/\/rfiddepo.com\/en\/#organization\",\"name\":\"%%sitename%%\",\"url\":\"https:\/\/rfiddepo.com\/en\/\",\"logo\":{\"@type\":\"ImageObject\",\"inLanguage\":\"en-US\",\"@id\":\"https:\/\/rfiddepo.com\/en\/#\/schema\/logo\/image\/\",\"url\":\"https:\/\/rfiddepo.com\/wp-content\/uploads\/2025\/09\/rfiddepo-logo.png\",\"contentUrl\":\"https:\/\/rfiddepo.com\/wp-content\/uploads\/2025\/09\/rfiddepo-logo.png\",\"width\":500,\"height\":106,\"caption\":\"%%sitename%%\"},\"image\":{\"@id\":\"https:\/\/rfiddepo.com\/en\/#\/schema\/logo\/image\/\"}}]}<\/script>\n<!-- \/ Yoast SEO plugin. -->","yoast_head_json":{"title":"C61 UHF RFID El Terminali - RFID Depo","description":"C61 UHF RFID El Terminali, tekstil, otomotiv, lojistik, kuyumculuk ve depo otomasyonu sekt\u00f6rlerinde dayanikli, y\u00fcksek performansli mobil RFID okuma \u00e7\u00f6z\u00fcm\u00fc sunar. rfiddepo.com\u2019da!","robots":{"index":"index","follow":"follow","max-snippet":"max-snippet:-1","max-image-preview":"max-image-preview:large","max-video-preview":"max-video-preview:-1"},"canonical":"https:\/\/rfiddepo.com\/en\/urunlerimiz\/c61-uhf-rfid-el-terminali\/","og_locale":"en_US","og_type":"article","og_title":"C61 UHF RFID El Terminali - RFID Depo","og_description":"C61 UHF RFID El Terminali, tekstil, otomotiv, lojistik, kuyumculuk ve depo otomasyonu sekt\u00f6rlerinde dayanikli, y\u00fcksek performansli mobil RFID okuma \u00e7\u00f6z\u00fcm\u00fc sunar. rfiddepo.com\u2019da!","og_url":"https:\/\/rfiddepo.com\/en\/urunlerimiz\/c61-uhf-rfid-el-terminali\/","og_site_name":"RFID Depo","article_modified_time":"2025-10-14T18:49:45+00:00","og_image":[{"width":2560,"height":2560,"url":"https:\/\/rfiddepo.com\/wp-content\/uploads\/2025\/10\/26-5548-scaled-1.jpg","type":"image\/jpeg"}],"twitter_card":"summary_large_image","twitter_misc":{"Est. reading time":"1 minute"},"schema":{"@context":"https:\/\/schema.org","@graph":[{"@type":"WebPage","@id":"https:\/\/rfiddepo.com\/en\/urunlerimiz\/c61-uhf-rfid-el-terminali\/","url":"https:\/\/rfiddepo.com\/en\/urunlerimiz\/c61-uhf-rfid-el-terminali\/","name":"C61 UHF RFID El Terminali - RFID Depo","isPartOf":{"@id":"https:\/\/rfiddepo.com\/en\/#website"},"primaryImageOfPage":{"@id":"https:\/\/rfiddepo.com\/en\/urunlerimiz\/c61-uhf-rfid-el-terminali\/#primaryimage"},"image":{"@id":"https:\/\/rfiddepo.com\/en\/urunlerimiz\/c61-uhf-rfid-el-terminali\/#primaryimage"},"thumbnailUrl":"https:\/\/rfiddepo.com\/wp-content\/uploads\/2025\/10\/26-5548-scaled-1.jpg","datePublished":"2024-03-15T12:18:03+00:00","dateModified":"2025-10-14T18:49:45+00:00","description":"C61 UHF RFID El Terminali, tekstil, otomotiv, lojistik, kuyumculuk ve depo otomasyonu sekt\u00f6rlerinde dayanikli, y\u00fcksek performansli mobil RFID okuma \u00e7\u00f6z\u00fcm\u00fc sunar. rfiddepo.com\u2019da!","breadcrumb":{"@id":"https:\/\/rfiddepo.com\/en\/urunlerimiz\/c61-uhf-rfid-el-terminali\/#breadcrumb"},"inLanguage":"en-US","potentialAction":[{"@type":"ReadAction","target":["https:\/\/rfiddepo.com\/en\/urunlerimiz\/c61-uhf-rfid-el-terminali\/"]}]},{"@type":"ImageObject","inLanguage":"en-US","@id":"https:\/\/rfiddepo.com\/en\/urunlerimiz\/c61-uhf-rfid-el-terminali\/#primaryimage","url":"https:\/\/rfiddepo.com\/wp-content\/uploads\/2025\/10\/26-5548-scaled-1.jpg","contentUrl":"https:\/\/rfiddepo.com\/wp-content\/uploads\/2025\/10\/26-5548-scaled-1.jpg","width":2560,"height":2560},{"@type":"BreadcrumbList","@id":"https:\/\/rfiddepo.com\/en\/urunlerimiz\/c61-uhf-rfid-el-terminali\/#breadcrumb","itemListElement":[{"@type":"ListItem","position":1,"name":"Anasayfa","item":"https:\/\/rfiddepo.com\/en\/"},{"@type":"ListItem","position":2,"name":"Urunler","item":"https:\/\/rfiddepo.com\/urunler\/"},{"@type":"ListItem","position":3,"name":"C61 UHF RFID El Terminali"}]},{"@type":"WebSite","@id":"https:\/\/rfiddepo.com\/en\/#website","url":"https:\/\/rfiddepo.com\/en\/","name":"RFID Depo","description":"","publisher":{"@id":"https:\/\/rfiddepo.com\/en\/#organization"},"potentialAction":[{"@type":"SearchAction","target":{"@type":"EntryPoint","urlTemplate":"https:\/\/rfiddepo.com\/en\/?s={search_term_string}"},"query-input":{"@type":"PropertyValueSpecification","valueRequired":true,"valueName":"search_term_string"}}],"inLanguage":"en-US"},{"@type":"Organization","@id":"https:\/\/rfiddepo.com\/en\/#organization","name":"%%sitename%%","url":"https:\/\/rfiddepo.com\/en\/","logo":{"@type":"ImageObject","inLanguage":"en-US","@id":"https:\/\/rfiddepo.com\/en\/#\/schema\/logo\/image\/","url":"https:\/\/rfiddepo.com\/wp-content\/uploads\/2025\/09\/rfiddepo-logo.png","contentUrl":"https:\/\/rfiddepo.com\/wp-content\/uploads\/2025\/09\/rfiddepo-logo.png","width":500,"height":106,"caption":"%%sitename%%"},"image":{"@id":"https:\/\/rfiddepo.com\/en\/#\/schema\/logo\/image\/"}}]}},"_links":{"self":[{"href":"https:\/\/rfiddepo.com\/en\/wp-json\/wp\/v2\/product\/11488","targetHints":{"allow":["GET"]}}],"collection":[{"href":"https:\/\/rfiddepo.com\/en\/wp-json\/wp\/v2\/product"}],"about":[{"href":"https:\/\/rfiddepo.com\/en\/wp-json\/wp\/v2\/types\/product"}],"replies":[{"embeddable":true,"href":"https:\/\/rfiddepo.com\/en\/wp-json\/wp\/v2\/comments?post=11488"}],"wp:featuredmedia":[{"embeddable":true,"href":"https:\/\/rfiddepo.com\/en\/wp-json\/wp\/v2\/media\/148122"}],"wp:attachment":[{"href":"https:\/\/rfiddepo.com\/en\/wp-json\/wp\/v2\/media?parent=11488"}],"wp:term":[{"taxonomy":"product_brand","embeddable":true,"href":"https:\/\/rfiddepo.com\/en\/wp-json\/wp\/v2\/product_brand?post=11488"},{"taxonomy":"product_cat","embeddable":true,"href":"https:\/\/rfiddepo.com\/en\/wp-json\/wp\/v2\/product_cat?post=11488"},{"taxonomy":"product_tag","embeddable":true,"href":"https:\/\/rfiddepo.com\/en\/wp-json\/wp\/v2\/product_tag?post=11488"}],"curies":[{"name":"wp","href":"https:\/\/api.w.org\/{rel}","templated":true}]}}