{"id":11449,"date":"2024-03-15T11:03:07","date_gmt":"2024-03-15T11:03:07","guid":{"rendered":"http:\/\/www.test.rfiddepo.com\/?post_type=product&#038;p=11449"},"modified":"2025-10-20T07:38:39","modified_gmt":"2025-10-20T07:38:39","slug":"83x25mm-uhf-rfid-tag","status":"publish","type":"product","link":"https:\/\/rfiddepo.com\/en\/urunlerimiz\/83x25mm-uhf-rfid-tag\/","title":{"rendered":"83x25mm UHF RFID Tag"},"content":{"rendered":"<table class=\"blueTable\">\n<tbody>\n<tr>\n<td>Product Name<\/td>\n<td>83x25mm UHF RFID Tag<\/td>\n<\/tr>\n<tr>\n<td>Dimensions<\/td>\n<td>83mm x 25mm<\/td>\n<\/tr>\n<tr>\n<td>Operating Frequency<\/td>\n<td>860\u2013960 MHz (UHF)<\/td>\n<\/tr>\n<tr>\n<td>RFID Chip<\/td>\n<td>Impinj Monza or similar high-performance RFID chips<\/td>\n<\/tr>\n<tr>\n<td>Material<\/td>\n<td>Durable PET or PVC options<\/td>\n<\/tr>\n<tr>\n<td>Reading Distance<\/td>\n<td>5-8 meters (varies depending on the reader)<\/td>\n<\/tr>\n<tr>\n<td>Compatibility<\/td>\n<td>Fully compatible with RFID systems such as Zebra, Impinj, Avery Dennison, and Confidex<\/td>\n<\/tr>\n<tr>\n<td>Areas of Use<\/td>\n<td>Textiles: Product tracking and inventory control<br \/>\nAutomotive: Parts and components tracking<br \/>\nLogistics: Package and pallet tracking<br \/>\nJewelry: Secure tracking of valuable items<br \/>\nWarehouse Automation: Efficient inventory management and process tracking<\/td>\n<\/tr>\n<tr>\n<td>Brand<\/td>\n<td><a href=\"\/marka\/rfiddepo\/\"><img decoding=\"async\" src=\"https:\/\/rfiddepo.com\/wp-content\/uploads\/2024\/01\/cropped-PNG-Copy.png\" \/><\/a><\/td>\n<\/tr>\n<\/tbody>\n<\/table>\n<h3>Technical Specifications:<\/h3>\n<ul>\n<li><strong>Dimension:<\/strong> 83mm x 25mm<\/li>\n<li><strong>Frequency:<\/strong> 860\u2013960 MHz (UHF)<\/li>\n<li><strong>Chip:<\/strong> Impinj Monza or similar high-performance RFID chips<\/li>\n<li><strong>Material:<\/strong> Durable PET or PVC options<\/li>\n<li><strong>Reading Distance:<\/strong> 5-8 meters (varies depending on the reader)<\/li>\n<li><strong>Compatibility:<\/strong> Fully compatible with RFID systems such as Zebra, Impinj, Avery Dennison, and Confidex<\/li>\n<\/ul>\n<h3>Areas of Use:<\/h3>\n<ul>\n<li><strong>Textiles:<\/strong> Product tracking and inventory control<\/li>\n<li><strong>Automotive:<\/strong> Part and component tracking<\/li>\n<li><strong>Logistics:<\/strong> Box and pallet tracking<\/li>\n<li><strong>Jewelry:<\/strong> Secure tracking of valuable goods<\/li>\n<li><strong>Warehouse Automation:<\/strong> Effective inventory management and process tracking<\/li>\n<\/ul>\n<p><strong>rfiddepo.com<\/strong> offered with its quality <strong>83x25mm UHF RFID Tag<\/strong>, speeds up your business processes and ensures accuracy. Contact us for more information!<\/p>","protected":false},"excerpt":{"rendered":"<p><strong>83x25mm UHF RFID Tag<\/strong>, with its compact size and durable construction <strong>, textiles, automotive, logistics, jewelry<\/strong> and <strong>warehouse automation<\/strong> enables effective product and asset tracking in its sectors. It provides reliability in field operations thanks to high-performance RFID chips.<\/p>\n<div class=\"datasheet\"><a href=\"\/wp-content\/uploads\/2025\/10\/83x25mm-UHF-RFID-Tag.pdf\" target=\"_blank\" class=\"datasheet-btn\" rel=\"noopener\"><br \/>\n\ud83d\udcc4 Datasheet<br \/>\n<\/a><\/div>","protected":false},"featured_media":148030,"comment_status":"closed","ping_status":"closed","template":"","meta":{"_monsterinsights_skip_tracking":false,"_monsterinsights_sitenote_active":false,"_monsterinsights_sitenote_note":"","_monsterinsights_sitenote_category":0},"product_brand":[129],"product_cat":[72],"product_tag":[441,146,263],"class_list":{"0":"post-11449","1":"product","2":"type-product","3":"status-publish","4":"has-post-thumbnail","6":"product_brand-rfiddepo","7":"product_cat-rfid-tagler","8":"product_tag-83x25mm-uhf-rfid-tag","9":"product_tag-rfid-tag","10":"product_tag-uhf-rfid-tag","12":"first","13":"instock","14":"shipping-taxable","15":"purchasable","16":"product-type-simple"},"yoast_head":"<!-- This site is optimized with the Yoast SEO plugin v26.6 - https:\/\/yoast.com\/wordpress\/plugins\/seo\/ -->\n<title>83x25mm UHF RFID Tag - RFID Depo<\/title>\n<meta name=\"description\" content=\"83x25mm UHF RFID Tag, tekstil, otomotiv, lojistik, kuyumculuk ve depo otomasyonu sekt\u00f6rlerinde dayanikli, kompakt ve y\u00fcksek performansli RFID takip \u00e7\u00f6z\u00fcm\u00fcd\u00fcr. rfiddepo.com\u2019da!\" \/>\n<meta name=\"robots\" content=\"index, follow, max-snippet:-1, max-image-preview:large, max-video-preview:-1\" \/>\n<link rel=\"canonical\" href=\"https:\/\/rfiddepo.com\/en\/urunlerimiz\/83x25mm-uhf-rfid-tag\/\" \/>\n<meta property=\"og:locale\" content=\"en_US\" \/>\n<meta property=\"og:type\" content=\"article\" \/>\n<meta property=\"og:title\" content=\"83x25mm UHF RFID Tag - RFID Depo\" \/>\n<meta property=\"og:description\" content=\"83x25mm UHF RFID Tag, tekstil, otomotiv, lojistik, kuyumculuk ve depo otomasyonu sekt\u00f6rlerinde dayanikli, kompakt ve y\u00fcksek performansli RFID takip \u00e7\u00f6z\u00fcm\u00fcd\u00fcr. rfiddepo.com\u2019da!\" \/>\n<meta property=\"og:url\" content=\"https:\/\/rfiddepo.com\/en\/urunlerimiz\/83x25mm-uhf-rfid-tag\/\" \/>\n<meta property=\"og:site_name\" content=\"RFID Depo\" \/>\n<meta property=\"article:modified_time\" content=\"2025-10-20T07:38:39+00:00\" \/>\n<meta property=\"og:image\" content=\"https:\/\/rfiddepo.com\/wp-content\/uploads\/2025\/10\/46-5322-scaled-1.jpg\" \/>\n\t<meta property=\"og:image:width\" content=\"2560\" \/>\n\t<meta property=\"og:image:height\" content=\"2560\" \/>\n\t<meta property=\"og:image:type\" content=\"image\/jpeg\" \/>\n<meta name=\"twitter:card\" content=\"summary_large_image\" \/>\n<meta name=\"twitter:label1\" content=\"Est. reading time\" \/>\n\t<meta name=\"twitter:data1\" content=\"1 minute\" \/>\n<script type=\"application\/ld+json\" class=\"yoast-schema-graph\">{\"@context\":\"https:\/\/schema.org\",\"@graph\":[{\"@type\":\"WebPage\",\"@id\":\"https:\/\/rfiddepo.com\/en\/urunlerimiz\/83x25mm-uhf-rfid-tag\/\",\"url\":\"https:\/\/rfiddepo.com\/en\/urunlerimiz\/83x25mm-uhf-rfid-tag\/\",\"name\":\"83x25mm UHF RFID Tag - RFID Depo\",\"isPartOf\":{\"@id\":\"https:\/\/rfiddepo.com\/en\/#website\"},\"primaryImageOfPage\":{\"@id\":\"https:\/\/rfiddepo.com\/en\/urunlerimiz\/83x25mm-uhf-rfid-tag\/#primaryimage\"},\"image\":{\"@id\":\"https:\/\/rfiddepo.com\/en\/urunlerimiz\/83x25mm-uhf-rfid-tag\/#primaryimage\"},\"thumbnailUrl\":\"https:\/\/rfiddepo.com\/wp-content\/uploads\/2025\/10\/46-5322-scaled-1.jpg\",\"datePublished\":\"2024-03-15T11:03:07+00:00\",\"dateModified\":\"2025-10-20T07:38:39+00:00\",\"description\":\"83x25mm UHF RFID Tag, tekstil, otomotiv, lojistik, kuyumculuk ve depo otomasyonu sekt\u00f6rlerinde dayanikli, kompakt ve y\u00fcksek performansli RFID takip \u00e7\u00f6z\u00fcm\u00fcd\u00fcr. rfiddepo.com\u2019da!\",\"breadcrumb\":{\"@id\":\"https:\/\/rfiddepo.com\/en\/urunlerimiz\/83x25mm-uhf-rfid-tag\/#breadcrumb\"},\"inLanguage\":\"en-US\",\"potentialAction\":[{\"@type\":\"ReadAction\",\"target\":[\"https:\/\/rfiddepo.com\/en\/urunlerimiz\/83x25mm-uhf-rfid-tag\/\"]}]},{\"@type\":\"ImageObject\",\"inLanguage\":\"en-US\",\"@id\":\"https:\/\/rfiddepo.com\/en\/urunlerimiz\/83x25mm-uhf-rfid-tag\/#primaryimage\",\"url\":\"https:\/\/rfiddepo.com\/wp-content\/uploads\/2025\/10\/46-5322-scaled-1.jpg\",\"contentUrl\":\"https:\/\/rfiddepo.com\/wp-content\/uploads\/2025\/10\/46-5322-scaled-1.jpg\",\"width\":2560,\"height\":2560},{\"@type\":\"BreadcrumbList\",\"@id\":\"https:\/\/rfiddepo.com\/en\/urunlerimiz\/83x25mm-uhf-rfid-tag\/#breadcrumb\",\"itemListElement\":[{\"@type\":\"ListItem\",\"position\":1,\"name\":\"Anasayfa\",\"item\":\"https:\/\/rfiddepo.com\/en\/\"},{\"@type\":\"ListItem\",\"position\":2,\"name\":\"Urunler\",\"item\":\"https:\/\/rfiddepo.com\/urunler\/\"},{\"@type\":\"ListItem\",\"position\":3,\"name\":\"83x25mm UHF RFID Tag\"}]},{\"@type\":\"WebSite\",\"@id\":\"https:\/\/rfiddepo.com\/en\/#website\",\"url\":\"https:\/\/rfiddepo.com\/en\/\",\"name\":\"RFID Depo\",\"description\":\"\",\"publisher\":{\"@id\":\"https:\/\/rfiddepo.com\/en\/#organization\"},\"potentialAction\":[{\"@type\":\"SearchAction\",\"target\":{\"@type\":\"EntryPoint\",\"urlTemplate\":\"https:\/\/rfiddepo.com\/en\/?s={search_term_string}\"},\"query-input\":{\"@type\":\"PropertyValueSpecification\",\"valueRequired\":true,\"valueName\":\"search_term_string\"}}],\"inLanguage\":\"en-US\"},{\"@type\":\"Organization\",\"@id\":\"https:\/\/rfiddepo.com\/en\/#organization\",\"name\":\"%%sitename%%\",\"url\":\"https:\/\/rfiddepo.com\/en\/\",\"logo\":{\"@type\":\"ImageObject\",\"inLanguage\":\"en-US\",\"@id\":\"https:\/\/rfiddepo.com\/en\/#\/schema\/logo\/image\/\",\"url\":\"https:\/\/rfiddepo.com\/wp-content\/uploads\/2025\/09\/rfiddepo-logo.png\",\"contentUrl\":\"https:\/\/rfiddepo.com\/wp-content\/uploads\/2025\/09\/rfiddepo-logo.png\",\"width\":500,\"height\":106,\"caption\":\"%%sitename%%\"},\"image\":{\"@id\":\"https:\/\/rfiddepo.com\/en\/#\/schema\/logo\/image\/\"}}]}<\/script>\n<!-- \/ Yoast SEO plugin. -->","yoast_head_json":{"title":"83x25mm UHF RFID Tag - RFID Depo","description":"83x25mm UHF RFID Tag, tekstil, otomotiv, lojistik, kuyumculuk ve depo otomasyonu sekt\u00f6rlerinde dayanikli, kompakt ve y\u00fcksek performansli RFID takip \u00e7\u00f6z\u00fcm\u00fcd\u00fcr. rfiddepo.com\u2019da!","robots":{"index":"index","follow":"follow","max-snippet":"max-snippet:-1","max-image-preview":"max-image-preview:large","max-video-preview":"max-video-preview:-1"},"canonical":"https:\/\/rfiddepo.com\/en\/urunlerimiz\/83x25mm-uhf-rfid-tag\/","og_locale":"en_US","og_type":"article","og_title":"83x25mm UHF RFID Tag - RFID Depo","og_description":"83x25mm UHF RFID Tag, tekstil, otomotiv, lojistik, kuyumculuk ve depo otomasyonu sekt\u00f6rlerinde dayanikli, kompakt ve y\u00fcksek performansli RFID takip \u00e7\u00f6z\u00fcm\u00fcd\u00fcr. rfiddepo.com\u2019da!","og_url":"https:\/\/rfiddepo.com\/en\/urunlerimiz\/83x25mm-uhf-rfid-tag\/","og_site_name":"RFID Depo","article_modified_time":"2025-10-20T07:38:39+00:00","og_image":[{"width":2560,"height":2560,"url":"https:\/\/rfiddepo.com\/wp-content\/uploads\/2025\/10\/46-5322-scaled-1.jpg","type":"image\/jpeg"}],"twitter_card":"summary_large_image","twitter_misc":{"Est. reading time":"1 minute"},"schema":{"@context":"https:\/\/schema.org","@graph":[{"@type":"WebPage","@id":"https:\/\/rfiddepo.com\/en\/urunlerimiz\/83x25mm-uhf-rfid-tag\/","url":"https:\/\/rfiddepo.com\/en\/urunlerimiz\/83x25mm-uhf-rfid-tag\/","name":"83x25mm UHF RFID Tag - RFID Depo","isPartOf":{"@id":"https:\/\/rfiddepo.com\/en\/#website"},"primaryImageOfPage":{"@id":"https:\/\/rfiddepo.com\/en\/urunlerimiz\/83x25mm-uhf-rfid-tag\/#primaryimage"},"image":{"@id":"https:\/\/rfiddepo.com\/en\/urunlerimiz\/83x25mm-uhf-rfid-tag\/#primaryimage"},"thumbnailUrl":"https:\/\/rfiddepo.com\/wp-content\/uploads\/2025\/10\/46-5322-scaled-1.jpg","datePublished":"2024-03-15T11:03:07+00:00","dateModified":"2025-10-20T07:38:39+00:00","description":"83x25mm UHF RFID Tag, tekstil, otomotiv, lojistik, kuyumculuk ve depo otomasyonu sekt\u00f6rlerinde dayanikli, kompakt ve y\u00fcksek performansli RFID takip \u00e7\u00f6z\u00fcm\u00fcd\u00fcr. rfiddepo.com\u2019da!","breadcrumb":{"@id":"https:\/\/rfiddepo.com\/en\/urunlerimiz\/83x25mm-uhf-rfid-tag\/#breadcrumb"},"inLanguage":"en-US","potentialAction":[{"@type":"ReadAction","target":["https:\/\/rfiddepo.com\/en\/urunlerimiz\/83x25mm-uhf-rfid-tag\/"]}]},{"@type":"ImageObject","inLanguage":"en-US","@id":"https:\/\/rfiddepo.com\/en\/urunlerimiz\/83x25mm-uhf-rfid-tag\/#primaryimage","url":"https:\/\/rfiddepo.com\/wp-content\/uploads\/2025\/10\/46-5322-scaled-1.jpg","contentUrl":"https:\/\/rfiddepo.com\/wp-content\/uploads\/2025\/10\/46-5322-scaled-1.jpg","width":2560,"height":2560},{"@type":"BreadcrumbList","@id":"https:\/\/rfiddepo.com\/en\/urunlerimiz\/83x25mm-uhf-rfid-tag\/#breadcrumb","itemListElement":[{"@type":"ListItem","position":1,"name":"Anasayfa","item":"https:\/\/rfiddepo.com\/en\/"},{"@type":"ListItem","position":2,"name":"Urunler","item":"https:\/\/rfiddepo.com\/urunler\/"},{"@type":"ListItem","position":3,"name":"83x25mm UHF RFID Tag"}]},{"@type":"WebSite","@id":"https:\/\/rfiddepo.com\/en\/#website","url":"https:\/\/rfiddepo.com\/en\/","name":"RFID Depo","description":"","publisher":{"@id":"https:\/\/rfiddepo.com\/en\/#organization"},"potentialAction":[{"@type":"SearchAction","target":{"@type":"EntryPoint","urlTemplate":"https:\/\/rfiddepo.com\/en\/?s={search_term_string}"},"query-input":{"@type":"PropertyValueSpecification","valueRequired":true,"valueName":"search_term_string"}}],"inLanguage":"en-US"},{"@type":"Organization","@id":"https:\/\/rfiddepo.com\/en\/#organization","name":"%%sitename%%","url":"https:\/\/rfiddepo.com\/en\/","logo":{"@type":"ImageObject","inLanguage":"en-US","@id":"https:\/\/rfiddepo.com\/en\/#\/schema\/logo\/image\/","url":"https:\/\/rfiddepo.com\/wp-content\/uploads\/2025\/09\/rfiddepo-logo.png","contentUrl":"https:\/\/rfiddepo.com\/wp-content\/uploads\/2025\/09\/rfiddepo-logo.png","width":500,"height":106,"caption":"%%sitename%%"},"image":{"@id":"https:\/\/rfiddepo.com\/en\/#\/schema\/logo\/image\/"}}]}},"_links":{"self":[{"href":"https:\/\/rfiddepo.com\/en\/wp-json\/wp\/v2\/product\/11449","targetHints":{"allow":["GET"]}}],"collection":[{"href":"https:\/\/rfiddepo.com\/en\/wp-json\/wp\/v2\/product"}],"about":[{"href":"https:\/\/rfiddepo.com\/en\/wp-json\/wp\/v2\/types\/product"}],"replies":[{"embeddable":true,"href":"https:\/\/rfiddepo.com\/en\/wp-json\/wp\/v2\/comments?post=11449"}],"wp:featuredmedia":[{"embeddable":true,"href":"https:\/\/rfiddepo.com\/en\/wp-json\/wp\/v2\/media\/148030"}],"wp:attachment":[{"href":"https:\/\/rfiddepo.com\/en\/wp-json\/wp\/v2\/media?parent=11449"}],"wp:term":[{"taxonomy":"product_brand","embeddable":true,"href":"https:\/\/rfiddepo.com\/en\/wp-json\/wp\/v2\/product_brand?post=11449"},{"taxonomy":"product_cat","embeddable":true,"href":"https:\/\/rfiddepo.com\/en\/wp-json\/wp\/v2\/product_cat?post=11449"},{"taxonomy":"product_tag","embeddable":true,"href":"https:\/\/rfiddepo.com\/en\/wp-json\/wp\/v2\/product_tag?post=11449"}],"curies":[{"name":"wp","href":"https:\/\/api.w.org\/{rel}","templated":true}]}}