{"id":11429,"date":"2024-03-15T10:30:14","date_gmt":"2024-03-15T10:30:14","guid":{"rendered":"http:\/\/www.test.rfiddepo.com\/?post_type=product&#038;p=11429"},"modified":"2025-12-15T08:31:06","modified_gmt":"2025-12-15T08:31:06","slug":"73x16mm-uhf-rfid-etiket","status":"publish","type":"product","link":"https:\/\/rfiddepo.com\/en\/urunlerimiz\/73x16mm-uhf-rfid-etiket\/","title":{"rendered":"73x16mm UHF RFID Tag"},"content":{"rendered":"<table class=\"blueTable\">\n<tbody>\n<tr>\n<td>Dimension<\/td>\n<td>73mm x 16mm<\/td>\n<\/tr>\n<tr>\n<td>Frequency<\/td>\n<td>860\u2013960 MHz (UHF)<\/td>\n<\/tr>\n<tr>\n<td>Chip<\/td>\n<td>Impinj Monza or similar high-performance RFID chips<\/td>\n<\/tr>\n<tr>\n<td>Material<\/td>\n<td>Durable PET or PVC options<\/td>\n<\/tr>\n<tr>\n<td>Reading Distance<\/td>\n<td>5-7 meters (varies depending on the reader)<\/td>\n<\/tr>\n<tr>\n<td>Compatibility<\/td>\n<td>Fully compatible with RFID systems such as Zebra, Impinj, Avery Dennison, and Confidex<\/td>\n<\/tr>\n<tr>\n<td>Areas of Use<\/td>\n<td>Textiles: Product and inventory tracking<br \/>\nAutomotive: Parts and components tracking<br \/>\nLogistics: Package and pallet tracking<br \/>\nJewelry: Secure tracking of valuable items<br \/>\nWarehouse Automation: Efficient inventory management and process tracking<\/td>\n<\/tr>\n<tr>\n<td>Brand<\/td>\n<td><a href=\"\/marka\/rfiddepo\/\"><img decoding=\"async\" src=\"https:\/\/rfiddepo.com\/wp-content\/uploads\/2024\/01\/cropped-PNG-Copy.png\" \/><\/a><\/td>\n<\/tr>\n<\/tbody>\n<\/table>\n<h3>Technical Specifications:<\/h3>\n<ul>\n<li><strong>Dimension:<\/strong> 73mm x 16mm<\/li>\n<li><strong>Frequency:<\/strong> 860\u2013960 MHz (UHF)<\/li>\n<li><strong>Chip:<\/strong> Impinj Monza or similar high-performance RFID chips<\/li>\n<li><strong>Material:<\/strong> Durable PET or PVC options<\/li>\n<li><strong>Reading Distance:<\/strong> 5-7 meters (varies depending on the reader)<\/li>\n<li><strong>Compatibility:<\/strong> Fully compatible with RFID systems such as Zebra, Impinj, Avery Dennison, and Confidex<\/li>\n<\/ul>\n<h3>Areas of Use:<\/h3>\n<ul>\n<li><strong>Textiles:<\/strong> Product and inventory tracking<\/li>\n<li><strong>Automotive:<\/strong> Part and component tracking<\/li>\n<li><strong>Logistics:<\/strong> Box and pallet tracking<\/li>\n<li><strong>Jewelry:<\/strong> Secure tracking of valuable goods<\/li>\n<li><strong>Warehouse Automation:<\/strong> Effective inventory management and process tracking<\/li>\n<\/ul>\n<p><strong>rfiddepo.com<\/strong> offered with its quality <strong>73x16mm UHF RFID Tag<\/strong>, provides speed and efficiency in your business processes. Contact us for more information!<\/p>","protected":false},"excerpt":{"rendered":"<p><strong>73x16mm UHF RFID Tag<\/strong>, with its compact size and durable construction <strong>, textiles, automotive, logistics, jewelry<\/strong> and <strong>warehouse automation<\/strong> , sectors. Its high-performance RFID chips enhance speed and accuracy in your operations.<\/p>\n<div class=\"datasheet\"><a href=\"\/wp-content\/uploads\/2025\/10\/73x16mm-UHF-RFID-Etiket.pdf\" target=\"_blank\" class=\"datasheet-btn\" rel=\"noopener\"><br \/>\n\ud83d\udcc4 Datasheet<br \/>\n<\/a><\/div>","protected":false},"featured_media":148922,"comment_status":"closed","ping_status":"closed","template":"","meta":{"_monsterinsights_skip_tracking":false,"_monsterinsights_sitenote_active":false,"_monsterinsights_sitenote_note":"","_monsterinsights_sitenote_category":0},"product_brand":[129],"product_cat":[37,28],"product_tag":[449,80,86],"class_list":{"0":"post-11429","1":"product","2":"type-product","3":"status-publish","4":"has-post-thumbnail","6":"product_brand-rfiddepo","7":"product_cat-rfid-etiketler","8":"product_cat-uhf-rfid-etiketler","9":"product_tag-73x16mm-uhf-rfid-etiket","10":"product_tag-rfid-etiket","11":"product_tag-uhf-rfid-etiket","13":"first","14":"instock","15":"shipping-taxable","16":"purchasable","17":"product-type-simple"},"yoast_head":"<!-- This site is optimized with the Yoast SEO plugin v26.6 - https:\/\/yoast.com\/wordpress\/plugins\/seo\/ -->\n<title>73x16mm UHF RFID Etiket - RFID Depo<\/title>\n<meta name=\"description\" content=\"73x16mm UHF RFID Etiket, tekstil, otomotiv, lojistik, kuyumculuk ve depo otomasyonu sekt\u00f6rlerinde dayanikli ve y\u00fcksek performansli \u00fcr\u00fcn takibi saglar. rfiddepo.com\u2019da!\" \/>\n<meta name=\"robots\" content=\"index, follow, max-snippet:-1, max-image-preview:large, max-video-preview:-1\" \/>\n<link rel=\"canonical\" href=\"https:\/\/rfiddepo.com\/en\/urunlerimiz\/73x16mm-uhf-rfid-etiket\/\" \/>\n<meta property=\"og:locale\" content=\"en_US\" \/>\n<meta property=\"og:type\" content=\"article\" \/>\n<meta property=\"og:title\" content=\"73x16mm UHF RFID Etiket - RFID Depo\" \/>\n<meta property=\"og:description\" content=\"73x16mm UHF RFID Etiket, tekstil, otomotiv, lojistik, kuyumculuk ve depo otomasyonu sekt\u00f6rlerinde dayanikli ve y\u00fcksek performansli \u00fcr\u00fcn takibi saglar. rfiddepo.com\u2019da!\" \/>\n<meta property=\"og:url\" content=\"https:\/\/rfiddepo.com\/en\/urunlerimiz\/73x16mm-uhf-rfid-etiket\/\" \/>\n<meta property=\"og:site_name\" content=\"RFID Depo\" \/>\n<meta property=\"article:modified_time\" content=\"2025-12-15T08:31:06+00:00\" \/>\n<meta property=\"og:image\" content=\"https:\/\/rfiddepo.com\/wp-content\/uploads\/2024\/03\/Gemini_Generated_Image_tl0kiotl0kiotl0k-1.png\" \/>\n\t<meta property=\"og:image:width\" content=\"1088\" \/>\n\t<meta property=\"og:image:height\" content=\"960\" \/>\n\t<meta property=\"og:image:type\" content=\"image\/png\" \/>\n<meta name=\"twitter:card\" content=\"summary_large_image\" \/>\n<meta name=\"twitter:label1\" content=\"Est. reading time\" \/>\n\t<meta name=\"twitter:data1\" content=\"2 minutes\" \/>\n<script type=\"application\/ld+json\" class=\"yoast-schema-graph\">{\"@context\":\"https:\/\/schema.org\",\"@graph\":[{\"@type\":\"WebPage\",\"@id\":\"https:\/\/rfiddepo.com\/en\/urunlerimiz\/73x16mm-uhf-rfid-etiket\/\",\"url\":\"https:\/\/rfiddepo.com\/en\/urunlerimiz\/73x16mm-uhf-rfid-etiket\/\",\"name\":\"73x16mm UHF RFID Etiket - RFID Depo\",\"isPartOf\":{\"@id\":\"https:\/\/rfiddepo.com\/en\/#website\"},\"primaryImageOfPage\":{\"@id\":\"https:\/\/rfiddepo.com\/en\/urunlerimiz\/73x16mm-uhf-rfid-etiket\/#primaryimage\"},\"image\":{\"@id\":\"https:\/\/rfiddepo.com\/en\/urunlerimiz\/73x16mm-uhf-rfid-etiket\/#primaryimage\"},\"thumbnailUrl\":\"https:\/\/rfiddepo.com\/wp-content\/uploads\/2024\/03\/Gemini_Generated_Image_tl0kiotl0kiotl0k-1.png\",\"datePublished\":\"2024-03-15T10:30:14+00:00\",\"dateModified\":\"2025-12-15T08:31:06+00:00\",\"description\":\"73x16mm UHF RFID Etiket, tekstil, otomotiv, lojistik, kuyumculuk ve depo otomasyonu sekt\u00f6rlerinde dayanikli ve y\u00fcksek performansli \u00fcr\u00fcn takibi saglar. rfiddepo.com\u2019da!\",\"breadcrumb\":{\"@id\":\"https:\/\/rfiddepo.com\/en\/urunlerimiz\/73x16mm-uhf-rfid-etiket\/#breadcrumb\"},\"inLanguage\":\"en-US\",\"potentialAction\":[{\"@type\":\"ReadAction\",\"target\":[\"https:\/\/rfiddepo.com\/en\/urunlerimiz\/73x16mm-uhf-rfid-etiket\/\"]}]},{\"@type\":\"ImageObject\",\"inLanguage\":\"en-US\",\"@id\":\"https:\/\/rfiddepo.com\/en\/urunlerimiz\/73x16mm-uhf-rfid-etiket\/#primaryimage\",\"url\":\"https:\/\/rfiddepo.com\/wp-content\/uploads\/2024\/03\/Gemini_Generated_Image_tl0kiotl0kiotl0k-1.png\",\"contentUrl\":\"https:\/\/rfiddepo.com\/wp-content\/uploads\/2024\/03\/Gemini_Generated_Image_tl0kiotl0kiotl0k-1.png\",\"width\":1088,\"height\":960},{\"@type\":\"BreadcrumbList\",\"@id\":\"https:\/\/rfiddepo.com\/en\/urunlerimiz\/73x16mm-uhf-rfid-etiket\/#breadcrumb\",\"itemListElement\":[{\"@type\":\"ListItem\",\"position\":1,\"name\":\"Anasayfa\",\"item\":\"https:\/\/rfiddepo.com\/en\/\"},{\"@type\":\"ListItem\",\"position\":2,\"name\":\"Urunler\",\"item\":\"https:\/\/rfiddepo.com\/urunler\/\"},{\"@type\":\"ListItem\",\"position\":3,\"name\":\"73x16mm UHF RFID Etiket\"}]},{\"@type\":\"WebSite\",\"@id\":\"https:\/\/rfiddepo.com\/en\/#website\",\"url\":\"https:\/\/rfiddepo.com\/en\/\",\"name\":\"RFID Depo\",\"description\":\"\",\"publisher\":{\"@id\":\"https:\/\/rfiddepo.com\/en\/#organization\"},\"potentialAction\":[{\"@type\":\"SearchAction\",\"target\":{\"@type\":\"EntryPoint\",\"urlTemplate\":\"https:\/\/rfiddepo.com\/en\/?s={search_term_string}\"},\"query-input\":{\"@type\":\"PropertyValueSpecification\",\"valueRequired\":true,\"valueName\":\"search_term_string\"}}],\"inLanguage\":\"en-US\"},{\"@type\":\"Organization\",\"@id\":\"https:\/\/rfiddepo.com\/en\/#organization\",\"name\":\"%%sitename%%\",\"url\":\"https:\/\/rfiddepo.com\/en\/\",\"logo\":{\"@type\":\"ImageObject\",\"inLanguage\":\"en-US\",\"@id\":\"https:\/\/rfiddepo.com\/en\/#\/schema\/logo\/image\/\",\"url\":\"https:\/\/rfiddepo.com\/wp-content\/uploads\/2025\/09\/rfiddepo-logo.png\",\"contentUrl\":\"https:\/\/rfiddepo.com\/wp-content\/uploads\/2025\/09\/rfiddepo-logo.png\",\"width\":500,\"height\":106,\"caption\":\"%%sitename%%\"},\"image\":{\"@id\":\"https:\/\/rfiddepo.com\/en\/#\/schema\/logo\/image\/\"}}]}<\/script>\n<!-- \/ Yoast SEO plugin. -->","yoast_head_json":{"title":"73x16mm UHF RFID Etiket - RFID Depo","description":"73x16mm UHF RFID Etiket, tekstil, otomotiv, lojistik, kuyumculuk ve depo otomasyonu sekt\u00f6rlerinde dayanikli ve y\u00fcksek performansli \u00fcr\u00fcn takibi saglar. rfiddepo.com\u2019da!","robots":{"index":"index","follow":"follow","max-snippet":"max-snippet:-1","max-image-preview":"max-image-preview:large","max-video-preview":"max-video-preview:-1"},"canonical":"https:\/\/rfiddepo.com\/en\/urunlerimiz\/73x16mm-uhf-rfid-etiket\/","og_locale":"en_US","og_type":"article","og_title":"73x16mm UHF RFID Etiket - RFID Depo","og_description":"73x16mm UHF RFID Etiket, tekstil, otomotiv, lojistik, kuyumculuk ve depo otomasyonu sekt\u00f6rlerinde dayanikli ve y\u00fcksek performansli \u00fcr\u00fcn takibi saglar. rfiddepo.com\u2019da!","og_url":"https:\/\/rfiddepo.com\/en\/urunlerimiz\/73x16mm-uhf-rfid-etiket\/","og_site_name":"RFID Depo","article_modified_time":"2025-12-15T08:31:06+00:00","og_image":[{"width":1088,"height":960,"url":"https:\/\/rfiddepo.com\/wp-content\/uploads\/2024\/03\/Gemini_Generated_Image_tl0kiotl0kiotl0k-1.png","type":"image\/png"}],"twitter_card":"summary_large_image","twitter_misc":{"Est. reading time":"2 minutes"},"schema":{"@context":"https:\/\/schema.org","@graph":[{"@type":"WebPage","@id":"https:\/\/rfiddepo.com\/en\/urunlerimiz\/73x16mm-uhf-rfid-etiket\/","url":"https:\/\/rfiddepo.com\/en\/urunlerimiz\/73x16mm-uhf-rfid-etiket\/","name":"73x16mm UHF RFID Etiket - RFID Depo","isPartOf":{"@id":"https:\/\/rfiddepo.com\/en\/#website"},"primaryImageOfPage":{"@id":"https:\/\/rfiddepo.com\/en\/urunlerimiz\/73x16mm-uhf-rfid-etiket\/#primaryimage"},"image":{"@id":"https:\/\/rfiddepo.com\/en\/urunlerimiz\/73x16mm-uhf-rfid-etiket\/#primaryimage"},"thumbnailUrl":"https:\/\/rfiddepo.com\/wp-content\/uploads\/2024\/03\/Gemini_Generated_Image_tl0kiotl0kiotl0k-1.png","datePublished":"2024-03-15T10:30:14+00:00","dateModified":"2025-12-15T08:31:06+00:00","description":"73x16mm UHF RFID Etiket, tekstil, otomotiv, lojistik, kuyumculuk ve depo otomasyonu sekt\u00f6rlerinde dayanikli ve y\u00fcksek performansli \u00fcr\u00fcn takibi saglar. rfiddepo.com\u2019da!","breadcrumb":{"@id":"https:\/\/rfiddepo.com\/en\/urunlerimiz\/73x16mm-uhf-rfid-etiket\/#breadcrumb"},"inLanguage":"en-US","potentialAction":[{"@type":"ReadAction","target":["https:\/\/rfiddepo.com\/en\/urunlerimiz\/73x16mm-uhf-rfid-etiket\/"]}]},{"@type":"ImageObject","inLanguage":"en-US","@id":"https:\/\/rfiddepo.com\/en\/urunlerimiz\/73x16mm-uhf-rfid-etiket\/#primaryimage","url":"https:\/\/rfiddepo.com\/wp-content\/uploads\/2024\/03\/Gemini_Generated_Image_tl0kiotl0kiotl0k-1.png","contentUrl":"https:\/\/rfiddepo.com\/wp-content\/uploads\/2024\/03\/Gemini_Generated_Image_tl0kiotl0kiotl0k-1.png","width":1088,"height":960},{"@type":"BreadcrumbList","@id":"https:\/\/rfiddepo.com\/en\/urunlerimiz\/73x16mm-uhf-rfid-etiket\/#breadcrumb","itemListElement":[{"@type":"ListItem","position":1,"name":"Anasayfa","item":"https:\/\/rfiddepo.com\/en\/"},{"@type":"ListItem","position":2,"name":"Urunler","item":"https:\/\/rfiddepo.com\/urunler\/"},{"@type":"ListItem","position":3,"name":"73x16mm UHF RFID Etiket"}]},{"@type":"WebSite","@id":"https:\/\/rfiddepo.com\/en\/#website","url":"https:\/\/rfiddepo.com\/en\/","name":"RFID Depo","description":"","publisher":{"@id":"https:\/\/rfiddepo.com\/en\/#organization"},"potentialAction":[{"@type":"SearchAction","target":{"@type":"EntryPoint","urlTemplate":"https:\/\/rfiddepo.com\/en\/?s={search_term_string}"},"query-input":{"@type":"PropertyValueSpecification","valueRequired":true,"valueName":"search_term_string"}}],"inLanguage":"en-US"},{"@type":"Organization","@id":"https:\/\/rfiddepo.com\/en\/#organization","name":"%%sitename%%","url":"https:\/\/rfiddepo.com\/en\/","logo":{"@type":"ImageObject","inLanguage":"en-US","@id":"https:\/\/rfiddepo.com\/en\/#\/schema\/logo\/image\/","url":"https:\/\/rfiddepo.com\/wp-content\/uploads\/2025\/09\/rfiddepo-logo.png","contentUrl":"https:\/\/rfiddepo.com\/wp-content\/uploads\/2025\/09\/rfiddepo-logo.png","width":500,"height":106,"caption":"%%sitename%%"},"image":{"@id":"https:\/\/rfiddepo.com\/en\/#\/schema\/logo\/image\/"}}]}},"_links":{"self":[{"href":"https:\/\/rfiddepo.com\/en\/wp-json\/wp\/v2\/product\/11429","targetHints":{"allow":["GET"]}}],"collection":[{"href":"https:\/\/rfiddepo.com\/en\/wp-json\/wp\/v2\/product"}],"about":[{"href":"https:\/\/rfiddepo.com\/en\/wp-json\/wp\/v2\/types\/product"}],"replies":[{"embeddable":true,"href":"https:\/\/rfiddepo.com\/en\/wp-json\/wp\/v2\/comments?post=11429"}],"wp:featuredmedia":[{"embeddable":true,"href":"https:\/\/rfiddepo.com\/en\/wp-json\/wp\/v2\/media\/148922"}],"wp:attachment":[{"href":"https:\/\/rfiddepo.com\/en\/wp-json\/wp\/v2\/media?parent=11429"}],"wp:term":[{"taxonomy":"product_brand","embeddable":true,"href":"https:\/\/rfiddepo.com\/en\/wp-json\/wp\/v2\/product_brand?post=11429"},{"taxonomy":"product_cat","embeddable":true,"href":"https:\/\/rfiddepo.com\/en\/wp-json\/wp\/v2\/product_cat?post=11429"},{"taxonomy":"product_tag","embeddable":true,"href":"https:\/\/rfiddepo.com\/en\/wp-json\/wp\/v2\/product_tag?post=11429"}],"curies":[{"name":"wp","href":"https:\/\/api.w.org\/{rel}","templated":true}]}}