{"id":11425,"date":"2024-03-15T10:21:54","date_gmt":"2024-03-15T10:21:54","guid":{"rendered":"http:\/\/www.test.rfiddepo.com\/?post_type=product&#038;p=11425"},"modified":"2025-12-15T08:31:13","modified_gmt":"2025-12-15T08:31:13","slug":"72x10mm-barkod-kuyum-etiketi","status":"publish","type":"product","link":"https:\/\/rfiddepo.com\/en\/urunlerimiz\/72x10mm-barkod-kuyum-etiketi\/","title":{"rendered":"72x10mm Jewelry Barcode Label"},"content":{"rendered":"<table class=\"blueTable\">\n<tbody>\n<tr>\n<td>Dimension<\/td>\n<td>72mm x 10mm<\/td>\n<\/tr>\n<tr>\n<td>Material<\/td>\n<td>Durable and high-quality label material<\/td>\n<\/tr>\n<tr>\n<td>Barcode Type<\/td>\n<td>1D and 2D barcode options (optional)<\/td>\n<\/tr>\n<tr>\n<td>Printing Technology<\/td>\n<td>Thermal transfer or thermal direct printing compatible<\/td>\n<\/tr>\n<tr>\n<td>Compatibility<\/td>\n<td>Fully compatible with standard barcode scanners<\/td>\n<\/tr>\n<tr>\n<td>Areas of Use<\/td>\n<td>Jewelry: Tracking inventory and security of valuable jewelry and precious stones<br \/>\nInventory Management: Real-time product tracking and control<br \/>\nSales and Shipping: Fast barcode scanning and processing<\/td>\n<\/tr>\n<tr>\n<td>Brand<\/td>\n<td><a href=\"\/marka\/rfiddepo\/\"><img decoding=\"async\" src=\"https:\/\/rfiddepo.com\/wp-content\/uploads\/2024\/01\/cropped-PNG-Copy.png\" \/><\/a><\/td>\n<\/tr>\n<\/tbody>\n<\/table>\n<h3>Technical Specifications:<\/h3>\n<ul>\n<li><strong>Dimension:<\/strong> 72mm x 10mm<\/li>\n<li><strong>Material:<\/strong> Durable and high-quality label material<\/li>\n<li><strong>Barkod Tipi:<\/strong> 1D and 2D barcode options (optional)<\/li>\n<li><strong>Bask\u0131 Teknolojisi:<\/strong> Thermal transfer or thermal direct printing compatible<\/li>\n<li><strong>Compatibility:<\/strong> Fully compatible with standard barcode scanners<\/li>\n<\/ul>\n<h3>Areas of Use:<\/h3>\n<ul>\n<li><strong>Jewelry:<\/strong> Stock and security tracking of valuable jewelry and precious stones<\/li>\n<li><strong>Inventory Management:<\/strong> Real-time product tracking and control<\/li>\n<li><strong>Sales and Shipping:<\/strong> Fast barcode scanning and processing<\/li>\n<\/ul>\n<p><strong>rfiddepo.com<\/strong> offered with its quality <strong>72x10mm Jewelry Barcode Label<\/strong>, increases the efficiency and security of your jewelry business. Contact us for more information!<\/p>","protected":false},"excerpt":{"rendered":"<p><strong>72x10mm Jewelry Barcode Label<\/strong>,is a durable barcode label developed for the secure and fast tracking of valuable products in the jewelry industry. Its high-resolution printing simplifies your inventory management and reduces the risk of loss.<\/p>","protected":false},"featured_media":149765,"comment_status":"closed","ping_status":"closed","template":"","meta":{"_monsterinsights_skip_tracking":false,"_monsterinsights_sitenote_active":false,"_monsterinsights_sitenote_note":"","_monsterinsights_sitenote_category":0},"product_brand":[129],"product_cat":[37,67],"product_tag":[450,451,452],"class_list":{"0":"post-11425","1":"product","2":"type-product","3":"status-publish","4":"has-post-thumbnail","6":"product_brand-rfiddepo","7":"product_cat-rfid-etiketler","8":"product_cat-rfid-kuyum-etiketleri","9":"product_tag-72x10mm-barkod-kuyum-etiketi","10":"product_tag-barkod-kuyum-etiketi","11":"product_tag-kuyum-etiketi","13":"first","14":"instock","15":"shipping-taxable","16":"purchasable","17":"product-type-simple"},"yoast_head":"<!-- This site is optimized with the Yoast SEO plugin v26.6 - https:\/\/yoast.com\/wordpress\/plugins\/seo\/ -->\n<title>72x10mm Barkod Kuyum Etiketi - RFID Depo<\/title>\n<meta name=\"description\" content=\"72x10mm Barkod Kuyum Etiketi, kuyumculuk sekt\u00f6r\u00fcnde degerli \u00fcr\u00fcnlerin hizli ve g\u00fcvenilir takibi i\u00e7in \u00f6zel olarak tasarlanmis dayanikli barkod etiketidir. rfiddepo.com\u2019da!\" \/>\n<meta name=\"robots\" content=\"index, follow, max-snippet:-1, max-image-preview:large, max-video-preview:-1\" \/>\n<link rel=\"canonical\" href=\"https:\/\/rfiddepo.com\/en\/urunlerimiz\/72x10mm-barkod-kuyum-etiketi\/\" \/>\n<meta property=\"og:locale\" content=\"en_US\" \/>\n<meta property=\"og:type\" content=\"article\" \/>\n<meta property=\"og:title\" content=\"72x10mm Barkod Kuyum Etiketi - RFID Depo\" \/>\n<meta property=\"og:description\" content=\"72x10mm Barkod Kuyum Etiketi, kuyumculuk sekt\u00f6r\u00fcnde degerli \u00fcr\u00fcnlerin hizli ve g\u00fcvenilir takibi i\u00e7in \u00f6zel olarak tasarlanmis dayanikli barkod etiketidir. rfiddepo.com\u2019da!\" \/>\n<meta property=\"og:url\" content=\"https:\/\/rfiddepo.com\/en\/urunlerimiz\/72x10mm-barkod-kuyum-etiketi\/\" \/>\n<meta property=\"og:site_name\" content=\"RFID Depo\" \/>\n<meta property=\"article:modified_time\" content=\"2025-12-15T08:31:13+00:00\" \/>\n<meta property=\"og:image\" content=\"https:\/\/rfiddepo.com\/wp-content\/uploads\/2024\/03\/10541574979634.jpg\" \/>\n\t<meta property=\"og:image:width\" content=\"375\" \/>\n\t<meta property=\"og:image:height\" content=\"375\" \/>\n\t<meta property=\"og:image:type\" content=\"image\/jpeg\" \/>\n<meta name=\"twitter:card\" content=\"summary_large_image\" \/>\n<meta name=\"twitter:label1\" content=\"Est. reading time\" \/>\n\t<meta name=\"twitter:data1\" content=\"2 minutes\" \/>\n<script type=\"application\/ld+json\" class=\"yoast-schema-graph\">{\"@context\":\"https:\/\/schema.org\",\"@graph\":[{\"@type\":\"WebPage\",\"@id\":\"https:\/\/rfiddepo.com\/en\/urunlerimiz\/72x10mm-barkod-kuyum-etiketi\/\",\"url\":\"https:\/\/rfiddepo.com\/en\/urunlerimiz\/72x10mm-barkod-kuyum-etiketi\/\",\"name\":\"72x10mm Barkod Kuyum Etiketi - RFID Depo\",\"isPartOf\":{\"@id\":\"https:\/\/rfiddepo.com\/en\/#website\"},\"primaryImageOfPage\":{\"@id\":\"https:\/\/rfiddepo.com\/en\/urunlerimiz\/72x10mm-barkod-kuyum-etiketi\/#primaryimage\"},\"image\":{\"@id\":\"https:\/\/rfiddepo.com\/en\/urunlerimiz\/72x10mm-barkod-kuyum-etiketi\/#primaryimage\"},\"thumbnailUrl\":\"https:\/\/rfiddepo.com\/wp-content\/uploads\/2024\/03\/10541574979634.jpg\",\"datePublished\":\"2024-03-15T10:21:54+00:00\",\"dateModified\":\"2025-12-15T08:31:13+00:00\",\"description\":\"72x10mm Barkod Kuyum Etiketi, kuyumculuk sekt\u00f6r\u00fcnde degerli \u00fcr\u00fcnlerin hizli ve g\u00fcvenilir takibi i\u00e7in \u00f6zel olarak tasarlanmis dayanikli barkod etiketidir. rfiddepo.com\u2019da!\",\"breadcrumb\":{\"@id\":\"https:\/\/rfiddepo.com\/en\/urunlerimiz\/72x10mm-barkod-kuyum-etiketi\/#breadcrumb\"},\"inLanguage\":\"en-US\",\"potentialAction\":[{\"@type\":\"ReadAction\",\"target\":[\"https:\/\/rfiddepo.com\/en\/urunlerimiz\/72x10mm-barkod-kuyum-etiketi\/\"]}]},{\"@type\":\"ImageObject\",\"inLanguage\":\"en-US\",\"@id\":\"https:\/\/rfiddepo.com\/en\/urunlerimiz\/72x10mm-barkod-kuyum-etiketi\/#primaryimage\",\"url\":\"https:\/\/rfiddepo.com\/wp-content\/uploads\/2024\/03\/10541574979634.jpg\",\"contentUrl\":\"https:\/\/rfiddepo.com\/wp-content\/uploads\/2024\/03\/10541574979634.jpg\",\"width\":375,\"height\":375},{\"@type\":\"BreadcrumbList\",\"@id\":\"https:\/\/rfiddepo.com\/en\/urunlerimiz\/72x10mm-barkod-kuyum-etiketi\/#breadcrumb\",\"itemListElement\":[{\"@type\":\"ListItem\",\"position\":1,\"name\":\"Anasayfa\",\"item\":\"https:\/\/rfiddepo.com\/en\/\"},{\"@type\":\"ListItem\",\"position\":2,\"name\":\"Urunler\",\"item\":\"https:\/\/rfiddepo.com\/urunler\/\"},{\"@type\":\"ListItem\",\"position\":3,\"name\":\"72x10mm Barkod Kuyum Etiketi\"}]},{\"@type\":\"WebSite\",\"@id\":\"https:\/\/rfiddepo.com\/en\/#website\",\"url\":\"https:\/\/rfiddepo.com\/en\/\",\"name\":\"RFID Depo\",\"description\":\"\",\"publisher\":{\"@id\":\"https:\/\/rfiddepo.com\/en\/#organization\"},\"potentialAction\":[{\"@type\":\"SearchAction\",\"target\":{\"@type\":\"EntryPoint\",\"urlTemplate\":\"https:\/\/rfiddepo.com\/en\/?s={search_term_string}\"},\"query-input\":{\"@type\":\"PropertyValueSpecification\",\"valueRequired\":true,\"valueName\":\"search_term_string\"}}],\"inLanguage\":\"en-US\"},{\"@type\":\"Organization\",\"@id\":\"https:\/\/rfiddepo.com\/en\/#organization\",\"name\":\"%%sitename%%\",\"url\":\"https:\/\/rfiddepo.com\/en\/\",\"logo\":{\"@type\":\"ImageObject\",\"inLanguage\":\"en-US\",\"@id\":\"https:\/\/rfiddepo.com\/en\/#\/schema\/logo\/image\/\",\"url\":\"https:\/\/rfiddepo.com\/wp-content\/uploads\/2025\/09\/rfiddepo-logo.png\",\"contentUrl\":\"https:\/\/rfiddepo.com\/wp-content\/uploads\/2025\/09\/rfiddepo-logo.png\",\"width\":500,\"height\":106,\"caption\":\"%%sitename%%\"},\"image\":{\"@id\":\"https:\/\/rfiddepo.com\/en\/#\/schema\/logo\/image\/\"}}]}<\/script>\n<!-- \/ Yoast SEO plugin. -->","yoast_head_json":{"title":"72x10mm Barkod Kuyum Etiketi - RFID Depo","description":"72x10mm Barkod Kuyum Etiketi, kuyumculuk sekt\u00f6r\u00fcnde degerli \u00fcr\u00fcnlerin hizli ve g\u00fcvenilir takibi i\u00e7in \u00f6zel olarak tasarlanmis dayanikli barkod etiketidir. rfiddepo.com\u2019da!","robots":{"index":"index","follow":"follow","max-snippet":"max-snippet:-1","max-image-preview":"max-image-preview:large","max-video-preview":"max-video-preview:-1"},"canonical":"https:\/\/rfiddepo.com\/en\/urunlerimiz\/72x10mm-barkod-kuyum-etiketi\/","og_locale":"en_US","og_type":"article","og_title":"72x10mm Barkod Kuyum Etiketi - RFID Depo","og_description":"72x10mm Barkod Kuyum Etiketi, kuyumculuk sekt\u00f6r\u00fcnde degerli \u00fcr\u00fcnlerin hizli ve g\u00fcvenilir takibi i\u00e7in \u00f6zel olarak tasarlanmis dayanikli barkod etiketidir. rfiddepo.com\u2019da!","og_url":"https:\/\/rfiddepo.com\/en\/urunlerimiz\/72x10mm-barkod-kuyum-etiketi\/","og_site_name":"RFID Depo","article_modified_time":"2025-12-15T08:31:13+00:00","og_image":[{"width":375,"height":375,"url":"https:\/\/rfiddepo.com\/wp-content\/uploads\/2024\/03\/10541574979634.jpg","type":"image\/jpeg"}],"twitter_card":"summary_large_image","twitter_misc":{"Est. reading time":"2 minutes"},"schema":{"@context":"https:\/\/schema.org","@graph":[{"@type":"WebPage","@id":"https:\/\/rfiddepo.com\/en\/urunlerimiz\/72x10mm-barkod-kuyum-etiketi\/","url":"https:\/\/rfiddepo.com\/en\/urunlerimiz\/72x10mm-barkod-kuyum-etiketi\/","name":"72x10mm Barkod Kuyum Etiketi - RFID Depo","isPartOf":{"@id":"https:\/\/rfiddepo.com\/en\/#website"},"primaryImageOfPage":{"@id":"https:\/\/rfiddepo.com\/en\/urunlerimiz\/72x10mm-barkod-kuyum-etiketi\/#primaryimage"},"image":{"@id":"https:\/\/rfiddepo.com\/en\/urunlerimiz\/72x10mm-barkod-kuyum-etiketi\/#primaryimage"},"thumbnailUrl":"https:\/\/rfiddepo.com\/wp-content\/uploads\/2024\/03\/10541574979634.jpg","datePublished":"2024-03-15T10:21:54+00:00","dateModified":"2025-12-15T08:31:13+00:00","description":"72x10mm Barkod Kuyum Etiketi, kuyumculuk sekt\u00f6r\u00fcnde degerli \u00fcr\u00fcnlerin hizli ve g\u00fcvenilir takibi i\u00e7in \u00f6zel olarak tasarlanmis dayanikli barkod etiketidir. rfiddepo.com\u2019da!","breadcrumb":{"@id":"https:\/\/rfiddepo.com\/en\/urunlerimiz\/72x10mm-barkod-kuyum-etiketi\/#breadcrumb"},"inLanguage":"en-US","potentialAction":[{"@type":"ReadAction","target":["https:\/\/rfiddepo.com\/en\/urunlerimiz\/72x10mm-barkod-kuyum-etiketi\/"]}]},{"@type":"ImageObject","inLanguage":"en-US","@id":"https:\/\/rfiddepo.com\/en\/urunlerimiz\/72x10mm-barkod-kuyum-etiketi\/#primaryimage","url":"https:\/\/rfiddepo.com\/wp-content\/uploads\/2024\/03\/10541574979634.jpg","contentUrl":"https:\/\/rfiddepo.com\/wp-content\/uploads\/2024\/03\/10541574979634.jpg","width":375,"height":375},{"@type":"BreadcrumbList","@id":"https:\/\/rfiddepo.com\/en\/urunlerimiz\/72x10mm-barkod-kuyum-etiketi\/#breadcrumb","itemListElement":[{"@type":"ListItem","position":1,"name":"Anasayfa","item":"https:\/\/rfiddepo.com\/en\/"},{"@type":"ListItem","position":2,"name":"Urunler","item":"https:\/\/rfiddepo.com\/urunler\/"},{"@type":"ListItem","position":3,"name":"72x10mm Barkod Kuyum Etiketi"}]},{"@type":"WebSite","@id":"https:\/\/rfiddepo.com\/en\/#website","url":"https:\/\/rfiddepo.com\/en\/","name":"RFID Depo","description":"","publisher":{"@id":"https:\/\/rfiddepo.com\/en\/#organization"},"potentialAction":[{"@type":"SearchAction","target":{"@type":"EntryPoint","urlTemplate":"https:\/\/rfiddepo.com\/en\/?s={search_term_string}"},"query-input":{"@type":"PropertyValueSpecification","valueRequired":true,"valueName":"search_term_string"}}],"inLanguage":"en-US"},{"@type":"Organization","@id":"https:\/\/rfiddepo.com\/en\/#organization","name":"%%sitename%%","url":"https:\/\/rfiddepo.com\/en\/","logo":{"@type":"ImageObject","inLanguage":"en-US","@id":"https:\/\/rfiddepo.com\/en\/#\/schema\/logo\/image\/","url":"https:\/\/rfiddepo.com\/wp-content\/uploads\/2025\/09\/rfiddepo-logo.png","contentUrl":"https:\/\/rfiddepo.com\/wp-content\/uploads\/2025\/09\/rfiddepo-logo.png","width":500,"height":106,"caption":"%%sitename%%"},"image":{"@id":"https:\/\/rfiddepo.com\/en\/#\/schema\/logo\/image\/"}}]}},"_links":{"self":[{"href":"https:\/\/rfiddepo.com\/en\/wp-json\/wp\/v2\/product\/11425","targetHints":{"allow":["GET"]}}],"collection":[{"href":"https:\/\/rfiddepo.com\/en\/wp-json\/wp\/v2\/product"}],"about":[{"href":"https:\/\/rfiddepo.com\/en\/wp-json\/wp\/v2\/types\/product"}],"replies":[{"embeddable":true,"href":"https:\/\/rfiddepo.com\/en\/wp-json\/wp\/v2\/comments?post=11425"}],"wp:featuredmedia":[{"embeddable":true,"href":"https:\/\/rfiddepo.com\/en\/wp-json\/wp\/v2\/media\/149765"}],"wp:attachment":[{"href":"https:\/\/rfiddepo.com\/en\/wp-json\/wp\/v2\/media?parent=11425"}],"wp:term":[{"taxonomy":"product_brand","embeddable":true,"href":"https:\/\/rfiddepo.com\/en\/wp-json\/wp\/v2\/product_brand?post=11425"},{"taxonomy":"product_cat","embeddable":true,"href":"https:\/\/rfiddepo.com\/en\/wp-json\/wp\/v2\/product_cat?post=11425"},{"taxonomy":"product_tag","embeddable":true,"href":"https:\/\/rfiddepo.com\/en\/wp-json\/wp\/v2\/product_tag?post=11425"}],"curies":[{"name":"wp","href":"https:\/\/api.w.org\/{rel}","templated":true}]}}