{"id":11422,"date":"2024-03-15T10:17:30","date_gmt":"2024-03-15T10:17:30","guid":{"rendered":"http:\/\/www.test.rfiddepo.com\/?post_type=product&#038;p=11422"},"modified":"2025-12-15T08:31:42","modified_gmt":"2025-12-15T08:31:42","slug":"71x28mm-rfid-kuyumcu-etiketi","status":"publish","type":"product","link":"https:\/\/rfiddepo.com\/en\/urunlerimiz\/71x28mm-rfid-kuyumcu-etiketi\/","title":{"rendered":"71x28mm RFID Jewelry Tag"},"content":{"rendered":"<table class=\"blueTable\">\n<tbody>\n<tr>\n<td>Dimension<\/td>\n<td>71mm x 28mm<\/td>\n<\/tr>\n<tr>\n<td>Frequency<\/td>\n<td>860\u2013960 MHz (UHF)<\/td>\n<\/tr>\n<tr>\n<td>Chip<\/td>\n<td>High-performance RFID chip<\/td>\n<\/tr>\n<tr>\n<td>Material<\/td>\n<td>Durable material suitable for jewelry products<\/td>\n<\/tr>\n<tr>\n<td>Reading Distance<\/td>\n<td>5-8 meters (varies depending on the reader)<\/td>\n<\/tr>\n<tr>\n<td>Compatibility<\/td>\n<td>Fully compatible with RFID systems such as Zebra, Impinj, Avery Dennison, and Confidex<\/td>\n<\/tr>\n<tr>\n<td>Areas of Use<\/td>\n<td>Jewelry: Secure tracking of valuable jewelry and precious stones<br \/>\nInventory Management: Real-time product tracking and inventory control<br \/>\nSecurity: Reducing the risk of loss and theft<\/td>\n<\/tr>\n<tr>\n<td>Brand<\/td>\n<td><a href=\"\/marka\/rfiddepo\/\"><img decoding=\"async\" src=\"https:\/\/rfiddepo.com\/wp-content\/uploads\/2024\/01\/cropped-PNG-Copy.png\" \/><\/a><\/td>\n<\/tr>\n<\/tbody>\n<\/table>\n<h3>Technical Specifications:<\/h3>\n<ul>\n<li><strong>Dimension:<\/strong> 71mm x 28mm<\/li>\n<li><strong>Frequency:<\/strong> 860\u2013960 MHz (UHF)<\/li>\n<li><strong>Chip:<\/strong> High-performance RFID chip<\/li>\n<li><strong>Material:<\/strong> Durable material suitable for jewelry products<\/li>\n<li><strong>Reading Distance:<\/strong> 5-8 meters (varies depending on the reader)<\/li>\n<li><strong>Compatibility:<\/strong> Fully compatible with RFID systems such as Zebra, Impinj, Avery Dennison, and Confidex<\/li>\n<\/ul>\n<h3>Areas of Use:<\/h3>\n<ul>\n<li><strong>Jewelry:<\/strong> Secure tracking of valuable jewelry and precious stones<\/li>\n<li><strong>Inventory Management:<\/strong> Real-time product tracking and inventory control<\/li>\n<li><strong>Security:<\/strong> Reducing the risk of loss and theft<\/li>\n<\/ul>\n<p><strong>rfiddepo.com<\/strong> offered with its guarantee <strong>71x28mm RFID Jewelry Tag<\/strong>, increases the efficiency and security of your jewelry business. Contact us for more information!<\/p>","protected":false},"excerpt":{"rendered":"<p><strong>71x28mm RFID Jewelry Tag<\/strong>, is a high-performance RFID tag developed for the secure tracking of valuable products in the jewelry industry. It facilitates inventory management by tracking your products in real time and reduces the risk of theft.<\/p>\n<div class=\"datasheet\"><a href=\"\/wp-content\/uploads\/2025\/10\/71\u00d728-mm-RFID-Kuyumcu-Etiketi.pdf\" target=\"_blank\" class=\"datasheet-btn\" rel=\"noopener\"><br \/>\n\ud83d\udcc4 Datasheet<br \/>\n<\/a><\/div>","protected":false},"featured_media":148888,"comment_status":"closed","ping_status":"closed","template":"","meta":{"_monsterinsights_skip_tracking":false,"_monsterinsights_sitenote_active":false,"_monsterinsights_sitenote_note":"","_monsterinsights_sitenote_category":0},"product_brand":[129],"product_cat":[37,67],"product_tag":[453,446],"class_list":{"0":"post-11422","1":"product","2":"type-product","3":"status-publish","4":"has-post-thumbnail","6":"product_brand-rfiddepo","7":"product_cat-rfid-etiketler","8":"product_cat-rfid-kuyum-etiketleri","9":"product_tag-71x28mm-rfid-kuyumcu-etiketi","10":"product_tag-rfid-kuyumcu-etiketi","12":"first","13":"instock","14":"shipping-taxable","15":"purchasable","16":"product-type-simple"},"yoast_head":"<!-- This site is optimized with the Yoast SEO plugin v26.6 - https:\/\/yoast.com\/wordpress\/plugins\/seo\/ -->\n<title>71x28mm RFID Kuyumcu Etiketi - RFID Depo<\/title>\n<meta name=\"description\" content=\"71x28mm RFID Kuyumcu Etiketi, kuyumculuk sekt\u00f6r\u00fcnde degerli \u00fcr\u00fcnlerin g\u00fcvenli ve hizli takibi i\u00e7in \u00f6zel olarak tasarlanmis dayanikli RFID etiketidir. rfiddepo.com\u2019da!\" \/>\n<meta name=\"robots\" content=\"index, follow, max-snippet:-1, max-image-preview:large, max-video-preview:-1\" \/>\n<link rel=\"canonical\" href=\"https:\/\/rfiddepo.com\/en\/urunlerimiz\/71x28mm-rfid-kuyumcu-etiketi\/\" \/>\n<meta property=\"og:locale\" content=\"en_US\" \/>\n<meta property=\"og:type\" content=\"article\" \/>\n<meta property=\"og:title\" content=\"71x28mm RFID Kuyumcu Etiketi - RFID Depo\" \/>\n<meta property=\"og:description\" content=\"71x28mm RFID Kuyumcu Etiketi, kuyumculuk sekt\u00f6r\u00fcnde degerli \u00fcr\u00fcnlerin g\u00fcvenli ve hizli takibi i\u00e7in \u00f6zel olarak tasarlanmis dayanikli RFID etiketidir. rfiddepo.com\u2019da!\" \/>\n<meta property=\"og:url\" content=\"https:\/\/rfiddepo.com\/en\/urunlerimiz\/71x28mm-rfid-kuyumcu-etiketi\/\" \/>\n<meta property=\"og:site_name\" content=\"RFID Depo\" \/>\n<meta property=\"article:modified_time\" content=\"2025-12-15T08:31:42+00:00\" \/>\n<meta property=\"og:image\" content=\"https:\/\/rfiddepo.com\/wp-content\/uploads\/2024\/03\/Gemini_Generated_Image_z0k3mqz0k3mqz0k3.png\" \/>\n\t<meta property=\"og:image:width\" content=\"1024\" \/>\n\t<meta property=\"og:image:height\" content=\"1024\" \/>\n\t<meta property=\"og:image:type\" content=\"image\/png\" \/>\n<meta name=\"twitter:card\" content=\"summary_large_image\" \/>\n<meta name=\"twitter:label1\" content=\"Est. reading time\" \/>\n\t<meta name=\"twitter:data1\" content=\"2 minutes\" \/>\n<script type=\"application\/ld+json\" class=\"yoast-schema-graph\">{\"@context\":\"https:\/\/schema.org\",\"@graph\":[{\"@type\":\"WebPage\",\"@id\":\"https:\/\/rfiddepo.com\/en\/urunlerimiz\/71x28mm-rfid-kuyumcu-etiketi\/\",\"url\":\"https:\/\/rfiddepo.com\/en\/urunlerimiz\/71x28mm-rfid-kuyumcu-etiketi\/\",\"name\":\"71x28mm RFID Kuyumcu Etiketi - RFID Depo\",\"isPartOf\":{\"@id\":\"https:\/\/rfiddepo.com\/en\/#website\"},\"primaryImageOfPage\":{\"@id\":\"https:\/\/rfiddepo.com\/en\/urunlerimiz\/71x28mm-rfid-kuyumcu-etiketi\/#primaryimage\"},\"image\":{\"@id\":\"https:\/\/rfiddepo.com\/en\/urunlerimiz\/71x28mm-rfid-kuyumcu-etiketi\/#primaryimage\"},\"thumbnailUrl\":\"https:\/\/rfiddepo.com\/wp-content\/uploads\/2024\/03\/Gemini_Generated_Image_z0k3mqz0k3mqz0k3.png\",\"datePublished\":\"2024-03-15T10:17:30+00:00\",\"dateModified\":\"2025-12-15T08:31:42+00:00\",\"description\":\"71x28mm RFID Kuyumcu Etiketi, kuyumculuk sekt\u00f6r\u00fcnde degerli \u00fcr\u00fcnlerin g\u00fcvenli ve hizli takibi i\u00e7in \u00f6zel olarak tasarlanmis dayanikli RFID etiketidir. rfiddepo.com\u2019da!\",\"breadcrumb\":{\"@id\":\"https:\/\/rfiddepo.com\/en\/urunlerimiz\/71x28mm-rfid-kuyumcu-etiketi\/#breadcrumb\"},\"inLanguage\":\"en-US\",\"potentialAction\":[{\"@type\":\"ReadAction\",\"target\":[\"https:\/\/rfiddepo.com\/en\/urunlerimiz\/71x28mm-rfid-kuyumcu-etiketi\/\"]}]},{\"@type\":\"ImageObject\",\"inLanguage\":\"en-US\",\"@id\":\"https:\/\/rfiddepo.com\/en\/urunlerimiz\/71x28mm-rfid-kuyumcu-etiketi\/#primaryimage\",\"url\":\"https:\/\/rfiddepo.com\/wp-content\/uploads\/2024\/03\/Gemini_Generated_Image_z0k3mqz0k3mqz0k3.png\",\"contentUrl\":\"https:\/\/rfiddepo.com\/wp-content\/uploads\/2024\/03\/Gemini_Generated_Image_z0k3mqz0k3mqz0k3.png\",\"width\":1024,\"height\":1024},{\"@type\":\"BreadcrumbList\",\"@id\":\"https:\/\/rfiddepo.com\/en\/urunlerimiz\/71x28mm-rfid-kuyumcu-etiketi\/#breadcrumb\",\"itemListElement\":[{\"@type\":\"ListItem\",\"position\":1,\"name\":\"Anasayfa\",\"item\":\"https:\/\/rfiddepo.com\/en\/\"},{\"@type\":\"ListItem\",\"position\":2,\"name\":\"Urunler\",\"item\":\"https:\/\/rfiddepo.com\/urunler\/\"},{\"@type\":\"ListItem\",\"position\":3,\"name\":\"71x28mm RFID Kuyumcu Etiketi\"}]},{\"@type\":\"WebSite\",\"@id\":\"https:\/\/rfiddepo.com\/en\/#website\",\"url\":\"https:\/\/rfiddepo.com\/en\/\",\"name\":\"RFID Depo\",\"description\":\"\",\"publisher\":{\"@id\":\"https:\/\/rfiddepo.com\/en\/#organization\"},\"potentialAction\":[{\"@type\":\"SearchAction\",\"target\":{\"@type\":\"EntryPoint\",\"urlTemplate\":\"https:\/\/rfiddepo.com\/en\/?s={search_term_string}\"},\"query-input\":{\"@type\":\"PropertyValueSpecification\",\"valueRequired\":true,\"valueName\":\"search_term_string\"}}],\"inLanguage\":\"en-US\"},{\"@type\":\"Organization\",\"@id\":\"https:\/\/rfiddepo.com\/en\/#organization\",\"name\":\"%%sitename%%\",\"url\":\"https:\/\/rfiddepo.com\/en\/\",\"logo\":{\"@type\":\"ImageObject\",\"inLanguage\":\"en-US\",\"@id\":\"https:\/\/rfiddepo.com\/en\/#\/schema\/logo\/image\/\",\"url\":\"https:\/\/rfiddepo.com\/wp-content\/uploads\/2025\/09\/rfiddepo-logo.png\",\"contentUrl\":\"https:\/\/rfiddepo.com\/wp-content\/uploads\/2025\/09\/rfiddepo-logo.png\",\"width\":500,\"height\":106,\"caption\":\"%%sitename%%\"},\"image\":{\"@id\":\"https:\/\/rfiddepo.com\/en\/#\/schema\/logo\/image\/\"}}]}<\/script>\n<!-- \/ Yoast SEO plugin. -->","yoast_head_json":{"title":"71x28mm RFID Kuyumcu Etiketi - RFID Depo","description":"71x28mm RFID Kuyumcu Etiketi, kuyumculuk sekt\u00f6r\u00fcnde degerli \u00fcr\u00fcnlerin g\u00fcvenli ve hizli takibi i\u00e7in \u00f6zel olarak tasarlanmis dayanikli RFID etiketidir. rfiddepo.com\u2019da!","robots":{"index":"index","follow":"follow","max-snippet":"max-snippet:-1","max-image-preview":"max-image-preview:large","max-video-preview":"max-video-preview:-1"},"canonical":"https:\/\/rfiddepo.com\/en\/urunlerimiz\/71x28mm-rfid-kuyumcu-etiketi\/","og_locale":"en_US","og_type":"article","og_title":"71x28mm RFID Kuyumcu Etiketi - RFID Depo","og_description":"71x28mm RFID Kuyumcu Etiketi, kuyumculuk sekt\u00f6r\u00fcnde degerli \u00fcr\u00fcnlerin g\u00fcvenli ve hizli takibi i\u00e7in \u00f6zel olarak tasarlanmis dayanikli RFID etiketidir. rfiddepo.com\u2019da!","og_url":"https:\/\/rfiddepo.com\/en\/urunlerimiz\/71x28mm-rfid-kuyumcu-etiketi\/","og_site_name":"RFID Depo","article_modified_time":"2025-12-15T08:31:42+00:00","og_image":[{"width":1024,"height":1024,"url":"https:\/\/rfiddepo.com\/wp-content\/uploads\/2024\/03\/Gemini_Generated_Image_z0k3mqz0k3mqz0k3.png","type":"image\/png"}],"twitter_card":"summary_large_image","twitter_misc":{"Est. reading time":"2 minutes"},"schema":{"@context":"https:\/\/schema.org","@graph":[{"@type":"WebPage","@id":"https:\/\/rfiddepo.com\/en\/urunlerimiz\/71x28mm-rfid-kuyumcu-etiketi\/","url":"https:\/\/rfiddepo.com\/en\/urunlerimiz\/71x28mm-rfid-kuyumcu-etiketi\/","name":"71x28mm RFID Kuyumcu Etiketi - RFID Depo","isPartOf":{"@id":"https:\/\/rfiddepo.com\/en\/#website"},"primaryImageOfPage":{"@id":"https:\/\/rfiddepo.com\/en\/urunlerimiz\/71x28mm-rfid-kuyumcu-etiketi\/#primaryimage"},"image":{"@id":"https:\/\/rfiddepo.com\/en\/urunlerimiz\/71x28mm-rfid-kuyumcu-etiketi\/#primaryimage"},"thumbnailUrl":"https:\/\/rfiddepo.com\/wp-content\/uploads\/2024\/03\/Gemini_Generated_Image_z0k3mqz0k3mqz0k3.png","datePublished":"2024-03-15T10:17:30+00:00","dateModified":"2025-12-15T08:31:42+00:00","description":"71x28mm RFID Kuyumcu Etiketi, kuyumculuk sekt\u00f6r\u00fcnde degerli \u00fcr\u00fcnlerin g\u00fcvenli ve hizli takibi i\u00e7in \u00f6zel olarak tasarlanmis dayanikli RFID etiketidir. rfiddepo.com\u2019da!","breadcrumb":{"@id":"https:\/\/rfiddepo.com\/en\/urunlerimiz\/71x28mm-rfid-kuyumcu-etiketi\/#breadcrumb"},"inLanguage":"en-US","potentialAction":[{"@type":"ReadAction","target":["https:\/\/rfiddepo.com\/en\/urunlerimiz\/71x28mm-rfid-kuyumcu-etiketi\/"]}]},{"@type":"ImageObject","inLanguage":"en-US","@id":"https:\/\/rfiddepo.com\/en\/urunlerimiz\/71x28mm-rfid-kuyumcu-etiketi\/#primaryimage","url":"https:\/\/rfiddepo.com\/wp-content\/uploads\/2024\/03\/Gemini_Generated_Image_z0k3mqz0k3mqz0k3.png","contentUrl":"https:\/\/rfiddepo.com\/wp-content\/uploads\/2024\/03\/Gemini_Generated_Image_z0k3mqz0k3mqz0k3.png","width":1024,"height":1024},{"@type":"BreadcrumbList","@id":"https:\/\/rfiddepo.com\/en\/urunlerimiz\/71x28mm-rfid-kuyumcu-etiketi\/#breadcrumb","itemListElement":[{"@type":"ListItem","position":1,"name":"Anasayfa","item":"https:\/\/rfiddepo.com\/en\/"},{"@type":"ListItem","position":2,"name":"Urunler","item":"https:\/\/rfiddepo.com\/urunler\/"},{"@type":"ListItem","position":3,"name":"71x28mm RFID Kuyumcu Etiketi"}]},{"@type":"WebSite","@id":"https:\/\/rfiddepo.com\/en\/#website","url":"https:\/\/rfiddepo.com\/en\/","name":"RFID Depo","description":"","publisher":{"@id":"https:\/\/rfiddepo.com\/en\/#organization"},"potentialAction":[{"@type":"SearchAction","target":{"@type":"EntryPoint","urlTemplate":"https:\/\/rfiddepo.com\/en\/?s={search_term_string}"},"query-input":{"@type":"PropertyValueSpecification","valueRequired":true,"valueName":"search_term_string"}}],"inLanguage":"en-US"},{"@type":"Organization","@id":"https:\/\/rfiddepo.com\/en\/#organization","name":"%%sitename%%","url":"https:\/\/rfiddepo.com\/en\/","logo":{"@type":"ImageObject","inLanguage":"en-US","@id":"https:\/\/rfiddepo.com\/en\/#\/schema\/logo\/image\/","url":"https:\/\/rfiddepo.com\/wp-content\/uploads\/2025\/09\/rfiddepo-logo.png","contentUrl":"https:\/\/rfiddepo.com\/wp-content\/uploads\/2025\/09\/rfiddepo-logo.png","width":500,"height":106,"caption":"%%sitename%%"},"image":{"@id":"https:\/\/rfiddepo.com\/en\/#\/schema\/logo\/image\/"}}]}},"_links":{"self":[{"href":"https:\/\/rfiddepo.com\/en\/wp-json\/wp\/v2\/product\/11422","targetHints":{"allow":["GET"]}}],"collection":[{"href":"https:\/\/rfiddepo.com\/en\/wp-json\/wp\/v2\/product"}],"about":[{"href":"https:\/\/rfiddepo.com\/en\/wp-json\/wp\/v2\/types\/product"}],"replies":[{"embeddable":true,"href":"https:\/\/rfiddepo.com\/en\/wp-json\/wp\/v2\/comments?post=11422"}],"wp:featuredmedia":[{"embeddable":true,"href":"https:\/\/rfiddepo.com\/en\/wp-json\/wp\/v2\/media\/148888"}],"wp:attachment":[{"href":"https:\/\/rfiddepo.com\/en\/wp-json\/wp\/v2\/media?parent=11422"}],"wp:term":[{"taxonomy":"product_brand","embeddable":true,"href":"https:\/\/rfiddepo.com\/en\/wp-json\/wp\/v2\/product_brand?post=11422"},{"taxonomy":"product_cat","embeddable":true,"href":"https:\/\/rfiddepo.com\/en\/wp-json\/wp\/v2\/product_cat?post=11422"},{"taxonomy":"product_tag","embeddable":true,"href":"https:\/\/rfiddepo.com\/en\/wp-json\/wp\/v2\/product_tag?post=11422"}],"curies":[{"name":"wp","href":"https:\/\/api.w.org\/{rel}","templated":true}]}}