{"id":11408,"date":"2024-03-14T13:28:06","date_gmt":"2024-03-14T13:28:06","guid":{"rendered":"http:\/\/www.test.rfiddepo.com\/?post_type=product&#038;p=11408"},"modified":"2025-12-15T08:32:09","modified_gmt":"2025-12-15T08:32:09","slug":"60x67mm-flag-rfid-etiket","status":"publish","type":"product","link":"https:\/\/rfiddepo.com\/en\/urunlerimiz\/60x67mm-flag-rfid-etiket\/","title":{"rendered":"60x67 mm Flag RFID Tag"},"content":{"rendered":"<table class=\"blueTable\">\n<tbody>\n<tr>\n<td>Dimension<\/td>\n<td>60mm x 67mm (before folding)<\/td>\n<\/tr>\n<tr>\n<td>Type<\/td>\n<td>Flag (foldable) design \u2013 antenna section remains free<\/td>\n<\/tr>\n<tr>\n<td>Frequency<\/td>\n<td>UHF 860\u2013960 MHz<\/td>\n<\/tr>\n<tr>\n<td>Chip<\/td>\n<td>Impinj Monza R6, NXP, or equivalent high-performance chip<\/td>\n<\/tr>\n<tr>\n<td>Material<\/td>\n<td>PET or special synthetic material<\/td>\n<\/tr>\n<tr>\n<td>Reading Distance<\/td>\n<td>6\u201310 meters (depending on the environment and reader)<\/td>\n<\/tr>\n<tr>\n<td>Printability<\/td>\n<td>Thermal transfer printing is supported<\/td>\n<\/tr>\n<tr>\n<td>Areas of Use<\/td>\n<td>Textiles: Application without damaging the product, production and warehouse tracking<br \/>\nAutomotive: Labeling of non-contact surface parts<br \/>\nLogistics: Marking of pallets, boxes, and shipping units<br \/>\nJewelry: Increased visibility thanks to the outward curving of the label<br \/>\nWarehouse Automation: Shelf, box, and product-based rapid scanning solutions<\/td>\n<\/tr>\n<tr>\n<td>Brand<\/td>\n<td><a href=\"\/marka\/rfiddepo\/\"><img decoding=\"async\" src=\"https:\/\/rfiddepo.com\/wp-content\/uploads\/2024\/01\/cropped-PNG-Copy.png\" \/><\/a><\/td>\n<\/tr>\n<\/tbody>\n<\/table>\n<h3>Technical Specifications:<\/h3>\n<ul>\n<li><strong>Dimension:<\/strong> 60mm x 67mm (before folding)<\/li>\n<li><strong>Tip:<\/strong> Flag (foldable) design \u2013 antenna section remains free<\/li>\n<li><strong>Frequency:<\/strong> UHF 860\u2013960 MHz<\/li>\n<li><strong>Chip:<\/strong> Impinj Monza R6, NXP, or equivalent high-performance chip<\/li>\n<li><strong>Material:<\/strong> PET or special synthetic material<\/li>\n<li><strong>Reading Distance:<\/strong> 6\u201310 meters (depending on the environment and reader)<\/li>\n<li><strong>Printability:<\/strong> Thermal transfer printing is supported<\/li>\n<\/ul>\n<h3>Areas of Use:<\/h3>\n<ul>\n<li><strong>Textiles:<\/strong> Application, production, and warehouse tracking without damaging the product<\/li>\n<li><strong>Automotive:<\/strong> Labeling of non-contact surface parts<\/li>\n<li><strong>Logistics:<\/strong> Marking of pallets, boxes, and shipping units<\/li>\n<li><strong>Jewelry:<\/strong> Increased visibility thanks to the label's outward curvature<\/li>\n<li><strong>Warehouse Automation:<\/strong> Shelf, box, and product-based rapid scanning solutions<\/li>\n<\/ul>\n<p><strong>rfiddepo.com<\/strong> offered with its quality <strong>60x67 mm Flag RFID Tag<\/strong>, providing excellent solutions for sensitive applications that do not require surface contact. Contact us for more information and special pricing requests!<\/p>","protected":false},"excerpt":{"rendered":"<p><strong>60x67 mm Flag RFID Tag<\/strong>, specifically <strong>, textiles, automotive, logistics, jewelry<\/strong> and <strong>warehouse automation<\/strong> Its foldable (flag-type) design allows for application without damaging the product surface.<\/p>\n<div class=\"datasheet\"><a href=\"\/wp-content\/uploads\/2025\/10\/60\u00d767-mm-Flag-RFID-Etiket.pdf\" target=\"_blank\" class=\"datasheet-btn\" rel=\"noopener\"><br \/>\n\ud83d\udcc4 Datasheet<br \/>\n<\/a><\/div>","protected":false},"featured_media":148921,"comment_status":"closed","ping_status":"closed","template":"","meta":{"_monsterinsights_skip_tracking":false,"_monsterinsights_sitenote_active":false,"_monsterinsights_sitenote_note":"","_monsterinsights_sitenote_category":0},"product_brand":[129],"product_cat":[37,28],"product_tag":[455,456,80],"class_list":{"0":"post-11408","1":"product","2":"type-product","3":"status-publish","4":"has-post-thumbnail","6":"product_brand-rfiddepo","7":"product_cat-rfid-etiketler","8":"product_cat-uhf-rfid-etiketler","9":"product_tag-60x67mm-flag-rfid-etiket","10":"product_tag-flag-rfid-etiket","11":"product_tag-rfid-etiket","13":"first","14":"instock","15":"shipping-taxable","16":"purchasable","17":"product-type-simple"},"yoast_head":"<!-- This site is optimized with the Yoast SEO plugin v26.6 - https:\/\/yoast.com\/wordpress\/plugins\/seo\/ -->\n<title>60x67mm Flag RFID Etiket - RFID Depo<\/title>\n<meta name=\"description\" content=\"60x67mm Flag RFID Etiket, tekstil, otomotiv, lojistik, kuyumculuk ve depo otomasyonu sekt\u00f6rlerinde g\u00fcvenilir, katlamali yapisiyla uzun \u00f6m\u00fcrl\u00fc RFID \u00fcr\u00fcn takibi sunar. rfiddepo.com\u2019da!\" \/>\n<meta name=\"robots\" content=\"index, follow, max-snippet:-1, max-image-preview:large, max-video-preview:-1\" \/>\n<link rel=\"canonical\" href=\"https:\/\/rfiddepo.com\/en\/urunlerimiz\/60x67mm-flag-rfid-etiket\/\" \/>\n<meta property=\"og:locale\" content=\"en_US\" \/>\n<meta property=\"og:type\" content=\"article\" \/>\n<meta property=\"og:title\" content=\"60x67mm Flag RFID Etiket - RFID Depo\" \/>\n<meta property=\"og:description\" content=\"60x67mm Flag RFID Etiket, tekstil, otomotiv, lojistik, kuyumculuk ve depo otomasyonu sekt\u00f6rlerinde g\u00fcvenilir, katlamali yapisiyla uzun \u00f6m\u00fcrl\u00fc RFID \u00fcr\u00fcn takibi sunar. rfiddepo.com\u2019da!\" \/>\n<meta property=\"og:url\" content=\"https:\/\/rfiddepo.com\/en\/urunlerimiz\/60x67mm-flag-rfid-etiket\/\" \/>\n<meta property=\"og:site_name\" content=\"RFID Depo\" \/>\n<meta property=\"article:modified_time\" content=\"2025-12-15T08:32:09+00:00\" \/>\n<meta property=\"og:image\" content=\"https:\/\/rfiddepo.com\/wp-content\/uploads\/2024\/03\/Gemini_Generated_Image_10v4sh10v4sh10v4.png\" \/>\n\t<meta property=\"og:image:width\" content=\"928\" \/>\n\t<meta property=\"og:image:height\" content=\"1120\" \/>\n\t<meta property=\"og:image:type\" content=\"image\/png\" \/>\n<meta name=\"twitter:card\" content=\"summary_large_image\" \/>\n<meta name=\"twitter:label1\" content=\"Est. reading time\" \/>\n\t<meta name=\"twitter:data1\" content=\"2 minutes\" \/>\n<script type=\"application\/ld+json\" class=\"yoast-schema-graph\">{\"@context\":\"https:\/\/schema.org\",\"@graph\":[{\"@type\":\"WebPage\",\"@id\":\"https:\/\/rfiddepo.com\/en\/urunlerimiz\/60x67mm-flag-rfid-etiket\/\",\"url\":\"https:\/\/rfiddepo.com\/en\/urunlerimiz\/60x67mm-flag-rfid-etiket\/\",\"name\":\"60x67mm Flag RFID Etiket - RFID Depo\",\"isPartOf\":{\"@id\":\"https:\/\/rfiddepo.com\/en\/#website\"},\"primaryImageOfPage\":{\"@id\":\"https:\/\/rfiddepo.com\/en\/urunlerimiz\/60x67mm-flag-rfid-etiket\/#primaryimage\"},\"image\":{\"@id\":\"https:\/\/rfiddepo.com\/en\/urunlerimiz\/60x67mm-flag-rfid-etiket\/#primaryimage\"},\"thumbnailUrl\":\"https:\/\/rfiddepo.com\/wp-content\/uploads\/2024\/03\/Gemini_Generated_Image_10v4sh10v4sh10v4.png\",\"datePublished\":\"2024-03-14T13:28:06+00:00\",\"dateModified\":\"2025-12-15T08:32:09+00:00\",\"description\":\"60x67mm Flag RFID Etiket, tekstil, otomotiv, lojistik, kuyumculuk ve depo otomasyonu sekt\u00f6rlerinde g\u00fcvenilir, katlamali yapisiyla uzun \u00f6m\u00fcrl\u00fc RFID \u00fcr\u00fcn takibi sunar. rfiddepo.com\u2019da!\",\"breadcrumb\":{\"@id\":\"https:\/\/rfiddepo.com\/en\/urunlerimiz\/60x67mm-flag-rfid-etiket\/#breadcrumb\"},\"inLanguage\":\"en-US\",\"potentialAction\":[{\"@type\":\"ReadAction\",\"target\":[\"https:\/\/rfiddepo.com\/en\/urunlerimiz\/60x67mm-flag-rfid-etiket\/\"]}]},{\"@type\":\"ImageObject\",\"inLanguage\":\"en-US\",\"@id\":\"https:\/\/rfiddepo.com\/en\/urunlerimiz\/60x67mm-flag-rfid-etiket\/#primaryimage\",\"url\":\"https:\/\/rfiddepo.com\/wp-content\/uploads\/2024\/03\/Gemini_Generated_Image_10v4sh10v4sh10v4.png\",\"contentUrl\":\"https:\/\/rfiddepo.com\/wp-content\/uploads\/2024\/03\/Gemini_Generated_Image_10v4sh10v4sh10v4.png\",\"width\":928,\"height\":1120},{\"@type\":\"BreadcrumbList\",\"@id\":\"https:\/\/rfiddepo.com\/en\/urunlerimiz\/60x67mm-flag-rfid-etiket\/#breadcrumb\",\"itemListElement\":[{\"@type\":\"ListItem\",\"position\":1,\"name\":\"Anasayfa\",\"item\":\"https:\/\/rfiddepo.com\/en\/\"},{\"@type\":\"ListItem\",\"position\":2,\"name\":\"Urunler\",\"item\":\"https:\/\/rfiddepo.com\/urunler\/\"},{\"@type\":\"ListItem\",\"position\":3,\"name\":\"60x67mm Flag RFID Etiket\"}]},{\"@type\":\"WebSite\",\"@id\":\"https:\/\/rfiddepo.com\/en\/#website\",\"url\":\"https:\/\/rfiddepo.com\/en\/\",\"name\":\"RFID Depo\",\"description\":\"\",\"publisher\":{\"@id\":\"https:\/\/rfiddepo.com\/en\/#organization\"},\"potentialAction\":[{\"@type\":\"SearchAction\",\"target\":{\"@type\":\"EntryPoint\",\"urlTemplate\":\"https:\/\/rfiddepo.com\/en\/?s={search_term_string}\"},\"query-input\":{\"@type\":\"PropertyValueSpecification\",\"valueRequired\":true,\"valueName\":\"search_term_string\"}}],\"inLanguage\":\"en-US\"},{\"@type\":\"Organization\",\"@id\":\"https:\/\/rfiddepo.com\/en\/#organization\",\"name\":\"%%sitename%%\",\"url\":\"https:\/\/rfiddepo.com\/en\/\",\"logo\":{\"@type\":\"ImageObject\",\"inLanguage\":\"en-US\",\"@id\":\"https:\/\/rfiddepo.com\/en\/#\/schema\/logo\/image\/\",\"url\":\"https:\/\/rfiddepo.com\/wp-content\/uploads\/2025\/09\/rfiddepo-logo.png\",\"contentUrl\":\"https:\/\/rfiddepo.com\/wp-content\/uploads\/2025\/09\/rfiddepo-logo.png\",\"width\":500,\"height\":106,\"caption\":\"%%sitename%%\"},\"image\":{\"@id\":\"https:\/\/rfiddepo.com\/en\/#\/schema\/logo\/image\/\"}}]}<\/script>\n<!-- \/ Yoast SEO plugin. -->","yoast_head_json":{"title":"60x67mm Flag RFID Etiket - RFID Depo","description":"60x67mm Flag RFID Etiket, tekstil, otomotiv, lojistik, kuyumculuk ve depo otomasyonu sekt\u00f6rlerinde g\u00fcvenilir, katlamali yapisiyla uzun \u00f6m\u00fcrl\u00fc RFID \u00fcr\u00fcn takibi sunar. rfiddepo.com\u2019da!","robots":{"index":"index","follow":"follow","max-snippet":"max-snippet:-1","max-image-preview":"max-image-preview:large","max-video-preview":"max-video-preview:-1"},"canonical":"https:\/\/rfiddepo.com\/en\/urunlerimiz\/60x67mm-flag-rfid-etiket\/","og_locale":"en_US","og_type":"article","og_title":"60x67mm Flag RFID Etiket - RFID Depo","og_description":"60x67mm Flag RFID Etiket, tekstil, otomotiv, lojistik, kuyumculuk ve depo otomasyonu sekt\u00f6rlerinde g\u00fcvenilir, katlamali yapisiyla uzun \u00f6m\u00fcrl\u00fc RFID \u00fcr\u00fcn takibi sunar. rfiddepo.com\u2019da!","og_url":"https:\/\/rfiddepo.com\/en\/urunlerimiz\/60x67mm-flag-rfid-etiket\/","og_site_name":"RFID Depo","article_modified_time":"2025-12-15T08:32:09+00:00","og_image":[{"width":928,"height":1120,"url":"https:\/\/rfiddepo.com\/wp-content\/uploads\/2024\/03\/Gemini_Generated_Image_10v4sh10v4sh10v4.png","type":"image\/png"}],"twitter_card":"summary_large_image","twitter_misc":{"Est. reading time":"2 minutes"},"schema":{"@context":"https:\/\/schema.org","@graph":[{"@type":"WebPage","@id":"https:\/\/rfiddepo.com\/en\/urunlerimiz\/60x67mm-flag-rfid-etiket\/","url":"https:\/\/rfiddepo.com\/en\/urunlerimiz\/60x67mm-flag-rfid-etiket\/","name":"60x67mm Flag RFID Etiket - RFID Depo","isPartOf":{"@id":"https:\/\/rfiddepo.com\/en\/#website"},"primaryImageOfPage":{"@id":"https:\/\/rfiddepo.com\/en\/urunlerimiz\/60x67mm-flag-rfid-etiket\/#primaryimage"},"image":{"@id":"https:\/\/rfiddepo.com\/en\/urunlerimiz\/60x67mm-flag-rfid-etiket\/#primaryimage"},"thumbnailUrl":"https:\/\/rfiddepo.com\/wp-content\/uploads\/2024\/03\/Gemini_Generated_Image_10v4sh10v4sh10v4.png","datePublished":"2024-03-14T13:28:06+00:00","dateModified":"2025-12-15T08:32:09+00:00","description":"60x67mm Flag RFID Etiket, tekstil, otomotiv, lojistik, kuyumculuk ve depo otomasyonu sekt\u00f6rlerinde g\u00fcvenilir, katlamali yapisiyla uzun \u00f6m\u00fcrl\u00fc RFID \u00fcr\u00fcn takibi sunar. rfiddepo.com\u2019da!","breadcrumb":{"@id":"https:\/\/rfiddepo.com\/en\/urunlerimiz\/60x67mm-flag-rfid-etiket\/#breadcrumb"},"inLanguage":"en-US","potentialAction":[{"@type":"ReadAction","target":["https:\/\/rfiddepo.com\/en\/urunlerimiz\/60x67mm-flag-rfid-etiket\/"]}]},{"@type":"ImageObject","inLanguage":"en-US","@id":"https:\/\/rfiddepo.com\/en\/urunlerimiz\/60x67mm-flag-rfid-etiket\/#primaryimage","url":"https:\/\/rfiddepo.com\/wp-content\/uploads\/2024\/03\/Gemini_Generated_Image_10v4sh10v4sh10v4.png","contentUrl":"https:\/\/rfiddepo.com\/wp-content\/uploads\/2024\/03\/Gemini_Generated_Image_10v4sh10v4sh10v4.png","width":928,"height":1120},{"@type":"BreadcrumbList","@id":"https:\/\/rfiddepo.com\/en\/urunlerimiz\/60x67mm-flag-rfid-etiket\/#breadcrumb","itemListElement":[{"@type":"ListItem","position":1,"name":"Anasayfa","item":"https:\/\/rfiddepo.com\/en\/"},{"@type":"ListItem","position":2,"name":"Urunler","item":"https:\/\/rfiddepo.com\/urunler\/"},{"@type":"ListItem","position":3,"name":"60x67mm Flag RFID Etiket"}]},{"@type":"WebSite","@id":"https:\/\/rfiddepo.com\/en\/#website","url":"https:\/\/rfiddepo.com\/en\/","name":"RFID Depo","description":"","publisher":{"@id":"https:\/\/rfiddepo.com\/en\/#organization"},"potentialAction":[{"@type":"SearchAction","target":{"@type":"EntryPoint","urlTemplate":"https:\/\/rfiddepo.com\/en\/?s={search_term_string}"},"query-input":{"@type":"PropertyValueSpecification","valueRequired":true,"valueName":"search_term_string"}}],"inLanguage":"en-US"},{"@type":"Organization","@id":"https:\/\/rfiddepo.com\/en\/#organization","name":"%%sitename%%","url":"https:\/\/rfiddepo.com\/en\/","logo":{"@type":"ImageObject","inLanguage":"en-US","@id":"https:\/\/rfiddepo.com\/en\/#\/schema\/logo\/image\/","url":"https:\/\/rfiddepo.com\/wp-content\/uploads\/2025\/09\/rfiddepo-logo.png","contentUrl":"https:\/\/rfiddepo.com\/wp-content\/uploads\/2025\/09\/rfiddepo-logo.png","width":500,"height":106,"caption":"%%sitename%%"},"image":{"@id":"https:\/\/rfiddepo.com\/en\/#\/schema\/logo\/image\/"}}]}},"_links":{"self":[{"href":"https:\/\/rfiddepo.com\/en\/wp-json\/wp\/v2\/product\/11408","targetHints":{"allow":["GET"]}}],"collection":[{"href":"https:\/\/rfiddepo.com\/en\/wp-json\/wp\/v2\/product"}],"about":[{"href":"https:\/\/rfiddepo.com\/en\/wp-json\/wp\/v2\/types\/product"}],"replies":[{"embeddable":true,"href":"https:\/\/rfiddepo.com\/en\/wp-json\/wp\/v2\/comments?post=11408"}],"wp:featuredmedia":[{"embeddable":true,"href":"https:\/\/rfiddepo.com\/en\/wp-json\/wp\/v2\/media\/148921"}],"wp:attachment":[{"href":"https:\/\/rfiddepo.com\/en\/wp-json\/wp\/v2\/media?parent=11408"}],"wp:term":[{"taxonomy":"product_brand","embeddable":true,"href":"https:\/\/rfiddepo.com\/en\/wp-json\/wp\/v2\/product_brand?post=11408"},{"taxonomy":"product_cat","embeddable":true,"href":"https:\/\/rfiddepo.com\/en\/wp-json\/wp\/v2\/product_cat?post=11408"},{"taxonomy":"product_tag","embeddable":true,"href":"https:\/\/rfiddepo.com\/en\/wp-json\/wp\/v2\/product_tag?post=11408"}],"curies":[{"name":"wp","href":"https:\/\/api.w.org\/{rel}","templated":true}]}}