{"id":11404,"date":"2024-03-14T12:50:26","date_gmt":"2024-03-14T12:50:26","guid":{"rendered":"http:\/\/www.test.rfiddepo.com\/?post_type=product&#038;p=11404"},"modified":"2025-12-15T08:58:10","modified_gmt":"2025-12-15T08:58:10","slug":"60x40mm-uhf-rfid-etiket","status":"publish","type":"product","link":"https:\/\/rfiddepo.com\/en\/urunlerimiz\/60x40mm-uhf-rfid-etiket\/","title":{"rendered":"60x40mm UHF RFID Tag"},"content":{"rendered":"<table class=\"blueTable\">\n<thead>\n<tr>\n<td><strong>Product Name<\/strong><\/td>\n<td>60x40mm UHF RFID Tag<\/td>\n<\/tr>\n<\/thead>\n<tbody>\n<tr>\n<td><strong>Operating Frequency<\/strong><\/td>\n<td>860\u2013960 MHz (UHF)<\/td>\n<\/tr>\n<tr>\n<td><strong>Dimensions<\/strong><\/td>\n<td>60mm x 40mm<\/td>\n<\/tr>\n<tr>\n<td><strong>RFID Chip<\/strong><\/td>\n<td>Impinj Monza R6, NXP UCODE 8, or similar<\/td>\n<\/tr>\n<tr>\n<td><strong>Material<\/strong><\/td>\n<td>PET or thermal transfer surface<\/td>\n<\/tr>\n<tr>\n<td><strong>Reading Distance<\/strong><\/td>\n<td>5\u20138 meters (depending on the environment and reader)<\/td>\n<\/tr>\n<tr>\n<td><strong>Bask\u0131 Uygunlu\u011fu<\/strong><\/td>\n<td>Suitable for printing with thermal transfer printers<\/td>\n<\/tr>\n<tr>\n<td><strong>Areas of Use<\/strong><\/td>\n<td>Textiles: Product identification, washing, and shipment tracking<br \/>\nAutomotive: Parts and production line control<br \/>\nLogistics: Cargo, parcel, and pallet tracking Jewelry: Product identification and secure inventory management<br \/>\nWarehouse Automation: Inventory management and location-based control<\/td>\n<\/tr>\n<tr>\n<td><strong>Brand<\/strong><\/td>\n<td><a href=\"\/marka\/rfiddepo\/\"><img decoding=\"async\" src=\"https:\/\/rfiddepo.com\/wp-content\/uploads\/2024\/01\/cropped-PNG-Copy.png\" \/><\/a><\/td>\n<\/tr>\n<\/tbody>\n<\/table>\n<h2><\/h2>\n<h2 style=\"font-size: 25px;\">Technical Specifications:<\/h2>\n<ul>\n<li><strong>Dimension:<\/strong> 60mm x 40mm<\/li>\n<li><strong>Frequency:<\/strong> 860\u2013960 MHz (UHF)<\/li>\n<li><strong>RFID Chip:<\/strong> Impinj Monza R6, NXP UCODE 8, or similar<\/li>\n<li><strong>Material:<\/strong> PET or thermal transfer surface<\/li>\n<li><strong>Reading Distance:<\/strong> 5\u20138 meters (depending on the environment and reader)<\/li>\n<li><strong>Bask\u0131 Uygunlu\u011fu:<\/strong> Suitable for printing with thermal transfer printers<\/li>\n<\/ul>\n<h2 style=\"font-size: 25px;\">Areas of Use:<\/h2>\n<ul>\n<li><strong>Textiles:<\/strong> Product identification, washing, and shipment tracking<\/li>\n<li><strong>Automotive:<\/strong> Part and production line control<\/li>\n<li><strong>Logistics:<\/strong> Cargo, package, and pallet tracking<\/li>\n<li><strong>Jewelry:<\/strong> Product identification and secure inventory management<\/li>\n<li><strong>Warehouse Automation:<\/strong> Inventory management and location-based control<\/li>\n<\/ul>\n<p><strong>rfiddepo.com<\/strong> offered with its quality <strong>60x40mm UHF RFID Tag<\/strong>, an ideal choice for businesses seeking an affordable and efficient solution. Contact us for orders and inquiries!<\/p>","protected":false},"excerpt":{"rendered":"<p><strong>60x40mm UHF RFID Tag<\/strong>, with its compact size and powerful performance, provides reliable product tracking in many industries such as <strong>, textiles, automotive, logistics, jewelry<\/strong> and <strong>warehouse automation<\/strong> . Its compatibility with thermal transfer printers simplifies your labeling processes.<\/p>\n<div class=\"datasheet\"><a href=\"\/wp-content\/uploads\/2025\/10\/60\u00d740-mm-RFID-Etiket.pdf\" target=\"_blank\" class=\"datasheet-btn\" rel=\"noopener\"><br \/>\n\ud83d\udcc4 Datasheet<br \/>\n<\/a><\/div>","protected":false},"featured_media":148891,"comment_status":"closed","ping_status":"closed","template":"","meta":{"_monsterinsights_skip_tracking":false,"_monsterinsights_sitenote_active":false,"_monsterinsights_sitenote_note":"","_monsterinsights_sitenote_category":0},"product_brand":[129],"product_cat":[37,28],"product_tag":[],"class_list":{"0":"post-11404","1":"product","2":"type-product","3":"status-publish","4":"has-post-thumbnail","6":"product_brand-rfiddepo","7":"product_cat-rfid-etiketler","8":"product_cat-uhf-rfid-etiketler","10":"first","11":"instock","12":"shipping-taxable","13":"purchasable","14":"product-type-simple"},"yoast_head":"<!-- This site is optimized with the Yoast SEO plugin v26.6 - https:\/\/yoast.com\/wordpress\/plugins\/seo\/ -->\n<title>60x40mm UHF RFID Etiket - RFID Depo<\/title>\n<meta name=\"description\" content=\"60x40mm UHF RFID Etiket, tekstil, otomotiv, lojistik, kuyumculuk ve depo otomasyonu uygulamalarinda y\u00fcksek performansli ve ekonomik \u00fcr\u00fcn takibi saglar. rfiddepo.com\u2019da!\" \/>\n<meta name=\"robots\" content=\"index, follow, max-snippet:-1, max-image-preview:large, max-video-preview:-1\" \/>\n<link rel=\"canonical\" href=\"https:\/\/rfiddepo.com\/en\/urunlerimiz\/60x40mm-uhf-rfid-etiket\/\" \/>\n<meta property=\"og:locale\" content=\"en_US\" \/>\n<meta property=\"og:type\" content=\"article\" \/>\n<meta property=\"og:title\" content=\"60x40mm UHF RFID Etiket - RFID Depo\" \/>\n<meta property=\"og:description\" content=\"60x40mm UHF RFID Etiket, tekstil, otomotiv, lojistik, kuyumculuk ve depo otomasyonu uygulamalarinda y\u00fcksek performansli ve ekonomik \u00fcr\u00fcn takibi saglar. rfiddepo.com\u2019da!\" \/>\n<meta property=\"og:url\" content=\"https:\/\/rfiddepo.com\/en\/urunlerimiz\/60x40mm-uhf-rfid-etiket\/\" \/>\n<meta property=\"og:site_name\" content=\"RFID Depo\" \/>\n<meta property=\"article:modified_time\" content=\"2025-12-15T08:58:10+00:00\" \/>\n<meta property=\"og:image\" content=\"https:\/\/rfiddepo.com\/wp-content\/uploads\/2024\/03\/Untitled-2.jpg\" \/>\n\t<meta property=\"og:image:width\" content=\"1080\" \/>\n\t<meta property=\"og:image:height\" content=\"1080\" \/>\n\t<meta property=\"og:image:type\" content=\"image\/jpeg\" \/>\n<meta name=\"twitter:card\" content=\"summary_large_image\" \/>\n<meta name=\"twitter:label1\" content=\"Est. reading time\" \/>\n\t<meta name=\"twitter:data1\" content=\"2 minutes\" \/>\n<script type=\"application\/ld+json\" class=\"yoast-schema-graph\">{\"@context\":\"https:\/\/schema.org\",\"@graph\":[{\"@type\":\"WebPage\",\"@id\":\"https:\/\/rfiddepo.com\/en\/urunlerimiz\/60x40mm-uhf-rfid-etiket\/\",\"url\":\"https:\/\/rfiddepo.com\/en\/urunlerimiz\/60x40mm-uhf-rfid-etiket\/\",\"name\":\"60x40mm UHF RFID Etiket - RFID Depo\",\"isPartOf\":{\"@id\":\"https:\/\/rfiddepo.com\/en\/#website\"},\"primaryImageOfPage\":{\"@id\":\"https:\/\/rfiddepo.com\/en\/urunlerimiz\/60x40mm-uhf-rfid-etiket\/#primaryimage\"},\"image\":{\"@id\":\"https:\/\/rfiddepo.com\/en\/urunlerimiz\/60x40mm-uhf-rfid-etiket\/#primaryimage\"},\"thumbnailUrl\":\"https:\/\/rfiddepo.com\/wp-content\/uploads\/2024\/03\/Untitled-2.jpg\",\"datePublished\":\"2024-03-14T12:50:26+00:00\",\"dateModified\":\"2025-12-15T08:58:10+00:00\",\"description\":\"60x40mm UHF RFID Etiket, tekstil, otomotiv, lojistik, kuyumculuk ve depo otomasyonu uygulamalarinda y\u00fcksek performansli ve ekonomik \u00fcr\u00fcn takibi saglar. rfiddepo.com\u2019da!\",\"breadcrumb\":{\"@id\":\"https:\/\/rfiddepo.com\/en\/urunlerimiz\/60x40mm-uhf-rfid-etiket\/#breadcrumb\"},\"inLanguage\":\"en-US\",\"potentialAction\":[{\"@type\":\"ReadAction\",\"target\":[\"https:\/\/rfiddepo.com\/en\/urunlerimiz\/60x40mm-uhf-rfid-etiket\/\"]}]},{\"@type\":\"ImageObject\",\"inLanguage\":\"en-US\",\"@id\":\"https:\/\/rfiddepo.com\/en\/urunlerimiz\/60x40mm-uhf-rfid-etiket\/#primaryimage\",\"url\":\"https:\/\/rfiddepo.com\/wp-content\/uploads\/2024\/03\/Untitled-2.jpg\",\"contentUrl\":\"https:\/\/rfiddepo.com\/wp-content\/uploads\/2024\/03\/Untitled-2.jpg\",\"width\":1080,\"height\":1080},{\"@type\":\"BreadcrumbList\",\"@id\":\"https:\/\/rfiddepo.com\/en\/urunlerimiz\/60x40mm-uhf-rfid-etiket\/#breadcrumb\",\"itemListElement\":[{\"@type\":\"ListItem\",\"position\":1,\"name\":\"Anasayfa\",\"item\":\"https:\/\/rfiddepo.com\/en\/\"},{\"@type\":\"ListItem\",\"position\":2,\"name\":\"Urunler\",\"item\":\"https:\/\/rfiddepo.com\/urunler\/\"},{\"@type\":\"ListItem\",\"position\":3,\"name\":\"60x40mm UHF RFID Etiket\"}]},{\"@type\":\"WebSite\",\"@id\":\"https:\/\/rfiddepo.com\/en\/#website\",\"url\":\"https:\/\/rfiddepo.com\/en\/\",\"name\":\"RFID Depo\",\"description\":\"\",\"publisher\":{\"@id\":\"https:\/\/rfiddepo.com\/en\/#organization\"},\"potentialAction\":[{\"@type\":\"SearchAction\",\"target\":{\"@type\":\"EntryPoint\",\"urlTemplate\":\"https:\/\/rfiddepo.com\/en\/?s={search_term_string}\"},\"query-input\":{\"@type\":\"PropertyValueSpecification\",\"valueRequired\":true,\"valueName\":\"search_term_string\"}}],\"inLanguage\":\"en-US\"},{\"@type\":\"Organization\",\"@id\":\"https:\/\/rfiddepo.com\/en\/#organization\",\"name\":\"%%sitename%%\",\"url\":\"https:\/\/rfiddepo.com\/en\/\",\"logo\":{\"@type\":\"ImageObject\",\"inLanguage\":\"en-US\",\"@id\":\"https:\/\/rfiddepo.com\/en\/#\/schema\/logo\/image\/\",\"url\":\"https:\/\/rfiddepo.com\/wp-content\/uploads\/2025\/09\/rfiddepo-logo.png\",\"contentUrl\":\"https:\/\/rfiddepo.com\/wp-content\/uploads\/2025\/09\/rfiddepo-logo.png\",\"width\":500,\"height\":106,\"caption\":\"%%sitename%%\"},\"image\":{\"@id\":\"https:\/\/rfiddepo.com\/en\/#\/schema\/logo\/image\/\"}}]}<\/script>\n<!-- \/ Yoast SEO plugin. -->","yoast_head_json":{"title":"60x40mm UHF RFID Etiket - RFID Depo","description":"60x40mm UHF RFID Etiket, tekstil, otomotiv, lojistik, kuyumculuk ve depo otomasyonu uygulamalarinda y\u00fcksek performansli ve ekonomik \u00fcr\u00fcn takibi saglar. rfiddepo.com\u2019da!","robots":{"index":"index","follow":"follow","max-snippet":"max-snippet:-1","max-image-preview":"max-image-preview:large","max-video-preview":"max-video-preview:-1"},"canonical":"https:\/\/rfiddepo.com\/en\/urunlerimiz\/60x40mm-uhf-rfid-etiket\/","og_locale":"en_US","og_type":"article","og_title":"60x40mm UHF RFID Etiket - RFID Depo","og_description":"60x40mm UHF RFID Etiket, tekstil, otomotiv, lojistik, kuyumculuk ve depo otomasyonu uygulamalarinda y\u00fcksek performansli ve ekonomik \u00fcr\u00fcn takibi saglar. rfiddepo.com\u2019da!","og_url":"https:\/\/rfiddepo.com\/en\/urunlerimiz\/60x40mm-uhf-rfid-etiket\/","og_site_name":"RFID Depo","article_modified_time":"2025-12-15T08:58:10+00:00","og_image":[{"width":1080,"height":1080,"url":"https:\/\/rfiddepo.com\/wp-content\/uploads\/2024\/03\/Untitled-2.jpg","type":"image\/jpeg"}],"twitter_card":"summary_large_image","twitter_misc":{"Est. reading time":"2 minutes"},"schema":{"@context":"https:\/\/schema.org","@graph":[{"@type":"WebPage","@id":"https:\/\/rfiddepo.com\/en\/urunlerimiz\/60x40mm-uhf-rfid-etiket\/","url":"https:\/\/rfiddepo.com\/en\/urunlerimiz\/60x40mm-uhf-rfid-etiket\/","name":"60x40mm UHF RFID Etiket - RFID Depo","isPartOf":{"@id":"https:\/\/rfiddepo.com\/en\/#website"},"primaryImageOfPage":{"@id":"https:\/\/rfiddepo.com\/en\/urunlerimiz\/60x40mm-uhf-rfid-etiket\/#primaryimage"},"image":{"@id":"https:\/\/rfiddepo.com\/en\/urunlerimiz\/60x40mm-uhf-rfid-etiket\/#primaryimage"},"thumbnailUrl":"https:\/\/rfiddepo.com\/wp-content\/uploads\/2024\/03\/Untitled-2.jpg","datePublished":"2024-03-14T12:50:26+00:00","dateModified":"2025-12-15T08:58:10+00:00","description":"60x40mm UHF RFID Etiket, tekstil, otomotiv, lojistik, kuyumculuk ve depo otomasyonu uygulamalarinda y\u00fcksek performansli ve ekonomik \u00fcr\u00fcn takibi saglar. rfiddepo.com\u2019da!","breadcrumb":{"@id":"https:\/\/rfiddepo.com\/en\/urunlerimiz\/60x40mm-uhf-rfid-etiket\/#breadcrumb"},"inLanguage":"en-US","potentialAction":[{"@type":"ReadAction","target":["https:\/\/rfiddepo.com\/en\/urunlerimiz\/60x40mm-uhf-rfid-etiket\/"]}]},{"@type":"ImageObject","inLanguage":"en-US","@id":"https:\/\/rfiddepo.com\/en\/urunlerimiz\/60x40mm-uhf-rfid-etiket\/#primaryimage","url":"https:\/\/rfiddepo.com\/wp-content\/uploads\/2024\/03\/Untitled-2.jpg","contentUrl":"https:\/\/rfiddepo.com\/wp-content\/uploads\/2024\/03\/Untitled-2.jpg","width":1080,"height":1080},{"@type":"BreadcrumbList","@id":"https:\/\/rfiddepo.com\/en\/urunlerimiz\/60x40mm-uhf-rfid-etiket\/#breadcrumb","itemListElement":[{"@type":"ListItem","position":1,"name":"Anasayfa","item":"https:\/\/rfiddepo.com\/en\/"},{"@type":"ListItem","position":2,"name":"Urunler","item":"https:\/\/rfiddepo.com\/urunler\/"},{"@type":"ListItem","position":3,"name":"60x40mm UHF RFID Etiket"}]},{"@type":"WebSite","@id":"https:\/\/rfiddepo.com\/en\/#website","url":"https:\/\/rfiddepo.com\/en\/","name":"RFID Depo","description":"","publisher":{"@id":"https:\/\/rfiddepo.com\/en\/#organization"},"potentialAction":[{"@type":"SearchAction","target":{"@type":"EntryPoint","urlTemplate":"https:\/\/rfiddepo.com\/en\/?s={search_term_string}"},"query-input":{"@type":"PropertyValueSpecification","valueRequired":true,"valueName":"search_term_string"}}],"inLanguage":"en-US"},{"@type":"Organization","@id":"https:\/\/rfiddepo.com\/en\/#organization","name":"%%sitename%%","url":"https:\/\/rfiddepo.com\/en\/","logo":{"@type":"ImageObject","inLanguage":"en-US","@id":"https:\/\/rfiddepo.com\/en\/#\/schema\/logo\/image\/","url":"https:\/\/rfiddepo.com\/wp-content\/uploads\/2025\/09\/rfiddepo-logo.png","contentUrl":"https:\/\/rfiddepo.com\/wp-content\/uploads\/2025\/09\/rfiddepo-logo.png","width":500,"height":106,"caption":"%%sitename%%"},"image":{"@id":"https:\/\/rfiddepo.com\/en\/#\/schema\/logo\/image\/"}}]}},"_links":{"self":[{"href":"https:\/\/rfiddepo.com\/en\/wp-json\/wp\/v2\/product\/11404","targetHints":{"allow":["GET"]}}],"collection":[{"href":"https:\/\/rfiddepo.com\/en\/wp-json\/wp\/v2\/product"}],"about":[{"href":"https:\/\/rfiddepo.com\/en\/wp-json\/wp\/v2\/types\/product"}],"replies":[{"embeddable":true,"href":"https:\/\/rfiddepo.com\/en\/wp-json\/wp\/v2\/comments?post=11404"}],"wp:featuredmedia":[{"embeddable":true,"href":"https:\/\/rfiddepo.com\/en\/wp-json\/wp\/v2\/media\/148891"}],"wp:attachment":[{"href":"https:\/\/rfiddepo.com\/en\/wp-json\/wp\/v2\/media?parent=11404"}],"wp:term":[{"taxonomy":"product_brand","embeddable":true,"href":"https:\/\/rfiddepo.com\/en\/wp-json\/wp\/v2\/product_brand?post=11404"},{"taxonomy":"product_cat","embeddable":true,"href":"https:\/\/rfiddepo.com\/en\/wp-json\/wp\/v2\/product_cat?post=11404"},{"taxonomy":"product_tag","embeddable":true,"href":"https:\/\/rfiddepo.com\/en\/wp-json\/wp\/v2\/product_tag?post=11404"}],"curies":[{"name":"wp","href":"https:\/\/api.w.org\/{rel}","templated":true}]}}