{"id":11398,"date":"2024-03-14T10:54:14","date_gmt":"2024-03-14T10:54:14","guid":{"rendered":"http:\/\/www.test.rfiddepo.com\/?post_type=product&#038;p=11398"},"modified":"2025-12-15T08:58:52","modified_gmt":"2025-12-15T08:58:52","slug":"60x24mm-uhf-rfid-on-metal-tag","status":"publish","type":"product","link":"https:\/\/rfiddepo.com\/en\/urunlerimiz\/60x24mm-uhf-rfid-on-metal-tag\/","title":{"rendered":"60x24mm UHF RFID On Metal Tag"},"content":{"rendered":"<table class=\"blueTable\">\n<thead>\n<tr>\n<td><strong>Product Name<\/strong><\/td>\n<td>60x24mm UHF RFID On Metal Tag<\/td>\n<\/tr>\n<\/thead>\n<tbody>\n<tr>\n<td><strong>Operating Frequency<\/strong><\/td>\n<td>860\u2013960 MHz (UHF)<\/td>\n<\/tr>\n<tr>\n<td><strong>Dimensions<\/strong><\/td>\n<td>60mm x 24mm<\/td>\n<\/tr>\n<tr>\n<td><strong>Chip<\/strong><\/td>\n<td>Impinj Monza R6, NXP UCODE, or equivalent<\/td>\n<\/tr>\n<tr>\n<td><strong>Reading Distance<\/strong><\/td>\n<td>4\u20136 meters (tested on metal surfaces)<\/td>\n<\/tr>\n<tr>\n<td><strong>Installation<\/strong><\/td>\n<td>Glueing or screwing options<\/td>\n<\/tr>\n<tr>\n<td><strong>Durability<\/strong><\/td>\n<td>High resistance to dust, water, impacts, and external influences<\/td>\n<\/tr>\n<tr>\n<td><strong>Areas of Use<\/strong><\/td>\n<td>Textiles: Tracking metal equipment and hangers<br \/>\nAutomotive: Tracking metal parts and containers on the production line<br \/>\nLogistics: Metal crates, pallets, and shelving systems<br \/>\nJewelry: Security boxes and metal shelves<br \/>\nWarehouse Automation: Tracking metal fixtures and equipment<\/td>\n<\/tr>\n<tr>\n<td><strong>Brand<\/strong><\/td>\n<td><a href=\"\/marka\/rfiddepo\/\"><img decoding=\"async\" src=\"https:\/\/rfiddepo.com\/wp-content\/uploads\/2024\/01\/cropped-PNG-Copy.png\" \/><\/a><\/td>\n<\/tr>\n<\/tbody>\n<\/table>\n<h2><\/h2>\n<h2 style=\"font-size: 25px;\">Technical Specifications:<\/h2>\n<ul>\n<li><strong>Dimension:<\/strong> 60mm x 24mm<\/li>\n<li><strong>Frequency Range:<\/strong> 860\u2013960 MHz (UHF)<\/li>\n<li><strong>Chip:<\/strong> Impinj Monza R6, NXP UCODE, or equivalent<\/li>\n<li><strong>Reading Distance:<\/strong> 4\u20136 meters (tested on metal surfaces)<\/li>\n<li><strong>Assembly:<\/strong> Glueing or screwing options<\/li>\n<li><strong>Durability:<\/strong> High resistance to dust, water, impacts, and external influences<\/li>\n<\/ul>\n<h2 style=\"font-size: 25px;\">Areas of Use:<\/h2>\n<ul>\n<li><strong>Textiles:<\/strong> Metal equipment and hanger tracking<\/li>\n<li><strong>Automotive:<\/strong> Metal part and container tracking on the production line<\/li>\n<li><strong>Logistics:<\/strong> Metal containers, pallets, and shelving systems<\/li>\n<li><strong>Jewelry:<\/strong> Security boxes and metal shelves<\/li>\n<li><strong>Warehouse Automation:<\/strong> Tracking of metal fixtures and equipment<\/li>\n<\/ul>\n<p><strong>rfiddepo.com<\/strong> offered with its guarantee <strong>60x24mm UHF RFID On Metal Tag<\/strong>delivers maximum efficiency even on challenging surfaces. Contact us to simplify product tracking on metal surfaces and digitize your processes!<\/p>","protected":false},"excerpt":{"rendered":"<p><strong>60x24mm UHF RFID On Metal Tag<\/strong>, specifically <strong>on metal surfaces<\/strong> It is a durable and high-performance RFID tag developed for use. <strong>Textiles, automotive, logistics, jewelry<\/strong> and <strong>warehouse automation<\/strong> is the ideal solution for accurately monitoring metal equipment and surfaces in industries such as these.<\/p>\n<div class=\"datasheet\"><a href=\"\/wp-content\/uploads\/2025\/10\/60x24mm-UHF-RFID-On-Metal-Tag.pdf\" target=\"_blank\" class=\"datasheet-btn\" rel=\"noopener\"><br \/>\n\ud83d\udcc4 Datasheet<br \/>\n<\/a><\/div>","protected":false},"featured_media":147608,"comment_status":"closed","ping_status":"closed","template":"","meta":{"_monsterinsights_skip_tracking":false,"_monsterinsights_sitenote_active":false,"_monsterinsights_sitenote_note":"","_monsterinsights_sitenote_category":0},"product_brand":[129],"product_cat":[73,75,72],"product_tag":[290,291,292,293,294],"class_list":{"0":"post-11398","1":"product","2":"type-product","3":"status-publish","4":"has-post-thumbnail","6":"product_brand-rfiddepo","7":"product_cat-demirbas-rfid-tagleri","8":"product_cat-metal-ustu-rfid-tagler-rfid-tagler","9":"product_cat-rfid-tagler","10":"product_tag-60x25mm-tag","11":"product_tag-demirbas-rfid-tag","12":"product_tag-on-metal-rfid-tag","13":"product_tag-rfid-demirbas-etiketleri","14":"product_tag-rfid-metal-ustu-tag","16":"first","17":"instock","18":"shipping-taxable","19":"purchasable","20":"product-type-simple"},"yoast_head":"<!-- This site is optimized with the Yoast SEO plugin v26.6 - https:\/\/yoast.com\/wordpress\/plugins\/seo\/ -->\n<title>60x24mm UHF RFID On Metal Tag - RFID Depo<\/title>\n<meta name=\"description\" content=\"60x24mm UHF RFID On Metal Tag, tekstil, otomotiv, lojistik, kuyumculuk ve depo otomasyonu uygulamalarinda metal y\u00fczeylerde y\u00fcksek performansli \u00fcr\u00fcn takibi saglar. rfiddepo.com\u2019da!\" \/>\n<meta name=\"robots\" content=\"index, follow, max-snippet:-1, max-image-preview:large, max-video-preview:-1\" \/>\n<link rel=\"canonical\" href=\"https:\/\/rfiddepo.com\/en\/urunlerimiz\/60x24mm-uhf-rfid-on-metal-tag\/\" \/>\n<meta property=\"og:locale\" content=\"en_US\" \/>\n<meta property=\"og:type\" content=\"article\" \/>\n<meta property=\"og:title\" content=\"60x24mm UHF RFID On Metal Tag - RFID Depo\" \/>\n<meta property=\"og:description\" content=\"60x24mm UHF RFID On Metal Tag, tekstil, otomotiv, lojistik, kuyumculuk ve depo otomasyonu uygulamalarinda metal y\u00fczeylerde y\u00fcksek performansli \u00fcr\u00fcn takibi saglar. rfiddepo.com\u2019da!\" \/>\n<meta property=\"og:url\" content=\"https:\/\/rfiddepo.com\/en\/urunlerimiz\/60x24mm-uhf-rfid-on-metal-tag\/\" \/>\n<meta property=\"og:site_name\" content=\"RFID Depo\" \/>\n<meta property=\"article:modified_time\" content=\"2025-12-15T08:58:52+00:00\" \/>\n<meta property=\"og:image\" content=\"https:\/\/rfiddepo.com\/wp-content\/uploads\/2025\/09\/rfiddepo-60x25-metal-ustu-rfid-tag-1.jpg\" \/>\n\t<meta property=\"og:image:width\" content=\"700\" \/>\n\t<meta property=\"og:image:height\" content=\"660\" \/>\n\t<meta property=\"og:image:type\" content=\"image\/jpeg\" \/>\n<meta name=\"twitter:card\" content=\"summary_large_image\" \/>\n<meta name=\"twitter:label1\" content=\"Est. reading time\" \/>\n\t<meta name=\"twitter:data1\" content=\"2 minutes\" \/>\n<script type=\"application\/ld+json\" class=\"yoast-schema-graph\">{\"@context\":\"https:\/\/schema.org\",\"@graph\":[{\"@type\":\"WebPage\",\"@id\":\"https:\/\/rfiddepo.com\/en\/urunlerimiz\/60x24mm-uhf-rfid-on-metal-tag\/\",\"url\":\"https:\/\/rfiddepo.com\/en\/urunlerimiz\/60x24mm-uhf-rfid-on-metal-tag\/\",\"name\":\"60x24mm UHF RFID On Metal Tag - RFID Depo\",\"isPartOf\":{\"@id\":\"https:\/\/rfiddepo.com\/en\/#website\"},\"primaryImageOfPage\":{\"@id\":\"https:\/\/rfiddepo.com\/en\/urunlerimiz\/60x24mm-uhf-rfid-on-metal-tag\/#primaryimage\"},\"image\":{\"@id\":\"https:\/\/rfiddepo.com\/en\/urunlerimiz\/60x24mm-uhf-rfid-on-metal-tag\/#primaryimage\"},\"thumbnailUrl\":\"https:\/\/rfiddepo.com\/wp-content\/uploads\/2025\/09\/rfiddepo-60x25-metal-ustu-rfid-tag-1.jpg\",\"datePublished\":\"2024-03-14T10:54:14+00:00\",\"dateModified\":\"2025-12-15T08:58:52+00:00\",\"description\":\"60x24mm UHF RFID On Metal Tag, tekstil, otomotiv, lojistik, kuyumculuk ve depo otomasyonu uygulamalarinda metal y\u00fczeylerde y\u00fcksek performansli \u00fcr\u00fcn takibi saglar. rfiddepo.com\u2019da!\",\"breadcrumb\":{\"@id\":\"https:\/\/rfiddepo.com\/en\/urunlerimiz\/60x24mm-uhf-rfid-on-metal-tag\/#breadcrumb\"},\"inLanguage\":\"en-US\",\"potentialAction\":[{\"@type\":\"ReadAction\",\"target\":[\"https:\/\/rfiddepo.com\/en\/urunlerimiz\/60x24mm-uhf-rfid-on-metal-tag\/\"]}]},{\"@type\":\"ImageObject\",\"inLanguage\":\"en-US\",\"@id\":\"https:\/\/rfiddepo.com\/en\/urunlerimiz\/60x24mm-uhf-rfid-on-metal-tag\/#primaryimage\",\"url\":\"https:\/\/rfiddepo.com\/wp-content\/uploads\/2025\/09\/rfiddepo-60x25-metal-ustu-rfid-tag-1.jpg\",\"contentUrl\":\"https:\/\/rfiddepo.com\/wp-content\/uploads\/2025\/09\/rfiddepo-60x25-metal-ustu-rfid-tag-1.jpg\",\"width\":700,\"height\":660},{\"@type\":\"BreadcrumbList\",\"@id\":\"https:\/\/rfiddepo.com\/en\/urunlerimiz\/60x24mm-uhf-rfid-on-metal-tag\/#breadcrumb\",\"itemListElement\":[{\"@type\":\"ListItem\",\"position\":1,\"name\":\"Anasayfa\",\"item\":\"https:\/\/rfiddepo.com\/en\/\"},{\"@type\":\"ListItem\",\"position\":2,\"name\":\"Urunler\",\"item\":\"https:\/\/rfiddepo.com\/urunler\/\"},{\"@type\":\"ListItem\",\"position\":3,\"name\":\"60x24mm UHF RFID On Metal Tag\"}]},{\"@type\":\"WebSite\",\"@id\":\"https:\/\/rfiddepo.com\/en\/#website\",\"url\":\"https:\/\/rfiddepo.com\/en\/\",\"name\":\"RFID Depo\",\"description\":\"\",\"publisher\":{\"@id\":\"https:\/\/rfiddepo.com\/en\/#organization\"},\"potentialAction\":[{\"@type\":\"SearchAction\",\"target\":{\"@type\":\"EntryPoint\",\"urlTemplate\":\"https:\/\/rfiddepo.com\/en\/?s={search_term_string}\"},\"query-input\":{\"@type\":\"PropertyValueSpecification\",\"valueRequired\":true,\"valueName\":\"search_term_string\"}}],\"inLanguage\":\"en-US\"},{\"@type\":\"Organization\",\"@id\":\"https:\/\/rfiddepo.com\/en\/#organization\",\"name\":\"%%sitename%%\",\"url\":\"https:\/\/rfiddepo.com\/en\/\",\"logo\":{\"@type\":\"ImageObject\",\"inLanguage\":\"en-US\",\"@id\":\"https:\/\/rfiddepo.com\/en\/#\/schema\/logo\/image\/\",\"url\":\"https:\/\/rfiddepo.com\/wp-content\/uploads\/2025\/09\/rfiddepo-logo.png\",\"contentUrl\":\"https:\/\/rfiddepo.com\/wp-content\/uploads\/2025\/09\/rfiddepo-logo.png\",\"width\":500,\"height\":106,\"caption\":\"%%sitename%%\"},\"image\":{\"@id\":\"https:\/\/rfiddepo.com\/en\/#\/schema\/logo\/image\/\"}}]}<\/script>\n<!-- \/ Yoast SEO plugin. -->","yoast_head_json":{"title":"60x24mm UHF RFID On Metal Tag - RFID Depo","description":"60x24mm UHF RFID On Metal Tag, tekstil, otomotiv, lojistik, kuyumculuk ve depo otomasyonu uygulamalarinda metal y\u00fczeylerde y\u00fcksek performansli \u00fcr\u00fcn takibi saglar. rfiddepo.com\u2019da!","robots":{"index":"index","follow":"follow","max-snippet":"max-snippet:-1","max-image-preview":"max-image-preview:large","max-video-preview":"max-video-preview:-1"},"canonical":"https:\/\/rfiddepo.com\/en\/urunlerimiz\/60x24mm-uhf-rfid-on-metal-tag\/","og_locale":"en_US","og_type":"article","og_title":"60x24mm UHF RFID On Metal Tag - RFID Depo","og_description":"60x24mm UHF RFID On Metal Tag, tekstil, otomotiv, lojistik, kuyumculuk ve depo otomasyonu uygulamalarinda metal y\u00fczeylerde y\u00fcksek performansli \u00fcr\u00fcn takibi saglar. rfiddepo.com\u2019da!","og_url":"https:\/\/rfiddepo.com\/en\/urunlerimiz\/60x24mm-uhf-rfid-on-metal-tag\/","og_site_name":"RFID Depo","article_modified_time":"2025-12-15T08:58:52+00:00","og_image":[{"width":700,"height":660,"url":"https:\/\/rfiddepo.com\/wp-content\/uploads\/2025\/09\/rfiddepo-60x25-metal-ustu-rfid-tag-1.jpg","type":"image\/jpeg"}],"twitter_card":"summary_large_image","twitter_misc":{"Est. reading time":"2 minutes"},"schema":{"@context":"https:\/\/schema.org","@graph":[{"@type":"WebPage","@id":"https:\/\/rfiddepo.com\/en\/urunlerimiz\/60x24mm-uhf-rfid-on-metal-tag\/","url":"https:\/\/rfiddepo.com\/en\/urunlerimiz\/60x24mm-uhf-rfid-on-metal-tag\/","name":"60x24mm UHF RFID On Metal Tag - RFID Depo","isPartOf":{"@id":"https:\/\/rfiddepo.com\/en\/#website"},"primaryImageOfPage":{"@id":"https:\/\/rfiddepo.com\/en\/urunlerimiz\/60x24mm-uhf-rfid-on-metal-tag\/#primaryimage"},"image":{"@id":"https:\/\/rfiddepo.com\/en\/urunlerimiz\/60x24mm-uhf-rfid-on-metal-tag\/#primaryimage"},"thumbnailUrl":"https:\/\/rfiddepo.com\/wp-content\/uploads\/2025\/09\/rfiddepo-60x25-metal-ustu-rfid-tag-1.jpg","datePublished":"2024-03-14T10:54:14+00:00","dateModified":"2025-12-15T08:58:52+00:00","description":"60x24mm UHF RFID On Metal Tag, tekstil, otomotiv, lojistik, kuyumculuk ve depo otomasyonu uygulamalarinda metal y\u00fczeylerde y\u00fcksek performansli \u00fcr\u00fcn takibi saglar. rfiddepo.com\u2019da!","breadcrumb":{"@id":"https:\/\/rfiddepo.com\/en\/urunlerimiz\/60x24mm-uhf-rfid-on-metal-tag\/#breadcrumb"},"inLanguage":"en-US","potentialAction":[{"@type":"ReadAction","target":["https:\/\/rfiddepo.com\/en\/urunlerimiz\/60x24mm-uhf-rfid-on-metal-tag\/"]}]},{"@type":"ImageObject","inLanguage":"en-US","@id":"https:\/\/rfiddepo.com\/en\/urunlerimiz\/60x24mm-uhf-rfid-on-metal-tag\/#primaryimage","url":"https:\/\/rfiddepo.com\/wp-content\/uploads\/2025\/09\/rfiddepo-60x25-metal-ustu-rfid-tag-1.jpg","contentUrl":"https:\/\/rfiddepo.com\/wp-content\/uploads\/2025\/09\/rfiddepo-60x25-metal-ustu-rfid-tag-1.jpg","width":700,"height":660},{"@type":"BreadcrumbList","@id":"https:\/\/rfiddepo.com\/en\/urunlerimiz\/60x24mm-uhf-rfid-on-metal-tag\/#breadcrumb","itemListElement":[{"@type":"ListItem","position":1,"name":"Anasayfa","item":"https:\/\/rfiddepo.com\/en\/"},{"@type":"ListItem","position":2,"name":"Urunler","item":"https:\/\/rfiddepo.com\/urunler\/"},{"@type":"ListItem","position":3,"name":"60x24mm UHF RFID On Metal Tag"}]},{"@type":"WebSite","@id":"https:\/\/rfiddepo.com\/en\/#website","url":"https:\/\/rfiddepo.com\/en\/","name":"RFID Depo","description":"","publisher":{"@id":"https:\/\/rfiddepo.com\/en\/#organization"},"potentialAction":[{"@type":"SearchAction","target":{"@type":"EntryPoint","urlTemplate":"https:\/\/rfiddepo.com\/en\/?s={search_term_string}"},"query-input":{"@type":"PropertyValueSpecification","valueRequired":true,"valueName":"search_term_string"}}],"inLanguage":"en-US"},{"@type":"Organization","@id":"https:\/\/rfiddepo.com\/en\/#organization","name":"%%sitename%%","url":"https:\/\/rfiddepo.com\/en\/","logo":{"@type":"ImageObject","inLanguage":"en-US","@id":"https:\/\/rfiddepo.com\/en\/#\/schema\/logo\/image\/","url":"https:\/\/rfiddepo.com\/wp-content\/uploads\/2025\/09\/rfiddepo-logo.png","contentUrl":"https:\/\/rfiddepo.com\/wp-content\/uploads\/2025\/09\/rfiddepo-logo.png","width":500,"height":106,"caption":"%%sitename%%"},"image":{"@id":"https:\/\/rfiddepo.com\/en\/#\/schema\/logo\/image\/"}}]}},"_links":{"self":[{"href":"https:\/\/rfiddepo.com\/en\/wp-json\/wp\/v2\/product\/11398","targetHints":{"allow":["GET"]}}],"collection":[{"href":"https:\/\/rfiddepo.com\/en\/wp-json\/wp\/v2\/product"}],"about":[{"href":"https:\/\/rfiddepo.com\/en\/wp-json\/wp\/v2\/types\/product"}],"replies":[{"embeddable":true,"href":"https:\/\/rfiddepo.com\/en\/wp-json\/wp\/v2\/comments?post=11398"}],"wp:featuredmedia":[{"embeddable":true,"href":"https:\/\/rfiddepo.com\/en\/wp-json\/wp\/v2\/media\/147608"}],"wp:attachment":[{"href":"https:\/\/rfiddepo.com\/en\/wp-json\/wp\/v2\/media?parent=11398"}],"wp:term":[{"taxonomy":"product_brand","embeddable":true,"href":"https:\/\/rfiddepo.com\/en\/wp-json\/wp\/v2\/product_brand?post=11398"},{"taxonomy":"product_cat","embeddable":true,"href":"https:\/\/rfiddepo.com\/en\/wp-json\/wp\/v2\/product_cat?post=11398"},{"taxonomy":"product_tag","embeddable":true,"href":"https:\/\/rfiddepo.com\/en\/wp-json\/wp\/v2\/product_tag?post=11398"}],"curies":[{"name":"wp","href":"https:\/\/api.w.org\/{rel}","templated":true}]}}