{"id":11350,"date":"2024-03-13T14:11:45","date_gmt":"2024-03-13T14:11:45","guid":{"rendered":"http:\/\/www.test.rfiddepo.com\/?post_type=product&#038;p=11350"},"modified":"2025-10-15T07:15:04","modified_gmt":"2025-10-15T07:15:04","slug":"30x60mm-uhf-rfid-tekstil-tag","status":"publish","type":"product","link":"https:\/\/rfiddepo.com\/en\/urunlerimiz\/30x60mm-uhf-rfid-tekstil-tag\/","title":{"rendered":"30x60mm UHF RFID Textile Tag"},"content":{"rendered":"<p>&nbsp;<\/p>\n<table class=\"blueTable\">\n<thead>\n<tr>\n<td><strong>Product Name<\/strong><\/td>\n<td>30x60mm UHF RFID Textile Tag<\/td>\n<\/tr>\n<\/thead>\n<tbody>\n<tr>\n<td><strong>Operating Frequency<\/strong><\/td>\n<td>860\u2013960 MHz (UHF)<\/td>\n<\/tr>\n<tr>\n<td><strong>Dimensions<\/strong><\/td>\n<td>30mm x 60mm<\/td>\n<\/tr>\n<tr>\n<td><strong>RFID Chip<\/strong><\/td>\n<td>Impinj Monza R6 or equivalent<\/td>\n<\/tr>\n<tr>\n<td><strong>Material<\/strong><\/td>\n<td>Durable textile-compatible material<\/td>\n<\/tr>\n<tr>\n<td><strong>Reading Distance<\/strong><\/td>\n<td>4\u20138 meters (depending on reader power)<\/td>\n<\/tr>\n<tr>\n<td><strong>Application<\/strong><\/td>\n<td>Product labeling, washing, and inventory tracking<\/td>\n<\/tr>\n<tr>\n<td><strong>Areas of Use<\/strong><\/td>\n<td>Textile product tracking and management<br \/>\nProduction line control<br \/>\nWashing and maintenance tracking<br \/>\nWarehouse and store inventory management<\/td>\n<\/tr>\n<tr>\n<td><strong>Brand<\/strong><\/td>\n<td><a href=\"\/marka\/rfiddepo\/\"><img decoding=\"async\" src=\"https:\/\/rfiddepo.com\/wp-content\/uploads\/2024\/01\/cropped-PNG-Copy.png\" \/><\/a><\/td>\n<\/tr>\n<\/tbody>\n<\/table>\n<h2 style=\"font-size: 25px;\">Technical Specifications:<\/h2>\n<ul>\n<li><strong>Dimension:<\/strong> 30mm x 60mm<\/li>\n<li><strong>Frequency:<\/strong> 860\u2013960 MHz (UHF)<\/li>\n<li><strong>RFID Chip:<\/strong> Impinj Monza R6 or equivalent<\/li>\n<li><strong>Material:<\/strong> Durable textile-compatible material<\/li>\n<li><strong>Reading Distance:<\/strong> 4\u20138 meters (depending on reader power)<\/li>\n<li><strong>Application:<\/strong> Product labeling, washing, and inventory tracking<\/li>\n<\/ul>\n<h2 style=\"font-size: 25px;\">Areas of Use:<\/h2>\n<ul>\n<li>Textile product tracking and management<\/li>\n<li>Production line control<\/li>\n<li>Washing and maintenance tracking<\/li>\n<li>Warehouse and store inventory management<\/li>\n<\/ul>\n<p><strong>rfiddepo.com<\/strong> offered with its quality <strong>30x60mm UHF RFID Textile Tag<\/strong>, speeds up your textile operations and ensures reliability. Contact us for orders and technical support.<\/p>","protected":false},"excerpt":{"rendered":"<p><strong>30x60mm UHF RFID Textile Tag<\/strong>, is a high-performance RFID tag developed specifically for the textile industry. It offers an ideal solution for product tracking, washing tracking, and inventory management. Its durable construction allows for easy integration into textile products.<\/p>\n<div class=\"datasheet\"><a href=\"\/wp-content\/uploads\/2025\/10\/30x60mm-UHF-RFID-Tekstil-Tag.pdf\" target=\"_blank\" class=\"datasheet-btn\" rel=\"noopener\"><br \/>\n\ud83d\udcc4 Datasheet<br \/>\n<\/a><\/div>","protected":false},"featured_media":147971,"comment_status":"closed","ping_status":"closed","template":"","meta":{"_monsterinsights_skip_tracking":false,"_monsterinsights_sitenote_active":false,"_monsterinsights_sitenote_note":"","_monsterinsights_sitenote_category":0},"product_brand":[129],"product_cat":[37,68,28],"product_tag":[78,79,80,81,82,92,93,94,85,86],"class_list":{"0":"post-11350","1":"product","2":"type-product","3":"status-publish","4":"has-post-thumbnail","6":"product_brand-rfiddepo","7":"product_cat-rfid-etiketler","8":"product_cat-tekstil-rfid-etiketleri","9":"product_cat-uhf-rfid-etiketler","10":"product_tag-etiket-uretimi","11":"product_tag-miniweb","12":"product_tag-rfid-etiket","13":"product_tag-rfid-etiket-fiyati","14":"product_tag-rfid-etiket-tedarikcisi","15":"product_tag-smartrac-web-rfid-etiket","16":"product_tag-tekstil-etiketi","17":"product_tag-tekstil-rfid-etiketi","18":"product_tag-uhf-etiket","19":"product_tag-uhf-rfid-etiket","21":"first","22":"instock","23":"shipping-taxable","24":"purchasable","25":"product-type-simple"},"yoast_head":"<!-- This site is optimized with the Yoast SEO plugin v26.6 - https:\/\/yoast.com\/wordpress\/plugins\/seo\/ -->\n<title>30x60mm UHF RFID Tekstil Tag - RFID Depo<\/title>\n<meta name=\"description\" content=\"30x60mm UHF RFID Tekstil Tag, tekstil sekt\u00f6r\u00fcnde \u00fcr\u00fcn takibi ve envanter y\u00f6netimi i\u00e7in \u00f6zel olarak tasarlanmis dayanikli ve g\u00fcvenilir RFID etiketidir. rfiddepo.com\u2019da uygun fiyatlarla!\" \/>\n<meta name=\"robots\" content=\"index, follow, max-snippet:-1, max-image-preview:large, max-video-preview:-1\" \/>\n<link rel=\"canonical\" href=\"https:\/\/rfiddepo.com\/en\/urunlerimiz\/30x60mm-uhf-rfid-tekstil-tag\/\" \/>\n<meta property=\"og:locale\" content=\"en_US\" \/>\n<meta property=\"og:type\" content=\"article\" \/>\n<meta property=\"og:title\" content=\"30x60mm UHF RFID Tekstil Tag - RFID Depo\" \/>\n<meta property=\"og:description\" content=\"30x60mm UHF RFID Tekstil Tag, tekstil sekt\u00f6r\u00fcnde \u00fcr\u00fcn takibi ve envanter y\u00f6netimi i\u00e7in \u00f6zel olarak tasarlanmis dayanikli ve g\u00fcvenilir RFID etiketidir. rfiddepo.com\u2019da uygun fiyatlarla!\" \/>\n<meta property=\"og:url\" content=\"https:\/\/rfiddepo.com\/en\/urunlerimiz\/30x60mm-uhf-rfid-tekstil-tag\/\" \/>\n<meta property=\"og:site_name\" content=\"RFID Depo\" \/>\n<meta property=\"article:modified_time\" content=\"2025-10-15T07:15:04+00:00\" \/>\n<meta property=\"og:image\" content=\"https:\/\/rfiddepo.com\/wp-content\/uploads\/2025\/09\/55-5334-scaled-1.jpg\" \/>\n\t<meta property=\"og:image:width\" content=\"2560\" \/>\n\t<meta property=\"og:image:height\" content=\"2560\" \/>\n\t<meta property=\"og:image:type\" content=\"image\/jpeg\" \/>\n<meta name=\"twitter:card\" content=\"summary_large_image\" \/>\n<meta name=\"twitter:label1\" content=\"Est. reading time\" \/>\n\t<meta name=\"twitter:data1\" content=\"1 minute\" \/>\n<script type=\"application\/ld+json\" class=\"yoast-schema-graph\">{\"@context\":\"https:\/\/schema.org\",\"@graph\":[{\"@type\":\"WebPage\",\"@id\":\"https:\/\/rfiddepo.com\/en\/urunlerimiz\/30x60mm-uhf-rfid-tekstil-tag\/\",\"url\":\"https:\/\/rfiddepo.com\/en\/urunlerimiz\/30x60mm-uhf-rfid-tekstil-tag\/\",\"name\":\"30x60mm UHF RFID Tekstil Tag - RFID Depo\",\"isPartOf\":{\"@id\":\"https:\/\/rfiddepo.com\/en\/#website\"},\"primaryImageOfPage\":{\"@id\":\"https:\/\/rfiddepo.com\/en\/urunlerimiz\/30x60mm-uhf-rfid-tekstil-tag\/#primaryimage\"},\"image\":{\"@id\":\"https:\/\/rfiddepo.com\/en\/urunlerimiz\/30x60mm-uhf-rfid-tekstil-tag\/#primaryimage\"},\"thumbnailUrl\":\"https:\/\/rfiddepo.com\/wp-content\/uploads\/2025\/09\/55-5334-scaled-1.jpg\",\"datePublished\":\"2024-03-13T14:11:45+00:00\",\"dateModified\":\"2025-10-15T07:15:04+00:00\",\"description\":\"30x60mm UHF RFID Tekstil Tag, tekstil sekt\u00f6r\u00fcnde \u00fcr\u00fcn takibi ve envanter y\u00f6netimi i\u00e7in \u00f6zel olarak tasarlanmis dayanikli ve g\u00fcvenilir RFID etiketidir. rfiddepo.com\u2019da uygun fiyatlarla!\",\"breadcrumb\":{\"@id\":\"https:\/\/rfiddepo.com\/en\/urunlerimiz\/30x60mm-uhf-rfid-tekstil-tag\/#breadcrumb\"},\"inLanguage\":\"en-US\",\"potentialAction\":[{\"@type\":\"ReadAction\",\"target\":[\"https:\/\/rfiddepo.com\/en\/urunlerimiz\/30x60mm-uhf-rfid-tekstil-tag\/\"]}]},{\"@type\":\"ImageObject\",\"inLanguage\":\"en-US\",\"@id\":\"https:\/\/rfiddepo.com\/en\/urunlerimiz\/30x60mm-uhf-rfid-tekstil-tag\/#primaryimage\",\"url\":\"https:\/\/rfiddepo.com\/wp-content\/uploads\/2025\/09\/55-5334-scaled-1.jpg\",\"contentUrl\":\"https:\/\/rfiddepo.com\/wp-content\/uploads\/2025\/09\/55-5334-scaled-1.jpg\",\"width\":2560,\"height\":2560},{\"@type\":\"BreadcrumbList\",\"@id\":\"https:\/\/rfiddepo.com\/en\/urunlerimiz\/30x60mm-uhf-rfid-tekstil-tag\/#breadcrumb\",\"itemListElement\":[{\"@type\":\"ListItem\",\"position\":1,\"name\":\"Anasayfa\",\"item\":\"https:\/\/rfiddepo.com\/en\/\"},{\"@type\":\"ListItem\",\"position\":2,\"name\":\"Urunler\",\"item\":\"https:\/\/rfiddepo.com\/urunler\/\"},{\"@type\":\"ListItem\",\"position\":3,\"name\":\"30x60mm UHF RFID Tekstil Tag\"}]},{\"@type\":\"WebSite\",\"@id\":\"https:\/\/rfiddepo.com\/en\/#website\",\"url\":\"https:\/\/rfiddepo.com\/en\/\",\"name\":\"RFID Depo\",\"description\":\"\",\"publisher\":{\"@id\":\"https:\/\/rfiddepo.com\/en\/#organization\"},\"potentialAction\":[{\"@type\":\"SearchAction\",\"target\":{\"@type\":\"EntryPoint\",\"urlTemplate\":\"https:\/\/rfiddepo.com\/en\/?s={search_term_string}\"},\"query-input\":{\"@type\":\"PropertyValueSpecification\",\"valueRequired\":true,\"valueName\":\"search_term_string\"}}],\"inLanguage\":\"en-US\"},{\"@type\":\"Organization\",\"@id\":\"https:\/\/rfiddepo.com\/en\/#organization\",\"name\":\"%%sitename%%\",\"url\":\"https:\/\/rfiddepo.com\/en\/\",\"logo\":{\"@type\":\"ImageObject\",\"inLanguage\":\"en-US\",\"@id\":\"https:\/\/rfiddepo.com\/en\/#\/schema\/logo\/image\/\",\"url\":\"https:\/\/rfiddepo.com\/wp-content\/uploads\/2025\/09\/rfiddepo-logo.png\",\"contentUrl\":\"https:\/\/rfiddepo.com\/wp-content\/uploads\/2025\/09\/rfiddepo-logo.png\",\"width\":500,\"height\":106,\"caption\":\"%%sitename%%\"},\"image\":{\"@id\":\"https:\/\/rfiddepo.com\/en\/#\/schema\/logo\/image\/\"}}]}<\/script>\n<!-- \/ Yoast SEO plugin. -->","yoast_head_json":{"title":"30x60mm UHF RFID Tekstil Tag - RFID Depo","description":"30x60mm UHF RFID Tekstil Tag, tekstil sekt\u00f6r\u00fcnde \u00fcr\u00fcn takibi ve envanter y\u00f6netimi i\u00e7in \u00f6zel olarak tasarlanmis dayanikli ve g\u00fcvenilir RFID etiketidir. rfiddepo.com\u2019da uygun fiyatlarla!","robots":{"index":"index","follow":"follow","max-snippet":"max-snippet:-1","max-image-preview":"max-image-preview:large","max-video-preview":"max-video-preview:-1"},"canonical":"https:\/\/rfiddepo.com\/en\/urunlerimiz\/30x60mm-uhf-rfid-tekstil-tag\/","og_locale":"en_US","og_type":"article","og_title":"30x60mm UHF RFID Tekstil Tag - RFID Depo","og_description":"30x60mm UHF RFID Tekstil Tag, tekstil sekt\u00f6r\u00fcnde \u00fcr\u00fcn takibi ve envanter y\u00f6netimi i\u00e7in \u00f6zel olarak tasarlanmis dayanikli ve g\u00fcvenilir RFID etiketidir. rfiddepo.com\u2019da uygun fiyatlarla!","og_url":"https:\/\/rfiddepo.com\/en\/urunlerimiz\/30x60mm-uhf-rfid-tekstil-tag\/","og_site_name":"RFID Depo","article_modified_time":"2025-10-15T07:15:04+00:00","og_image":[{"width":2560,"height":2560,"url":"https:\/\/rfiddepo.com\/wp-content\/uploads\/2025\/09\/55-5334-scaled-1.jpg","type":"image\/jpeg"}],"twitter_card":"summary_large_image","twitter_misc":{"Est. reading time":"1 minute"},"schema":{"@context":"https:\/\/schema.org","@graph":[{"@type":"WebPage","@id":"https:\/\/rfiddepo.com\/en\/urunlerimiz\/30x60mm-uhf-rfid-tekstil-tag\/","url":"https:\/\/rfiddepo.com\/en\/urunlerimiz\/30x60mm-uhf-rfid-tekstil-tag\/","name":"30x60mm UHF RFID Tekstil Tag - RFID Depo","isPartOf":{"@id":"https:\/\/rfiddepo.com\/en\/#website"},"primaryImageOfPage":{"@id":"https:\/\/rfiddepo.com\/en\/urunlerimiz\/30x60mm-uhf-rfid-tekstil-tag\/#primaryimage"},"image":{"@id":"https:\/\/rfiddepo.com\/en\/urunlerimiz\/30x60mm-uhf-rfid-tekstil-tag\/#primaryimage"},"thumbnailUrl":"https:\/\/rfiddepo.com\/wp-content\/uploads\/2025\/09\/55-5334-scaled-1.jpg","datePublished":"2024-03-13T14:11:45+00:00","dateModified":"2025-10-15T07:15:04+00:00","description":"30x60mm UHF RFID Tekstil Tag, tekstil sekt\u00f6r\u00fcnde \u00fcr\u00fcn takibi ve envanter y\u00f6netimi i\u00e7in \u00f6zel olarak tasarlanmis dayanikli ve g\u00fcvenilir RFID etiketidir. rfiddepo.com\u2019da uygun fiyatlarla!","breadcrumb":{"@id":"https:\/\/rfiddepo.com\/en\/urunlerimiz\/30x60mm-uhf-rfid-tekstil-tag\/#breadcrumb"},"inLanguage":"en-US","potentialAction":[{"@type":"ReadAction","target":["https:\/\/rfiddepo.com\/en\/urunlerimiz\/30x60mm-uhf-rfid-tekstil-tag\/"]}]},{"@type":"ImageObject","inLanguage":"en-US","@id":"https:\/\/rfiddepo.com\/en\/urunlerimiz\/30x60mm-uhf-rfid-tekstil-tag\/#primaryimage","url":"https:\/\/rfiddepo.com\/wp-content\/uploads\/2025\/09\/55-5334-scaled-1.jpg","contentUrl":"https:\/\/rfiddepo.com\/wp-content\/uploads\/2025\/09\/55-5334-scaled-1.jpg","width":2560,"height":2560},{"@type":"BreadcrumbList","@id":"https:\/\/rfiddepo.com\/en\/urunlerimiz\/30x60mm-uhf-rfid-tekstil-tag\/#breadcrumb","itemListElement":[{"@type":"ListItem","position":1,"name":"Anasayfa","item":"https:\/\/rfiddepo.com\/en\/"},{"@type":"ListItem","position":2,"name":"Urunler","item":"https:\/\/rfiddepo.com\/urunler\/"},{"@type":"ListItem","position":3,"name":"30x60mm UHF RFID Tekstil Tag"}]},{"@type":"WebSite","@id":"https:\/\/rfiddepo.com\/en\/#website","url":"https:\/\/rfiddepo.com\/en\/","name":"RFID Depo","description":"","publisher":{"@id":"https:\/\/rfiddepo.com\/en\/#organization"},"potentialAction":[{"@type":"SearchAction","target":{"@type":"EntryPoint","urlTemplate":"https:\/\/rfiddepo.com\/en\/?s={search_term_string}"},"query-input":{"@type":"PropertyValueSpecification","valueRequired":true,"valueName":"search_term_string"}}],"inLanguage":"en-US"},{"@type":"Organization","@id":"https:\/\/rfiddepo.com\/en\/#organization","name":"%%sitename%%","url":"https:\/\/rfiddepo.com\/en\/","logo":{"@type":"ImageObject","inLanguage":"en-US","@id":"https:\/\/rfiddepo.com\/en\/#\/schema\/logo\/image\/","url":"https:\/\/rfiddepo.com\/wp-content\/uploads\/2025\/09\/rfiddepo-logo.png","contentUrl":"https:\/\/rfiddepo.com\/wp-content\/uploads\/2025\/09\/rfiddepo-logo.png","width":500,"height":106,"caption":"%%sitename%%"},"image":{"@id":"https:\/\/rfiddepo.com\/en\/#\/schema\/logo\/image\/"}}]}},"_links":{"self":[{"href":"https:\/\/rfiddepo.com\/en\/wp-json\/wp\/v2\/product\/11350","targetHints":{"allow":["GET"]}}],"collection":[{"href":"https:\/\/rfiddepo.com\/en\/wp-json\/wp\/v2\/product"}],"about":[{"href":"https:\/\/rfiddepo.com\/en\/wp-json\/wp\/v2\/types\/product"}],"replies":[{"embeddable":true,"href":"https:\/\/rfiddepo.com\/en\/wp-json\/wp\/v2\/comments?post=11350"}],"wp:featuredmedia":[{"embeddable":true,"href":"https:\/\/rfiddepo.com\/en\/wp-json\/wp\/v2\/media\/147971"}],"wp:attachment":[{"href":"https:\/\/rfiddepo.com\/en\/wp-json\/wp\/v2\/media?parent=11350"}],"wp:term":[{"taxonomy":"product_brand","embeddable":true,"href":"https:\/\/rfiddepo.com\/en\/wp-json\/wp\/v2\/product_brand?post=11350"},{"taxonomy":"product_cat","embeddable":true,"href":"https:\/\/rfiddepo.com\/en\/wp-json\/wp\/v2\/product_cat?post=11350"},{"taxonomy":"product_tag","embeddable":true,"href":"https:\/\/rfiddepo.com\/en\/wp-json\/wp\/v2\/product_tag?post=11350"}],"curies":[{"name":"wp","href":"https:\/\/api.w.org\/{rel}","templated":true}]}}