{"id":10871,"date":"2023-04-11T15:46:49","date_gmt":"2023-04-11T15:46:49","guid":{"rendered":"http:\/\/www.test.rfiddepo.com\/?post_type=product&#038;p=10871"},"modified":"2026-04-15T12:34:48","modified_gmt":"2026-04-15T12:34:48","slug":"zebra-zd621-rfid-yazici-ve-kodlayici","status":"publish","type":"product","link":"https:\/\/rfiddepo.com\/en\/urunlerimiz\/zebra-zd621-rfid-yazici-ve-kodlayici\/","title":{"rendered":"Zebra ZD621R RFID Yaz\u0131c\u0131 ve Kodlay\u0131c\u0131"},"content":{"rendered":"<table class=\"blueTable\">\n<tbody>\n<tr>\n<td><strong>Product Name<\/strong><\/td>\n<td>ZEBRA ZD621R RFID Printer<\/td>\n<\/tr>\n<tr>\n<td><strong>Protocol<\/strong><\/td>\n<td>GS1\/EPCglobal UHF Class 1 Gen 2 (ISO 18000-6C)<\/td>\n<\/tr>\n<tr>\n<td><strong>Resolution<\/strong><\/td>\n<td>\u00a0203,300 dpi<\/td>\n<\/tr>\n<tr>\n<td><strong>Print Width<\/strong><\/td>\n<td>\u00a0101.6 mm<\/td>\n<\/tr>\n<tr>\n<td><strong>Print Speed<\/strong><\/td>\n<td>\n<div class=\"spec-content\">\n<p>152 mm per second(203 dpi)<\/p>\n<p>102 mm per second(300 dpi)<\/p>\n<\/div>\n<\/td>\n<\/tr>\n<tr>\n<td><strong>Em\u00fclasyon<\/strong><\/td>\n<td>ZPL<\/td>\n<\/tr>\n<tr>\n<td><strong>Dimensions (H x W x D)<\/strong><\/td>\n<td>193 x 191 x 254 mm<\/td>\n<\/tr>\n<tr>\n<td><strong>Weight<\/strong><\/td>\n<td>\u00a02.2 kg<\/td>\n<\/tr>\n<tr>\n<td><strong>Veri Aray\u00fcz\u00fc<\/strong><\/td>\n<td>USB, Serial, Parallel, Ethernet, WiFi<\/td>\n<\/tr>\n<tr>\n<td><strong>Power Source<\/strong><\/td>\n<td>100-240 VAV, 50-60 Hz,<\/td>\n<\/tr>\n<tr>\n<td><strong>Operating Temperature<\/strong><\/td>\n<td>4 ile\u00a0 + 41 \u00b0 C<\/td>\n<\/tr>\n<tr>\n<td><strong>Brand<br \/>\n<\/strong><\/td>\n<td><a href=\"\/marka\/zebra\/\"><img decoding=\"async\" src=\"https:\/\/rfiddepoweb.workindigi.com\/wp-content\/uploads\/2024\/01\/zebra-e1549754053350-1.webp\" \/><\/a><\/td>\n<\/tr>\n<\/tbody>\n<\/table>\n<h2 style=\"font-size: 25px;\">Zebra ZD621 RFID Printer and Encoder<\/h2>\n<p>The Zebra ZD621 RFID Printer and Encoder combines UHF RFID technology with proven durability. The ZD621R Series is optimized to ensure the efficient continuity of your critical operations. It offers precise and efficient label printing and encoding for today's product-based tracking applications.<\/p>\n<p>The ZD621R Series, which is particularly suitable for use in non-industrial environments, especially in applications such as the jewelry sector, is an effective solution in areas such as RFID Asset Tracking Systems and RFID Jewelry Solutions.<\/p>\n<h3 style=\"font-size: 25px;\">Key Features<\/h3>\n<ul>\n<li>High durability with UHF RFID technology<\/li>\n<li>Precision label printing and coding<\/li>\n<li>Ideal for the jewelry industry and non-industrial applications<\/li>\n<li>Compatible with RFID Fixed Asset Tracking System and RFID Jewelry Solution<\/li>\n<\/ul>","protected":false},"excerpt":{"rendered":"<p>The ZD621R Series RFID printers\/encoders combine proven durability with UHF RFID capabilities to ensure the efficient continuity of your critical operations. Optimized for precise and efficient label printing and encoding for today's product-based tracking applications, the ZD621R Series RFID is typically used in non-industrial environments such as the jewelry industry.<\/p>\n<div class=\"datasheet\"><a href=\"\/wp-content\/uploads\/2025\/10\/zd621-zd611-rfid-spec-sheet-en-us.pdf\" target=\"_blank\" class=\"datasheet-btn\" rel=\"noopener\"><br \/>\n\ud83d\udcc4 Datasheet<br \/>\n<\/a><\/div>","protected":false},"featured_media":147988,"comment_status":"closed","ping_status":"closed","template":"","meta":{"_monsterinsights_skip_tracking":false,"_monsterinsights_sitenote_active":false,"_monsterinsights_sitenote_note":"","_monsterinsights_sitenote_category":0},"product_brand":[250],"product_cat":[77],"product_tag":[251,252,253,254,213,433],"class_list":{"0":"post-10871","1":"product","2":"type-product","3":"status-publish","4":"has-post-thumbnail","6":"product_brand-zebra","7":"product_cat-rfid-yazici-ve-kodlayicilar","8":"product_tag-rfid-kodlayici","9":"product_tag-rfid-yazici","10":"product_tag-rfid-yazici-ve-kodlayici","11":"product_tag-rfid-zebra-yazici","12":"product_tag-zebra-rfid-printer","13":"product_tag-zebra-zd621","15":"first","16":"instock","17":"shipping-taxable","18":"purchasable","19":"product-type-simple"},"yoast_head":"<!-- This site is optimized with the Yoast SEO plugin v26.6 - https:\/\/yoast.com\/wordpress\/plugins\/seo\/ -->\n<title>Zebra ZD621R RFID Yaz\u0131c\u0131 ve Kodlay\u0131c\u0131 - RFID Depo<\/title>\n<meta name=\"description\" content=\"Zebra ZD621 RFID Yazici ve Kodlayici, UHF RFID \u00f6zellikleri ile dayanikliligi birlestirir. Etiket basimi ve kodlama i\u00e7in hassasiyet sunar, \u00f6zellikle kuyumculuk sekt\u00f6r\u00fcnde kullanilir.\" \/>\n<meta name=\"robots\" content=\"index, follow, max-snippet:-1, max-image-preview:large, max-video-preview:-1\" \/>\n<link rel=\"canonical\" href=\"https:\/\/rfiddepo.com\/en\/urunlerimiz\/zebra-zd621-rfid-yazici-ve-kodlayici\/\" \/>\n<meta property=\"og:locale\" content=\"en_US\" \/>\n<meta property=\"og:type\" content=\"article\" \/>\n<meta property=\"og:title\" content=\"Zebra ZD621R RFID Yaz\u0131c\u0131 ve Kodlay\u0131c\u0131 - RFID Depo\" \/>\n<meta property=\"og:description\" content=\"Zebra ZD621 RFID Yazici ve Kodlayici, UHF RFID \u00f6zellikleri ile dayanikliligi birlestirir. Etiket basimi ve kodlama i\u00e7in hassasiyet sunar, \u00f6zellikle kuyumculuk sekt\u00f6r\u00fcnde kullanilir.\" \/>\n<meta property=\"og:url\" content=\"https:\/\/rfiddepo.com\/en\/urunlerimiz\/zebra-zd621-rfid-yazici-ve-kodlayici\/\" \/>\n<meta property=\"og:site_name\" content=\"RFID Depo\" \/>\n<meta property=\"article:modified_time\" content=\"2026-04-15T12:34:48+00:00\" \/>\n<meta property=\"og:image\" content=\"https:\/\/rfiddepo.com\/wp-content\/uploads\/2025\/09\/zebra-zd621-RFID-printer-1.jpg\" \/>\n\t<meta property=\"og:image:width\" content=\"1280\" \/>\n\t<meta property=\"og:image:height\" content=\"1280\" \/>\n\t<meta property=\"og:image:type\" content=\"image\/jpeg\" \/>\n<meta name=\"twitter:card\" content=\"summary_large_image\" \/>\n<meta name=\"twitter:label1\" content=\"Est. reading time\" \/>\n\t<meta name=\"twitter:data1\" content=\"2 minutes\" \/>\n<script type=\"application\/ld+json\" class=\"yoast-schema-graph\">{\"@context\":\"https:\/\/schema.org\",\"@graph\":[{\"@type\":\"WebPage\",\"@id\":\"https:\/\/rfiddepo.com\/en\/urunlerimiz\/zebra-zd621-rfid-yazici-ve-kodlayici\/\",\"url\":\"https:\/\/rfiddepo.com\/en\/urunlerimiz\/zebra-zd621-rfid-yazici-ve-kodlayici\/\",\"name\":\"Zebra ZD621R RFID Yaz\u0131c\u0131 ve Kodlay\u0131c\u0131 - RFID Depo\",\"isPartOf\":{\"@id\":\"https:\/\/rfiddepo.com\/en\/#website\"},\"primaryImageOfPage\":{\"@id\":\"https:\/\/rfiddepo.com\/en\/urunlerimiz\/zebra-zd621-rfid-yazici-ve-kodlayici\/#primaryimage\"},\"image\":{\"@id\":\"https:\/\/rfiddepo.com\/en\/urunlerimiz\/zebra-zd621-rfid-yazici-ve-kodlayici\/#primaryimage\"},\"thumbnailUrl\":\"https:\/\/rfiddepo.com\/wp-content\/uploads\/2025\/09\/zebra-zd621-RFID-printer-1.jpg\",\"datePublished\":\"2023-04-11T15:46:49+00:00\",\"dateModified\":\"2026-04-15T12:34:48+00:00\",\"description\":\"Zebra ZD621 RFID Yazici ve Kodlayici, UHF RFID \u00f6zellikleri ile dayanikliligi birlestirir. Etiket basimi ve kodlama i\u00e7in hassasiyet sunar, \u00f6zellikle kuyumculuk sekt\u00f6r\u00fcnde kullanilir.\",\"breadcrumb\":{\"@id\":\"https:\/\/rfiddepo.com\/en\/urunlerimiz\/zebra-zd621-rfid-yazici-ve-kodlayici\/#breadcrumb\"},\"inLanguage\":\"en-US\",\"potentialAction\":[{\"@type\":\"ReadAction\",\"target\":[\"https:\/\/rfiddepo.com\/en\/urunlerimiz\/zebra-zd621-rfid-yazici-ve-kodlayici\/\"]}]},{\"@type\":\"ImageObject\",\"inLanguage\":\"en-US\",\"@id\":\"https:\/\/rfiddepo.com\/en\/urunlerimiz\/zebra-zd621-rfid-yazici-ve-kodlayici\/#primaryimage\",\"url\":\"https:\/\/rfiddepo.com\/wp-content\/uploads\/2025\/09\/zebra-zd621-RFID-printer-1.jpg\",\"contentUrl\":\"https:\/\/rfiddepo.com\/wp-content\/uploads\/2025\/09\/zebra-zd621-RFID-printer-1.jpg\",\"width\":1280,\"height\":1280},{\"@type\":\"BreadcrumbList\",\"@id\":\"https:\/\/rfiddepo.com\/en\/urunlerimiz\/zebra-zd621-rfid-yazici-ve-kodlayici\/#breadcrumb\",\"itemListElement\":[{\"@type\":\"ListItem\",\"position\":1,\"name\":\"Anasayfa\",\"item\":\"https:\/\/rfiddepo.com\/en\/\"},{\"@type\":\"ListItem\",\"position\":2,\"name\":\"Urunler\",\"item\":\"https:\/\/rfiddepo.com\/urunler\/\"},{\"@type\":\"ListItem\",\"position\":3,\"name\":\"Zebra ZD621R RFID Yaz\u0131c\u0131 ve Kodlay\u0131c\u0131\"}]},{\"@type\":\"WebSite\",\"@id\":\"https:\/\/rfiddepo.com\/en\/#website\",\"url\":\"https:\/\/rfiddepo.com\/en\/\",\"name\":\"RFID Depo\",\"description\":\"\",\"publisher\":{\"@id\":\"https:\/\/rfiddepo.com\/en\/#organization\"},\"potentialAction\":[{\"@type\":\"SearchAction\",\"target\":{\"@type\":\"EntryPoint\",\"urlTemplate\":\"https:\/\/rfiddepo.com\/en\/?s={search_term_string}\"},\"query-input\":{\"@type\":\"PropertyValueSpecification\",\"valueRequired\":true,\"valueName\":\"search_term_string\"}}],\"inLanguage\":\"en-US\"},{\"@type\":\"Organization\",\"@id\":\"https:\/\/rfiddepo.com\/en\/#organization\",\"name\":\"%%sitename%%\",\"url\":\"https:\/\/rfiddepo.com\/en\/\",\"logo\":{\"@type\":\"ImageObject\",\"inLanguage\":\"en-US\",\"@id\":\"https:\/\/rfiddepo.com\/en\/#\/schema\/logo\/image\/\",\"url\":\"https:\/\/rfiddepo.com\/wp-content\/uploads\/2025\/09\/rfiddepo-logo.png\",\"contentUrl\":\"https:\/\/rfiddepo.com\/wp-content\/uploads\/2025\/09\/rfiddepo-logo.png\",\"width\":500,\"height\":106,\"caption\":\"%%sitename%%\"},\"image\":{\"@id\":\"https:\/\/rfiddepo.com\/en\/#\/schema\/logo\/image\/\"}}]}<\/script>\n<!-- \/ Yoast SEO plugin. -->","yoast_head_json":{"title":"Zebra ZD621R RFID Yaz\u0131c\u0131 ve Kodlay\u0131c\u0131 - RFID Depo","description":"Zebra ZD621 RFID Yazici ve Kodlayici, UHF RFID \u00f6zellikleri ile dayanikliligi birlestirir. Etiket basimi ve kodlama i\u00e7in hassasiyet sunar, \u00f6zellikle kuyumculuk sekt\u00f6r\u00fcnde kullanilir.","robots":{"index":"index","follow":"follow","max-snippet":"max-snippet:-1","max-image-preview":"max-image-preview:large","max-video-preview":"max-video-preview:-1"},"canonical":"https:\/\/rfiddepo.com\/en\/urunlerimiz\/zebra-zd621-rfid-yazici-ve-kodlayici\/","og_locale":"en_US","og_type":"article","og_title":"Zebra ZD621R RFID Yaz\u0131c\u0131 ve Kodlay\u0131c\u0131 - RFID Depo","og_description":"Zebra ZD621 RFID Yazici ve Kodlayici, UHF RFID \u00f6zellikleri ile dayanikliligi birlestirir. Etiket basimi ve kodlama i\u00e7in hassasiyet sunar, \u00f6zellikle kuyumculuk sekt\u00f6r\u00fcnde kullanilir.","og_url":"https:\/\/rfiddepo.com\/en\/urunlerimiz\/zebra-zd621-rfid-yazici-ve-kodlayici\/","og_site_name":"RFID Depo","article_modified_time":"2026-04-15T12:34:48+00:00","og_image":[{"width":1280,"height":1280,"url":"https:\/\/rfiddepo.com\/wp-content\/uploads\/2025\/09\/zebra-zd621-RFID-printer-1.jpg","type":"image\/jpeg"}],"twitter_card":"summary_large_image","twitter_misc":{"Est. reading time":"2 minutes"},"schema":{"@context":"https:\/\/schema.org","@graph":[{"@type":"WebPage","@id":"https:\/\/rfiddepo.com\/en\/urunlerimiz\/zebra-zd621-rfid-yazici-ve-kodlayici\/","url":"https:\/\/rfiddepo.com\/en\/urunlerimiz\/zebra-zd621-rfid-yazici-ve-kodlayici\/","name":"Zebra ZD621R RFID Yaz\u0131c\u0131 ve Kodlay\u0131c\u0131 - RFID Depo","isPartOf":{"@id":"https:\/\/rfiddepo.com\/en\/#website"},"primaryImageOfPage":{"@id":"https:\/\/rfiddepo.com\/en\/urunlerimiz\/zebra-zd621-rfid-yazici-ve-kodlayici\/#primaryimage"},"image":{"@id":"https:\/\/rfiddepo.com\/en\/urunlerimiz\/zebra-zd621-rfid-yazici-ve-kodlayici\/#primaryimage"},"thumbnailUrl":"https:\/\/rfiddepo.com\/wp-content\/uploads\/2025\/09\/zebra-zd621-RFID-printer-1.jpg","datePublished":"2023-04-11T15:46:49+00:00","dateModified":"2026-04-15T12:34:48+00:00","description":"Zebra ZD621 RFID Yazici ve Kodlayici, UHF RFID \u00f6zellikleri ile dayanikliligi birlestirir. Etiket basimi ve kodlama i\u00e7in hassasiyet sunar, \u00f6zellikle kuyumculuk sekt\u00f6r\u00fcnde kullanilir.","breadcrumb":{"@id":"https:\/\/rfiddepo.com\/en\/urunlerimiz\/zebra-zd621-rfid-yazici-ve-kodlayici\/#breadcrumb"},"inLanguage":"en-US","potentialAction":[{"@type":"ReadAction","target":["https:\/\/rfiddepo.com\/en\/urunlerimiz\/zebra-zd621-rfid-yazici-ve-kodlayici\/"]}]},{"@type":"ImageObject","inLanguage":"en-US","@id":"https:\/\/rfiddepo.com\/en\/urunlerimiz\/zebra-zd621-rfid-yazici-ve-kodlayici\/#primaryimage","url":"https:\/\/rfiddepo.com\/wp-content\/uploads\/2025\/09\/zebra-zd621-RFID-printer-1.jpg","contentUrl":"https:\/\/rfiddepo.com\/wp-content\/uploads\/2025\/09\/zebra-zd621-RFID-printer-1.jpg","width":1280,"height":1280},{"@type":"BreadcrumbList","@id":"https:\/\/rfiddepo.com\/en\/urunlerimiz\/zebra-zd621-rfid-yazici-ve-kodlayici\/#breadcrumb","itemListElement":[{"@type":"ListItem","position":1,"name":"Anasayfa","item":"https:\/\/rfiddepo.com\/en\/"},{"@type":"ListItem","position":2,"name":"Urunler","item":"https:\/\/rfiddepo.com\/urunler\/"},{"@type":"ListItem","position":3,"name":"Zebra ZD621R RFID Yaz\u0131c\u0131 ve Kodlay\u0131c\u0131"}]},{"@type":"WebSite","@id":"https:\/\/rfiddepo.com\/en\/#website","url":"https:\/\/rfiddepo.com\/en\/","name":"RFID Depo","description":"","publisher":{"@id":"https:\/\/rfiddepo.com\/en\/#organization"},"potentialAction":[{"@type":"SearchAction","target":{"@type":"EntryPoint","urlTemplate":"https:\/\/rfiddepo.com\/en\/?s={search_term_string}"},"query-input":{"@type":"PropertyValueSpecification","valueRequired":true,"valueName":"search_term_string"}}],"inLanguage":"en-US"},{"@type":"Organization","@id":"https:\/\/rfiddepo.com\/en\/#organization","name":"%%sitename%%","url":"https:\/\/rfiddepo.com\/en\/","logo":{"@type":"ImageObject","inLanguage":"en-US","@id":"https:\/\/rfiddepo.com\/en\/#\/schema\/logo\/image\/","url":"https:\/\/rfiddepo.com\/wp-content\/uploads\/2025\/09\/rfiddepo-logo.png","contentUrl":"https:\/\/rfiddepo.com\/wp-content\/uploads\/2025\/09\/rfiddepo-logo.png","width":500,"height":106,"caption":"%%sitename%%"},"image":{"@id":"https:\/\/rfiddepo.com\/en\/#\/schema\/logo\/image\/"}}]}},"_links":{"self":[{"href":"https:\/\/rfiddepo.com\/en\/wp-json\/wp\/v2\/product\/10871","targetHints":{"allow":["GET"]}}],"collection":[{"href":"https:\/\/rfiddepo.com\/en\/wp-json\/wp\/v2\/product"}],"about":[{"href":"https:\/\/rfiddepo.com\/en\/wp-json\/wp\/v2\/types\/product"}],"replies":[{"embeddable":true,"href":"https:\/\/rfiddepo.com\/en\/wp-json\/wp\/v2\/comments?post=10871"}],"wp:featuredmedia":[{"embeddable":true,"href":"https:\/\/rfiddepo.com\/en\/wp-json\/wp\/v2\/media\/147988"}],"wp:attachment":[{"href":"https:\/\/rfiddepo.com\/en\/wp-json\/wp\/v2\/media?parent=10871"}],"wp:term":[{"taxonomy":"product_brand","embeddable":true,"href":"https:\/\/rfiddepo.com\/en\/wp-json\/wp\/v2\/product_brand?post=10871"},{"taxonomy":"product_cat","embeddable":true,"href":"https:\/\/rfiddepo.com\/en\/wp-json\/wp\/v2\/product_cat?post=10871"},{"taxonomy":"product_tag","embeddable":true,"href":"https:\/\/rfiddepo.com\/en\/wp-json\/wp\/v2\/product_tag?post=10871"}],"curies":[{"name":"wp","href":"https:\/\/api.w.org\/{rel}","templated":true}]}}