{"id":10849,"date":"2022-12-06T17:42:29","date_gmt":"2022-12-06T17:42:29","guid":{"rendered":"http:\/\/www.test.rfiddepo.com\/?post_type=product&#038;p=10849"},"modified":"2025-12-15T07:11:39","modified_gmt":"2025-12-15T07:11:39","slug":"rd-rhino-ht-11025","status":"publish","type":"product","link":"https:\/\/rfiddepo.com\/en\/urunlerimiz\/rd-rhino-ht-11025\/","title":{"rendered":"Siva Iot RD-Rhino HT 11025"},"content":{"rendered":"<p>&nbsp;<\/p>\n<table class=\"blueTable\">\n<tbody>\n<tr>\n<td><strong>Product Name<\/strong><\/td>\n<td>RD-Rhino HT 11025<\/td>\n<\/tr>\n<tr>\n<td><strong>Operating Frequency<\/strong><\/td>\n<td>global compatibility<\/td>\n<\/tr>\n<tr>\n<td><strong>Dimensions<\/strong><\/td>\n<td>110 x 25 x 13 mm<\/td>\n<\/tr>\n<tr>\n<td><strong>Memory<\/strong><\/td>\n<td>EPC 96bits (Up to 480bits), USER 512bits, TID64bits<\/td>\n<\/tr>\n<tr>\n<td><strong>Reading Distance\u00a0<\/strong><\/td>\n<td style=\"text-align: left;\">ETSI: Non-Magnetic Upto 11 m &#8211; Magnetic Upto 5 m<br \/>\nFCC: Non-Magnetic Upto 11 m &#8211; Magnetic Upto 4,5 m<\/td>\n<\/tr>\n<tr>\n<td><b>Area of use<\/b><\/td>\n<td>Fixed Asset Tracking Projects, Logistics and Industrial Applications<\/td>\n<\/tr>\n<tr>\n<td><strong>IP Rating<\/strong><\/td>\n<td>IP68<\/td>\n<\/tr>\n<tr>\n<td><strong>Operating Temperature<\/strong><\/td>\n<td>-50\u00b0C to +85\u00b0C \/ -58\u00b0F to +185\u00b0F<\/td>\n<\/tr>\n<tr>\n<td><strong>Chip<br \/>\n<\/strong><\/td>\n<td>Alien Higgs-3 chip,<\/td>\n<\/tr>\n<tr>\n<td><strong>Brand<br \/>\n<\/strong><\/td>\n<td><a href=\"\/marka\/siva-iot\/\"><img decoding=\"async\" src=\"http:\/\/www.test.rfiddepo.com\/wp-content\/uploads\/2022\/12\/Logo-1200x630-1-300x158.jpg\" alt=\"\" width=\"300\" height=\"158\" class=\"alignnone size-medium wp-image-148932\" srcset=\"https:\/\/rfiddepo.com\/wp-content\/uploads\/2022\/12\/Logo-1200x630-1-300x158.jpg 300w, https:\/\/rfiddepo.com\/wp-content\/uploads\/2022\/12\/Logo-1200x630-1-1024x538.jpg 1024w, https:\/\/rfiddepo.com\/wp-content\/uploads\/2022\/12\/Logo-1200x630-1-768x403.jpg 768w, https:\/\/rfiddepo.com\/wp-content\/uploads\/2022\/12\/Logo-1200x630-1-600x315.jpg 600w, https:\/\/rfiddepo.com\/wp-content\/uploads\/2022\/12\/Logo-1200x630-1.jpg 1200w\" sizes=\"(max-width: 300px) 100vw, 300px\" \/><\/a><\/td>\n<\/tr>\n<\/tbody>\n<\/table>","protected":false},"excerpt":{"rendered":"<p><b>RD-Rhino HT 11025<\/b>, is a superior, slim-form-factor tag designed to deliver high reliability and performance, especially in harsh industrial and outdoor environments. It is a <b>RAIN (UHF) RFID hard tag<\/b>.<\/p>\n<h4>High-Performance Reading Capacity<\/h4>\n<p>This tag provides, <b>global compatibility<\/b> thanks to its operating frequency range of 860\u2013960 MHz. Equipped with the <b>Alien Higgs-3 chip,<\/b> it offers a <b>large memory capacity<\/b>, <b>USER 512 bit<\/b> and <b>EPC 96 bits (expandable up to 480 bits), USER 512 bits, and TID 64 bits \u2014<\/b> enabling detailed data storage.<\/p>\n<div class=\"datasheet\"><a href=\"\/wp-content\/uploads\/2025\/09\/Rhino-HT-11025-1.pdf\" target=\"_blank\" class=\"datasheet-btn\" rel=\"noopener\"><br \/>\n\ud83d\udcc4 Datasheet<br \/>\n<\/a><\/div>","protected":false},"featured_media":147878,"comment_status":"closed","ping_status":"closed","template":"","meta":{"_monsterinsights_skip_tracking":false,"_monsterinsights_sitenote_active":false,"_monsterinsights_sitenote_note":"","_monsterinsights_sitenote_category":0},"product_brand":[422],"product_cat":[73,75,37],"product_tag":[401,402],"class_list":{"0":"post-10849","1":"product","2":"type-product","3":"status-publish","4":"has-post-thumbnail","6":"product_brand-siva-iot","7":"product_cat-demirbas-rfid-tagleri","8":"product_cat-metal-ustu-rfid-tagler-rfid-tagler","9":"product_cat-rfid-etiketler","10":"product_tag-rd-rhino-ht-11025","11":"product_tag-rhino-ht-11025","13":"first","14":"instock","15":"shipping-taxable","16":"purchasable","17":"product-type-simple"},"yoast_head":"<!-- This site is optimized with the Yoast SEO plugin v26.6 - https:\/\/yoast.com\/wordpress\/plugins\/seo\/ -->\n<title>Siva Iot RD-Rhino HT 11025 - RFID Depo<\/title>\n<meta name=\"description\" content=\"RD-Rhino HT 11025 (IP68), Global 860-960 MHz&#039;de, manyetik olmayan y\u00fczeyde 11m&#039;ye kadar okuma sunar. Demirba\u015f Takip ve lojistik i\u00e7in idealdir. Dayan\u0131kl\u0131 (-50\u00b0C\/+85\u00b0C).\" \/>\n<meta name=\"robots\" content=\"index, follow, max-snippet:-1, max-image-preview:large, max-video-preview:-1\" \/>\n<link rel=\"canonical\" href=\"https:\/\/rfiddepo.com\/en\/urunlerimiz\/rd-rhino-ht-11025\/\" \/>\n<meta property=\"og:locale\" content=\"en_US\" \/>\n<meta property=\"og:type\" content=\"article\" \/>\n<meta property=\"og:title\" content=\"Siva Iot RD-Rhino HT 11025 - RFID Depo\" \/>\n<meta property=\"og:description\" content=\"RD-Rhino HT 11025 (IP68), Global 860-960 MHz&#039;de, manyetik olmayan y\u00fczeyde 11m&#039;ye kadar okuma sunar. Demirba\u015f Takip ve lojistik i\u00e7in idealdir. Dayan\u0131kl\u0131 (-50\u00b0C\/+85\u00b0C).\" \/>\n<meta property=\"og:url\" content=\"https:\/\/rfiddepo.com\/en\/urunlerimiz\/rd-rhino-ht-11025\/\" \/>\n<meta property=\"og:site_name\" content=\"RFID Depo\" \/>\n<meta property=\"article:modified_time\" content=\"2025-12-15T07:11:39+00:00\" \/>\n<meta property=\"og:image\" content=\"https:\/\/rfiddepo.com\/wp-content\/uploads\/2022\/12\/1-1-2.jpg\" \/>\n\t<meta property=\"og:image:width\" content=\"715\" \/>\n\t<meta property=\"og:image:height\" content=\"715\" \/>\n\t<meta property=\"og:image:type\" content=\"image\/jpeg\" \/>\n<meta name=\"twitter:card\" content=\"summary_large_image\" \/>\n<meta name=\"twitter:label1\" content=\"Est. reading time\" \/>\n\t<meta name=\"twitter:data1\" content=\"1 minute\" \/>\n<script type=\"application\/ld+json\" class=\"yoast-schema-graph\">{\"@context\":\"https:\/\/schema.org\",\"@graph\":[{\"@type\":\"WebPage\",\"@id\":\"https:\/\/rfiddepo.com\/en\/urunlerimiz\/rd-rhino-ht-11025\/\",\"url\":\"https:\/\/rfiddepo.com\/en\/urunlerimiz\/rd-rhino-ht-11025\/\",\"name\":\"Siva Iot RD-Rhino HT 11025 - RFID Depo\",\"isPartOf\":{\"@id\":\"https:\/\/rfiddepo.com\/en\/#website\"},\"primaryImageOfPage\":{\"@id\":\"https:\/\/rfiddepo.com\/en\/urunlerimiz\/rd-rhino-ht-11025\/#primaryimage\"},\"image\":{\"@id\":\"https:\/\/rfiddepo.com\/en\/urunlerimiz\/rd-rhino-ht-11025\/#primaryimage\"},\"thumbnailUrl\":\"https:\/\/rfiddepo.com\/wp-content\/uploads\/2022\/12\/1-1-2.jpg\",\"datePublished\":\"2022-12-06T17:42:29+00:00\",\"dateModified\":\"2025-12-15T07:11:39+00:00\",\"description\":\"RD-Rhino HT 11025 (IP68), Global 860-960 MHz'de, manyetik olmayan y\u00fczeyde 11m'ye kadar okuma sunar. Demirba\u015f Takip ve lojistik i\u00e7in idealdir. Dayan\u0131kl\u0131 (-50\u00b0C\/+85\u00b0C).\",\"breadcrumb\":{\"@id\":\"https:\/\/rfiddepo.com\/en\/urunlerimiz\/rd-rhino-ht-11025\/#breadcrumb\"},\"inLanguage\":\"en-US\",\"potentialAction\":[{\"@type\":\"ReadAction\",\"target\":[\"https:\/\/rfiddepo.com\/en\/urunlerimiz\/rd-rhino-ht-11025\/\"]}]},{\"@type\":\"ImageObject\",\"inLanguage\":\"en-US\",\"@id\":\"https:\/\/rfiddepo.com\/en\/urunlerimiz\/rd-rhino-ht-11025\/#primaryimage\",\"url\":\"https:\/\/rfiddepo.com\/wp-content\/uploads\/2022\/12\/1-1-2.jpg\",\"contentUrl\":\"https:\/\/rfiddepo.com\/wp-content\/uploads\/2022\/12\/1-1-2.jpg\",\"width\":715,\"height\":715},{\"@type\":\"BreadcrumbList\",\"@id\":\"https:\/\/rfiddepo.com\/en\/urunlerimiz\/rd-rhino-ht-11025\/#breadcrumb\",\"itemListElement\":[{\"@type\":\"ListItem\",\"position\":1,\"name\":\"Anasayfa\",\"item\":\"https:\/\/rfiddepo.com\/en\/\"},{\"@type\":\"ListItem\",\"position\":2,\"name\":\"Urunler\",\"item\":\"https:\/\/rfiddepo.com\/urunler\/\"},{\"@type\":\"ListItem\",\"position\":3,\"name\":\"Siva Iot RD-Rhino HT 11025\"}]},{\"@type\":\"WebSite\",\"@id\":\"https:\/\/rfiddepo.com\/en\/#website\",\"url\":\"https:\/\/rfiddepo.com\/en\/\",\"name\":\"RFID Depo\",\"description\":\"\",\"publisher\":{\"@id\":\"https:\/\/rfiddepo.com\/en\/#organization\"},\"potentialAction\":[{\"@type\":\"SearchAction\",\"target\":{\"@type\":\"EntryPoint\",\"urlTemplate\":\"https:\/\/rfiddepo.com\/en\/?s={search_term_string}\"},\"query-input\":{\"@type\":\"PropertyValueSpecification\",\"valueRequired\":true,\"valueName\":\"search_term_string\"}}],\"inLanguage\":\"en-US\"},{\"@type\":\"Organization\",\"@id\":\"https:\/\/rfiddepo.com\/en\/#organization\",\"name\":\"%%sitename%%\",\"url\":\"https:\/\/rfiddepo.com\/en\/\",\"logo\":{\"@type\":\"ImageObject\",\"inLanguage\":\"en-US\",\"@id\":\"https:\/\/rfiddepo.com\/en\/#\/schema\/logo\/image\/\",\"url\":\"https:\/\/rfiddepo.com\/wp-content\/uploads\/2025\/09\/rfiddepo-logo.png\",\"contentUrl\":\"https:\/\/rfiddepo.com\/wp-content\/uploads\/2025\/09\/rfiddepo-logo.png\",\"width\":500,\"height\":106,\"caption\":\"%%sitename%%\"},\"image\":{\"@id\":\"https:\/\/rfiddepo.com\/en\/#\/schema\/logo\/image\/\"}}]}<\/script>\n<!-- \/ Yoast SEO plugin. -->","yoast_head_json":{"title":"Siva Iot RD-Rhino HT 11025 - RFID Depo","description":"RD-Rhino HT 11025 (IP68), Global 860-960 MHz'de, manyetik olmayan y\u00fczeyde 11m'ye kadar okuma sunar. Demirba\u015f Takip ve lojistik i\u00e7in idealdir. Dayan\u0131kl\u0131 (-50\u00b0C\/+85\u00b0C).","robots":{"index":"index","follow":"follow","max-snippet":"max-snippet:-1","max-image-preview":"max-image-preview:large","max-video-preview":"max-video-preview:-1"},"canonical":"https:\/\/rfiddepo.com\/en\/urunlerimiz\/rd-rhino-ht-11025\/","og_locale":"en_US","og_type":"article","og_title":"Siva Iot RD-Rhino HT 11025 - RFID Depo","og_description":"RD-Rhino HT 11025 (IP68), Global 860-960 MHz'de, manyetik olmayan y\u00fczeyde 11m'ye kadar okuma sunar. Demirba\u015f Takip ve lojistik i\u00e7in idealdir. Dayan\u0131kl\u0131 (-50\u00b0C\/+85\u00b0C).","og_url":"https:\/\/rfiddepo.com\/en\/urunlerimiz\/rd-rhino-ht-11025\/","og_site_name":"RFID Depo","article_modified_time":"2025-12-15T07:11:39+00:00","og_image":[{"width":715,"height":715,"url":"https:\/\/rfiddepo.com\/wp-content\/uploads\/2022\/12\/1-1-2.jpg","type":"image\/jpeg"}],"twitter_card":"summary_large_image","twitter_misc":{"Est. reading time":"1 minute"},"schema":{"@context":"https:\/\/schema.org","@graph":[{"@type":"WebPage","@id":"https:\/\/rfiddepo.com\/en\/urunlerimiz\/rd-rhino-ht-11025\/","url":"https:\/\/rfiddepo.com\/en\/urunlerimiz\/rd-rhino-ht-11025\/","name":"Siva Iot RD-Rhino HT 11025 - RFID Depo","isPartOf":{"@id":"https:\/\/rfiddepo.com\/en\/#website"},"primaryImageOfPage":{"@id":"https:\/\/rfiddepo.com\/en\/urunlerimiz\/rd-rhino-ht-11025\/#primaryimage"},"image":{"@id":"https:\/\/rfiddepo.com\/en\/urunlerimiz\/rd-rhino-ht-11025\/#primaryimage"},"thumbnailUrl":"https:\/\/rfiddepo.com\/wp-content\/uploads\/2022\/12\/1-1-2.jpg","datePublished":"2022-12-06T17:42:29+00:00","dateModified":"2025-12-15T07:11:39+00:00","description":"RD-Rhino HT 11025 (IP68), Global 860-960 MHz'de, manyetik olmayan y\u00fczeyde 11m'ye kadar okuma sunar. Demirba\u015f Takip ve lojistik i\u00e7in idealdir. Dayan\u0131kl\u0131 (-50\u00b0C\/+85\u00b0C).","breadcrumb":{"@id":"https:\/\/rfiddepo.com\/en\/urunlerimiz\/rd-rhino-ht-11025\/#breadcrumb"},"inLanguage":"en-US","potentialAction":[{"@type":"ReadAction","target":["https:\/\/rfiddepo.com\/en\/urunlerimiz\/rd-rhino-ht-11025\/"]}]},{"@type":"ImageObject","inLanguage":"en-US","@id":"https:\/\/rfiddepo.com\/en\/urunlerimiz\/rd-rhino-ht-11025\/#primaryimage","url":"https:\/\/rfiddepo.com\/wp-content\/uploads\/2022\/12\/1-1-2.jpg","contentUrl":"https:\/\/rfiddepo.com\/wp-content\/uploads\/2022\/12\/1-1-2.jpg","width":715,"height":715},{"@type":"BreadcrumbList","@id":"https:\/\/rfiddepo.com\/en\/urunlerimiz\/rd-rhino-ht-11025\/#breadcrumb","itemListElement":[{"@type":"ListItem","position":1,"name":"Anasayfa","item":"https:\/\/rfiddepo.com\/en\/"},{"@type":"ListItem","position":2,"name":"Urunler","item":"https:\/\/rfiddepo.com\/urunler\/"},{"@type":"ListItem","position":3,"name":"Siva Iot RD-Rhino HT 11025"}]},{"@type":"WebSite","@id":"https:\/\/rfiddepo.com\/en\/#website","url":"https:\/\/rfiddepo.com\/en\/","name":"RFID Depo","description":"","publisher":{"@id":"https:\/\/rfiddepo.com\/en\/#organization"},"potentialAction":[{"@type":"SearchAction","target":{"@type":"EntryPoint","urlTemplate":"https:\/\/rfiddepo.com\/en\/?s={search_term_string}"},"query-input":{"@type":"PropertyValueSpecification","valueRequired":true,"valueName":"search_term_string"}}],"inLanguage":"en-US"},{"@type":"Organization","@id":"https:\/\/rfiddepo.com\/en\/#organization","name":"%%sitename%%","url":"https:\/\/rfiddepo.com\/en\/","logo":{"@type":"ImageObject","inLanguage":"en-US","@id":"https:\/\/rfiddepo.com\/en\/#\/schema\/logo\/image\/","url":"https:\/\/rfiddepo.com\/wp-content\/uploads\/2025\/09\/rfiddepo-logo.png","contentUrl":"https:\/\/rfiddepo.com\/wp-content\/uploads\/2025\/09\/rfiddepo-logo.png","width":500,"height":106,"caption":"%%sitename%%"},"image":{"@id":"https:\/\/rfiddepo.com\/en\/#\/schema\/logo\/image\/"}}]}},"_links":{"self":[{"href":"https:\/\/rfiddepo.com\/en\/wp-json\/wp\/v2\/product\/10849","targetHints":{"allow":["GET"]}}],"collection":[{"href":"https:\/\/rfiddepo.com\/en\/wp-json\/wp\/v2\/product"}],"about":[{"href":"https:\/\/rfiddepo.com\/en\/wp-json\/wp\/v2\/types\/product"}],"replies":[{"embeddable":true,"href":"https:\/\/rfiddepo.com\/en\/wp-json\/wp\/v2\/comments?post=10849"}],"wp:featuredmedia":[{"embeddable":true,"href":"https:\/\/rfiddepo.com\/en\/wp-json\/wp\/v2\/media\/147878"}],"wp:attachment":[{"href":"https:\/\/rfiddepo.com\/en\/wp-json\/wp\/v2\/media?parent=10849"}],"wp:term":[{"taxonomy":"product_brand","embeddable":true,"href":"https:\/\/rfiddepo.com\/en\/wp-json\/wp\/v2\/product_brand?post=10849"},{"taxonomy":"product_cat","embeddable":true,"href":"https:\/\/rfiddepo.com\/en\/wp-json\/wp\/v2\/product_cat?post=10849"},{"taxonomy":"product_tag","embeddable":true,"href":"https:\/\/rfiddepo.com\/en\/wp-json\/wp\/v2\/product_tag?post=10849"}],"curies":[{"name":"wp","href":"https:\/\/api.w.org\/{rel}","templated":true}]}}