{"id":10800,"date":"2022-11-18T16:44:17","date_gmt":"2022-11-18T16:44:17","guid":{"rendered":"http:\/\/www.test.rfiddepo.com\/?post_type=product&#038;p=10800"},"modified":"2025-12-15T07:53:41","modified_gmt":"2025-12-15T07:53:41","slug":"rd-mom-10719","status":"publish","type":"product","link":"https:\/\/rfiddepo.com\/en\/urunlerimiz\/rd-mom-10719\/","title":{"rendered":"Siva Iot RD -MOM 10719"},"content":{"rendered":"<table class=\"blueTable\">\n<tbody>\n<tr>\n<td><strong>Product Name<\/strong><\/td>\n<td>RD-MOM 10719<\/td>\n<\/tr>\n<tr>\n<td><strong>Operating Frequency<\/strong><\/td>\n<td>865\u2013869 MHz ( ETSI )<br \/>\n902\u2013928 MHz ( FCC )<\/td>\n<\/tr>\n<tr>\n<td><strong>Dimensions<\/strong><\/td>\n<td>107 x 19 x 1.1 mm<\/td>\n<\/tr>\n<tr>\n<td><strong>Memory<\/strong><\/td>\n<td>EPC Size 128 bit, 96 bit TID with 48 bit Unique serial number<\/td>\n<\/tr>\n<tr>\n<td><strong>Reading Distance\u00a0<\/strong><\/td>\n<td>\n<div class=\"spec-content\">\n<p>\u00a0 \u00a0 \u00a0 \u00a0 \u00a0METAL\u00a0 \u00a0 \u00a0 \u00a0 \u00a0 \u00a0 \u00a0 \u00a0 \u00a0 PTFE\u00a0 \u00a0 \u00a0 \u00a0 \u00a0 \u00a0 \u00a0 GLASS<br \/>\nETSI Upto\u00a0 3 m\u00a0 \u00a0 \u00a0 \u00a0 \u00a0 \u00a0 \u00a0Upto 5 m\u00a0 \u00a0 \u00a0 \u00a0 \u00a0 Upto 4 m<br \/>\nFCC\u00a0 Upto 4 m\u00a0 \u00a0 \u00a0 \u00a0 \u00a0 \u00a0 \u00a0Upto 5 m\u00a0 \u00a0 \u00a0 \u00a0 \u00a0Upto 4 m<\/p>\n<\/div>\n<\/td>\n<\/tr>\n<tr>\n<td><b>Area of use<\/b><\/td>\n<td>Fixed Asset Tracking Projects, Logistics and Industrial Applications<\/td>\n<\/tr>\n<tr>\n<td><strong>IP Rating<\/strong><\/td>\n<td>IP68<\/td>\n<\/tr>\n<tr>\n<td><strong>Operating Temperature<\/strong><\/td>\n<td>-40\u00b0C to + 85\u00b0C \/ -40\u00b0F to + 185 \u00b0F<\/td>\n<\/tr>\n<tr>\n<td><strong>Chip<\/strong><\/td>\n<td>NXP UCODE 8<\/td>\n<\/tr>\n<tr>\n<td><strong>Brand<br \/>\n<\/strong><\/td>\n<td><a href=\"\/marka\/siva-iot\/\"><img decoding=\"async\" src=\"http:\/\/www.test.rfiddepo.com\/wp-content\/uploads\/2022\/12\/Logo-1200x630-1-300x158.jpg\" alt=\"\" width=\"300\" height=\"158\" class=\"alignnone size-medium wp-image-148932\" srcset=\"https:\/\/rfiddepo.com\/wp-content\/uploads\/2022\/12\/Logo-1200x630-1-300x158.jpg 300w, https:\/\/rfiddepo.com\/wp-content\/uploads\/2022\/12\/Logo-1200x630-1-1024x538.jpg 1024w, https:\/\/rfiddepo.com\/wp-content\/uploads\/2022\/12\/Logo-1200x630-1-768x403.jpg 768w, https:\/\/rfiddepo.com\/wp-content\/uploads\/2022\/12\/Logo-1200x630-1-600x315.jpg 600w, https:\/\/rfiddepo.com\/wp-content\/uploads\/2022\/12\/Logo-1200x630-1.jpg 1200w\" sizes=\"(max-width: 300px) 100vw, 300px\" \/><\/a><\/td>\n<\/tr>\n<\/tbody>\n<\/table>\n<p>&nbsp;<\/p>","protected":false},"excerpt":{"rendered":"<p>RD-MOM 10719 is an RFID tag suitable for any surface, used to ensure the security of IT and industrial assets. It is an ideal solution when the application width is limited.<\/p>\n<div class=\"datasheet\"><a href=\"\/wp-content\/uploads\/2025\/09\/RD-MOM-10719-U8.pdf\" target=\"_blank\" class=\"datasheet-btn\" rel=\"noopener\"><br \/>\n\ud83d\udcc4 Datasheet<br \/>\n<\/a><\/div>","protected":false},"featured_media":147924,"comment_status":"closed","ping_status":"closed","template":"","meta":{"_monsterinsights_skip_tracking":false,"_monsterinsights_sitenote_active":false,"_monsterinsights_sitenote_note":"","_monsterinsights_sitenote_category":0},"product_brand":[422],"product_cat":[73,75,37],"product_tag":[405,415],"class_list":{"0":"post-10800","1":"product","2":"type-product","3":"status-publish","4":"has-post-thumbnail","6":"product_brand-siva-iot","7":"product_cat-demirbas-rfid-tagleri","8":"product_cat-metal-ustu-rfid-tagler-rfid-tagler","9":"product_cat-rfid-etiketler","10":"product_tag-rd-mom","11":"product_tag-rd-mom-10719","13":"first","14":"instock","15":"shipping-taxable","16":"purchasable","17":"product-type-simple"},"yoast_head":"<!-- This site is optimized with the Yoast SEO plugin v26.6 - https:\/\/yoast.com\/wordpress\/plugins\/seo\/ -->\n<title>Siva Iot RD -MOM 10719 - RFID Depo<\/title>\n<meta name=\"description\" content=\"RD -MOM 10719, IT ve end\u00fcstriyel varliklarin g\u00fcvenligini saglamak i\u00e7in tasarlanmis, her y\u00fczeye uyumlu ve sinirli etiket uygulama alanlarina uygun RFID etikettir. RFID \u00e7\u00f6z\u00fcmleri i\u00e7in ideal tercihtir.\" \/>\n<meta name=\"robots\" content=\"index, follow, max-snippet:-1, max-image-preview:large, max-video-preview:-1\" \/>\n<link rel=\"canonical\" href=\"https:\/\/rfiddepo.com\/en\/urunlerimiz\/rd-mom-10719\/\" \/>\n<meta property=\"og:locale\" content=\"en_US\" \/>\n<meta property=\"og:type\" content=\"article\" \/>\n<meta property=\"og:title\" content=\"Siva Iot RD -MOM 10719 - RFID Depo\" \/>\n<meta property=\"og:description\" content=\"RD -MOM 10719, IT ve end\u00fcstriyel varliklarin g\u00fcvenligini saglamak i\u00e7in tasarlanmis, her y\u00fczeye uyumlu ve sinirli etiket uygulama alanlarina uygun RFID etikettir. RFID \u00e7\u00f6z\u00fcmleri i\u00e7in ideal tercihtir.\" \/>\n<meta property=\"og:url\" content=\"https:\/\/rfiddepo.com\/en\/urunlerimiz\/rd-mom-10719\/\" \/>\n<meta property=\"og:site_name\" content=\"RFID Depo\" \/>\n<meta property=\"article:modified_time\" content=\"2025-12-15T07:53:41+00:00\" \/>\n<meta property=\"og:image\" content=\"https:\/\/rfiddepo.com\/wp-content\/uploads\/2022\/11\/10719-1.jpg\" \/>\n\t<meta property=\"og:image:width\" content=\"779\" \/>\n\t<meta property=\"og:image:height\" content=\"779\" \/>\n\t<meta property=\"og:image:type\" content=\"image\/jpeg\" \/>\n<meta name=\"twitter:card\" content=\"summary_large_image\" \/>\n<script type=\"application\/ld+json\" class=\"yoast-schema-graph\">{\"@context\":\"https:\/\/schema.org\",\"@graph\":[{\"@type\":\"WebPage\",\"@id\":\"https:\/\/rfiddepo.com\/en\/urunlerimiz\/rd-mom-10719\/\",\"url\":\"https:\/\/rfiddepo.com\/en\/urunlerimiz\/rd-mom-10719\/\",\"name\":\"Siva Iot RD -MOM 10719 - RFID Depo\",\"isPartOf\":{\"@id\":\"https:\/\/rfiddepo.com\/en\/#website\"},\"primaryImageOfPage\":{\"@id\":\"https:\/\/rfiddepo.com\/en\/urunlerimiz\/rd-mom-10719\/#primaryimage\"},\"image\":{\"@id\":\"https:\/\/rfiddepo.com\/en\/urunlerimiz\/rd-mom-10719\/#primaryimage\"},\"thumbnailUrl\":\"https:\/\/rfiddepo.com\/wp-content\/uploads\/2022\/11\/10719-1.jpg\",\"datePublished\":\"2022-11-18T16:44:17+00:00\",\"dateModified\":\"2025-12-15T07:53:41+00:00\",\"description\":\"RD -MOM 10719, IT ve end\u00fcstriyel varliklarin g\u00fcvenligini saglamak i\u00e7in tasarlanmis, her y\u00fczeye uyumlu ve sinirli etiket uygulama alanlarina uygun RFID etikettir. RFID \u00e7\u00f6z\u00fcmleri i\u00e7in ideal tercihtir.\",\"breadcrumb\":{\"@id\":\"https:\/\/rfiddepo.com\/en\/urunlerimiz\/rd-mom-10719\/#breadcrumb\"},\"inLanguage\":\"en-US\",\"potentialAction\":[{\"@type\":\"ReadAction\",\"target\":[\"https:\/\/rfiddepo.com\/en\/urunlerimiz\/rd-mom-10719\/\"]}]},{\"@type\":\"ImageObject\",\"inLanguage\":\"en-US\",\"@id\":\"https:\/\/rfiddepo.com\/en\/urunlerimiz\/rd-mom-10719\/#primaryimage\",\"url\":\"https:\/\/rfiddepo.com\/wp-content\/uploads\/2022\/11\/10719-1.jpg\",\"contentUrl\":\"https:\/\/rfiddepo.com\/wp-content\/uploads\/2022\/11\/10719-1.jpg\",\"width\":779,\"height\":779},{\"@type\":\"BreadcrumbList\",\"@id\":\"https:\/\/rfiddepo.com\/en\/urunlerimiz\/rd-mom-10719\/#breadcrumb\",\"itemListElement\":[{\"@type\":\"ListItem\",\"position\":1,\"name\":\"Anasayfa\",\"item\":\"https:\/\/rfiddepo.com\/en\/\"},{\"@type\":\"ListItem\",\"position\":2,\"name\":\"Urunler\",\"item\":\"https:\/\/rfiddepo.com\/urunler\/\"},{\"@type\":\"ListItem\",\"position\":3,\"name\":\"Siva Iot RD -MOM 10719\"}]},{\"@type\":\"WebSite\",\"@id\":\"https:\/\/rfiddepo.com\/en\/#website\",\"url\":\"https:\/\/rfiddepo.com\/en\/\",\"name\":\"RFID Depo\",\"description\":\"\",\"publisher\":{\"@id\":\"https:\/\/rfiddepo.com\/en\/#organization\"},\"potentialAction\":[{\"@type\":\"SearchAction\",\"target\":{\"@type\":\"EntryPoint\",\"urlTemplate\":\"https:\/\/rfiddepo.com\/en\/?s={search_term_string}\"},\"query-input\":{\"@type\":\"PropertyValueSpecification\",\"valueRequired\":true,\"valueName\":\"search_term_string\"}}],\"inLanguage\":\"en-US\"},{\"@type\":\"Organization\",\"@id\":\"https:\/\/rfiddepo.com\/en\/#organization\",\"name\":\"%%sitename%%\",\"url\":\"https:\/\/rfiddepo.com\/en\/\",\"logo\":{\"@type\":\"ImageObject\",\"inLanguage\":\"en-US\",\"@id\":\"https:\/\/rfiddepo.com\/en\/#\/schema\/logo\/image\/\",\"url\":\"https:\/\/rfiddepo.com\/wp-content\/uploads\/2025\/09\/rfiddepo-logo.png\",\"contentUrl\":\"https:\/\/rfiddepo.com\/wp-content\/uploads\/2025\/09\/rfiddepo-logo.png\",\"width\":500,\"height\":106,\"caption\":\"%%sitename%%\"},\"image\":{\"@id\":\"https:\/\/rfiddepo.com\/en\/#\/schema\/logo\/image\/\"}}]}<\/script>\n<!-- \/ Yoast SEO plugin. -->","yoast_head_json":{"title":"Siva Iot RD -MOM 10719 - RFID Depo","description":"RD -MOM 10719, IT ve end\u00fcstriyel varliklarin g\u00fcvenligini saglamak i\u00e7in tasarlanmis, her y\u00fczeye uyumlu ve sinirli etiket uygulama alanlarina uygun RFID etikettir. RFID \u00e7\u00f6z\u00fcmleri i\u00e7in ideal tercihtir.","robots":{"index":"index","follow":"follow","max-snippet":"max-snippet:-1","max-image-preview":"max-image-preview:large","max-video-preview":"max-video-preview:-1"},"canonical":"https:\/\/rfiddepo.com\/en\/urunlerimiz\/rd-mom-10719\/","og_locale":"en_US","og_type":"article","og_title":"Siva Iot RD -MOM 10719 - RFID Depo","og_description":"RD -MOM 10719, IT ve end\u00fcstriyel varliklarin g\u00fcvenligini saglamak i\u00e7in tasarlanmis, her y\u00fczeye uyumlu ve sinirli etiket uygulama alanlarina uygun RFID etikettir. RFID \u00e7\u00f6z\u00fcmleri i\u00e7in ideal tercihtir.","og_url":"https:\/\/rfiddepo.com\/en\/urunlerimiz\/rd-mom-10719\/","og_site_name":"RFID Depo","article_modified_time":"2025-12-15T07:53:41+00:00","og_image":[{"width":779,"height":779,"url":"https:\/\/rfiddepo.com\/wp-content\/uploads\/2022\/11\/10719-1.jpg","type":"image\/jpeg"}],"twitter_card":"summary_large_image","schema":{"@context":"https:\/\/schema.org","@graph":[{"@type":"WebPage","@id":"https:\/\/rfiddepo.com\/en\/urunlerimiz\/rd-mom-10719\/","url":"https:\/\/rfiddepo.com\/en\/urunlerimiz\/rd-mom-10719\/","name":"Siva Iot RD -MOM 10719 - RFID Depo","isPartOf":{"@id":"https:\/\/rfiddepo.com\/en\/#website"},"primaryImageOfPage":{"@id":"https:\/\/rfiddepo.com\/en\/urunlerimiz\/rd-mom-10719\/#primaryimage"},"image":{"@id":"https:\/\/rfiddepo.com\/en\/urunlerimiz\/rd-mom-10719\/#primaryimage"},"thumbnailUrl":"https:\/\/rfiddepo.com\/wp-content\/uploads\/2022\/11\/10719-1.jpg","datePublished":"2022-11-18T16:44:17+00:00","dateModified":"2025-12-15T07:53:41+00:00","description":"RD -MOM 10719, IT ve end\u00fcstriyel varliklarin g\u00fcvenligini saglamak i\u00e7in tasarlanmis, her y\u00fczeye uyumlu ve sinirli etiket uygulama alanlarina uygun RFID etikettir. RFID \u00e7\u00f6z\u00fcmleri i\u00e7in ideal tercihtir.","breadcrumb":{"@id":"https:\/\/rfiddepo.com\/en\/urunlerimiz\/rd-mom-10719\/#breadcrumb"},"inLanguage":"en-US","potentialAction":[{"@type":"ReadAction","target":["https:\/\/rfiddepo.com\/en\/urunlerimiz\/rd-mom-10719\/"]}]},{"@type":"ImageObject","inLanguage":"en-US","@id":"https:\/\/rfiddepo.com\/en\/urunlerimiz\/rd-mom-10719\/#primaryimage","url":"https:\/\/rfiddepo.com\/wp-content\/uploads\/2022\/11\/10719-1.jpg","contentUrl":"https:\/\/rfiddepo.com\/wp-content\/uploads\/2022\/11\/10719-1.jpg","width":779,"height":779},{"@type":"BreadcrumbList","@id":"https:\/\/rfiddepo.com\/en\/urunlerimiz\/rd-mom-10719\/#breadcrumb","itemListElement":[{"@type":"ListItem","position":1,"name":"Anasayfa","item":"https:\/\/rfiddepo.com\/en\/"},{"@type":"ListItem","position":2,"name":"Urunler","item":"https:\/\/rfiddepo.com\/urunler\/"},{"@type":"ListItem","position":3,"name":"Siva Iot RD -MOM 10719"}]},{"@type":"WebSite","@id":"https:\/\/rfiddepo.com\/en\/#website","url":"https:\/\/rfiddepo.com\/en\/","name":"RFID Depo","description":"","publisher":{"@id":"https:\/\/rfiddepo.com\/en\/#organization"},"potentialAction":[{"@type":"SearchAction","target":{"@type":"EntryPoint","urlTemplate":"https:\/\/rfiddepo.com\/en\/?s={search_term_string}"},"query-input":{"@type":"PropertyValueSpecification","valueRequired":true,"valueName":"search_term_string"}}],"inLanguage":"en-US"},{"@type":"Organization","@id":"https:\/\/rfiddepo.com\/en\/#organization","name":"%%sitename%%","url":"https:\/\/rfiddepo.com\/en\/","logo":{"@type":"ImageObject","inLanguage":"en-US","@id":"https:\/\/rfiddepo.com\/en\/#\/schema\/logo\/image\/","url":"https:\/\/rfiddepo.com\/wp-content\/uploads\/2025\/09\/rfiddepo-logo.png","contentUrl":"https:\/\/rfiddepo.com\/wp-content\/uploads\/2025\/09\/rfiddepo-logo.png","width":500,"height":106,"caption":"%%sitename%%"},"image":{"@id":"https:\/\/rfiddepo.com\/en\/#\/schema\/logo\/image\/"}}]}},"_links":{"self":[{"href":"https:\/\/rfiddepo.com\/en\/wp-json\/wp\/v2\/product\/10800","targetHints":{"allow":["GET"]}}],"collection":[{"href":"https:\/\/rfiddepo.com\/en\/wp-json\/wp\/v2\/product"}],"about":[{"href":"https:\/\/rfiddepo.com\/en\/wp-json\/wp\/v2\/types\/product"}],"replies":[{"embeddable":true,"href":"https:\/\/rfiddepo.com\/en\/wp-json\/wp\/v2\/comments?post=10800"}],"wp:featuredmedia":[{"embeddable":true,"href":"https:\/\/rfiddepo.com\/en\/wp-json\/wp\/v2\/media\/147924"}],"wp:attachment":[{"href":"https:\/\/rfiddepo.com\/en\/wp-json\/wp\/v2\/media?parent=10800"}],"wp:term":[{"taxonomy":"product_brand","embeddable":true,"href":"https:\/\/rfiddepo.com\/en\/wp-json\/wp\/v2\/product_brand?post=10800"},{"taxonomy":"product_cat","embeddable":true,"href":"https:\/\/rfiddepo.com\/en\/wp-json\/wp\/v2\/product_cat?post=10800"},{"taxonomy":"product_tag","embeddable":true,"href":"https:\/\/rfiddepo.com\/en\/wp-json\/wp\/v2\/product_tag?post=10800"}],"curies":[{"name":"wp","href":"https:\/\/api.w.org\/{rel}","templated":true}]}}