{"id":10788,"date":"2022-10-20T15:27:43","date_gmt":"2022-10-20T15:27:43","guid":{"rendered":"http:\/\/www.test.rfiddepo.com\/?post_type=product&#038;p=10788"},"modified":"2025-10-14T15:28:50","modified_gmt":"2025-10-14T15:28:50","slug":"xerafy-titanium-uhf-rfid-tag","status":"publish","type":"product","link":"https:\/\/rfiddepo.com\/en\/urunlerimiz\/xerafy-titanium-uhf-rfid-tag\/","title":{"rendered":"XERAFY Titanium UHF RFID Tag"},"content":{"rendered":"<p>&nbsp;<\/p>\n<table class=\"blueTable\">\n<tbody>\n<tr>\n<td><strong><span style=\"vertical-align: inherit;\"><span style=\"vertical-align: inherit;\">Product Name<\/span><\/span><\/strong><\/td>\n<td>XERAFY Titanium UHF RFID Tag<\/td>\n<\/tr>\n<tr>\n<td><strong><span style=\"vertical-align: inherit;\"><span style=\"vertical-align: inherit;\">Operating Frequency<\/span><\/span><\/strong><\/td>\n<td><span style=\"vertical-align: inherit;\"><span style=\"vertical-align: inherit;\">ETSI 865.6\u2013867.6 MHz or FCC\/IC 902\u2013928 MHz-<\/span><\/span><\/td>\n<\/tr>\n<tr>\n<td><strong><span style=\"vertical-align: inherit;\"><span style=\"vertical-align: inherit;\">Dimensions<\/span><\/span><\/strong><\/td>\n<td><span style=\"vertical-align: inherit;\"><span style=\"vertical-align: inherit;\">45 x 5.6 x 0.86 mm<\/span><\/span><\/td>\n<\/tr>\n<tr>\n<td><strong><span style=\"vertical-align: inherit;\"><span style=\"vertical-align: inherit;\">Memory<\/span><\/span><\/strong><\/td>\n<td><span style=\"vertical-align: inherit;\"><span style=\"vertical-align: inherit;\">EPC &#8211; 96 bit <\/span><\/span><br \/>\n<span style=\"vertical-align: inherit;\"><span style=\"vertical-align: inherit;\">Unique TID \u2013 96 bits<\/span><\/span><\/td>\n<\/tr>\n<tr>\n<td><strong><span style=\"vertical-align: inherit;\"><span style=\"vertical-align: inherit;\">Reading Distance<\/span><\/span><\/strong><\/td>\n<td>\n<div class=\"spec-content\">\n<p><span style=\"vertical-align: inherit;\"><span style=\"vertical-align: inherit;\">0-1.2m (2W ERP)<\/span><\/span><\/p>\n<\/div>\n<\/td>\n<\/tr>\n<tr>\n<td><b><span style=\"vertical-align: inherit;\"><span style=\"vertical-align: inherit;\">Area of use<\/span><\/span><\/b><\/td>\n<td><span style=\"vertical-align: inherit;\"><span style=\"vertical-align: inherit;\">Fixed Asset Tracking Projects, Industrial Applications<\/span><\/span><\/td>\n<\/tr>\n<tr>\n<td><strong><span style=\"vertical-align: inherit;\"><span style=\"vertical-align: inherit;\">IP derecelendirme<\/span><\/span><\/strong><\/td>\n<td><span style=\"vertical-align: inherit;\"><span style=\"vertical-align: inherit;\">IP54<\/span><\/span><\/td>\n<\/tr>\n<tr>\n<td><strong><span style=\"vertical-align: inherit;\"><span style=\"vertical-align: inherit;\">Operating Temperature<\/span><\/span><\/strong><\/td>\n<td><span style=\"vertical-align: inherit;\"><span style=\"vertical-align: inherit;\">\u201340\u00b0C ila +85\u00b0C ,<\/span><\/span><\/td>\n<\/tr>\n<tr>\n<td><strong><span style=\"vertical-align: inherit;\"><span style=\"vertical-align: inherit;\">Uygulama S\u0131cakl\u0131\u011f\u0131<\/span><\/span><\/strong><\/td>\n<td><span style=\"vertical-align: inherit;\"><span style=\"vertical-align: inherit;\">\u201340\u00b0C ila +85\u00b0C ,<\/span><\/span><\/td>\n<\/tr>\n<tr>\n<td><strong><span style=\"vertical-align: inherit;\"><span style=\"vertical-align: inherit;\">Chip<\/span><\/span><\/strong><\/td>\n<td>NXP UCODE 9<\/td>\n<\/tr>\n<tr>\n<td><strong><span style=\"vertical-align: inherit;\"><span style=\"vertical-align: inherit;\">Brand<\/span><\/span><\/strong><\/td>\n<td><a href=\"\/marka\/xerafy\/\"><img decoding=\"async\" src=\"\/wp-content\/uploads\/2022\/10\/29ff0d57-3022-433f-a68c-d054e169c50b-300x60.png\" alt=\"\" width=\"300\" height=\"60\" class=\"alignnone size-medium wp-image-148930\" srcset=\"https:\/\/rfiddepo.com\/wp-content\/uploads\/2022\/10\/29ff0d57-3022-433f-a68c-d054e169c50b-300x60.png 300w, https:\/\/rfiddepo.com\/wp-content\/uploads\/2022\/10\/29ff0d57-3022-433f-a68c-d054e169c50b.png 600w\" sizes=\"(max-width: 300px) 100vw, 300px\" \/><\/a><\/td>\n<\/tr>\n<\/tbody>\n<\/table>\n<h2>XERAFY Titanium UHF RFID Tag<\/h2>\n<p class=\" translation-block\">XERAFY Titanium UHF RFID Tag is a passive UHF RFID tag capable of long-range reading on metal surfaces.<br>\nWith its durable construction, it is ideal for demanding industrial applications such as the <strong>RFID Asset Tracking System<\/strong>, <strong>RFID Surgical Instrument Tracking System<\/strong><br>\nand <strong>RFID Tire Tracking System<\/strong>.<br>\nIt features a robust design for long-term use in outdoor and industrial environments,<br>\ntherefore delivering reliable performance.<\/p>","protected":false},"excerpt":{"rendered":"<p class=\" translation-block\">XERAFY Titanium UHF RFID Tag is a passive UHF RFID Tag capable of long-range reading on metal surfaces.<br>\nXERAFY Titanium UHF RFID Tag features a robust design for long-term use in outdoor and industrial environments.<\/p>\n<div class=\"datasheet\"><a href=\"\/wp-content\/uploads\/2025\/09\/aaaxerafy-titanium-metal-skin.pdf\" target=\"_blank\" class=\"datasheet-btn\" rel=\"noopener\"><br \/>\n\ud83d\udcc4 Datasheet<br \/>\n<\/a><\/div>","protected":false},"featured_media":147725,"comment_status":"closed","ping_status":"closed","template":"","meta":{"_monsterinsights_skip_tracking":false,"_monsterinsights_sitenote_active":false,"_monsterinsights_sitenote_note":"","_monsterinsights_sitenote_category":0},"product_brand":[309],"product_cat":[73,75,37,72],"product_tag":[320,263,264,321,322],"class_list":{"0":"post-10788","1":"product","2":"type-product","3":"status-publish","4":"has-post-thumbnail","6":"product_brand-xerafy","7":"product_cat-demirbas-rfid-tagleri","8":"product_cat-metal-ustu-rfid-tagler-rfid-tagler","9":"product_cat-rfid-etiketler","10":"product_cat-rfid-tagler","11":"product_tag-titanium","12":"product_tag-uhf-rfid-tag","13":"product_tag-xerafy","14":"product_tag-xerafy-titanium","15":"product_tag-xerafy-titanium-uhf-rfid-tag","17":"first","18":"instock","19":"shipping-taxable","20":"purchasable","21":"product-type-simple"},"yoast_head":"<!-- This site is optimized with the Yoast SEO plugin v26.6 - https:\/\/yoast.com\/wordpress\/plugins\/seo\/ -->\n<title>XERAFY Titanium UHF RFID Tag - RFID Depo<\/title>\n<meta name=\"description\" content=\"XERAFY Titanium UHF RFID Tag, metal y\u00fczeylerde uzun menzil okuma saglayan dayanikli pasif RFID etiketi. RFID Demirbas Takip Sistemi, RFID Cerrahi Alet Takip Sistemi ve RFID Lastik Takip Sistemi i\u00e7in ideal.\" \/>\n<meta name=\"robots\" content=\"index, follow, max-snippet:-1, max-image-preview:large, max-video-preview:-1\" \/>\n<link rel=\"canonical\" href=\"https:\/\/rfiddepo.com\/en\/urunlerimiz\/xerafy-titanium-uhf-rfid-tag\/\" \/>\n<meta property=\"og:locale\" content=\"en_US\" \/>\n<meta property=\"og:type\" content=\"article\" \/>\n<meta property=\"og:title\" content=\"XERAFY Titanium UHF RFID Tag - RFID Depo\" \/>\n<meta property=\"og:description\" content=\"XERAFY Titanium UHF RFID Tag, metal y\u00fczeylerde uzun menzil okuma saglayan dayanikli pasif RFID etiketi. RFID Demirbas Takip Sistemi, RFID Cerrahi Alet Takip Sistemi ve RFID Lastik Takip Sistemi i\u00e7in ideal.\" \/>\n<meta property=\"og:url\" content=\"https:\/\/rfiddepo.com\/en\/urunlerimiz\/xerafy-titanium-uhf-rfid-tag\/\" \/>\n<meta property=\"og:site_name\" content=\"RFID Depo\" \/>\n<meta property=\"article:modified_time\" content=\"2025-10-14T15:28:50+00:00\" \/>\n<meta property=\"og:image\" content=\"https:\/\/rfiddepo.com\/wp-content\/uploads\/2022\/10\/xerafy-titanium-metal-ustu-sert-etiket-2776e7.jpg\" \/>\n\t<meta property=\"og:image:width\" content=\"1500\" \/>\n\t<meta property=\"og:image:height\" content=\"1000\" \/>\n\t<meta property=\"og:image:type\" content=\"image\/jpeg\" \/>\n<meta name=\"twitter:card\" content=\"summary_large_image\" \/>\n<meta name=\"twitter:label1\" content=\"Est. reading time\" \/>\n\t<meta name=\"twitter:data1\" content=\"1 minute\" \/>\n<script type=\"application\/ld+json\" class=\"yoast-schema-graph\">{\"@context\":\"https:\/\/schema.org\",\"@graph\":[{\"@type\":\"WebPage\",\"@id\":\"https:\/\/rfiddepo.com\/en\/urunlerimiz\/xerafy-titanium-uhf-rfid-tag\/\",\"url\":\"https:\/\/rfiddepo.com\/en\/urunlerimiz\/xerafy-titanium-uhf-rfid-tag\/\",\"name\":\"XERAFY Titanium UHF RFID Tag - RFID Depo\",\"isPartOf\":{\"@id\":\"https:\/\/rfiddepo.com\/en\/#website\"},\"primaryImageOfPage\":{\"@id\":\"https:\/\/rfiddepo.com\/en\/urunlerimiz\/xerafy-titanium-uhf-rfid-tag\/#primaryimage\"},\"image\":{\"@id\":\"https:\/\/rfiddepo.com\/en\/urunlerimiz\/xerafy-titanium-uhf-rfid-tag\/#primaryimage\"},\"thumbnailUrl\":\"https:\/\/rfiddepo.com\/wp-content\/uploads\/2022\/10\/xerafy-titanium-metal-ustu-sert-etiket-2776e7.jpg\",\"datePublished\":\"2022-10-20T15:27:43+00:00\",\"dateModified\":\"2025-10-14T15:28:50+00:00\",\"description\":\"XERAFY Titanium UHF RFID Tag, metal y\u00fczeylerde uzun menzil okuma saglayan dayanikli pasif RFID etiketi. RFID Demirbas Takip Sistemi, RFID Cerrahi Alet Takip Sistemi ve RFID Lastik Takip Sistemi i\u00e7in ideal.\",\"breadcrumb\":{\"@id\":\"https:\/\/rfiddepo.com\/en\/urunlerimiz\/xerafy-titanium-uhf-rfid-tag\/#breadcrumb\"},\"inLanguage\":\"en-US\",\"potentialAction\":[{\"@type\":\"ReadAction\",\"target\":[\"https:\/\/rfiddepo.com\/en\/urunlerimiz\/xerafy-titanium-uhf-rfid-tag\/\"]}]},{\"@type\":\"ImageObject\",\"inLanguage\":\"en-US\",\"@id\":\"https:\/\/rfiddepo.com\/en\/urunlerimiz\/xerafy-titanium-uhf-rfid-tag\/#primaryimage\",\"url\":\"https:\/\/rfiddepo.com\/wp-content\/uploads\/2022\/10\/xerafy-titanium-metal-ustu-sert-etiket-2776e7.jpg\",\"contentUrl\":\"https:\/\/rfiddepo.com\/wp-content\/uploads\/2022\/10\/xerafy-titanium-metal-ustu-sert-etiket-2776e7.jpg\",\"width\":1500,\"height\":1000},{\"@type\":\"BreadcrumbList\",\"@id\":\"https:\/\/rfiddepo.com\/en\/urunlerimiz\/xerafy-titanium-uhf-rfid-tag\/#breadcrumb\",\"itemListElement\":[{\"@type\":\"ListItem\",\"position\":1,\"name\":\"Anasayfa\",\"item\":\"https:\/\/rfiddepo.com\/en\/\"},{\"@type\":\"ListItem\",\"position\":2,\"name\":\"Urunler\",\"item\":\"https:\/\/rfiddepo.com\/urunler\/\"},{\"@type\":\"ListItem\",\"position\":3,\"name\":\"XERAFY Titanium UHF RFID Tag\"}]},{\"@type\":\"WebSite\",\"@id\":\"https:\/\/rfiddepo.com\/en\/#website\",\"url\":\"https:\/\/rfiddepo.com\/en\/\",\"name\":\"RFID Depo\",\"description\":\"\",\"publisher\":{\"@id\":\"https:\/\/rfiddepo.com\/en\/#organization\"},\"potentialAction\":[{\"@type\":\"SearchAction\",\"target\":{\"@type\":\"EntryPoint\",\"urlTemplate\":\"https:\/\/rfiddepo.com\/en\/?s={search_term_string}\"},\"query-input\":{\"@type\":\"PropertyValueSpecification\",\"valueRequired\":true,\"valueName\":\"search_term_string\"}}],\"inLanguage\":\"en-US\"},{\"@type\":\"Organization\",\"@id\":\"https:\/\/rfiddepo.com\/en\/#organization\",\"name\":\"%%sitename%%\",\"url\":\"https:\/\/rfiddepo.com\/en\/\",\"logo\":{\"@type\":\"ImageObject\",\"inLanguage\":\"en-US\",\"@id\":\"https:\/\/rfiddepo.com\/en\/#\/schema\/logo\/image\/\",\"url\":\"https:\/\/rfiddepo.com\/wp-content\/uploads\/2025\/09\/rfiddepo-logo.png\",\"contentUrl\":\"https:\/\/rfiddepo.com\/wp-content\/uploads\/2025\/09\/rfiddepo-logo.png\",\"width\":500,\"height\":106,\"caption\":\"%%sitename%%\"},\"image\":{\"@id\":\"https:\/\/rfiddepo.com\/en\/#\/schema\/logo\/image\/\"}}]}<\/script>\n<!-- \/ Yoast SEO plugin. -->","yoast_head_json":{"title":"XERAFY Titanium UHF RFID Tag - RFID Depo","description":"XERAFY Titanium UHF RFID Tag, metal y\u00fczeylerde uzun menzil okuma saglayan dayanikli pasif RFID etiketi. RFID Demirbas Takip Sistemi, RFID Cerrahi Alet Takip Sistemi ve RFID Lastik Takip Sistemi i\u00e7in ideal.","robots":{"index":"index","follow":"follow","max-snippet":"max-snippet:-1","max-image-preview":"max-image-preview:large","max-video-preview":"max-video-preview:-1"},"canonical":"https:\/\/rfiddepo.com\/en\/urunlerimiz\/xerafy-titanium-uhf-rfid-tag\/","og_locale":"en_US","og_type":"article","og_title":"XERAFY Titanium UHF RFID Tag - RFID Depo","og_description":"XERAFY Titanium UHF RFID Tag, metal y\u00fczeylerde uzun menzil okuma saglayan dayanikli pasif RFID etiketi. RFID Demirbas Takip Sistemi, RFID Cerrahi Alet Takip Sistemi ve RFID Lastik Takip Sistemi i\u00e7in ideal.","og_url":"https:\/\/rfiddepo.com\/en\/urunlerimiz\/xerafy-titanium-uhf-rfid-tag\/","og_site_name":"RFID Depo","article_modified_time":"2025-10-14T15:28:50+00:00","og_image":[{"width":1500,"height":1000,"url":"https:\/\/rfiddepo.com\/wp-content\/uploads\/2022\/10\/xerafy-titanium-metal-ustu-sert-etiket-2776e7.jpg","type":"image\/jpeg"}],"twitter_card":"summary_large_image","twitter_misc":{"Est. reading time":"1 minute"},"schema":{"@context":"https:\/\/schema.org","@graph":[{"@type":"WebPage","@id":"https:\/\/rfiddepo.com\/en\/urunlerimiz\/xerafy-titanium-uhf-rfid-tag\/","url":"https:\/\/rfiddepo.com\/en\/urunlerimiz\/xerafy-titanium-uhf-rfid-tag\/","name":"XERAFY Titanium UHF RFID Tag - RFID Depo","isPartOf":{"@id":"https:\/\/rfiddepo.com\/en\/#website"},"primaryImageOfPage":{"@id":"https:\/\/rfiddepo.com\/en\/urunlerimiz\/xerafy-titanium-uhf-rfid-tag\/#primaryimage"},"image":{"@id":"https:\/\/rfiddepo.com\/en\/urunlerimiz\/xerafy-titanium-uhf-rfid-tag\/#primaryimage"},"thumbnailUrl":"https:\/\/rfiddepo.com\/wp-content\/uploads\/2022\/10\/xerafy-titanium-metal-ustu-sert-etiket-2776e7.jpg","datePublished":"2022-10-20T15:27:43+00:00","dateModified":"2025-10-14T15:28:50+00:00","description":"XERAFY Titanium UHF RFID Tag, metal y\u00fczeylerde uzun menzil okuma saglayan dayanikli pasif RFID etiketi. RFID Demirbas Takip Sistemi, RFID Cerrahi Alet Takip Sistemi ve RFID Lastik Takip Sistemi i\u00e7in ideal.","breadcrumb":{"@id":"https:\/\/rfiddepo.com\/en\/urunlerimiz\/xerafy-titanium-uhf-rfid-tag\/#breadcrumb"},"inLanguage":"en-US","potentialAction":[{"@type":"ReadAction","target":["https:\/\/rfiddepo.com\/en\/urunlerimiz\/xerafy-titanium-uhf-rfid-tag\/"]}]},{"@type":"ImageObject","inLanguage":"en-US","@id":"https:\/\/rfiddepo.com\/en\/urunlerimiz\/xerafy-titanium-uhf-rfid-tag\/#primaryimage","url":"https:\/\/rfiddepo.com\/wp-content\/uploads\/2022\/10\/xerafy-titanium-metal-ustu-sert-etiket-2776e7.jpg","contentUrl":"https:\/\/rfiddepo.com\/wp-content\/uploads\/2022\/10\/xerafy-titanium-metal-ustu-sert-etiket-2776e7.jpg","width":1500,"height":1000},{"@type":"BreadcrumbList","@id":"https:\/\/rfiddepo.com\/en\/urunlerimiz\/xerafy-titanium-uhf-rfid-tag\/#breadcrumb","itemListElement":[{"@type":"ListItem","position":1,"name":"Anasayfa","item":"https:\/\/rfiddepo.com\/en\/"},{"@type":"ListItem","position":2,"name":"Urunler","item":"https:\/\/rfiddepo.com\/urunler\/"},{"@type":"ListItem","position":3,"name":"XERAFY Titanium UHF RFID Tag"}]},{"@type":"WebSite","@id":"https:\/\/rfiddepo.com\/en\/#website","url":"https:\/\/rfiddepo.com\/en\/","name":"RFID Depo","description":"","publisher":{"@id":"https:\/\/rfiddepo.com\/en\/#organization"},"potentialAction":[{"@type":"SearchAction","target":{"@type":"EntryPoint","urlTemplate":"https:\/\/rfiddepo.com\/en\/?s={search_term_string}"},"query-input":{"@type":"PropertyValueSpecification","valueRequired":true,"valueName":"search_term_string"}}],"inLanguage":"en-US"},{"@type":"Organization","@id":"https:\/\/rfiddepo.com\/en\/#organization","name":"%%sitename%%","url":"https:\/\/rfiddepo.com\/en\/","logo":{"@type":"ImageObject","inLanguage":"en-US","@id":"https:\/\/rfiddepo.com\/en\/#\/schema\/logo\/image\/","url":"https:\/\/rfiddepo.com\/wp-content\/uploads\/2025\/09\/rfiddepo-logo.png","contentUrl":"https:\/\/rfiddepo.com\/wp-content\/uploads\/2025\/09\/rfiddepo-logo.png","width":500,"height":106,"caption":"%%sitename%%"},"image":{"@id":"https:\/\/rfiddepo.com\/en\/#\/schema\/logo\/image\/"}}]}},"_links":{"self":[{"href":"https:\/\/rfiddepo.com\/en\/wp-json\/wp\/v2\/product\/10788","targetHints":{"allow":["GET"]}}],"collection":[{"href":"https:\/\/rfiddepo.com\/en\/wp-json\/wp\/v2\/product"}],"about":[{"href":"https:\/\/rfiddepo.com\/en\/wp-json\/wp\/v2\/types\/product"}],"replies":[{"embeddable":true,"href":"https:\/\/rfiddepo.com\/en\/wp-json\/wp\/v2\/comments?post=10788"}],"wp:featuredmedia":[{"embeddable":true,"href":"https:\/\/rfiddepo.com\/en\/wp-json\/wp\/v2\/media\/147725"}],"wp:attachment":[{"href":"https:\/\/rfiddepo.com\/en\/wp-json\/wp\/v2\/media?parent=10788"}],"wp:term":[{"taxonomy":"product_brand","embeddable":true,"href":"https:\/\/rfiddepo.com\/en\/wp-json\/wp\/v2\/product_brand?post=10788"},{"taxonomy":"product_cat","embeddable":true,"href":"https:\/\/rfiddepo.com\/en\/wp-json\/wp\/v2\/product_cat?post=10788"},{"taxonomy":"product_tag","embeddable":true,"href":"https:\/\/rfiddepo.com\/en\/wp-json\/wp\/v2\/product_tag?post=10788"}],"curies":[{"name":"wp","href":"https:\/\/api.w.org\/{rel}","templated":true}]}}