{"id":10776,"date":"2022-10-20T11:36:24","date_gmt":"2022-10-20T11:36:24","guid":{"rendered":"http:\/\/www.test.rfiddepo.com\/?post_type=product&#038;p=10776"},"modified":"2025-10-14T15:26:53","modified_gmt":"2025-10-14T15:26:53","slug":"xerafy-slim-trak-uhf-rfid-tag","status":"publish","type":"product","link":"https:\/\/rfiddepo.com\/en\/urunlerimiz\/xerafy-slim-trak-uhf-rfid-tag\/","title":{"rendered":"XERAFY Slim Trak UHF RF\u0130D Tag"},"content":{"rendered":"<p>&nbsp;<\/p>\n<table class=\"blueTable\">\n<tbody>\n<tr>\n<td><strong><span style=\"vertical-align: inherit;\"><span style=\"vertical-align: inherit;\">Product Name<\/span><\/span><\/strong><\/td>\n<td>XERAFY Slim Trak UHF RF\u0130D Tag<\/td>\n<\/tr>\n<tr>\n<td><strong><span style=\"vertical-align: inherit;\"><span style=\"vertical-align: inherit;\">Operating Frequency<\/span><\/span><\/strong><\/td>\n<td><span style=\"vertical-align: inherit;\"><span style=\"vertical-align: inherit;\">860-960 MHz ( Global )<\/span><\/span><\/td>\n<\/tr>\n<tr>\n<td><strong><span style=\"vertical-align: inherit;\"><span style=\"vertical-align: inherit;\">Dimensions<\/span><\/span><\/strong><\/td>\n<td><span style=\"vertical-align: inherit;\"><span style=\"vertical-align: inherit;\">56.5 x 5.95 x 1.3 mm<\/span><\/span><\/td>\n<\/tr>\n<tr>\n<td><strong><span style=\"vertical-align: inherit;\"><span style=\"vertical-align: inherit;\">Memory<\/span><\/span><\/strong><\/td>\n<td><span style=\"vertical-align: inherit;\">EPC &#8211; 96 bit <\/span><br \/>\n<span style=\"vertical-align: inherit;\">User \u2013 512 bits (optional) <\/span><br \/>\n<span style=\"vertical-align: inherit;\">Unique TID \u2013 64-bit<\/span><\/td>\n<\/tr>\n<tr>\n<td><strong><span style=\"vertical-align: inherit;\"><span style=\"vertical-align: inherit;\">Reading Distance<\/span><\/span><\/strong><\/td>\n<td>\n<div class=\"spec-content\">\n<p><span style=\"vertical-align: inherit;\"><span style=\"vertical-align: inherit;\">0-2m (2W ERP)<\/span><\/span><\/p>\n<\/div>\n<\/td>\n<\/tr>\n<tr>\n<td><b><span style=\"vertical-align: inherit;\"><span style=\"vertical-align: inherit;\">Area of use<\/span><\/span><\/b><\/td>\n<td><span style=\"vertical-align: inherit;\"><span style=\"vertical-align: inherit;\">Fixed Asset Tracking Projects, Industrial Applications<\/span><\/span><\/td>\n<\/tr>\n<tr>\n<td><strong><span style=\"vertical-align: inherit;\"><span style=\"vertical-align: inherit;\">IP derecelendirme<\/span><\/span><\/strong><\/td>\n<td><span style=\"vertical-align: inherit;\"><span style=\"vertical-align: inherit;\">IP68<\/span><\/span><\/td>\n<\/tr>\n<tr>\n<td><strong><span style=\"vertical-align: inherit;\"><span style=\"vertical-align: inherit;\">Operating Temperature<\/span><\/span><\/strong><\/td>\n<td><span style=\"vertical-align: inherit;\"><span style=\"vertical-align: inherit;\">\u201340\u00b0C ila +85\u00b0C ,<\/span><\/span><\/td>\n<\/tr>\n<tr>\n<td><strong><span style=\"vertical-align: inherit;\"><span style=\"vertical-align: inherit;\">Uygulama S\u0131cakl\u0131\u011f\u0131<\/span><\/span><\/strong><\/td>\n<td><span style=\"vertical-align: inherit;\"><span style=\"vertical-align: inherit;\">\u201340\u00b0C ila +150\u00b0C ,<\/span><\/span><\/td>\n<\/tr>\n<tr>\n<td><strong><span style=\"vertical-align: inherit;\"><span style=\"vertical-align: inherit;\">Chip<\/span><\/span><\/strong><\/td>\n<td><span style=\"vertical-align: inherit;\"><span style=\"vertical-align: inherit;\">Alien Higgs-3 <\/span><\/span><\/td>\n<\/tr>\n<tr>\n<td><strong><span style=\"vertical-align: inherit;\"><span style=\"vertical-align: inherit;\">Brand<\/span><\/span><\/strong><\/td>\n<td><a href=\"\/marka\/xerafy\/\"><img decoding=\"async\" src=\"\/wp-content\/uploads\/2022\/10\/29ff0d57-3022-433f-a68c-d054e169c50b-300x60.png\" alt=\"\" width=\"300\" height=\"60\" class=\"alignnone size-medium wp-image-148930\" srcset=\"https:\/\/rfiddepo.com\/wp-content\/uploads\/2022\/10\/29ff0d57-3022-433f-a68c-d054e169c50b-300x60.png 300w, https:\/\/rfiddepo.com\/wp-content\/uploads\/2022\/10\/29ff0d57-3022-433f-a68c-d054e169c50b.png 600w\" sizes=\"(max-width: 300px) 100vw, 300px\" \/><\/a><\/td>\n<\/tr>\n<\/tbody>\n<\/table>\n<h2 style=\"font-size: 25px;\">XERAFY Slim Trak UHF RFID Tag<\/h2>\n<p>XERAFY Slim Trak UHF RFID Tag is a passive UHF RFID tag capable of long-range reading on metal surfaces. This RFID tag features a robust design for long-term use in outdoor and industrial environments.<\/p>\n<p>XERAFY Slim Trak delivers reliable performance in applications such as RFID Asset Tracking Systems and RFID Tire Tracking Systems. Its durable construction ensures reliable reading in harsh environmental conditions.<\/p>\n<h3 style=\"font-size: 25px;\">Key Features<\/h3>\n<ul>\n<li>Long-range reading on metal surfaces<\/li>\n<li>Passive UHF RFID technology<\/li>\n<li>Sturdy and durable design<\/li>\n<li>Suitable for outdoor environments and industrial applications<\/li>\n<\/ul>","protected":false},"excerpt":{"rendered":"<p class=\" translation-block\">XERAFY Slim Trak UHF RFID Tag is a passive UHF RFID Tag capable of long-range reading on metal surfaces. <br>\nXERAFY Slim Trak UHF RFID Tag features a robust design for long-term use in outdoor and industrial environments.<\/p>\n<div class=\"datasheet\"><a href=\"\/wp-content\/uploads\/2025\/09\/slim-trak.pdf\" target=\"_blank\" class=\"datasheet-btn\" rel=\"noopener\"><br \/>\n\ud83d\udcc4 Datasheet<br \/>\n<\/a><\/div>","protected":false},"featured_media":147742,"comment_status":"closed","ping_status":"closed","template":"","meta":{"_monsterinsights_skip_tracking":false,"_monsterinsights_sitenote_active":false,"_monsterinsights_sitenote_note":"","_monsterinsights_sitenote_category":0},"product_brand":[309],"product_cat":[73,75,37,72],"product_tag":[332,263,264,333,377],"class_list":{"0":"post-10776","1":"product","2":"type-product","3":"status-publish","4":"has-post-thumbnail","6":"product_brand-xerafy","7":"product_cat-demirbas-rfid-tagleri","8":"product_cat-metal-ustu-rfid-tagler-rfid-tagler","9":"product_cat-rfid-etiketler","10":"product_cat-rfid-tagler","11":"product_tag-slim-trak","12":"product_tag-uhf-rfid-tag","13":"product_tag-xerafy","14":"product_tag-xerafy-slim-trak","15":"product_tag-xerafy-slim-trak-uhf-rfid-tag","17":"first","18":"instock","19":"shipping-taxable","20":"purchasable","21":"product-type-simple"},"yoast_head":"<!-- This site is optimized with the Yoast SEO plugin v26.6 - https:\/\/yoast.com\/wordpress\/plugins\/seo\/ -->\n<title>XERAFY Slim Trak UHF RF\u0130D Tag - RFID Depo<\/title>\n<meta name=\"description\" content=\"XERAFY Slim Trak UHF RFID Tag, metal y\u00fczeylerde uzun menzil okuma saglayan pasif bir UHF RFID etikettir. Dis ortam ve end\u00fcstriyel kullanimlar i\u00e7in dayanikli bir tasarima sahiptir.\" \/>\n<meta name=\"robots\" content=\"index, follow, max-snippet:-1, max-image-preview:large, max-video-preview:-1\" \/>\n<link rel=\"canonical\" href=\"https:\/\/rfiddepo.com\/en\/urunlerimiz\/xerafy-slim-trak-uhf-rfid-tag\/\" \/>\n<meta property=\"og:locale\" content=\"en_US\" \/>\n<meta property=\"og:type\" content=\"article\" \/>\n<meta property=\"og:title\" content=\"XERAFY Slim Trak UHF RF\u0130D Tag - RFID Depo\" \/>\n<meta property=\"og:description\" content=\"XERAFY Slim Trak UHF RFID Tag, metal y\u00fczeylerde uzun menzil okuma saglayan pasif bir UHF RFID etikettir. Dis ortam ve end\u00fcstriyel kullanimlar i\u00e7in dayanikli bir tasarima sahiptir.\" \/>\n<meta property=\"og:url\" content=\"https:\/\/rfiddepo.com\/en\/urunlerimiz\/xerafy-slim-trak-uhf-rfid-tag\/\" \/>\n<meta property=\"og:site_name\" content=\"RFID Depo\" \/>\n<meta property=\"article:modified_time\" content=\"2025-10-14T15:26:53+00:00\" \/>\n<meta property=\"og:image\" content=\"https:\/\/rfiddepo.com\/wp-content\/uploads\/2022\/10\/xerafy-slim-trak-f28c-4.jpg\" \/>\n\t<meta property=\"og:image:width\" content=\"1500\" \/>\n\t<meta property=\"og:image:height\" content=\"1000\" \/>\n\t<meta property=\"og:image:type\" content=\"image\/jpeg\" \/>\n<meta name=\"twitter:card\" content=\"summary_large_image\" \/>\n<meta name=\"twitter:label1\" content=\"Est. reading time\" \/>\n\t<meta name=\"twitter:data1\" content=\"1 minute\" \/>\n<script type=\"application\/ld+json\" class=\"yoast-schema-graph\">{\"@context\":\"https:\/\/schema.org\",\"@graph\":[{\"@type\":\"WebPage\",\"@id\":\"https:\/\/rfiddepo.com\/en\/urunlerimiz\/xerafy-slim-trak-uhf-rfid-tag\/\",\"url\":\"https:\/\/rfiddepo.com\/en\/urunlerimiz\/xerafy-slim-trak-uhf-rfid-tag\/\",\"name\":\"XERAFY Slim Trak UHF RF\u0130D Tag - RFID Depo\",\"isPartOf\":{\"@id\":\"https:\/\/rfiddepo.com\/en\/#website\"},\"primaryImageOfPage\":{\"@id\":\"https:\/\/rfiddepo.com\/en\/urunlerimiz\/xerafy-slim-trak-uhf-rfid-tag\/#primaryimage\"},\"image\":{\"@id\":\"https:\/\/rfiddepo.com\/en\/urunlerimiz\/xerafy-slim-trak-uhf-rfid-tag\/#primaryimage\"},\"thumbnailUrl\":\"https:\/\/rfiddepo.com\/wp-content\/uploads\/2022\/10\/xerafy-slim-trak-f28c-4.jpg\",\"datePublished\":\"2022-10-20T11:36:24+00:00\",\"dateModified\":\"2025-10-14T15:26:53+00:00\",\"description\":\"XERAFY Slim Trak UHF RFID Tag, metal y\u00fczeylerde uzun menzil okuma saglayan pasif bir UHF RFID etikettir. Dis ortam ve end\u00fcstriyel kullanimlar i\u00e7in dayanikli bir tasarima sahiptir.\",\"breadcrumb\":{\"@id\":\"https:\/\/rfiddepo.com\/en\/urunlerimiz\/xerafy-slim-trak-uhf-rfid-tag\/#breadcrumb\"},\"inLanguage\":\"en-US\",\"potentialAction\":[{\"@type\":\"ReadAction\",\"target\":[\"https:\/\/rfiddepo.com\/en\/urunlerimiz\/xerafy-slim-trak-uhf-rfid-tag\/\"]}]},{\"@type\":\"ImageObject\",\"inLanguage\":\"en-US\",\"@id\":\"https:\/\/rfiddepo.com\/en\/urunlerimiz\/xerafy-slim-trak-uhf-rfid-tag\/#primaryimage\",\"url\":\"https:\/\/rfiddepo.com\/wp-content\/uploads\/2022\/10\/xerafy-slim-trak-f28c-4.jpg\",\"contentUrl\":\"https:\/\/rfiddepo.com\/wp-content\/uploads\/2022\/10\/xerafy-slim-trak-f28c-4.jpg\",\"width\":1500,\"height\":1000},{\"@type\":\"BreadcrumbList\",\"@id\":\"https:\/\/rfiddepo.com\/en\/urunlerimiz\/xerafy-slim-trak-uhf-rfid-tag\/#breadcrumb\",\"itemListElement\":[{\"@type\":\"ListItem\",\"position\":1,\"name\":\"Anasayfa\",\"item\":\"https:\/\/rfiddepo.com\/en\/\"},{\"@type\":\"ListItem\",\"position\":2,\"name\":\"Urunler\",\"item\":\"https:\/\/rfiddepo.com\/urunler\/\"},{\"@type\":\"ListItem\",\"position\":3,\"name\":\"XERAFY Slim Trak UHF RF\u0130D Tag\"}]},{\"@type\":\"WebSite\",\"@id\":\"https:\/\/rfiddepo.com\/en\/#website\",\"url\":\"https:\/\/rfiddepo.com\/en\/\",\"name\":\"RFID Depo\",\"description\":\"\",\"publisher\":{\"@id\":\"https:\/\/rfiddepo.com\/en\/#organization\"},\"potentialAction\":[{\"@type\":\"SearchAction\",\"target\":{\"@type\":\"EntryPoint\",\"urlTemplate\":\"https:\/\/rfiddepo.com\/en\/?s={search_term_string}\"},\"query-input\":{\"@type\":\"PropertyValueSpecification\",\"valueRequired\":true,\"valueName\":\"search_term_string\"}}],\"inLanguage\":\"en-US\"},{\"@type\":\"Organization\",\"@id\":\"https:\/\/rfiddepo.com\/en\/#organization\",\"name\":\"%%sitename%%\",\"url\":\"https:\/\/rfiddepo.com\/en\/\",\"logo\":{\"@type\":\"ImageObject\",\"inLanguage\":\"en-US\",\"@id\":\"https:\/\/rfiddepo.com\/en\/#\/schema\/logo\/image\/\",\"url\":\"https:\/\/rfiddepo.com\/wp-content\/uploads\/2025\/09\/rfiddepo-logo.png\",\"contentUrl\":\"https:\/\/rfiddepo.com\/wp-content\/uploads\/2025\/09\/rfiddepo-logo.png\",\"width\":500,\"height\":106,\"caption\":\"%%sitename%%\"},\"image\":{\"@id\":\"https:\/\/rfiddepo.com\/en\/#\/schema\/logo\/image\/\"}}]}<\/script>\n<!-- \/ Yoast SEO plugin. -->","yoast_head_json":{"title":"XERAFY Slim Trak UHF RF\u0130D Tag - RFID Depo","description":"XERAFY Slim Trak UHF RFID Tag, metal y\u00fczeylerde uzun menzil okuma saglayan pasif bir UHF RFID etikettir. Dis ortam ve end\u00fcstriyel kullanimlar i\u00e7in dayanikli bir tasarima sahiptir.","robots":{"index":"index","follow":"follow","max-snippet":"max-snippet:-1","max-image-preview":"max-image-preview:large","max-video-preview":"max-video-preview:-1"},"canonical":"https:\/\/rfiddepo.com\/en\/urunlerimiz\/xerafy-slim-trak-uhf-rfid-tag\/","og_locale":"en_US","og_type":"article","og_title":"XERAFY Slim Trak UHF RF\u0130D Tag - RFID Depo","og_description":"XERAFY Slim Trak UHF RFID Tag, metal y\u00fczeylerde uzun menzil okuma saglayan pasif bir UHF RFID etikettir. Dis ortam ve end\u00fcstriyel kullanimlar i\u00e7in dayanikli bir tasarima sahiptir.","og_url":"https:\/\/rfiddepo.com\/en\/urunlerimiz\/xerafy-slim-trak-uhf-rfid-tag\/","og_site_name":"RFID Depo","article_modified_time":"2025-10-14T15:26:53+00:00","og_image":[{"width":1500,"height":1000,"url":"https:\/\/rfiddepo.com\/wp-content\/uploads\/2022\/10\/xerafy-slim-trak-f28c-4.jpg","type":"image\/jpeg"}],"twitter_card":"summary_large_image","twitter_misc":{"Est. reading time":"1 minute"},"schema":{"@context":"https:\/\/schema.org","@graph":[{"@type":"WebPage","@id":"https:\/\/rfiddepo.com\/en\/urunlerimiz\/xerafy-slim-trak-uhf-rfid-tag\/","url":"https:\/\/rfiddepo.com\/en\/urunlerimiz\/xerafy-slim-trak-uhf-rfid-tag\/","name":"XERAFY Slim Trak UHF RF\u0130D Tag - RFID Depo","isPartOf":{"@id":"https:\/\/rfiddepo.com\/en\/#website"},"primaryImageOfPage":{"@id":"https:\/\/rfiddepo.com\/en\/urunlerimiz\/xerafy-slim-trak-uhf-rfid-tag\/#primaryimage"},"image":{"@id":"https:\/\/rfiddepo.com\/en\/urunlerimiz\/xerafy-slim-trak-uhf-rfid-tag\/#primaryimage"},"thumbnailUrl":"https:\/\/rfiddepo.com\/wp-content\/uploads\/2022\/10\/xerafy-slim-trak-f28c-4.jpg","datePublished":"2022-10-20T11:36:24+00:00","dateModified":"2025-10-14T15:26:53+00:00","description":"XERAFY Slim Trak UHF RFID Tag, metal y\u00fczeylerde uzun menzil okuma saglayan pasif bir UHF RFID etikettir. Dis ortam ve end\u00fcstriyel kullanimlar i\u00e7in dayanikli bir tasarima sahiptir.","breadcrumb":{"@id":"https:\/\/rfiddepo.com\/en\/urunlerimiz\/xerafy-slim-trak-uhf-rfid-tag\/#breadcrumb"},"inLanguage":"en-US","potentialAction":[{"@type":"ReadAction","target":["https:\/\/rfiddepo.com\/en\/urunlerimiz\/xerafy-slim-trak-uhf-rfid-tag\/"]}]},{"@type":"ImageObject","inLanguage":"en-US","@id":"https:\/\/rfiddepo.com\/en\/urunlerimiz\/xerafy-slim-trak-uhf-rfid-tag\/#primaryimage","url":"https:\/\/rfiddepo.com\/wp-content\/uploads\/2022\/10\/xerafy-slim-trak-f28c-4.jpg","contentUrl":"https:\/\/rfiddepo.com\/wp-content\/uploads\/2022\/10\/xerafy-slim-trak-f28c-4.jpg","width":1500,"height":1000},{"@type":"BreadcrumbList","@id":"https:\/\/rfiddepo.com\/en\/urunlerimiz\/xerafy-slim-trak-uhf-rfid-tag\/#breadcrumb","itemListElement":[{"@type":"ListItem","position":1,"name":"Anasayfa","item":"https:\/\/rfiddepo.com\/en\/"},{"@type":"ListItem","position":2,"name":"Urunler","item":"https:\/\/rfiddepo.com\/urunler\/"},{"@type":"ListItem","position":3,"name":"XERAFY Slim Trak UHF RF\u0130D Tag"}]},{"@type":"WebSite","@id":"https:\/\/rfiddepo.com\/en\/#website","url":"https:\/\/rfiddepo.com\/en\/","name":"RFID Depo","description":"","publisher":{"@id":"https:\/\/rfiddepo.com\/en\/#organization"},"potentialAction":[{"@type":"SearchAction","target":{"@type":"EntryPoint","urlTemplate":"https:\/\/rfiddepo.com\/en\/?s={search_term_string}"},"query-input":{"@type":"PropertyValueSpecification","valueRequired":true,"valueName":"search_term_string"}}],"inLanguage":"en-US"},{"@type":"Organization","@id":"https:\/\/rfiddepo.com\/en\/#organization","name":"%%sitename%%","url":"https:\/\/rfiddepo.com\/en\/","logo":{"@type":"ImageObject","inLanguage":"en-US","@id":"https:\/\/rfiddepo.com\/en\/#\/schema\/logo\/image\/","url":"https:\/\/rfiddepo.com\/wp-content\/uploads\/2025\/09\/rfiddepo-logo.png","contentUrl":"https:\/\/rfiddepo.com\/wp-content\/uploads\/2025\/09\/rfiddepo-logo.png","width":500,"height":106,"caption":"%%sitename%%"},"image":{"@id":"https:\/\/rfiddepo.com\/en\/#\/schema\/logo\/image\/"}}]}},"_links":{"self":[{"href":"https:\/\/rfiddepo.com\/en\/wp-json\/wp\/v2\/product\/10776","targetHints":{"allow":["GET"]}}],"collection":[{"href":"https:\/\/rfiddepo.com\/en\/wp-json\/wp\/v2\/product"}],"about":[{"href":"https:\/\/rfiddepo.com\/en\/wp-json\/wp\/v2\/types\/product"}],"replies":[{"embeddable":true,"href":"https:\/\/rfiddepo.com\/en\/wp-json\/wp\/v2\/comments?post=10776"}],"wp:featuredmedia":[{"embeddable":true,"href":"https:\/\/rfiddepo.com\/en\/wp-json\/wp\/v2\/media\/147742"}],"wp:attachment":[{"href":"https:\/\/rfiddepo.com\/en\/wp-json\/wp\/v2\/media?parent=10776"}],"wp:term":[{"taxonomy":"product_brand","embeddable":true,"href":"https:\/\/rfiddepo.com\/en\/wp-json\/wp\/v2\/product_brand?post=10776"},{"taxonomy":"product_cat","embeddable":true,"href":"https:\/\/rfiddepo.com\/en\/wp-json\/wp\/v2\/product_cat?post=10776"},{"taxonomy":"product_tag","embeddable":true,"href":"https:\/\/rfiddepo.com\/en\/wp-json\/wp\/v2\/product_tag?post=10776"}],"curies":[{"name":"wp","href":"https:\/\/api.w.org\/{rel}","templated":true}]}}