{"id":10719,"date":"2022-10-18T16:02:49","date_gmt":"2022-10-18T16:02:49","guid":{"rendered":"http:\/\/www.test.rfiddepo.com\/?post_type=product&#038;p=10719"},"modified":"2025-10-14T14:46:30","modified_gmt":"2025-10-14T14:46:30","slug":"xerafy-xs-dash-uhf-rifd-tag","status":"publish","type":"product","link":"https:\/\/rfiddepo.com\/en\/urunlerimiz\/xerafy-xs-dash-uhf-rifd-tag\/","title":{"rendered":"XERAFY XS Dash UHF RFID Tag"},"content":{"rendered":"<table class=\"blueTable\">\n<tbody>\n<tr>\n<td><strong><span style=\"vertical-align: inherit;\"><span style=\"vertical-align: inherit;\">Product Name<\/span><\/span><\/strong><\/td>\n<td><span style=\"vertical-align: inherit;\"><span style=\"vertical-align: inherit;\">XERAFY XS DASH UHF RFID Tag<\/span><\/span><\/td>\n<\/tr>\n<tr>\n<td><strong><span style=\"vertical-align: inherit;\"><span style=\"vertical-align: inherit;\">Operating Frequency<\/span><\/span><\/strong><\/td>\n<td><span style=\"vertical-align: inherit;\"><span style=\"vertical-align: inherit;\">ETSI 865.6\u2013867.6 MHz or FCC\/IC 902\u2013928 MHz-<\/span><\/span><\/td>\n<\/tr>\n<tr>\n<td><strong><span style=\"vertical-align: inherit;\"><span style=\"vertical-align: inherit;\">Dimensions<\/span><\/span><\/strong><\/td>\n<td><span style=\"vertical-align: inherit;\"><span style=\"vertical-align: inherit;\">12.3 x 3 x 2,2 mm<\/span><\/span><\/td>\n<\/tr>\n<tr>\n<td><strong><span style=\"vertical-align: inherit;\"><span style=\"vertical-align: inherit;\">Memory<\/span><\/span><\/strong><\/td>\n<td><span style=\"vertical-align: inherit;\"><span style=\"vertical-align: inherit;\">EPC &#8211; 128 bit <\/span><\/span><br \/>\n<span style=\"vertical-align: inherit;\"><span style=\"vertical-align: inherit;\">User \u2013 512 bits (optional) <\/span><\/span><br \/>\n<span style=\"vertical-align: inherit;\"><span style=\"vertical-align: inherit;\">Unique TID \u2013 96 bits<\/span><\/span><\/td>\n<\/tr>\n<tr>\n<td><strong><span style=\"vertical-align: inherit;\"><span style=\"vertical-align: inherit;\">Reading Distance<\/span><\/span><\/strong><\/td>\n<td>\n<div class=\"spec-content\">\n<p><span style=\"vertical-align: inherit;\"><span style=\"vertical-align: inherit;\">0-2m(2W ERP)<\/span><\/span><\/p>\n<\/div>\n<\/td>\n<\/tr>\n<tr>\n<td><b><span style=\"vertical-align: inherit;\"><span style=\"vertical-align: inherit;\">Area of use<\/span><\/span><\/b><\/td>\n<td><span style=\"vertical-align: inherit;\"><span style=\"vertical-align: inherit;\">Fixed Asset Tracking Projects, Industrial Applications<\/span><\/span><\/td>\n<\/tr>\n<tr>\n<td><strong><span style=\"vertical-align: inherit;\"><span style=\"vertical-align: inherit;\">IP derecelendirme<\/span><\/span><\/strong><\/td>\n<td><span style=\"vertical-align: inherit;\"><span style=\"vertical-align: inherit;\">IP68\u00a0<\/span><\/span><\/td>\n<\/tr>\n<tr>\n<td><strong><span style=\"vertical-align: inherit;\"><span style=\"vertical-align: inherit;\">Operating Temperature<\/span><\/span><\/strong><\/td>\n<td><span style=\"vertical-align: inherit;\"><span style=\"vertical-align: inherit;\">\u201340\u00b0C ila +85\u00b0C ,<\/span><\/span><\/td>\n<\/tr>\n<tr>\n<td><strong><span style=\"vertical-align: inherit;\"><span style=\"vertical-align: inherit;\">Uygulama S\u0131cakl\u0131\u011f\u0131<\/span><\/span><\/strong><\/td>\n<td><span style=\"vertical-align: inherit;\"><span style=\"vertical-align: inherit;\">\u201340\u00b0C ila +150\u00b0C ,<\/span><\/span><\/td>\n<\/tr>\n<tr>\n<td><strong><span style=\"vertical-align: inherit;\"><span style=\"vertical-align: inherit;\">Chip<\/span><\/span><\/strong><\/td>\n<td><span style=\"vertical-align: inherit;\"><span style=\"vertical-align: inherit;\">NXP UCODE8, Alien Higgs-3\u00a0<\/span><\/span><\/td>\n<\/tr>\n<tr>\n<td><strong>Brand<br \/>\n<\/strong><\/td>\n<td><a href=\"\/marka\/xerafy\/\"><img decoding=\"async\" src=\"\/wp-content\/uploads\/2022\/10\/29ff0d57-3022-433f-a68c-d054e169c50b-300x60.png\" alt=\"\" width=\"300\" height=\"60\" class=\"alignnone size-medium wp-image-148930\" srcset=\"https:\/\/rfiddepo.com\/wp-content\/uploads\/2022\/10\/29ff0d57-3022-433f-a68c-d054e169c50b-300x60.png 300w, https:\/\/rfiddepo.com\/wp-content\/uploads\/2022\/10\/29ff0d57-3022-433f-a68c-d054e169c50b.png 600w\" sizes=\"(max-width: 300px) 100vw, 300px\" \/><\/a><\/td>\n<\/tr>\n<\/tbody>\n<\/table>\n<h2 style=\"font-size: 25px;\">XERAFY XS Dash UHF RFID Tag<\/h2>\n<p>The XERAFY XS Dash UHF RFID Tag is a passive UHF RFID tag with long-range reading capability on metal surfaces. It features a robust design for long-term use in industrial and outdoor environments, delivering durable and reliable performance.<\/p>\n<h3 style=\"font-size: 25px;\">Key Features<\/h3>\n<ul>\n<li>Long-range reading on metal surfaces<\/li>\n<li>Passive UHF RFID technology<\/li>\n<li>Resistant to industrial and outdoor environmental conditions<\/li>\n<li>Robust and durable design<\/li>\n<\/ul>\n<h3 style=\"font-size: 25px;\">Areas of Use<\/h3>\n<p>XERAFY XS Dash UHF RFID Tag, end\u00fcstriyel uygulamalar, d\u0131\u015f ortam izleme ve metal y\u00fczeylere montaj gereken durumlar i\u00e7in ideal bir \u00e7\u00f6z\u00fcmd\u00fcr. RFID Depo Y\u00f6netim Sistemi, envanter kontrol\u00fc ve zorlu ko\u015fullarda y\u00fcksek performans sa\u011flar.<\/p>","protected":false},"excerpt":{"rendered":"<p>XERAFY XS DASH UHF RFID Tag is a passive UHF RFID Tag capable of long-range reading on metal surfaces.<br \/>\nThe XERAFY XS DASH UHF RFID Tag features a robust design for long-term use in outdoor and industrial environments.<\/p>\n<div class=\"datasheet\"><a href=\"\/wp-content\/uploads\/2025\/09\/xerafy-xs-dash-on-datasheet.pdf\" target=\"_blank\" class=\"datasheet-btn\" rel=\"noopener\"><br \/>\n\ud83d\udcc4 Datasheet<br \/>\n<\/a><\/div>","protected":false},"featured_media":147580,"comment_status":"closed","ping_status":"closed","template":"","meta":{"_monsterinsights_skip_tracking":false,"_monsterinsights_sitenote_active":false,"_monsterinsights_sitenote_note":"","_monsterinsights_sitenote_category":0},"product_brand":[309],"product_cat":[73,75,37,72],"product_tag":[263,264,272,273,274],"class_list":{"0":"post-10719","1":"product","2":"type-product","3":"status-publish","4":"has-post-thumbnail","6":"product_brand-xerafy","7":"product_cat-demirbas-rfid-tagleri","8":"product_cat-metal-ustu-rfid-tagler-rfid-tagler","9":"product_cat-rfid-etiketler","10":"product_cat-rfid-tagler","11":"product_tag-uhf-rfid-tag","12":"product_tag-xerafy","13":"product_tag-xerafyrfid","14":"product_tag-xerafyrfid-xs-dash","15":"product_tag-xs-dash","17":"first","18":"instock","19":"shipping-taxable","20":"purchasable","21":"product-type-simple"},"yoast_head":"<!-- This site is optimized with the Yoast SEO plugin v26.6 - https:\/\/yoast.com\/wordpress\/plugins\/seo\/ -->\n<title>XERAFY XS Dash UHF RIFD Tag - RFID Depo<\/title>\n<meta name=\"description\" content=\"XERAFY XS Dash UHF RFID Tag, metal y\u00fczeylerde uzun menzil okuma saglayan dayanikli pasif RFID etikettir. End\u00fcstriyel ve dis ortam kosullarinda uzun s\u00fcreli kullanim i\u00e7in tasarlanmistir.\" \/>\n<meta name=\"robots\" content=\"index, follow, max-snippet:-1, max-image-preview:large, max-video-preview:-1\" \/>\n<link rel=\"canonical\" href=\"https:\/\/rfiddepo.com\/en\/urunlerimiz\/xerafy-xs-dash-uhf-rifd-tag\/\" \/>\n<meta property=\"og:locale\" content=\"en_US\" \/>\n<meta property=\"og:type\" content=\"article\" \/>\n<meta property=\"og:title\" content=\"XERAFY XS Dash UHF RIFD Tag - RFID Depo\" \/>\n<meta property=\"og:description\" content=\"XERAFY XS Dash UHF RFID Tag, metal y\u00fczeylerde uzun menzil okuma saglayan dayanikli pasif RFID etikettir. End\u00fcstriyel ve dis ortam kosullarinda uzun s\u00fcreli kullanim i\u00e7in tasarlanmistir.\" \/>\n<meta property=\"og:url\" content=\"https:\/\/rfiddepo.com\/en\/urunlerimiz\/xerafy-xs-dash-uhf-rifd-tag\/\" \/>\n<meta property=\"og:site_name\" content=\"RFID Depo\" \/>\n<meta property=\"article:modified_time\" content=\"2025-10-14T14:46:30+00:00\" \/>\n<meta property=\"og:image\" content=\"https:\/\/rfiddepo.com\/wp-content\/uploads\/2025\/09\/1-4.jpg\" \/>\n\t<meta property=\"og:image:width\" content=\"700\" \/>\n\t<meta property=\"og:image:height\" content=\"660\" \/>\n\t<meta property=\"og:image:type\" content=\"image\/jpeg\" \/>\n<meta name=\"twitter:card\" content=\"summary_large_image\" \/>\n<meta name=\"twitter:label1\" content=\"Est. reading time\" \/>\n\t<meta name=\"twitter:data1\" content=\"1 minute\" \/>\n<script type=\"application\/ld+json\" class=\"yoast-schema-graph\">{\"@context\":\"https:\/\/schema.org\",\"@graph\":[{\"@type\":\"WebPage\",\"@id\":\"https:\/\/rfiddepo.com\/en\/urunlerimiz\/xerafy-xs-dash-uhf-rifd-tag\/\",\"url\":\"https:\/\/rfiddepo.com\/en\/urunlerimiz\/xerafy-xs-dash-uhf-rifd-tag\/\",\"name\":\"XERAFY XS Dash UHF RIFD Tag - RFID Depo\",\"isPartOf\":{\"@id\":\"https:\/\/rfiddepo.com\/en\/#website\"},\"primaryImageOfPage\":{\"@id\":\"https:\/\/rfiddepo.com\/en\/urunlerimiz\/xerafy-xs-dash-uhf-rifd-tag\/#primaryimage\"},\"image\":{\"@id\":\"https:\/\/rfiddepo.com\/en\/urunlerimiz\/xerafy-xs-dash-uhf-rifd-tag\/#primaryimage\"},\"thumbnailUrl\":\"https:\/\/rfiddepo.com\/wp-content\/uploads\/2025\/09\/1-4.jpg\",\"datePublished\":\"2022-10-18T16:02:49+00:00\",\"dateModified\":\"2025-10-14T14:46:30+00:00\",\"description\":\"XERAFY XS Dash UHF RFID Tag, metal y\u00fczeylerde uzun menzil okuma saglayan dayanikli pasif RFID etikettir. End\u00fcstriyel ve dis ortam kosullarinda uzun s\u00fcreli kullanim i\u00e7in tasarlanmistir.\",\"breadcrumb\":{\"@id\":\"https:\/\/rfiddepo.com\/en\/urunlerimiz\/xerafy-xs-dash-uhf-rifd-tag\/#breadcrumb\"},\"inLanguage\":\"en-US\",\"potentialAction\":[{\"@type\":\"ReadAction\",\"target\":[\"https:\/\/rfiddepo.com\/en\/urunlerimiz\/xerafy-xs-dash-uhf-rifd-tag\/\"]}]},{\"@type\":\"ImageObject\",\"inLanguage\":\"en-US\",\"@id\":\"https:\/\/rfiddepo.com\/en\/urunlerimiz\/xerafy-xs-dash-uhf-rifd-tag\/#primaryimage\",\"url\":\"https:\/\/rfiddepo.com\/wp-content\/uploads\/2025\/09\/1-4.jpg\",\"contentUrl\":\"https:\/\/rfiddepo.com\/wp-content\/uploads\/2025\/09\/1-4.jpg\",\"width\":700,\"height\":660},{\"@type\":\"BreadcrumbList\",\"@id\":\"https:\/\/rfiddepo.com\/en\/urunlerimiz\/xerafy-xs-dash-uhf-rifd-tag\/#breadcrumb\",\"itemListElement\":[{\"@type\":\"ListItem\",\"position\":1,\"name\":\"Anasayfa\",\"item\":\"https:\/\/rfiddepo.com\/en\/\"},{\"@type\":\"ListItem\",\"position\":2,\"name\":\"Urunler\",\"item\":\"https:\/\/rfiddepo.com\/urunler\/\"},{\"@type\":\"ListItem\",\"position\":3,\"name\":\"XERAFY XS Dash UHF RIFD Tag\"}]},{\"@type\":\"WebSite\",\"@id\":\"https:\/\/rfiddepo.com\/en\/#website\",\"url\":\"https:\/\/rfiddepo.com\/en\/\",\"name\":\"RFID Depo\",\"description\":\"\",\"publisher\":{\"@id\":\"https:\/\/rfiddepo.com\/en\/#organization\"},\"potentialAction\":[{\"@type\":\"SearchAction\",\"target\":{\"@type\":\"EntryPoint\",\"urlTemplate\":\"https:\/\/rfiddepo.com\/en\/?s={search_term_string}\"},\"query-input\":{\"@type\":\"PropertyValueSpecification\",\"valueRequired\":true,\"valueName\":\"search_term_string\"}}],\"inLanguage\":\"en-US\"},{\"@type\":\"Organization\",\"@id\":\"https:\/\/rfiddepo.com\/en\/#organization\",\"name\":\"%%sitename%%\",\"url\":\"https:\/\/rfiddepo.com\/en\/\",\"logo\":{\"@type\":\"ImageObject\",\"inLanguage\":\"en-US\",\"@id\":\"https:\/\/rfiddepo.com\/en\/#\/schema\/logo\/image\/\",\"url\":\"https:\/\/rfiddepo.com\/wp-content\/uploads\/2025\/09\/rfiddepo-logo.png\",\"contentUrl\":\"https:\/\/rfiddepo.com\/wp-content\/uploads\/2025\/09\/rfiddepo-logo.png\",\"width\":500,\"height\":106,\"caption\":\"%%sitename%%\"},\"image\":{\"@id\":\"https:\/\/rfiddepo.com\/en\/#\/schema\/logo\/image\/\"}}]}<\/script>\n<!-- \/ Yoast SEO plugin. -->","yoast_head_json":{"title":"XERAFY XS Dash UHF RIFD Tag - RFID Depo","description":"XERAFY XS Dash UHF RFID Tag, metal y\u00fczeylerde uzun menzil okuma saglayan dayanikli pasif RFID etikettir. End\u00fcstriyel ve dis ortam kosullarinda uzun s\u00fcreli kullanim i\u00e7in tasarlanmistir.","robots":{"index":"index","follow":"follow","max-snippet":"max-snippet:-1","max-image-preview":"max-image-preview:large","max-video-preview":"max-video-preview:-1"},"canonical":"https:\/\/rfiddepo.com\/en\/urunlerimiz\/xerafy-xs-dash-uhf-rifd-tag\/","og_locale":"en_US","og_type":"article","og_title":"XERAFY XS Dash UHF RIFD Tag - RFID Depo","og_description":"XERAFY XS Dash UHF RFID Tag, metal y\u00fczeylerde uzun menzil okuma saglayan dayanikli pasif RFID etikettir. End\u00fcstriyel ve dis ortam kosullarinda uzun s\u00fcreli kullanim i\u00e7in tasarlanmistir.","og_url":"https:\/\/rfiddepo.com\/en\/urunlerimiz\/xerafy-xs-dash-uhf-rifd-tag\/","og_site_name":"RFID Depo","article_modified_time":"2025-10-14T14:46:30+00:00","og_image":[{"width":700,"height":660,"url":"https:\/\/rfiddepo.com\/wp-content\/uploads\/2025\/09\/1-4.jpg","type":"image\/jpeg"}],"twitter_card":"summary_large_image","twitter_misc":{"Est. reading time":"1 minute"},"schema":{"@context":"https:\/\/schema.org","@graph":[{"@type":"WebPage","@id":"https:\/\/rfiddepo.com\/en\/urunlerimiz\/xerafy-xs-dash-uhf-rifd-tag\/","url":"https:\/\/rfiddepo.com\/en\/urunlerimiz\/xerafy-xs-dash-uhf-rifd-tag\/","name":"XERAFY XS Dash UHF RIFD Tag - RFID Depo","isPartOf":{"@id":"https:\/\/rfiddepo.com\/en\/#website"},"primaryImageOfPage":{"@id":"https:\/\/rfiddepo.com\/en\/urunlerimiz\/xerafy-xs-dash-uhf-rifd-tag\/#primaryimage"},"image":{"@id":"https:\/\/rfiddepo.com\/en\/urunlerimiz\/xerafy-xs-dash-uhf-rifd-tag\/#primaryimage"},"thumbnailUrl":"https:\/\/rfiddepo.com\/wp-content\/uploads\/2025\/09\/1-4.jpg","datePublished":"2022-10-18T16:02:49+00:00","dateModified":"2025-10-14T14:46:30+00:00","description":"XERAFY XS Dash UHF RFID Tag, metal y\u00fczeylerde uzun menzil okuma saglayan dayanikli pasif RFID etikettir. End\u00fcstriyel ve dis ortam kosullarinda uzun s\u00fcreli kullanim i\u00e7in tasarlanmistir.","breadcrumb":{"@id":"https:\/\/rfiddepo.com\/en\/urunlerimiz\/xerafy-xs-dash-uhf-rifd-tag\/#breadcrumb"},"inLanguage":"en-US","potentialAction":[{"@type":"ReadAction","target":["https:\/\/rfiddepo.com\/en\/urunlerimiz\/xerafy-xs-dash-uhf-rifd-tag\/"]}]},{"@type":"ImageObject","inLanguage":"en-US","@id":"https:\/\/rfiddepo.com\/en\/urunlerimiz\/xerafy-xs-dash-uhf-rifd-tag\/#primaryimage","url":"https:\/\/rfiddepo.com\/wp-content\/uploads\/2025\/09\/1-4.jpg","contentUrl":"https:\/\/rfiddepo.com\/wp-content\/uploads\/2025\/09\/1-4.jpg","width":700,"height":660},{"@type":"BreadcrumbList","@id":"https:\/\/rfiddepo.com\/en\/urunlerimiz\/xerafy-xs-dash-uhf-rifd-tag\/#breadcrumb","itemListElement":[{"@type":"ListItem","position":1,"name":"Anasayfa","item":"https:\/\/rfiddepo.com\/en\/"},{"@type":"ListItem","position":2,"name":"Urunler","item":"https:\/\/rfiddepo.com\/urunler\/"},{"@type":"ListItem","position":3,"name":"XERAFY XS Dash UHF RIFD Tag"}]},{"@type":"WebSite","@id":"https:\/\/rfiddepo.com\/en\/#website","url":"https:\/\/rfiddepo.com\/en\/","name":"RFID Depo","description":"","publisher":{"@id":"https:\/\/rfiddepo.com\/en\/#organization"},"potentialAction":[{"@type":"SearchAction","target":{"@type":"EntryPoint","urlTemplate":"https:\/\/rfiddepo.com\/en\/?s={search_term_string}"},"query-input":{"@type":"PropertyValueSpecification","valueRequired":true,"valueName":"search_term_string"}}],"inLanguage":"en-US"},{"@type":"Organization","@id":"https:\/\/rfiddepo.com\/en\/#organization","name":"%%sitename%%","url":"https:\/\/rfiddepo.com\/en\/","logo":{"@type":"ImageObject","inLanguage":"en-US","@id":"https:\/\/rfiddepo.com\/en\/#\/schema\/logo\/image\/","url":"https:\/\/rfiddepo.com\/wp-content\/uploads\/2025\/09\/rfiddepo-logo.png","contentUrl":"https:\/\/rfiddepo.com\/wp-content\/uploads\/2025\/09\/rfiddepo-logo.png","width":500,"height":106,"caption":"%%sitename%%"},"image":{"@id":"https:\/\/rfiddepo.com\/en\/#\/schema\/logo\/image\/"}}]}},"_links":{"self":[{"href":"https:\/\/rfiddepo.com\/en\/wp-json\/wp\/v2\/product\/10719","targetHints":{"allow":["GET"]}}],"collection":[{"href":"https:\/\/rfiddepo.com\/en\/wp-json\/wp\/v2\/product"}],"about":[{"href":"https:\/\/rfiddepo.com\/en\/wp-json\/wp\/v2\/types\/product"}],"replies":[{"embeddable":true,"href":"https:\/\/rfiddepo.com\/en\/wp-json\/wp\/v2\/comments?post=10719"}],"wp:featuredmedia":[{"embeddable":true,"href":"https:\/\/rfiddepo.com\/en\/wp-json\/wp\/v2\/media\/147580"}],"wp:attachment":[{"href":"https:\/\/rfiddepo.com\/en\/wp-json\/wp\/v2\/media?parent=10719"}],"wp:term":[{"taxonomy":"product_brand","embeddable":true,"href":"https:\/\/rfiddepo.com\/en\/wp-json\/wp\/v2\/product_brand?post=10719"},{"taxonomy":"product_cat","embeddable":true,"href":"https:\/\/rfiddepo.com\/en\/wp-json\/wp\/v2\/product_cat?post=10719"},{"taxonomy":"product_tag","embeddable":true,"href":"https:\/\/rfiddepo.com\/en\/wp-json\/wp\/v2\/product_tag?post=10719"}],"curies":[{"name":"wp","href":"https:\/\/api.w.org\/{rel}","templated":true}]}}