{"id":10692,"date":"2020-06-26T15:19:21","date_gmt":"2020-06-26T15:19:21","guid":{"rendered":"http:\/\/www.test.rfiddepo.com\/?post_type=product&#038;p=10692"},"modified":"2025-10-14T17:16:39","modified_gmt":"2025-10-14T17:16:39","slug":"nordic-id-hh83-uhf-rfid-el-terminali","status":"publish","type":"product","link":"https:\/\/rfiddepo.com\/en\/urunlerimiz\/nordic-id-hh83-uhf-rfid-el-terminali\/","title":{"rendered":"NORDIC ID HH83 UHF RFID Handheld Terminal"},"content":{"rendered":"<table class=\"blueTable\">\n<tbody>\n<tr>\n<td><strong>Product Name<\/strong><\/td>\n<td>NORDIC ID HH83 UHF RFID Handheld Terminal<\/td>\n<\/tr>\n<tr>\n<td><strong>Operating Frequency<\/strong><\/td>\n<td>ETSI 865.6\u2013867.6 MHz or FCC\/IC 902\u2013928 MHz-<\/td>\n<\/tr>\n<tr>\n<td><strong>Dimensions<\/strong><\/td>\n<td>(H) 212 x (W) 83\/72 x (D) 133\/29 mm<\/td>\n<\/tr>\n<tr>\n<td><strong>Weight<\/strong><\/td>\n<td>515 g<\/td>\n<\/tr>\n<tr>\n<td><strong>Taray\u0131c\u0131<\/strong><\/td>\n<td>\n<div class=\"spec-content\">\n<p>1D\/2D<\/p>\n<\/div>\n<\/td>\n<\/tr>\n<tr>\n<td><strong>RF Power<\/strong><\/td>\n<td>Max. ERP 2 W (33dBm) \/ EIRP 3.3 W (35.2dBm)Adjustable in 1dB steps (30 steps)<\/td>\n<\/tr>\n<tr>\n<td><strong>Max. Okuma Mesafesi<\/strong><\/td>\n<td>Reading range up to 15 m \/ 50 ft<\/td>\n<\/tr>\n<tr>\n<td><strong>Reading Speed<\/strong><\/td>\n<td>Up to 1000 tags per second<\/td>\n<\/tr>\n<tr>\n<td><strong>Operating System<\/strong><\/td>\n<td>\u00a0Android 9.0<\/td>\n<\/tr>\n<tr>\n<td><strong>Connection<\/strong><\/td>\n<td>IEEE 802.11 a\/b\/g\/n\/ac. Dual band WLAN, supports 2.4 GHz and 5 GHz networks<br \/>\nDesktop charger provides USB connectivity via micro USB connector<\/td>\n<\/tr>\n<tr>\n<td><strong>Memory\u00a0<\/strong><\/td>\n<td>\u20222 GB RAM<\/p>\n<p>\u202216 GB Flash<\/p>\n<p>\u2022MicroSD slot with support for SDXC cards<\/td>\n<\/tr>\n<tr>\n<td><strong>Battery<\/strong><\/td>\n<td>\u2022 Rechargeable, removable Lithium-Ion battery:<br \/>\n6700 mAh, 3.6 V or 3350 mAh, 3.6 V<br \/>\n\u2022 Up to 12 hours in intensive use<\/td>\n<\/tr>\n<tr>\n<td><strong>Screen<\/strong><\/td>\n<td>\u2022 4.7 HD capacitive touch screen, 1280 x 720 pixels, 16.7 M colors<br \/>\n\u2022 Adjustable LED backlight, Daylight readable, Gorilla glass 3, usage with gloves supported<\/td>\n<\/tr>\n<tr>\n<td><strong>IP S\u0131n\u0131f\u0131<\/strong><\/td>\n<td>IP65<\/td>\n<\/tr>\n<tr>\n<td><strong>Operating Temperature<\/strong><\/td>\n<td>Operating:20\u00b0 to +55 \u00b0C<br \/>\nStorage: -20\u00b0 to +60 \u00b0C<br \/>\nCharging :0\u00b0 to +45 \u00b0C<\/td>\n<\/tr>\n<tr>\n<td><strong>Drop Test<\/strong><\/td>\n<td>1.6 m<\/td>\n<\/tr>\n<tr>\n<td><strong>Brand<br \/>\n<\/strong><\/td>\n<td><a href=\"\/marka\/nordic-id\/\"><img decoding=\"async\" src=\"http:\/\/www.test.rfiddepo.com\/wp-content\/uploads\/2025\/10\/Nordic_ID_Logo-700x157-1-300x67.png\" alt=\"\" width=\"300\" height=\"67\" class=\"alignnone size-medium wp-image-148167\" srcset=\"https:\/\/rfiddepo.com\/wp-content\/uploads\/2025\/10\/Nordic_ID_Logo-700x157-1-300x67.png 300w, https:\/\/rfiddepo.com\/wp-content\/uploads\/2025\/10\/Nordic_ID_Logo-700x157-1-600x135.png 600w, https:\/\/rfiddepo.com\/wp-content\/uploads\/2025\/10\/Nordic_ID_Logo-700x157-1.png 700w\" sizes=\"(max-width: 300px) 100vw, 300px\" \/><\/a><\/td>\n<\/tr>\n<\/tbody>\n<\/table>\n<h2 style=\"font-size: 25px;\">Nordic ID HH83 UHF RFID Handheld Terminal<\/h2>\n<p>The Nordic ID HH83 is a handheld terminal that offers high-speed and accurate RFID and barcode reading capabilities. Its ergonomic design makes it easy to hold and ensures comfortable use in warehouse environments. It is equipped with the Android 9 operating system and delivers reliable performance in industrial environments thanks to its IP65 protection rating.<\/p>\n<h3 style=\"font-size: 25px;\">Key Features<\/h3>\n<ul>\n<li>Fast and accurate RFID and barcode reading<\/li>\n<li>Ergonomic design for comfortable use<\/li>\n<li>Android 9 operating system<\/li>\n<li>Industrial use with IP65 protection rating<\/li>\n<\/ul>\n<h3 style=\"font-size: 25px;\">RFID Handheld Terminal and Its Applications<\/h3>\n<p>Nordic ID HH83 delivers high performance in warehouse management, inventory control, and other RFID applications. It is an ideal solution for RFID Warehouse Management Systems and other industrial applications.<\/p>","protected":false},"excerpt":{"rendered":"<p>Nordic ID HH83 is a fast, accurate, and reliable terminal for barcode or UHF RFID reading. Thanks to its ergonomic design, Nordic ID HH83 is easy to hold, so personnel do not encounter any difficulties while working in warehouse environments. It comes with the Android 9 operating system. In addition, it is designed for use in industrial environments thanks to its IP65 standard.<\/p>\n<div class=\"datasheet\"><a href=\"\/wp-content\/uploads\/2025\/09\/Nordic_ID_HH83_datasheet_1v2.pdf\" target=\"_blank\" class=\"datasheet-btn\" rel=\"noopener\"><br \/>\n\ud83d\udcc4 Datasheet<br \/>\n<\/a><\/div>","protected":false},"featured_media":147600,"comment_status":"closed","ping_status":"closed","template":"","meta":{"_monsterinsights_skip_tracking":false,"_monsterinsights_sitenote_active":false,"_monsterinsights_sitenote_note":"","_monsterinsights_sitenote_category":0},"product_brand":[249],"product_cat":[63],"product_tag":[197,198,189,287,190,191,192,193,194,195,196],"class_list":{"0":"post-10692","1":"product","2":"type-product","3":"status-publish","4":"has-post-thumbnail","6":"product_brand-nordic-id","7":"product_cat-rfid-el-terminali","8":"product_tag-android-el-terminali","9":"product_tag-nordic-android-el-terminali","10":"product_tag-nordic-id-el-terminali","11":"product_tag-nordic-id-hh83-rfid-el-terminali","12":"product_tag-nordic-id-medea-uhf-okuyucu","13":"product_tag-nordic-rfid-el-terminali","14":"product_tag-nordicid","15":"product_tag-rfid-el-terminali","16":"product_tag-rfid-mobil-okuyucu","17":"product_tag-rfid-mobil-reader","18":"product_tag-uhf-rfid-el-terminali","20":"first","21":"instock","22":"shipping-taxable","23":"purchasable","24":"product-type-simple"},"yoast_head":"<!-- This site is optimized with the Yoast SEO plugin v26.6 - https:\/\/yoast.com\/wordpress\/plugins\/seo\/ -->\n<title>NORDIC ID HH83 UHF RFID El Terminali - RFID Depo<\/title>\n<meta name=\"description\" content=\"Nordic ID HH83 UHF RFID El Terminali, hizli ve dogru RFID ve barkod okuma sunar. Ergonomik tasarimi ve Android 9 isletim sistemi ile depo ortamlarinda rahat kullanim saglar. IP65 koruma sinifi ile end\u00fcstriyel ortamlarda g\u00fcvenilir performans sunar.\" \/>\n<meta name=\"robots\" content=\"index, follow, max-snippet:-1, max-image-preview:large, max-video-preview:-1\" \/>\n<link rel=\"canonical\" href=\"https:\/\/rfiddepo.com\/en\/urunlerimiz\/nordic-id-hh83-uhf-rfid-el-terminali\/\" \/>\n<meta property=\"og:locale\" content=\"en_US\" \/>\n<meta property=\"og:type\" content=\"article\" \/>\n<meta property=\"og:title\" content=\"NORDIC ID HH83 UHF RFID El Terminali - RFID Depo\" \/>\n<meta property=\"og:description\" content=\"Nordic ID HH83 UHF RFID El Terminali, hizli ve dogru RFID ve barkod okuma sunar. Ergonomik tasarimi ve Android 9 isletim sistemi ile depo ortamlarinda rahat kullanim saglar. IP65 koruma sinifi ile end\u00fcstriyel ortamlarda g\u00fcvenilir performans sunar.\" \/>\n<meta property=\"og:url\" content=\"https:\/\/rfiddepo.com\/en\/urunlerimiz\/nordic-id-hh83-uhf-rfid-el-terminali\/\" \/>\n<meta property=\"og:site_name\" content=\"RFID Depo\" \/>\n<meta property=\"article:modified_time\" content=\"2025-10-14T17:16:39+00:00\" \/>\n<meta property=\"og:image\" content=\"https:\/\/rfiddepo.com\/wp-content\/uploads\/2025\/09\/Nordic_ID_HH83_RFID_El_Terminali_rfiddepo.com-1.jpg\" \/>\n\t<meta property=\"og:image:width\" content=\"700\" \/>\n\t<meta property=\"og:image:height\" content=\"660\" \/>\n\t<meta property=\"og:image:type\" content=\"image\/jpeg\" \/>\n<meta name=\"twitter:card\" content=\"summary_large_image\" \/>\n<meta name=\"twitter:label1\" content=\"Est. reading time\" \/>\n\t<meta name=\"twitter:data1\" content=\"2 minutes\" \/>\n<script type=\"application\/ld+json\" class=\"yoast-schema-graph\">{\"@context\":\"https:\/\/schema.org\",\"@graph\":[{\"@type\":\"WebPage\",\"@id\":\"https:\/\/rfiddepo.com\/en\/urunlerimiz\/nordic-id-hh83-uhf-rfid-el-terminali\/\",\"url\":\"https:\/\/rfiddepo.com\/en\/urunlerimiz\/nordic-id-hh83-uhf-rfid-el-terminali\/\",\"name\":\"NORDIC ID HH83 UHF RFID El Terminali - RFID Depo\",\"isPartOf\":{\"@id\":\"https:\/\/rfiddepo.com\/en\/#website\"},\"primaryImageOfPage\":{\"@id\":\"https:\/\/rfiddepo.com\/en\/urunlerimiz\/nordic-id-hh83-uhf-rfid-el-terminali\/#primaryimage\"},\"image\":{\"@id\":\"https:\/\/rfiddepo.com\/en\/urunlerimiz\/nordic-id-hh83-uhf-rfid-el-terminali\/#primaryimage\"},\"thumbnailUrl\":\"https:\/\/rfiddepo.com\/wp-content\/uploads\/2025\/09\/Nordic_ID_HH83_RFID_El_Terminali_rfiddepo.com-1.jpg\",\"datePublished\":\"2020-06-26T15:19:21+00:00\",\"dateModified\":\"2025-10-14T17:16:39+00:00\",\"description\":\"Nordic ID HH83 UHF RFID El Terminali, hizli ve dogru RFID ve barkod okuma sunar. Ergonomik tasarimi ve Android 9 isletim sistemi ile depo ortamlarinda rahat kullanim saglar. IP65 koruma sinifi ile end\u00fcstriyel ortamlarda g\u00fcvenilir performans sunar.\",\"breadcrumb\":{\"@id\":\"https:\/\/rfiddepo.com\/en\/urunlerimiz\/nordic-id-hh83-uhf-rfid-el-terminali\/#breadcrumb\"},\"inLanguage\":\"en-US\",\"potentialAction\":[{\"@type\":\"ReadAction\",\"target\":[\"https:\/\/rfiddepo.com\/en\/urunlerimiz\/nordic-id-hh83-uhf-rfid-el-terminali\/\"]}]},{\"@type\":\"ImageObject\",\"inLanguage\":\"en-US\",\"@id\":\"https:\/\/rfiddepo.com\/en\/urunlerimiz\/nordic-id-hh83-uhf-rfid-el-terminali\/#primaryimage\",\"url\":\"https:\/\/rfiddepo.com\/wp-content\/uploads\/2025\/09\/Nordic_ID_HH83_RFID_El_Terminali_rfiddepo.com-1.jpg\",\"contentUrl\":\"https:\/\/rfiddepo.com\/wp-content\/uploads\/2025\/09\/Nordic_ID_HH83_RFID_El_Terminali_rfiddepo.com-1.jpg\",\"width\":700,\"height\":660},{\"@type\":\"BreadcrumbList\",\"@id\":\"https:\/\/rfiddepo.com\/en\/urunlerimiz\/nordic-id-hh83-uhf-rfid-el-terminali\/#breadcrumb\",\"itemListElement\":[{\"@type\":\"ListItem\",\"position\":1,\"name\":\"Anasayfa\",\"item\":\"https:\/\/rfiddepo.com\/en\/\"},{\"@type\":\"ListItem\",\"position\":2,\"name\":\"Urunler\",\"item\":\"https:\/\/rfiddepo.com\/urunler\/\"},{\"@type\":\"ListItem\",\"position\":3,\"name\":\"NORDIC ID HH83 UHF RFID El Terminali\"}]},{\"@type\":\"WebSite\",\"@id\":\"https:\/\/rfiddepo.com\/en\/#website\",\"url\":\"https:\/\/rfiddepo.com\/en\/\",\"name\":\"RFID Depo\",\"description\":\"\",\"publisher\":{\"@id\":\"https:\/\/rfiddepo.com\/en\/#organization\"},\"potentialAction\":[{\"@type\":\"SearchAction\",\"target\":{\"@type\":\"EntryPoint\",\"urlTemplate\":\"https:\/\/rfiddepo.com\/en\/?s={search_term_string}\"},\"query-input\":{\"@type\":\"PropertyValueSpecification\",\"valueRequired\":true,\"valueName\":\"search_term_string\"}}],\"inLanguage\":\"en-US\"},{\"@type\":\"Organization\",\"@id\":\"https:\/\/rfiddepo.com\/en\/#organization\",\"name\":\"%%sitename%%\",\"url\":\"https:\/\/rfiddepo.com\/en\/\",\"logo\":{\"@type\":\"ImageObject\",\"inLanguage\":\"en-US\",\"@id\":\"https:\/\/rfiddepo.com\/en\/#\/schema\/logo\/image\/\",\"url\":\"https:\/\/rfiddepo.com\/wp-content\/uploads\/2025\/09\/rfiddepo-logo.png\",\"contentUrl\":\"https:\/\/rfiddepo.com\/wp-content\/uploads\/2025\/09\/rfiddepo-logo.png\",\"width\":500,\"height\":106,\"caption\":\"%%sitename%%\"},\"image\":{\"@id\":\"https:\/\/rfiddepo.com\/en\/#\/schema\/logo\/image\/\"}}]}<\/script>\n<!-- \/ Yoast SEO plugin. -->","yoast_head_json":{"title":"NORDIC ID HH83 UHF RFID El Terminali - RFID Depo","description":"Nordic ID HH83 UHF RFID El Terminali, hizli ve dogru RFID ve barkod okuma sunar. Ergonomik tasarimi ve Android 9 isletim sistemi ile depo ortamlarinda rahat kullanim saglar. IP65 koruma sinifi ile end\u00fcstriyel ortamlarda g\u00fcvenilir performans sunar.","robots":{"index":"index","follow":"follow","max-snippet":"max-snippet:-1","max-image-preview":"max-image-preview:large","max-video-preview":"max-video-preview:-1"},"canonical":"https:\/\/rfiddepo.com\/en\/urunlerimiz\/nordic-id-hh83-uhf-rfid-el-terminali\/","og_locale":"en_US","og_type":"article","og_title":"NORDIC ID HH83 UHF RFID El Terminali - RFID Depo","og_description":"Nordic ID HH83 UHF RFID El Terminali, hizli ve dogru RFID ve barkod okuma sunar. Ergonomik tasarimi ve Android 9 isletim sistemi ile depo ortamlarinda rahat kullanim saglar. IP65 koruma sinifi ile end\u00fcstriyel ortamlarda g\u00fcvenilir performans sunar.","og_url":"https:\/\/rfiddepo.com\/en\/urunlerimiz\/nordic-id-hh83-uhf-rfid-el-terminali\/","og_site_name":"RFID Depo","article_modified_time":"2025-10-14T17:16:39+00:00","og_image":[{"width":700,"height":660,"url":"https:\/\/rfiddepo.com\/wp-content\/uploads\/2025\/09\/Nordic_ID_HH83_RFID_El_Terminali_rfiddepo.com-1.jpg","type":"image\/jpeg"}],"twitter_card":"summary_large_image","twitter_misc":{"Est. reading time":"2 minutes"},"schema":{"@context":"https:\/\/schema.org","@graph":[{"@type":"WebPage","@id":"https:\/\/rfiddepo.com\/en\/urunlerimiz\/nordic-id-hh83-uhf-rfid-el-terminali\/","url":"https:\/\/rfiddepo.com\/en\/urunlerimiz\/nordic-id-hh83-uhf-rfid-el-terminali\/","name":"NORDIC ID HH83 UHF RFID El Terminali - RFID Depo","isPartOf":{"@id":"https:\/\/rfiddepo.com\/en\/#website"},"primaryImageOfPage":{"@id":"https:\/\/rfiddepo.com\/en\/urunlerimiz\/nordic-id-hh83-uhf-rfid-el-terminali\/#primaryimage"},"image":{"@id":"https:\/\/rfiddepo.com\/en\/urunlerimiz\/nordic-id-hh83-uhf-rfid-el-terminali\/#primaryimage"},"thumbnailUrl":"https:\/\/rfiddepo.com\/wp-content\/uploads\/2025\/09\/Nordic_ID_HH83_RFID_El_Terminali_rfiddepo.com-1.jpg","datePublished":"2020-06-26T15:19:21+00:00","dateModified":"2025-10-14T17:16:39+00:00","description":"Nordic ID HH83 UHF RFID El Terminali, hizli ve dogru RFID ve barkod okuma sunar. Ergonomik tasarimi ve Android 9 isletim sistemi ile depo ortamlarinda rahat kullanim saglar. IP65 koruma sinifi ile end\u00fcstriyel ortamlarda g\u00fcvenilir performans sunar.","breadcrumb":{"@id":"https:\/\/rfiddepo.com\/en\/urunlerimiz\/nordic-id-hh83-uhf-rfid-el-terminali\/#breadcrumb"},"inLanguage":"en-US","potentialAction":[{"@type":"ReadAction","target":["https:\/\/rfiddepo.com\/en\/urunlerimiz\/nordic-id-hh83-uhf-rfid-el-terminali\/"]}]},{"@type":"ImageObject","inLanguage":"en-US","@id":"https:\/\/rfiddepo.com\/en\/urunlerimiz\/nordic-id-hh83-uhf-rfid-el-terminali\/#primaryimage","url":"https:\/\/rfiddepo.com\/wp-content\/uploads\/2025\/09\/Nordic_ID_HH83_RFID_El_Terminali_rfiddepo.com-1.jpg","contentUrl":"https:\/\/rfiddepo.com\/wp-content\/uploads\/2025\/09\/Nordic_ID_HH83_RFID_El_Terminali_rfiddepo.com-1.jpg","width":700,"height":660},{"@type":"BreadcrumbList","@id":"https:\/\/rfiddepo.com\/en\/urunlerimiz\/nordic-id-hh83-uhf-rfid-el-terminali\/#breadcrumb","itemListElement":[{"@type":"ListItem","position":1,"name":"Anasayfa","item":"https:\/\/rfiddepo.com\/en\/"},{"@type":"ListItem","position":2,"name":"Urunler","item":"https:\/\/rfiddepo.com\/urunler\/"},{"@type":"ListItem","position":3,"name":"NORDIC ID HH83 UHF RFID El Terminali"}]},{"@type":"WebSite","@id":"https:\/\/rfiddepo.com\/en\/#website","url":"https:\/\/rfiddepo.com\/en\/","name":"RFID Depo","description":"","publisher":{"@id":"https:\/\/rfiddepo.com\/en\/#organization"},"potentialAction":[{"@type":"SearchAction","target":{"@type":"EntryPoint","urlTemplate":"https:\/\/rfiddepo.com\/en\/?s={search_term_string}"},"query-input":{"@type":"PropertyValueSpecification","valueRequired":true,"valueName":"search_term_string"}}],"inLanguage":"en-US"},{"@type":"Organization","@id":"https:\/\/rfiddepo.com\/en\/#organization","name":"%%sitename%%","url":"https:\/\/rfiddepo.com\/en\/","logo":{"@type":"ImageObject","inLanguage":"en-US","@id":"https:\/\/rfiddepo.com\/en\/#\/schema\/logo\/image\/","url":"https:\/\/rfiddepo.com\/wp-content\/uploads\/2025\/09\/rfiddepo-logo.png","contentUrl":"https:\/\/rfiddepo.com\/wp-content\/uploads\/2025\/09\/rfiddepo-logo.png","width":500,"height":106,"caption":"%%sitename%%"},"image":{"@id":"https:\/\/rfiddepo.com\/en\/#\/schema\/logo\/image\/"}}]}},"_links":{"self":[{"href":"https:\/\/rfiddepo.com\/en\/wp-json\/wp\/v2\/product\/10692","targetHints":{"allow":["GET"]}}],"collection":[{"href":"https:\/\/rfiddepo.com\/en\/wp-json\/wp\/v2\/product"}],"about":[{"href":"https:\/\/rfiddepo.com\/en\/wp-json\/wp\/v2\/types\/product"}],"replies":[{"embeddable":true,"href":"https:\/\/rfiddepo.com\/en\/wp-json\/wp\/v2\/comments?post=10692"}],"wp:featuredmedia":[{"embeddable":true,"href":"https:\/\/rfiddepo.com\/en\/wp-json\/wp\/v2\/media\/147600"}],"wp:attachment":[{"href":"https:\/\/rfiddepo.com\/en\/wp-json\/wp\/v2\/media?parent=10692"}],"wp:term":[{"taxonomy":"product_brand","embeddable":true,"href":"https:\/\/rfiddepo.com\/en\/wp-json\/wp\/v2\/product_brand?post=10692"},{"taxonomy":"product_cat","embeddable":true,"href":"https:\/\/rfiddepo.com\/en\/wp-json\/wp\/v2\/product_cat?post=10692"},{"taxonomy":"product_tag","embeddable":true,"href":"https:\/\/rfiddepo.com\/en\/wp-json\/wp\/v2\/product_tag?post=10692"}],"curies":[{"name":"wp","href":"https:\/\/api.w.org\/{rel}","templated":true}]}}